{"id":26317,"date":"2026-02-17T15:17:57","date_gmt":"2026-02-17T14:17:57","guid":{"rendered":"https:\/\/xenonkungen.com\/?post_type=product&#038;p=26317"},"modified":"2026-04-11T01:14:59","modified_gmt":"2026-04-11T00:14:59","slug":"meguiars-reifen-und-felgensatz","status":"publish","type":"product","link":"https:\/\/xenonkungen.com\/de\/produkt\/meguiars-reifen-und-felgensatz\/","title":{"rendered":"Reifen- und Felgenpaket | Meguiar&#039;s"},"content":{"rendered":"<h2 data-start=\"0\" data-end=\"77\">Reifen- und Felgenpaket \u2013 F\u00fcr gl\u00e4nzende Felgen und Reifen, die wie neu aussehen<\/h2>\n<p data-start=\"79\" data-end=\"305\">Verleihen Sie Ihrem Auto mit einem kompletten <strong data-start=\"125\" data-end=\"148\">Reifen- und Felgenpaket<\/strong> Das hebt den Gesamteindruck sofort. Schmutzige Felgen und abgefahrene Reifen tr\u00fcben das Fahrgef\u00fchl \u2013 mit den richtigen Produkten erhalten Sie den Glanz und das Neuwagengef\u00fchl zur\u00fcck.<\/p>\n<p data-start=\"307\" data-end=\"442\">Dieses Paket ist perfekt f\u00fcr alle, die ihre Felgen effektiv und professionell reinigen m\u00f6chten \u2013 schnell, einfach und mit sichtbaren Ergebnissen.<\/p>\n<h3 data-start=\"444\" data-end=\"467\">Das Paket enth\u00e4lt:<\/h3>\n<ul data-start=\"468\" data-end=\"774\">\n<li data-start=\"468\" data-end=\"573\">\n<p data-start=\"470\" data-end=\"573\"><strong data-start=\"470\" data-end=\"505\">1 St\u00fcck Ultimativer Allrad-Felgenreiniger<\/strong> \u2013 Leistungsstarker Felgenreiniger, der Bremsstaub, Schmutz und Stra\u00dfenfilm aufl\u00f6st.<\/p>\n<\/li>\n<li data-start=\"574\" data-end=\"668\">\n<p data-start=\"576\" data-end=\"668\"><strong data-start=\"576\" data-end=\"617\">1 St\u00fcck Ultimate Insane Shine Reifenglanz<\/strong> \u2013 Verleiht Reifen einen tiefen, schwarzen und lang anhaltenden Glanz.<\/p>\n<\/li>\n<li data-start=\"669\" data-end=\"774\">\n<p data-start=\"671\" data-end=\"774\"><strong data-start=\"671\" data-end=\"708\">1 St\u00fcck Supreme Felgenb\u00fcrste (mittelgro\u00df)<\/strong> \u2013 Flexible B\u00fcrste, die auch zwischen die Speichen und in enge Zwischenr\u00e4ume gelangt.<\/p>\n<\/li>\n<\/ul>\n<h3 data-start=\"776\" data-end=\"791\">Das Ergebnis?<\/h3>\n<p data-start=\"792\" data-end=\"887\">\u2714 Gl\u00e4nzend saubere Felgen<br data-start=\"814\" data-end=\"817\" \/>\u2714 Tiefschwarze, frische Deckoberfl\u00e4che<br data-start=\"847\" data-end=\"850\" \/>\u2714 Eine Aufwertung des gesamten Erscheinungsbildes des Autos<\/p>\n<p data-start=\"889\" data-end=\"984\" data-is-last-node=\"\" data-is-only-node=\"\">Ein Komplettpaket f\u00fcr alle, die Wert darauf legen, dass ihre Felgen stets farblich perfekt zum Rest ihres Fahrzeugs passen.<\/p>","protected":false},"excerpt":{"rendered":"<p>Komplettes Reifen- und Felgenpaket mit Reinigungs-, B\u00fcrsten- und Reifenglanzmittel \u2013 f\u00fcr gl\u00e4nzende Felgen und tiefschwarze, frische Reifen.<\/p>","protected":false},"featured_media":26319,"comment_status":"open","ping_status":"closed","template":"","meta":{"_acf_changed":false,"_smort_price_nok":"798","_smort_price_dkk":"","_smort_price_eur":"","_smort_sale_price_nok":"","_smort_sale_price_dkk":"","_smort_sale_price_eur":"","smort_restorder":"","shipmondo_restorder":"","_kad_blocks_custom_css":"","_kad_blocks_head_custom_js":"","_kad_blocks_body_custom_js":"","_kad_blocks_footer_custom_js":"","smort_custom_pricelist_1":"597.6","smort_custom_pricelist_2":"597.6","smort_custom_pricelist_3":"597.6","smort_custom_pricelist_4":"597.6","smort_custom_pricelist_5":"597.6"},"anvandningsomrade":[],"bilmarken":[],"product_brand":[1383],"product_cat":[2188],"product_tag":[],"class_list":{"0":"post-26317","1":"product","2":"type-product","3":"status-publish","4":"has-post-thumbnail","6":"product_brand-meguiars","7":"product_cat-bilvardpaket","9":"first","10":"onbackorder","11":"virtual","12":"taxable","13":"purchasable","14":"product-type-bundle"},"bundled_by":[],"bundle_stock_status":"instock","bundle_stock_quantity":"","bundle_virtual":false,"bundle_layout":"default","bundle_add_to_cart_form_location":"default","bundle_editable_in_cart":false,"bundle_sold_individually_context":"product","bundle_item_grouping":"parent","bundle_min_size":"","bundle_max_size":"","bundle_price":{"price":{"min":{"incl_tax":"67.9","excl_tax":"54.322336008"},"max":{"incl_tax":"67.9","excl_tax":"54.322336008"}},"regular_price":{"min":{"incl_tax":"67.9","excl_tax":"54.322336008"},"max":{"incl_tax":"67.9","excl_tax":"54.322336008"}}},"bundled_items":[{"bundled_item_id":599,"product_id":4501,"menu_order":0,"quantity_min":1,"quantity_max":1,"quantity_default":1,"priced_individually":false,"shipped_individually":false,"override_title":false,"title":"Meguiar&#039;s Ultimate All Wheel Cleaner","override_description":false,"description":"","optional":false,"hide_thumbnail":false,"discount":"","override_variations":false,"allowed_variations":[],"override_default_variation_attributes":false,"default_variation_attributes":[],"single_product_visibility":"visible","cart_visibility":"visible","order_visibility":"visible","single_product_price_visibility":"visible","cart_price_visibility":"visible","order_price_visibility":"visible","stock_status":"in_stock"},{"bundled_item_id":600,"product_id":12044,"menu_order":1,"quantity_min":1,"quantity_max":1,"quantity_default":1,"priced_individually":false,"shipped_individually":false,"override_title":false,"title":"Meguiar&#039;s Ultimate Insane Shine Reifenspray","override_description":false,"description":"","optional":false,"hide_thumbnail":false,"discount":"","override_variations":false,"allowed_variations":[],"override_default_variation_attributes":false,"default_variation_attributes":[],"single_product_visibility":"visible","cart_visibility":"visible","order_visibility":"visible","single_product_price_visibility":"visible","cart_price_visibility":"visible","order_price_visibility":"visible","stock_status":"on_backorder"},{"bundled_item_id":601,"product_id":4653,"menu_order":2,"quantity_min":1,"quantity_max":1,"quantity_default":1,"priced_individually":false,"shipped_individually":false,"override_title":false,"title":"Meguiar&#039;s Supreme Felgenb\u00fcrste Medium","override_description":false,"description":"","optional":false,"hide_thumbnail":false,"discount":"","override_variations":false,"allowed_variations":[],"override_default_variation_attributes":false,"default_variation_attributes":[],"single_product_visibility":"visible","cart_visibility":"visible","order_visibility":"visible","single_product_price_visibility":"visible","cart_price_visibility":"visible","order_price_visibility":"visible","stock_status":"in_stock"}],"bundle_sell_ids":[],"acf":[],"yoast_head":"<!-- This site is optimized with the Yoast SEO plugin v27.0 - https:\/\/yoast.com\/product\/yoast-seo-wordpress\/ -->\n<title>D\u00e4ck och f\u00e4lgpaket | Meguiar&#039;s - Xenonkungen<\/title>\n<meta name=\"robots\" content=\"index, follow, max-snippet:-1, max-image-preview:large, max-video-preview:-1\" \/>\n<link rel=\"canonical\" href=\"https:\/\/xenonkungen.com\/de\/produkt\/meguiars-reifen-und-felgensatz\/\" \/>\n<meta property=\"og:locale\" content=\"de_DE\" \/>\n<meta property=\"og:type\" content=\"article\" \/>\n<meta property=\"og:title\" content=\"D\u00e4ck och f\u00e4lgpaket | Meguiar&#039;s - Xenonkungen\" \/>\n<meta property=\"og:description\" content=\"Komplett d\u00e4ck- och f\u00e4lgpaket med reng\u00f6ring, borste och d\u00e4ckglans \u2013 ger skinande f\u00e4lgar och djupsvarta, fr\u00e4scha d\u00e4ck.\" \/>\n<meta property=\"og:url\" content=\"https:\/\/xenonkungen.com\/de\/produkt\/meguiars-reifen-und-felgensatz\/\" \/>\n<meta property=\"og:site_name\" content=\"Xenonkungen\" \/>\n<meta property=\"article:modified_time\" content=\"2026-04-11T00:14:59+00:00\" \/>\n<meta property=\"og:image\" content=\"https:\/\/xenonkungen.com\/wp-content\/uploads\/2026\/02\/eyJrZXkiOiJzdG9yZV8yMzljN2Q0Yy01ODY4LTQ5NmEtYjM0NS1iN2I4OWIyODVhMTJcL2ltYWdlc1wvMnozSDVIWE1CMXg3aEV6ZEM0WFJLM2xEUzNwbDJ2eUJkWU1ROUt4NC5wbmciLCJ.webp\" \/>\n\t<meta property=\"og:image:width\" content=\"1024\" \/>\n\t<meta property=\"og:image:height\" content=\"643\" \/>\n\t<meta property=\"og:image:type\" content=\"image\/webp\" \/>\n<meta name=\"twitter:card\" content=\"summary_large_image\" \/>\n<meta name=\"twitter:label1\" content=\"Gesch\u00e4tzte Lesezeit\" \/>\n\t<meta name=\"twitter:data1\" content=\"1\u00a0Minute\" \/>\n<script type=\"application\/ld+json\" class=\"yoast-schema-graph\">{\"@context\":\"https:\/\/schema.org\",\"@graph\":[{\"@type\":\"WebPage\",\"@id\":\"https:\/\/xenonkungen.com\/produkt\/dack-och-falgpaket-meguiars\/\",\"url\":\"https:\/\/xenonkungen.com\/produkt\/dack-och-falgpaket-meguiars\/\",\"name\":\"D\u00e4ck och f\u00e4lgpaket | Meguiar's - Xenonkungen\",\"isPartOf\":{\"@id\":\"https:\/\/xenonkungen.com\/#website\"},\"primaryImageOfPage\":{\"@id\":\"https:\/\/xenonkungen.com\/produkt\/dack-och-falgpaket-meguiars\/#primaryimage\"},\"image\":{\"@id\":\"https:\/\/xenonkungen.com\/produkt\/dack-och-falgpaket-meguiars\/#primaryimage\"},\"thumbnailUrl\":\"https:\/\/xenonkungen.com\/wp-content\/uploads\/2026\/02\/eyJrZXkiOiJzdG9yZV8yMzljN2Q0Yy01ODY4LTQ5NmEtYjM0NS1iN2I4OWIyODVhMTJcL2ltYWdlc1wvMnozSDVIWE1CMXg3aEV6ZEM0WFJLM2xEUzNwbDJ2eUJkWU1ROUt4NC5wbmciLCJ.webp\",\"datePublished\":\"2026-02-17T14:17:57+00:00\",\"dateModified\":\"2026-04-11T00:14:59+00:00\",\"breadcrumb\":{\"@id\":\"https:\/\/xenonkungen.com\/produkt\/dack-och-falgpaket-meguiars\/#breadcrumb\"},\"inLanguage\":\"de\",\"potentialAction\":[{\"@type\":\"ReadAction\",\"target\":[\"https:\/\/xenonkungen.com\/produkt\/dack-och-falgpaket-meguiars\/\"]}]},{\"@type\":\"ImageObject\",\"inLanguage\":\"de\",\"@id\":\"https:\/\/xenonkungen.com\/produkt\/dack-och-falgpaket-meguiars\/#primaryimage\",\"url\":\"https:\/\/xenonkungen.com\/wp-content\/uploads\/2026\/02\/eyJrZXkiOiJzdG9yZV8yMzljN2Q0Yy01ODY4LTQ5NmEtYjM0NS1iN2I4OWIyODVhMTJcL2ltYWdlc1wvMnozSDVIWE1CMXg3aEV6ZEM0WFJLM2xEUzNwbDJ2eUJkWU1ROUt4NC5wbmciLCJ.webp\",\"contentUrl\":\"https:\/\/xenonkungen.com\/wp-content\/uploads\/2026\/02\/eyJrZXkiOiJzdG9yZV8yMzljN2Q0Yy01ODY4LTQ5NmEtYjM0NS1iN2I4OWIyODVhMTJcL2ltYWdlc1wvMnozSDVIWE1CMXg3aEV6ZEM0WFJLM2xEUzNwbDJ2eUJkWU1ROUt4NC5wbmciLCJ.webp\",\"width\":1024,\"height\":643},{\"@type\":\"BreadcrumbList\",\"@id\":\"https:\/\/xenonkungen.com\/produkt\/dack-och-falgpaket-meguiars\/#breadcrumb\",\"itemListElement\":[{\"@type\":\"ListItem\",\"position\":1,\"name\":\"Hem\",\"item\":\"https:\/\/xenonkungen.com\/\"},{\"@type\":\"ListItem\",\"position\":2,\"name\":\"Shop\",\"item\":\"https:\/\/xenonkungen.com\/shop\/\"},{\"@type\":\"ListItem\",\"position\":3,\"name\":\"D\u00e4ck och f\u00e4lgpaket | Meguiar&#8217;s\"}]},{\"@type\":\"WebSite\",\"@id\":\"https:\/\/xenonkungen.com\/#website\",\"url\":\"https:\/\/xenonkungen.com\/\",\"name\":\"Xenonkungen\",\"description\":\"\",\"potentialAction\":[{\"@type\":\"SearchAction\",\"target\":{\"@type\":\"EntryPoint\",\"urlTemplate\":\"https:\/\/xenonkungen.com\/?s={search_term_string}\"},\"query-input\":{\"@type\":\"PropertyValueSpecification\",\"valueRequired\":true,\"valueName\":\"search_term_string\"}}],\"inLanguage\":\"de\"}]}<\/script>\n<!-- \/ Yoast SEO plugin. -->","yoast_head_json":{"title":"Reifen- und Felgenpaket | Meguiar&#039;s - Xenonkungen","robots":{"index":"index","follow":"follow","max-snippet":"max-snippet:-1","max-image-preview":"max-image-preview:large","max-video-preview":"max-video-preview:-1"},"canonical":"https:\/\/xenonkungen.com\/de\/produkt\/meguiars-reifen-und-felgensatz\/","og_locale":"de_DE","og_type":"article","og_title":"D\u00e4ck och f\u00e4lgpaket | Meguiar's - Xenonkungen","og_description":"Komplett d\u00e4ck- och f\u00e4lgpaket med reng\u00f6ring, borste och d\u00e4ckglans \u2013 ger skinande f\u00e4lgar och djupsvarta, fr\u00e4scha d\u00e4ck.","og_url":"https:\/\/xenonkungen.com\/de\/produkt\/meguiars-reifen-und-felgensatz\/","og_site_name":"Xenonkungen","article_modified_time":"2026-04-11T00:14:59+00:00","og_image":[{"width":1024,"height":643,"url":"https:\/\/xenonkungen.com\/wp-content\/uploads\/2026\/02\/eyJrZXkiOiJzdG9yZV8yMzljN2Q0Yy01ODY4LTQ5NmEtYjM0NS1iN2I4OWIyODVhMTJcL2ltYWdlc1wvMnozSDVIWE1CMXg3aEV6ZEM0WFJLM2xEUzNwbDJ2eUJkWU1ROUt4NC5wbmciLCJ.webp","type":"image\/webp"}],"twitter_card":"summary_large_image","twitter_misc":{"Gesch\u00e4tzte Lesezeit":"1\u00a0Minute"},"schema":{"@context":"https:\/\/schema.org","@graph":[{"@type":"WebPage","@id":"https:\/\/xenonkungen.com\/produkt\/dack-och-falgpaket-meguiars\/","url":"https:\/\/xenonkungen.com\/produkt\/dack-och-falgpaket-meguiars\/","name":"Reifen- und Felgenpaket | Meguiar&#039;s - Xenonkungen","isPartOf":{"@id":"https:\/\/xenonkungen.com\/#website"},"primaryImageOfPage":{"@id":"https:\/\/xenonkungen.com\/produkt\/dack-och-falgpaket-meguiars\/#primaryimage"},"image":{"@id":"https:\/\/xenonkungen.com\/produkt\/dack-och-falgpaket-meguiars\/#primaryimage"},"thumbnailUrl":"https:\/\/xenonkungen.com\/wp-content\/uploads\/2026\/02\/eyJrZXkiOiJzdG9yZV8yMzljN2Q0Yy01ODY4LTQ5NmEtYjM0NS1iN2I4OWIyODVhMTJcL2ltYWdlc1wvMnozSDVIWE1CMXg3aEV6ZEM0WFJLM2xEUzNwbDJ2eUJkWU1ROUt4NC5wbmciLCJ.webp","datePublished":"2026-02-17T14:17:57+00:00","dateModified":"2026-04-11T00:14:59+00:00","breadcrumb":{"@id":"https:\/\/xenonkungen.com\/produkt\/dack-och-falgpaket-meguiars\/#breadcrumb"},"inLanguage":"de","potentialAction":[{"@type":"ReadAction","target":["https:\/\/xenonkungen.com\/produkt\/dack-och-falgpaket-meguiars\/"]}]},{"@type":"ImageObject","inLanguage":"de","@id":"https:\/\/xenonkungen.com\/produkt\/dack-och-falgpaket-meguiars\/#primaryimage","url":"https:\/\/xenonkungen.com\/wp-content\/uploads\/2026\/02\/eyJrZXkiOiJzdG9yZV8yMzljN2Q0Yy01ODY4LTQ5NmEtYjM0NS1iN2I4OWIyODVhMTJcL2ltYWdlc1wvMnozSDVIWE1CMXg3aEV6ZEM0WFJLM2xEUzNwbDJ2eUJkWU1ROUt4NC5wbmciLCJ.webp","contentUrl":"https:\/\/xenonkungen.com\/wp-content\/uploads\/2026\/02\/eyJrZXkiOiJzdG9yZV8yMzljN2Q0Yy01ODY4LTQ5NmEtYjM0NS1iN2I4OWIyODVhMTJcL2ltYWdlc1wvMnozSDVIWE1CMXg3aEV6ZEM0WFJLM2xEUzNwbDJ2eUJkWU1ROUt4NC5wbmciLCJ.webp","width":1024,"height":643},{"@type":"BreadcrumbList","@id":"https:\/\/xenonkungen.com\/produkt\/dack-och-falgpaket-meguiars\/#breadcrumb","itemListElement":[{"@type":"ListItem","position":1,"name":"Hem","item":"https:\/\/xenonkungen.com\/"},{"@type":"ListItem","position":2,"name":"Shop","item":"https:\/\/xenonkungen.com\/shop\/"},{"@type":"ListItem","position":3,"name":"D\u00e4ck och f\u00e4lgpaket | Meguiar&#8217;s"}]},{"@type":"WebSite","@id":"https:\/\/xenonkungen.com\/#website","url":"https:\/\/xenonkungen.com\/","name":"Xenonkungen","description":"","potentialAction":[{"@type":"SearchAction","target":{"@type":"EntryPoint","urlTemplate":"https:\/\/xenonkungen.com\/?s={search_term_string}"},"query-input":{"@type":"PropertyValueSpecification","valueRequired":true,"valueName":"search_term_string"}}],"inLanguage":"de"}]}},"taxonomy_info":{"product_brand":[{"value":1383,"label":"Meguiar's"}],"product_cat":[{"value":2188,"label":"Bilv\u00e5rdpaket"}]},"featured_image_src_large":["https:\/\/xenonkungen.com\/wp-content\/uploads\/2026\/02\/eyJrZXkiOiJzdG9yZV8yMzljN2Q0Yy01ODY4LTQ5NmEtYjM0NS1iN2I4OWIyODVhMTJcL2ltYWdlc1wvMnozSDVIWE1CMXg3aEV6ZEM0WFJLM2xEUzNwbDJ2eUJkWU1ROUt4NC5wbmciLCJ.webp",1024,643,false],"author_info":[],"comment_info":0,"_links":{"self":[{"href":"https:\/\/xenonkungen.com\/de\/wp-json\/wp\/v2\/product\/26317","targetHints":{"allow":["GET"]}}],"collection":[{"href":"https:\/\/xenonkungen.com\/de\/wp-json\/wp\/v2\/product"}],"about":[{"href":"https:\/\/xenonkungen.com\/de\/wp-json\/wp\/v2\/types\/product"}],"replies":[{"embeddable":true,"href":"https:\/\/xenonkungen.com\/de\/wp-json\/wp\/v2\/comments?post=26317"}],"wp:featuredmedia":[{"embeddable":true,"href":"https:\/\/xenonkungen.com\/de\/wp-json\/wp\/v2\/media\/26319"}],"wp:attachment":[{"href":"https:\/\/xenonkungen.com\/de\/wp-json\/wp\/v2\/media?parent=26317"}],"wp:term":[{"taxonomy":"anvandningsomrade","embeddable":true,"href":"https:\/\/xenonkungen.com\/de\/wp-json\/wp\/v2\/anvandningsomrade?post=26317"},{"taxonomy":"bilmarken","embeddable":true,"href":"https:\/\/xenonkungen.com\/de\/wp-json\/wp\/v2\/bilmarken?post=26317"},{"taxonomy":"product_brand","embeddable":true,"href":"https:\/\/xenonkungen.com\/de\/wp-json\/wp\/v2\/product_brand?post=26317"},{"taxonomy":"product_cat","embeddable":true,"href":"https:\/\/xenonkungen.com\/de\/wp-json\/wp\/v2\/product_cat?post=26317"},{"taxonomy":"product_tag","embeddable":true,"href":"https:\/\/xenonkungen.com\/de\/wp-json\/wp\/v2\/product_tag?post=26317"}],"curies":[{"name":"wp","href":"https:\/\/api.w.org\/{rel}","templated":true}]}}