{"id":26360,"date":"2026-02-18T15:33:26","date_gmt":"2026-02-18T14:33:26","guid":{"rendered":"https:\/\/xenonkungen.com\/?post_type=product&#038;p=26360"},"modified":"2026-03-04T16:36:47","modified_gmt":"2026-03-04T15:36:47","slug":"osram-inspektionslampe-2-96w-6200k","status":"publish","type":"product","link":"https:\/\/xenonkungen.com\/de\/produkt\/osram-inspektionslampe-2-96w-6200k\/","title":{"rendered":"OSRAM Inspektionslampe \u2013 Schwarz\/Orange"},"content":{"rendered":"<h2 data-start=\"142\" data-end=\"205\">OSRAM Inspektionsleuchte \u2013 Leistungsstark, flexibel und immer einsatzbereit<\/h2>\n<p data-start=\"207\" data-end=\"446\">Ben\u00f6tigen Sie eine zuverl\u00e4ssige Arbeitsleuchte, die wirklich Leistung bringt? Diese hochwertige Inspektionsleuchte von OSRAM vereint Leistung, Flexibilit\u00e4t und intelligentes Design in einem kompakten Format \u2013 perfekt f\u00fcr professionelle Mechaniker und Heimwerker.<\/p>\n<h3 data-start=\"448\" data-end=\"479\">Stellen Sie das Licht nach der Arbeit ein.<\/h3>\n<p data-start=\"480\" data-end=\"542\">Mit drei verschiedenen Lichtmodi erhalten Sie genau die Beleuchtung, die Sie ben\u00f6tigen:<\/p>\n<ul data-start=\"543\" data-end=\"741\">\n<li data-start=\"543\" data-end=\"608\">\n<p data-start=\"545\" data-end=\"608\"><strong data-start=\"548\" data-end=\"583\">Hohe Lichtleistung \u2013 bis zu 200 Lumen<\/strong> f\u00fcr maximale Helligkeit<\/p>\n<\/li>\n<li data-start=\"609\" data-end=\"670\">\n<p data-start=\"611\" data-end=\"670\"><strong data-start=\"614\" data-end=\"648\">Geringer Stromverbrauch \u2013 bis zu 80 Lumen<\/strong> f\u00fcr l\u00e4ngere Betriebszeit<\/p>\n<\/li>\n<li data-start=\"671\" data-end=\"741\">\n<p data-start=\"673\" data-end=\"741\"><strong data-start=\"676\" data-end=\"713\">Taschenlampenmodus \u2013 bis zu 40 Lumen<\/strong> f\u00fcr gerichtete Spotbeleuchtung<\/p>\n<\/li>\n<\/ul>\n<p data-start=\"743\" data-end=\"869\">Egal ob Sie im Motorraum, unter dem Auto oder in engen Zwischenr\u00e4umen arbeiten, die Lampe spendet helles und gleichm\u00e4\u00dfiges Licht genau dort, wo es ben\u00f6tigt wird.<\/p>\n<h3 data-start=\"871\" data-end=\"893\">Volle Bewegungsfreiheit<\/h3>\n<p data-start=\"894\" data-end=\"1089\">Die Lampe kann <strong data-start=\"905\" data-end=\"938\">kann um 180\u00b0 geneigt und um 360\u00b0 gedreht werden.<\/strong>Dadurch l\u00e4sst sich das Licht genau dorthin lenken, wo Sie es ben\u00f6tigen. Die integrierten Magnete halten die Lampe sicher an ihrem Platz \u2013 so k\u00f6nnen Sie v\u00f6llig freih\u00e4ndig arbeiten.<\/p>\n<h3 data-start=\"1091\" data-end=\"1119\">Strom, wenn Sie ihn brauchen<\/h3>\n<ul data-start=\"1120\" data-end=\"1270\">\n<li data-start=\"1120\" data-end=\"1168\">\n<p data-start=\"1122\" data-end=\"1168\">Bis zu <strong data-start=\"1131\" data-end=\"1168\">1,5 Stunden Betriebszeit bei hoher Leistung<\/strong><\/p>\n<\/li>\n<li data-start=\"1169\" data-end=\"1216\">\n<p data-start=\"1171\" data-end=\"1216\">Bis zu <strong data-start=\"1180\" data-end=\"1216\">3 Stunden Betriebsdauer bei niedriger Leistung<\/strong><\/p>\n<\/li>\n<li data-start=\"1217\" data-end=\"1270\">\n<p data-start=\"1219\" data-end=\"1270\">Praktisch <strong data-start=\"1228\" data-end=\"1250\">Ladeanzeige<\/strong> zeigt den Batteriestatus an<\/p>\n<\/li>\n<\/ul>\n<p data-start=\"1272\" data-end=\"1375\">Perfekt f\u00fcr Werkstattarbeiten, Autoreparaturen, Installationen oder allt\u00e4gliche Projekte in der Garage und im Haus.<\/p>\n<hr data-start=\"1377\" data-end=\"1380\" \/>\n<h3 data-start=\"1382\" data-end=\"1416\">\u2714 Robuste Qualit\u00e4t von OSRAM<\/h3>\n<p data-start=\"1417\" data-end=\"1490\">Mit einer 2-j\u00e4hrigen Garantie erhalten Sie eine sichere Investition in zuverl\u00e4ssige Arbeitsbeleuchtung.<\/p>\n<p data-start=\"1492\" data-end=\"1595\" data-is-last-node=\"\" data-is-only-node=\"\">Eine elegante, leistungsstarke und vielseitige Arbeitsleuchte, die schnell zu einem unverzichtbaren Werkzeug in Ihrer Ausr\u00fcstung wird.<\/p>","protected":false},"excerpt":{"rendered":"<p>Kompakte und leistungsstarke Inspektionsleuchte von OSRAM mit bis zu 200 Lumen, drei Lichtmodi, 360\u00b0-Drehung und Magnethalterung f\u00fcr flexible und freih\u00e4ndige Nutzung in der Werkstatt oder zu Hause.<\/p>","protected":false},"featured_media":26380,"comment_status":"open","ping_status":"closed","template":"","meta":{"_acf_changed":false,"_smort_price_nok":"319","_smort_price_dkk":"","_smort_price_eur":"","_smort_sale_price_nok":"","_smort_sale_price_dkk":"","_smort_sale_price_eur":"","smort_restorder":"","shipmondo_restorder":"","_kad_blocks_custom_css":"","_kad_blocks_head_custom_js":"","_kad_blocks_body_custom_js":"","_kad_blocks_footer_custom_js":"","smort_custom_pricelist_1":"191.36","smort_custom_pricelist_2":"167.44","smort_custom_pricelist_3":"155.48","smort_custom_pricelist_4":"239.2","smort_custom_pricelist_5":"167.44"},"anvandningsomrade":[],"bilmarken":[],"product_brand":[108],"product_cat":[1320],"product_tag":[],"class_list":{"0":"post-26360","1":"product","2":"type-product","3":"status-publish","4":"has-post-thumbnail","6":"product_brand-osram","7":"product_cat-ficklampor","8":"pa_fargtemperatur-6200k","9":"pa_led-chips-effekt-w-2882","10":"pa_storlek-mm-267x40x42","11":"pa_volt-v-361","13":"first","14":"onbackorder","15":"taxable","16":"shipping-taxable","17":"purchasable","18":"product-type-simple"},"bundled_by":[],"bundle_stock_status":"onbackorder","bundle_stock_quantity":0,"bundle_virtual":false,"bundle_layout":"","bundle_add_to_cart_form_location":"","bundle_editable_in_cart":false,"bundle_sold_individually_context":"","bundle_item_grouping":"","bundle_min_size":"","bundle_max_size":"","bundle_price":[],"bundled_items":[],"bundle_sell_ids":[],"acf":[],"yoast_head":"<!-- This site is optimized with the Yoast SEO plugin v27.0 - https:\/\/yoast.com\/product\/yoast-seo-wordpress\/ -->\n<title>OSRAM INSPECTION LAMP - Black \/ Orange - Xenonkungen<\/title>\n<meta name=\"robots\" content=\"index, follow, max-snippet:-1, max-image-preview:large, max-video-preview:-1\" \/>\n<link rel=\"canonical\" href=\"https:\/\/xenonkungen.com\/de\/produkt\/osram-inspektionslampe-2-96w-6200k\/\" \/>\n<meta property=\"og:locale\" content=\"de_DE\" \/>\n<meta property=\"og:type\" content=\"article\" \/>\n<meta property=\"og:title\" content=\"OSRAM INSPECTION LAMP - Black \/ Orange - Xenonkungen\" \/>\n<meta property=\"og:description\" content=\"Kompakt och kraftfull inspektionslampa fr\u00e5n OSRAM med upp till 200 lumen, tre ljusl\u00e4gen, 360\u00b0 rotation och magnetf\u00e4ste f\u00f6r flexibel och handsfree anv\u00e4ndning i verkstad eller hem.\" \/>\n<meta property=\"og:url\" content=\"https:\/\/xenonkungen.com\/de\/produkt\/osram-inspektionslampe-2-96w-6200k\/\" \/>\n<meta property=\"og:site_name\" content=\"Xenonkungen\" \/>\n<meta property=\"article:modified_time\" content=\"2026-03-04T15:36:47+00:00\" \/>\n<meta property=\"og:image\" content=\"https:\/\/xenonkungen.com\/wp-content\/uploads\/2026\/02\/Small-for-web-and-ppt-LEDIL408_PRODUCT_003.jpg\" \/>\n\t<meta property=\"og:image:width\" content=\"1024\" \/>\n\t<meta property=\"og:image:height\" content=\"1024\" \/>\n\t<meta property=\"og:image:type\" content=\"image\/jpeg\" \/>\n<meta name=\"twitter:card\" content=\"summary_large_image\" \/>\n<meta name=\"twitter:label1\" content=\"Gesch\u00e4tzte Lesezeit\" \/>\n\t<meta name=\"twitter:data1\" content=\"2\u00a0Minuten\" \/>\n<script type=\"application\/ld+json\" class=\"yoast-schema-graph\">{\"@context\":\"https:\/\/schema.org\",\"@graph\":[{\"@type\":\"WebPage\",\"@id\":\"https:\/\/xenonkungen.com\/produkt\/osram-inspection-lamp-2-96w-6200k\/\",\"url\":\"https:\/\/xenonkungen.com\/produkt\/osram-inspection-lamp-2-96w-6200k\/\",\"name\":\"OSRAM INSPECTION LAMP - Black \/ Orange - Xenonkungen\",\"isPartOf\":{\"@id\":\"https:\/\/xenonkungen.com\/#website\"},\"primaryImageOfPage\":{\"@id\":\"https:\/\/xenonkungen.com\/produkt\/osram-inspection-lamp-2-96w-6200k\/#primaryimage\"},\"image\":{\"@id\":\"https:\/\/xenonkungen.com\/produkt\/osram-inspection-lamp-2-96w-6200k\/#primaryimage\"},\"thumbnailUrl\":\"https:\/\/xenonkungen.com\/wp-content\/uploads\/2026\/02\/Small-for-web-and-ppt-LEDIL408_PRODUCT_003.jpg\",\"datePublished\":\"2026-02-18T14:33:26+00:00\",\"dateModified\":\"2026-03-04T15:36:47+00:00\",\"breadcrumb\":{\"@id\":\"https:\/\/xenonkungen.com\/produkt\/osram-inspection-lamp-2-96w-6200k\/#breadcrumb\"},\"inLanguage\":\"de\",\"potentialAction\":[{\"@type\":\"ReadAction\",\"target\":[\"https:\/\/xenonkungen.com\/produkt\/osram-inspection-lamp-2-96w-6200k\/\"]}]},{\"@type\":\"ImageObject\",\"inLanguage\":\"de\",\"@id\":\"https:\/\/xenonkungen.com\/produkt\/osram-inspection-lamp-2-96w-6200k\/#primaryimage\",\"url\":\"https:\/\/xenonkungen.com\/wp-content\/uploads\/2026\/02\/Small-for-web-and-ppt-LEDIL408_PRODUCT_003.jpg\",\"contentUrl\":\"https:\/\/xenonkungen.com\/wp-content\/uploads\/2026\/02\/Small-for-web-and-ppt-LEDIL408_PRODUCT_003.jpg\",\"width\":1024,\"height\":1024},{\"@type\":\"BreadcrumbList\",\"@id\":\"https:\/\/xenonkungen.com\/produkt\/osram-inspection-lamp-2-96w-6200k\/#breadcrumb\",\"itemListElement\":[{\"@type\":\"ListItem\",\"position\":1,\"name\":\"Hem\",\"item\":\"https:\/\/xenonkungen.com\/\"},{\"@type\":\"ListItem\",\"position\":2,\"name\":\"Shop\",\"item\":\"https:\/\/xenonkungen.com\/shop\/\"},{\"@type\":\"ListItem\",\"position\":3,\"name\":\"OSRAM INSPECTION LAMP &#8211; Black \/ Orange\"}]},{\"@type\":\"WebSite\",\"@id\":\"https:\/\/xenonkungen.com\/#website\",\"url\":\"https:\/\/xenonkungen.com\/\",\"name\":\"Xenonkungen\",\"description\":\"\",\"potentialAction\":[{\"@type\":\"SearchAction\",\"target\":{\"@type\":\"EntryPoint\",\"urlTemplate\":\"https:\/\/xenonkungen.com\/?s={search_term_string}\"},\"query-input\":{\"@type\":\"PropertyValueSpecification\",\"valueRequired\":true,\"valueName\":\"search_term_string\"}}],\"inLanguage\":\"de\"}]}<\/script>\n<!-- \/ Yoast SEO plugin. -->","yoast_head_json":{"title":"OSRAM Inspektionslampe \u2013 Schwarz\/Orange \u2013 Der Xenon-K\u00f6nig","robots":{"index":"index","follow":"follow","max-snippet":"max-snippet:-1","max-image-preview":"max-image-preview:large","max-video-preview":"max-video-preview:-1"},"canonical":"https:\/\/xenonkungen.com\/de\/produkt\/osram-inspektionslampe-2-96w-6200k\/","og_locale":"de_DE","og_type":"article","og_title":"OSRAM INSPECTION LAMP - Black \/ Orange - Xenonkungen","og_description":"Kompakt och kraftfull inspektionslampa fr\u00e5n OSRAM med upp till 200 lumen, tre ljusl\u00e4gen, 360\u00b0 rotation och magnetf\u00e4ste f\u00f6r flexibel och handsfree anv\u00e4ndning i verkstad eller hem.","og_url":"https:\/\/xenonkungen.com\/de\/produkt\/osram-inspektionslampe-2-96w-6200k\/","og_site_name":"Xenonkungen","article_modified_time":"2026-03-04T15:36:47+00:00","og_image":[{"width":1024,"height":1024,"url":"https:\/\/xenonkungen.com\/wp-content\/uploads\/2026\/02\/Small-for-web-and-ppt-LEDIL408_PRODUCT_003.jpg","type":"image\/jpeg"}],"twitter_card":"summary_large_image","twitter_misc":{"Gesch\u00e4tzte Lesezeit":"2\u00a0Minuten"},"schema":{"@context":"https:\/\/schema.org","@graph":[{"@type":"WebPage","@id":"https:\/\/xenonkungen.com\/produkt\/osram-inspection-lamp-2-96w-6200k\/","url":"https:\/\/xenonkungen.com\/produkt\/osram-inspection-lamp-2-96w-6200k\/","name":"OSRAM Inspektionslampe \u2013 Schwarz\/Orange \u2013 Der Xenon-K\u00f6nig","isPartOf":{"@id":"https:\/\/xenonkungen.com\/#website"},"primaryImageOfPage":{"@id":"https:\/\/xenonkungen.com\/produkt\/osram-inspection-lamp-2-96w-6200k\/#primaryimage"},"image":{"@id":"https:\/\/xenonkungen.com\/produkt\/osram-inspection-lamp-2-96w-6200k\/#primaryimage"},"thumbnailUrl":"https:\/\/xenonkungen.com\/wp-content\/uploads\/2026\/02\/Small-for-web-and-ppt-LEDIL408_PRODUCT_003.jpg","datePublished":"2026-02-18T14:33:26+00:00","dateModified":"2026-03-04T15:36:47+00:00","breadcrumb":{"@id":"https:\/\/xenonkungen.com\/produkt\/osram-inspection-lamp-2-96w-6200k\/#breadcrumb"},"inLanguage":"de","potentialAction":[{"@type":"ReadAction","target":["https:\/\/xenonkungen.com\/produkt\/osram-inspection-lamp-2-96w-6200k\/"]}]},{"@type":"ImageObject","inLanguage":"de","@id":"https:\/\/xenonkungen.com\/produkt\/osram-inspection-lamp-2-96w-6200k\/#primaryimage","url":"https:\/\/xenonkungen.com\/wp-content\/uploads\/2026\/02\/Small-for-web-and-ppt-LEDIL408_PRODUCT_003.jpg","contentUrl":"https:\/\/xenonkungen.com\/wp-content\/uploads\/2026\/02\/Small-for-web-and-ppt-LEDIL408_PRODUCT_003.jpg","width":1024,"height":1024},{"@type":"BreadcrumbList","@id":"https:\/\/xenonkungen.com\/produkt\/osram-inspection-lamp-2-96w-6200k\/#breadcrumb","itemListElement":[{"@type":"ListItem","position":1,"name":"Hem","item":"https:\/\/xenonkungen.com\/"},{"@type":"ListItem","position":2,"name":"Shop","item":"https:\/\/xenonkungen.com\/shop\/"},{"@type":"ListItem","position":3,"name":"OSRAM INSPECTION LAMP &#8211; Black \/ Orange"}]},{"@type":"WebSite","@id":"https:\/\/xenonkungen.com\/#website","url":"https:\/\/xenonkungen.com\/","name":"Xenonkungen","description":"","potentialAction":[{"@type":"SearchAction","target":{"@type":"EntryPoint","urlTemplate":"https:\/\/xenonkungen.com\/?s={search_term_string}"},"query-input":{"@type":"PropertyValueSpecification","valueRequired":true,"valueName":"search_term_string"}}],"inLanguage":"de"}]}},"taxonomy_info":{"product_brand":[{"value":108,"label":"OSRAM"}],"product_cat":[{"value":1320,"label":"Ficklampor"}],"pa_fargtemperatur":[{"value":1889,"label":"6200K"}],"pa_led-chips-effekt-w":[{"value":2882,"label":"2"}],"pa_storlek-mm":[{"value":2881,"label":"267x40x42"}],"pa_volt-v":[{"value":361,"label":"3,7"}]},"featured_image_src_large":["https:\/\/xenonkungen.com\/wp-content\/uploads\/2026\/02\/Small-for-web-and-ppt-LEDIL408_PRODUCT_003.jpg",1024,1024,false],"author_info":[],"comment_info":0,"_links":{"self":[{"href":"https:\/\/xenonkungen.com\/de\/wp-json\/wp\/v2\/product\/26360","targetHints":{"allow":["GET"]}}],"collection":[{"href":"https:\/\/xenonkungen.com\/de\/wp-json\/wp\/v2\/product"}],"about":[{"href":"https:\/\/xenonkungen.com\/de\/wp-json\/wp\/v2\/types\/product"}],"replies":[{"embeddable":true,"href":"https:\/\/xenonkungen.com\/de\/wp-json\/wp\/v2\/comments?post=26360"}],"wp:featuredmedia":[{"embeddable":true,"href":"https:\/\/xenonkungen.com\/de\/wp-json\/wp\/v2\/media\/26380"}],"wp:attachment":[{"href":"https:\/\/xenonkungen.com\/de\/wp-json\/wp\/v2\/media?parent=26360"}],"wp:term":[{"taxonomy":"anvandningsomrade","embeddable":true,"href":"https:\/\/xenonkungen.com\/de\/wp-json\/wp\/v2\/anvandningsomrade?post=26360"},{"taxonomy":"bilmarken","embeddable":true,"href":"https:\/\/xenonkungen.com\/de\/wp-json\/wp\/v2\/bilmarken?post=26360"},{"taxonomy":"product_brand","embeddable":true,"href":"https:\/\/xenonkungen.com\/de\/wp-json\/wp\/v2\/product_brand?post=26360"},{"taxonomy":"product_cat","embeddable":true,"href":"https:\/\/xenonkungen.com\/de\/wp-json\/wp\/v2\/product_cat?post=26360"},{"taxonomy":"product_tag","embeddable":true,"href":"https:\/\/xenonkungen.com\/de\/wp-json\/wp\/v2\/product_tag?post=26360"}],"curies":[{"name":"wp","href":"https:\/\/api.w.org\/{rel}","templated":true}]}}