{"id":26527,"date":"2026-02-20T13:59:48","date_gmt":"2026-02-20T12:59:48","guid":{"rendered":"https:\/\/xenonkungen.com\/?post_type=product&#038;p=26527"},"modified":"2026-03-25T09:19:24","modified_gmt":"2026-03-25T08:19:24","slug":"arbeitsleuchte-sqr-3-3500lm-flutlicht-doppelblitz-ozz-leuchten","status":"publish","type":"product","link":"https:\/\/xenonkungen.com\/de\/produkt\/arbeitsleuchte-sqr-3-3500lm-flutlicht-doppelblitz-ozz-leuchten\/","title":{"rendered":"Arbeitsleuchte SQR 3\u201d 3500lm Flutlicht Doppelblitz, OZZ Lights"},"content":{"rendered":"<h2 data-start=\"691\" data-end=\"745\">Leistungsstarke Arbeitsleuchte mit breitem Flutlichtmuster<\/h2>\n<p data-start=\"746\" data-end=\"1103\">Die OZZ SQR 3&quot;-Arbeitsleuchte liefert 3500 Lumen mit einer angenehmen Farbtemperatur von 5000 K. Das Flutlicht sorgt f\u00fcr eine breite und gleichm\u00e4\u00dfige Ausleuchtung von Arbeitsfl\u00e4chen im Nahbereich. Mit 1 Lux auf 75 Meter Entfernung erhalten Sie zuverl\u00e4ssige Sicht nach vorn, ohne dass die Breite des Lichtkegels beeintr\u00e4chtigt wird \u2013 ideal f\u00fcr Maschinenarbeiten, Servicefahrzeuge und Baustellen.<\/p>\n<h2 data-start=\"1105\" data-end=\"1150\">Integrierte Warnleuchte mit Doppelblinkfunktion<\/h2>\n<p data-start=\"1151\" data-end=\"1466\">Zus\u00e4tzlich zur Arbeitsbeleuchtung verf\u00fcgt die SQR 3&quot; \u00fcber einen Doppelblinkmodus, der die Sichtbarkeit in un\u00fcbersichtlichen Umgebungen erh\u00f6ht. Dadurch eignet sie sich ideal f\u00fcr Stra\u00dfenbauarbeiten, Baustellen und andere Situationen, in denen erh\u00f6hte Aufmerksamkeit erforderlich ist. Die Kombination aus Arbeits- und Warnleuchte in einem Ger\u00e4t bietet eine flexible und platzsparende L\u00f6sung.<\/p>\n<h2 data-start=\"1468\" data-end=\"1510\">Kompaktes Format f\u00fcr flexible Montage<\/h2>\n<p data-start=\"1511\" data-end=\"1758\">Mit ihren Abmessungen von 97 x 97 x 50 mm l\u00e4sst sich die Lampe auch bei beengten Platzverh\u00e4ltnissen problemlos montieren. Sie eignet sich ideal f\u00fcr Baumaschinen, Lkw, Pickups, Quads und andere Nutzfahrzeuge. Der DT-4-Pin-Anschluss und das 1 Meter lange Kabel erm\u00f6glichen eine einfache Installation.<\/p>\n<h2 data-start=\"1760\" data-end=\"1794\">Konzipiert f\u00fcr anspruchsvolle Arbeitsumgebungen<\/h2>\n<p data-start=\"1795\" data-end=\"2020\">Das Aluminiumgeh\u00e4use und die Schutzart IP68\/IP69K gew\u00e4hrleisten hohe Best\u00e4ndigkeit gegen Wasser, Schmutz und Vibrationen. Es ist nach R148 E-gepr\u00fcft und nach R10 EMV-zertifiziert, was auch unter anspruchsvollen Bedingungen einen zuverl\u00e4ssigen Betrieb garantiert.<\/p>\n<hr data-start=\"2022\" data-end=\"2025\" \/>\n<h2 data-start=\"2027\" data-end=\"2035\">FAQ<\/h2>\n<h3 data-start=\"2037\" data-end=\"2095\">Ist diese Arbeitsleuchte f\u00fcr den Einsatz im Stra\u00dfenverkehr zugelassen?<\/h3>\n<p data-start=\"2096\" data-end=\"2227\">Ja, die Lampe ist gem\u00e4\u00df R148 E-gepr\u00fcft und gem\u00e4\u00df R10 EMV-zertifiziert. Die Warnfunktion muss gem\u00e4\u00df den geltenden lokalen Vorschriften verwendet werden.<\/p>\n<h3 data-start=\"2229\" data-end=\"2262\">Was bedeutet Flutlichtbild?<\/h3>\n<p data-start=\"2263\" data-end=\"2399\">Das Flutlichtmuster sorgt f\u00fcr eine breite und gleichm\u00e4\u00dfige Lichtverteilung, die optimal f\u00fcr Arbeiten auf kurze Distanz und die Ausleuchtung gr\u00f6\u00dferer Arbeitsbereiche geeignet ist.<\/p>\n<h3 data-start=\"2401\" data-end=\"2464\">Kann die Lampe sowohl als Arbeitsleuchte als auch als Warnleuchte verwendet werden?<\/h3>\n<p data-start=\"2465\" data-end=\"2630\">Ja, es kombiniert eine leistungsstarke Arbeitsbeleuchtung mit einem integrierten Doppelblink-Warnmodus und ist somit eine flexible L\u00f6sung f\u00fcr Bau- und Servicefahrzeuge.<\/p>","protected":false},"excerpt":{"rendered":"<p>Kompakte und leistungsstarke 3-Zoll-Arbeitsleuchte mit 3500 Lumen, Flutlicht und integriertem Doppelblink-Warnmodus. Ideal f\u00fcr Baustellen, Maschinen und Fahrzeuge, wo sowohl Arbeitslicht als auch Sicherheit erforderlich sind.<\/p>","protected":false},"featured_media":26546,"comment_status":"open","ping_status":"closed","template":"","meta":{"_acf_changed":false,"_smort_price_nok":"1495","_smort_price_dkk":"","_smort_price_eur":"","_smort_sale_price_nok":"","_smort_sale_price_dkk":"","_smort_sale_price_eur":"","smort_restorder":"","shipmondo_restorder":"","_kad_blocks_custom_css":"","_kad_blocks_head_custom_js":"","_kad_blocks_body_custom_js":"","_kad_blocks_footer_custom_js":"","smort_custom_pricelist_1":"896","smort_custom_pricelist_2":"840","smort_custom_pricelist_3":"784","smort_custom_pricelist_4":"1120","smort_custom_pricelist_5":"784"},"anvandningsomrade":[],"bilmarken":[],"product_brand":[1051,109],"product_cat":[508],"product_tag":[],"class_list":{"0":"post-26527","1":"product","2":"type-product","3":"status-publish","4":"has-post-thumbnail","6":"product_brand-ozz","7":"product_brand-ozz-lights","8":"product_cat-arbetsbelysning","9":"pa_faktisk-effekts-forbrukning-401","10":"pa_fargtemperatur-5000k","11":"pa_fuktskydd-varde-ipxx-ip69k","12":"pa_fuktskydd-varde-ipxx-ip68k","13":"pa_godkannande-r10","14":"pa_godkannande-r148","15":"pa_lampsockel-kontakt-dt-4","16":"pa_ljusbild-driving","17":"pa_stromforbrukning-1-94-24v","18":"pa_stromforbrukning-4-18-12v","19":"pa_volt-v-multivolt-10-12-16-18-24-28-30-32","21":"first","22":"onbackorder","23":"taxable","24":"shipping-taxable","25":"purchasable","26":"product-type-simple"},"bundled_by":[],"bundle_stock_status":"onbackorder","bundle_stock_quantity":0,"bundle_virtual":false,"bundle_layout":"","bundle_add_to_cart_form_location":"","bundle_editable_in_cart":false,"bundle_sold_individually_context":"","bundle_item_grouping":"","bundle_min_size":"","bundle_max_size":"","bundle_price":[],"bundled_items":[],"bundle_sell_ids":[],"acf":[],"yoast_head":"<!-- This site is optimized with the Yoast SEO plugin v27.0 - https:\/\/yoast.com\/product\/yoast-seo-wordpress\/ -->\n<title>Arbetsljus SQR 3\u201d 3500lm Flood Double Flash, OZZ Lights - Xenonkungen OZZ SQR 3\u201d Arbetsljus LED 3500lm Flood, OZZ Lights<\/title>\n<meta name=\"description\" content=\"K\u00f6p OZZ SQR 3\u201d Arbetsljus LED fr\u00e5n OZZ Lights. 3500lm, flood-ljusbild och Double Flash varningsl\u00e4ge. Kompakt och kraftfull. Snabb leverans. \u00d6ppet k\u00f6p 30 dagar.\" \/>\n<meta name=\"robots\" content=\"index, follow, max-snippet:-1, max-image-preview:large, max-video-preview:-1\" \/>\n<link rel=\"canonical\" href=\"https:\/\/xenonkungen.com\/de\/produkt\/arbeitsleuchte-sqr-3-3500lm-flutlicht-doppelblitz-ozz-leuchten\/\" \/>\n<meta property=\"og:locale\" content=\"de_DE\" \/>\n<meta property=\"og:type\" content=\"article\" \/>\n<meta property=\"og:title\" content=\"Arbetsljus SQR 3\u201d 3500lm Flood Double Flash, OZZ Lights - Xenonkungen OZZ SQR 3\u201d Arbetsljus LED 3500lm Flood, OZZ Lights\" \/>\n<meta property=\"og:description\" content=\"K\u00f6p OZZ SQR 3\u201d Arbetsljus LED fr\u00e5n OZZ Lights. 3500lm, flood-ljusbild och Double Flash varningsl\u00e4ge. Kompakt och kraftfull. Snabb leverans. \u00d6ppet k\u00f6p 30 dagar.\" \/>\n<meta property=\"og:url\" content=\"https:\/\/xenonkungen.com\/de\/produkt\/arbeitsleuchte-sqr-3-3500lm-flutlicht-doppelblitz-ozz-leuchten\/\" \/>\n<meta property=\"og:site_name\" content=\"Xenonkungen\" \/>\n<meta property=\"article:modified_time\" content=\"2026-03-25T08:19:24+00:00\" \/>\n<meta property=\"og:image\" content=\"https:\/\/xenonkungen.com\/wp-content\/uploads\/2026\/02\/21888510-4.png\" \/>\n\t<meta property=\"og:image:width\" content=\"916\" \/>\n\t<meta property=\"og:image:height\" content=\"1066\" \/>\n\t<meta property=\"og:image:type\" content=\"image\/png\" \/>\n<meta name=\"twitter:card\" content=\"summary_large_image\" \/>\n<meta name=\"twitter:label1\" content=\"Gesch\u00e4tzte Lesezeit\" \/>\n\t<meta name=\"twitter:data1\" content=\"2\u00a0Minuten\" \/>\n<script type=\"application\/ld+json\" class=\"yoast-schema-graph\">{\"@context\":\"https:\/\/schema.org\",\"@graph\":[{\"@type\":\"WebPage\",\"@id\":\"https:\/\/xenonkungen.com\/produkt\/arbetsljus-sqr-3-3500lm-flood-double-flash-ozz-lights\/\",\"url\":\"https:\/\/xenonkungen.com\/produkt\/arbetsljus-sqr-3-3500lm-flood-double-flash-ozz-lights\/\",\"name\":\"Arbetsljus SQR 3\u201d 3500lm Flood Double Flash, OZZ Lights - Xenonkungen OZZ SQR 3\u201d Arbetsljus LED 3500lm Flood, OZZ Lights\",\"isPartOf\":{\"@id\":\"https:\/\/xenonkungen.com\/#website\"},\"primaryImageOfPage\":{\"@id\":\"https:\/\/xenonkungen.com\/produkt\/arbetsljus-sqr-3-3500lm-flood-double-flash-ozz-lights\/#primaryimage\"},\"image\":{\"@id\":\"https:\/\/xenonkungen.com\/produkt\/arbetsljus-sqr-3-3500lm-flood-double-flash-ozz-lights\/#primaryimage\"},\"thumbnailUrl\":\"https:\/\/xenonkungen.com\/wp-content\/uploads\/2026\/02\/21888510-4.png\",\"datePublished\":\"2026-02-20T12:59:48+00:00\",\"dateModified\":\"2026-03-25T08:19:24+00:00\",\"description\":\"K\u00f6p OZZ SQR 3\u201d Arbetsljus LED fr\u00e5n OZZ Lights. 3500lm, flood-ljusbild och Double Flash varningsl\u00e4ge. Kompakt och kraftfull. Snabb leverans. \u00d6ppet k\u00f6p 30 dagar.\",\"breadcrumb\":{\"@id\":\"https:\/\/xenonkungen.com\/produkt\/arbetsljus-sqr-3-3500lm-flood-double-flash-ozz-lights\/#breadcrumb\"},\"inLanguage\":\"de\",\"potentialAction\":[{\"@type\":\"ReadAction\",\"target\":[\"https:\/\/xenonkungen.com\/produkt\/arbetsljus-sqr-3-3500lm-flood-double-flash-ozz-lights\/\"]}]},{\"@type\":\"ImageObject\",\"inLanguage\":\"de\",\"@id\":\"https:\/\/xenonkungen.com\/produkt\/arbetsljus-sqr-3-3500lm-flood-double-flash-ozz-lights\/#primaryimage\",\"url\":\"https:\/\/xenonkungen.com\/wp-content\/uploads\/2026\/02\/21888510-4.png\",\"contentUrl\":\"https:\/\/xenonkungen.com\/wp-content\/uploads\/2026\/02\/21888510-4.png\",\"width\":916,\"height\":1066},{\"@type\":\"BreadcrumbList\",\"@id\":\"https:\/\/xenonkungen.com\/produkt\/arbetsljus-sqr-3-3500lm-flood-double-flash-ozz-lights\/#breadcrumb\",\"itemListElement\":[{\"@type\":\"ListItem\",\"position\":1,\"name\":\"Hem\",\"item\":\"https:\/\/xenonkungen.com\/\"},{\"@type\":\"ListItem\",\"position\":2,\"name\":\"Shop\",\"item\":\"https:\/\/xenonkungen.com\/shop\/\"},{\"@type\":\"ListItem\",\"position\":3,\"name\":\"Arbetsljus SQR 3\u201d 3500lm Flood Double Flash, OZZ Lights\"}]},{\"@type\":\"WebSite\",\"@id\":\"https:\/\/xenonkungen.com\/#website\",\"url\":\"https:\/\/xenonkungen.com\/\",\"name\":\"Xenonkungen\",\"description\":\"\",\"potentialAction\":[{\"@type\":\"SearchAction\",\"target\":{\"@type\":\"EntryPoint\",\"urlTemplate\":\"https:\/\/xenonkungen.com\/?s={search_term_string}\"},\"query-input\":{\"@type\":\"PropertyValueSpecification\",\"valueRequired\":true,\"valueName\":\"search_term_string\"}}],\"inLanguage\":\"de\"}]}<\/script>\n<!-- \/ Yoast SEO plugin. -->","yoast_head_json":{"title":"OZZ Lights - Xenonkungen OZZ SQR 3\u201d Arbeitsleuchte LED 3500lm Flutlicht Doppelblitz","description":"Kaufen Sie die OZZ SQR 3&quot; LED-Arbeitsleuchte von OZZ Lights. 3500 lm, Flutlicht und Doppelblink-Warnfunktion. Kompakt und leistungsstark. Schnelle Lieferung. 30 Tage R\u00fcckgaberecht.","robots":{"index":"index","follow":"follow","max-snippet":"max-snippet:-1","max-image-preview":"max-image-preview:large","max-video-preview":"max-video-preview:-1"},"canonical":"https:\/\/xenonkungen.com\/de\/produkt\/arbeitsleuchte-sqr-3-3500lm-flutlicht-doppelblitz-ozz-leuchten\/","og_locale":"de_DE","og_type":"article","og_title":"Arbetsljus SQR 3\u201d 3500lm Flood Double Flash, OZZ Lights - Xenonkungen OZZ SQR 3\u201d Arbetsljus LED 3500lm Flood, OZZ Lights","og_description":"K\u00f6p OZZ SQR 3\u201d Arbetsljus LED fr\u00e5n OZZ Lights. 3500lm, flood-ljusbild och Double Flash varningsl\u00e4ge. Kompakt och kraftfull. Snabb leverans. \u00d6ppet k\u00f6p 30 dagar.","og_url":"https:\/\/xenonkungen.com\/de\/produkt\/arbeitsleuchte-sqr-3-3500lm-flutlicht-doppelblitz-ozz-leuchten\/","og_site_name":"Xenonkungen","article_modified_time":"2026-03-25T08:19:24+00:00","og_image":[{"width":916,"height":1066,"url":"https:\/\/xenonkungen.com\/wp-content\/uploads\/2026\/02\/21888510-4.png","type":"image\/png"}],"twitter_card":"summary_large_image","twitter_misc":{"Gesch\u00e4tzte Lesezeit":"2\u00a0Minuten"},"schema":{"@context":"https:\/\/schema.org","@graph":[{"@type":"WebPage","@id":"https:\/\/xenonkungen.com\/produkt\/arbetsljus-sqr-3-3500lm-flood-double-flash-ozz-lights\/","url":"https:\/\/xenonkungen.com\/produkt\/arbetsljus-sqr-3-3500lm-flood-double-flash-ozz-lights\/","name":"OZZ Lights - Xenonkungen OZZ SQR 3\u201d Arbeitsleuchte LED 3500lm Flutlicht Doppelblitz","isPartOf":{"@id":"https:\/\/xenonkungen.com\/#website"},"primaryImageOfPage":{"@id":"https:\/\/xenonkungen.com\/produkt\/arbetsljus-sqr-3-3500lm-flood-double-flash-ozz-lights\/#primaryimage"},"image":{"@id":"https:\/\/xenonkungen.com\/produkt\/arbetsljus-sqr-3-3500lm-flood-double-flash-ozz-lights\/#primaryimage"},"thumbnailUrl":"https:\/\/xenonkungen.com\/wp-content\/uploads\/2026\/02\/21888510-4.png","datePublished":"2026-02-20T12:59:48+00:00","dateModified":"2026-03-25T08:19:24+00:00","description":"Kaufen Sie die OZZ SQR 3&quot; LED-Arbeitsleuchte von OZZ Lights. 3500 lm, Flutlicht und Doppelblink-Warnfunktion. Kompakt und leistungsstark. Schnelle Lieferung. 30 Tage R\u00fcckgaberecht.","breadcrumb":{"@id":"https:\/\/xenonkungen.com\/produkt\/arbetsljus-sqr-3-3500lm-flood-double-flash-ozz-lights\/#breadcrumb"},"inLanguage":"de","potentialAction":[{"@type":"ReadAction","target":["https:\/\/xenonkungen.com\/produkt\/arbetsljus-sqr-3-3500lm-flood-double-flash-ozz-lights\/"]}]},{"@type":"ImageObject","inLanguage":"de","@id":"https:\/\/xenonkungen.com\/produkt\/arbetsljus-sqr-3-3500lm-flood-double-flash-ozz-lights\/#primaryimage","url":"https:\/\/xenonkungen.com\/wp-content\/uploads\/2026\/02\/21888510-4.png","contentUrl":"https:\/\/xenonkungen.com\/wp-content\/uploads\/2026\/02\/21888510-4.png","width":916,"height":1066},{"@type":"BreadcrumbList","@id":"https:\/\/xenonkungen.com\/produkt\/arbetsljus-sqr-3-3500lm-flood-double-flash-ozz-lights\/#breadcrumb","itemListElement":[{"@type":"ListItem","position":1,"name":"Hem","item":"https:\/\/xenonkungen.com\/"},{"@type":"ListItem","position":2,"name":"Shop","item":"https:\/\/xenonkungen.com\/shop\/"},{"@type":"ListItem","position":3,"name":"Arbetsljus SQR 3\u201d 3500lm Flood Double Flash, OZZ Lights"}]},{"@type":"WebSite","@id":"https:\/\/xenonkungen.com\/#website","url":"https:\/\/xenonkungen.com\/","name":"Xenonkungen","description":"","potentialAction":[{"@type":"SearchAction","target":{"@type":"EntryPoint","urlTemplate":"https:\/\/xenonkungen.com\/?s={search_term_string}"},"query-input":{"@type":"PropertyValueSpecification","valueRequired":true,"valueName":"search_term_string"}}],"inLanguage":"de"}]}},"taxonomy_info":{"product_brand":[{"value":1051,"label":"OZZ"},{"value":109,"label":"OZZ LIGHTS"}],"product_cat":[{"value":508,"label":"Arbetsbelysning"}],"pa_faktisk-effekts-forbrukning":[{"value":401,"label":"60"}],"pa_fargtemperatur":[{"value":154,"label":"5000K"}],"pa_fuktskydd-varde-ipxx":[{"value":155,"label":"IP69K"},{"value":682,"label":"IP68K"}],"pa_godkannande":[{"value":184,"label":"R10"},{"value":185,"label":"R148"}],"pa_lampsockel-kontakt":[{"value":181,"label":"DT-4"}],"pa_ljusbild":[{"value":178,"label":"Driving"}],"pa_stromforbrukning":[{"value":2885,"label":"1.94 @24V"},{"value":2884,"label":"4.18 @12V"}],"pa_volt-v":[{"value":1084,"label":"Multivolt, 10, 12, 16, 18, 24, 28, 30, 32"}]},"featured_image_src_large":["https:\/\/xenonkungen.com\/wp-content\/uploads\/2026\/02\/21888510-4-880x1024.png",880,1024,true],"author_info":[],"comment_info":0,"_links":{"self":[{"href":"https:\/\/xenonkungen.com\/de\/wp-json\/wp\/v2\/product\/26527","targetHints":{"allow":["GET"]}}],"collection":[{"href":"https:\/\/xenonkungen.com\/de\/wp-json\/wp\/v2\/product"}],"about":[{"href":"https:\/\/xenonkungen.com\/de\/wp-json\/wp\/v2\/types\/product"}],"replies":[{"embeddable":true,"href":"https:\/\/xenonkungen.com\/de\/wp-json\/wp\/v2\/comments?post=26527"}],"wp:featuredmedia":[{"embeddable":true,"href":"https:\/\/xenonkungen.com\/de\/wp-json\/wp\/v2\/media\/26546"}],"wp:attachment":[{"href":"https:\/\/xenonkungen.com\/de\/wp-json\/wp\/v2\/media?parent=26527"}],"wp:term":[{"taxonomy":"anvandningsomrade","embeddable":true,"href":"https:\/\/xenonkungen.com\/de\/wp-json\/wp\/v2\/anvandningsomrade?post=26527"},{"taxonomy":"bilmarken","embeddable":true,"href":"https:\/\/xenonkungen.com\/de\/wp-json\/wp\/v2\/bilmarken?post=26527"},{"taxonomy":"product_brand","embeddable":true,"href":"https:\/\/xenonkungen.com\/de\/wp-json\/wp\/v2\/product_brand?post=26527"},{"taxonomy":"product_cat","embeddable":true,"href":"https:\/\/xenonkungen.com\/de\/wp-json\/wp\/v2\/product_cat?post=26527"},{"taxonomy":"product_tag","embeddable":true,"href":"https:\/\/xenonkungen.com\/de\/wp-json\/wp\/v2\/product_tag?post=26527"}],"curies":[{"name":"wp","href":"https:\/\/api.w.org\/{rel}","templated":true}]}}