{"id":27036,"date":"2026-03-02T11:32:32","date_gmt":"2026-03-02T10:32:32","guid":{"rendered":"https:\/\/xenonkungen.com\/?post_type=product&#038;p=27036"},"modified":"2026-04-24T17:49:57","modified_gmt":"2026-04-24T16:49:57","slug":"lastschlitten-400-kg-ford-ranger-doppelkabine-2010-2023","status":"publish","type":"product","link":"https:\/\/xenonkungen.com\/de\/produkt\/lastschlitten-400-kg-ford-ranger-doppelkabine-2010-2023\/","title":{"rendered":"Lastenschlitten 400 kg Ford Ranger Doppelkabine 2010-2023, Vool"},"content":{"rendered":"<h2 data-start=\"639\" data-end=\"690\">Leistungsstarke und praktische Ladel\u00f6sung f\u00fcr den Ford Ranger<\/h2>\n<p data-start=\"692\" data-end=\"934\">Dieser robuste Lastenschlitten von Vool wurde speziell f\u00fcr den Ford Ranger Double Cab der Modelljahre 2010\u20132023 entwickelt. Die hochfeste Stahlkonstruktion in Kombination mit der widerstandsf\u00e4higen Pulverbeschichtung macht den Schlitten bestens f\u00fcr harte Arbeitsbedingungen und den t\u00e4glichen Gebrauch geeignet.<\/p>\n<p data-start=\"936\" data-end=\"1061\">Mit einer maximalen Tragf\u00e4higkeit von 400 kg erhalten Sie eine stabile und sichere L\u00f6sung f\u00fcr Werkzeuge, Maschinen und andere Ger\u00e4te.<\/p>\n<h2 data-start=\"1063\" data-end=\"1101\">Einfacher Zugang und sicherere Beladung<\/h2>\n<p data-start=\"1103\" data-end=\"1346\">Der Schlitten ist bis zu 730 mm ausziehbar, sodass die Ladung bequem erreicht werden kann, ohne auf die Ladefl\u00e4che klettern zu m\u00fcssen. Der Boden ist mit dunklem WISA-Hexa-Grip mit sechseckigem Muster ausgestattet, der f\u00fcr guten Halt sorgt und das Verrutschen der Ladung verhindert.<\/p>\n<p data-start=\"1348\" data-end=\"1459\">An den Seiten befinden sich L\u00f6cher zur Ladungssicherung, wodurch das Anbringen von Gurten und die ordnungsgem\u00e4\u00dfe Sicherung der Ladung erleichtert wird.<\/p>\n<h2 data-start=\"1461\" data-end=\"1487\">Angepasst f\u00fcr Doppelkabine<\/h2>\n<p data-start=\"1489\" data-end=\"1639\">Das Produkt ist exklusiv f\u00fcr den Ford Ranger Doppelkabiner konzipiert und passt nicht auf andere Karosserievarianten. F\u00fcr zus\u00e4tzliche Sicherheit bietet es eine 2-j\u00e4hrige Garantie.<\/p>\n<p data-start=\"1641\" data-end=\"1694\">Bitte beachten Sie, dass das auf dem Bild gezeigte Frachtnetz nicht im Lieferumfang enthalten ist.<\/p>","protected":false},"excerpt":{"rendered":"<p>Robuster und ausziehbarer Lastenschlitten aus hochfestem Stahl f\u00fcr Ford Ranger Doppelkabine 2010\u20132023. Tragkraft: 400 kg. Erm\u00f6glicht einfachen Zugang zur Ladung auf der Ladefl\u00e4che.<\/p>","protected":false},"featured_media":27037,"comment_status":"open","ping_status":"closed","template":"","meta":{"_acf_changed":false,"_smort_price_nok":"9234","_smort_price_dkk":"","_smort_price_eur":"","_smort_sale_price_nok":"","_smort_sale_price_dkk":"","_smort_sale_price_eur":"","smort_restorder":"","shipmondo_restorder":"","_kad_blocks_custom_css":"","_kad_blocks_head_custom_js":"","_kad_blocks_body_custom_js":"","_kad_blocks_footer_custom_js":"","smort_custom_pricelist_1":"6224.4","smort_custom_pricelist_2":"6224.4","smort_custom_pricelist_3":"6224.4","smort_custom_pricelist_4":"6796","smort_custom_pricelist_5":"6224.4"},"anvandningsomrade":[],"bilmarken":[],"product_brand":[113],"product_cat":[377],"product_tag":[],"class_list":{"0":"post-27036","1":"product","2":"type-product","3":"status-publish","4":"has-post-thumbnail","6":"product_brand-vool","7":"product_cat-biltillbehor","8":"pa_storlek-mm-1250x1000x200","10":"first","11":"onbackorder","12":"taxable","13":"shipping-taxable","14":"purchasable","15":"product-type-simple"},"bundled_by":[],"bundle_stock_status":"onbackorder","bundle_stock_quantity":0,"bundle_virtual":false,"bundle_layout":"","bundle_add_to_cart_form_location":"","bundle_editable_in_cart":false,"bundle_sold_individually_context":"","bundle_item_grouping":"","bundle_min_size":"","bundle_max_size":"","bundle_price":[],"bundled_items":[],"bundle_sell_ids":[],"acf":[],"yoast_head":"<!-- This site is optimized with the Yoast SEO plugin v27.0 - https:\/\/yoast.com\/product\/yoast-seo-wordpress\/ -->\n<title>Lastsl\u00e4de 400kg Ford Ranger Dubbelhytt 2010-2023, Vool - Xenonkungen Lastsl\u00e4de Ford Ranger Dubbelhytt 2010-2023 400kg - Xenonkungen<\/title>\n<meta name=\"description\" content=\"K\u00f6p Vool lastsl\u00e4de till Ford Ranger Dubbelhytt 2010\u20132023. Klarar 400 kg och har utdrag 730 mm. Snabb leverans. \u00d6ppet k\u00f6p 30 dagar. Handla enkelt p\u00e5 xenonkungen.com!\" \/>\n<meta name=\"robots\" content=\"index, follow, max-snippet:-1, max-image-preview:large, max-video-preview:-1\" \/>\n<link rel=\"canonical\" href=\"https:\/\/xenonkungen.com\/de\/produkt\/lastschlitten-400-kg-ford-ranger-doppelkabine-2010-2023\/\" \/>\n<meta property=\"og:locale\" content=\"de_DE\" \/>\n<meta property=\"og:type\" content=\"article\" \/>\n<meta property=\"og:title\" content=\"Lastsl\u00e4de 400kg Ford Ranger Dubbelhytt 2010-2023, Vool - Xenonkungen Lastsl\u00e4de Ford Ranger Dubbelhytt 2010-2023 400kg - Xenonkungen\" \/>\n<meta property=\"og:description\" content=\"K\u00f6p Vool lastsl\u00e4de till Ford Ranger Dubbelhytt 2010\u20132023. Klarar 400 kg och har utdrag 730 mm. Snabb leverans. \u00d6ppet k\u00f6p 30 dagar. Handla enkelt p\u00e5 xenonkungen.com!\" \/>\n<meta property=\"og:url\" content=\"https:\/\/xenonkungen.com\/de\/produkt\/lastschlitten-400-kg-ford-ranger-doppelkabine-2010-2023\/\" \/>\n<meta property=\"og:site_name\" content=\"Xenonkungen\" \/>\n<meta property=\"article:modified_time\" content=\"2026-04-24T16:49:57+00:00\" \/>\n<meta property=\"og:image\" content=\"https:\/\/xenonkungen.com\/wp-content\/uploads\/2026\/03\/199132939-origpic-16ffe6.jpg\" \/>\n\t<meta property=\"og:image:width\" content=\"1000\" \/>\n\t<meta property=\"og:image:height\" content=\"800\" \/>\n\t<meta property=\"og:image:type\" content=\"image\/jpeg\" \/>\n<meta name=\"twitter:card\" content=\"summary_large_image\" \/>\n<meta name=\"twitter:label1\" content=\"Gesch\u00e4tzte Lesezeit\" \/>\n\t<meta name=\"twitter:data1\" content=\"1\u00a0Minute\" \/>\n<script type=\"application\/ld+json\" class=\"yoast-schema-graph\">{\"@context\":\"https:\/\/schema.org\",\"@graph\":[{\"@type\":\"WebPage\",\"@id\":\"https:\/\/xenonkungen.com\/produkt\/lastslade-400kg-ford-ranger-dubbelhytt-2010-2023-vool\/\",\"url\":\"https:\/\/xenonkungen.com\/produkt\/lastslade-400kg-ford-ranger-dubbelhytt-2010-2023-vool\/\",\"name\":\"Lastsl\u00e4de 400kg Ford Ranger Dubbelhytt 2010-2023, Vool - Xenonkungen Lastsl\u00e4de Ford Ranger Dubbelhytt 2010-2023 400kg - Xenonkungen\",\"isPartOf\":{\"@id\":\"https:\/\/xenonkungen.com\/#website\"},\"primaryImageOfPage\":{\"@id\":\"https:\/\/xenonkungen.com\/produkt\/lastslade-400kg-ford-ranger-dubbelhytt-2010-2023-vool\/#primaryimage\"},\"image\":{\"@id\":\"https:\/\/xenonkungen.com\/produkt\/lastslade-400kg-ford-ranger-dubbelhytt-2010-2023-vool\/#primaryimage\"},\"thumbnailUrl\":\"https:\/\/xenonkungen.com\/wp-content\/uploads\/2026\/03\/199132939-origpic-16ffe6.jpg\",\"datePublished\":\"2026-03-02T10:32:32+00:00\",\"dateModified\":\"2026-04-24T16:49:57+00:00\",\"description\":\"K\u00f6p Vool lastsl\u00e4de till Ford Ranger Dubbelhytt 2010\u20132023. Klarar 400 kg och har utdrag 730 mm. Snabb leverans. \u00d6ppet k\u00f6p 30 dagar. Handla enkelt p\u00e5 xenonkungen.com!\",\"breadcrumb\":{\"@id\":\"https:\/\/xenonkungen.com\/produkt\/lastslade-400kg-ford-ranger-dubbelhytt-2010-2023-vool\/#breadcrumb\"},\"inLanguage\":\"de\",\"potentialAction\":[{\"@type\":\"ReadAction\",\"target\":[\"https:\/\/xenonkungen.com\/produkt\/lastslade-400kg-ford-ranger-dubbelhytt-2010-2023-vool\/\"]}]},{\"@type\":\"ImageObject\",\"inLanguage\":\"de\",\"@id\":\"https:\/\/xenonkungen.com\/produkt\/lastslade-400kg-ford-ranger-dubbelhytt-2010-2023-vool\/#primaryimage\",\"url\":\"https:\/\/xenonkungen.com\/wp-content\/uploads\/2026\/03\/199132939-origpic-16ffe6.jpg\",\"contentUrl\":\"https:\/\/xenonkungen.com\/wp-content\/uploads\/2026\/03\/199132939-origpic-16ffe6.jpg\",\"width\":1000,\"height\":800},{\"@type\":\"BreadcrumbList\",\"@id\":\"https:\/\/xenonkungen.com\/produkt\/lastslade-400kg-ford-ranger-dubbelhytt-2010-2023-vool\/#breadcrumb\",\"itemListElement\":[{\"@type\":\"ListItem\",\"position\":1,\"name\":\"Hem\",\"item\":\"https:\/\/xenonkungen.com\/\"},{\"@type\":\"ListItem\",\"position\":2,\"name\":\"Shop\",\"item\":\"https:\/\/xenonkungen.com\/shop\/\"},{\"@type\":\"ListItem\",\"position\":3,\"name\":\"Lastsl\u00e4de 400kg Ford Ranger Dubbelhytt 2010-2023, Vool\"}]},{\"@type\":\"WebSite\",\"@id\":\"https:\/\/xenonkungen.com\/#website\",\"url\":\"https:\/\/xenonkungen.com\/\",\"name\":\"Xenonkungen\",\"description\":\"\",\"potentialAction\":[{\"@type\":\"SearchAction\",\"target\":{\"@type\":\"EntryPoint\",\"urlTemplate\":\"https:\/\/xenonkungen.com\/?s={search_term_string}\"},\"query-input\":{\"@type\":\"PropertyValueSpecification\",\"valueRequired\":true,\"valueName\":\"search_term_string\"}}],\"inLanguage\":\"de\"}]}<\/script>\n<!-- \/ Yoast SEO plugin. -->","yoast_head_json":{"title":"Lastenschlitten 400 kg Ford Ranger Doppelkabine 2010-2023, Vool - Xenonkungen Lastenschlitten Ford Ranger Doppelkabine 2010-2023 400 kg - Xenonkungen","description":"Kaufen Sie den Vool Cargo Schlitten f\u00fcr Ford Ranger Doppelkabine (2010\u20132023). Tragkraft: 400 kg, Auszugsl\u00e4nge: 730 mm. Schnelle Lieferung. 30 Tage R\u00fcckgaberecht. Jetzt bequem auf xenonkungen.com bestellen!","robots":{"index":"index","follow":"follow","max-snippet":"max-snippet:-1","max-image-preview":"max-image-preview:large","max-video-preview":"max-video-preview:-1"},"canonical":"https:\/\/xenonkungen.com\/de\/produkt\/lastschlitten-400-kg-ford-ranger-doppelkabine-2010-2023\/","og_locale":"de_DE","og_type":"article","og_title":"Lastsl\u00e4de 400kg Ford Ranger Dubbelhytt 2010-2023, Vool - Xenonkungen Lastsl\u00e4de Ford Ranger Dubbelhytt 2010-2023 400kg - Xenonkungen","og_description":"K\u00f6p Vool lastsl\u00e4de till Ford Ranger Dubbelhytt 2010\u20132023. Klarar 400 kg och har utdrag 730 mm. Snabb leverans. \u00d6ppet k\u00f6p 30 dagar. Handla enkelt p\u00e5 xenonkungen.com!","og_url":"https:\/\/xenonkungen.com\/de\/produkt\/lastschlitten-400-kg-ford-ranger-doppelkabine-2010-2023\/","og_site_name":"Xenonkungen","article_modified_time":"2026-04-24T16:49:57+00:00","og_image":[{"width":1000,"height":800,"url":"https:\/\/xenonkungen.com\/wp-content\/uploads\/2026\/03\/199132939-origpic-16ffe6.jpg","type":"image\/jpeg"}],"twitter_card":"summary_large_image","twitter_misc":{"Gesch\u00e4tzte Lesezeit":"1\u00a0Minute"},"schema":{"@context":"https:\/\/schema.org","@graph":[{"@type":"WebPage","@id":"https:\/\/xenonkungen.com\/produkt\/lastslade-400kg-ford-ranger-dubbelhytt-2010-2023-vool\/","url":"https:\/\/xenonkungen.com\/produkt\/lastslade-400kg-ford-ranger-dubbelhytt-2010-2023-vool\/","name":"Lastenschlitten 400 kg Ford Ranger Doppelkabine 2010-2023, Vool - Xenonkungen Lastenschlitten Ford Ranger Doppelkabine 2010-2023 400 kg - Xenonkungen","isPartOf":{"@id":"https:\/\/xenonkungen.com\/#website"},"primaryImageOfPage":{"@id":"https:\/\/xenonkungen.com\/produkt\/lastslade-400kg-ford-ranger-dubbelhytt-2010-2023-vool\/#primaryimage"},"image":{"@id":"https:\/\/xenonkungen.com\/produkt\/lastslade-400kg-ford-ranger-dubbelhytt-2010-2023-vool\/#primaryimage"},"thumbnailUrl":"https:\/\/xenonkungen.com\/wp-content\/uploads\/2026\/03\/199132939-origpic-16ffe6.jpg","datePublished":"2026-03-02T10:32:32+00:00","dateModified":"2026-04-24T16:49:57+00:00","description":"Kaufen Sie den Vool Cargo Schlitten f\u00fcr Ford Ranger Doppelkabine (2010\u20132023). Tragkraft: 400 kg, Auszugsl\u00e4nge: 730 mm. Schnelle Lieferung. 30 Tage R\u00fcckgaberecht. Jetzt bequem auf xenonkungen.com bestellen!","breadcrumb":{"@id":"https:\/\/xenonkungen.com\/produkt\/lastslade-400kg-ford-ranger-dubbelhytt-2010-2023-vool\/#breadcrumb"},"inLanguage":"de","potentialAction":[{"@type":"ReadAction","target":["https:\/\/xenonkungen.com\/produkt\/lastslade-400kg-ford-ranger-dubbelhytt-2010-2023-vool\/"]}]},{"@type":"ImageObject","inLanguage":"de","@id":"https:\/\/xenonkungen.com\/produkt\/lastslade-400kg-ford-ranger-dubbelhytt-2010-2023-vool\/#primaryimage","url":"https:\/\/xenonkungen.com\/wp-content\/uploads\/2026\/03\/199132939-origpic-16ffe6.jpg","contentUrl":"https:\/\/xenonkungen.com\/wp-content\/uploads\/2026\/03\/199132939-origpic-16ffe6.jpg","width":1000,"height":800},{"@type":"BreadcrumbList","@id":"https:\/\/xenonkungen.com\/produkt\/lastslade-400kg-ford-ranger-dubbelhytt-2010-2023-vool\/#breadcrumb","itemListElement":[{"@type":"ListItem","position":1,"name":"Hem","item":"https:\/\/xenonkungen.com\/"},{"@type":"ListItem","position":2,"name":"Shop","item":"https:\/\/xenonkungen.com\/shop\/"},{"@type":"ListItem","position":3,"name":"Lastsl\u00e4de 400kg Ford Ranger Dubbelhytt 2010-2023, Vool"}]},{"@type":"WebSite","@id":"https:\/\/xenonkungen.com\/#website","url":"https:\/\/xenonkungen.com\/","name":"Xenonkungen","description":"","potentialAction":[{"@type":"SearchAction","target":{"@type":"EntryPoint","urlTemplate":"https:\/\/xenonkungen.com\/?s={search_term_string}"},"query-input":{"@type":"PropertyValueSpecification","valueRequired":true,"valueName":"search_term_string"}}],"inLanguage":"de"}]}},"taxonomy_info":{"product_brand":[{"value":113,"label":"Vool"}],"product_cat":[{"value":377,"label":"Biltillbeh\u00f6r"}],"pa_storlek-mm":[{"value":2891,"label":"1250x1000x200"}]},"featured_image_src_large":["https:\/\/xenonkungen.com\/wp-content\/uploads\/2026\/03\/199132939-origpic-16ffe6.jpg",1000,800,false],"author_info":[],"comment_info":0,"_links":{"self":[{"href":"https:\/\/xenonkungen.com\/de\/wp-json\/wp\/v2\/product\/27036","targetHints":{"allow":["GET"]}}],"collection":[{"href":"https:\/\/xenonkungen.com\/de\/wp-json\/wp\/v2\/product"}],"about":[{"href":"https:\/\/xenonkungen.com\/de\/wp-json\/wp\/v2\/types\/product"}],"replies":[{"embeddable":true,"href":"https:\/\/xenonkungen.com\/de\/wp-json\/wp\/v2\/comments?post=27036"}],"wp:featuredmedia":[{"embeddable":true,"href":"https:\/\/xenonkungen.com\/de\/wp-json\/wp\/v2\/media\/27037"}],"wp:attachment":[{"href":"https:\/\/xenonkungen.com\/de\/wp-json\/wp\/v2\/media?parent=27036"}],"wp:term":[{"taxonomy":"anvandningsomrade","embeddable":true,"href":"https:\/\/xenonkungen.com\/de\/wp-json\/wp\/v2\/anvandningsomrade?post=27036"},{"taxonomy":"bilmarken","embeddable":true,"href":"https:\/\/xenonkungen.com\/de\/wp-json\/wp\/v2\/bilmarken?post=27036"},{"taxonomy":"product_brand","embeddable":true,"href":"https:\/\/xenonkungen.com\/de\/wp-json\/wp\/v2\/product_brand?post=27036"},{"taxonomy":"product_cat","embeddable":true,"href":"https:\/\/xenonkungen.com\/de\/wp-json\/wp\/v2\/product_cat?post=27036"},{"taxonomy":"product_tag","embeddable":true,"href":"https:\/\/xenonkungen.com\/de\/wp-json\/wp\/v2\/product_tag?post=27036"}],"curies":[{"name":"wp","href":"https:\/\/api.w.org\/{rel}","templated":true}]}}