{"id":2712,"date":"2025-04-15T08:41:15","date_gmt":"2025-04-15T08:41:15","guid":{"rendered":"https:\/\/xenonkungen.com\/product\/stenskottsskydd-nbb-225-alpha\/"},"modified":"2026-04-17T12:05:45","modified_gmt":"2026-04-17T11:05:45","slug":"steinschlagschutz-nbb-225-alpha","status":"publish","type":"product","link":"https:\/\/xenonkungen.com\/de\/produkt\/steinschlagschutz-nbb-225-alpha\/","title":{"rendered":"Steinschottschutz NBB 225 Alpha"},"content":{"rendered":"<h1>Sch\u00fctzen Sie Ihre NBB\/ABL Alpha 225 mit dem transparenten Stonewall-Schutz<\/h1>\n<p>Sch\u00fctzen Sie Ihre NBB\/ABL Alpha 225-Fernscheinwerfer und Pencil-Scheinwerfer effektiv mit einem transparenten Steinschutz. Diese bei Xenon King erh\u00e4ltliche Abdeckung ist eine ideale L\u00f6sung, um die Lebensdauer Ihrer Lampen zu verl\u00e4ngern und ihre Qualit\u00e4t zu erhalten. Sie eignet sich sowohl f\u00fcr die Halogen- als auch f\u00fcr die Xenon-Variante der Lampe und ist somit eine vielseitige Wahl f\u00fcr verschiedene Fahrzeugtypen.<\/p>\n<p>Dieser hochwertige Steinschlagschutz ist ma\u00dfgeschneidert und bietet optimale Passform und maximalen Schutz, ohne die Helligkeit zu beeintr\u00e4chtigen. Sein transparentes Design sorgt daf\u00fcr, dass das Aussehen der Leuchte erhalten bleibt und bietet gleichzeitig zuverl\u00e4ssigen Schutz vor Steinschl\u00e4gen und anderen Sch\u00e4den, die w\u00e4hrend der Fahrt auftreten k\u00f6nnen.<\/p>\n<p>Kunden, die sich f\u00fcr dieses Steinkugelschild von Xenon King entscheiden, k\u00f6nnen von mehreren Vorteilen profitieren, wie z. B. kostenloser Versand bei bestimmten Eink\u00e4ufen, ein gro\u00dfz\u00fcgiges R\u00fcckgaberecht und sichere Zahlungsoptionen. Dar\u00fcber hinaus k\u00f6nnen sich Kunden bei allen Fragen und Anliegen immer auf den hervorragenden Kundenservice von Xenon King verlassen.<\/p>\n<p>Wenn Sie sich f\u00fcr diese transparente Abdeckung aus Stein f\u00fcr den NBB\/ABL Alpha 225 entscheiden, investieren Sie in die Funktionalit\u00e4t und \u00c4sthetik Ihres Fahrzeugs und sch\u00fctzen gleichzeitig Ihre wertvollen Lampen vor den rauen Bedingungen auf der Stra\u00dfe. Es ist ein unverzichtbares Produkt f\u00fcr jeden, der seine Fahrzeugausr\u00fcstung sch\u00e4tzt und sicherstellen m\u00f6chte, dass sie lange Zeit in bestm\u00f6glichem Zustand bleibt.<\/p>","protected":false},"excerpt":{"rendered":"<p>Skydda dina NBB\/ABL Alpha 225 med Transparent Stenskottsskydd Skydda dina NBB\/ABL Alpha 225 fj\u00e4rrljus och Pencil-str\u00e5lkastare effektivt med ett transparent stenskottsskydd. Detta skydd, tillg\u00e4ngligt p\u00e5 Xenonkungen, \u00e4r en idealisk l\u00f6sning f\u00f6r att f\u00f6rl\u00e4nga livsl\u00e4ngden och bevara kvaliteten p\u00e5 dina lyktor. Det passar utm\u00e4rkt f\u00f6r b\u00e5de halogen- och xenonvarianterna av lyktan, vilket g\u00f6r det till ett [&hellip;]<\/p>","protected":false},"featured_media":2713,"comment_status":"closed","ping_status":"open","template":"","meta":{"_acf_changed":false,"_smort_price_nok":"422","_smort_price_dkk":"268","_smort_price_eur":"35.91","_smort_sale_price_nok":"","_smort_sale_price_dkk":"","_smort_sale_price_eur":"26.93","smort_restorder":"","shipmondo_restorder":"","_kad_blocks_custom_css":"","_kad_blocks_head_custom_js":"","_kad_blocks_body_custom_js":"","_kad_blocks_footer_custom_js":"","smort_custom_pricelist_1":"252.8","smort_custom_pricelist_2":"221.2","smort_custom_pricelist_3":"205.4","smort_custom_pricelist_4":"316","smort_custom_pricelist_5":"221.2"},"anvandningsomrade":[],"bilmarken":[],"product_brand":[104],"product_cat":[2545,2546,142],"product_tag":[],"class_list":{"0":"post-2712","1":"product","2":"type-product","3":"status-publish","4":"has-post-thumbnail","6":"product_brand-nbb","7":"product_cat-tillbehor-installation","8":"product_cat-ovriga-tillbehor-tillbehor-installation","9":"product_cat-extraljus","11":"first","12":"instock","13":"taxable","14":"shipping-taxable","15":"purchasable","16":"product-type-simple"},"bundled_by":[],"bundle_stock_status":"instock","bundle_stock_quantity":60,"bundle_virtual":false,"bundle_layout":"","bundle_add_to_cart_form_location":"","bundle_editable_in_cart":false,"bundle_sold_individually_context":"","bundle_item_grouping":"","bundle_min_size":"","bundle_max_size":"","bundle_price":[],"bundled_items":[],"bundle_sell_ids":[],"acf":[],"yoast_head":"<!-- This site is optimized with the Yoast SEO plugin v27.0 - https:\/\/yoast.com\/product\/yoast-seo-wordpress\/ -->\n<title>Stenskottsskydd NBB 225 Alpha - Xenonkungen<\/title>\n<meta name=\"robots\" content=\"index, follow, max-snippet:-1, max-image-preview:large, max-video-preview:-1\" \/>\n<link rel=\"canonical\" href=\"https:\/\/xenonkungen.com\/de\/produkt\/steinschlagschutz-nbb-225-alpha\/\" \/>\n<meta property=\"og:locale\" content=\"de_DE\" \/>\n<meta property=\"og:type\" content=\"article\" \/>\n<meta property=\"og:title\" content=\"Stenskottsskydd NBB 225 Alpha - Xenonkungen\" \/>\n<meta property=\"og:description\" content=\"Skydda dina NBB\/ABL Alpha 225 med Transparent Stenskottsskydd Skydda dina NBB\/ABL Alpha 225 fj\u00e4rrljus och Pencil-str\u00e5lkastare effektivt med ett transparent stenskottsskydd. Detta skydd, tillg\u00e4ngligt p\u00e5 Xenonkungen, \u00e4r en idealisk l\u00f6sning f\u00f6r att f\u00f6rl\u00e4nga livsl\u00e4ngden och bevara kvaliteten p\u00e5 dina lyktor. Det passar utm\u00e4rkt f\u00f6r b\u00e5de halogen- och xenonvarianterna av lyktan, vilket g\u00f6r det till ett [&hellip;]\" \/>\n<meta property=\"og:url\" content=\"https:\/\/xenonkungen.com\/de\/produkt\/steinschlagschutz-nbb-225-alpha\/\" \/>\n<meta property=\"og:site_name\" content=\"Xenonkungen\" \/>\n<meta property=\"article:modified_time\" content=\"2026-04-17T11:05:45+00:00\" \/>\n<meta property=\"og:image\" content=\"https:\/\/xenonkungen.com\/wp-content\/uploads\/2025\/04\/3388099-origpic-4f1dbb.png\" \/>\n\t<meta property=\"og:image:width\" content=\"1200\" \/>\n\t<meta property=\"og:image:height\" content=\"1200\" \/>\n\t<meta property=\"og:image:type\" content=\"image\/png\" \/>\n<meta name=\"twitter:card\" content=\"summary_large_image\" \/>\n<meta name=\"twitter:label1\" content=\"Gesch\u00e4tzte Lesezeit\" \/>\n\t<meta name=\"twitter:data1\" content=\"1\u00a0Minute\" \/>\n<script type=\"application\/ld+json\" class=\"yoast-schema-graph\">{\"@context\":\"https:\/\/schema.org\",\"@graph\":[{\"@type\":\"WebPage\",\"@id\":\"https:\/\/xenonkungen.com\/produkt\/stenskottsskydd-nbb-225-alpha\/\",\"url\":\"https:\/\/xenonkungen.com\/produkt\/stenskottsskydd-nbb-225-alpha\/\",\"name\":\"Stenskottsskydd NBB 225 Alpha - Xenonkungen\",\"isPartOf\":{\"@id\":\"https:\/\/xenonkungen.com\/#website\"},\"primaryImageOfPage\":{\"@id\":\"https:\/\/xenonkungen.com\/produkt\/stenskottsskydd-nbb-225-alpha\/#primaryimage\"},\"image\":{\"@id\":\"https:\/\/xenonkungen.com\/produkt\/stenskottsskydd-nbb-225-alpha\/#primaryimage\"},\"thumbnailUrl\":\"https:\/\/xenonkungen.com\/wp-content\/uploads\/2025\/04\/3388099-origpic-4f1dbb.png\",\"datePublished\":\"2025-04-15T08:41:15+00:00\",\"dateModified\":\"2026-04-17T11:05:45+00:00\",\"breadcrumb\":{\"@id\":\"https:\/\/xenonkungen.com\/produkt\/stenskottsskydd-nbb-225-alpha\/#breadcrumb\"},\"inLanguage\":\"de\",\"potentialAction\":[{\"@type\":\"ReadAction\",\"target\":[\"https:\/\/xenonkungen.com\/produkt\/stenskottsskydd-nbb-225-alpha\/\"]}]},{\"@type\":\"ImageObject\",\"inLanguage\":\"de\",\"@id\":\"https:\/\/xenonkungen.com\/produkt\/stenskottsskydd-nbb-225-alpha\/#primaryimage\",\"url\":\"https:\/\/xenonkungen.com\/wp-content\/uploads\/2025\/04\/3388099-origpic-4f1dbb.png\",\"contentUrl\":\"https:\/\/xenonkungen.com\/wp-content\/uploads\/2025\/04\/3388099-origpic-4f1dbb.png\",\"width\":1200,\"height\":1200},{\"@type\":\"BreadcrumbList\",\"@id\":\"https:\/\/xenonkungen.com\/produkt\/stenskottsskydd-nbb-225-alpha\/#breadcrumb\",\"itemListElement\":[{\"@type\":\"ListItem\",\"position\":1,\"name\":\"Hem\",\"item\":\"https:\/\/xenonkungen.com\/\"},{\"@type\":\"ListItem\",\"position\":2,\"name\":\"Shop\",\"item\":\"https:\/\/xenonkungen.com\/shop\/\"},{\"@type\":\"ListItem\",\"position\":3,\"name\":\"Stenskottsskydd NBB 225 Alpha\"}]},{\"@type\":\"WebSite\",\"@id\":\"https:\/\/xenonkungen.com\/#website\",\"url\":\"https:\/\/xenonkungen.com\/\",\"name\":\"Xenonkungen\",\"description\":\"\",\"potentialAction\":[{\"@type\":\"SearchAction\",\"target\":{\"@type\":\"EntryPoint\",\"urlTemplate\":\"https:\/\/xenonkungen.com\/?s={search_term_string}\"},\"query-input\":{\"@type\":\"PropertyValueSpecification\",\"valueRequired\":true,\"valueName\":\"search_term_string\"}}],\"inLanguage\":\"de\"}]}<\/script>\n<!-- \/ Yoast SEO plugin. -->","yoast_head_json":{"title":"Steinschutz NBB 225 Alpha - Xenonkungen","robots":{"index":"index","follow":"follow","max-snippet":"max-snippet:-1","max-image-preview":"max-image-preview:large","max-video-preview":"max-video-preview:-1"},"canonical":"https:\/\/xenonkungen.com\/de\/produkt\/steinschlagschutz-nbb-225-alpha\/","og_locale":"de_DE","og_type":"article","og_title":"Stenskottsskydd NBB 225 Alpha - Xenonkungen","og_description":"Skydda dina NBB\/ABL Alpha 225 med Transparent Stenskottsskydd Skydda dina NBB\/ABL Alpha 225 fj\u00e4rrljus och Pencil-str\u00e5lkastare effektivt med ett transparent stenskottsskydd. Detta skydd, tillg\u00e4ngligt p\u00e5 Xenonkungen, \u00e4r en idealisk l\u00f6sning f\u00f6r att f\u00f6rl\u00e4nga livsl\u00e4ngden och bevara kvaliteten p\u00e5 dina lyktor. Det passar utm\u00e4rkt f\u00f6r b\u00e5de halogen- och xenonvarianterna av lyktan, vilket g\u00f6r det till ett [&hellip;]","og_url":"https:\/\/xenonkungen.com\/de\/produkt\/steinschlagschutz-nbb-225-alpha\/","og_site_name":"Xenonkungen","article_modified_time":"2026-04-17T11:05:45+00:00","og_image":[{"width":1200,"height":1200,"url":"https:\/\/xenonkungen.com\/wp-content\/uploads\/2025\/04\/3388099-origpic-4f1dbb.png","type":"image\/png"}],"twitter_card":"summary_large_image","twitter_misc":{"Gesch\u00e4tzte Lesezeit":"1\u00a0Minute"},"schema":{"@context":"https:\/\/schema.org","@graph":[{"@type":"WebPage","@id":"https:\/\/xenonkungen.com\/produkt\/stenskottsskydd-nbb-225-alpha\/","url":"https:\/\/xenonkungen.com\/produkt\/stenskottsskydd-nbb-225-alpha\/","name":"Steinschutz NBB 225 Alpha - Xenonkungen","isPartOf":{"@id":"https:\/\/xenonkungen.com\/#website"},"primaryImageOfPage":{"@id":"https:\/\/xenonkungen.com\/produkt\/stenskottsskydd-nbb-225-alpha\/#primaryimage"},"image":{"@id":"https:\/\/xenonkungen.com\/produkt\/stenskottsskydd-nbb-225-alpha\/#primaryimage"},"thumbnailUrl":"https:\/\/xenonkungen.com\/wp-content\/uploads\/2025\/04\/3388099-origpic-4f1dbb.png","datePublished":"2025-04-15T08:41:15+00:00","dateModified":"2026-04-17T11:05:45+00:00","breadcrumb":{"@id":"https:\/\/xenonkungen.com\/produkt\/stenskottsskydd-nbb-225-alpha\/#breadcrumb"},"inLanguage":"de","potentialAction":[{"@type":"ReadAction","target":["https:\/\/xenonkungen.com\/produkt\/stenskottsskydd-nbb-225-alpha\/"]}]},{"@type":"ImageObject","inLanguage":"de","@id":"https:\/\/xenonkungen.com\/produkt\/stenskottsskydd-nbb-225-alpha\/#primaryimage","url":"https:\/\/xenonkungen.com\/wp-content\/uploads\/2025\/04\/3388099-origpic-4f1dbb.png","contentUrl":"https:\/\/xenonkungen.com\/wp-content\/uploads\/2025\/04\/3388099-origpic-4f1dbb.png","width":1200,"height":1200},{"@type":"BreadcrumbList","@id":"https:\/\/xenonkungen.com\/produkt\/stenskottsskydd-nbb-225-alpha\/#breadcrumb","itemListElement":[{"@type":"ListItem","position":1,"name":"Hem","item":"https:\/\/xenonkungen.com\/"},{"@type":"ListItem","position":2,"name":"Shop","item":"https:\/\/xenonkungen.com\/shop\/"},{"@type":"ListItem","position":3,"name":"Stenskottsskydd NBB 225 Alpha"}]},{"@type":"WebSite","@id":"https:\/\/xenonkungen.com\/#website","url":"https:\/\/xenonkungen.com\/","name":"Xenonkungen","description":"","potentialAction":[{"@type":"SearchAction","target":{"@type":"EntryPoint","urlTemplate":"https:\/\/xenonkungen.com\/?s={search_term_string}"},"query-input":{"@type":"PropertyValueSpecification","valueRequired":true,"valueName":"search_term_string"}}],"inLanguage":"de"}]}},"taxonomy_info":{"product_brand":[{"value":104,"label":"NBB"}],"product_cat":[{"value":2545,"label":"INSTALLATION"},{"value":2546,"label":"\u00d6vriga Tillbeh\u00f6r"},{"value":142,"label":"Extraljus"}]},"featured_image_src_large":["https:\/\/xenonkungen.com\/wp-content\/uploads\/2025\/04\/3388099-origpic-4f1dbb-1024x1024.png",1024,1024,true],"author_info":[],"comment_info":0,"_links":{"self":[{"href":"https:\/\/xenonkungen.com\/de\/wp-json\/wp\/v2\/product\/2712","targetHints":{"allow":["GET"]}}],"collection":[{"href":"https:\/\/xenonkungen.com\/de\/wp-json\/wp\/v2\/product"}],"about":[{"href":"https:\/\/xenonkungen.com\/de\/wp-json\/wp\/v2\/types\/product"}],"replies":[{"embeddable":true,"href":"https:\/\/xenonkungen.com\/de\/wp-json\/wp\/v2\/comments?post=2712"}],"wp:featuredmedia":[{"embeddable":true,"href":"https:\/\/xenonkungen.com\/de\/wp-json\/wp\/v2\/media\/2713"}],"wp:attachment":[{"href":"https:\/\/xenonkungen.com\/de\/wp-json\/wp\/v2\/media?parent=2712"}],"wp:term":[{"taxonomy":"anvandningsomrade","embeddable":true,"href":"https:\/\/xenonkungen.com\/de\/wp-json\/wp\/v2\/anvandningsomrade?post=2712"},{"taxonomy":"bilmarken","embeddable":true,"href":"https:\/\/xenonkungen.com\/de\/wp-json\/wp\/v2\/bilmarken?post=2712"},{"taxonomy":"product_brand","embeddable":true,"href":"https:\/\/xenonkungen.com\/de\/wp-json\/wp\/v2\/product_brand?post=2712"},{"taxonomy":"product_cat","embeddable":true,"href":"https:\/\/xenonkungen.com\/de\/wp-json\/wp\/v2\/product_cat?post=2712"},{"taxonomy":"product_tag","embeddable":true,"href":"https:\/\/xenonkungen.com\/de\/wp-json\/wp\/v2\/product_tag?post=2712"}],"curies":[{"name":"wp","href":"https:\/\/api.w.org\/{rel}","templated":true}]}}