{"id":2716,"date":"2025-04-15T08:41:15","date_gmt":"2025-04-15T08:41:15","guid":{"rendered":"https:\/\/xenonkungen.com\/product\/extraljusfaste-till-3st-225mm9\/"},"modified":"2026-04-05T16:15:29","modified_gmt":"2026-04-05T15:15:29","slug":"zusatzliche-leuchte-fur-3-stuck-225-mm-9","status":"publish","type":"product","link":"https:\/\/xenonkungen.com\/de\/produkt\/zusatzliche-leuchte-fur-3-stuck-225-mm-9\/","title":{"rendered":"Zusatzlichtb\u00fcgel f\u00fcr 3 x 225mm|9\u2033."},"content":{"rendered":"<h1>Schwarze Zusatzscheinwerferhalterung aus pulverbeschichtetem Stahl<\/h1>\n<p>Diese Zusatzscheinwerferhalterung ist f\u00fcr die Aufnahme von entweder drei Zusatzscheinwerfern oder einer LED-Lichtleiste konzipiert und somit die ideale L\u00f6sung f\u00fcr Ihr Fahrzeug. Mit einer Breite von 51 cm und einem Abstand von 23,5 cm zwischen den Halterungen bietet sie die notwendige Stabilit\u00e4t und den Halt f\u00fcr Ihre Zusatzscheinwerfer.<\/p>\n<p>Die Halterung besteht aus hochwertigem, pulverbeschichtetem Stahl und ist so konzipiert, dass sie sowohl langlebig als auch \u00e4sthetisch ansprechend in schwarzer Ausf\u00fchrung ist.<\/p>","protected":false},"excerpt":{"rendered":"<p>Unsere universelle Halterung f\u00fcr entweder 3 zus\u00e4tzliche Lichter oder 1 LED-Rampe<\/p>","protected":false},"featured_media":2717,"comment_status":"closed","ping_status":"open","template":"","meta":{"_acf_changed":false,"_smort_price_nok":"262","_smort_price_dkk":"166","_smort_price_eur":"22.27","_smort_sale_price_nok":"","_smort_sale_price_dkk":"","_smort_sale_price_eur":"","smort_restorder":"","shipmondo_restorder":"","_kad_blocks_custom_css":"","_kad_blocks_head_custom_js":"","_kad_blocks_body_custom_js":"","_kad_blocks_footer_custom_js":"","smort_custom_pricelist_1":"167.44","smort_custom_pricelist_2":"143.52","smort_custom_pricelist_3":"131.56","smort_custom_pricelist_4":"239.2","smort_custom_pricelist_5":"143.52"},"anvandningsomrade":[],"bilmarken":[],"product_brand":[],"product_cat":[2534,2461,2535,2536,390],"product_tag":[],"class_list":{"0":"post-2716","1":"product","2":"type-product","3":"status-publish","4":"has-post-thumbnail","6":"product_cat-extraljusfaste-extraljus","7":"product_cat-fasten-installation","8":"product_cat-tillbehor-ledramper","9":"product_cat-tillbehor-tillbehor-ledramper","10":"product_cat-installation","12":"first","13":"instock","14":"taxable","15":"shipping-taxable","16":"purchasable","17":"product-type-simple"},"bundled_by":["9129","9161","9193","9223","9252","9271","9294","9309","9321","9346","9375","9474","9490","9495","9500","9541","9566","11856","25279","25806","25826"],"bundle_stock_status":"instock","bundle_stock_quantity":26,"bundle_virtual":false,"bundle_layout":"","bundle_add_to_cart_form_location":"","bundle_editable_in_cart":false,"bundle_sold_individually_context":"","bundle_item_grouping":"","bundle_min_size":"","bundle_max_size":"","bundle_price":[],"bundled_items":[],"bundle_sell_ids":[],"acf":[],"yoast_head":"<!-- This site is optimized with the Yoast SEO plugin v27.0 - https:\/\/yoast.com\/product\/yoast-seo-wordpress\/ -->\n<title>Extraljusf\u00e4ste till 3st 225mm|9&quot; - Xenonkungen<\/title>\n<meta name=\"robots\" content=\"index, follow, max-snippet:-1, max-image-preview:large, max-video-preview:-1\" \/>\n<link rel=\"canonical\" href=\"https:\/\/xenonkungen.com\/de\/produkt\/zusatzliche-leuchte-fur-3-stuck-225-mm-9\/\" \/>\n<meta property=\"og:locale\" content=\"de_DE\" \/>\n<meta property=\"og:type\" content=\"article\" \/>\n<meta property=\"og:title\" content=\"Extraljusf\u00e4ste till 3st 225mm|9&quot; - Xenonkungen\" \/>\n<meta property=\"og:description\" content=\"V\u00e5rt universala f\u00e4ste f\u00f6r antingen 3 extraljus eller 1 ledramp\" \/>\n<meta property=\"og:url\" content=\"https:\/\/xenonkungen.com\/de\/produkt\/zusatzliche-leuchte-fur-3-stuck-225-mm-9\/\" \/>\n<meta property=\"og:site_name\" content=\"Xenonkungen\" \/>\n<meta property=\"article:modified_time\" content=\"2026-04-05T15:15:29+00:00\" \/>\n<meta property=\"og:image\" content=\"https:\/\/xenonkungen.com\/wp-content\/uploads\/2025\/04\/3NKFaste-NK-Serien-DSCF5198-PNNG-1000px.png\" \/>\n\t<meta property=\"og:image:width\" content=\"1000\" \/>\n\t<meta property=\"og:image:height\" content=\"371\" \/>\n\t<meta property=\"og:image:type\" content=\"image\/png\" \/>\n<meta name=\"twitter:card\" content=\"summary_large_image\" \/>\n<script type=\"application\/ld+json\" class=\"yoast-schema-graph\">{\"@context\":\"https:\/\/schema.org\",\"@graph\":[{\"@type\":\"WebPage\",\"@id\":\"https:\/\/xenonkungen.com\/produkt\/extraljusfaste-till-3st-225mm9\/\",\"url\":\"https:\/\/xenonkungen.com\/produkt\/extraljusfaste-till-3st-225mm9\/\",\"name\":\"Extraljusf\u00e4ste till 3st 225mm|9\\\" - Xenonkungen\",\"isPartOf\":{\"@id\":\"https:\/\/xenonkungen.com\/#website\"},\"primaryImageOfPage\":{\"@id\":\"https:\/\/xenonkungen.com\/produkt\/extraljusfaste-till-3st-225mm9\/#primaryimage\"},\"image\":{\"@id\":\"https:\/\/xenonkungen.com\/produkt\/extraljusfaste-till-3st-225mm9\/#primaryimage\"},\"thumbnailUrl\":\"https:\/\/xenonkungen.com\/wp-content\/uploads\/2025\/04\/3NKFaste-NK-Serien-DSCF5198-PNNG-1000px.png\",\"datePublished\":\"2025-04-15T08:41:15+00:00\",\"dateModified\":\"2026-04-05T15:15:29+00:00\",\"breadcrumb\":{\"@id\":\"https:\/\/xenonkungen.com\/produkt\/extraljusfaste-till-3st-225mm9\/#breadcrumb\"},\"inLanguage\":\"de\",\"potentialAction\":[{\"@type\":\"ReadAction\",\"target\":[\"https:\/\/xenonkungen.com\/produkt\/extraljusfaste-till-3st-225mm9\/\"]}]},{\"@type\":\"ImageObject\",\"inLanguage\":\"de\",\"@id\":\"https:\/\/xenonkungen.com\/produkt\/extraljusfaste-till-3st-225mm9\/#primaryimage\",\"url\":\"https:\/\/xenonkungen.com\/wp-content\/uploads\/2025\/04\/3NKFaste-NK-Serien-DSCF5198-PNNG-1000px.png\",\"contentUrl\":\"https:\/\/xenonkungen.com\/wp-content\/uploads\/2025\/04\/3NKFaste-NK-Serien-DSCF5198-PNNG-1000px.png\",\"width\":1000,\"height\":371},{\"@type\":\"BreadcrumbList\",\"@id\":\"https:\/\/xenonkungen.com\/produkt\/extraljusfaste-till-3st-225mm9\/#breadcrumb\",\"itemListElement\":[{\"@type\":\"ListItem\",\"position\":1,\"name\":\"Hem\",\"item\":\"https:\/\/xenonkungen.com\/\"},{\"@type\":\"ListItem\",\"position\":2,\"name\":\"Shop\",\"item\":\"https:\/\/xenonkungen.com\/shop\/\"},{\"@type\":\"ListItem\",\"position\":3,\"name\":\"Extraljusf\u00e4ste till 3st 225mm|9&#8243;\"}]},{\"@type\":\"WebSite\",\"@id\":\"https:\/\/xenonkungen.com\/#website\",\"url\":\"https:\/\/xenonkungen.com\/\",\"name\":\"Xenonkungen\",\"description\":\"\",\"potentialAction\":[{\"@type\":\"SearchAction\",\"target\":{\"@type\":\"EntryPoint\",\"urlTemplate\":\"https:\/\/xenonkungen.com\/?s={search_term_string}\"},\"query-input\":{\"@type\":\"PropertyValueSpecification\",\"valueRequired\":true,\"valueName\":\"search_term_string\"}}],\"inLanguage\":\"de\"}]}<\/script>\n<!-- \/ Yoast SEO plugin. -->","yoast_head_json":{"title":"Zusatzscheinwerferhalterung f\u00fcr 3 St\u00fcck 225 mm | 9&quot; Xenonkungen","robots":{"index":"index","follow":"follow","max-snippet":"max-snippet:-1","max-image-preview":"max-image-preview:large","max-video-preview":"max-video-preview:-1"},"canonical":"https:\/\/xenonkungen.com\/de\/produkt\/zusatzliche-leuchte-fur-3-stuck-225-mm-9\/","og_locale":"de_DE","og_type":"article","og_title":"Extraljusf\u00e4ste till 3st 225mm|9\" - Xenonkungen","og_description":"V\u00e5rt universala f\u00e4ste f\u00f6r antingen 3 extraljus eller 1 ledramp","og_url":"https:\/\/xenonkungen.com\/de\/produkt\/zusatzliche-leuchte-fur-3-stuck-225-mm-9\/","og_site_name":"Xenonkungen","article_modified_time":"2026-04-05T15:15:29+00:00","og_image":[{"width":1000,"height":371,"url":"https:\/\/xenonkungen.com\/wp-content\/uploads\/2025\/04\/3NKFaste-NK-Serien-DSCF5198-PNNG-1000px.png","type":"image\/png"}],"twitter_card":"summary_large_image","schema":{"@context":"https:\/\/schema.org","@graph":[{"@type":"WebPage","@id":"https:\/\/xenonkungen.com\/produkt\/extraljusfaste-till-3st-225mm9\/","url":"https:\/\/xenonkungen.com\/produkt\/extraljusfaste-till-3st-225mm9\/","name":"Zusatzscheinwerferhalterung f\u00fcr 3 St\u00fcck 225 mm | 9&quot; Xenonkungen","isPartOf":{"@id":"https:\/\/xenonkungen.com\/#website"},"primaryImageOfPage":{"@id":"https:\/\/xenonkungen.com\/produkt\/extraljusfaste-till-3st-225mm9\/#primaryimage"},"image":{"@id":"https:\/\/xenonkungen.com\/produkt\/extraljusfaste-till-3st-225mm9\/#primaryimage"},"thumbnailUrl":"https:\/\/xenonkungen.com\/wp-content\/uploads\/2025\/04\/3NKFaste-NK-Serien-DSCF5198-PNNG-1000px.png","datePublished":"2025-04-15T08:41:15+00:00","dateModified":"2026-04-05T15:15:29+00:00","breadcrumb":{"@id":"https:\/\/xenonkungen.com\/produkt\/extraljusfaste-till-3st-225mm9\/#breadcrumb"},"inLanguage":"de","potentialAction":[{"@type":"ReadAction","target":["https:\/\/xenonkungen.com\/produkt\/extraljusfaste-till-3st-225mm9\/"]}]},{"@type":"ImageObject","inLanguage":"de","@id":"https:\/\/xenonkungen.com\/produkt\/extraljusfaste-till-3st-225mm9\/#primaryimage","url":"https:\/\/xenonkungen.com\/wp-content\/uploads\/2025\/04\/3NKFaste-NK-Serien-DSCF5198-PNNG-1000px.png","contentUrl":"https:\/\/xenonkungen.com\/wp-content\/uploads\/2025\/04\/3NKFaste-NK-Serien-DSCF5198-PNNG-1000px.png","width":1000,"height":371},{"@type":"BreadcrumbList","@id":"https:\/\/xenonkungen.com\/produkt\/extraljusfaste-till-3st-225mm9\/#breadcrumb","itemListElement":[{"@type":"ListItem","position":1,"name":"Hem","item":"https:\/\/xenonkungen.com\/"},{"@type":"ListItem","position":2,"name":"Shop","item":"https:\/\/xenonkungen.com\/shop\/"},{"@type":"ListItem","position":3,"name":"Extraljusf\u00e4ste till 3st 225mm|9&#8243;"}]},{"@type":"WebSite","@id":"https:\/\/xenonkungen.com\/#website","url":"https:\/\/xenonkungen.com\/","name":"Xenonkungen","description":"","potentialAction":[{"@type":"SearchAction","target":{"@type":"EntryPoint","urlTemplate":"https:\/\/xenonkungen.com\/?s={search_term_string}"},"query-input":{"@type":"PropertyValueSpecification","valueRequired":true,"valueName":"search_term_string"}}],"inLanguage":"de"}]}},"taxonomy_info":{"product_cat":[{"value":2534,"label":"Extraljusf\u00e4ste"},{"value":2461,"label":"F\u00e4sten"},{"value":2535,"label":"LEDRAMPER"},{"value":2536,"label":"Tillbeh\u00f6r"},{"value":390,"label":"Installation"}]},"featured_image_src_large":["https:\/\/xenonkungen.com\/wp-content\/uploads\/2025\/04\/3NKFaste-NK-Serien-DSCF5198-PNNG-1000px.png",1000,371,false],"author_info":[],"comment_info":2,"_links":{"self":[{"href":"https:\/\/xenonkungen.com\/de\/wp-json\/wp\/v2\/product\/2716","targetHints":{"allow":["GET"]}}],"collection":[{"href":"https:\/\/xenonkungen.com\/de\/wp-json\/wp\/v2\/product"}],"about":[{"href":"https:\/\/xenonkungen.com\/de\/wp-json\/wp\/v2\/types\/product"}],"replies":[{"embeddable":true,"href":"https:\/\/xenonkungen.com\/de\/wp-json\/wp\/v2\/comments?post=2716"}],"wp:featuredmedia":[{"embeddable":true,"href":"https:\/\/xenonkungen.com\/de\/wp-json\/wp\/v2\/media\/2717"}],"wp:attachment":[{"href":"https:\/\/xenonkungen.com\/de\/wp-json\/wp\/v2\/media?parent=2716"}],"wp:term":[{"taxonomy":"anvandningsomrade","embeddable":true,"href":"https:\/\/xenonkungen.com\/de\/wp-json\/wp\/v2\/anvandningsomrade?post=2716"},{"taxonomy":"bilmarken","embeddable":true,"href":"https:\/\/xenonkungen.com\/de\/wp-json\/wp\/v2\/bilmarken?post=2716"},{"taxonomy":"product_brand","embeddable":true,"href":"https:\/\/xenonkungen.com\/de\/wp-json\/wp\/v2\/product_brand?post=2716"},{"taxonomy":"product_cat","embeddable":true,"href":"https:\/\/xenonkungen.com\/de\/wp-json\/wp\/v2\/product_cat?post=2716"},{"taxonomy":"product_tag","embeddable":true,"href":"https:\/\/xenonkungen.com\/de\/wp-json\/wp\/v2\/product_tag?post=2716"}],"curies":[{"name":"wp","href":"https:\/\/api.w.org\/{rel}","templated":true}]}}