{"id":2720,"date":"2025-04-15T08:41:34","date_gmt":"2025-04-15T08:41:34","guid":{"rendered":"https:\/\/xenonkungen.com\/product\/extraljus-stag-rund-svart\/"},"modified":"2026-04-17T16:15:44","modified_gmt":"2026-04-17T15:15:44","slug":"zusatzscheinwerferhalterung-rund-schwarz","status":"publish","type":"product","link":"https:\/\/xenonkungen.com\/de\/produkt\/zusatzscheinwerferhalterung-rund-schwarz\/","title":{"rendered":"Extra Lichthalter Rund Schwarz"},"content":{"rendered":"<h1>Runde Zusatzscheinwerferleisten<\/h1>\n<p>F\u00fcr eine vibrationsfreie Lichtverteilung der Zusatzscheinwerfer ist eine Stabilisierungshalterung erforderlich. Diese Art von Halterung eignet sich am besten f\u00fcr Zusatzscheinwerfer, die an der Fahrzeugfront montiert sind. Bei der Suche nach der passenden Halterung sollten Sie deren Eigenschaften und die damit verbundene Verbesserung der Beleuchtung ber\u00fccksichtigen.<\/p>\n<p>Diese Halterung hat ein rundes Design und ist l\u00e4ngenverstellbar, was Ihnen Flexibilit\u00e4t bei der Montage erm\u00f6glicht. Sie wird au\u00dferdem mit Montagematerial f\u00fcr eine einfache und sichere Installation geliefert. Falls Ihre Zusatzleuchte keine Schraubl\u00f6cher an der Oberseite hat, m\u00fcssen Sie m\u00f6glicherweise eine passende \u00d6ffnung ausschneiden, um eine sichere Befestigung zu gew\u00e4hrleisten.<\/p>\n<p>Beachten Sie, dass Sie f\u00fcr jeden Zusatzscheinwerfer eine Halterung ben\u00f6tigen; dieses Set enth\u00e4lt zwei Halterungen. Die Investition in die richtigen Zusatzscheinwerferhalterungen ist ein wichtiger Schritt hin zu einem besseren Lichtbild und einem verbesserten Fahrerlebnis.<\/p>","protected":false},"excerpt":{"rendered":"<p>Stabilisierungsstreben zur schwingungsfreien Montage von Zusatzscheinwerfern<\/p>","protected":false},"featured_media":2721,"comment_status":"closed","ping_status":"open","template":"","meta":{"_acf_changed":false,"_smort_price_nok":"74","_smort_price_dkk":"47","_smort_price_eur":"6.27","_smort_sale_price_nok":"","_smort_sale_price_dkk":"","_smort_sale_price_eur":"","smort_restorder":"","shipmondo_restorder":"","_kad_blocks_custom_css":"","_kad_blocks_head_custom_js":"","_kad_blocks_body_custom_js":"","_kad_blocks_footer_custom_js":"","smort_custom_pricelist_1":"44.16","smort_custom_pricelist_2":"44.16","smort_custom_pricelist_3":"41.95","smort_custom_pricelist_4":"55.2","smort_custom_pricelist_5":"44.16"},"anvandningsomrade":[],"bilmarken":[],"product_brand":[],"product_cat":[2534,2461,2535,2536,390],"product_tag":[],"class_list":{"0":"post-2720","1":"product","2":"type-product","3":"status-publish","4":"has-post-thumbnail","6":"product_cat-extraljusfaste-extraljus","7":"product_cat-fasten-installation","8":"product_cat-tillbehor-ledramper","9":"product_cat-tillbehor-tillbehor-ledramper","10":"product_cat-installation","12":"first","13":"instock","14":"taxable","15":"shipping-taxable","16":"purchasable","17":"product-type-simple"},"bundled_by":["9321","9327","9333","9336","9414","9420","9426","9433","9439","9445","9451","9457","9464","9469","9474","9480","9485","9490","9495","9500","9410"],"bundle_stock_status":"instock","bundle_stock_quantity":169,"bundle_virtual":false,"bundle_layout":"","bundle_add_to_cart_form_location":"","bundle_editable_in_cart":false,"bundle_sold_individually_context":"","bundle_item_grouping":"","bundle_min_size":"","bundle_max_size":"","bundle_price":[],"bundled_items":[],"bundle_sell_ids":[],"acf":[],"yoast_head":"<!-- This site is optimized with the Yoast SEO plugin v27.0 - https:\/\/yoast.com\/product\/yoast-seo-wordpress\/ -->\n<title>Extraljus-Stag Rund Svart - Xenonkungen<\/title>\n<meta name=\"robots\" content=\"index, follow, max-snippet:-1, max-image-preview:large, max-video-preview:-1\" \/>\n<link rel=\"canonical\" href=\"https:\/\/xenonkungen.com\/de\/produkt\/zusatzscheinwerferhalterung-rund-schwarz\/\" \/>\n<meta property=\"og:locale\" content=\"de_DE\" \/>\n<meta property=\"og:type\" content=\"article\" \/>\n<meta property=\"og:title\" content=\"Extraljus-Stag Rund Svart - Xenonkungen\" \/>\n<meta property=\"og:description\" content=\"Stabiliseringsstag f\u00f6r vibrationsfri installation av extraljus\" \/>\n<meta property=\"og:url\" content=\"https:\/\/xenonkungen.com\/de\/produkt\/zusatzscheinwerferhalterung-rund-schwarz\/\" \/>\n<meta property=\"og:site_name\" content=\"Xenonkungen\" \/>\n<meta property=\"article:modified_time\" content=\"2026-04-17T15:15:44+00:00\" \/>\n<meta property=\"og:image\" content=\"https:\/\/xenonkungen.com\/wp-content\/uploads\/2025\/04\/D408412_itemimage_mainfront.webp\" \/>\n\t<meta property=\"og:image:width\" content=\"2048\" \/>\n\t<meta property=\"og:image:height\" content=\"1536\" \/>\n\t<meta property=\"og:image:type\" content=\"image\/webp\" \/>\n<meta name=\"twitter:card\" content=\"summary_large_image\" \/>\n<meta name=\"twitter:label1\" content=\"Gesch\u00e4tzte Lesezeit\" \/>\n\t<meta name=\"twitter:data1\" content=\"1\u00a0Minute\" \/>\n<script type=\"application\/ld+json\" class=\"yoast-schema-graph\">{\"@context\":\"https:\/\/schema.org\",\"@graph\":[{\"@type\":\"WebPage\",\"@id\":\"https:\/\/xenonkungen.com\/produkt\/extraljus-stag-rund-svart\/\",\"url\":\"https:\/\/xenonkungen.com\/produkt\/extraljus-stag-rund-svart\/\",\"name\":\"Extraljus-Stag Rund Svart - Xenonkungen\",\"isPartOf\":{\"@id\":\"https:\/\/xenonkungen.com\/#website\"},\"primaryImageOfPage\":{\"@id\":\"https:\/\/xenonkungen.com\/produkt\/extraljus-stag-rund-svart\/#primaryimage\"},\"image\":{\"@id\":\"https:\/\/xenonkungen.com\/produkt\/extraljus-stag-rund-svart\/#primaryimage\"},\"thumbnailUrl\":\"https:\/\/xenonkungen.com\/wp-content\/uploads\/2025\/04\/D408412_itemimage_mainfront.webp\",\"datePublished\":\"2025-04-15T08:41:34+00:00\",\"dateModified\":\"2026-04-17T15:15:44+00:00\",\"breadcrumb\":{\"@id\":\"https:\/\/xenonkungen.com\/produkt\/extraljus-stag-rund-svart\/#breadcrumb\"},\"inLanguage\":\"de\",\"potentialAction\":[{\"@type\":\"ReadAction\",\"target\":[\"https:\/\/xenonkungen.com\/produkt\/extraljus-stag-rund-svart\/\"]}]},{\"@type\":\"ImageObject\",\"inLanguage\":\"de\",\"@id\":\"https:\/\/xenonkungen.com\/produkt\/extraljus-stag-rund-svart\/#primaryimage\",\"url\":\"https:\/\/xenonkungen.com\/wp-content\/uploads\/2025\/04\/D408412_itemimage_mainfront.webp\",\"contentUrl\":\"https:\/\/xenonkungen.com\/wp-content\/uploads\/2025\/04\/D408412_itemimage_mainfront.webp\",\"width\":2048,\"height\":1536},{\"@type\":\"BreadcrumbList\",\"@id\":\"https:\/\/xenonkungen.com\/produkt\/extraljus-stag-rund-svart\/#breadcrumb\",\"itemListElement\":[{\"@type\":\"ListItem\",\"position\":1,\"name\":\"Hem\",\"item\":\"https:\/\/xenonkungen.com\/\"},{\"@type\":\"ListItem\",\"position\":2,\"name\":\"Shop\",\"item\":\"https:\/\/xenonkungen.com\/shop\/\"},{\"@type\":\"ListItem\",\"position\":3,\"name\":\"Extraljus-Stag Rund Svart\"}]},{\"@type\":\"WebSite\",\"@id\":\"https:\/\/xenonkungen.com\/#website\",\"url\":\"https:\/\/xenonkungen.com\/\",\"name\":\"Xenonkungen\",\"description\":\"\",\"potentialAction\":[{\"@type\":\"SearchAction\",\"target\":{\"@type\":\"EntryPoint\",\"urlTemplate\":\"https:\/\/xenonkungen.com\/?s={search_term_string}\"},\"query-input\":{\"@type\":\"PropertyValueSpecification\",\"valueRequired\":true,\"valueName\":\"search_term_string\"}}],\"inLanguage\":\"de\"}]}<\/script>\n<!-- \/ Yoast SEO plugin. -->","yoast_head_json":{"title":"Zusatzscheinwerfer rund schwarz - Xenonkungen","robots":{"index":"index","follow":"follow","max-snippet":"max-snippet:-1","max-image-preview":"max-image-preview:large","max-video-preview":"max-video-preview:-1"},"canonical":"https:\/\/xenonkungen.com\/de\/produkt\/zusatzscheinwerferhalterung-rund-schwarz\/","og_locale":"de_DE","og_type":"article","og_title":"Extraljus-Stag Rund Svart - Xenonkungen","og_description":"Stabiliseringsstag f\u00f6r vibrationsfri installation av extraljus","og_url":"https:\/\/xenonkungen.com\/de\/produkt\/zusatzscheinwerferhalterung-rund-schwarz\/","og_site_name":"Xenonkungen","article_modified_time":"2026-04-17T15:15:44+00:00","og_image":[{"width":2048,"height":1536,"url":"https:\/\/xenonkungen.com\/wp-content\/uploads\/2025\/04\/D408412_itemimage_mainfront.webp","type":"image\/webp"}],"twitter_card":"summary_large_image","twitter_misc":{"Gesch\u00e4tzte Lesezeit":"1\u00a0Minute"},"schema":{"@context":"https:\/\/schema.org","@graph":[{"@type":"WebPage","@id":"https:\/\/xenonkungen.com\/produkt\/extraljus-stag-rund-svart\/","url":"https:\/\/xenonkungen.com\/produkt\/extraljus-stag-rund-svart\/","name":"Zusatzscheinwerfer rund schwarz - Xenonkungen","isPartOf":{"@id":"https:\/\/xenonkungen.com\/#website"},"primaryImageOfPage":{"@id":"https:\/\/xenonkungen.com\/produkt\/extraljus-stag-rund-svart\/#primaryimage"},"image":{"@id":"https:\/\/xenonkungen.com\/produkt\/extraljus-stag-rund-svart\/#primaryimage"},"thumbnailUrl":"https:\/\/xenonkungen.com\/wp-content\/uploads\/2025\/04\/D408412_itemimage_mainfront.webp","datePublished":"2025-04-15T08:41:34+00:00","dateModified":"2026-04-17T15:15:44+00:00","breadcrumb":{"@id":"https:\/\/xenonkungen.com\/produkt\/extraljus-stag-rund-svart\/#breadcrumb"},"inLanguage":"de","potentialAction":[{"@type":"ReadAction","target":["https:\/\/xenonkungen.com\/produkt\/extraljus-stag-rund-svart\/"]}]},{"@type":"ImageObject","inLanguage":"de","@id":"https:\/\/xenonkungen.com\/produkt\/extraljus-stag-rund-svart\/#primaryimage","url":"https:\/\/xenonkungen.com\/wp-content\/uploads\/2025\/04\/D408412_itemimage_mainfront.webp","contentUrl":"https:\/\/xenonkungen.com\/wp-content\/uploads\/2025\/04\/D408412_itemimage_mainfront.webp","width":2048,"height":1536},{"@type":"BreadcrumbList","@id":"https:\/\/xenonkungen.com\/produkt\/extraljus-stag-rund-svart\/#breadcrumb","itemListElement":[{"@type":"ListItem","position":1,"name":"Hem","item":"https:\/\/xenonkungen.com\/"},{"@type":"ListItem","position":2,"name":"Shop","item":"https:\/\/xenonkungen.com\/shop\/"},{"@type":"ListItem","position":3,"name":"Extraljus-Stag Rund Svart"}]},{"@type":"WebSite","@id":"https:\/\/xenonkungen.com\/#website","url":"https:\/\/xenonkungen.com\/","name":"Xenonkungen","description":"","potentialAction":[{"@type":"SearchAction","target":{"@type":"EntryPoint","urlTemplate":"https:\/\/xenonkungen.com\/?s={search_term_string}"},"query-input":{"@type":"PropertyValueSpecification","valueRequired":true,"valueName":"search_term_string"}}],"inLanguage":"de"}]}},"taxonomy_info":{"product_cat":[{"value":2534,"label":"Extraljusf\u00e4ste"},{"value":2461,"label":"F\u00e4sten"},{"value":2535,"label":"LEDRAMPER"},{"value":2536,"label":"Tillbeh\u00f6r"},{"value":390,"label":"Installation"}]},"featured_image_src_large":["https:\/\/xenonkungen.com\/wp-content\/uploads\/2025\/04\/D408412_itemimage_mainfront-1024x768.webp",1024,768,true],"author_info":[],"comment_info":2,"_links":{"self":[{"href":"https:\/\/xenonkungen.com\/de\/wp-json\/wp\/v2\/product\/2720","targetHints":{"allow":["GET"]}}],"collection":[{"href":"https:\/\/xenonkungen.com\/de\/wp-json\/wp\/v2\/product"}],"about":[{"href":"https:\/\/xenonkungen.com\/de\/wp-json\/wp\/v2\/types\/product"}],"replies":[{"embeddable":true,"href":"https:\/\/xenonkungen.com\/de\/wp-json\/wp\/v2\/comments?post=2720"}],"wp:featuredmedia":[{"embeddable":true,"href":"https:\/\/xenonkungen.com\/de\/wp-json\/wp\/v2\/media\/2721"}],"wp:attachment":[{"href":"https:\/\/xenonkungen.com\/de\/wp-json\/wp\/v2\/media?parent=2720"}],"wp:term":[{"taxonomy":"anvandningsomrade","embeddable":true,"href":"https:\/\/xenonkungen.com\/de\/wp-json\/wp\/v2\/anvandningsomrade?post=2720"},{"taxonomy":"bilmarken","embeddable":true,"href":"https:\/\/xenonkungen.com\/de\/wp-json\/wp\/v2\/bilmarken?post=2720"},{"taxonomy":"product_brand","embeddable":true,"href":"https:\/\/xenonkungen.com\/de\/wp-json\/wp\/v2\/product_brand?post=2720"},{"taxonomy":"product_cat","embeddable":true,"href":"https:\/\/xenonkungen.com\/de\/wp-json\/wp\/v2\/product_cat?post=2720"},{"taxonomy":"product_tag","embeddable":true,"href":"https:\/\/xenonkungen.com\/de\/wp-json\/wp\/v2\/product_tag?post=2720"}],"curies":[{"name":"wp","href":"https:\/\/api.w.org\/{rel}","templated":true}]}}