{"id":27690,"date":"2026-03-13T14:59:23","date_gmt":"2026-03-13T13:59:23","guid":{"rendered":"https:\/\/xenonkungen.com\/?post_type=product&#038;p=27690"},"modified":"2026-04-24T17:46:48","modified_gmt":"2026-04-24T16:46:48","slug":"tershine-dufttanne","status":"publish","type":"product","link":"https:\/\/xenonkungen.com\/de\/produkt\/tershine-dufttanne\/","title":{"rendered":"Tershine Dufttanne"},"content":{"rendered":"<p><span data-sheets-root=\"1\">Stilvoller und klassischer Autoduft oder duftende Tanne, die in vielen sch\u00f6nen Duftrichtungen f\u00fcr Ihr Auto erh\u00e4ltlich ist.<\/span><\/p>\n<p>Erh\u00e4ltlich in verschiedenen wundersch\u00f6nen Duftrichtungen wie zum Beispiel:<\/p>\n<p>Gr\u00fcner Apfel<br \/>\nMelone<br \/>\nErdbeere<br \/>\nKalk<br \/>\nVanille<br \/>\nKaugummi<\/p>\n<p>Die Verwendung unserer Duftb\u00e4ume ist kinderleicht: \u00d6ffnen Sie die Plastikverpackung und h\u00e4ngen Sie den Baum mit der beiliegenden Schnur auf, genau wie bei einem Wunderbaum oder einem anderen Duftbaum. Achten Sie f\u00fcr ein optimales Dufterlebnis darauf, dass die Oberfl\u00e4che des Duftbaums nichts ber\u00fchrt. Wenn Sie m\u00f6chten, k\u00f6nnen Sie den Beutel aufbewahren und ihn nach und nach \u00f6ffnen, um den Duft gezielter zu verteilen.<\/p>\n<p>Unser Duft\u00f6l f\u00fcr Autositze verstr\u00f6mt einen angenehmen und langanhaltenden Duft, ohne sich dauerhaft im Automaterial festzusetzen. Es ist zudem frei von Phthalaten und hormonell wirksamen Substanzen und somit unbedenklich f\u00fcr Mensch und Umwelt. Da es keine Kennzeichnung oder Warnhinweise enth\u00e4lt, ist es eine bewusste Wahl f\u00fcr Sie als Autobesitzer.<\/p>\n<p>Verleihen Sie Ihrem Auto den Duft, den es verdient \u2013 mit unserem klassischen Duftbaum. Ein kleines Detail mit gro\u00dfer Wirkung!<\/p>","protected":false},"excerpt":{"rendered":"<p>Duftb\u00e4ume f\u00fcrs Auto in vielen tollen Duftrichtungen. Verstr\u00f6men einen angenehmen Duft im ganzen Auto, ohne in die Polster etc. einzudringen.<\/p>","protected":false},"featured_media":27694,"comment_status":"open","ping_status":"closed","template":"","meta":{"_acf_changed":false,"_smort_price_nok":"","_smort_price_dkk":"","_smort_price_eur":"","_smort_sale_price_nok":"","_smort_sale_price_dkk":"","_smort_sale_price_eur":"","smort_restorder":"","shipmondo_restorder":"","_kad_blocks_custom_css":"","_kad_blocks_head_custom_js":"","_kad_blocks_body_custom_js":"","_kad_blocks_footer_custom_js":"","smort_custom_pricelist_1":"","smort_custom_pricelist_2":"","smort_custom_pricelist_3":"","smort_custom_pricelist_4":"","smort_custom_pricelist_5":""},"anvandningsomrade":[],"bilmarken":[],"product_brand":[2893],"product_cat":[2617,2447,378],"product_tag":[],"class_list":{"0":"post-27690","1":"product","2":"type-product","3":"status-publish","4":"has-post-thumbnail","6":"product_brand-tershine","7":"product_cat-polering","8":"product_cat-doft","9":"product_cat-bilvard","11":"first","12":"instock","13":"taxable","14":"shipping-taxable","15":"purchasable","16":"product-type-variable"},"bundled_by":[],"bundle_stock_status":"instock","bundle_stock_quantity":1,"bundle_virtual":false,"bundle_layout":"","bundle_add_to_cart_form_location":"","bundle_editable_in_cart":false,"bundle_sold_individually_context":"","bundle_item_grouping":"","bundle_min_size":"","bundle_max_size":"","bundle_price":[],"bundled_items":[],"bundle_sell_ids":[],"acf":[],"yoast_head":"<!-- This site is optimized with the Yoast SEO plugin v27.0 - https:\/\/yoast.com\/product\/yoast-seo-wordpress\/ -->\n<title>Tershine Doftgran - Xenonkungen<\/title>\n<meta name=\"robots\" content=\"index, follow, max-snippet:-1, max-image-preview:large, max-video-preview:-1\" \/>\n<link rel=\"canonical\" href=\"https:\/\/xenonkungen.com\/de\/produkt\/tershine-dufttanne\/\" \/>\n<meta property=\"og:locale\" content=\"de_DE\" \/>\n<meta property=\"og:type\" content=\"article\" \/>\n<meta property=\"og:title\" content=\"Tershine Doftgran - Xenonkungen\" \/>\n<meta property=\"og:description\" content=\"Doftgranar till bilen i massa h\u00e4rliga dofter. Ger en h\u00e4rlig doft i hela bilen utan att tr\u00e4nga in i kl\u00e4dsel osv.\" \/>\n<meta property=\"og:url\" content=\"https:\/\/xenonkungen.com\/de\/produkt\/tershine-dufttanne\/\" \/>\n<meta property=\"og:site_name\" content=\"Xenonkungen\" \/>\n<meta property=\"article:modified_time\" content=\"2026-04-24T16:46:48+00:00\" \/>\n<meta property=\"og:image\" content=\"https:\/\/xenonkungen.com\/wp-content\/uploads\/2026\/03\/rSe8We2sPDWjz6Eb7PRLNj2DLFiiXv9uEzvmUKET.webp\" \/>\n\t<meta property=\"og:image:width\" content=\"1024\" \/>\n\t<meta property=\"og:image:height\" content=\"1024\" \/>\n\t<meta property=\"og:image:type\" content=\"image\/webp\" \/>\n<meta name=\"twitter:card\" content=\"summary_large_image\" \/>\n<meta name=\"twitter:label1\" content=\"Gesch\u00e4tzte Lesezeit\" \/>\n\t<meta name=\"twitter:data1\" content=\"1\u00a0Minute\" \/>\n<script type=\"application\/ld+json\" class=\"yoast-schema-graph\">{\"@context\":\"https:\/\/schema.org\",\"@graph\":[{\"@type\":\"WebPage\",\"@id\":\"https:\/\/xenonkungen.com\/produkt\/tershine-doftgran\/\",\"url\":\"https:\/\/xenonkungen.com\/produkt\/tershine-doftgran\/\",\"name\":\"Tershine Doftgran - Xenonkungen\",\"isPartOf\":{\"@id\":\"https:\/\/xenonkungen.com\/#website\"},\"primaryImageOfPage\":{\"@id\":\"https:\/\/xenonkungen.com\/produkt\/tershine-doftgran\/#primaryimage\"},\"image\":{\"@id\":\"https:\/\/xenonkungen.com\/produkt\/tershine-doftgran\/#primaryimage\"},\"thumbnailUrl\":\"https:\/\/xenonkungen.com\/wp-content\/uploads\/2026\/03\/rSe8We2sPDWjz6Eb7PRLNj2DLFiiXv9uEzvmUKET.webp\",\"datePublished\":\"2026-03-13T13:59:23+00:00\",\"dateModified\":\"2026-04-24T16:46:48+00:00\",\"breadcrumb\":{\"@id\":\"https:\/\/xenonkungen.com\/produkt\/tershine-doftgran\/#breadcrumb\"},\"inLanguage\":\"de\",\"potentialAction\":[{\"@type\":\"ReadAction\",\"target\":[\"https:\/\/xenonkungen.com\/produkt\/tershine-doftgran\/\"]}]},{\"@type\":\"ImageObject\",\"inLanguage\":\"de\",\"@id\":\"https:\/\/xenonkungen.com\/produkt\/tershine-doftgran\/#primaryimage\",\"url\":\"https:\/\/xenonkungen.com\/wp-content\/uploads\/2026\/03\/rSe8We2sPDWjz6Eb7PRLNj2DLFiiXv9uEzvmUKET.webp\",\"contentUrl\":\"https:\/\/xenonkungen.com\/wp-content\/uploads\/2026\/03\/rSe8We2sPDWjz6Eb7PRLNj2DLFiiXv9uEzvmUKET.webp\",\"width\":1024,\"height\":1024},{\"@type\":\"BreadcrumbList\",\"@id\":\"https:\/\/xenonkungen.com\/produkt\/tershine-doftgran\/#breadcrumb\",\"itemListElement\":[{\"@type\":\"ListItem\",\"position\":1,\"name\":\"Hem\",\"item\":\"https:\/\/xenonkungen.com\/\"},{\"@type\":\"ListItem\",\"position\":2,\"name\":\"Shop\",\"item\":\"https:\/\/xenonkungen.com\/shop\/\"},{\"@type\":\"ListItem\",\"position\":3,\"name\":\"Tershine Doftgran\"}]},{\"@type\":\"WebSite\",\"@id\":\"https:\/\/xenonkungen.com\/#website\",\"url\":\"https:\/\/xenonkungen.com\/\",\"name\":\"Xenonkungen\",\"description\":\"\",\"potentialAction\":[{\"@type\":\"SearchAction\",\"target\":{\"@type\":\"EntryPoint\",\"urlTemplate\":\"https:\/\/xenonkungen.com\/?s={search_term_string}\"},\"query-input\":{\"@type\":\"PropertyValueSpecification\",\"valueRequired\":true,\"valueName\":\"search_term_string\"}}],\"inLanguage\":\"de\"}]}<\/script>\n<!-- \/ Yoast SEO plugin. -->","yoast_head_json":{"title":"Tershine Dufttanne - Xenon King","robots":{"index":"index","follow":"follow","max-snippet":"max-snippet:-1","max-image-preview":"max-image-preview:large","max-video-preview":"max-video-preview:-1"},"canonical":"https:\/\/xenonkungen.com\/de\/produkt\/tershine-dufttanne\/","og_locale":"de_DE","og_type":"article","og_title":"Tershine Doftgran - Xenonkungen","og_description":"Doftgranar till bilen i massa h\u00e4rliga dofter. Ger en h\u00e4rlig doft i hela bilen utan att tr\u00e4nga in i kl\u00e4dsel osv.","og_url":"https:\/\/xenonkungen.com\/de\/produkt\/tershine-dufttanne\/","og_site_name":"Xenonkungen","article_modified_time":"2026-04-24T16:46:48+00:00","og_image":[{"width":1024,"height":1024,"url":"https:\/\/xenonkungen.com\/wp-content\/uploads\/2026\/03\/rSe8We2sPDWjz6Eb7PRLNj2DLFiiXv9uEzvmUKET.webp","type":"image\/webp"}],"twitter_card":"summary_large_image","twitter_misc":{"Gesch\u00e4tzte Lesezeit":"1\u00a0Minute"},"schema":{"@context":"https:\/\/schema.org","@graph":[{"@type":"WebPage","@id":"https:\/\/xenonkungen.com\/produkt\/tershine-doftgran\/","url":"https:\/\/xenonkungen.com\/produkt\/tershine-doftgran\/","name":"Tershine Dufttanne - Xenon King","isPartOf":{"@id":"https:\/\/xenonkungen.com\/#website"},"primaryImageOfPage":{"@id":"https:\/\/xenonkungen.com\/produkt\/tershine-doftgran\/#primaryimage"},"image":{"@id":"https:\/\/xenonkungen.com\/produkt\/tershine-doftgran\/#primaryimage"},"thumbnailUrl":"https:\/\/xenonkungen.com\/wp-content\/uploads\/2026\/03\/rSe8We2sPDWjz6Eb7PRLNj2DLFiiXv9uEzvmUKET.webp","datePublished":"2026-03-13T13:59:23+00:00","dateModified":"2026-04-24T16:46:48+00:00","breadcrumb":{"@id":"https:\/\/xenonkungen.com\/produkt\/tershine-doftgran\/#breadcrumb"},"inLanguage":"de","potentialAction":[{"@type":"ReadAction","target":["https:\/\/xenonkungen.com\/produkt\/tershine-doftgran\/"]}]},{"@type":"ImageObject","inLanguage":"de","@id":"https:\/\/xenonkungen.com\/produkt\/tershine-doftgran\/#primaryimage","url":"https:\/\/xenonkungen.com\/wp-content\/uploads\/2026\/03\/rSe8We2sPDWjz6Eb7PRLNj2DLFiiXv9uEzvmUKET.webp","contentUrl":"https:\/\/xenonkungen.com\/wp-content\/uploads\/2026\/03\/rSe8We2sPDWjz6Eb7PRLNj2DLFiiXv9uEzvmUKET.webp","width":1024,"height":1024},{"@type":"BreadcrumbList","@id":"https:\/\/xenonkungen.com\/produkt\/tershine-doftgran\/#breadcrumb","itemListElement":[{"@type":"ListItem","position":1,"name":"Hem","item":"https:\/\/xenonkungen.com\/"},{"@type":"ListItem","position":2,"name":"Shop","item":"https:\/\/xenonkungen.com\/shop\/"},{"@type":"ListItem","position":3,"name":"Tershine Doftgran"}]},{"@type":"WebSite","@id":"https:\/\/xenonkungen.com\/#website","url":"https:\/\/xenonkungen.com\/","name":"Xenonkungen","description":"","potentialAction":[{"@type":"SearchAction","target":{"@type":"EntryPoint","urlTemplate":"https:\/\/xenonkungen.com\/?s={search_term_string}"},"query-input":{"@type":"PropertyValueSpecification","valueRequired":true,"valueName":"search_term_string"}}],"inLanguage":"de"}]}},"taxonomy_info":{"product_brand":[{"value":2893,"label":"Tershine"}],"product_cat":[{"value":2617,"label":"3 | Polering"},{"value":2447,"label":"Doft"},{"value":378,"label":"Bilv\u00e5rd"}]},"featured_image_src_large":["https:\/\/xenonkungen.com\/wp-content\/uploads\/2026\/03\/rSe8We2sPDWjz6Eb7PRLNj2DLFiiXv9uEzvmUKET.webp",1024,1024,false],"author_info":[],"comment_info":0,"_links":{"self":[{"href":"https:\/\/xenonkungen.com\/de\/wp-json\/wp\/v2\/product\/27690","targetHints":{"allow":["GET"]}}],"collection":[{"href":"https:\/\/xenonkungen.com\/de\/wp-json\/wp\/v2\/product"}],"about":[{"href":"https:\/\/xenonkungen.com\/de\/wp-json\/wp\/v2\/types\/product"}],"replies":[{"embeddable":true,"href":"https:\/\/xenonkungen.com\/de\/wp-json\/wp\/v2\/comments?post=27690"}],"wp:featuredmedia":[{"embeddable":true,"href":"https:\/\/xenonkungen.com\/de\/wp-json\/wp\/v2\/media\/27694"}],"wp:attachment":[{"href":"https:\/\/xenonkungen.com\/de\/wp-json\/wp\/v2\/media?parent=27690"}],"wp:term":[{"taxonomy":"anvandningsomrade","embeddable":true,"href":"https:\/\/xenonkungen.com\/de\/wp-json\/wp\/v2\/anvandningsomrade?post=27690"},{"taxonomy":"bilmarken","embeddable":true,"href":"https:\/\/xenonkungen.com\/de\/wp-json\/wp\/v2\/bilmarken?post=27690"},{"taxonomy":"product_brand","embeddable":true,"href":"https:\/\/xenonkungen.com\/de\/wp-json\/wp\/v2\/product_brand?post=27690"},{"taxonomy":"product_cat","embeddable":true,"href":"https:\/\/xenonkungen.com\/de\/wp-json\/wp\/v2\/product_cat?post=27690"},{"taxonomy":"product_tag","embeddable":true,"href":"https:\/\/xenonkungen.com\/de\/wp-json\/wp\/v2\/product_tag?post=27690"}],"curies":[{"name":"wp","href":"https:\/\/api.w.org\/{rel}","templated":true}]}}