{"id":27712,"date":"2026-03-13T15:14:31","date_gmt":"2026-03-13T14:14:31","guid":{"rendered":"https:\/\/xenonkungen.com\/?post_type=product&#038;p=27712"},"modified":"2026-05-12T14:58:21","modified_gmt":"2026-05-12T13:58:21","slug":"tershine-amplify-wet-coat-5-l","status":"publish","type":"product","link":"https:\/\/xenonkungen.com\/de\/produkt\/tershine-amplify-wet-coat-5-l\/","title":{"rendered":"Tershine Amplify \u2013 Nassbeschichtung 5 l"},"content":{"rendered":"<p>Lackieren Sie Ihr Fahrzeug im Handumdrehen: Einfach auf die nasse Oberfl\u00e4che spr\u00fchen und absp\u00fclen!<\/p>\n<p><strong>Erzeugt enormen Abfluss und viel Glanz<br \/>\nVerd\u00fcnnbar<br \/>\nExtrem einfach anzuwenden<br \/>\nFunktioniert auf allen Oberfl\u00e4chen und Fahrzeugen<br \/>\nLange Haltbarkeit<br \/>\nDas Produkt wird ohne Zusatz von per- und polyfluorierten Substanzen (PFAS) hergestellt.<br \/>\nDas Produkt ist nicht als kennzeichnungspflichtig gem\u00e4\u00df der CLP-Verordnung (EG) 1272\/2008 eingestuft.<br \/>\n<\/strong><\/p>\n<p><strong>Anwendung von Amplify \u2013 Wet Coat\u00a0<\/strong><\/p>\n<p><strong>1.\u00a0<\/strong>Waschen Sie das Fahrzeug gr\u00fcndlich. Vermeiden Sie Shampoos mit starkem Abfluss wie Purify S+ etc. (das kann schnell zu viel des Guten sein!). Nat\u00fcrlich k\u00f6nnen Sie es trotzdem verwenden, aber verd\u00fcnnen Sie Amplify vorsichtshalber mit Wasser.\u00a0<strong><br \/>\n2.\u00a0<\/strong>Auf nasse Oberfl\u00e4che spr\u00fchen<strong><br \/>\n3.\u00a0<\/strong>Gr\u00fcndlich absp\u00fclen.<strong><br \/>\n4.\u00a0<\/strong>Mit einem Mikrofasertuch Ihrer Wahl abwischen.<strong><br \/>\n5.\u00a0<\/strong>Ja, wir wissen, es ist v\u00f6llig verr\u00fcckt!<\/p>\n<p>Sehr einfach anzuwenden und sorgt f\u00fcr hervorragende Drainage, Glanz und Schutz \u2013 ganz ohne Schnickschnack. Funktioniert gleicherma\u00dfen gut auf Folien, Lackschutzfolie, Mattlacken, Kunststoff, Glas und Felgen. Im Gegensatz zu st\u00e4rkeren Chemikalien ist es reizfrei f\u00fcr Augen, Lunge usw.! Wirkt hervorragend bei einer Verd\u00fcnnung bis zu 1:10 (und ist dabei erschwinglich!).<\/p>\n<p>Es duftet fantastisch nach exotischen Fr\u00fcchten, so \u00e4hnlich wie Fanta Exotic. Es haftet auf nahezu allen Materialien wie Lack, Glas, Kunststoff, Gelcoat, Aluminium, Gummi usw. Das Produkt ist sehr ergiebig, daher ist weniger oft mehr \u2013 wie ich immer empfehle. Probieren Sie es einfach aus, um herauszufinden, was Ihnen am besten gef\u00e4llt, und testen Sie es ruhig zun\u00e4chst an einem einzelnen Teil, bevor Sie es richtig kennenlernen. Wie immer bei unseren Produkten gilt: Weniger ist mehr!<\/p>\n<p>P.S.: Nat\u00fcrlich kann es auch als Schnellreiniger auf einem trockenen Auto verwendet werden.<br \/>\nSie k\u00f6nnen es bis zu 1:10 verd\u00fcnnen, aber probieren Sie ruhig selbst aus, was Ihnen am besten gef\u00e4llt. Es kommt ganz auf die Qualit\u00e4t der Basis an. Wenn Sie alle unsere Schutzprodukte wie Magnify \u2013 Coating, Refract usw. darunter aufgetragen haben, funktioniert das Verd\u00fcnnen problemlos. Es ist jedoch f\u00fcr die unverd\u00fcnnte Anwendung vorgesehen. Probieren Sie also ruhig selbst aus, was Ihnen am besten gef\u00e4llt. Bitte vermeiden Sie direkte Sonneneinstrahlung w\u00e4hrend der Anwendung. Dies gilt nat\u00fcrlich f\u00fcr alle Autopflegeprodukte.<\/p>\n<p><strong>Tipp<\/strong>Stellen Sie sicher, dass die Oberfl\u00e4che k\u00fchl und gr\u00fcndlich gereinigt ist (gr\u00fcndlich absp\u00fclen). Beginnen Sie immer mit ein oder zwei Paneelen und sp\u00fclen Sie diese anschlie\u00dfend ab, um die Wirkung in Ihrer Umgebung zu testen. Beachten Sie, dass das Produkt hochwirksam ist; weniger ist mehr. Vermeiden Sie direkte Sonneneinstrahlung und Wind.<\/p>\n<p>Sollte wider Erwarten doch einmal ein Brand entstehen, polieren Sie ihn einfach beim Trocknen des Autos mit einem Mikrofasertuch weg. Falls er bereits ausgeh\u00e4rtet ist, verwenden Sie am besten ein feuchtes Tuch und Apex+! Falls das nicht hilft, tragen Sie Dissolve oder idealerweise Prime \u2013 Panel Wipe mit einem Schwamm auf, und der Brand verschwindet.<\/p>\n<p>Bedenken Sie, dass Wind und Hitze im Freien die Trocknungszeit verk\u00fcrzen. Falls Sie mit dem Produkt noch nicht so vertraut sind, k\u00f6nnen Sie gerne ein oder zwei Paneele gleichzeitig verwenden und anschlie\u00dfend abduschen.<\/p>\n<p>Bitte vermeiden Sie vor der Anwendung Purify S+ oder andere Shampoos mit \u201eBeschichtung\u201c. Sie wirken zwar meist, k\u00f6nnen aber auch zu viel des Guten sein! Bei den ersten Anwendungen empfiehlt es sich, jeweils nur eine Haarpartie zu behandeln oder das Shampoo leicht zu verd\u00fcnnen, bis Sie zufrieden sind.<\/p>","protected":false},"excerpt":{"rendered":"<p>Lackskydda ditt fordon p\u00e5 nolltid, spraya p\u00e5 bl\u00f6t yta och spola av! Brutal avrinning och massvis av glans p\u00e5 alla typer av ytor.<\/p>","protected":false},"featured_media":27713,"comment_status":"open","ping_status":"closed","template":"","meta":{"_acf_changed":false,"_smort_price_nok":"","_smort_price_dkk":"","_smort_price_eur":"","_smort_sale_price_nok":"","_smort_sale_price_dkk":"","_smort_sale_price_eur":"","smort_restorder":"","shipmondo_restorder":"","_kad_blocks_custom_css":"","_kad_blocks_head_custom_js":"","_kad_blocks_body_custom_js":"","_kad_blocks_footer_custom_js":"","smort_custom_pricelist_1":"639.36","smort_custom_pricelist_2":"639.36","smort_custom_pricelist_3":"639.36","smort_custom_pricelist_4":"799.2","smort_custom_pricelist_5":"639.36"},"anvandningsomrade":[],"bilmarken":[],"product_brand":[2893],"product_cat":[2989,2614,378],"product_tag":[],"class_list":{"0":"post-27712","1":"product","2":"type-product","3":"status-publish","4":"has-post-thumbnail","6":"product_brand-tershine","7":"product_cat-avfettning","8":"product_cat-lackskydd","9":"product_cat-bilvard","11":"first","12":"onbackorder","13":"taxable","14":"shipping-taxable","15":"purchasable","16":"product-type-simple"},"bundled_by":[],"bundle_stock_status":"onbackorder","bundle_stock_quantity":0,"bundle_virtual":false,"bundle_layout":"","bundle_add_to_cart_form_location":"","bundle_editable_in_cart":false,"bundle_sold_individually_context":"","bundle_item_grouping":"","bundle_min_size":"","bundle_max_size":"","bundle_price":[],"bundled_items":[],"bundle_sell_ids":[],"acf":[],"yoast_head":"<!-- This site is optimized with the Yoast SEO plugin v27.0 - https:\/\/yoast.com\/product\/yoast-seo-wordpress\/ -->\n<title>Tershine Amplify - Wet Coat 5 L - Xenonkungen<\/title>\n<meta name=\"robots\" content=\"index, follow, max-snippet:-1, max-image-preview:large, max-video-preview:-1\" \/>\n<link rel=\"canonical\" href=\"https:\/\/xenonkungen.com\/de\/produkt\/tershine-amplify-wet-coat-5-l\/\" \/>\n<meta property=\"og:locale\" content=\"de_DE\" \/>\n<meta property=\"og:type\" content=\"article\" \/>\n<meta property=\"og:title\" content=\"Tershine Amplify - Wet Coat 5 L - Xenonkungen\" \/>\n<meta property=\"og:description\" content=\"Lackskydda ditt fordon p\u00e5 nolltid, spraya p\u00e5 bl\u00f6t yta och spola av! Brutal avrinning och massvis av glans p\u00e5 alla typer av ytor.\" \/>\n<meta property=\"og:url\" content=\"https:\/\/xenonkungen.com\/de\/produkt\/tershine-amplify-wet-coat-5-l\/\" \/>\n<meta property=\"og:site_name\" content=\"Xenonkungen\" \/>\n<meta property=\"article:modified_time\" content=\"2026-05-12T13:58:21+00:00\" \/>\n<meta property=\"og:image\" content=\"https:\/\/xenonkungen.com\/wp-content\/uploads\/2026\/03\/id6ZmCr6GTGaIngayiVJhlpDmApaqSchdvCRtVn1.webp\" \/>\n\t<meta property=\"og:image:width\" content=\"1024\" \/>\n\t<meta property=\"og:image:height\" content=\"1024\" \/>\n\t<meta property=\"og:image:type\" content=\"image\/webp\" \/>\n<meta name=\"twitter:card\" content=\"summary_large_image\" \/>\n<meta name=\"twitter:label1\" content=\"Gesch\u00e4tzte Lesezeit\" \/>\n\t<meta name=\"twitter:data1\" content=\"3\u00a0Minuten\" \/>\n<script type=\"application\/ld+json\" class=\"yoast-schema-graph\">{\"@context\":\"https:\/\/schema.org\",\"@graph\":[{\"@type\":\"WebPage\",\"@id\":\"https:\/\/xenonkungen.com\/produkt\/tershine-amplify-wet-coat-5-l\/\",\"url\":\"https:\/\/xenonkungen.com\/produkt\/tershine-amplify-wet-coat-5-l\/\",\"name\":\"Tershine Amplify - Wet Coat 5 L - Xenonkungen\",\"isPartOf\":{\"@id\":\"https:\/\/xenonkungen.com\/#website\"},\"primaryImageOfPage\":{\"@id\":\"https:\/\/xenonkungen.com\/produkt\/tershine-amplify-wet-coat-5-l\/#primaryimage\"},\"image\":{\"@id\":\"https:\/\/xenonkungen.com\/produkt\/tershine-amplify-wet-coat-5-l\/#primaryimage\"},\"thumbnailUrl\":\"https:\/\/xenonkungen.com\/wp-content\/uploads\/2026\/03\/id6ZmCr6GTGaIngayiVJhlpDmApaqSchdvCRtVn1.webp\",\"datePublished\":\"2026-03-13T14:14:31+00:00\",\"dateModified\":\"2026-05-12T13:58:21+00:00\",\"breadcrumb\":{\"@id\":\"https:\/\/xenonkungen.com\/produkt\/tershine-amplify-wet-coat-5-l\/#breadcrumb\"},\"inLanguage\":\"de\",\"potentialAction\":[{\"@type\":\"ReadAction\",\"target\":[\"https:\/\/xenonkungen.com\/produkt\/tershine-amplify-wet-coat-5-l\/\"]}]},{\"@type\":\"ImageObject\",\"inLanguage\":\"de\",\"@id\":\"https:\/\/xenonkungen.com\/produkt\/tershine-amplify-wet-coat-5-l\/#primaryimage\",\"url\":\"https:\/\/xenonkungen.com\/wp-content\/uploads\/2026\/03\/id6ZmCr6GTGaIngayiVJhlpDmApaqSchdvCRtVn1.webp\",\"contentUrl\":\"https:\/\/xenonkungen.com\/wp-content\/uploads\/2026\/03\/id6ZmCr6GTGaIngayiVJhlpDmApaqSchdvCRtVn1.webp\",\"width\":1024,\"height\":1024},{\"@type\":\"BreadcrumbList\",\"@id\":\"https:\/\/xenonkungen.com\/produkt\/tershine-amplify-wet-coat-5-l\/#breadcrumb\",\"itemListElement\":[{\"@type\":\"ListItem\",\"position\":1,\"name\":\"Hem\",\"item\":\"https:\/\/xenonkungen.com\/\"},{\"@type\":\"ListItem\",\"position\":2,\"name\":\"Shop\",\"item\":\"https:\/\/xenonkungen.com\/shop\/\"},{\"@type\":\"ListItem\",\"position\":3,\"name\":\"Tershine Amplify &#8211; Wet Coat 5 L\"}]},{\"@type\":\"WebSite\",\"@id\":\"https:\/\/xenonkungen.com\/#website\",\"url\":\"https:\/\/xenonkungen.com\/\",\"name\":\"Xenonkungen\",\"description\":\"\",\"potentialAction\":[{\"@type\":\"SearchAction\",\"target\":{\"@type\":\"EntryPoint\",\"urlTemplate\":\"https:\/\/xenonkungen.com\/?s={search_term_string}\"},\"query-input\":{\"@type\":\"PropertyValueSpecification\",\"valueRequired\":true,\"valueName\":\"search_term_string\"}}],\"inLanguage\":\"de\"}]}<\/script>\n<!-- \/ Yoast SEO plugin. -->","yoast_head_json":{"title":"Tershine Amplify - Wet Coat 5 L - Xenonkungen","robots":{"index":"index","follow":"follow","max-snippet":"max-snippet:-1","max-image-preview":"max-image-preview:large","max-video-preview":"max-video-preview:-1"},"canonical":"https:\/\/xenonkungen.com\/de\/produkt\/tershine-amplify-wet-coat-5-l\/","og_locale":"de_DE","og_type":"article","og_title":"Tershine Amplify - Wet Coat 5 L - Xenonkungen","og_description":"Lackskydda ditt fordon p\u00e5 nolltid, spraya p\u00e5 bl\u00f6t yta och spola av! Brutal avrinning och massvis av glans p\u00e5 alla typer av ytor.","og_url":"https:\/\/xenonkungen.com\/de\/produkt\/tershine-amplify-wet-coat-5-l\/","og_site_name":"Xenonkungen","article_modified_time":"2026-05-12T13:58:21+00:00","og_image":[{"width":1024,"height":1024,"url":"https:\/\/xenonkungen.com\/wp-content\/uploads\/2026\/03\/id6ZmCr6GTGaIngayiVJhlpDmApaqSchdvCRtVn1.webp","type":"image\/webp"}],"twitter_card":"summary_large_image","twitter_misc":{"Gesch\u00e4tzte Lesezeit":"3\u00a0Minuten"},"schema":{"@context":"https:\/\/schema.org","@graph":[{"@type":"WebPage","@id":"https:\/\/xenonkungen.com\/produkt\/tershine-amplify-wet-coat-5-l\/","url":"https:\/\/xenonkungen.com\/produkt\/tershine-amplify-wet-coat-5-l\/","name":"Tershine Amplify - Wet Coat 5 L - Xenonkungen","isPartOf":{"@id":"https:\/\/xenonkungen.com\/#website"},"primaryImageOfPage":{"@id":"https:\/\/xenonkungen.com\/produkt\/tershine-amplify-wet-coat-5-l\/#primaryimage"},"image":{"@id":"https:\/\/xenonkungen.com\/produkt\/tershine-amplify-wet-coat-5-l\/#primaryimage"},"thumbnailUrl":"https:\/\/xenonkungen.com\/wp-content\/uploads\/2026\/03\/id6ZmCr6GTGaIngayiVJhlpDmApaqSchdvCRtVn1.webp","datePublished":"2026-03-13T14:14:31+00:00","dateModified":"2026-05-12T13:58:21+00:00","breadcrumb":{"@id":"https:\/\/xenonkungen.com\/produkt\/tershine-amplify-wet-coat-5-l\/#breadcrumb"},"inLanguage":"de","potentialAction":[{"@type":"ReadAction","target":["https:\/\/xenonkungen.com\/produkt\/tershine-amplify-wet-coat-5-l\/"]}]},{"@type":"ImageObject","inLanguage":"de","@id":"https:\/\/xenonkungen.com\/produkt\/tershine-amplify-wet-coat-5-l\/#primaryimage","url":"https:\/\/xenonkungen.com\/wp-content\/uploads\/2026\/03\/id6ZmCr6GTGaIngayiVJhlpDmApaqSchdvCRtVn1.webp","contentUrl":"https:\/\/xenonkungen.com\/wp-content\/uploads\/2026\/03\/id6ZmCr6GTGaIngayiVJhlpDmApaqSchdvCRtVn1.webp","width":1024,"height":1024},{"@type":"BreadcrumbList","@id":"https:\/\/xenonkungen.com\/produkt\/tershine-amplify-wet-coat-5-l\/#breadcrumb","itemListElement":[{"@type":"ListItem","position":1,"name":"Hem","item":"https:\/\/xenonkungen.com\/"},{"@type":"ListItem","position":2,"name":"Shop","item":"https:\/\/xenonkungen.com\/shop\/"},{"@type":"ListItem","position":3,"name":"Tershine Amplify &#8211; Wet Coat 5 L"}]},{"@type":"WebSite","@id":"https:\/\/xenonkungen.com\/#website","url":"https:\/\/xenonkungen.com\/","name":"Xenonkungen","description":"","potentialAction":[{"@type":"SearchAction","target":{"@type":"EntryPoint","urlTemplate":"https:\/\/xenonkungen.com\/?s={search_term_string}"},"query-input":{"@type":"PropertyValueSpecification","valueRequired":true,"valueName":"search_term_string"}}],"inLanguage":"de"}]}},"taxonomy_info":{"product_brand":[{"value":2893,"label":"Tershine"}],"product_cat":[{"value":2989,"label":"2 | Avfettning"},{"value":2614,"label":"4 | Bilvax &amp; Lackskydd"},{"value":378,"label":"Bilv\u00e5rd"}]},"featured_image_src_large":["https:\/\/xenonkungen.com\/wp-content\/uploads\/2026\/03\/id6ZmCr6GTGaIngayiVJhlpDmApaqSchdvCRtVn1.webp",1024,1024,false],"author_info":[],"comment_info":0,"_links":{"self":[{"href":"https:\/\/xenonkungen.com\/de\/wp-json\/wp\/v2\/product\/27712","targetHints":{"allow":["GET"]}}],"collection":[{"href":"https:\/\/xenonkungen.com\/de\/wp-json\/wp\/v2\/product"}],"about":[{"href":"https:\/\/xenonkungen.com\/de\/wp-json\/wp\/v2\/types\/product"}],"replies":[{"embeddable":true,"href":"https:\/\/xenonkungen.com\/de\/wp-json\/wp\/v2\/comments?post=27712"}],"wp:featuredmedia":[{"embeddable":true,"href":"https:\/\/xenonkungen.com\/de\/wp-json\/wp\/v2\/media\/27713"}],"wp:attachment":[{"href":"https:\/\/xenonkungen.com\/de\/wp-json\/wp\/v2\/media?parent=27712"}],"wp:term":[{"taxonomy":"anvandningsomrade","embeddable":true,"href":"https:\/\/xenonkungen.com\/de\/wp-json\/wp\/v2\/anvandningsomrade?post=27712"},{"taxonomy":"bilmarken","embeddable":true,"href":"https:\/\/xenonkungen.com\/de\/wp-json\/wp\/v2\/bilmarken?post=27712"},{"taxonomy":"product_brand","embeddable":true,"href":"https:\/\/xenonkungen.com\/de\/wp-json\/wp\/v2\/product_brand?post=27712"},{"taxonomy":"product_cat","embeddable":true,"href":"https:\/\/xenonkungen.com\/de\/wp-json\/wp\/v2\/product_cat?post=27712"},{"taxonomy":"product_tag","embeddable":true,"href":"https:\/\/xenonkungen.com\/de\/wp-json\/wp\/v2\/product_tag?post=27712"}],"curies":[{"name":"wp","href":"https:\/\/api.w.org\/{rel}","templated":true}]}}