{"id":27714,"date":"2026-03-13T15:28:28","date_gmt":"2026-03-13T14:28:28","guid":{"rendered":"https:\/\/xenonkungen.com\/?post_type=product&#038;p=27714"},"modified":"2026-04-24T17:46:59","modified_gmt":"2026-04-24T16:46:59","slug":"tershine-apc-allzweckreiniger-500-ml","status":"publish","type":"product","link":"https:\/\/xenonkungen.com\/de\/produkt\/tershine-apc-allzweckreiniger-500-ml\/","title":{"rendered":"Tershine APC \u2013 Allzweckreiniger 500 ml"},"content":{"rendered":"<p style=\"box-sizing: inherit; scroll-behavior: smooth; margin: 0px 0px 1em; padding: 0px; color: #171717; font-family: Manrope, serif;\"><span style=\"box-sizing: border-box; scroll-behavior: smooth; font-style: inherit; font-weight: inherit;\">APC ist ein hochwirksamer, pflanzenbasierter Allzweckreiniger, der in verschiedenen, angenehmen Duftrichtungen erh\u00e4ltlich ist.<\/span><span style=\"box-sizing: border-box; scroll-behavior: smooth; color: #363636; font-weight: bold;\"><br style=\"box-sizing: inherit; scroll-behavior: smooth;\" \/><br style=\"box-sizing: inherit; scroll-behavior: smooth;\" \/><span style=\"box-sizing: inherit; scroll-behavior: smooth;\">Mehrfachreinigung gegen die meisten Arten von Schmutz<br style=\"box-sizing: inherit; scroll-behavior: smooth;\" \/>Ideal f\u00fcr Fahrzeuginnenr\u00e4ume, K\u00fcchen, Badezimmer, Leder und Textilien.\u00a0\u00a0<br style=\"box-sizing: inherit; scroll-behavior: smooth;\" \/>Verd\u00fcnnbar!<br style=\"box-sizing: inherit; scroll-behavior: smooth;\" \/>Hinterl\u00e4sst keine l\u00e4stigen R\u00fcckst\u00e4nde<br style=\"box-sizing: inherit; scroll-behavior: smooth;\" \/>Die Geruchsblockierungsfunktion beseitigt unerw\u00fcnschte Ger\u00fcche.<br style=\"box-sizing: inherit; scroll-behavior: smooth;\" \/>Pflanzliche Rohstoffe<\/span><\/span><span style=\"box-sizing: border-box; scroll-behavior: smooth; color: #363636; font-weight: bold;\"><span style=\"box-sizing: inherit; scroll-behavior: smooth;\"><br style=\"box-sizing: inherit; scroll-behavior: smooth;\" \/>Das Produkt ist nicht als kennzeichnungspflichtig gem\u00e4\u00df der CLP-Verordnung (EG) 1272\/2008 eingestuft.<br style=\"box-sizing: inherit; scroll-behavior: smooth;\" \/><br style=\"box-sizing: inherit; scroll-behavior: smooth;\" \/><\/span><br style=\"box-sizing: inherit; scroll-behavior: smooth;\" \/>Wozu dient APC \u2013 Allzweckreinigung?<br style=\"box-sizing: inherit; scroll-behavior: smooth;\" \/><br style=\"box-sizing: inherit; scroll-behavior: smooth;\" \/><\/span><span style=\"box-sizing: border-box; scroll-behavior: smooth; font-style: inherit; font-weight: inherit;\">Der Innenraum aller Fahrzeugtypen<\/span><span style=\"box-sizing: border-box; scroll-behavior: smooth; font-style: inherit; font-weight: inherit;\"><br style=\"box-sizing: inherit; scroll-behavior: smooth;\" \/>Leder, Textil und Alcantara<\/span><span style=\"box-sizing: border-box; scroll-behavior: smooth; font-style: inherit; font-weight: inherit;\"><br style=\"box-sizing: inherit; scroll-behavior: smooth;\" \/>Kunststoff und Gummi<\/span><span style=\"box-sizing: border-box; scroll-behavior: smooth; font-style: inherit; font-weight: inherit;\"><br style=\"box-sizing: inherit; scroll-behavior: smooth;\" \/>K\u00fcche und Badezimmer<\/span><span style=\"box-sizing: border-box; scroll-behavior: smooth; font-style: inherit; font-weight: inherit;\"><br style=\"box-sizing: inherit; scroll-behavior: smooth;\" \/>Mehltau<\/span><span style=\"box-sizing: border-box; scroll-behavior: smooth; font-style: inherit; font-weight: inherit;\"><br style=\"box-sizing: inherit; scroll-behavior: smooth;\" \/>Geruchsintensive Oberfl\u00e4chen oder versch\u00fcttete Fl\u00fcssigkeiten<\/span><span style=\"box-sizing: border-box; scroll-behavior: smooth; font-style: inherit; font-weight: inherit;\"><br style=\"box-sizing: inherit; scroll-behavior: smooth;\" \/>Funktioniert auf fast allem<\/span><span style=\"box-sizing: border-box; scroll-behavior: smooth; color: #363636; font-weight: bold;\"><br style=\"box-sizing: inherit; scroll-behavior: smooth;\" \/><br style=\"box-sizing: inherit; scroll-behavior: smooth;\" \/>Anwendung von APC \u2013 Allzweckreinigung<\/span><span style=\"box-sizing: border-box; scroll-behavior: smooth; color: #363636; font-weight: bold;\"><br style=\"box-sizing: inherit; scroll-behavior: smooth;\" \/><br style=\"box-sizing: inherit; scroll-behavior: smooth;\" \/>1.\u00a0<\/span><span style=\"box-sizing: border-box; scroll-behavior: smooth; font-style: inherit; font-weight: inherit;\">Duschen Sie auf einer beliebigen Oberfl\u00e4che (oder in einem Tuch).<\/span><br style=\"box-sizing: border-box; scroll-behavior: smooth;\" \/><span style=\"box-sizing: border-box; scroll-behavior: smooth; color: #363636; font-weight: bold;\">2.\u00a0<\/span><span style=\"box-sizing: border-box; scroll-behavior: smooth; font-style: inherit; font-weight: inherit;\">Bei starker Verschmutzung die Oberfl\u00e4che mit einer B\u00fcrste aufrauen.<\/span><br style=\"box-sizing: border-box; scroll-behavior: smooth;\" \/><span style=\"box-sizing: border-box; scroll-behavior: smooth; color: #363636; font-weight: bold;\">3.\u00a0<\/span><span style=\"box-sizing: border-box; scroll-behavior: smooth; font-style: inherit; font-weight: inherit;\">Mit einem Mikrofasertuch abwischen.<\/span><br style=\"box-sizing: border-box; scroll-behavior: smooth;\" \/><span style=\"box-sizing: border-box; scroll-behavior: smooth; color: #363636; font-weight: bold;\">4.\u00a0<\/span><span style=\"box-sizing: border-box; scroll-behavior: smooth; font-style: inherit; font-weight: inherit;\">Ja, ich wei\u00df, super einfach zu bedienen!<\/span><br style=\"box-sizing: inherit; scroll-behavior: smooth;\" \/><br style=\"box-sizing: inherit; scroll-behavior: smooth;\" \/>APC \u2013 Allzweckreiniger ist ein hochwirksamer, pflanzenbasierter Allzweckreiniger, der im Fahrzeuginnenraum verwendet wurde, aber genauso gut f\u00fcr K\u00fcche, Dusche, Badezimmer, Boot oder, ja, so ziemlich \u00fcberall geeignet ist!<br style=\"box-sizing: inherit; scroll-behavior: smooth;\" \/>Absolut unbedenklich f\u00fcr Materialien wie Textilien, Leder, Alcantara, Kunststoff, Gummi usw. Reinigt in einem Arbeitsgang und hinterl\u00e4sst keinen l\u00e4stigen Film.<br style=\"box-sizing: inherit; scroll-behavior: smooth;\" \/><br style=\"box-sizing: inherit; scroll-behavior: smooth;\" \/>Enth\u00e4lt eine absolut fantastische geruchsneutralisierende Wirkung, blockiert und beseitigt unangenehme Ger\u00fcche und sorgt gleichzeitig f\u00fcr anhaltende Frische. Erh\u00e4ltlich in den Duftrichtungen Limette, Gr\u00fcner Apfel, Veilchen, Melone, Bergamotte, Eukalyptus und Zedernholz. Komplett frei von Gefahrenhinweisen (Warnsymbole auf der R\u00fcckseite) und selbstverst\u00e4ndlich ohne hormonell wirksame Substanzen, die in vielen Allzweckreinigern h\u00e4ufiger vorkommen, als man denkt.<br style=\"box-sizing: inherit; scroll-behavior: smooth;\" \/><br style=\"box-sizing: inherit; scroll-behavior: smooth;\" \/>Es l\u00e4sst sich bei Bedarf leicht verd\u00fcnnen. Probieren Sie es einfach aus, um Ihre bevorzugte Konzentration zu finden. Bedenken Sie jedoch, dass die geruchsneutralisierende Wirkung mit zunehmender Verd\u00fcnnung abnimmt! Das Mischungsverh\u00e4ltnis liegt je nach Verschmutzungsgrad zwischen 1:1 und 1:25. Erh\u00e4ltlich in 500-ml- und 5-l-Gebinden.<br style=\"box-sizing: inherit; scroll-behavior: smooth;\" \/><br style=\"box-sizing: inherit; scroll-behavior: smooth;\" \/>Um die geruchsneutralisierende Wirkung noch etwas zu verst\u00e4rken, spr\u00fchen Sie die Autoteppiche ein und schalten Sie die Umluftfunktion des L\u00fcfters ein (damit das Spray durch die L\u00fcftungskan\u00e4le, Filter usw. zirkulieren kann). Anschlie\u00dfend einfach abwischen und den frischen Duft genie\u00dfen.<br style=\"box-sizing: inherit; scroll-behavior: smooth;\" \/><br style=\"box-sizing: inherit; scroll-behavior: smooth;\" \/>Denken Sie daran, beim Reinigen abgenutzter Innenseiten nicht zu viel Druck mit dem Tuch auszu\u00fcben. Gehen Sie lieber etwas vorsichtiger vor und verwenden Sie B\u00fcrsten oder \u00c4hnliches, um den Schmutz zu entfernen! Und nat\u00fcrlich nicht in direktem Sonnenlicht usw.<span style=\"box-sizing: border-box; scroll-behavior: smooth; font-style: inherit; font-weight: inherit;\"><br style=\"box-sizing: inherit; scroll-behavior: smooth;\" \/><span style=\"box-sizing: inherit; scroll-behavior: smooth; color: #363636; font-weight: bold;\"><br style=\"box-sizing: inherit; scroll-behavior: smooth;\" \/>Nat\u00fcrlich funktioniert es auch zu Hause hervorragend!<\/span><\/span><span style=\"box-sizing: inherit; scroll-behavior: smooth; color: #363636; font-weight: bold;\"><br style=\"box-sizing: inherit; scroll-behavior: smooth;\" \/><\/span><em style=\"box-sizing: inherit; scroll-behavior: smooth;\"><br style=\"box-sizing: inherit; scroll-behavior: smooth;\" \/><\/em>Frostfrei lagern<br style=\"box-sizing: inherit; scroll-behavior: smooth;\" \/><br style=\"box-sizing: inherit; scroll-behavior: smooth;\" \/><span style=\"box-sizing: inherit; scroll-behavior: smooth; color: #363636; font-weight: bold;\">Produktinformationen und Verwendung<\/span><br style=\"box-sizing: inherit; scroll-behavior: smooth;\" \/><br style=\"box-sizing: inherit; scroll-behavior: smooth;\" \/>Der APC Allzweckreiniger ist ein hochwirksamer, pflanzenbasierter Allzweckreiniger, der speziell f\u00fcr die Reinigung des Fahrzeuginnenraums entwickelt wurde, sich aber auch hervorragend f\u00fcr K\u00fcche, Dusche, Bad, Boot und andere Oberfl\u00e4chen eignet. Er ist sicher f\u00fcr Materialien wie Textilien, Leder, Alcantara, Kunststoff, Gummi und vieles mehr. Der APC Innenraumreiniger hinterl\u00e4sst keine st\u00f6renden R\u00fcckst\u00e4nde und neutralisiert Ger\u00fcche effektiv. Er ist in folgenden Duftrichtungen erh\u00e4ltlich: Limette, Gr\u00fcner Apfel, Veilchen, Melone, Bergamotte, Eukalyptus und Zedernholz.<\/p>\n<h2 style=\"box-sizing: inherit; scroll-behavior: smooth; margin: 1.1428em 0px clamp(1.5rem, 1.178rem + 1.322vw, 2.5rem); padding: 0px; font-size: 30.0265px; font-weight: 500; font-family: Manrope, serif; color: #363636; line-height: 33.0292px;\">Vorteile der Allzweckreinigung von APC<br style=\"box-sizing: inherit; scroll-behavior: smooth;\" \/><br style=\"box-sizing: inherit; scroll-behavior: smooth;\" \/><\/h2>\n<ul style=\"box-sizing: inherit; scroll-behavior: smooth; margin: 1em 0px 1em 2em; padding: 0px; list-style-position: outside; list-style-image: initial; color: #171717; font-family: Manrope, serif;\">\n<li style=\"box-sizing: inherit; scroll-behavior: smooth; margin: 0px; padding: 0px;\">\n<p style=\"box-sizing: inherit; scroll-behavior: smooth; margin: 0px 0px 20px; padding: 0px;\">Hohe Effizienz bei der Reinigung des Fahrzeuginnenraums und anderer Oberfl\u00e4chen<\/p>\n<\/li>\n<li style=\"box-sizing: inherit; scroll-behavior: smooth; margin: unset; padding: 0px;\">\n<p style=\"box-sizing: inherit; scroll-behavior: smooth; margin: 0px 0px 20px; padding: 0px;\">Sicher anwendbar auf Materialien wie Textilien, Leder, Alcantara, Kunststoff, Gummi und mehr<\/p>\n<\/li>\n<li style=\"box-sizing: inherit; scroll-behavior: smooth; margin: unset; padding: 0px;\">\n<p style=\"box-sizing: inherit; scroll-behavior: smooth; margin: 0px 0px 20px; padding: 0px;\">Hinterl\u00e4sst keine l\u00e4stigen R\u00fcckst\u00e4nde<\/p>\n<\/li>\n<li style=\"box-sizing: inherit; scroll-behavior: smooth; margin: unset; padding: 0px;\">\n<p style=\"box-sizing: inherit; scroll-behavior: smooth; margin: 0px 0px 20px; padding: 0px;\">Enth\u00e4lt eine fantastische geruchsneutralisierende Funktion, die schlechte Ger\u00fcche blockiert und \u201ebeseitigt\u201c.<\/p>\n<\/li>\n<li style=\"box-sizing: inherit; scroll-behavior: smooth; margin: unset; padding: 0px;\">\n<p style=\"box-sizing: inherit; scroll-behavior: smooth; margin: 0px 0px 20px; padding: 0px;\">Erh\u00e4ltlich in verschiedenen Duftrichtungen<\/p>\n<\/li>\n<\/ul>","protected":false},"excerpt":{"rendered":"<p>APC Allzweckreiniger f\u00fcr den Innenraum Ihres Fahrzeugs, Ihr Zuhause und praktisch \u00fcberall! Geruchsneutralisierend und pflanzenbasiert, in vielen nat\u00fcrlichen Duftrichtungen erh\u00e4ltlich!<\/p>","protected":false},"featured_media":27715,"comment_status":"open","ping_status":"closed","template":"","meta":{"_acf_changed":false,"_smort_price_nok":"","_smort_price_dkk":"","_smort_price_eur":"","_smort_sale_price_nok":"","_smort_sale_price_dkk":"","_smort_sale_price_eur":"","smort_restorder":"","shipmondo_restorder":"","_kad_blocks_custom_css":"","_kad_blocks_head_custom_js":"","_kad_blocks_body_custom_js":"","_kad_blocks_footer_custom_js":"","smort_custom_pricelist_1":null,"smort_custom_pricelist_2":null,"smort_custom_pricelist_3":null,"smort_custom_pricelist_4":null,"smort_custom_pricelist_5":null},"anvandningsomrade":[],"bilmarken":[],"product_brand":[2893],"product_cat":[2988,378],"product_tag":[],"class_list":{"0":"post-27714","1":"product","2":"type-product","3":"status-publish","4":"has-post-thumbnail","6":"product_brand-tershine","7":"product_cat-biltvatt","8":"product_cat-bilvard","10":"first","11":"instock","12":"taxable","13":"shipping-taxable","14":"purchasable","15":"product-type-variable"},"bundled_by":[],"bundle_stock_status":"instock","bundle_stock_quantity":1,"bundle_virtual":false,"bundle_layout":"","bundle_add_to_cart_form_location":"","bundle_editable_in_cart":false,"bundle_sold_individually_context":"","bundle_item_grouping":"","bundle_min_size":"","bundle_max_size":"","bundle_price":[],"bundled_items":[],"bundle_sell_ids":[],"acf":[],"yoast_head":"<!-- This site is optimized with the Yoast SEO plugin v27.0 - https:\/\/yoast.com\/product\/yoast-seo-wordpress\/ -->\n<title>Tershine APC - Allreng\u00f6ring 500ml - Xenonkungen<\/title>\n<meta name=\"robots\" content=\"index, follow, max-snippet:-1, max-image-preview:large, max-video-preview:-1\" \/>\n<link rel=\"canonical\" href=\"https:\/\/xenonkungen.com\/de\/produkt\/tershine-apc-allzweckreiniger-500-ml\/\" \/>\n<meta property=\"og:locale\" content=\"de_DE\" \/>\n<meta property=\"og:type\" content=\"article\" \/>\n<meta property=\"og:title\" content=\"Tershine APC - Allreng\u00f6ring 500ml - Xenonkungen\" \/>\n<meta property=\"og:description\" content=\"APC allreng\u00f6ringsmedel f\u00f6r insidan av fordonet, i hemmet och ja, i stort sett \u00f6verallt! Od\u00f6reliminerande och plantbaserad i m\u00e5nga naturliga dofter!\" \/>\n<meta property=\"og:url\" content=\"https:\/\/xenonkungen.com\/de\/produkt\/tershine-apc-allzweckreiniger-500-ml\/\" \/>\n<meta property=\"og:site_name\" content=\"Xenonkungen\" \/>\n<meta property=\"article:modified_time\" content=\"2026-04-24T16:46:59+00:00\" \/>\n<meta property=\"og:image\" content=\"https:\/\/xenonkungen.com\/wp-content\/uploads\/2026\/03\/CtyuKCbvDretWKcc2A5HJ1Zzl1tC4bhSqzTG24hj.webp\" \/>\n\t<meta property=\"og:image:width\" content=\"1024\" \/>\n\t<meta property=\"og:image:height\" content=\"1024\" \/>\n\t<meta property=\"og:image:type\" content=\"image\/webp\" \/>\n<meta name=\"twitter:card\" content=\"summary_large_image\" \/>\n<meta name=\"twitter:label1\" content=\"Gesch\u00e4tzte Lesezeit\" \/>\n\t<meta name=\"twitter:data1\" content=\"3\u00a0Minuten\" \/>\n<script type=\"application\/ld+json\" class=\"yoast-schema-graph\">{\"@context\":\"https:\/\/schema.org\",\"@graph\":[{\"@type\":\"WebPage\",\"@id\":\"https:\/\/xenonkungen.com\/produkt\/tershine-apc-allrengoring-500ml\/\",\"url\":\"https:\/\/xenonkungen.com\/produkt\/tershine-apc-allrengoring-500ml\/\",\"name\":\"Tershine APC - Allreng\u00f6ring 500ml - Xenonkungen\",\"isPartOf\":{\"@id\":\"https:\/\/xenonkungen.com\/#website\"},\"primaryImageOfPage\":{\"@id\":\"https:\/\/xenonkungen.com\/produkt\/tershine-apc-allrengoring-500ml\/#primaryimage\"},\"image\":{\"@id\":\"https:\/\/xenonkungen.com\/produkt\/tershine-apc-allrengoring-500ml\/#primaryimage\"},\"thumbnailUrl\":\"https:\/\/xenonkungen.com\/wp-content\/uploads\/2026\/03\/CtyuKCbvDretWKcc2A5HJ1Zzl1tC4bhSqzTG24hj.webp\",\"datePublished\":\"2026-03-13T14:28:28+00:00\",\"dateModified\":\"2026-04-24T16:46:59+00:00\",\"breadcrumb\":{\"@id\":\"https:\/\/xenonkungen.com\/produkt\/tershine-apc-allrengoring-500ml\/#breadcrumb\"},\"inLanguage\":\"de\",\"potentialAction\":[{\"@type\":\"ReadAction\",\"target\":[\"https:\/\/xenonkungen.com\/produkt\/tershine-apc-allrengoring-500ml\/\"]}]},{\"@type\":\"ImageObject\",\"inLanguage\":\"de\",\"@id\":\"https:\/\/xenonkungen.com\/produkt\/tershine-apc-allrengoring-500ml\/#primaryimage\",\"url\":\"https:\/\/xenonkungen.com\/wp-content\/uploads\/2026\/03\/CtyuKCbvDretWKcc2A5HJ1Zzl1tC4bhSqzTG24hj.webp\",\"contentUrl\":\"https:\/\/xenonkungen.com\/wp-content\/uploads\/2026\/03\/CtyuKCbvDretWKcc2A5HJ1Zzl1tC4bhSqzTG24hj.webp\",\"width\":1024,\"height\":1024},{\"@type\":\"BreadcrumbList\",\"@id\":\"https:\/\/xenonkungen.com\/produkt\/tershine-apc-allrengoring-500ml\/#breadcrumb\",\"itemListElement\":[{\"@type\":\"ListItem\",\"position\":1,\"name\":\"Hem\",\"item\":\"https:\/\/xenonkungen.com\/\"},{\"@type\":\"ListItem\",\"position\":2,\"name\":\"Shop\",\"item\":\"https:\/\/xenonkungen.com\/shop\/\"},{\"@type\":\"ListItem\",\"position\":3,\"name\":\"Tershine APC &#8211; Allreng\u00f6ring 500ml\"}]},{\"@type\":\"WebSite\",\"@id\":\"https:\/\/xenonkungen.com\/#website\",\"url\":\"https:\/\/xenonkungen.com\/\",\"name\":\"Xenonkungen\",\"description\":\"\",\"potentialAction\":[{\"@type\":\"SearchAction\",\"target\":{\"@type\":\"EntryPoint\",\"urlTemplate\":\"https:\/\/xenonkungen.com\/?s={search_term_string}\"},\"query-input\":{\"@type\":\"PropertyValueSpecification\",\"valueRequired\":true,\"valueName\":\"search_term_string\"}}],\"inLanguage\":\"de\"}]}<\/script>\n<!-- \/ Yoast SEO plugin. -->","yoast_head_json":{"title":"Tershine APC \u2013 Allzweckreiniger 500 ml \u2013 Der Xenon-K\u00f6nig","robots":{"index":"index","follow":"follow","max-snippet":"max-snippet:-1","max-image-preview":"max-image-preview:large","max-video-preview":"max-video-preview:-1"},"canonical":"https:\/\/xenonkungen.com\/de\/produkt\/tershine-apc-allzweckreiniger-500-ml\/","og_locale":"de_DE","og_type":"article","og_title":"Tershine APC - Allreng\u00f6ring 500ml - Xenonkungen","og_description":"APC allreng\u00f6ringsmedel f\u00f6r insidan av fordonet, i hemmet och ja, i stort sett \u00f6verallt! Od\u00f6reliminerande och plantbaserad i m\u00e5nga naturliga dofter!","og_url":"https:\/\/xenonkungen.com\/de\/produkt\/tershine-apc-allzweckreiniger-500-ml\/","og_site_name":"Xenonkungen","article_modified_time":"2026-04-24T16:46:59+00:00","og_image":[{"width":1024,"height":1024,"url":"https:\/\/xenonkungen.com\/wp-content\/uploads\/2026\/03\/CtyuKCbvDretWKcc2A5HJ1Zzl1tC4bhSqzTG24hj.webp","type":"image\/webp"}],"twitter_card":"summary_large_image","twitter_misc":{"Gesch\u00e4tzte Lesezeit":"3\u00a0Minuten"},"schema":{"@context":"https:\/\/schema.org","@graph":[{"@type":"WebPage","@id":"https:\/\/xenonkungen.com\/produkt\/tershine-apc-allrengoring-500ml\/","url":"https:\/\/xenonkungen.com\/produkt\/tershine-apc-allrengoring-500ml\/","name":"Tershine APC \u2013 Allzweckreiniger 500 ml \u2013 Der Xenon-K\u00f6nig","isPartOf":{"@id":"https:\/\/xenonkungen.com\/#website"},"primaryImageOfPage":{"@id":"https:\/\/xenonkungen.com\/produkt\/tershine-apc-allrengoring-500ml\/#primaryimage"},"image":{"@id":"https:\/\/xenonkungen.com\/produkt\/tershine-apc-allrengoring-500ml\/#primaryimage"},"thumbnailUrl":"https:\/\/xenonkungen.com\/wp-content\/uploads\/2026\/03\/CtyuKCbvDretWKcc2A5HJ1Zzl1tC4bhSqzTG24hj.webp","datePublished":"2026-03-13T14:28:28+00:00","dateModified":"2026-04-24T16:46:59+00:00","breadcrumb":{"@id":"https:\/\/xenonkungen.com\/produkt\/tershine-apc-allrengoring-500ml\/#breadcrumb"},"inLanguage":"de","potentialAction":[{"@type":"ReadAction","target":["https:\/\/xenonkungen.com\/produkt\/tershine-apc-allrengoring-500ml\/"]}]},{"@type":"ImageObject","inLanguage":"de","@id":"https:\/\/xenonkungen.com\/produkt\/tershine-apc-allrengoring-500ml\/#primaryimage","url":"https:\/\/xenonkungen.com\/wp-content\/uploads\/2026\/03\/CtyuKCbvDretWKcc2A5HJ1Zzl1tC4bhSqzTG24hj.webp","contentUrl":"https:\/\/xenonkungen.com\/wp-content\/uploads\/2026\/03\/CtyuKCbvDretWKcc2A5HJ1Zzl1tC4bhSqzTG24hj.webp","width":1024,"height":1024},{"@type":"BreadcrumbList","@id":"https:\/\/xenonkungen.com\/produkt\/tershine-apc-allrengoring-500ml\/#breadcrumb","itemListElement":[{"@type":"ListItem","position":1,"name":"Hem","item":"https:\/\/xenonkungen.com\/"},{"@type":"ListItem","position":2,"name":"Shop","item":"https:\/\/xenonkungen.com\/shop\/"},{"@type":"ListItem","position":3,"name":"Tershine APC &#8211; Allreng\u00f6ring 500ml"}]},{"@type":"WebSite","@id":"https:\/\/xenonkungen.com\/#website","url":"https:\/\/xenonkungen.com\/","name":"Xenonkungen","description":"","potentialAction":[{"@type":"SearchAction","target":{"@type":"EntryPoint","urlTemplate":"https:\/\/xenonkungen.com\/?s={search_term_string}"},"query-input":{"@type":"PropertyValueSpecification","valueRequired":true,"valueName":"search_term_string"}}],"inLanguage":"de"}]}},"taxonomy_info":{"product_brand":[{"value":2893,"label":"Tershine"}],"product_cat":[{"value":2988,"label":"1 | Biltv\u00e4tt"},{"value":378,"label":"Bilv\u00e5rd"}]},"featured_image_src_large":["https:\/\/xenonkungen.com\/wp-content\/uploads\/2026\/03\/CtyuKCbvDretWKcc2A5HJ1Zzl1tC4bhSqzTG24hj.webp",1024,1024,false],"author_info":[],"comment_info":0,"_links":{"self":[{"href":"https:\/\/xenonkungen.com\/de\/wp-json\/wp\/v2\/product\/27714","targetHints":{"allow":["GET"]}}],"collection":[{"href":"https:\/\/xenonkungen.com\/de\/wp-json\/wp\/v2\/product"}],"about":[{"href":"https:\/\/xenonkungen.com\/de\/wp-json\/wp\/v2\/types\/product"}],"replies":[{"embeddable":true,"href":"https:\/\/xenonkungen.com\/de\/wp-json\/wp\/v2\/comments?post=27714"}],"wp:featuredmedia":[{"embeddable":true,"href":"https:\/\/xenonkungen.com\/de\/wp-json\/wp\/v2\/media\/27715"}],"wp:attachment":[{"href":"https:\/\/xenonkungen.com\/de\/wp-json\/wp\/v2\/media?parent=27714"}],"wp:term":[{"taxonomy":"anvandningsomrade","embeddable":true,"href":"https:\/\/xenonkungen.com\/de\/wp-json\/wp\/v2\/anvandningsomrade?post=27714"},{"taxonomy":"bilmarken","embeddable":true,"href":"https:\/\/xenonkungen.com\/de\/wp-json\/wp\/v2\/bilmarken?post=27714"},{"taxonomy":"product_brand","embeddable":true,"href":"https:\/\/xenonkungen.com\/de\/wp-json\/wp\/v2\/product_brand?post=27714"},{"taxonomy":"product_cat","embeddable":true,"href":"https:\/\/xenonkungen.com\/de\/wp-json\/wp\/v2\/product_cat?post=27714"},{"taxonomy":"product_tag","embeddable":true,"href":"https:\/\/xenonkungen.com\/de\/wp-json\/wp\/v2\/product_tag?post=27714"}],"curies":[{"name":"wp","href":"https:\/\/api.w.org\/{rel}","templated":true}]}}