{"id":27727,"date":"2026-03-13T15:43:24","date_gmt":"2026-03-13T14:43:24","guid":{"rendered":"https:\/\/xenonkungen.com\/?post_type=product&#038;p=27727"},"modified":"2026-04-24T17:47:04","modified_gmt":"2026-04-24T16:47:04","slug":"tershine-apc-allrengoring-5-l","status":"publish","type":"product","link":"https:\/\/xenonkungen.com\/de\/produkt\/tershine-apc-allrengoring-5-l\/","title":{"rendered":"Tershine APC \u2013 Allzweckreiniger 5 l"},"content":{"rendered":"<p>APC ist ein hochwirksamer, pflanzenbasierter Allzweckreiniger, der in verschiedenen Duftrichtungen erh\u00e4ltlich ist.<strong><\/p>\n<p>Mehrfachreinigung gegen die meisten Arten von Schmutz<br \/>\nIdeal f\u00fcr Fahrzeuginnenr\u00e4ume, K\u00fcchen, Badezimmer, Leder und Textilien.<br \/>\nFunktioniert f\u00fcr die meisten Dinge<br \/>\nKann verd\u00fcnnt werden<br \/>\nHinterl\u00e4sst keine l\u00e4stigen R\u00fcckst\u00e4nde<br \/>\nDie Geruchsblockierungsfunktion beseitigt unerw\u00fcnschte Ger\u00fcche.<br \/>\nPflanzliche Rohstoffe<br \/>\nDas Produkt ist nicht als kennzeichnungspflichtig gem\u00e4\u00df der CLP-Verordnung (EG) 1272\/2008 eingestuft.<\/strong><\/p>\n<p><strong>1.\u00a0<\/strong>Duschen Sie auf einer beliebigen Oberfl\u00e4che (oder in einem Tuch).<br \/>\n<strong>2.\u00a0<\/strong>Bei starker Verschmutzung die Oberfl\u00e4che mit einer B\u00fcrste aufrauen.<br \/>\n<strong>3.\u00a0<\/strong>Mit einem Mikrofasertuch Ihrer Wahl abwischen.<br \/>\n<strong>4.\u00a0<\/strong>Ja, wir wissen es, super einfach zu bedienen!<\/p>\n<p>APC \u2013 Innenraumreiniger 5000 ml mit Melonenduft ist ein hochwirksamer Allzweckreiniger, der speziell f\u00fcr die Fahrzeuginnenreinigung entwickelt wurde. Er eignet sich hervorragend f\u00fcr Textilien, Leder, Alcantara, Kunststoff, Gummi etc. Reinigt gr\u00fcndlich in einem Arbeitsgang und hinterl\u00e4sst keine st\u00f6renden R\u00fcckst\u00e4nde.<\/p>\n<p>Jetzt mit verbesserter Formel und einer absolut fantastischen geruchsneutralisierenden Wirkung. Sie blockiert und beseitigt unangenehme Ger\u00fcche und sorgt gleichzeitig f\u00fcr anhaltende Frische (klingt vielleicht etwas \u00fcbertrieben, aber Sie werden nicht entt\u00e4uscht sein). Erh\u00e4ltlich in den Duftrichtungen Limette, Gr\u00fcner Apfel oder Melone (5000 ml). Der Duft ist nicht aufdringlich, sondern leicht s\u00fc\u00dflich-frisch \u2013 genau richtig, nicht zu intensiv.<\/p>\n<p>Es kann nach Belieben verd\u00fcnnt werden. Probieren Sie verschiedene Mischungsverh\u00e4ltnisse aus, um herauszufinden, was Ihnen am besten gef\u00e4llt. Bedenken Sie jedoch, dass die geruchsneutralisierende Wirkung mit zunehmender Verd\u00fcnnung abnimmt! Das Mischungsverh\u00e4ltnis liegt je nach Verschmutzungsgrad zwischen 1:1 und 1:25. Erh\u00e4ltlich in 500-ml-, 5-l- und 25-l-Gebinden.<\/p>\n<p>Um die geruchsneutralisierende Wirkung noch etwas zu verst\u00e4rken, spr\u00fchen Sie die Autoteppiche ein und schalten Sie die Umluftfunktion des L\u00fcfters ein (damit das Spray durch die L\u00fcftungskan\u00e4le, Filter usw. zirkulieren kann). Anschlie\u00dfend einfach abwischen und den frischen Duft genie\u00dfen.<\/p>\n<p>Denken Sie daran, beim Reinigen abgenutzter Innenseiten nicht zu viel Druck mit dem Tuch auszu\u00fcben. Gehen Sie lieber etwas vorsichtiger vor und verwenden Sie B\u00fcrsten oder \u00c4hnliches, um den Schmutz zu entfernen! Und nat\u00fcrlich nicht in direktem Sonnenlicht usw.<\/p>\n<p>Nat\u00fcrlich funktioniert es auch zu Hause hervorragend!<\/p>\n<p><strong>D\u00fcfte: <\/strong>Apfel, Melone, Veilchen<\/p>\n<p><em>Frostfrei lagern.<\/em><\/p>","protected":false},"excerpt":{"rendered":"<p>APC allreng\u00f6ringsmedel f\u00f6r insidan av fordonet, i hemmet och ja, i stort sett \u00f6verallt!<\/p>","protected":false},"featured_media":27730,"comment_status":"open","ping_status":"closed","template":"","meta":{"_acf_changed":false,"_smort_price_nok":"","_smort_price_dkk":"","_smort_price_eur":"","_smort_sale_price_nok":"","_smort_sale_price_dkk":"","_smort_sale_price_eur":"","smort_restorder":"","shipmondo_restorder":"","_kad_blocks_custom_css":"","_kad_blocks_head_custom_js":"","_kad_blocks_body_custom_js":"","_kad_blocks_footer_custom_js":"","smort_custom_pricelist_1":null,"smort_custom_pricelist_2":null,"smort_custom_pricelist_3":null,"smort_custom_pricelist_4":null,"smort_custom_pricelist_5":null},"anvandningsomrade":[],"bilmarken":[],"product_brand":[2893],"product_cat":[2988,378],"product_tag":[],"class_list":{"0":"post-27727","1":"product","2":"type-product","3":"status-publish","4":"has-post-thumbnail","6":"product_brand-tershine","7":"product_cat-biltvatt","8":"product_cat-bilvard","10":"first","11":"instock","12":"taxable","13":"shipping-taxable","14":"purchasable","15":"product-type-variable"},"bundled_by":[],"bundle_stock_status":"instock","bundle_stock_quantity":1,"bundle_virtual":false,"bundle_layout":"","bundle_add_to_cart_form_location":"","bundle_editable_in_cart":false,"bundle_sold_individually_context":"","bundle_item_grouping":"","bundle_min_size":"","bundle_max_size":"","bundle_price":[],"bundled_items":[],"bundle_sell_ids":[],"acf":[],"yoast_head":"<!-- This site is optimized with the Yoast SEO plugin v27.0 - https:\/\/yoast.com\/product\/yoast-seo-wordpress\/ -->\n<title>Tershine APC - Allreng\u00f6ring 5 L - Xenonkungen<\/title>\n<meta name=\"robots\" content=\"index, follow, max-snippet:-1, max-image-preview:large, max-video-preview:-1\" \/>\n<link rel=\"canonical\" href=\"https:\/\/xenonkungen.com\/de\/produkt\/tershine-apc-allrengoring-5-l\/\" \/>\n<meta property=\"og:locale\" content=\"de_DE\" \/>\n<meta property=\"og:type\" content=\"article\" \/>\n<meta property=\"og:title\" content=\"Tershine APC - Allreng\u00f6ring 5 L - Xenonkungen\" \/>\n<meta property=\"og:description\" content=\"APC allreng\u00f6ringsmedel f\u00f6r insidan av fordonet, i hemmet och ja, i stort sett \u00f6verallt!\" \/>\n<meta property=\"og:url\" content=\"https:\/\/xenonkungen.com\/de\/produkt\/tershine-apc-allrengoring-5-l\/\" \/>\n<meta property=\"og:site_name\" content=\"Xenonkungen\" \/>\n<meta property=\"article:modified_time\" content=\"2026-04-24T16:47:04+00:00\" \/>\n<meta property=\"og:image\" content=\"https:\/\/xenonkungen.com\/wp-content\/uploads\/2026\/03\/bR0AfsZnqDaTL1UXku5fEvuPWvI92XyEGY1LPuxz.webp\" \/>\n\t<meta property=\"og:image:width\" content=\"1024\" \/>\n\t<meta property=\"og:image:height\" content=\"1024\" \/>\n\t<meta property=\"og:image:type\" content=\"image\/webp\" \/>\n<meta name=\"twitter:card\" content=\"summary_large_image\" \/>\n<meta name=\"twitter:label1\" content=\"Gesch\u00e4tzte Lesezeit\" \/>\n\t<meta name=\"twitter:data1\" content=\"2\u00a0Minuten\" \/>\n<script type=\"application\/ld+json\" class=\"yoast-schema-graph\">{\"@context\":\"https:\/\/schema.org\",\"@graph\":[{\"@type\":\"WebPage\",\"@id\":\"https:\/\/xenonkungen.com\/produkt\/tershine-apc-allrengoring-5-l\/\",\"url\":\"https:\/\/xenonkungen.com\/produkt\/tershine-apc-allrengoring-5-l\/\",\"name\":\"Tershine APC - Allreng\u00f6ring 5 L - Xenonkungen\",\"isPartOf\":{\"@id\":\"https:\/\/xenonkungen.com\/#website\"},\"primaryImageOfPage\":{\"@id\":\"https:\/\/xenonkungen.com\/produkt\/tershine-apc-allrengoring-5-l\/#primaryimage\"},\"image\":{\"@id\":\"https:\/\/xenonkungen.com\/produkt\/tershine-apc-allrengoring-5-l\/#primaryimage\"},\"thumbnailUrl\":\"https:\/\/xenonkungen.com\/wp-content\/uploads\/2026\/03\/bR0AfsZnqDaTL1UXku5fEvuPWvI92XyEGY1LPuxz.webp\",\"datePublished\":\"2026-03-13T14:43:24+00:00\",\"dateModified\":\"2026-04-24T16:47:04+00:00\",\"breadcrumb\":{\"@id\":\"https:\/\/xenonkungen.com\/produkt\/tershine-apc-allrengoring-5-l\/#breadcrumb\"},\"inLanguage\":\"de\",\"potentialAction\":[{\"@type\":\"ReadAction\",\"target\":[\"https:\/\/xenonkungen.com\/produkt\/tershine-apc-allrengoring-5-l\/\"]}]},{\"@type\":\"ImageObject\",\"inLanguage\":\"de\",\"@id\":\"https:\/\/xenonkungen.com\/produkt\/tershine-apc-allrengoring-5-l\/#primaryimage\",\"url\":\"https:\/\/xenonkungen.com\/wp-content\/uploads\/2026\/03\/bR0AfsZnqDaTL1UXku5fEvuPWvI92XyEGY1LPuxz.webp\",\"contentUrl\":\"https:\/\/xenonkungen.com\/wp-content\/uploads\/2026\/03\/bR0AfsZnqDaTL1UXku5fEvuPWvI92XyEGY1LPuxz.webp\",\"width\":1024,\"height\":1024},{\"@type\":\"BreadcrumbList\",\"@id\":\"https:\/\/xenonkungen.com\/produkt\/tershine-apc-allrengoring-5-l\/#breadcrumb\",\"itemListElement\":[{\"@type\":\"ListItem\",\"position\":1,\"name\":\"Hem\",\"item\":\"https:\/\/xenonkungen.com\/\"},{\"@type\":\"ListItem\",\"position\":2,\"name\":\"Shop\",\"item\":\"https:\/\/xenonkungen.com\/shop\/\"},{\"@type\":\"ListItem\",\"position\":3,\"name\":\"Tershine APC &#8211; Allreng\u00f6ring 5 L\"}]},{\"@type\":\"WebSite\",\"@id\":\"https:\/\/xenonkungen.com\/#website\",\"url\":\"https:\/\/xenonkungen.com\/\",\"name\":\"Xenonkungen\",\"description\":\"\",\"potentialAction\":[{\"@type\":\"SearchAction\",\"target\":{\"@type\":\"EntryPoint\",\"urlTemplate\":\"https:\/\/xenonkungen.com\/?s={search_term_string}\"},\"query-input\":{\"@type\":\"PropertyValueSpecification\",\"valueRequired\":true,\"valueName\":\"search_term_string\"}}],\"inLanguage\":\"de\"}]}<\/script>\n<!-- \/ Yoast SEO plugin. -->","yoast_head_json":{"title":"Tershine APC - Allreng\u00f6ring 5 L - Xenonkungen","robots":{"index":"index","follow":"follow","max-snippet":"max-snippet:-1","max-image-preview":"max-image-preview:large","max-video-preview":"max-video-preview:-1"},"canonical":"https:\/\/xenonkungen.com\/de\/produkt\/tershine-apc-allrengoring-5-l\/","og_locale":"de_DE","og_type":"article","og_title":"Tershine APC - Allreng\u00f6ring 5 L - Xenonkungen","og_description":"APC allreng\u00f6ringsmedel f\u00f6r insidan av fordonet, i hemmet och ja, i stort sett \u00f6verallt!","og_url":"https:\/\/xenonkungen.com\/de\/produkt\/tershine-apc-allrengoring-5-l\/","og_site_name":"Xenonkungen","article_modified_time":"2026-04-24T16:47:04+00:00","og_image":[{"width":1024,"height":1024,"url":"https:\/\/xenonkungen.com\/wp-content\/uploads\/2026\/03\/bR0AfsZnqDaTL1UXku5fEvuPWvI92XyEGY1LPuxz.webp","type":"image\/webp"}],"twitter_card":"summary_large_image","twitter_misc":{"Gesch\u00e4tzte Lesezeit":"2\u00a0Minuten"},"schema":{"@context":"https:\/\/schema.org","@graph":[{"@type":"WebPage","@id":"https:\/\/xenonkungen.com\/produkt\/tershine-apc-allrengoring-5-l\/","url":"https:\/\/xenonkungen.com\/produkt\/tershine-apc-allrengoring-5-l\/","name":"Tershine APC - Allreng\u00f6ring 5 L - Xenonkungen","isPartOf":{"@id":"https:\/\/xenonkungen.com\/#website"},"primaryImageOfPage":{"@id":"https:\/\/xenonkungen.com\/produkt\/tershine-apc-allrengoring-5-l\/#primaryimage"},"image":{"@id":"https:\/\/xenonkungen.com\/produkt\/tershine-apc-allrengoring-5-l\/#primaryimage"},"thumbnailUrl":"https:\/\/xenonkungen.com\/wp-content\/uploads\/2026\/03\/bR0AfsZnqDaTL1UXku5fEvuPWvI92XyEGY1LPuxz.webp","datePublished":"2026-03-13T14:43:24+00:00","dateModified":"2026-04-24T16:47:04+00:00","breadcrumb":{"@id":"https:\/\/xenonkungen.com\/produkt\/tershine-apc-allrengoring-5-l\/#breadcrumb"},"inLanguage":"de","potentialAction":[{"@type":"ReadAction","target":["https:\/\/xenonkungen.com\/produkt\/tershine-apc-allrengoring-5-l\/"]}]},{"@type":"ImageObject","inLanguage":"de","@id":"https:\/\/xenonkungen.com\/produkt\/tershine-apc-allrengoring-5-l\/#primaryimage","url":"https:\/\/xenonkungen.com\/wp-content\/uploads\/2026\/03\/bR0AfsZnqDaTL1UXku5fEvuPWvI92XyEGY1LPuxz.webp","contentUrl":"https:\/\/xenonkungen.com\/wp-content\/uploads\/2026\/03\/bR0AfsZnqDaTL1UXku5fEvuPWvI92XyEGY1LPuxz.webp","width":1024,"height":1024},{"@type":"BreadcrumbList","@id":"https:\/\/xenonkungen.com\/produkt\/tershine-apc-allrengoring-5-l\/#breadcrumb","itemListElement":[{"@type":"ListItem","position":1,"name":"Hem","item":"https:\/\/xenonkungen.com\/"},{"@type":"ListItem","position":2,"name":"Shop","item":"https:\/\/xenonkungen.com\/shop\/"},{"@type":"ListItem","position":3,"name":"Tershine APC &#8211; Allreng\u00f6ring 5 L"}]},{"@type":"WebSite","@id":"https:\/\/xenonkungen.com\/#website","url":"https:\/\/xenonkungen.com\/","name":"Xenonkungen","description":"","potentialAction":[{"@type":"SearchAction","target":{"@type":"EntryPoint","urlTemplate":"https:\/\/xenonkungen.com\/?s={search_term_string}"},"query-input":{"@type":"PropertyValueSpecification","valueRequired":true,"valueName":"search_term_string"}}],"inLanguage":"de"}]}},"taxonomy_info":{"product_brand":[{"value":2893,"label":"Tershine"}],"product_cat":[{"value":2988,"label":"1 | Biltv\u00e4tt"},{"value":378,"label":"Bilv\u00e5rd"}]},"featured_image_src_large":["https:\/\/xenonkungen.com\/wp-content\/uploads\/2026\/03\/bR0AfsZnqDaTL1UXku5fEvuPWvI92XyEGY1LPuxz.webp",1024,1024,false],"author_info":[],"comment_info":0,"_links":{"self":[{"href":"https:\/\/xenonkungen.com\/de\/wp-json\/wp\/v2\/product\/27727","targetHints":{"allow":["GET"]}}],"collection":[{"href":"https:\/\/xenonkungen.com\/de\/wp-json\/wp\/v2\/product"}],"about":[{"href":"https:\/\/xenonkungen.com\/de\/wp-json\/wp\/v2\/types\/product"}],"replies":[{"embeddable":true,"href":"https:\/\/xenonkungen.com\/de\/wp-json\/wp\/v2\/comments?post=27727"}],"wp:featuredmedia":[{"embeddable":true,"href":"https:\/\/xenonkungen.com\/de\/wp-json\/wp\/v2\/media\/27730"}],"wp:attachment":[{"href":"https:\/\/xenonkungen.com\/de\/wp-json\/wp\/v2\/media?parent=27727"}],"wp:term":[{"taxonomy":"anvandningsomrade","embeddable":true,"href":"https:\/\/xenonkungen.com\/de\/wp-json\/wp\/v2\/anvandningsomrade?post=27727"},{"taxonomy":"bilmarken","embeddable":true,"href":"https:\/\/xenonkungen.com\/de\/wp-json\/wp\/v2\/bilmarken?post=27727"},{"taxonomy":"product_brand","embeddable":true,"href":"https:\/\/xenonkungen.com\/de\/wp-json\/wp\/v2\/product_brand?post=27727"},{"taxonomy":"product_cat","embeddable":true,"href":"https:\/\/xenonkungen.com\/de\/wp-json\/wp\/v2\/product_cat?post=27727"},{"taxonomy":"product_tag","embeddable":true,"href":"https:\/\/xenonkungen.com\/de\/wp-json\/wp\/v2\/product_tag?post=27727"}],"curies":[{"name":"wp","href":"https:\/\/api.w.org\/{rel}","templated":true}]}}