{"id":27741,"date":"2026-03-13T15:56:04","date_gmt":"2026-03-13T14:56:04","guid":{"rendered":"https:\/\/xenonkungen.com\/?post_type=product&#038;p=27741"},"modified":"2026-05-12T14:57:37","modified_gmt":"2026-05-12T13:57:37","slug":"tershine-apex-gloss-booster-500-ml","status":"publish","type":"product","link":"https:\/\/xenonkungen.com\/de\/produkt\/tershine-apex-gloss-booster-500-ml\/","title":{"rendered":"Tershine Apex+ \u2013 Glanzverst\u00e4rker 500 ml"},"content":{"rendered":"<p>Schnellreiniger, der dem Lack fantastischen Glanz verleiht und die Oberfl\u00e4che pflegt \u2013 ideal als Trocknungshilfe nach jeder W\u00e4sche! Reinigt die Oberfl\u00e4che und sorgt gleichzeitig f\u00fcr einen unglaublichen Glanz! Enth\u00e4lt Essigs\u00e4ure, die hilft, kalte Stellen und andere Verunreinigungen zu l\u00f6sen, die den Lack angreifen k\u00f6nnen.<\/p>\n<p><strong>Grausam wie ein W\u00e4schest\u00e4nder<br \/>\nVerleiht immensen Glanz<br \/>\nBei Bedarf verd\u00fcnnbar.<br \/>\nLack reinigen<br \/>\nGrausam gegen Kalkflecken<br \/>\nExtrem rau<br \/>\nFunktioniert gleicherma\u00dfen gut auf trockener und nasser Farbe<br \/>\nGeeignet f\u00fcr die meisten Materialien wie Farbe, Kunststoff und Glas.<br \/>\nKann f\u00fcr alle Arten von Lackschutz verwendet werden.<br \/>\nAntistatisch<br \/>\nDas Produkt ist nicht als kennzeichnungspflichtig gem\u00e4\u00df der CLP-Verordnung (EG) 1272\/2008 eingestuft.<\/strong><\/p>\n<p>&nbsp;<\/p>\n<p class=\"p1\"><b>Gebrauchsanweisung:<\/b><\/p>\n<div data-pm-slice=\"2 2 []\">\n<p><strong>1.<\/strong><span class=\"Apple-converted-space\">\u00a0<\/span>Waschen Sie Ihr Auto mit Purify\/S \u2013 Autoshampoo<span class=\"Apple-converted-space\"><br \/>\n<\/span><strong>2.<\/strong><span class=\"Apple-converted-space\">\u00a0<\/span>Auf trockene oder nasse Oberfl\u00e4chen auftragen, entweder direkt auf die Farbe oder auf ein Mikrofasertuch.<br \/>\n<strong>3.<\/strong><span class=\"Apple-converted-space\">\u00a0<\/span>Mit einem trockenen, sauberen Tuch nachpolieren.<span class=\"Apple-converted-space\"><br \/>\n<\/span><strong>4.<\/strong><span class=\"Apple-converted-space\">\u00a0<\/span>Treten Sie einen Schritt zur\u00fcck und erleben Sie die unglaubliche W\u00e4rme und das \u201e3D-Gef\u00fchl\u201c, das Apex+ erzeugt!<span class=\"Apple-converted-space\"><br \/>\n<\/span><strong>5.<\/strong><span class=\"Apple-converted-space\">\u00a0<\/span>M\u00f6ge der Glanz mit dir sein!<\/p>\n<p><strong>Bei der Anwendung auf trockenem Poliermittel k\u00f6nnen Sie es mit Wasser verd\u00fcnnen oder direkt auf das Tuch geben. Es ist sehr dickfl\u00fcssig, daher ist weniger mehr! Ein bis zwei Spritzer auf das Tuch gen\u00fcgen, auftragen und auspolieren.<\/strong><\/p>\n<p><strong>Apex+ ist ein Schnellaufbereiter<\/strong><span style=\"color: #000000;\">\u00a0Das sorgt f\u00fcr einen wundersch\u00f6nen Glanz! Es wurde als Trocknungshilfe entwickelt, einfach auf nassen Lack spr\u00fchen und abwischen. Es verleiht allen Lackarten eine unglaubliche W\u00e4rme und Tiefe, kommt aber besonders gut zur Geltung, wenn es auf Refract \u2013 Keramik-Spr\u00fchlackversiegelung oder Magnify \u2013 Beschichtung aufgetragen wird! Es eignet sich f\u00fcr alle Arten von bestehenden Lackversiegelungen und kann nat\u00fcrlich auch allein verwendet werden. Kombinieren Sie es gerne mit einem der oben genannten Produkte, um Ihren Lack auf ein neues Glanzniveau zu heben.<\/span><\/p>\n<p><strong>Du musst es unbedingt als Trocknungshilfe ausprobieren!<\/strong><\/p>\n<p><strong>Was ist D\u00fcrrehilfe?<\/strong><\/p>\n<p><span style=\"color: #000000; font-family: BlinkMacSystemFont, -apple-system, Segoe UI, Roboto, Oxygen, Ubuntu, Cantarell, Fira Sans, Droid Sans, Helvetica Neue, Helvetica, Arial, sans-serif;\">Die Trocknungsunterst\u00fctzung bedeutet, dass Sie nach der Autow\u00e4sche, sobald das Auto zu trocknen beginnt, Apex+ \u2013 Gloss Booster entweder direkt auf den Lack oder auf Ihr Trockentuch auftragen und auf der Oberfl\u00e4che verteilen. Dies verst\u00e4rkt den Lackglanz, pflegt die Oberfl\u00e4che, minimiert das Risiko von Kratzern und erzeugt einen unglaublich sch\u00f6nen Glanz.<\/span><\/p>\n<p><strong>Profi-Tipp:<\/strong>\u00a0Geben Sie einen Spritzer davon in den Eimer mit Ihrem Autoshampoo, um die Reinigungswirkung und den Glanz etwas zu verst\u00e4rken!<\/p>\n<p>\u00c4u\u00dferst vielseitig und f\u00fcr die meisten Materialarten geeignet.<\/p>\n<p><span style=\"color: #363636;\"><b>Duft: Mango\/Zitrone<\/b><\/span><\/p>\n<\/div>","protected":false},"excerpt":{"rendered":"<p>Apex+ &#8211; Gloss Booster \u00e4r en Quick Detailer, utformad f\u00f6r att maximera glansen p\u00e5 ditt fordons lack. Den ger ett otroligt djup och v\u00e4rme till alla typer av lacker och fungerar utm\u00e4rkt som torkst\u00f6d efter varje tv\u00e4tt.<\/p>","protected":false},"featured_media":27742,"comment_status":"open","ping_status":"closed","template":"","meta":{"_acf_changed":false,"_smort_price_nok":"","_smort_price_dkk":"","_smort_price_eur":"","_smort_sale_price_nok":"","_smort_sale_price_dkk":"","_smort_sale_price_eur":"","smort_restorder":"","shipmondo_restorder":"","_kad_blocks_custom_css":"","_kad_blocks_head_custom_js":"","_kad_blocks_body_custom_js":"","_kad_blocks_footer_custom_js":"","smort_custom_pricelist_1":"159.36","smort_custom_pricelist_2":"159.36","smort_custom_pricelist_3":"159.36","smort_custom_pricelist_4":"199.2","smort_custom_pricelist_5":"159.36"},"anvandningsomrade":[],"bilmarken":[],"product_brand":[2893],"product_cat":[2988,378],"product_tag":[],"class_list":{"0":"post-27741","1":"product","2":"type-product","3":"status-publish","4":"has-post-thumbnail","6":"product_brand-tershine","7":"product_cat-biltvatt","8":"product_cat-bilvard","10":"first","11":"onbackorder","12":"taxable","13":"shipping-taxable","14":"purchasable","15":"product-type-simple"},"bundled_by":[],"bundle_stock_status":"onbackorder","bundle_stock_quantity":0,"bundle_virtual":false,"bundle_layout":"","bundle_add_to_cart_form_location":"","bundle_editable_in_cart":false,"bundle_sold_individually_context":"","bundle_item_grouping":"","bundle_min_size":"","bundle_max_size":"","bundle_price":[],"bundled_items":[],"bundle_sell_ids":[],"acf":[],"yoast_head":"<!-- This site is optimized with the Yoast SEO plugin v27.0 - https:\/\/yoast.com\/product\/yoast-seo-wordpress\/ -->\n<title>Tershine Apex+ - Gloss Booster 500 ml - Xenonkungen<\/title>\n<meta name=\"robots\" content=\"index, follow, max-snippet:-1, max-image-preview:large, max-video-preview:-1\" \/>\n<link rel=\"canonical\" href=\"https:\/\/xenonkungen.com\/de\/produkt\/tershine-apex-gloss-booster-500-ml\/\" \/>\n<meta property=\"og:locale\" content=\"de_DE\" \/>\n<meta property=\"og:type\" content=\"article\" \/>\n<meta property=\"og:title\" content=\"Tershine Apex+ - Gloss Booster 500 ml - Xenonkungen\" \/>\n<meta property=\"og:description\" content=\"Apex+ - Gloss Booster \u00e4r en Quick Detailer, utformad f\u00f6r att maximera glansen p\u00e5 ditt fordons lack. Den ger ett otroligt djup och v\u00e4rme till alla typer av lacker och fungerar utm\u00e4rkt som torkst\u00f6d efter varje tv\u00e4tt.\" \/>\n<meta property=\"og:url\" content=\"https:\/\/xenonkungen.com\/de\/produkt\/tershine-apex-gloss-booster-500-ml\/\" \/>\n<meta property=\"og:site_name\" content=\"Xenonkungen\" \/>\n<meta property=\"article:modified_time\" content=\"2026-05-12T13:57:37+00:00\" \/>\n<meta property=\"og:image\" content=\"https:\/\/xenonkungen.com\/wp-content\/uploads\/2026\/03\/vPjhgWqVMxEyl2TfhBkfQuNRVQZCkloNYCaesW6a.webp\" \/>\n\t<meta property=\"og:image:width\" content=\"1024\" \/>\n\t<meta property=\"og:image:height\" content=\"1024\" \/>\n\t<meta property=\"og:image:type\" content=\"image\/webp\" \/>\n<meta name=\"twitter:card\" content=\"summary_large_image\" \/>\n<meta name=\"twitter:label1\" content=\"Gesch\u00e4tzte Lesezeit\" \/>\n\t<meta name=\"twitter:data1\" content=\"3\u00a0Minuten\" \/>\n<script type=\"application\/ld+json\" class=\"yoast-schema-graph\">{\"@context\":\"https:\/\/schema.org\",\"@graph\":[{\"@type\":\"WebPage\",\"@id\":\"https:\/\/xenonkungen.com\/produkt\/tershine-apex-gloss-booster-500-ml\/\",\"url\":\"https:\/\/xenonkungen.com\/produkt\/tershine-apex-gloss-booster-500-ml\/\",\"name\":\"Tershine Apex+ - Gloss Booster 500 ml - Xenonkungen\",\"isPartOf\":{\"@id\":\"https:\/\/xenonkungen.com\/#website\"},\"primaryImageOfPage\":{\"@id\":\"https:\/\/xenonkungen.com\/produkt\/tershine-apex-gloss-booster-500-ml\/#primaryimage\"},\"image\":{\"@id\":\"https:\/\/xenonkungen.com\/produkt\/tershine-apex-gloss-booster-500-ml\/#primaryimage\"},\"thumbnailUrl\":\"https:\/\/xenonkungen.com\/wp-content\/uploads\/2026\/03\/vPjhgWqVMxEyl2TfhBkfQuNRVQZCkloNYCaesW6a.webp\",\"datePublished\":\"2026-03-13T14:56:04+00:00\",\"dateModified\":\"2026-05-12T13:57:37+00:00\",\"breadcrumb\":{\"@id\":\"https:\/\/xenonkungen.com\/produkt\/tershine-apex-gloss-booster-500-ml\/#breadcrumb\"},\"inLanguage\":\"de\",\"potentialAction\":[{\"@type\":\"ReadAction\",\"target\":[\"https:\/\/xenonkungen.com\/produkt\/tershine-apex-gloss-booster-500-ml\/\"]}]},{\"@type\":\"ImageObject\",\"inLanguage\":\"de\",\"@id\":\"https:\/\/xenonkungen.com\/produkt\/tershine-apex-gloss-booster-500-ml\/#primaryimage\",\"url\":\"https:\/\/xenonkungen.com\/wp-content\/uploads\/2026\/03\/vPjhgWqVMxEyl2TfhBkfQuNRVQZCkloNYCaesW6a.webp\",\"contentUrl\":\"https:\/\/xenonkungen.com\/wp-content\/uploads\/2026\/03\/vPjhgWqVMxEyl2TfhBkfQuNRVQZCkloNYCaesW6a.webp\",\"width\":1024,\"height\":1024},{\"@type\":\"BreadcrumbList\",\"@id\":\"https:\/\/xenonkungen.com\/produkt\/tershine-apex-gloss-booster-500-ml\/#breadcrumb\",\"itemListElement\":[{\"@type\":\"ListItem\",\"position\":1,\"name\":\"Hem\",\"item\":\"https:\/\/xenonkungen.com\/\"},{\"@type\":\"ListItem\",\"position\":2,\"name\":\"Shop\",\"item\":\"https:\/\/xenonkungen.com\/shop\/\"},{\"@type\":\"ListItem\",\"position\":3,\"name\":\"Tershine Apex+ &#8211; Gloss Booster 500 ml\"}]},{\"@type\":\"WebSite\",\"@id\":\"https:\/\/xenonkungen.com\/#website\",\"url\":\"https:\/\/xenonkungen.com\/\",\"name\":\"Xenonkungen\",\"description\":\"\",\"potentialAction\":[{\"@type\":\"SearchAction\",\"target\":{\"@type\":\"EntryPoint\",\"urlTemplate\":\"https:\/\/xenonkungen.com\/?s={search_term_string}\"},\"query-input\":{\"@type\":\"PropertyValueSpecification\",\"valueRequired\":true,\"valueName\":\"search_term_string\"}}],\"inLanguage\":\"de\"}]}<\/script>\n<!-- \/ Yoast SEO plugin. -->","yoast_head_json":{"title":"Tershine Apex+ - Gloss Booster 500 ml - Xenonkungen","robots":{"index":"index","follow":"follow","max-snippet":"max-snippet:-1","max-image-preview":"max-image-preview:large","max-video-preview":"max-video-preview:-1"},"canonical":"https:\/\/xenonkungen.com\/de\/produkt\/tershine-apex-gloss-booster-500-ml\/","og_locale":"de_DE","og_type":"article","og_title":"Tershine Apex+ - Gloss Booster 500 ml - Xenonkungen","og_description":"Apex+ - Gloss Booster \u00e4r en Quick Detailer, utformad f\u00f6r att maximera glansen p\u00e5 ditt fordons lack. Den ger ett otroligt djup och v\u00e4rme till alla typer av lacker och fungerar utm\u00e4rkt som torkst\u00f6d efter varje tv\u00e4tt.","og_url":"https:\/\/xenonkungen.com\/de\/produkt\/tershine-apex-gloss-booster-500-ml\/","og_site_name":"Xenonkungen","article_modified_time":"2026-05-12T13:57:37+00:00","og_image":[{"width":1024,"height":1024,"url":"https:\/\/xenonkungen.com\/wp-content\/uploads\/2026\/03\/vPjhgWqVMxEyl2TfhBkfQuNRVQZCkloNYCaesW6a.webp","type":"image\/webp"}],"twitter_card":"summary_large_image","twitter_misc":{"Gesch\u00e4tzte Lesezeit":"3\u00a0Minuten"},"schema":{"@context":"https:\/\/schema.org","@graph":[{"@type":"WebPage","@id":"https:\/\/xenonkungen.com\/produkt\/tershine-apex-gloss-booster-500-ml\/","url":"https:\/\/xenonkungen.com\/produkt\/tershine-apex-gloss-booster-500-ml\/","name":"Tershine Apex+ - Gloss Booster 500 ml - Xenonkungen","isPartOf":{"@id":"https:\/\/xenonkungen.com\/#website"},"primaryImageOfPage":{"@id":"https:\/\/xenonkungen.com\/produkt\/tershine-apex-gloss-booster-500-ml\/#primaryimage"},"image":{"@id":"https:\/\/xenonkungen.com\/produkt\/tershine-apex-gloss-booster-500-ml\/#primaryimage"},"thumbnailUrl":"https:\/\/xenonkungen.com\/wp-content\/uploads\/2026\/03\/vPjhgWqVMxEyl2TfhBkfQuNRVQZCkloNYCaesW6a.webp","datePublished":"2026-03-13T14:56:04+00:00","dateModified":"2026-05-12T13:57:37+00:00","breadcrumb":{"@id":"https:\/\/xenonkungen.com\/produkt\/tershine-apex-gloss-booster-500-ml\/#breadcrumb"},"inLanguage":"de","potentialAction":[{"@type":"ReadAction","target":["https:\/\/xenonkungen.com\/produkt\/tershine-apex-gloss-booster-500-ml\/"]}]},{"@type":"ImageObject","inLanguage":"de","@id":"https:\/\/xenonkungen.com\/produkt\/tershine-apex-gloss-booster-500-ml\/#primaryimage","url":"https:\/\/xenonkungen.com\/wp-content\/uploads\/2026\/03\/vPjhgWqVMxEyl2TfhBkfQuNRVQZCkloNYCaesW6a.webp","contentUrl":"https:\/\/xenonkungen.com\/wp-content\/uploads\/2026\/03\/vPjhgWqVMxEyl2TfhBkfQuNRVQZCkloNYCaesW6a.webp","width":1024,"height":1024},{"@type":"BreadcrumbList","@id":"https:\/\/xenonkungen.com\/produkt\/tershine-apex-gloss-booster-500-ml\/#breadcrumb","itemListElement":[{"@type":"ListItem","position":1,"name":"Hem","item":"https:\/\/xenonkungen.com\/"},{"@type":"ListItem","position":2,"name":"Shop","item":"https:\/\/xenonkungen.com\/shop\/"},{"@type":"ListItem","position":3,"name":"Tershine Apex+ &#8211; Gloss Booster 500 ml"}]},{"@type":"WebSite","@id":"https:\/\/xenonkungen.com\/#website","url":"https:\/\/xenonkungen.com\/","name":"Xenonkungen","description":"","potentialAction":[{"@type":"SearchAction","target":{"@type":"EntryPoint","urlTemplate":"https:\/\/xenonkungen.com\/?s={search_term_string}"},"query-input":{"@type":"PropertyValueSpecification","valueRequired":true,"valueName":"search_term_string"}}],"inLanguage":"de"}]}},"taxonomy_info":{"product_brand":[{"value":2893,"label":"Tershine"}],"product_cat":[{"value":2988,"label":"1 | Biltv\u00e4tt"},{"value":378,"label":"Bilv\u00e5rd"}]},"featured_image_src_large":["https:\/\/xenonkungen.com\/wp-content\/uploads\/2026\/03\/vPjhgWqVMxEyl2TfhBkfQuNRVQZCkloNYCaesW6a.webp",1024,1024,false],"author_info":[],"comment_info":0,"_links":{"self":[{"href":"https:\/\/xenonkungen.com\/de\/wp-json\/wp\/v2\/product\/27741","targetHints":{"allow":["GET"]}}],"collection":[{"href":"https:\/\/xenonkungen.com\/de\/wp-json\/wp\/v2\/product"}],"about":[{"href":"https:\/\/xenonkungen.com\/de\/wp-json\/wp\/v2\/types\/product"}],"replies":[{"embeddable":true,"href":"https:\/\/xenonkungen.com\/de\/wp-json\/wp\/v2\/comments?post=27741"}],"wp:featuredmedia":[{"embeddable":true,"href":"https:\/\/xenonkungen.com\/de\/wp-json\/wp\/v2\/media\/27742"}],"wp:attachment":[{"href":"https:\/\/xenonkungen.com\/de\/wp-json\/wp\/v2\/media?parent=27741"}],"wp:term":[{"taxonomy":"anvandningsomrade","embeddable":true,"href":"https:\/\/xenonkungen.com\/de\/wp-json\/wp\/v2\/anvandningsomrade?post=27741"},{"taxonomy":"bilmarken","embeddable":true,"href":"https:\/\/xenonkungen.com\/de\/wp-json\/wp\/v2\/bilmarken?post=27741"},{"taxonomy":"product_brand","embeddable":true,"href":"https:\/\/xenonkungen.com\/de\/wp-json\/wp\/v2\/product_brand?post=27741"},{"taxonomy":"product_cat","embeddable":true,"href":"https:\/\/xenonkungen.com\/de\/wp-json\/wp\/v2\/product_cat?post=27741"},{"taxonomy":"product_tag","embeddable":true,"href":"https:\/\/xenonkungen.com\/de\/wp-json\/wp\/v2\/product_tag?post=27741"}],"curies":[{"name":"wp","href":"https:\/\/api.w.org\/{rel}","templated":true}]}}