{"id":27743,"date":"2026-03-13T16:00:07","date_gmt":"2026-03-13T15:00:07","guid":{"rendered":"https:\/\/xenonkungen.com\/?post_type=product&#038;p=27743"},"modified":"2026-05-12T14:57:17","modified_gmt":"2026-05-12T13:57:17","slug":"tershine-apex-quick-wash-500-ml","status":"publish","type":"product","link":"https:\/\/xenonkungen.com\/de\/produkt\/tershine-apex-quick-wash-500-ml\/","title":{"rendered":"Tershine Apex \u2013 Schnellw\u00e4sche 500 ml"},"content":{"rendered":"<p><span style=\"color: #000000; font-family: BlinkMacSystemFont, -apple-system, Segoe UI, Roboto, Oxygen, Ubuntu, Cantarell, Fira Sans, Droid Sans, Helvetica Neue, Helvetica, Arial, sans-serif;\">Apex \u2013 Quick Wash ist ein schnell reinigender Quick Detailer, der f\u00fcr eine rasche und effektive Reinigung bei eingeschr\u00e4nktem Wasserzugang entwickelt wurde. Er hinterl\u00e4sst einen Hochglanz und einen sch\u00fctzenden Wachsfilm. Ideal f\u00fcr Situationen wie Autoausstellungen, Rallyes, Rennstreckenfahrten oder \u00fcberall dort, wo kein Wasser zur Verf\u00fcgung steht.<\/span><\/p>\n<p class=\"p2\"><strong>Reinigt und sch\u00fctzt in einem Arbeitsgang<br \/>\nVerd\u00fcnnbar<br \/>\nVerleiht einen tollen Glanz<br \/>\nSehr vielseitig mit zahlreichen Einsatzm\u00f6glichkeiten<br \/>\nPerfekt geeignet f\u00fcr Boote, Fahrr\u00e4der, Rallyeautos, Bagger, M\u00e4hroboter usw.<br \/>\nIdeal f\u00fcr Ausstellungen<br \/>\nWirksam gegen Vogelkot<br \/>\nKann als W\u00e4schest\u00e4nder verwendet werden.<br \/>\nDas Produkt ist nicht als kennzeichnungspflichtig gem\u00e4\u00df der CLP-Verordnung (EG) 1272\/2008 eingestuft.<\/strong><\/p>\n<p class=\"p3\"><b>Gebrauchsanweisung f\u00fcr Apex-Quick Wash:<\/b><b><\/b><\/p>\n<p class=\"p5\"><strong>1<\/strong>.<span class=\"Apple-tab-span\"><span class=\"Apple-converted-space\">\u00a0<\/span><\/span>Spray Apex \u2013 Quick Wash direkt auf die verschmutzte Oberfl\u00e4che.<span class=\"Apple-converted-space\">\u00a0<\/span><\/p>\n<p class=\"p5\"><strong>2.<\/strong><span class=\"Apple-tab-span\"><span class=\"Apple-converted-space\">\u00a0<\/span><\/span>Mit einem sauberen Mikrofasertuch abwischen, um Schmutz zu entfernen.<span class=\"Apple-converted-space\">\u00a0<\/span><\/p>\n<p class=\"p5\"><strong>3.<\/strong><span class=\"Apple-tab-span\"><span class=\"Apple-converted-space\">\u00a0<\/span><\/span>Verwenden Sie ein separates, trockenes Mikrofasertuch, um die Oberfl\u00e4che auf Hochglanz zu polieren.<span class=\"Apple-converted-space\">\u00a0<\/span><\/p>\n<p class=\"p1\"><span style=\"color: #000000;\">Bitte beachten Sie, dass Sie bei stark verschmutzten Oberfl\u00e4chen reichlich Reinigungsmittel verwenden sollten, um den Schmutz zu l\u00f6sen und einen Schutzfilm zwischen dem Mikrofasertuch und der zu reinigenden Oberfl\u00e4che zu bilden. Polieren Sie die Oberfl\u00e4che abschlie\u00dfend mit einer sauberen Seite oder besser mit einem separaten Tuch.<\/span><\/p>\n<p>Es ist gebrauchsfertig, hat aber eine hohe Konzentration, sodass Sie es nach Bedarf verd\u00fcnnen k\u00f6nnen. Probieren Sie ruhig verschiedene Dosierungen aus, um die f\u00fcr Sie passende zu finden.<\/p>\n<p><span style=\"color: #000000;\">Es ist unglaublich vielseitig einsetzbar \u2013 Ihrer Fantasie sind keine Grenzen gesetzt. Ideal, wenn kein Wasser zur Verf\u00fcgung steht oder Sie einfach nur schnell etwas reinigen m\u00f6chten. Perfekt f\u00fcr M\u00e4hroboter, Boote, Fahrr\u00e4der, Bagger, LKWs und unz\u00e4hlige andere Orte. Probieren Sie es einfach aus und finden Sie heraus, wo es Ihnen am besten gef\u00e4llt. Wir selbst nutzen es als echtes Allround-Produkt, das uns in fast allen Bereichen hilft.<\/span><\/p>","protected":false},"excerpt":{"rendered":"<p>Quick detailer perfekt att anv\u00e4nda n\u00e4r du inte har tillg\u00e5ng till vatten. Det \u00e4r bara att spraya p\u00e5 &#8211; och torka av! Reng\u00f6ring och lackskydd i ett drag.<\/p>","protected":false},"featured_media":27744,"comment_status":"open","ping_status":"closed","template":"","meta":{"_acf_changed":false,"_smort_price_nok":"","_smort_price_dkk":"","_smort_price_eur":"","_smort_sale_price_nok":"","_smort_sale_price_dkk":"","_smort_sale_price_eur":"","smort_restorder":"","shipmondo_restorder":"","_kad_blocks_custom_css":"","_kad_blocks_head_custom_js":"","_kad_blocks_body_custom_js":"","_kad_blocks_footer_custom_js":"","smort_custom_pricelist_1":"127.36","smort_custom_pricelist_2":"127.36","smort_custom_pricelist_3":"127.36","smort_custom_pricelist_4":"159.2","smort_custom_pricelist_5":"127.36"},"anvandningsomrade":[],"bilmarken":[],"product_brand":[2893],"product_cat":[2988,2623,378],"product_tag":[],"class_list":{"0":"post-27743","1":"product","2":"type-product","3":"status-publish","4":"has-post-thumbnail","6":"product_brand-tershine","7":"product_cat-biltvatt","8":"product_cat-underhall","9":"product_cat-bilvard","11":"first","12":"onbackorder","13":"taxable","14":"shipping-taxable","15":"purchasable","16":"product-type-simple"},"bundled_by":[],"bundle_stock_status":"onbackorder","bundle_stock_quantity":0,"bundle_virtual":false,"bundle_layout":"","bundle_add_to_cart_form_location":"","bundle_editable_in_cart":false,"bundle_sold_individually_context":"","bundle_item_grouping":"","bundle_min_size":"","bundle_max_size":"","bundle_price":[],"bundled_items":[],"bundle_sell_ids":[],"acf":[],"yoast_head":"<!-- This site is optimized with the Yoast SEO plugin v27.0 - https:\/\/yoast.com\/product\/yoast-seo-wordpress\/ -->\n<title>Tershine Apex - Quick Wash 500 ml - Xenonkungen<\/title>\n<meta name=\"robots\" content=\"index, follow, max-snippet:-1, max-image-preview:large, max-video-preview:-1\" \/>\n<link rel=\"canonical\" href=\"https:\/\/xenonkungen.com\/de\/produkt\/tershine-apex-quick-wash-500-ml\/\" \/>\n<meta property=\"og:locale\" content=\"de_DE\" \/>\n<meta property=\"og:type\" content=\"article\" \/>\n<meta property=\"og:title\" content=\"Tershine Apex - Quick Wash 500 ml - Xenonkungen\" \/>\n<meta property=\"og:description\" content=\"Quick detailer perfekt att anv\u00e4nda n\u00e4r du inte har tillg\u00e5ng till vatten. Det \u00e4r bara att spraya p\u00e5 - och torka av! Reng\u00f6ring och lackskydd i ett drag.\" \/>\n<meta property=\"og:url\" content=\"https:\/\/xenonkungen.com\/de\/produkt\/tershine-apex-quick-wash-500-ml\/\" \/>\n<meta property=\"og:site_name\" content=\"Xenonkungen\" \/>\n<meta property=\"article:modified_time\" content=\"2026-05-12T13:57:17+00:00\" \/>\n<meta property=\"og:image\" content=\"https:\/\/xenonkungen.com\/wp-content\/uploads\/2026\/03\/d1ktcbfJIq4sPE8UbBoZtn15TPbhLr7H5QiPmvou.webp\" \/>\n\t<meta property=\"og:image:width\" content=\"1024\" \/>\n\t<meta property=\"og:image:height\" content=\"1024\" \/>\n\t<meta property=\"og:image:type\" content=\"image\/webp\" \/>\n<meta name=\"twitter:card\" content=\"summary_large_image\" \/>\n<meta name=\"twitter:label1\" content=\"Gesch\u00e4tzte Lesezeit\" \/>\n\t<meta name=\"twitter:data1\" content=\"2\u00a0Minuten\" \/>\n<script type=\"application\/ld+json\" class=\"yoast-schema-graph\">{\"@context\":\"https:\/\/schema.org\",\"@graph\":[{\"@type\":\"WebPage\",\"@id\":\"https:\/\/xenonkungen.com\/produkt\/tershine-apex-quick-wash-500-ml\/\",\"url\":\"https:\/\/xenonkungen.com\/produkt\/tershine-apex-quick-wash-500-ml\/\",\"name\":\"Tershine Apex - Quick Wash 500 ml - Xenonkungen\",\"isPartOf\":{\"@id\":\"https:\/\/xenonkungen.com\/#website\"},\"primaryImageOfPage\":{\"@id\":\"https:\/\/xenonkungen.com\/produkt\/tershine-apex-quick-wash-500-ml\/#primaryimage\"},\"image\":{\"@id\":\"https:\/\/xenonkungen.com\/produkt\/tershine-apex-quick-wash-500-ml\/#primaryimage\"},\"thumbnailUrl\":\"https:\/\/xenonkungen.com\/wp-content\/uploads\/2026\/03\/d1ktcbfJIq4sPE8UbBoZtn15TPbhLr7H5QiPmvou.webp\",\"datePublished\":\"2026-03-13T15:00:07+00:00\",\"dateModified\":\"2026-05-12T13:57:17+00:00\",\"breadcrumb\":{\"@id\":\"https:\/\/xenonkungen.com\/produkt\/tershine-apex-quick-wash-500-ml\/#breadcrumb\"},\"inLanguage\":\"de\",\"potentialAction\":[{\"@type\":\"ReadAction\",\"target\":[\"https:\/\/xenonkungen.com\/produkt\/tershine-apex-quick-wash-500-ml\/\"]}]},{\"@type\":\"ImageObject\",\"inLanguage\":\"de\",\"@id\":\"https:\/\/xenonkungen.com\/produkt\/tershine-apex-quick-wash-500-ml\/#primaryimage\",\"url\":\"https:\/\/xenonkungen.com\/wp-content\/uploads\/2026\/03\/d1ktcbfJIq4sPE8UbBoZtn15TPbhLr7H5QiPmvou.webp\",\"contentUrl\":\"https:\/\/xenonkungen.com\/wp-content\/uploads\/2026\/03\/d1ktcbfJIq4sPE8UbBoZtn15TPbhLr7H5QiPmvou.webp\",\"width\":1024,\"height\":1024},{\"@type\":\"BreadcrumbList\",\"@id\":\"https:\/\/xenonkungen.com\/produkt\/tershine-apex-quick-wash-500-ml\/#breadcrumb\",\"itemListElement\":[{\"@type\":\"ListItem\",\"position\":1,\"name\":\"Hem\",\"item\":\"https:\/\/xenonkungen.com\/\"},{\"@type\":\"ListItem\",\"position\":2,\"name\":\"Shop\",\"item\":\"https:\/\/xenonkungen.com\/shop\/\"},{\"@type\":\"ListItem\",\"position\":3,\"name\":\"Tershine Apex &#8211; Quick Wash 500 ml\"}]},{\"@type\":\"WebSite\",\"@id\":\"https:\/\/xenonkungen.com\/#website\",\"url\":\"https:\/\/xenonkungen.com\/\",\"name\":\"Xenonkungen\",\"description\":\"\",\"potentialAction\":[{\"@type\":\"SearchAction\",\"target\":{\"@type\":\"EntryPoint\",\"urlTemplate\":\"https:\/\/xenonkungen.com\/?s={search_term_string}\"},\"query-input\":{\"@type\":\"PropertyValueSpecification\",\"valueRequired\":true,\"valueName\":\"search_term_string\"}}],\"inLanguage\":\"de\"}]}<\/script>\n<!-- \/ Yoast SEO plugin. -->","yoast_head_json":{"title":"Tershine Apex - Quick Wash 500 ml - Xenonkungen","robots":{"index":"index","follow":"follow","max-snippet":"max-snippet:-1","max-image-preview":"max-image-preview:large","max-video-preview":"max-video-preview:-1"},"canonical":"https:\/\/xenonkungen.com\/de\/produkt\/tershine-apex-quick-wash-500-ml\/","og_locale":"de_DE","og_type":"article","og_title":"Tershine Apex - Quick Wash 500 ml - Xenonkungen","og_description":"Quick detailer perfekt att anv\u00e4nda n\u00e4r du inte har tillg\u00e5ng till vatten. Det \u00e4r bara att spraya p\u00e5 - och torka av! Reng\u00f6ring och lackskydd i ett drag.","og_url":"https:\/\/xenonkungen.com\/de\/produkt\/tershine-apex-quick-wash-500-ml\/","og_site_name":"Xenonkungen","article_modified_time":"2026-05-12T13:57:17+00:00","og_image":[{"width":1024,"height":1024,"url":"https:\/\/xenonkungen.com\/wp-content\/uploads\/2026\/03\/d1ktcbfJIq4sPE8UbBoZtn15TPbhLr7H5QiPmvou.webp","type":"image\/webp"}],"twitter_card":"summary_large_image","twitter_misc":{"Gesch\u00e4tzte Lesezeit":"2\u00a0Minuten"},"schema":{"@context":"https:\/\/schema.org","@graph":[{"@type":"WebPage","@id":"https:\/\/xenonkungen.com\/produkt\/tershine-apex-quick-wash-500-ml\/","url":"https:\/\/xenonkungen.com\/produkt\/tershine-apex-quick-wash-500-ml\/","name":"Tershine Apex - Quick Wash 500 ml - Xenonkungen","isPartOf":{"@id":"https:\/\/xenonkungen.com\/#website"},"primaryImageOfPage":{"@id":"https:\/\/xenonkungen.com\/produkt\/tershine-apex-quick-wash-500-ml\/#primaryimage"},"image":{"@id":"https:\/\/xenonkungen.com\/produkt\/tershine-apex-quick-wash-500-ml\/#primaryimage"},"thumbnailUrl":"https:\/\/xenonkungen.com\/wp-content\/uploads\/2026\/03\/d1ktcbfJIq4sPE8UbBoZtn15TPbhLr7H5QiPmvou.webp","datePublished":"2026-03-13T15:00:07+00:00","dateModified":"2026-05-12T13:57:17+00:00","breadcrumb":{"@id":"https:\/\/xenonkungen.com\/produkt\/tershine-apex-quick-wash-500-ml\/#breadcrumb"},"inLanguage":"de","potentialAction":[{"@type":"ReadAction","target":["https:\/\/xenonkungen.com\/produkt\/tershine-apex-quick-wash-500-ml\/"]}]},{"@type":"ImageObject","inLanguage":"de","@id":"https:\/\/xenonkungen.com\/produkt\/tershine-apex-quick-wash-500-ml\/#primaryimage","url":"https:\/\/xenonkungen.com\/wp-content\/uploads\/2026\/03\/d1ktcbfJIq4sPE8UbBoZtn15TPbhLr7H5QiPmvou.webp","contentUrl":"https:\/\/xenonkungen.com\/wp-content\/uploads\/2026\/03\/d1ktcbfJIq4sPE8UbBoZtn15TPbhLr7H5QiPmvou.webp","width":1024,"height":1024},{"@type":"BreadcrumbList","@id":"https:\/\/xenonkungen.com\/produkt\/tershine-apex-quick-wash-500-ml\/#breadcrumb","itemListElement":[{"@type":"ListItem","position":1,"name":"Hem","item":"https:\/\/xenonkungen.com\/"},{"@type":"ListItem","position":2,"name":"Shop","item":"https:\/\/xenonkungen.com\/shop\/"},{"@type":"ListItem","position":3,"name":"Tershine Apex &#8211; Quick Wash 500 ml"}]},{"@type":"WebSite","@id":"https:\/\/xenonkungen.com\/#website","url":"https:\/\/xenonkungen.com\/","name":"Xenonkungen","description":"","potentialAction":[{"@type":"SearchAction","target":{"@type":"EntryPoint","urlTemplate":"https:\/\/xenonkungen.com\/?s={search_term_string}"},"query-input":{"@type":"PropertyValueSpecification","valueRequired":true,"valueName":"search_term_string"}}],"inLanguage":"de"}]}},"taxonomy_info":{"product_brand":[{"value":2893,"label":"Tershine"}],"product_cat":[{"value":2988,"label":"1 | Biltv\u00e4tt"},{"value":2623,"label":"5 | Underh\u00e5ll"},{"value":378,"label":"Bilv\u00e5rd"}]},"featured_image_src_large":["https:\/\/xenonkungen.com\/wp-content\/uploads\/2026\/03\/d1ktcbfJIq4sPE8UbBoZtn15TPbhLr7H5QiPmvou.webp",1024,1024,false],"author_info":[],"comment_info":0,"_links":{"self":[{"href":"https:\/\/xenonkungen.com\/de\/wp-json\/wp\/v2\/product\/27743","targetHints":{"allow":["GET"]}}],"collection":[{"href":"https:\/\/xenonkungen.com\/de\/wp-json\/wp\/v2\/product"}],"about":[{"href":"https:\/\/xenonkungen.com\/de\/wp-json\/wp\/v2\/types\/product"}],"replies":[{"embeddable":true,"href":"https:\/\/xenonkungen.com\/de\/wp-json\/wp\/v2\/comments?post=27743"}],"wp:featuredmedia":[{"embeddable":true,"href":"https:\/\/xenonkungen.com\/de\/wp-json\/wp\/v2\/media\/27744"}],"wp:attachment":[{"href":"https:\/\/xenonkungen.com\/de\/wp-json\/wp\/v2\/media?parent=27743"}],"wp:term":[{"taxonomy":"anvandningsomrade","embeddable":true,"href":"https:\/\/xenonkungen.com\/de\/wp-json\/wp\/v2\/anvandningsomrade?post=27743"},{"taxonomy":"bilmarken","embeddable":true,"href":"https:\/\/xenonkungen.com\/de\/wp-json\/wp\/v2\/bilmarken?post=27743"},{"taxonomy":"product_brand","embeddable":true,"href":"https:\/\/xenonkungen.com\/de\/wp-json\/wp\/v2\/product_brand?post=27743"},{"taxonomy":"product_cat","embeddable":true,"href":"https:\/\/xenonkungen.com\/de\/wp-json\/wp\/v2\/product_cat?post=27743"},{"taxonomy":"product_tag","embeddable":true,"href":"https:\/\/xenonkungen.com\/de\/wp-json\/wp\/v2\/product_tag?post=27743"}],"curies":[{"name":"wp","href":"https:\/\/api.w.org\/{rel}","templated":true}]}}