{"id":2775,"date":"2025-04-15T08:42:58","date_gmt":"2025-04-15T08:42:58","guid":{"rendered":"https:\/\/xenonkungen.com\/product\/briodlights-arbetslampa-bred-5200-lm\/"},"modified":"2026-03-27T13:23:39","modified_gmt":"2026-03-27T12:23:39","slug":"briodlights-arbeitsleuchte-breit-5200-lm","status":"publish","type":"product","link":"https:\/\/xenonkungen.com\/de\/produkt\/briodlights-arbeitsleuchte-breit-5200-lm\/","title":{"rendered":"BriodLights Arbeitsleuchte breit 5200 lm"},"content":{"rendered":"<h1>BriodLights: Flexible LED-Arbeitsleuchte mit 9 Dioden<\/h1>\n<p>Mit der flexiblen LED-Arbeitsleuchte BriodLight erledigen Sie Ihre Arbeit auch bei schlechten Lichtverh\u00e4ltnissen effizient. Dank ihres kompakten Designs und der neun hochwertigen Osram-Dioden liefert diese Leuchte helles und gleichm\u00e4\u00dfiges Licht \u2013 perfekt f\u00fcr jede Arbeitsumgebung.<\/p>\n<h2>Unterscheidungsmerkmale:<\/h2>\n<ol>\n<li><strong>9 hochwertige Dioden:<\/strong> Ausgestattet mit 9 hochwertigen Osram-Dioden bietet diese Arbeitsleuchte eine \u00fcberragende Lichtqualit\u00e4t und Effizienz.<\/li>\n<li><strong>System zur Temperaturkontrolle:<\/strong> Um eine lange Lebensdauer zu gew\u00e4hrleisten und die Lampe vor \u00dcberhitzung zu sch\u00fctzen, verf\u00fcgt diese Lampe \u00fcber ein Temperaturregelungssystem, das die Helligkeit bei \u00dcberhitzung automatisch reduziert.<\/li>\n<li><strong>Eingebautes Kabel:<\/strong> Die Lampe wird mit einem 50 cm langen Kabel mit DT-Stecker f\u00fcr einfachen Anschluss und Installation geliefert.<\/li>\n<li><strong>Zertifizierte Qualit\u00e4t:<\/strong> Diese Arbeitsleuchte ist RoHS-, CE-, EMC-, ECE E23- und ECE R10-zertifiziert und beweist damit ihre hohen Qualit\u00e4ts- und Sicherheitsstandards.<\/li>\n<li><strong>3 Jahre Funktionsgarantie:<\/strong> Wir bieten eine 3-j\u00e4hrige Funktionsgarantie auf diese Arbeitsleuchte, damit Sie sich um nichts k\u00fcmmern m\u00fcssen.<\/li>\n<\/ol>\n<p>Bitte beachten Sie: Die Garantie erlischt, wenn das Kabel durchtrennt wird.<\/p>\n<p>Entscheiden Sie sich f\u00fcr die flexible LED-Arbeitsleuchte von BriodLight \u2013 f\u00fcr eine zuverl\u00e4ssige, leistungsstarke und langlebige Beleuchtungsl\u00f6sung.<\/p>","protected":false},"excerpt":{"rendered":"<p>BriodLights: Flexibel LED Arbetslampa med 9 Dioder Utf\u00f6r ditt arbete effektivt \u00e4ven under d\u00e5liga ljusf\u00f6rh\u00e5llanden med hj\u00e4lp av BriodLights flexibla LED arbetslampa. Med sin kompakta design och 9 h\u00f6gkvalitativa Osram-dioder levererar den h\u00e4r arbetslampan ett starkt och j\u00e4mnt ljus, perfekt f\u00f6r alla arbetsmilj\u00f6er. Framst\u00e5ende Egenskaper: 9 H\u00f6gkvalitativa Dioder: Utrustad med 9 h\u00f6gkvalitativa Osram dioder, den [&hellip;]<\/p>","protected":false},"featured_media":2776,"comment_status":"closed","ping_status":"closed","template":"","meta":{"_acf_changed":false,"_smort_price_nok":"801","_smort_price_dkk":"509","_smort_price_eur":"68.18","_smort_sale_price_nok":"","_smort_sale_price_dkk":"","_smort_sale_price_eur":"","smort_restorder":"","shipmondo_restorder":"","_kad_blocks_custom_css":"","_kad_blocks_head_custom_js":"","_kad_blocks_body_custom_js":"","_kad_blocks_footer_custom_js":"","smort_custom_pricelist_1":"480","smort_custom_pricelist_2":"420","smort_custom_pricelist_3":"399","smort_custom_pricelist_4":"600","smort_custom_pricelist_5":"420"},"anvandningsomrade":[],"bilmarken":[],"product_brand":[92],"product_cat":[508,1402],"product_tag":[2788],"class_list":{"0":"post-2775","1":"product","2":"type-product","3":"status-publish","4":"has-post-thumbnail","6":"product_brand-briodlights","7":"product_cat-arbetsbelysning","8":"product_cat-outlet","9":"product_tag-black-week-exclude","10":"pa_faktisk-effekts-forbrukning-385","11":"pa_fargtemperatur-5000k","12":"pa_fuktskydd-varde-ipxx-ip67","13":"pa_godkannande-rohs-ce-emc-ece-r10","14":"pa_lampsockel-kontakt-dt","15":"pa_ljusbild-flood","16":"pa_storlek-mm-101x1144x45","17":"pa_stromforbrukning-276a24v","18":"pa_stromforbrukning-532a12v","19":"pa_volt-v-multivolt-10-12-16-18-24-28-30","21":"first","22":"instock","23":"sale","24":"taxable","25":"shipping-taxable","26":"purchasable","27":"product-type-simple"},"bundled_by":[],"bundle_stock_status":"instock","bundle_stock_quantity":1,"bundle_virtual":false,"bundle_layout":"","bundle_add_to_cart_form_location":"","bundle_editable_in_cart":false,"bundle_sold_individually_context":"","bundle_item_grouping":"","bundle_min_size":"","bundle_max_size":"","bundle_price":[],"bundled_items":[],"bundle_sell_ids":[],"acf":[],"yoast_head":"<!-- This site is optimized with the Yoast SEO plugin v27.0 - https:\/\/yoast.com\/product\/yoast-seo-wordpress\/ -->\n<title>BriodLights Arbetslampa bred 5200 lm - Xenonkungen<\/title>\n<meta name=\"robots\" content=\"index, follow, max-snippet:-1, max-image-preview:large, max-video-preview:-1\" \/>\n<link rel=\"canonical\" href=\"https:\/\/xenonkungen.com\/de\/produkt\/briodlights-arbeitsleuchte-breit-5200-lm\/\" \/>\n<meta property=\"og:locale\" content=\"de_DE\" \/>\n<meta property=\"og:type\" content=\"article\" \/>\n<meta property=\"og:title\" content=\"BriodLights Arbetslampa bred 5200 lm - Xenonkungen\" \/>\n<meta property=\"og:description\" content=\"BriodLights: Flexibel LED Arbetslampa med 9 Dioder Utf\u00f6r ditt arbete effektivt \u00e4ven under d\u00e5liga ljusf\u00f6rh\u00e5llanden med hj\u00e4lp av BriodLights flexibla LED arbetslampa. Med sin kompakta design och 9 h\u00f6gkvalitativa Osram-dioder levererar den h\u00e4r arbetslampan ett starkt och j\u00e4mnt ljus, perfekt f\u00f6r alla arbetsmilj\u00f6er. Framst\u00e5ende Egenskaper: 9 H\u00f6gkvalitativa Dioder: Utrustad med 9 h\u00f6gkvalitativa Osram dioder, den [&hellip;]\" \/>\n<meta property=\"og:url\" content=\"https:\/\/xenonkungen.com\/de\/produkt\/briodlights-arbeitsleuchte-breit-5200-lm\/\" \/>\n<meta property=\"og:site_name\" content=\"Xenonkungen\" \/>\n<meta property=\"article:modified_time\" content=\"2026-03-27T12:23:39+00:00\" \/>\n<meta property=\"og:image\" content=\"https:\/\/xenonkungen.com\/wp-content\/uploads\/2025\/04\/11112_itemimage_mainfront.jpg\" \/>\n\t<meta property=\"og:image:width\" content=\"2048\" \/>\n\t<meta property=\"og:image:height\" content=\"1536\" \/>\n\t<meta property=\"og:image:type\" content=\"image\/jpeg\" \/>\n<meta name=\"twitter:card\" content=\"summary_large_image\" \/>\n<meta name=\"twitter:label1\" content=\"Gesch\u00e4tzte Lesezeit\" \/>\n\t<meta name=\"twitter:data1\" content=\"1\u00a0Minute\" \/>\n<script type=\"application\/ld+json\" class=\"yoast-schema-graph\">{\"@context\":\"https:\/\/schema.org\",\"@graph\":[{\"@type\":\"WebPage\",\"@id\":\"https:\/\/xenonkungen.com\/produkt\/briodlights-arbetslampa-bred-5200-lm\/\",\"url\":\"https:\/\/xenonkungen.com\/produkt\/briodlights-arbetslampa-bred-5200-lm\/\",\"name\":\"BriodLights Arbetslampa bred 5200 lm - Xenonkungen\",\"isPartOf\":{\"@id\":\"https:\/\/xenonkungen.com\/#website\"},\"primaryImageOfPage\":{\"@id\":\"https:\/\/xenonkungen.com\/produkt\/briodlights-arbetslampa-bred-5200-lm\/#primaryimage\"},\"image\":{\"@id\":\"https:\/\/xenonkungen.com\/produkt\/briodlights-arbetslampa-bred-5200-lm\/#primaryimage\"},\"thumbnailUrl\":\"https:\/\/xenonkungen.com\/wp-content\/uploads\/2025\/04\/11112_itemimage_mainfront.jpg\",\"datePublished\":\"2025-04-15T08:42:58+00:00\",\"dateModified\":\"2026-03-27T12:23:39+00:00\",\"breadcrumb\":{\"@id\":\"https:\/\/xenonkungen.com\/produkt\/briodlights-arbetslampa-bred-5200-lm\/#breadcrumb\"},\"inLanguage\":\"de\",\"potentialAction\":[{\"@type\":\"ReadAction\",\"target\":[\"https:\/\/xenonkungen.com\/produkt\/briodlights-arbetslampa-bred-5200-lm\/\"]}]},{\"@type\":\"ImageObject\",\"inLanguage\":\"de\",\"@id\":\"https:\/\/xenonkungen.com\/produkt\/briodlights-arbetslampa-bred-5200-lm\/#primaryimage\",\"url\":\"https:\/\/xenonkungen.com\/wp-content\/uploads\/2025\/04\/11112_itemimage_mainfront.jpg\",\"contentUrl\":\"https:\/\/xenonkungen.com\/wp-content\/uploads\/2025\/04\/11112_itemimage_mainfront.jpg\",\"width\":2048,\"height\":1536},{\"@type\":\"BreadcrumbList\",\"@id\":\"https:\/\/xenonkungen.com\/produkt\/briodlights-arbetslampa-bred-5200-lm\/#breadcrumb\",\"itemListElement\":[{\"@type\":\"ListItem\",\"position\":1,\"name\":\"Hem\",\"item\":\"https:\/\/xenonkungen.com\/\"},{\"@type\":\"ListItem\",\"position\":2,\"name\":\"Shop\",\"item\":\"https:\/\/xenonkungen.com\/shop\/\"},{\"@type\":\"ListItem\",\"position\":3,\"name\":\"BriodLights Arbetslampa bred 5200 lm\"}]},{\"@type\":\"WebSite\",\"@id\":\"https:\/\/xenonkungen.com\/#website\",\"url\":\"https:\/\/xenonkungen.com\/\",\"name\":\"Xenonkungen\",\"description\":\"\",\"potentialAction\":[{\"@type\":\"SearchAction\",\"target\":{\"@type\":\"EntryPoint\",\"urlTemplate\":\"https:\/\/xenonkungen.com\/?s={search_term_string}\"},\"query-input\":{\"@type\":\"PropertyValueSpecification\",\"valueRequired\":true,\"valueName\":\"search_term_string\"}}],\"inLanguage\":\"de\"}]}<\/script>\n<!-- \/ Yoast SEO plugin. -->","yoast_head_json":{"title":"BriodLights Arbeitsleuchte breit 5200 lm - Xenonkungen","robots":{"index":"index","follow":"follow","max-snippet":"max-snippet:-1","max-image-preview":"max-image-preview:large","max-video-preview":"max-video-preview:-1"},"canonical":"https:\/\/xenonkungen.com\/de\/produkt\/briodlights-arbeitsleuchte-breit-5200-lm\/","og_locale":"de_DE","og_type":"article","og_title":"BriodLights Arbetslampa bred 5200 lm - Xenonkungen","og_description":"BriodLights: Flexibel LED Arbetslampa med 9 Dioder Utf\u00f6r ditt arbete effektivt \u00e4ven under d\u00e5liga ljusf\u00f6rh\u00e5llanden med hj\u00e4lp av BriodLights flexibla LED arbetslampa. Med sin kompakta design och 9 h\u00f6gkvalitativa Osram-dioder levererar den h\u00e4r arbetslampan ett starkt och j\u00e4mnt ljus, perfekt f\u00f6r alla arbetsmilj\u00f6er. Framst\u00e5ende Egenskaper: 9 H\u00f6gkvalitativa Dioder: Utrustad med 9 h\u00f6gkvalitativa Osram dioder, den [&hellip;]","og_url":"https:\/\/xenonkungen.com\/de\/produkt\/briodlights-arbeitsleuchte-breit-5200-lm\/","og_site_name":"Xenonkungen","article_modified_time":"2026-03-27T12:23:39+00:00","og_image":[{"width":2048,"height":1536,"url":"https:\/\/xenonkungen.com\/wp-content\/uploads\/2025\/04\/11112_itemimage_mainfront.jpg","type":"image\/jpeg"}],"twitter_card":"summary_large_image","twitter_misc":{"Gesch\u00e4tzte Lesezeit":"1\u00a0Minute"},"schema":{"@context":"https:\/\/schema.org","@graph":[{"@type":"WebPage","@id":"https:\/\/xenonkungen.com\/produkt\/briodlights-arbetslampa-bred-5200-lm\/","url":"https:\/\/xenonkungen.com\/produkt\/briodlights-arbetslampa-bred-5200-lm\/","name":"BriodLights Arbeitsleuchte breit 5200 lm - Xenonkungen","isPartOf":{"@id":"https:\/\/xenonkungen.com\/#website"},"primaryImageOfPage":{"@id":"https:\/\/xenonkungen.com\/produkt\/briodlights-arbetslampa-bred-5200-lm\/#primaryimage"},"image":{"@id":"https:\/\/xenonkungen.com\/produkt\/briodlights-arbetslampa-bred-5200-lm\/#primaryimage"},"thumbnailUrl":"https:\/\/xenonkungen.com\/wp-content\/uploads\/2025\/04\/11112_itemimage_mainfront.jpg","datePublished":"2025-04-15T08:42:58+00:00","dateModified":"2026-03-27T12:23:39+00:00","breadcrumb":{"@id":"https:\/\/xenonkungen.com\/produkt\/briodlights-arbetslampa-bred-5200-lm\/#breadcrumb"},"inLanguage":"de","potentialAction":[{"@type":"ReadAction","target":["https:\/\/xenonkungen.com\/produkt\/briodlights-arbetslampa-bred-5200-lm\/"]}]},{"@type":"ImageObject","inLanguage":"de","@id":"https:\/\/xenonkungen.com\/produkt\/briodlights-arbetslampa-bred-5200-lm\/#primaryimage","url":"https:\/\/xenonkungen.com\/wp-content\/uploads\/2025\/04\/11112_itemimage_mainfront.jpg","contentUrl":"https:\/\/xenonkungen.com\/wp-content\/uploads\/2025\/04\/11112_itemimage_mainfront.jpg","width":2048,"height":1536},{"@type":"BreadcrumbList","@id":"https:\/\/xenonkungen.com\/produkt\/briodlights-arbetslampa-bred-5200-lm\/#breadcrumb","itemListElement":[{"@type":"ListItem","position":1,"name":"Hem","item":"https:\/\/xenonkungen.com\/"},{"@type":"ListItem","position":2,"name":"Shop","item":"https:\/\/xenonkungen.com\/shop\/"},{"@type":"ListItem","position":3,"name":"BriodLights Arbetslampa bred 5200 lm"}]},{"@type":"WebSite","@id":"https:\/\/xenonkungen.com\/#website","url":"https:\/\/xenonkungen.com\/","name":"Xenonkungen","description":"","potentialAction":[{"@type":"SearchAction","target":{"@type":"EntryPoint","urlTemplate":"https:\/\/xenonkungen.com\/?s={search_term_string}"},"query-input":{"@type":"PropertyValueSpecification","valueRequired":true,"valueName":"search_term_string"}}],"inLanguage":"de"}]}},"taxonomy_info":{"product_brand":[{"value":92,"label":"Briodlights"}],"product_cat":[{"value":508,"label":"Arbetsbelysning"},{"value":1402,"label":"Outlet"}],"product_tag":[{"value":2788,"label":"black-week-exclude"}],"pa_faktisk-effekts-forbrukning":[{"value":385,"label":"5,4"}],"pa_fargtemperatur":[{"value":154,"label":"5000K"}],"pa_fuktskydd-varde-ipxx":[{"value":333,"label":"IP67"}],"pa_godkannande":[{"value":865,"label":"RoHS, CE, EMC, ECE, R10"}],"pa_lampsockel-kontakt":[{"value":329,"label":"DT"}],"pa_ljusbild":[{"value":503,"label":"FLOOD"}],"pa_storlek-mm":[{"value":862,"label":"101x114,4x45"}],"pa_stromforbrukning":[{"value":864,"label":"2,76A@24V"},{"value":863,"label":"5,32A@12V"}],"pa_volt-v":[{"value":773,"label":"Multivolt, 10, 12, 16, 18, 24, 28, 30"}]},"featured_image_src_large":["https:\/\/xenonkungen.com\/wp-content\/uploads\/2025\/04\/11112_itemimage_mainfront-1024x768.jpg",1024,768,true],"author_info":[],"comment_info":0,"_links":{"self":[{"href":"https:\/\/xenonkungen.com\/de\/wp-json\/wp\/v2\/product\/2775","targetHints":{"allow":["GET"]}}],"collection":[{"href":"https:\/\/xenonkungen.com\/de\/wp-json\/wp\/v2\/product"}],"about":[{"href":"https:\/\/xenonkungen.com\/de\/wp-json\/wp\/v2\/types\/product"}],"replies":[{"embeddable":true,"href":"https:\/\/xenonkungen.com\/de\/wp-json\/wp\/v2\/comments?post=2775"}],"wp:featuredmedia":[{"embeddable":true,"href":"https:\/\/xenonkungen.com\/de\/wp-json\/wp\/v2\/media\/2776"}],"wp:attachment":[{"href":"https:\/\/xenonkungen.com\/de\/wp-json\/wp\/v2\/media?parent=2775"}],"wp:term":[{"taxonomy":"anvandningsomrade","embeddable":true,"href":"https:\/\/xenonkungen.com\/de\/wp-json\/wp\/v2\/anvandningsomrade?post=2775"},{"taxonomy":"bilmarken","embeddable":true,"href":"https:\/\/xenonkungen.com\/de\/wp-json\/wp\/v2\/bilmarken?post=2775"},{"taxonomy":"product_brand","embeddable":true,"href":"https:\/\/xenonkungen.com\/de\/wp-json\/wp\/v2\/product_brand?post=2775"},{"taxonomy":"product_cat","embeddable":true,"href":"https:\/\/xenonkungen.com\/de\/wp-json\/wp\/v2\/product_cat?post=2775"},{"taxonomy":"product_tag","embeddable":true,"href":"https:\/\/xenonkungen.com\/de\/wp-json\/wp\/v2\/product_tag?post=2775"}],"curies":[{"name":"wp","href":"https:\/\/api.w.org\/{rel}","templated":true}]}}