{"id":27819,"date":"2026-03-16T09:02:23","date_gmt":"2026-03-16T08:02:23","guid":{"rendered":"https:\/\/xenonkungen.com\/?post_type=product&#038;p=27819"},"modified":"2026-04-24T17:47:22","modified_gmt":"2026-04-24T16:47:22","slug":"tershine-dissolve-kallavfettning-1-l","status":"publish","type":"product","link":"https:\/\/xenonkungen.com\/de\/produkt\/tershine-dissolve-kallavfettning-1-l\/","title":{"rendered":"Tershine Dissolve \u2013 Kaltentfettung 1 L"},"content":{"rendered":"<p>L\u00f6sen \u2013 Kaltentfettung eignet sich zur Entfernung von Asphaltrissen, \u00d6l und anderen erd\u00f6lbasierten Verschmutzungen wie Diesel, Ru\u00df, Benzin, Fett, \u00d6l und Klebstoffresten. Auch ideal zur Beseitigung von Streusalz, einer Mischung aus allem, was sich im Winter auf der Oberfl\u00e4che abgelagert hat.<\/p>\n<p><strong>Sehr effektiv<br \/>\nSchwach aromatisch, nahezu geruchlos<br \/>\nSchonend zu Kunststoff, Lampen und Gummi<br \/>\nWirksam gegen Streusalz<br \/>\nEntfernt effektiv Winterschmutz<br \/>\nKann auf nassen Oberfl\u00e4chen angewendet werden<\/p>\n<p>Wozu dient die Kaltentfettung?<br \/>\n<\/strong><strong><br \/>\n<\/strong>Alle erd\u00f6lbasierten Verschmutzungen<strong><br \/>\n<\/strong>Asphaltrisse\u00a0<strong><br \/>\n<\/strong>Benzin\/Diesel\/Ru\u00df<strong><br \/>\n<\/strong>Streusalz<strong><br \/>\n<\/strong>Teer, Bitumen<strong><br \/>\n<\/strong>Motorw\u00e4sche<br \/>\nKlebstoffreste<\/p>\n<p>Dissolve ist ein aromatenarmer Kaltentfetter, der Asphalt, \u00d6l und andere erd\u00f6lbasierte Verschmutzungen effektiv l\u00f6st. Er kann sowohl auf nassen als auch auf trockenen Oberfl\u00e4chen angewendet werden und ist daher vielseitig und einfach in verschiedenen Situationen einsetzbar. Zudem minimiert er das Risiko von Sch\u00e4den oder Problemen und ist somit sicher und einfach in der Anwendung.<\/p>\n<p>Wir haben uns f\u00fcr eine schonendere (nicht entflammbare) Mischung entschieden, um das Risiko von Sch\u00e4den oder Problemen zu minimieren. Daher kann und sollte sie etwas l\u00e4nger einwirken als viele andere. Selbstverst\u00e4ndlich ist sie dadurch nicht weniger wirksam.<\/p>\n<p><strong>Anwendung von Dissolve \u2013 Kaltentfettung<\/strong><\/p>\n<p><strong>1.\u00a0<\/strong>Gleichm\u00e4\u00dfig auf der Oberfl\u00e4che auftragen (normalerweise von den Griffen abw\u00e4rts).<br \/>\n<strong>2.<\/strong>\u00a0Lassen Sie es einige Minuten einwirken; denken Sie daran, dass es bei k\u00e4lterem Wetter l\u00e4nger einwirken sollte.<br \/>\n<strong>3.\u00a0<\/strong>Von unten nach oben sp\u00fclen<br \/>\n<strong>4.\u00a0<\/strong>Fahren Sie mit dem n\u00e4chsten Schritt Ihres Waschvorgangs fort.<\/p>\n<p>Nat\u00fcrlich eignet es sich beispielsweise hervorragend f\u00fcr die Motorw\u00e4sche und andere stark verschmutzte Oberfl\u00e4chen. Beachten Sie au\u00dferdem, dass das Produkt bei kalten Temperaturen l\u00e4nger einwirken sollte (bis zu ca. 15 Minuten). F\u00fcr optimale Ergebnisse sollte nach Schritt 2 von Dissolve zus\u00e4tzlich Extract \u2013 Alkalische Entfettung angewendet werden. Sie ben\u00f6tigen Extract \u2013 Alkalische Entfettung regelm\u00e4\u00dfig; eine einmalige Entfettung pro Jahr reicht nicht aus.<\/p>\n<p><strong>Duft:<\/strong>\u00a0Nahezu geruchsfrei<\/p>\n<p><strong>Sicherheitsdatenbl\u00e4tter sind auf Anfrage erh\u00e4ltlich.<\/p>\n<p><img decoding=\"async\" src=\"https:\/\/d3dnwnveix5428.cloudfront.net\/store_72f4e2a4-e492-4ff0-8f8a-c603645bdb5c\/media\/24H05kBSmb7mjBaXEDh16ZGsh8pL6UMxmsYcBS6Z.png\" \/><\/p>\n<p>GEFAHR: Kann beim Verschlucken und Eindringen in die Atemwege t\u00f6dlich sein.<br \/>\nWiederholter Kontakt kann zu trockener Haut oder Rissen f\u00fchren.<br \/>\nBEI VERSCHLUCKEN: Sofort GIFTINFORMATIONSZENTRUM oder Arzt anrufen.<br \/>\nKein Erbrechen herbeif\u00fchren. Von Hitze, Funken und offenem Feuer fernhalten.<br \/>\nRauchen verboten. Unter Verschluss halten. Der Inhalt des Beh\u00e4lters sollte einem Fachmann \u00fcberlassen werden.<br \/>\nZugelassene Abfallentsorgungsanlage. Enth\u00e4lt aromatische Kohlenwasserstoffe &gt;301 \u00b5g\/l.<\/strong><\/p>","protected":false},"excerpt":{"rendered":"<p>Kallavfettning som mycket effektivt l\u00f6ser oljebaserad smuts som asfalt, tj\u00e4ra, v\u00e4gsalt och annan petroleumbaserad smuts.<\/p>","protected":false},"featured_media":27821,"comment_status":"open","ping_status":"closed","template":"","meta":{"_acf_changed":false,"_smort_price_nok":"","_smort_price_dkk":"","_smort_price_eur":"","_smort_sale_price_nok":"","_smort_sale_price_dkk":"","_smort_sale_price_eur":"","smort_restorder":"","shipmondo_restorder":"","_kad_blocks_custom_css":"","_kad_blocks_head_custom_js":"","_kad_blocks_body_custom_js":"","_kad_blocks_footer_custom_js":"","smort_custom_pricelist_1":"88.96","smort_custom_pricelist_2":"88.96","smort_custom_pricelist_3":"88.96","smort_custom_pricelist_4":"111.2","smort_custom_pricelist_5":"88.96"},"anvandningsomrade":[],"bilmarken":[],"product_brand":[2893],"product_cat":[2989,378],"product_tag":[],"class_list":{"0":"post-27819","1":"product","2":"type-product","3":"status-publish","4":"has-post-thumbnail","6":"product_brand-tershine","7":"product_cat-avfettning","8":"product_cat-bilvard","10":"first","11":"instock","12":"taxable","13":"shipping-taxable","14":"purchasable","15":"product-type-simple"},"bundled_by":[],"bundle_stock_status":"instock","bundle_stock_quantity":1,"bundle_virtual":false,"bundle_layout":"","bundle_add_to_cart_form_location":"","bundle_editable_in_cart":false,"bundle_sold_individually_context":"","bundle_item_grouping":"","bundle_min_size":"","bundle_max_size":"","bundle_price":[],"bundled_items":[],"bundle_sell_ids":[],"acf":[],"yoast_head":"<!-- This site is optimized with the Yoast SEO plugin v27.0 - https:\/\/yoast.com\/product\/yoast-seo-wordpress\/ -->\n<title>Tershine Dissolve - Kallavfettning 1 L - Xenonkungen<\/title>\n<meta name=\"robots\" content=\"index, follow, max-snippet:-1, max-image-preview:large, max-video-preview:-1\" \/>\n<link rel=\"canonical\" href=\"https:\/\/xenonkungen.com\/de\/produkt\/tershine-dissolve-kallavfettning-1-l\/\" \/>\n<meta property=\"og:locale\" content=\"de_DE\" \/>\n<meta property=\"og:type\" content=\"article\" \/>\n<meta property=\"og:title\" content=\"Tershine Dissolve - Kallavfettning 1 L - Xenonkungen\" \/>\n<meta property=\"og:description\" content=\"Kallavfettning som mycket effektivt l\u00f6ser oljebaserad smuts som asfalt, tj\u00e4ra, v\u00e4gsalt och annan petroleumbaserad smuts.\" \/>\n<meta property=\"og:url\" content=\"https:\/\/xenonkungen.com\/de\/produkt\/tershine-dissolve-kallavfettning-1-l\/\" \/>\n<meta property=\"og:site_name\" content=\"Xenonkungen\" \/>\n<meta property=\"article:modified_time\" content=\"2026-04-24T16:47:22+00:00\" \/>\n<meta property=\"og:image\" content=\"https:\/\/xenonkungen.com\/wp-content\/uploads\/2026\/03\/t2Wlub1EElWd86heYHaENA76CkY9TR6e9d1DKPGT.webp\" \/>\n\t<meta property=\"og:image:width\" content=\"1024\" \/>\n\t<meta property=\"og:image:height\" content=\"1024\" \/>\n\t<meta property=\"og:image:type\" content=\"image\/webp\" \/>\n<meta name=\"twitter:card\" content=\"summary_large_image\" \/>\n<meta name=\"twitter:label1\" content=\"Gesch\u00e4tzte Lesezeit\" \/>\n\t<meta name=\"twitter:data1\" content=\"3\u00a0Minuten\" \/>\n<script type=\"application\/ld+json\" class=\"yoast-schema-graph\">{\"@context\":\"https:\/\/schema.org\",\"@graph\":[{\"@type\":\"WebPage\",\"@id\":\"https:\/\/xenonkungen.com\/produkt\/tershine-dissolve-kallavfettning-1-l\/\",\"url\":\"https:\/\/xenonkungen.com\/produkt\/tershine-dissolve-kallavfettning-1-l\/\",\"name\":\"Tershine Dissolve - Kallavfettning 1 L - Xenonkungen\",\"isPartOf\":{\"@id\":\"https:\/\/xenonkungen.com\/#website\"},\"primaryImageOfPage\":{\"@id\":\"https:\/\/xenonkungen.com\/produkt\/tershine-dissolve-kallavfettning-1-l\/#primaryimage\"},\"image\":{\"@id\":\"https:\/\/xenonkungen.com\/produkt\/tershine-dissolve-kallavfettning-1-l\/#primaryimage\"},\"thumbnailUrl\":\"https:\/\/xenonkungen.com\/wp-content\/uploads\/2026\/03\/t2Wlub1EElWd86heYHaENA76CkY9TR6e9d1DKPGT.webp\",\"datePublished\":\"2026-03-16T08:02:23+00:00\",\"dateModified\":\"2026-04-24T16:47:22+00:00\",\"breadcrumb\":{\"@id\":\"https:\/\/xenonkungen.com\/produkt\/tershine-dissolve-kallavfettning-1-l\/#breadcrumb\"},\"inLanguage\":\"de\",\"potentialAction\":[{\"@type\":\"ReadAction\",\"target\":[\"https:\/\/xenonkungen.com\/produkt\/tershine-dissolve-kallavfettning-1-l\/\"]}]},{\"@type\":\"ImageObject\",\"inLanguage\":\"de\",\"@id\":\"https:\/\/xenonkungen.com\/produkt\/tershine-dissolve-kallavfettning-1-l\/#primaryimage\",\"url\":\"https:\/\/xenonkungen.com\/wp-content\/uploads\/2026\/03\/t2Wlub1EElWd86heYHaENA76CkY9TR6e9d1DKPGT.webp\",\"contentUrl\":\"https:\/\/xenonkungen.com\/wp-content\/uploads\/2026\/03\/t2Wlub1EElWd86heYHaENA76CkY9TR6e9d1DKPGT.webp\",\"width\":1024,\"height\":1024},{\"@type\":\"BreadcrumbList\",\"@id\":\"https:\/\/xenonkungen.com\/produkt\/tershine-dissolve-kallavfettning-1-l\/#breadcrumb\",\"itemListElement\":[{\"@type\":\"ListItem\",\"position\":1,\"name\":\"Hem\",\"item\":\"https:\/\/xenonkungen.com\/\"},{\"@type\":\"ListItem\",\"position\":2,\"name\":\"Shop\",\"item\":\"https:\/\/xenonkungen.com\/shop\/\"},{\"@type\":\"ListItem\",\"position\":3,\"name\":\"Tershine Dissolve &#8211; Kallavfettning 1 L\"}]},{\"@type\":\"WebSite\",\"@id\":\"https:\/\/xenonkungen.com\/#website\",\"url\":\"https:\/\/xenonkungen.com\/\",\"name\":\"Xenonkungen\",\"description\":\"\",\"potentialAction\":[{\"@type\":\"SearchAction\",\"target\":{\"@type\":\"EntryPoint\",\"urlTemplate\":\"https:\/\/xenonkungen.com\/?s={search_term_string}\"},\"query-input\":{\"@type\":\"PropertyValueSpecification\",\"valueRequired\":true,\"valueName\":\"search_term_string\"}}],\"inLanguage\":\"de\"}]}<\/script>\n<!-- \/ Yoast SEO plugin. -->","yoast_head_json":{"title":"Tershine Dissolve - Kallavfettning 1 L - Xenonkungen","robots":{"index":"index","follow":"follow","max-snippet":"max-snippet:-1","max-image-preview":"max-image-preview:large","max-video-preview":"max-video-preview:-1"},"canonical":"https:\/\/xenonkungen.com\/de\/produkt\/tershine-dissolve-kallavfettning-1-l\/","og_locale":"de_DE","og_type":"article","og_title":"Tershine Dissolve - Kallavfettning 1 L - Xenonkungen","og_description":"Kallavfettning som mycket effektivt l\u00f6ser oljebaserad smuts som asfalt, tj\u00e4ra, v\u00e4gsalt och annan petroleumbaserad smuts.","og_url":"https:\/\/xenonkungen.com\/de\/produkt\/tershine-dissolve-kallavfettning-1-l\/","og_site_name":"Xenonkungen","article_modified_time":"2026-04-24T16:47:22+00:00","og_image":[{"width":1024,"height":1024,"url":"https:\/\/xenonkungen.com\/wp-content\/uploads\/2026\/03\/t2Wlub1EElWd86heYHaENA76CkY9TR6e9d1DKPGT.webp","type":"image\/webp"}],"twitter_card":"summary_large_image","twitter_misc":{"Gesch\u00e4tzte Lesezeit":"3\u00a0Minuten"},"schema":{"@context":"https:\/\/schema.org","@graph":[{"@type":"WebPage","@id":"https:\/\/xenonkungen.com\/produkt\/tershine-dissolve-kallavfettning-1-l\/","url":"https:\/\/xenonkungen.com\/produkt\/tershine-dissolve-kallavfettning-1-l\/","name":"Tershine Dissolve - Kallavfettning 1 L - Xenonkungen","isPartOf":{"@id":"https:\/\/xenonkungen.com\/#website"},"primaryImageOfPage":{"@id":"https:\/\/xenonkungen.com\/produkt\/tershine-dissolve-kallavfettning-1-l\/#primaryimage"},"image":{"@id":"https:\/\/xenonkungen.com\/produkt\/tershine-dissolve-kallavfettning-1-l\/#primaryimage"},"thumbnailUrl":"https:\/\/xenonkungen.com\/wp-content\/uploads\/2026\/03\/t2Wlub1EElWd86heYHaENA76CkY9TR6e9d1DKPGT.webp","datePublished":"2026-03-16T08:02:23+00:00","dateModified":"2026-04-24T16:47:22+00:00","breadcrumb":{"@id":"https:\/\/xenonkungen.com\/produkt\/tershine-dissolve-kallavfettning-1-l\/#breadcrumb"},"inLanguage":"de","potentialAction":[{"@type":"ReadAction","target":["https:\/\/xenonkungen.com\/produkt\/tershine-dissolve-kallavfettning-1-l\/"]}]},{"@type":"ImageObject","inLanguage":"de","@id":"https:\/\/xenonkungen.com\/produkt\/tershine-dissolve-kallavfettning-1-l\/#primaryimage","url":"https:\/\/xenonkungen.com\/wp-content\/uploads\/2026\/03\/t2Wlub1EElWd86heYHaENA76CkY9TR6e9d1DKPGT.webp","contentUrl":"https:\/\/xenonkungen.com\/wp-content\/uploads\/2026\/03\/t2Wlub1EElWd86heYHaENA76CkY9TR6e9d1DKPGT.webp","width":1024,"height":1024},{"@type":"BreadcrumbList","@id":"https:\/\/xenonkungen.com\/produkt\/tershine-dissolve-kallavfettning-1-l\/#breadcrumb","itemListElement":[{"@type":"ListItem","position":1,"name":"Hem","item":"https:\/\/xenonkungen.com\/"},{"@type":"ListItem","position":2,"name":"Shop","item":"https:\/\/xenonkungen.com\/shop\/"},{"@type":"ListItem","position":3,"name":"Tershine Dissolve &#8211; Kallavfettning 1 L"}]},{"@type":"WebSite","@id":"https:\/\/xenonkungen.com\/#website","url":"https:\/\/xenonkungen.com\/","name":"Xenonkungen","description":"","potentialAction":[{"@type":"SearchAction","target":{"@type":"EntryPoint","urlTemplate":"https:\/\/xenonkungen.com\/?s={search_term_string}"},"query-input":{"@type":"PropertyValueSpecification","valueRequired":true,"valueName":"search_term_string"}}],"inLanguage":"de"}]}},"taxonomy_info":{"product_brand":[{"value":2893,"label":"Tershine"}],"product_cat":[{"value":2989,"label":"2 | Avfettning"},{"value":378,"label":"Bilv\u00e5rd"}]},"featured_image_src_large":["https:\/\/xenonkungen.com\/wp-content\/uploads\/2026\/03\/t2Wlub1EElWd86heYHaENA76CkY9TR6e9d1DKPGT.webp",1024,1024,false],"author_info":[],"comment_info":0,"_links":{"self":[{"href":"https:\/\/xenonkungen.com\/de\/wp-json\/wp\/v2\/product\/27819","targetHints":{"allow":["GET"]}}],"collection":[{"href":"https:\/\/xenonkungen.com\/de\/wp-json\/wp\/v2\/product"}],"about":[{"href":"https:\/\/xenonkungen.com\/de\/wp-json\/wp\/v2\/types\/product"}],"replies":[{"embeddable":true,"href":"https:\/\/xenonkungen.com\/de\/wp-json\/wp\/v2\/comments?post=27819"}],"wp:featuredmedia":[{"embeddable":true,"href":"https:\/\/xenonkungen.com\/de\/wp-json\/wp\/v2\/media\/27821"}],"wp:attachment":[{"href":"https:\/\/xenonkungen.com\/de\/wp-json\/wp\/v2\/media?parent=27819"}],"wp:term":[{"taxonomy":"anvandningsomrade","embeddable":true,"href":"https:\/\/xenonkungen.com\/de\/wp-json\/wp\/v2\/anvandningsomrade?post=27819"},{"taxonomy":"bilmarken","embeddable":true,"href":"https:\/\/xenonkungen.com\/de\/wp-json\/wp\/v2\/bilmarken?post=27819"},{"taxonomy":"product_brand","embeddable":true,"href":"https:\/\/xenonkungen.com\/de\/wp-json\/wp\/v2\/product_brand?post=27819"},{"taxonomy":"product_cat","embeddable":true,"href":"https:\/\/xenonkungen.com\/de\/wp-json\/wp\/v2\/product_cat?post=27819"},{"taxonomy":"product_tag","embeddable":true,"href":"https:\/\/xenonkungen.com\/de\/wp-json\/wp\/v2\/product_tag?post=27819"}],"curies":[{"name":"wp","href":"https:\/\/api.w.org\/{rel}","templated":true}]}}