{"id":27835,"date":"2026-03-16T09:42:31","date_gmt":"2026-03-16T08:42:31","guid":{"rendered":"https:\/\/xenonkungen.com\/?post_type=product&#038;p=27835"},"modified":"2026-05-04T10:49:13","modified_gmt":"2026-05-04T09:49:13","slug":"tershine-extrakt-alkalische-entfettung-1-l","status":"publish","type":"product","link":"https:\/\/xenonkungen.com\/de\/produkt\/tershine-extrakt-alkalische-entfettung-1-l\/","title":{"rendered":"Tershine-Extrakt \u2013 Alkalische Entfettung 1 L"},"content":{"rendered":"<p>Alkalische Entfettung in hochkonzentrierter Form, die effektiv alle Arten von organischem Schmutz wie Fliegen, Insekten, Stra\u00dfenschmutz, Algen, Pollen, Schimmel und andere Ablagerungen entfernt. Ein Muss f\u00fcr jede W\u00e4sche!<\/p>\n<p><strong>\u00c4u\u00dferst ergiebig: 1 Liter ergibt \u00fcber 20 Liter fertiges Produkt.<br \/>\nErschwinglich<br \/>\nGrausam als Insektenentferner<br \/>\nSehr wirksam auf den meisten Materialien<br \/>\nArbeitet an Autos, Wohnmobilen, Wohnwagen, Booten, Terrassen, Fassaden, Badezimmern usw.<br \/>\nFunktioniert die Kanone in Foam Lance?<br \/>\nAluminiumfreundlich<br \/>\nErh\u00e4ltlich in verschiedenen Gr\u00f6\u00dfen<br \/>\nRiecht gut nach Pfirsich<br \/>\nDie in diesem Pr\u00e4parat enthaltenen Tenside erf\u00fcllen die Kriterien f\u00fcr die biologische Abbaubarkeit gem\u00e4\u00df der EU-Verordnung (EG) Nr. 648\/2004 \u00fcber Detergenzien.<br \/>\nDas Produkt ist nicht als kennzeichnungspflichtig gem\u00e4\u00df der CLP-Verordnung (EG) 1272\/2008 eingestuft.<\/p>\n<p>Wozu dient die alkalische Entfettung?<\/p>\n<p><\/strong>L\u00f6st alle Arten von organischem Schmutz auf<strong><br \/>\n<\/strong>Fliegen, M\u00fccken und Insekten<strong><br \/>\n<\/strong>Verkehrsfilm<strong><br \/>\n<\/strong>Algen und Bewuchs<strong><br \/>\n<\/strong>Mehltau<strong><br \/>\n<\/strong>Ideal f\u00fcr Auto, Wohnwagen, Wohnmobil, Motorrad, Terrasse und Boot<strong><br \/>\n<\/strong>Badezimmer, Fassade und die meisten Oberfl\u00e4chen<br \/>\nStabil<br \/>\nHolzfassade<\/p>\n<p><strong>Wie man Extrakt verd\u00fcnnt \u2013 Alkalische Entfettung:<\/strong><\/p>\n<p><strong>Schwache Mischung:<\/strong>\u00a0\u00a02-4% Konzentrat Restwasser<br \/>\n<strong>Normales Gemisch:\u00a0<\/strong>\u00a05-7% Konzentrat Restwasser<br \/>\n<strong>Starke Mischung:\u00a0<\/strong>10-15% Konzentrat Restwasser<br \/>\n<strong>Sehr starke Mischung:<\/strong>\u00a015-25% Konzentrat Restwasser<br \/>\n<strong>Extrem starke Mischung:<\/strong>\u00a050-100% (nicht austrocknen lassen)<\/p>\n<p>Extract ist ein hochwirksamer und hochkonzentrierter alkalischer Entfetter, ideal f\u00fcr alle Arten von Fahrzeugen, B\u00f6den, Fassaden, Holzterrassen usw. Er entfernt jeglichen organischen Schmutz und duftet herrlich nach Pfirsich. Mischen Sie 3-15% mit 1 Liter Wasser, um \u00fcber 20 Liter fertiges Produkt zu erhalten. Auch hervorragend geeignet f\u00fcr groben Schmutz auf Werkstattb\u00f6den, Teppichen, Gelcoat usw.<\/p>\n<p><strong>So verwenden Sie es:<\/strong><\/p>\n<p><strong>1.\u00a0<\/strong>3-15% mit Wasser mischen (je nach Verschmutzungsgrad)<br \/>\n<strong>2.\u00a0<\/strong>Die gew\u00fcnschte Stelle bespr\u00fchen und 5-15 Minuten einwirken lassen (nicht antrocknen lassen).<br \/>\n<strong>3.\u00a0<\/strong>Mit Hochdruck absp\u00fclen<br \/>\n<strong>4.\u00a0<\/strong>Beginnen Sie den n\u00e4chsten Schritt im Waschvorgang.<\/p>\n<p>Funktioniert hervorragend mit einer Schaumpistole; die ben\u00f6tigte Menge mit der D\u00fcse dosieren. Beachten Sie, dass alle Arten von Chemikalien, insbesondere Entfettungsmittel (kalt\/alkalisch), bei K\u00e4lte l\u00e4nger einwirken m\u00fcssen. Probieren Sie daher die f\u00fcr Sie optimale Einwirkzeit aus (5\u201315 Minuten), aber lassen Sie das Produkt nicht antrocknen. Gehen Sie vorsichtig mit Aluminium und anderen Metallen um, aber wie immer gilt: Nicht antrocknen lassen!<\/p>\n<p>Magisch wie\u00a0<strong>Fliegen-\/Insektenabwehrmittel\u00a0<\/strong>vorne ansetzen, dann das Produkt deutlich st\u00e4rker vermischen, bis es sauber ist!<\/p>\n<p>Dieses Produkt l\u00f6st keine Teer-\/Asphaltflecken. In diesem Fall ben\u00f6tigen Sie unser Kaltentfettungsmittel Dissolve! Auch als gebrauchsfertige L\u00f6sung in einer Verd\u00fcnnung von 101 TP3T erh\u00e4ltlich!<\/p>\n<p><strong>H\u00e4ufig gestellte Fragen und Antworten zur alkalischen Entfettung:<\/strong><\/p>\n<p><strong>Worin besteht der Unterschied zwischen alkalischer und kalter Entfettung?<\/strong><br \/>\nDie alkalische Entfettung l\u00f6st organische Verschmutzungen wie Erde, Sand, Vogelkot, Fliegen und M\u00fccken auf, und die kalte Entfettung l\u00f6st alle Arten von erd\u00f6lbasierten Verschmutzungen wie Asphalt, Teer, Benzin, Diesel und mehr auf.<\/p>\n<p><strong>Wann sollte man alkalische Entfettung anwenden?<\/strong><br \/>\nBei jedem Waschgang werden Fliegen, M\u00fccken, Sand, Schmutz und Verkehrsfilme entfernt, um eine m\u00f6glichst saubere Oberfl\u00e4che vor dem Shampoonieren zu gew\u00e4hrleisten.<\/p>\n<p><strong>Kann die alkalische Entfettungsmethode f\u00fcr das gesamte Auto verwendet werden?\u00a0<\/strong><br \/>\nJa, das ist in Ordnung, achten Sie nur darauf, dass nichts eintrocknet.<\/p>\n<p><strong>Was versteht man unter alkalischer Entfettung?<\/strong><br \/>\nEntfetter mit h\u00f6heren pH-Werten.<\/p>\n<p><strong>Wie mischt man einen alkalischen Entfetter?<\/strong><\/p>\n<p><em>F\u00fcr die 5%-Mischung nimmt man das Volumen, zum Beispiel 500 ml x 0,05 = 25 ml, f\u00fcr 10% nimmt man 500 ml x 0,1 usw.!<br \/>\n<\/em><\/p>\n<p><strong>Duft:\u00a0<\/strong>Pfirsich<strong><br \/>\n<em><br \/>\n<\/em><\/strong><em>Frostfrei lagern.<\/em><\/p>","protected":false},"excerpt":{"rendered":"<p>Hochkonzentrierter alkalischer Entfetter \u2013 ein kraftvolles Reinigungsmittel, das effektiv Stra\u00dfenschmutz, Insekten, Algen und Ablagerungen von Autos, Booten und H\u00e4usern entfernt. L\u00f6st alle Arten von organischem Schmutz auf!<\/p>","protected":false},"featured_media":27837,"comment_status":"open","ping_status":"closed","template":"","meta":{"_acf_changed":false,"_smort_price_nok":"","_smort_price_dkk":"","_smort_price_eur":"","_smort_sale_price_nok":"","_smort_sale_price_dkk":"","_smort_sale_price_eur":"","smort_restorder":"","shipmondo_restorder":"","_kad_blocks_custom_css":"","_kad_blocks_head_custom_js":"","_kad_blocks_body_custom_js":"","_kad_blocks_footer_custom_js":"","smort_custom_pricelist_1":"101.76","smort_custom_pricelist_2":"101.76","smort_custom_pricelist_3":"101.76","smort_custom_pricelist_4":"127.2","smort_custom_pricelist_5":"101.76"},"anvandningsomrade":[],"bilmarken":[],"product_brand":[2893],"product_cat":[2988,2989,378],"product_tag":[],"class_list":{"0":"post-27835","1":"product","2":"type-product","3":"status-publish","4":"has-post-thumbnail","6":"product_brand-tershine","7":"product_cat-biltvatt","8":"product_cat-avfettning","9":"product_cat-bilvard","11":"first","12":"instock","13":"taxable","14":"shipping-taxable","15":"purchasable","16":"product-type-simple"},"bundled_by":[],"bundle_stock_status":"instock","bundle_stock_quantity":1,"bundle_virtual":false,"bundle_layout":"","bundle_add_to_cart_form_location":"","bundle_editable_in_cart":false,"bundle_sold_individually_context":"","bundle_item_grouping":"","bundle_min_size":"","bundle_max_size":"","bundle_price":[],"bundled_items":[],"bundle_sell_ids":[],"acf":[],"yoast_head":"<!-- This site is optimized with the Yoast SEO plugin v27.0 - https:\/\/yoast.com\/product\/yoast-seo-wordpress\/ -->\n<title>Tershine Extract - Alkalisk avfettning 1 L - Xenonkungen<\/title>\n<meta name=\"robots\" content=\"index, follow, max-snippet:-1, max-image-preview:large, max-video-preview:-1\" \/>\n<link rel=\"canonical\" href=\"https:\/\/xenonkungen.com\/de\/produkt\/tershine-extrakt-alkalische-entfettung-1-l\/\" \/>\n<meta property=\"og:locale\" content=\"de_DE\" \/>\n<meta property=\"og:type\" content=\"article\" \/>\n<meta property=\"og:title\" content=\"Tershine Extract - Alkalisk avfettning 1 L - Xenonkungen\" \/>\n<meta property=\"og:description\" content=\"Superkoncentrad alkalisk avfettning - en kraftfull reng\u00f6ringsprodukt som effektivt tar bort trafikfilm, insekter, alger och smuts fr\u00e5n bil, b\u00e5t och hus. L\u00f6ser all form av organisk smuts!\" \/>\n<meta property=\"og:url\" content=\"https:\/\/xenonkungen.com\/de\/produkt\/tershine-extrakt-alkalische-entfettung-1-l\/\" \/>\n<meta property=\"og:site_name\" content=\"Xenonkungen\" \/>\n<meta property=\"article:modified_time\" content=\"2026-05-04T09:49:13+00:00\" \/>\n<meta property=\"og:image\" content=\"https:\/\/xenonkungen.com\/wp-content\/uploads\/2026\/03\/kHHctWa1bDWTnQr5Ml2jzudRqKSLMjR8RQlVbrqE.webp\" \/>\n\t<meta property=\"og:image:width\" content=\"1024\" \/>\n\t<meta property=\"og:image:height\" content=\"1024\" \/>\n\t<meta property=\"og:image:type\" content=\"image\/webp\" \/>\n<meta name=\"twitter:card\" content=\"summary_large_image\" \/>\n<meta name=\"twitter:label1\" content=\"Gesch\u00e4tzte Lesezeit\" \/>\n\t<meta name=\"twitter:data1\" content=\"3\u00a0Minuten\" \/>\n<script type=\"application\/ld+json\" class=\"yoast-schema-graph\">{\"@context\":\"https:\/\/schema.org\",\"@graph\":[{\"@type\":\"WebPage\",\"@id\":\"https:\/\/xenonkungen.com\/produkt\/tershine-extract-alkalisk-avfettning-1-l\/\",\"url\":\"https:\/\/xenonkungen.com\/produkt\/tershine-extract-alkalisk-avfettning-1-l\/\",\"name\":\"Tershine Extract - Alkalisk avfettning 1 L - Xenonkungen\",\"isPartOf\":{\"@id\":\"https:\/\/xenonkungen.com\/#website\"},\"primaryImageOfPage\":{\"@id\":\"https:\/\/xenonkungen.com\/produkt\/tershine-extract-alkalisk-avfettning-1-l\/#primaryimage\"},\"image\":{\"@id\":\"https:\/\/xenonkungen.com\/produkt\/tershine-extract-alkalisk-avfettning-1-l\/#primaryimage\"},\"thumbnailUrl\":\"https:\/\/xenonkungen.com\/wp-content\/uploads\/2026\/03\/kHHctWa1bDWTnQr5Ml2jzudRqKSLMjR8RQlVbrqE.webp\",\"datePublished\":\"2026-03-16T08:42:31+00:00\",\"dateModified\":\"2026-05-04T09:49:13+00:00\",\"breadcrumb\":{\"@id\":\"https:\/\/xenonkungen.com\/produkt\/tershine-extract-alkalisk-avfettning-1-l\/#breadcrumb\"},\"inLanguage\":\"de\",\"potentialAction\":[{\"@type\":\"ReadAction\",\"target\":[\"https:\/\/xenonkungen.com\/produkt\/tershine-extract-alkalisk-avfettning-1-l\/\"]}]},{\"@type\":\"ImageObject\",\"inLanguage\":\"de\",\"@id\":\"https:\/\/xenonkungen.com\/produkt\/tershine-extract-alkalisk-avfettning-1-l\/#primaryimage\",\"url\":\"https:\/\/xenonkungen.com\/wp-content\/uploads\/2026\/03\/kHHctWa1bDWTnQr5Ml2jzudRqKSLMjR8RQlVbrqE.webp\",\"contentUrl\":\"https:\/\/xenonkungen.com\/wp-content\/uploads\/2026\/03\/kHHctWa1bDWTnQr5Ml2jzudRqKSLMjR8RQlVbrqE.webp\",\"width\":1024,\"height\":1024},{\"@type\":\"BreadcrumbList\",\"@id\":\"https:\/\/xenonkungen.com\/produkt\/tershine-extract-alkalisk-avfettning-1-l\/#breadcrumb\",\"itemListElement\":[{\"@type\":\"ListItem\",\"position\":1,\"name\":\"Hem\",\"item\":\"https:\/\/xenonkungen.com\/\"},{\"@type\":\"ListItem\",\"position\":2,\"name\":\"Shop\",\"item\":\"https:\/\/xenonkungen.com\/shop\/\"},{\"@type\":\"ListItem\",\"position\":3,\"name\":\"Tershine Extract &#8211; Alkalisk avfettning 1 L\"}]},{\"@type\":\"WebSite\",\"@id\":\"https:\/\/xenonkungen.com\/#website\",\"url\":\"https:\/\/xenonkungen.com\/\",\"name\":\"Xenonkungen\",\"description\":\"\",\"potentialAction\":[{\"@type\":\"SearchAction\",\"target\":{\"@type\":\"EntryPoint\",\"urlTemplate\":\"https:\/\/xenonkungen.com\/?s={search_term_string}\"},\"query-input\":{\"@type\":\"PropertyValueSpecification\",\"valueRequired\":true,\"valueName\":\"search_term_string\"}}],\"inLanguage\":\"de\"}]}<\/script>\n<!-- \/ Yoast SEO plugin. -->","yoast_head_json":{"title":"Tershine Extract \u2013 Alkalische Entfettung 1 l \u2013 Xenonkungen","robots":{"index":"index","follow":"follow","max-snippet":"max-snippet:-1","max-image-preview":"max-image-preview:large","max-video-preview":"max-video-preview:-1"},"canonical":"https:\/\/xenonkungen.com\/de\/produkt\/tershine-extrakt-alkalische-entfettung-1-l\/","og_locale":"de_DE","og_type":"article","og_title":"Tershine Extract - Alkalisk avfettning 1 L - Xenonkungen","og_description":"Superkoncentrad alkalisk avfettning - en kraftfull reng\u00f6ringsprodukt som effektivt tar bort trafikfilm, insekter, alger och smuts fr\u00e5n bil, b\u00e5t och hus. L\u00f6ser all form av organisk smuts!","og_url":"https:\/\/xenonkungen.com\/de\/produkt\/tershine-extrakt-alkalische-entfettung-1-l\/","og_site_name":"Xenonkungen","article_modified_time":"2026-05-04T09:49:13+00:00","og_image":[{"width":1024,"height":1024,"url":"https:\/\/xenonkungen.com\/wp-content\/uploads\/2026\/03\/kHHctWa1bDWTnQr5Ml2jzudRqKSLMjR8RQlVbrqE.webp","type":"image\/webp"}],"twitter_card":"summary_large_image","twitter_misc":{"Gesch\u00e4tzte Lesezeit":"3\u00a0Minuten"},"schema":{"@context":"https:\/\/schema.org","@graph":[{"@type":"WebPage","@id":"https:\/\/xenonkungen.com\/produkt\/tershine-extract-alkalisk-avfettning-1-l\/","url":"https:\/\/xenonkungen.com\/produkt\/tershine-extract-alkalisk-avfettning-1-l\/","name":"Tershine Extract \u2013 Alkalische Entfettung 1 l \u2013 Xenonkungen","isPartOf":{"@id":"https:\/\/xenonkungen.com\/#website"},"primaryImageOfPage":{"@id":"https:\/\/xenonkungen.com\/produkt\/tershine-extract-alkalisk-avfettning-1-l\/#primaryimage"},"image":{"@id":"https:\/\/xenonkungen.com\/produkt\/tershine-extract-alkalisk-avfettning-1-l\/#primaryimage"},"thumbnailUrl":"https:\/\/xenonkungen.com\/wp-content\/uploads\/2026\/03\/kHHctWa1bDWTnQr5Ml2jzudRqKSLMjR8RQlVbrqE.webp","datePublished":"2026-03-16T08:42:31+00:00","dateModified":"2026-05-04T09:49:13+00:00","breadcrumb":{"@id":"https:\/\/xenonkungen.com\/produkt\/tershine-extract-alkalisk-avfettning-1-l\/#breadcrumb"},"inLanguage":"de","potentialAction":[{"@type":"ReadAction","target":["https:\/\/xenonkungen.com\/produkt\/tershine-extract-alkalisk-avfettning-1-l\/"]}]},{"@type":"ImageObject","inLanguage":"de","@id":"https:\/\/xenonkungen.com\/produkt\/tershine-extract-alkalisk-avfettning-1-l\/#primaryimage","url":"https:\/\/xenonkungen.com\/wp-content\/uploads\/2026\/03\/kHHctWa1bDWTnQr5Ml2jzudRqKSLMjR8RQlVbrqE.webp","contentUrl":"https:\/\/xenonkungen.com\/wp-content\/uploads\/2026\/03\/kHHctWa1bDWTnQr5Ml2jzudRqKSLMjR8RQlVbrqE.webp","width":1024,"height":1024},{"@type":"BreadcrumbList","@id":"https:\/\/xenonkungen.com\/produkt\/tershine-extract-alkalisk-avfettning-1-l\/#breadcrumb","itemListElement":[{"@type":"ListItem","position":1,"name":"Hem","item":"https:\/\/xenonkungen.com\/"},{"@type":"ListItem","position":2,"name":"Shop","item":"https:\/\/xenonkungen.com\/shop\/"},{"@type":"ListItem","position":3,"name":"Tershine Extract &#8211; Alkalisk avfettning 1 L"}]},{"@type":"WebSite","@id":"https:\/\/xenonkungen.com\/#website","url":"https:\/\/xenonkungen.com\/","name":"Xenonkungen","description":"","potentialAction":[{"@type":"SearchAction","target":{"@type":"EntryPoint","urlTemplate":"https:\/\/xenonkungen.com\/?s={search_term_string}"},"query-input":{"@type":"PropertyValueSpecification","valueRequired":true,"valueName":"search_term_string"}}],"inLanguage":"de"}]}},"taxonomy_info":{"product_brand":[{"value":2893,"label":"Tershine"}],"product_cat":[{"value":2988,"label":"1 | Biltv\u00e4tt"},{"value":2989,"label":"2 | Avfettning"},{"value":378,"label":"Bilv\u00e5rd"}]},"featured_image_src_large":["https:\/\/xenonkungen.com\/wp-content\/uploads\/2026\/03\/kHHctWa1bDWTnQr5Ml2jzudRqKSLMjR8RQlVbrqE.webp",1024,1024,false],"author_info":[],"comment_info":0,"_links":{"self":[{"href":"https:\/\/xenonkungen.com\/de\/wp-json\/wp\/v2\/product\/27835","targetHints":{"allow":["GET"]}}],"collection":[{"href":"https:\/\/xenonkungen.com\/de\/wp-json\/wp\/v2\/product"}],"about":[{"href":"https:\/\/xenonkungen.com\/de\/wp-json\/wp\/v2\/types\/product"}],"replies":[{"embeddable":true,"href":"https:\/\/xenonkungen.com\/de\/wp-json\/wp\/v2\/comments?post=27835"}],"wp:featuredmedia":[{"embeddable":true,"href":"https:\/\/xenonkungen.com\/de\/wp-json\/wp\/v2\/media\/27837"}],"wp:attachment":[{"href":"https:\/\/xenonkungen.com\/de\/wp-json\/wp\/v2\/media?parent=27835"}],"wp:term":[{"taxonomy":"anvandningsomrade","embeddable":true,"href":"https:\/\/xenonkungen.com\/de\/wp-json\/wp\/v2\/anvandningsomrade?post=27835"},{"taxonomy":"bilmarken","embeddable":true,"href":"https:\/\/xenonkungen.com\/de\/wp-json\/wp\/v2\/bilmarken?post=27835"},{"taxonomy":"product_brand","embeddable":true,"href":"https:\/\/xenonkungen.com\/de\/wp-json\/wp\/v2\/product_brand?post=27835"},{"taxonomy":"product_cat","embeddable":true,"href":"https:\/\/xenonkungen.com\/de\/wp-json\/wp\/v2\/product_cat?post=27835"},{"taxonomy":"product_tag","embeddable":true,"href":"https:\/\/xenonkungen.com\/de\/wp-json\/wp\/v2\/product_tag?post=27835"}],"curies":[{"name":"wp","href":"https:\/\/api.w.org\/{rel}","templated":true}]}}