{"id":27841,"date":"2026-03-16T10:06:56","date_gmt":"2026-03-16T09:06:56","guid":{"rendered":"https:\/\/xenonkungen.com\/?post_type=product&#038;p=27841"},"modified":"2026-05-12T14:37:29","modified_gmt":"2026-05-12T13:37:29","slug":"tershine-extract-alkalisk-avfettning-5-l","status":"publish","type":"product","link":"https:\/\/xenonkungen.com\/de\/produkt\/tershine-extract-alkalisk-avfettning-5-l\/","title":{"rendered":"Tershine-Extrakt \u2013 Alkalische Entfettung 5 l"},"content":{"rendered":"<p data-pm-slice=\"1 1 []\">Alkalische Entfettung, die alle Arten von organischem Schmutz wie Fliegen, Insekten, Stra\u00dfenschmutz, Algen, Pollen, Schimmel und andere Ablagerungen entfernt. Ganzj\u00e4hrig anwendbar.<\/p>\n<p><strong>\u00c4u\u00dferst ergiebig: 1 Liter ergibt \u00fcber 20 Liter fertiges Produkt.<br \/>\nErschwinglich<\/strong><strong><br \/>\nSehr wirksam auf den meisten Materialien<\/strong><strong><br \/>\nGrausam gegen\u00fcber Fliegen und M\u00fccken im vorderen Bereich<\/strong><strong><br \/>\nArbeitet an Autos, Wohnmobilen, Wohnwagen, Booten, Terrassen, Fassaden, Badezimmern usw.<\/strong><strong><br \/>\nAluminiumfreundlich. Erh\u00e4ltlich in verschiedenen Gr\u00f6\u00dfen.<\/strong><strong><br \/>\nRiecht gut nach Pfirsich<br \/>\n<\/strong><strong>Die in diesem Pr\u00e4parat enthaltenen Tenside erf\u00fcllen die Kriterien f\u00fcr die biologische Abbaubarkeit gem\u00e4\u00df der EU-Verordnung (EG) Nr. 648\/2004 \u00fcber Detergenzien.<br \/>\nFrei von PFAS und VOC und ohne Kennzeichnung (keine Gefahrensymbole)<br \/>\nDas Produkt ist gem\u00e4\u00df der CLP-Verordnung (EG) 1272\/2008 nicht als kennzeichnungspflichtig eingestuft.<\/strong><\/p>\n<p>Anleitung zum Anmischen von Extrakt \u2013 Alkalische Entfettung:<\/p>\n<p><strong>Schwache Mischung:<\/strong>\u00a0\u00a02-4% Konzentrat Restwasser<br \/>\n<strong>Normales Gemisch:<\/strong>\u00a0\u00a05-7% Konzentrat Restwasser<br \/>\n<strong>Starke Mischung:<\/strong>\u00a010-15% Konzentrat Restwasser<br \/>\n<strong>Sehr starke Mischung:\u00a0<\/strong>15-25% Konzentrat Restwasser<br \/>\n<strong>Extrem starke Mischung:<\/strong>\u00a050-100% (nicht austrocknen lassen)<\/p>\n<p>Extract 5-Liter ist ein hochwirksamer und hochkonzentrierter alkalischer Entfetter f\u00fcr alle Arten von Fahrzeugen, B\u00f6den, Fassaden usw. Er entfernt organischen Schmutz und duftet herrlich nach Pfirsich. Mischen Sie 5-15% mit 1 Liter Wasser, um 20 Liter fertiges Produkt zu erhalten. Auch hervorragend geeignet f\u00fcr groben Schmutz auf Fu\u00dfmatten usw.<\/p>\n<p>Im vorderen Bereich wirkt es als Fliegen-\/Insektenabwehrmittel magisch, dann kann das Produkt deutlich verst\u00e4rkt bis hin zur reinen Form gemischt werden!<\/p>\n<p><strong>1.<\/strong>\u00a05-15% mit Wasser mischen (je nach Anwendung).<\/p>\n<p><strong>2.<\/strong>\u00a0Bespr\u00fchen Sie die ausgew\u00e4hlte Fl\u00e4che und lassen Sie das Mittel etwa eine Minute einwirken. Bei kaltem Wetter (unter 10 \u00b0C) sollten alle Chemikalien deutlich l\u00e4nger auf der Oberfl\u00e4che verbleiben.<\/p>\n<p><strong>3<\/strong>Mit Hochdruck absp\u00fclen.<\/p>\n<p><strong>4<\/strong>Beginnen Sie den n\u00e4chsten Schritt im Waschvorgang.<\/p>\n<p>Funktioniert hervorragend mit einer Schaumpistole; die Menge mit der D\u00fcse dosieren. Beachten Sie au\u00dferdem, dass alle Arten von Chemikalien, insbesondere Entfettungsmittel (kalt\/alkalisch), bei K\u00e4lte l\u00e4nger zum Einwirken ben\u00f6tigen \u2013 ja, ich verspreche Ihnen, der Unterschied ist enorm. Probieren Sie also die f\u00fcr Sie optimale Einwirkzeit aus, zwischen 5 und 15 Minuten, aber lassen Sie das Produkt nicht antrocknen. Gehen Sie vorsichtig mit Aluminium und anderen Metallen um!<\/p>\n<p>Sie k\u00f6nnen gerne unser Dosierger\u00e4t und unseren Druckspr\u00fcher f\u00fcr alkalische Produkte verwenden.<\/p>\n<p>Dieses Produkt l\u00f6st keine Teer-\/Asphaltflecken. Daf\u00fcr ben\u00f6tigen Sie unser Kaltentfettungsmittel Dissolve! Auch als gebrauchsfertige, verd\u00fcnnte L\u00f6sung zu 10% erh\u00e4ltlich!<\/p>\n<p>Da diese Frage sehr h\u00e4ufig auftaucht, werde ich sie im Folgenden kurz erl\u00e4utern:<\/p>\n<p>F\u00fcr die Mischung 5% das Volumen abmessen, z. B. 500 ml x 0,05 = 25 ml, f\u00fcr 10% 500 ml x 0,1 usw. Frostfrei lagern.<\/p>","protected":false},"excerpt":{"rendered":"<p>Hochkonzentrierter alkalischer Entfetter \u2013 ein kraftvolles Reinigungsmittel, das effektiv Stra\u00dfenschmutz, Insekten, Algen und Ablagerungen von Autos, Booten und H\u00e4usern entfernt. L\u00f6st alle Arten von organischem Schmutz auf!<\/p>","protected":false},"featured_media":27842,"comment_status":"open","ping_status":"closed","template":"","meta":{"_acf_changed":false,"_smort_price_nok":"","_smort_price_dkk":"","_smort_price_eur":"","_smort_sale_price_nok":"","_smort_sale_price_dkk":"","_smort_sale_price_eur":"","smort_restorder":"","shipmondo_restorder":"","_kad_blocks_custom_css":"","_kad_blocks_head_custom_js":"","_kad_blocks_body_custom_js":"","_kad_blocks_footer_custom_js":"","smort_custom_pricelist_1":"319.36","smort_custom_pricelist_2":"319.36","smort_custom_pricelist_3":"319.36","smort_custom_pricelist_4":"399.2","smort_custom_pricelist_5":"319.36"},"anvandningsomrade":[],"bilmarken":[],"product_brand":[2893],"product_cat":[2988,2989,378],"product_tag":[],"class_list":{"0":"post-27841","1":"product","2":"type-product","3":"status-publish","4":"has-post-thumbnail","6":"product_brand-tershine","7":"product_cat-biltvatt","8":"product_cat-avfettning","9":"product_cat-bilvard","11":"first","12":"onbackorder","13":"taxable","14":"shipping-taxable","15":"purchasable","16":"product-type-simple"},"bundled_by":[],"bundle_stock_status":"onbackorder","bundle_stock_quantity":0,"bundle_virtual":false,"bundle_layout":"","bundle_add_to_cart_form_location":"","bundle_editable_in_cart":false,"bundle_sold_individually_context":"","bundle_item_grouping":"","bundle_min_size":"","bundle_max_size":"","bundle_price":[],"bundled_items":[],"bundle_sell_ids":[],"acf":[],"yoast_head":"<!-- This site is optimized with the Yoast SEO plugin v27.0 - https:\/\/yoast.com\/product\/yoast-seo-wordpress\/ -->\n<title>Tershine Extract - Alkalisk avfettning 5 L - Xenonkungen<\/title>\n<meta name=\"robots\" content=\"index, follow, max-snippet:-1, max-image-preview:large, max-video-preview:-1\" \/>\n<link rel=\"canonical\" href=\"https:\/\/xenonkungen.com\/de\/produkt\/tershine-extract-alkalisk-avfettning-5-l\/\" \/>\n<meta property=\"og:locale\" content=\"de_DE\" \/>\n<meta property=\"og:type\" content=\"article\" \/>\n<meta property=\"og:title\" content=\"Tershine Extract - Alkalisk avfettning 5 L - Xenonkungen\" \/>\n<meta property=\"og:description\" content=\"Superkoncentrad alkalisk avfettning - en kraftfull reng\u00f6ringsprodukt som effektivt tar bort trafikfilm, insekter, alger och smuts fr\u00e5n bil, b\u00e5t och hus. L\u00f6ser all form av organisk smuts!\" \/>\n<meta property=\"og:url\" content=\"https:\/\/xenonkungen.com\/de\/produkt\/tershine-extract-alkalisk-avfettning-5-l\/\" \/>\n<meta property=\"og:site_name\" content=\"Xenonkungen\" \/>\n<meta property=\"article:modified_time\" content=\"2026-05-12T13:37:29+00:00\" \/>\n<meta property=\"og:image\" content=\"https:\/\/xenonkungen.com\/wp-content\/uploads\/2026\/03\/9YPLNiw5f5FWLy5Ypco7LDXnRgUYqmfi8jhZwWJk.webp\" \/>\n\t<meta property=\"og:image:width\" content=\"1024\" \/>\n\t<meta property=\"og:image:height\" content=\"1024\" \/>\n\t<meta property=\"og:image:type\" content=\"image\/webp\" \/>\n<meta name=\"twitter:card\" content=\"summary_large_image\" \/>\n<meta name=\"twitter:label1\" content=\"Gesch\u00e4tzte Lesezeit\" \/>\n\t<meta name=\"twitter:data1\" content=\"3\u00a0Minuten\" \/>\n<script type=\"application\/ld+json\" class=\"yoast-schema-graph\">{\"@context\":\"https:\/\/schema.org\",\"@graph\":[{\"@type\":\"WebPage\",\"@id\":\"https:\/\/xenonkungen.com\/produkt\/tershine-extract-alkalisk-avfettning-5-l\/\",\"url\":\"https:\/\/xenonkungen.com\/produkt\/tershine-extract-alkalisk-avfettning-5-l\/\",\"name\":\"Tershine Extract - Alkalisk avfettning 5 L - Xenonkungen\",\"isPartOf\":{\"@id\":\"https:\/\/xenonkungen.com\/#website\"},\"primaryImageOfPage\":{\"@id\":\"https:\/\/xenonkungen.com\/produkt\/tershine-extract-alkalisk-avfettning-5-l\/#primaryimage\"},\"image\":{\"@id\":\"https:\/\/xenonkungen.com\/produkt\/tershine-extract-alkalisk-avfettning-5-l\/#primaryimage\"},\"thumbnailUrl\":\"https:\/\/xenonkungen.com\/wp-content\/uploads\/2026\/03\/9YPLNiw5f5FWLy5Ypco7LDXnRgUYqmfi8jhZwWJk.webp\",\"datePublished\":\"2026-03-16T09:06:56+00:00\",\"dateModified\":\"2026-05-12T13:37:29+00:00\",\"breadcrumb\":{\"@id\":\"https:\/\/xenonkungen.com\/produkt\/tershine-extract-alkalisk-avfettning-5-l\/#breadcrumb\"},\"inLanguage\":\"de\",\"potentialAction\":[{\"@type\":\"ReadAction\",\"target\":[\"https:\/\/xenonkungen.com\/produkt\/tershine-extract-alkalisk-avfettning-5-l\/\"]}]},{\"@type\":\"ImageObject\",\"inLanguage\":\"de\",\"@id\":\"https:\/\/xenonkungen.com\/produkt\/tershine-extract-alkalisk-avfettning-5-l\/#primaryimage\",\"url\":\"https:\/\/xenonkungen.com\/wp-content\/uploads\/2026\/03\/9YPLNiw5f5FWLy5Ypco7LDXnRgUYqmfi8jhZwWJk.webp\",\"contentUrl\":\"https:\/\/xenonkungen.com\/wp-content\/uploads\/2026\/03\/9YPLNiw5f5FWLy5Ypco7LDXnRgUYqmfi8jhZwWJk.webp\",\"width\":1024,\"height\":1024},{\"@type\":\"BreadcrumbList\",\"@id\":\"https:\/\/xenonkungen.com\/produkt\/tershine-extract-alkalisk-avfettning-5-l\/#breadcrumb\",\"itemListElement\":[{\"@type\":\"ListItem\",\"position\":1,\"name\":\"Hem\",\"item\":\"https:\/\/xenonkungen.com\/\"},{\"@type\":\"ListItem\",\"position\":2,\"name\":\"Shop\",\"item\":\"https:\/\/xenonkungen.com\/shop\/\"},{\"@type\":\"ListItem\",\"position\":3,\"name\":\"Tershine Extract &#8211; Alkalisk avfettning 5 L\"}]},{\"@type\":\"WebSite\",\"@id\":\"https:\/\/xenonkungen.com\/#website\",\"url\":\"https:\/\/xenonkungen.com\/\",\"name\":\"Xenonkungen\",\"description\":\"\",\"potentialAction\":[{\"@type\":\"SearchAction\",\"target\":{\"@type\":\"EntryPoint\",\"urlTemplate\":\"https:\/\/xenonkungen.com\/?s={search_term_string}\"},\"query-input\":{\"@type\":\"PropertyValueSpecification\",\"valueRequired\":true,\"valueName\":\"search_term_string\"}}],\"inLanguage\":\"de\"}]}<\/script>\n<!-- \/ Yoast SEO plugin. -->","yoast_head_json":{"title":"Tershine Extract - Alkalisk avfettning 5 L - Xenonkungen","robots":{"index":"index","follow":"follow","max-snippet":"max-snippet:-1","max-image-preview":"max-image-preview:large","max-video-preview":"max-video-preview:-1"},"canonical":"https:\/\/xenonkungen.com\/de\/produkt\/tershine-extract-alkalisk-avfettning-5-l\/","og_locale":"de_DE","og_type":"article","og_title":"Tershine Extract - Alkalisk avfettning 5 L - Xenonkungen","og_description":"Superkoncentrad alkalisk avfettning - en kraftfull reng\u00f6ringsprodukt som effektivt tar bort trafikfilm, insekter, alger och smuts fr\u00e5n bil, b\u00e5t och hus. L\u00f6ser all form av organisk smuts!","og_url":"https:\/\/xenonkungen.com\/de\/produkt\/tershine-extract-alkalisk-avfettning-5-l\/","og_site_name":"Xenonkungen","article_modified_time":"2026-05-12T13:37:29+00:00","og_image":[{"width":1024,"height":1024,"url":"https:\/\/xenonkungen.com\/wp-content\/uploads\/2026\/03\/9YPLNiw5f5FWLy5Ypco7LDXnRgUYqmfi8jhZwWJk.webp","type":"image\/webp"}],"twitter_card":"summary_large_image","twitter_misc":{"Gesch\u00e4tzte Lesezeit":"3\u00a0Minuten"},"schema":{"@context":"https:\/\/schema.org","@graph":[{"@type":"WebPage","@id":"https:\/\/xenonkungen.com\/produkt\/tershine-extract-alkalisk-avfettning-5-l\/","url":"https:\/\/xenonkungen.com\/produkt\/tershine-extract-alkalisk-avfettning-5-l\/","name":"Tershine Extract - Alkalisk avfettning 5 L - Xenonkungen","isPartOf":{"@id":"https:\/\/xenonkungen.com\/#website"},"primaryImageOfPage":{"@id":"https:\/\/xenonkungen.com\/produkt\/tershine-extract-alkalisk-avfettning-5-l\/#primaryimage"},"image":{"@id":"https:\/\/xenonkungen.com\/produkt\/tershine-extract-alkalisk-avfettning-5-l\/#primaryimage"},"thumbnailUrl":"https:\/\/xenonkungen.com\/wp-content\/uploads\/2026\/03\/9YPLNiw5f5FWLy5Ypco7LDXnRgUYqmfi8jhZwWJk.webp","datePublished":"2026-03-16T09:06:56+00:00","dateModified":"2026-05-12T13:37:29+00:00","breadcrumb":{"@id":"https:\/\/xenonkungen.com\/produkt\/tershine-extract-alkalisk-avfettning-5-l\/#breadcrumb"},"inLanguage":"de","potentialAction":[{"@type":"ReadAction","target":["https:\/\/xenonkungen.com\/produkt\/tershine-extract-alkalisk-avfettning-5-l\/"]}]},{"@type":"ImageObject","inLanguage":"de","@id":"https:\/\/xenonkungen.com\/produkt\/tershine-extract-alkalisk-avfettning-5-l\/#primaryimage","url":"https:\/\/xenonkungen.com\/wp-content\/uploads\/2026\/03\/9YPLNiw5f5FWLy5Ypco7LDXnRgUYqmfi8jhZwWJk.webp","contentUrl":"https:\/\/xenonkungen.com\/wp-content\/uploads\/2026\/03\/9YPLNiw5f5FWLy5Ypco7LDXnRgUYqmfi8jhZwWJk.webp","width":1024,"height":1024},{"@type":"BreadcrumbList","@id":"https:\/\/xenonkungen.com\/produkt\/tershine-extract-alkalisk-avfettning-5-l\/#breadcrumb","itemListElement":[{"@type":"ListItem","position":1,"name":"Hem","item":"https:\/\/xenonkungen.com\/"},{"@type":"ListItem","position":2,"name":"Shop","item":"https:\/\/xenonkungen.com\/shop\/"},{"@type":"ListItem","position":3,"name":"Tershine Extract &#8211; Alkalisk avfettning 5 L"}]},{"@type":"WebSite","@id":"https:\/\/xenonkungen.com\/#website","url":"https:\/\/xenonkungen.com\/","name":"Xenonkungen","description":"","potentialAction":[{"@type":"SearchAction","target":{"@type":"EntryPoint","urlTemplate":"https:\/\/xenonkungen.com\/?s={search_term_string}"},"query-input":{"@type":"PropertyValueSpecification","valueRequired":true,"valueName":"search_term_string"}}],"inLanguage":"de"}]}},"taxonomy_info":{"product_brand":[{"value":2893,"label":"Tershine"}],"product_cat":[{"value":2988,"label":"1 | Biltv\u00e4tt"},{"value":2989,"label":"2 | Avfettning"},{"value":378,"label":"Bilv\u00e5rd"}]},"featured_image_src_large":["https:\/\/xenonkungen.com\/wp-content\/uploads\/2026\/03\/9YPLNiw5f5FWLy5Ypco7LDXnRgUYqmfi8jhZwWJk.webp",1024,1024,false],"author_info":[],"comment_info":0,"_links":{"self":[{"href":"https:\/\/xenonkungen.com\/de\/wp-json\/wp\/v2\/product\/27841","targetHints":{"allow":["GET"]}}],"collection":[{"href":"https:\/\/xenonkungen.com\/de\/wp-json\/wp\/v2\/product"}],"about":[{"href":"https:\/\/xenonkungen.com\/de\/wp-json\/wp\/v2\/types\/product"}],"replies":[{"embeddable":true,"href":"https:\/\/xenonkungen.com\/de\/wp-json\/wp\/v2\/comments?post=27841"}],"wp:featuredmedia":[{"embeddable":true,"href":"https:\/\/xenonkungen.com\/de\/wp-json\/wp\/v2\/media\/27842"}],"wp:attachment":[{"href":"https:\/\/xenonkungen.com\/de\/wp-json\/wp\/v2\/media?parent=27841"}],"wp:term":[{"taxonomy":"anvandningsomrade","embeddable":true,"href":"https:\/\/xenonkungen.com\/de\/wp-json\/wp\/v2\/anvandningsomrade?post=27841"},{"taxonomy":"bilmarken","embeddable":true,"href":"https:\/\/xenonkungen.com\/de\/wp-json\/wp\/v2\/bilmarken?post=27841"},{"taxonomy":"product_brand","embeddable":true,"href":"https:\/\/xenonkungen.com\/de\/wp-json\/wp\/v2\/product_brand?post=27841"},{"taxonomy":"product_cat","embeddable":true,"href":"https:\/\/xenonkungen.com\/de\/wp-json\/wp\/v2\/product_cat?post=27841"},{"taxonomy":"product_tag","embeddable":true,"href":"https:\/\/xenonkungen.com\/de\/wp-json\/wp\/v2\/product_tag?post=27841"}],"curies":[{"name":"wp","href":"https:\/\/api.w.org\/{rel}","templated":true}]}}