{"id":27851,"date":"2026-03-16T10:16:32","date_gmt":"2026-03-16T09:16:32","guid":{"rendered":"https:\/\/xenonkungen.com\/?post_type=product&#038;p=27851"},"modified":"2026-05-12T14:55:56","modified_gmt":"2026-05-12T13:55:56","slug":"tershine-furrify-djurschampo-500-ml","status":"publish","type":"product","link":"https:\/\/xenonkungen.com\/de\/produkt\/tershine-furrify-djurschampo-500-ml\/","title":{"rendered":"Tershine Furrify \u2013 Tiershampoo 500 ml"},"content":{"rendered":"<p>Furrify ist ein wirksames und sanftes, pflanzenbasiertes Shampoo f\u00fcr alle Fellarten. Ideal f\u00fcr Hunde, Pferde und Katzen.<\/p>\n<p><strong>Sehr wirksam und gleichzeitig schonend.<br \/>\nPflanzliche Rohstoffe<br \/>\nGeeignet f\u00fcr Hunde, Pferde, Katzen und mehr<br \/>\nBeeintr\u00e4chtigt nicht die nat\u00fcrliche Fettbarriere des Tieres.<br \/>\nEnth\u00e4lt Sp\u00fclung<br \/>\nKein Duft, Tiere k\u00f6nnen sich durch Ger\u00fcche sehr unwohl f\u00fchlen.<br \/>\nGeruchsblockierung<br \/>\nSehr geringf\u00fcgig<\/strong><\/p>\n<p>&nbsp;<\/p>\n<p><strong>Anwendung von Furrify \u2013 Haustiershampoo<\/strong><\/p>\n<p><strong>1.<\/strong>\u00a0Duschen Sie Ihr Tier mit Wasser<br \/>\n<strong>2.\u00a0<\/strong><span style=\"font-family: BlinkMacSystemFont, -apple-system, Segoe UI, Roboto, Oxygen, Ubuntu, Cantarell, Fira Sans, Droid Sans, Helvetica Neue, Helvetica, Arial, sans-serif;\">Massieren Sie eine kleine Menge Furrify in das Fell ein oder geben Sie es direkt auf das Fell.<\/span><br \/>\n<strong>3.<\/strong><span style=\"font-family: BlinkMacSystemFont, -apple-system, Segoe UI, Roboto, Oxygen, Ubuntu, Cantarell, Fira Sans, Droid Sans, Helvetica Neue, Helvetica, Arial, sans-serif;\">\u00a0Gr\u00fcndlich absp\u00fclen.\u00a0<\/span><br \/>\n<strong>4.<\/strong>\u00a0Genie\u00dfe einen sauberen und netten Freund!<\/p>\n<p><em>P.S. Sie k\u00f6nnen die gew\u00fcnschte Menge in einer Haustierflasche mischen, sch\u00fctteln und dann direkt auf das Fell gie\u00dfen. Alternativ k\u00f6nnen Sie eine Spr\u00fchflasche verwenden und das Mittel damit verteilen.\u00a0<\/em><\/p>\n<p>&nbsp;<\/p>\n<p>Furrify ist ein hochwirksames Haustiershampoo aus 100 % nachwachsenden Rohstoffen. Die Formel entfernt aktiv geruchsverursachende organische Molek\u00fcle, ohne die nat\u00fcrliche Hautbarriere des Tieres auszutrocknen. Ideal f\u00fcr die W\u00e4sche von Hunden, Pferden, Katzen und allen anderen Tieren mit Fell.<\/p>\n<p>Nur drei Tenside und ein nat\u00fcrliches Konservierungsmittel. Es enth\u00e4lt Natriumlaurethsulfat, Betain und Sultanin. Diese Tenside werden im Herstellungsprozess extra gereinigt, um Alkoholverbindungen zu entfernen. Es handelt sich um eine absolut stabile Formulierung, die sehr gut reinigt und Ihrem Tier dabei nicht schadet.<\/p>\n<div class=\"text_exposed_show\">\n<div class=\"text_exposed_show\">\n<p>V\u00f6llig frei von Parabenen und anderen bedenklichen Inhaltsstoffen. Eignet sich hervorragend f\u00fcr alle Fellarten.<\/p>\n<p><strong>Duft:<\/strong>\u00a0V\u00f6llig duftfrei<\/p>\n<\/div>\n<\/div>","protected":false},"excerpt":{"rendered":"<p>Djurschampo som \u00e4r effektivt och skonsamt f\u00f6r alla typer av p\u00e4ls. Perfekt till hund, h\u00e4st eller katt.<\/p>","protected":false},"featured_media":27852,"comment_status":"open","ping_status":"closed","template":"","meta":{"_acf_changed":false,"_smort_price_nok":"","_smort_price_dkk":"","_smort_price_eur":"","_smort_sale_price_nok":"","_smort_sale_price_dkk":"","_smort_sale_price_eur":"","smort_restorder":"","shipmondo_restorder":"","_kad_blocks_custom_css":"","_kad_blocks_head_custom_js":"","_kad_blocks_body_custom_js":"","_kad_blocks_footer_custom_js":"","smort_custom_pricelist_1":"127.36","smort_custom_pricelist_2":"127.36","smort_custom_pricelist_3":"127.36","smort_custom_pricelist_4":"159.2","smort_custom_pricelist_5":"127.36"},"anvandningsomrade":[],"bilmarken":[],"product_brand":[2893],"product_cat":[2617,378],"product_tag":[],"class_list":{"0":"post-27851","1":"product","2":"type-product","3":"status-publish","4":"has-post-thumbnail","6":"product_brand-tershine","7":"product_cat-polering","8":"product_cat-bilvard","10":"first","11":"onbackorder","12":"taxable","13":"shipping-taxable","14":"purchasable","15":"product-type-simple"},"bundled_by":[],"bundle_stock_status":"onbackorder","bundle_stock_quantity":0,"bundle_virtual":false,"bundle_layout":"","bundle_add_to_cart_form_location":"","bundle_editable_in_cart":false,"bundle_sold_individually_context":"","bundle_item_grouping":"","bundle_min_size":"","bundle_max_size":"","bundle_price":[],"bundled_items":[],"bundle_sell_ids":[],"acf":[],"yoast_head":"<!-- This site is optimized with the Yoast SEO plugin v27.0 - https:\/\/yoast.com\/product\/yoast-seo-wordpress\/ -->\n<title>Tershine Furrify - Djurschampo 500 ml - Xenonkungen<\/title>\n<meta name=\"robots\" content=\"index, follow, max-snippet:-1, max-image-preview:large, max-video-preview:-1\" \/>\n<link rel=\"canonical\" href=\"https:\/\/xenonkungen.com\/de\/produkt\/tershine-furrify-djurschampo-500-ml\/\" \/>\n<meta property=\"og:locale\" content=\"de_DE\" \/>\n<meta property=\"og:type\" content=\"article\" \/>\n<meta property=\"og:title\" content=\"Tershine Furrify - Djurschampo 500 ml - Xenonkungen\" \/>\n<meta property=\"og:description\" content=\"Djurschampo som \u00e4r effektivt och skonsamt f\u00f6r alla typer av p\u00e4ls. Perfekt till hund, h\u00e4st eller katt.\" \/>\n<meta property=\"og:url\" content=\"https:\/\/xenonkungen.com\/de\/produkt\/tershine-furrify-djurschampo-500-ml\/\" \/>\n<meta property=\"og:site_name\" content=\"Xenonkungen\" \/>\n<meta property=\"article:modified_time\" content=\"2026-05-12T13:55:56+00:00\" \/>\n<meta property=\"og:image\" content=\"https:\/\/xenonkungen.com\/wp-content\/uploads\/2026\/03\/KN5Q3i0qVi5l7tVqHLs02MBBWP4NwCQStJkc4aTk.webp\" \/>\n\t<meta property=\"og:image:width\" content=\"1024\" \/>\n\t<meta property=\"og:image:height\" content=\"1024\" \/>\n\t<meta property=\"og:image:type\" content=\"image\/webp\" \/>\n<meta name=\"twitter:card\" content=\"summary_large_image\" \/>\n<meta name=\"twitter:label1\" content=\"Gesch\u00e4tzte Lesezeit\" \/>\n\t<meta name=\"twitter:data1\" content=\"2\u00a0Minuten\" \/>\n<script type=\"application\/ld+json\" class=\"yoast-schema-graph\">{\"@context\":\"https:\/\/schema.org\",\"@graph\":[{\"@type\":\"WebPage\",\"@id\":\"https:\/\/xenonkungen.com\/produkt\/tershine-furrify-djurschampo-500-ml\/\",\"url\":\"https:\/\/xenonkungen.com\/produkt\/tershine-furrify-djurschampo-500-ml\/\",\"name\":\"Tershine Furrify - Djurschampo 500 ml - Xenonkungen\",\"isPartOf\":{\"@id\":\"https:\/\/xenonkungen.com\/#website\"},\"primaryImageOfPage\":{\"@id\":\"https:\/\/xenonkungen.com\/produkt\/tershine-furrify-djurschampo-500-ml\/#primaryimage\"},\"image\":{\"@id\":\"https:\/\/xenonkungen.com\/produkt\/tershine-furrify-djurschampo-500-ml\/#primaryimage\"},\"thumbnailUrl\":\"https:\/\/xenonkungen.com\/wp-content\/uploads\/2026\/03\/KN5Q3i0qVi5l7tVqHLs02MBBWP4NwCQStJkc4aTk.webp\",\"datePublished\":\"2026-03-16T09:16:32+00:00\",\"dateModified\":\"2026-05-12T13:55:56+00:00\",\"breadcrumb\":{\"@id\":\"https:\/\/xenonkungen.com\/produkt\/tershine-furrify-djurschampo-500-ml\/#breadcrumb\"},\"inLanguage\":\"de\",\"potentialAction\":[{\"@type\":\"ReadAction\",\"target\":[\"https:\/\/xenonkungen.com\/produkt\/tershine-furrify-djurschampo-500-ml\/\"]}]},{\"@type\":\"ImageObject\",\"inLanguage\":\"de\",\"@id\":\"https:\/\/xenonkungen.com\/produkt\/tershine-furrify-djurschampo-500-ml\/#primaryimage\",\"url\":\"https:\/\/xenonkungen.com\/wp-content\/uploads\/2026\/03\/KN5Q3i0qVi5l7tVqHLs02MBBWP4NwCQStJkc4aTk.webp\",\"contentUrl\":\"https:\/\/xenonkungen.com\/wp-content\/uploads\/2026\/03\/KN5Q3i0qVi5l7tVqHLs02MBBWP4NwCQStJkc4aTk.webp\",\"width\":1024,\"height\":1024},{\"@type\":\"BreadcrumbList\",\"@id\":\"https:\/\/xenonkungen.com\/produkt\/tershine-furrify-djurschampo-500-ml\/#breadcrumb\",\"itemListElement\":[{\"@type\":\"ListItem\",\"position\":1,\"name\":\"Hem\",\"item\":\"https:\/\/xenonkungen.com\/\"},{\"@type\":\"ListItem\",\"position\":2,\"name\":\"Shop\",\"item\":\"https:\/\/xenonkungen.com\/shop\/\"},{\"@type\":\"ListItem\",\"position\":3,\"name\":\"Tershine Furrify &#8211; Djurschampo 500 ml\"}]},{\"@type\":\"WebSite\",\"@id\":\"https:\/\/xenonkungen.com\/#website\",\"url\":\"https:\/\/xenonkungen.com\/\",\"name\":\"Xenonkungen\",\"description\":\"\",\"potentialAction\":[{\"@type\":\"SearchAction\",\"target\":{\"@type\":\"EntryPoint\",\"urlTemplate\":\"https:\/\/xenonkungen.com\/?s={search_term_string}\"},\"query-input\":{\"@type\":\"PropertyValueSpecification\",\"valueRequired\":true,\"valueName\":\"search_term_string\"}}],\"inLanguage\":\"de\"}]}<\/script>\n<!-- \/ Yoast SEO plugin. -->","yoast_head_json":{"title":"Tershine Furrify - Djurschampo 500 ml - Xenonkungen","robots":{"index":"index","follow":"follow","max-snippet":"max-snippet:-1","max-image-preview":"max-image-preview:large","max-video-preview":"max-video-preview:-1"},"canonical":"https:\/\/xenonkungen.com\/de\/produkt\/tershine-furrify-djurschampo-500-ml\/","og_locale":"de_DE","og_type":"article","og_title":"Tershine Furrify - Djurschampo 500 ml - Xenonkungen","og_description":"Djurschampo som \u00e4r effektivt och skonsamt f\u00f6r alla typer av p\u00e4ls. Perfekt till hund, h\u00e4st eller katt.","og_url":"https:\/\/xenonkungen.com\/de\/produkt\/tershine-furrify-djurschampo-500-ml\/","og_site_name":"Xenonkungen","article_modified_time":"2026-05-12T13:55:56+00:00","og_image":[{"width":1024,"height":1024,"url":"https:\/\/xenonkungen.com\/wp-content\/uploads\/2026\/03\/KN5Q3i0qVi5l7tVqHLs02MBBWP4NwCQStJkc4aTk.webp","type":"image\/webp"}],"twitter_card":"summary_large_image","twitter_misc":{"Gesch\u00e4tzte Lesezeit":"2\u00a0Minuten"},"schema":{"@context":"https:\/\/schema.org","@graph":[{"@type":"WebPage","@id":"https:\/\/xenonkungen.com\/produkt\/tershine-furrify-djurschampo-500-ml\/","url":"https:\/\/xenonkungen.com\/produkt\/tershine-furrify-djurschampo-500-ml\/","name":"Tershine Furrify - Djurschampo 500 ml - Xenonkungen","isPartOf":{"@id":"https:\/\/xenonkungen.com\/#website"},"primaryImageOfPage":{"@id":"https:\/\/xenonkungen.com\/produkt\/tershine-furrify-djurschampo-500-ml\/#primaryimage"},"image":{"@id":"https:\/\/xenonkungen.com\/produkt\/tershine-furrify-djurschampo-500-ml\/#primaryimage"},"thumbnailUrl":"https:\/\/xenonkungen.com\/wp-content\/uploads\/2026\/03\/KN5Q3i0qVi5l7tVqHLs02MBBWP4NwCQStJkc4aTk.webp","datePublished":"2026-03-16T09:16:32+00:00","dateModified":"2026-05-12T13:55:56+00:00","breadcrumb":{"@id":"https:\/\/xenonkungen.com\/produkt\/tershine-furrify-djurschampo-500-ml\/#breadcrumb"},"inLanguage":"de","potentialAction":[{"@type":"ReadAction","target":["https:\/\/xenonkungen.com\/produkt\/tershine-furrify-djurschampo-500-ml\/"]}]},{"@type":"ImageObject","inLanguage":"de","@id":"https:\/\/xenonkungen.com\/produkt\/tershine-furrify-djurschampo-500-ml\/#primaryimage","url":"https:\/\/xenonkungen.com\/wp-content\/uploads\/2026\/03\/KN5Q3i0qVi5l7tVqHLs02MBBWP4NwCQStJkc4aTk.webp","contentUrl":"https:\/\/xenonkungen.com\/wp-content\/uploads\/2026\/03\/KN5Q3i0qVi5l7tVqHLs02MBBWP4NwCQStJkc4aTk.webp","width":1024,"height":1024},{"@type":"BreadcrumbList","@id":"https:\/\/xenonkungen.com\/produkt\/tershine-furrify-djurschampo-500-ml\/#breadcrumb","itemListElement":[{"@type":"ListItem","position":1,"name":"Hem","item":"https:\/\/xenonkungen.com\/"},{"@type":"ListItem","position":2,"name":"Shop","item":"https:\/\/xenonkungen.com\/shop\/"},{"@type":"ListItem","position":3,"name":"Tershine Furrify &#8211; Djurschampo 500 ml"}]},{"@type":"WebSite","@id":"https:\/\/xenonkungen.com\/#website","url":"https:\/\/xenonkungen.com\/","name":"Xenonkungen","description":"","potentialAction":[{"@type":"SearchAction","target":{"@type":"EntryPoint","urlTemplate":"https:\/\/xenonkungen.com\/?s={search_term_string}"},"query-input":{"@type":"PropertyValueSpecification","valueRequired":true,"valueName":"search_term_string"}}],"inLanguage":"de"}]}},"taxonomy_info":{"product_brand":[{"value":2893,"label":"Tershine"}],"product_cat":[{"value":2617,"label":"3 | Polering"},{"value":378,"label":"Bilv\u00e5rd"}]},"featured_image_src_large":["https:\/\/xenonkungen.com\/wp-content\/uploads\/2026\/03\/KN5Q3i0qVi5l7tVqHLs02MBBWP4NwCQStJkc4aTk.webp",1024,1024,false],"author_info":[],"comment_info":0,"_links":{"self":[{"href":"https:\/\/xenonkungen.com\/de\/wp-json\/wp\/v2\/product\/27851","targetHints":{"allow":["GET"]}}],"collection":[{"href":"https:\/\/xenonkungen.com\/de\/wp-json\/wp\/v2\/product"}],"about":[{"href":"https:\/\/xenonkungen.com\/de\/wp-json\/wp\/v2\/types\/product"}],"replies":[{"embeddable":true,"href":"https:\/\/xenonkungen.com\/de\/wp-json\/wp\/v2\/comments?post=27851"}],"wp:featuredmedia":[{"embeddable":true,"href":"https:\/\/xenonkungen.com\/de\/wp-json\/wp\/v2\/media\/27852"}],"wp:attachment":[{"href":"https:\/\/xenonkungen.com\/de\/wp-json\/wp\/v2\/media?parent=27851"}],"wp:term":[{"taxonomy":"anvandningsomrade","embeddable":true,"href":"https:\/\/xenonkungen.com\/de\/wp-json\/wp\/v2\/anvandningsomrade?post=27851"},{"taxonomy":"bilmarken","embeddable":true,"href":"https:\/\/xenonkungen.com\/de\/wp-json\/wp\/v2\/bilmarken?post=27851"},{"taxonomy":"product_brand","embeddable":true,"href":"https:\/\/xenonkungen.com\/de\/wp-json\/wp\/v2\/product_brand?post=27851"},{"taxonomy":"product_cat","embeddable":true,"href":"https:\/\/xenonkungen.com\/de\/wp-json\/wp\/v2\/product_cat?post=27851"},{"taxonomy":"product_tag","embeddable":true,"href":"https:\/\/xenonkungen.com\/de\/wp-json\/wp\/v2\/product_tag?post=27851"}],"curies":[{"name":"wp","href":"https:\/\/api.w.org\/{rel}","templated":true}]}}