{"id":27853,"date":"2026-03-16T10:31:53","date_gmt":"2026-03-16T09:31:53","guid":{"rendered":"https:\/\/xenonkungen.com\/?post_type=product&#038;p=27853"},"modified":"2026-05-12T14:55:39","modified_gmt":"2026-05-12T13:55:39","slug":"tershine-lufterfrischer","status":"publish","type":"product","link":"https:\/\/xenonkungen.com\/de\/produkt\/tershine-lufterfrischer\/","title":{"rendered":"Tershine Lufterfrischer"},"content":{"rendered":"<p data-start=\"175\" data-end=\"222\"><strong data-start=\"175\" data-end=\"222\">Lufterfrischer \u2013 einfach, stilvoll und effektiv<\/strong><\/p>\n<p data-start=\"224\" data-end=\"399\">Ein unauff\u00e4lliger Lufterfrischer, der direkt in die L\u00fcftungsschlitze Ihres Autos geklemmt wird. Sein Design f\u00fcgt sich harmonisch in den Innenraum ein und sorgt bis zu 30 Tage lang f\u00fcr einen gleichm\u00e4\u00dfigen Duft \u2013 ganz ohne Tropfen.<\/p>\n<p data-start=\"401\" data-end=\"528\">Dank der Vollvolumentechnologie ist der Duft im gesamten Material eingebettet und sorgt so f\u00fcr eine stabile und lang anhaltende Wirkung vom Anfang bis zum Ende.<\/p>\n<p data-start=\"530\" data-end=\"613\">Funktioniert genauso gut zu Hause \u2013 im Kleiderschrank, im Badezimmer oder \u00fcberall dort, wo Sie sich ein wenig erfrischen m\u00f6chten.<\/p>\n<p data-start=\"615\" data-end=\"771\"><strong data-start=\"615\" data-end=\"633\">So funktioniert es:<\/strong><br data-start=\"633\" data-end=\"636\" \/>Befestigen Sie den Clip am L\u00fcftungsschlitz und klicken Sie den Lufterfrischer ein, bis Sie ein leises Klicken h\u00f6ren. Der Duft verteilt sich automatisch, sobald die Luft hindurchstr\u00f6mt.<\/p>\n<p data-start=\"773\" data-end=\"851\"><strong>Erh\u00e4ltlich in folgenden Duftrichtungen:<\/strong>\u00a0Gr\u00fcner Apfel, Limette, Vanille, Kaugummi, Zedernholz und Kirsche. P.S.: Der Duft Zedernholz riecht etwas anders als unser APC \u2013 Zedernholz, da er eine Kombination aus zwei verschiedenen Holzarten ist.<\/p>","protected":false},"excerpt":{"rendered":"<p>Kleiner, stylischer Lufterfrischer, der bis zu 30 Tage lang einen gleichm\u00e4\u00dfigen Duft verstr\u00f6mt. L\u00e4sst sich einfach am L\u00fcftungsschlitz Ihres Autos befestigen \u2013 oder auch zu Hause verwenden.<\/p>","protected":false},"featured_media":27859,"comment_status":"open","ping_status":"closed","template":"","meta":{"_acf_changed":false,"_smort_price_nok":"","_smort_price_dkk":"","_smort_price_eur":"","_smort_sale_price_nok":"","_smort_sale_price_dkk":"","_smort_sale_price_eur":"","smort_restorder":"","shipmondo_restorder":"","_kad_blocks_custom_css":"","_kad_blocks_head_custom_js":"","_kad_blocks_body_custom_js":"","_kad_blocks_footer_custom_js":"","smort_custom_pricelist_1":null,"smort_custom_pricelist_2":null,"smort_custom_pricelist_3":null,"smort_custom_pricelist_4":null,"smort_custom_pricelist_5":null},"anvandningsomrade":[],"bilmarken":[],"product_brand":[2893],"product_cat":[2617,2447,378],"product_tag":[],"class_list":{"0":"post-27853","1":"product","2":"type-product","3":"status-publish","4":"has-post-thumbnail","6":"product_brand-tershine","7":"product_cat-polering","8":"product_cat-doft","9":"product_cat-bilvard","11":"first","12":"onbackorder","13":"taxable","14":"shipping-taxable","15":"purchasable","16":"product-type-variable"},"bundled_by":[],"bundle_stock_status":"onbackorder","bundle_stock_quantity":null,"bundle_virtual":false,"bundle_layout":"","bundle_add_to_cart_form_location":"","bundle_editable_in_cart":false,"bundle_sold_individually_context":"","bundle_item_grouping":"","bundle_min_size":"","bundle_max_size":"","bundle_price":[],"bundled_items":[],"bundle_sell_ids":[],"acf":[],"yoast_head":"<!-- This site is optimized with the Yoast SEO plugin v27.0 - https:\/\/yoast.com\/product\/yoast-seo-wordpress\/ -->\n<title>Tershine Luftfr\u00e4schare - Xenonkungen<\/title>\n<meta name=\"robots\" content=\"index, follow, max-snippet:-1, max-image-preview:large, max-video-preview:-1\" \/>\n<link rel=\"canonical\" href=\"https:\/\/xenonkungen.com\/de\/produkt\/tershine-lufterfrischer\/\" \/>\n<meta property=\"og:locale\" content=\"de_DE\" \/>\n<meta property=\"og:type\" content=\"article\" \/>\n<meta property=\"og:title\" content=\"Tershine Luftfr\u00e4schare - Xenonkungen\" \/>\n<meta property=\"og:description\" content=\"Liten, stilren luftfr\u00e4schare som sprider j\u00e4mn doft i upp till 30 dagar. Enkel att klicka fast i bilens luftventil \u2013 eller anv\u00e4nda hemma\" \/>\n<meta property=\"og:url\" content=\"https:\/\/xenonkungen.com\/de\/produkt\/tershine-lufterfrischer\/\" \/>\n<meta property=\"og:site_name\" content=\"Xenonkungen\" \/>\n<meta property=\"article:modified_time\" content=\"2026-05-12T13:55:39+00:00\" \/>\n<meta property=\"og:image\" content=\"https:\/\/xenonkungen.com\/wp-content\/uploads\/2026\/03\/cTTjsaVZeK70upx4hvwOkktxgOBUSqZuhiDG5Rhk.webp\" \/>\n\t<meta property=\"og:image:width\" content=\"1024\" \/>\n\t<meta property=\"og:image:height\" content=\"1024\" \/>\n\t<meta property=\"og:image:type\" content=\"image\/webp\" \/>\n<meta name=\"twitter:card\" content=\"summary_large_image\" \/>\n<meta name=\"twitter:label1\" content=\"Gesch\u00e4tzte Lesezeit\" \/>\n\t<meta name=\"twitter:data1\" content=\"1\u00a0Minute\" \/>\n<script type=\"application\/ld+json\" class=\"yoast-schema-graph\">{\"@context\":\"https:\/\/schema.org\",\"@graph\":[{\"@type\":\"WebPage\",\"@id\":\"https:\/\/xenonkungen.com\/produkt\/tershine-luftfraschare\/\",\"url\":\"https:\/\/xenonkungen.com\/produkt\/tershine-luftfraschare\/\",\"name\":\"Tershine Luftfr\u00e4schare - Xenonkungen\",\"isPartOf\":{\"@id\":\"https:\/\/xenonkungen.com\/#website\"},\"primaryImageOfPage\":{\"@id\":\"https:\/\/xenonkungen.com\/produkt\/tershine-luftfraschare\/#primaryimage\"},\"image\":{\"@id\":\"https:\/\/xenonkungen.com\/produkt\/tershine-luftfraschare\/#primaryimage\"},\"thumbnailUrl\":\"https:\/\/xenonkungen.com\/wp-content\/uploads\/2026\/03\/cTTjsaVZeK70upx4hvwOkktxgOBUSqZuhiDG5Rhk.webp\",\"datePublished\":\"2026-03-16T09:31:53+00:00\",\"dateModified\":\"2026-05-12T13:55:39+00:00\",\"breadcrumb\":{\"@id\":\"https:\/\/xenonkungen.com\/produkt\/tershine-luftfraschare\/#breadcrumb\"},\"inLanguage\":\"de\",\"potentialAction\":[{\"@type\":\"ReadAction\",\"target\":[\"https:\/\/xenonkungen.com\/produkt\/tershine-luftfraschare\/\"]}]},{\"@type\":\"ImageObject\",\"inLanguage\":\"de\",\"@id\":\"https:\/\/xenonkungen.com\/produkt\/tershine-luftfraschare\/#primaryimage\",\"url\":\"https:\/\/xenonkungen.com\/wp-content\/uploads\/2026\/03\/cTTjsaVZeK70upx4hvwOkktxgOBUSqZuhiDG5Rhk.webp\",\"contentUrl\":\"https:\/\/xenonkungen.com\/wp-content\/uploads\/2026\/03\/cTTjsaVZeK70upx4hvwOkktxgOBUSqZuhiDG5Rhk.webp\",\"width\":1024,\"height\":1024},{\"@type\":\"BreadcrumbList\",\"@id\":\"https:\/\/xenonkungen.com\/produkt\/tershine-luftfraschare\/#breadcrumb\",\"itemListElement\":[{\"@type\":\"ListItem\",\"position\":1,\"name\":\"Hem\",\"item\":\"https:\/\/xenonkungen.com\/\"},{\"@type\":\"ListItem\",\"position\":2,\"name\":\"Shop\",\"item\":\"https:\/\/xenonkungen.com\/shop\/\"},{\"@type\":\"ListItem\",\"position\":3,\"name\":\"Tershine Luftfr\u00e4schare\"}]},{\"@type\":\"WebSite\",\"@id\":\"https:\/\/xenonkungen.com\/#website\",\"url\":\"https:\/\/xenonkungen.com\/\",\"name\":\"Xenonkungen\",\"description\":\"\",\"potentialAction\":[{\"@type\":\"SearchAction\",\"target\":{\"@type\":\"EntryPoint\",\"urlTemplate\":\"https:\/\/xenonkungen.com\/?s={search_term_string}\"},\"query-input\":{\"@type\":\"PropertyValueSpecification\",\"valueRequired\":true,\"valueName\":\"search_term_string\"}}],\"inLanguage\":\"de\"}]}<\/script>\n<!-- \/ Yoast SEO plugin. -->","yoast_head_json":{"title":"Tershine Lufterfrischer \u2013 Der Xenon-K\u00f6nig","robots":{"index":"index","follow":"follow","max-snippet":"max-snippet:-1","max-image-preview":"max-image-preview:large","max-video-preview":"max-video-preview:-1"},"canonical":"https:\/\/xenonkungen.com\/de\/produkt\/tershine-lufterfrischer\/","og_locale":"de_DE","og_type":"article","og_title":"Tershine Luftfr\u00e4schare - Xenonkungen","og_description":"Liten, stilren luftfr\u00e4schare som sprider j\u00e4mn doft i upp till 30 dagar. Enkel att klicka fast i bilens luftventil \u2013 eller anv\u00e4nda hemma","og_url":"https:\/\/xenonkungen.com\/de\/produkt\/tershine-lufterfrischer\/","og_site_name":"Xenonkungen","article_modified_time":"2026-05-12T13:55:39+00:00","og_image":[{"width":1024,"height":1024,"url":"https:\/\/xenonkungen.com\/wp-content\/uploads\/2026\/03\/cTTjsaVZeK70upx4hvwOkktxgOBUSqZuhiDG5Rhk.webp","type":"image\/webp"}],"twitter_card":"summary_large_image","twitter_misc":{"Gesch\u00e4tzte Lesezeit":"1\u00a0Minute"},"schema":{"@context":"https:\/\/schema.org","@graph":[{"@type":"WebPage","@id":"https:\/\/xenonkungen.com\/produkt\/tershine-luftfraschare\/","url":"https:\/\/xenonkungen.com\/produkt\/tershine-luftfraschare\/","name":"Tershine Lufterfrischer \u2013 Der Xenon-K\u00f6nig","isPartOf":{"@id":"https:\/\/xenonkungen.com\/#website"},"primaryImageOfPage":{"@id":"https:\/\/xenonkungen.com\/produkt\/tershine-luftfraschare\/#primaryimage"},"image":{"@id":"https:\/\/xenonkungen.com\/produkt\/tershine-luftfraschare\/#primaryimage"},"thumbnailUrl":"https:\/\/xenonkungen.com\/wp-content\/uploads\/2026\/03\/cTTjsaVZeK70upx4hvwOkktxgOBUSqZuhiDG5Rhk.webp","datePublished":"2026-03-16T09:31:53+00:00","dateModified":"2026-05-12T13:55:39+00:00","breadcrumb":{"@id":"https:\/\/xenonkungen.com\/produkt\/tershine-luftfraschare\/#breadcrumb"},"inLanguage":"de","potentialAction":[{"@type":"ReadAction","target":["https:\/\/xenonkungen.com\/produkt\/tershine-luftfraschare\/"]}]},{"@type":"ImageObject","inLanguage":"de","@id":"https:\/\/xenonkungen.com\/produkt\/tershine-luftfraschare\/#primaryimage","url":"https:\/\/xenonkungen.com\/wp-content\/uploads\/2026\/03\/cTTjsaVZeK70upx4hvwOkktxgOBUSqZuhiDG5Rhk.webp","contentUrl":"https:\/\/xenonkungen.com\/wp-content\/uploads\/2026\/03\/cTTjsaVZeK70upx4hvwOkktxgOBUSqZuhiDG5Rhk.webp","width":1024,"height":1024},{"@type":"BreadcrumbList","@id":"https:\/\/xenonkungen.com\/produkt\/tershine-luftfraschare\/#breadcrumb","itemListElement":[{"@type":"ListItem","position":1,"name":"Hem","item":"https:\/\/xenonkungen.com\/"},{"@type":"ListItem","position":2,"name":"Shop","item":"https:\/\/xenonkungen.com\/shop\/"},{"@type":"ListItem","position":3,"name":"Tershine Luftfr\u00e4schare"}]},{"@type":"WebSite","@id":"https:\/\/xenonkungen.com\/#website","url":"https:\/\/xenonkungen.com\/","name":"Xenonkungen","description":"","potentialAction":[{"@type":"SearchAction","target":{"@type":"EntryPoint","urlTemplate":"https:\/\/xenonkungen.com\/?s={search_term_string}"},"query-input":{"@type":"PropertyValueSpecification","valueRequired":true,"valueName":"search_term_string"}}],"inLanguage":"de"}]}},"taxonomy_info":{"product_brand":[{"value":2893,"label":"Tershine"}],"product_cat":[{"value":2617,"label":"3 | Polering"},{"value":2447,"label":"Doft"},{"value":378,"label":"Bilv\u00e5rd"}]},"featured_image_src_large":["https:\/\/xenonkungen.com\/wp-content\/uploads\/2026\/03\/cTTjsaVZeK70upx4hvwOkktxgOBUSqZuhiDG5Rhk.webp",1024,1024,false],"author_info":[],"comment_info":0,"_links":{"self":[{"href":"https:\/\/xenonkungen.com\/de\/wp-json\/wp\/v2\/product\/27853","targetHints":{"allow":["GET"]}}],"collection":[{"href":"https:\/\/xenonkungen.com\/de\/wp-json\/wp\/v2\/product"}],"about":[{"href":"https:\/\/xenonkungen.com\/de\/wp-json\/wp\/v2\/types\/product"}],"replies":[{"embeddable":true,"href":"https:\/\/xenonkungen.com\/de\/wp-json\/wp\/v2\/comments?post=27853"}],"wp:featuredmedia":[{"embeddable":true,"href":"https:\/\/xenonkungen.com\/de\/wp-json\/wp\/v2\/media\/27859"}],"wp:attachment":[{"href":"https:\/\/xenonkungen.com\/de\/wp-json\/wp\/v2\/media?parent=27853"}],"wp:term":[{"taxonomy":"anvandningsomrade","embeddable":true,"href":"https:\/\/xenonkungen.com\/de\/wp-json\/wp\/v2\/anvandningsomrade?post=27853"},{"taxonomy":"bilmarken","embeddable":true,"href":"https:\/\/xenonkungen.com\/de\/wp-json\/wp\/v2\/bilmarken?post=27853"},{"taxonomy":"product_brand","embeddable":true,"href":"https:\/\/xenonkungen.com\/de\/wp-json\/wp\/v2\/product_brand?post=27853"},{"taxonomy":"product_cat","embeddable":true,"href":"https:\/\/xenonkungen.com\/de\/wp-json\/wp\/v2\/product_cat?post=27853"},{"taxonomy":"product_tag","embeddable":true,"href":"https:\/\/xenonkungen.com\/de\/wp-json\/wp\/v2\/product_tag?post=27853"}],"curies":[{"name":"wp","href":"https:\/\/api.w.org\/{rel}","templated":true}]}}