{"id":27871,"date":"2026-03-16T11:13:11","date_gmt":"2026-03-16T10:13:11","guid":{"rendered":"https:\/\/xenonkungen.com\/?post_type=product&#038;p=27871"},"modified":"2026-05-12T14:54:37","modified_gmt":"2026-05-12T13:54:37","slug":"tershine-magnify-coating-v2-lackschutz","status":"publish","type":"product","link":"https:\/\/xenonkungen.com\/de\/produkt\/tershine-magnify-coating-v2-lackschutz\/","title":{"rendered":"Tershine Magnify \u2013 Lackschutzbeschichtung v2"},"content":{"rendered":"<p>Langanhaltender Keramik-Farbschutz, der fantastischen Glanz, Schutz und Wasserablauf bietet.<\/p>\n<p><strong>Extrem einfach zu verlegen<br \/>\nWidersteht nat\u00fcrlichen Einfl\u00fcssen und anderen Ablagerungen<br \/>\nDas Produkt wird ohne Zusatz von per- und polyfluorierten Substanzen (PFAS) hergestellt.<br \/>\nFunktioniert auf nahezu allen Oberfl\u00e4chen<br \/>\nErleichtert die Wartung des Fahrzeugs<br \/>\nH\u00e4lt 18-36 Monate<br \/>\nErzeugt eine extrem wasserabweisende Oberfl\u00e4che<\/strong><\/p>\n<p>Magnify \u2013 Coating ist eine Keramikversiegelung, die von jedem angewendet werden kann, ganz ohne Vorkenntnisse! Das Produkt ist wirklich kinderleicht aufzutragen, aber wie bei allen Autopflegeprodukten gilt: Je gr\u00fcndlicher die Vorbereitung, desto besser das Endergebnis.<\/p>\n<p>Verleiht einen absolut fantastischen Glanz und l\u00e4sst den Lack richtig zur Geltung kommen, bietet zudem einen sehr lang anhaltenden Schutz (\u00fcber 18 Monate) gegen Chemikalien und Witterungseinfl\u00fcsse.<\/p>\n<p><strong>Anleitung zur Verwendung von Magnify \u2013 Beschichtung V2<\/strong><\/p>\n<ol>\n<li>Waschen Sie Ihr Fahrzeug sehr gr\u00fcndlich. Verwenden Sie Kalt- und Alkalientfetter, Druckluft-Rostentferner und Shampoo.<\/li>\n<li>F\u00fcr optimale Haltbarkeit empfehlen wir eine polierte Oberfl\u00e4che. Wir verstehen jedoch, dass dies nicht f\u00fcr jeden m\u00f6glich oder gew\u00fcnscht ist. Die Oberfl\u00e4che muss jedoch mit einem speziellen Reinigungstuch (z. B. unserem Primer) vorbereitet werden, damit der Lackschutz optimal haftet.<\/li>\n<li>Tragen Sie eine kleine Menge auf das um den Block gewickelte Wildledertuch auf und verteilen Sie es mit geraden Strichen, sowohl quer als auch diagonal. Es empfiehlt sich, das Tuch nach einigen Bahnen gegen ein sauberes und frisches auszutauschen.<\/li>\n<li><strong>Lassen Sie es 4-8 Minuten trocknen.<\/strong>\u00a0(ein wenig abh\u00e4ngig von Hitze, Luftfeuchtigkeit usw.) Beginnen Sie immer mit einem Testpanel und testen Sie, wie das Ergebnis Ihrer Meinung nach ausfallen wird, d. h. 5 Minuten k\u00f6nnten in Ihrem speziellen Fall genauso gut 10 Minuten dauern.<\/li>\n<li>Mit einem sauberen (und vorzugsweise neuen) Mikrofasertuch abwischen.<\/li>\n<li>F\u00fcr optimale Haltbarkeit sollte die Oberfl\u00e4che 12 Stunden aush\u00e4rten, bevor sie mit Wasser in Ber\u00fchrung kommt. Nat\u00fcrlich hat nicht jeder diese M\u00f6glichkeit, aber um die maximale Lebensdauer zu gew\u00e4hrleisten, sollte das Fahrzeug beispielsweise \u00fcber Nacht in einer Garage abgestellt werden.<\/li>\n<\/ol>\n<p>Die Packung enth\u00e4lt 30 ml Beschichtung, 1 Applikatorblock und 5 Wildledert\u00fccher.<\/p>","protected":false},"excerpt":{"rendered":"<p>Keramischer Lackschutz, der fantastischen Glanz, Schutz und langanhaltende Drainage bietet.<\/p>","protected":false},"featured_media":27872,"comment_status":"open","ping_status":"closed","template":"","meta":{"_acf_changed":false,"_smort_price_nok":"","_smort_price_dkk":"","_smort_price_eur":"","_smort_sale_price_nok":"","_smort_sale_price_dkk":"","_smort_sale_price_eur":"","smort_restorder":"","shipmondo_restorder":"","_kad_blocks_custom_css":"","_kad_blocks_head_custom_js":"","_kad_blocks_body_custom_js":"","_kad_blocks_footer_custom_js":"","smort_custom_pricelist_1":"639.36","smort_custom_pricelist_2":"639.36","smort_custom_pricelist_3":"639.36","smort_custom_pricelist_4":"799.2","smort_custom_pricelist_5":"639.36"},"anvandningsomrade":[],"bilmarken":[],"product_brand":[2893],"product_cat":[2989,2614,378],"product_tag":[],"class_list":{"0":"post-27871","1":"product","2":"type-product","3":"status-publish","4":"has-post-thumbnail","6":"product_brand-tershine","7":"product_cat-avfettning","8":"product_cat-lackskydd","9":"product_cat-bilvard","11":"first","12":"onbackorder","13":"taxable","14":"shipping-taxable","15":"purchasable","16":"product-type-simple"},"bundled_by":[],"bundle_stock_status":"onbackorder","bundle_stock_quantity":0,"bundle_virtual":false,"bundle_layout":"","bundle_add_to_cart_form_location":"","bundle_editable_in_cart":false,"bundle_sold_individually_context":"","bundle_item_grouping":"","bundle_min_size":"","bundle_max_size":"","bundle_price":[],"bundled_items":[],"bundle_sell_ids":[],"acf":[],"yoast_head":"<!-- This site is optimized with the Yoast SEO plugin v27.0 - https:\/\/yoast.com\/product\/yoast-seo-wordpress\/ -->\n<title>Tershine Magnify - Coating v2 lackskydd - Xenonkungen<\/title>\n<meta name=\"robots\" content=\"index, follow, max-snippet:-1, max-image-preview:large, max-video-preview:-1\" \/>\n<link rel=\"canonical\" href=\"https:\/\/xenonkungen.com\/de\/produkt\/tershine-magnify-coating-v2-lackschutz\/\" \/>\n<meta property=\"og:locale\" content=\"de_DE\" \/>\n<meta property=\"og:type\" content=\"article\" \/>\n<meta property=\"og:title\" content=\"Tershine Magnify - Coating v2 lackskydd - Xenonkungen\" \/>\n<meta property=\"og:description\" content=\"Keramiskt lackskydd som ger fantastisk glans, skydd och avrinning under l\u00e5ng tid.\" \/>\n<meta property=\"og:url\" content=\"https:\/\/xenonkungen.com\/de\/produkt\/tershine-magnify-coating-v2-lackschutz\/\" \/>\n<meta property=\"og:site_name\" content=\"Xenonkungen\" \/>\n<meta property=\"article:modified_time\" content=\"2026-05-12T13:54:37+00:00\" \/>\n<meta property=\"og:image\" content=\"https:\/\/xenonkungen.com\/wp-content\/uploads\/2026\/03\/MSysughrcmOzPCzZLLumjTYA0fRfSpOLTpVa3ETg.webp\" \/>\n\t<meta property=\"og:image:width\" content=\"1024\" \/>\n\t<meta property=\"og:image:height\" content=\"1024\" \/>\n\t<meta property=\"og:image:type\" content=\"image\/webp\" \/>\n<meta name=\"twitter:card\" content=\"summary_large_image\" \/>\n<meta name=\"twitter:label1\" content=\"Gesch\u00e4tzte Lesezeit\" \/>\n\t<meta name=\"twitter:data1\" content=\"2\u00a0Minuten\" \/>\n<script type=\"application\/ld+json\" class=\"yoast-schema-graph\">{\"@context\":\"https:\/\/schema.org\",\"@graph\":[{\"@type\":\"WebPage\",\"@id\":\"https:\/\/xenonkungen.com\/produkt\/tershine-magnify-coating-v2-lackskydd\/\",\"url\":\"https:\/\/xenonkungen.com\/produkt\/tershine-magnify-coating-v2-lackskydd\/\",\"name\":\"Tershine Magnify - Coating v2 lackskydd - Xenonkungen\",\"isPartOf\":{\"@id\":\"https:\/\/xenonkungen.com\/#website\"},\"primaryImageOfPage\":{\"@id\":\"https:\/\/xenonkungen.com\/produkt\/tershine-magnify-coating-v2-lackskydd\/#primaryimage\"},\"image\":{\"@id\":\"https:\/\/xenonkungen.com\/produkt\/tershine-magnify-coating-v2-lackskydd\/#primaryimage\"},\"thumbnailUrl\":\"https:\/\/xenonkungen.com\/wp-content\/uploads\/2026\/03\/MSysughrcmOzPCzZLLumjTYA0fRfSpOLTpVa3ETg.webp\",\"datePublished\":\"2026-03-16T10:13:11+00:00\",\"dateModified\":\"2026-05-12T13:54:37+00:00\",\"breadcrumb\":{\"@id\":\"https:\/\/xenonkungen.com\/produkt\/tershine-magnify-coating-v2-lackskydd\/#breadcrumb\"},\"inLanguage\":\"de\",\"potentialAction\":[{\"@type\":\"ReadAction\",\"target\":[\"https:\/\/xenonkungen.com\/produkt\/tershine-magnify-coating-v2-lackskydd\/\"]}]},{\"@type\":\"ImageObject\",\"inLanguage\":\"de\",\"@id\":\"https:\/\/xenonkungen.com\/produkt\/tershine-magnify-coating-v2-lackskydd\/#primaryimage\",\"url\":\"https:\/\/xenonkungen.com\/wp-content\/uploads\/2026\/03\/MSysughrcmOzPCzZLLumjTYA0fRfSpOLTpVa3ETg.webp\",\"contentUrl\":\"https:\/\/xenonkungen.com\/wp-content\/uploads\/2026\/03\/MSysughrcmOzPCzZLLumjTYA0fRfSpOLTpVa3ETg.webp\",\"width\":1024,\"height\":1024},{\"@type\":\"BreadcrumbList\",\"@id\":\"https:\/\/xenonkungen.com\/produkt\/tershine-magnify-coating-v2-lackskydd\/#breadcrumb\",\"itemListElement\":[{\"@type\":\"ListItem\",\"position\":1,\"name\":\"Hem\",\"item\":\"https:\/\/xenonkungen.com\/\"},{\"@type\":\"ListItem\",\"position\":2,\"name\":\"Shop\",\"item\":\"https:\/\/xenonkungen.com\/shop\/\"},{\"@type\":\"ListItem\",\"position\":3,\"name\":\"Tershine Magnify &#8211; Coating v2 lackskydd\"}]},{\"@type\":\"WebSite\",\"@id\":\"https:\/\/xenonkungen.com\/#website\",\"url\":\"https:\/\/xenonkungen.com\/\",\"name\":\"Xenonkungen\",\"description\":\"\",\"potentialAction\":[{\"@type\":\"SearchAction\",\"target\":{\"@type\":\"EntryPoint\",\"urlTemplate\":\"https:\/\/xenonkungen.com\/?s={search_term_string}\"},\"query-input\":{\"@type\":\"PropertyValueSpecification\",\"valueRequired\":true,\"valueName\":\"search_term_string\"}}],\"inLanguage\":\"de\"}]}<\/script>\n<!-- \/ Yoast SEO plugin. -->","yoast_head_json":{"title":"Tershine Magnify \u2013 Lackschutzbeschichtung v2 \u2013 Der Xenon-K\u00f6nig","robots":{"index":"index","follow":"follow","max-snippet":"max-snippet:-1","max-image-preview":"max-image-preview:large","max-video-preview":"max-video-preview:-1"},"canonical":"https:\/\/xenonkungen.com\/de\/produkt\/tershine-magnify-coating-v2-lackschutz\/","og_locale":"de_DE","og_type":"article","og_title":"Tershine Magnify - Coating v2 lackskydd - Xenonkungen","og_description":"Keramiskt lackskydd som ger fantastisk glans, skydd och avrinning under l\u00e5ng tid.","og_url":"https:\/\/xenonkungen.com\/de\/produkt\/tershine-magnify-coating-v2-lackschutz\/","og_site_name":"Xenonkungen","article_modified_time":"2026-05-12T13:54:37+00:00","og_image":[{"width":1024,"height":1024,"url":"https:\/\/xenonkungen.com\/wp-content\/uploads\/2026\/03\/MSysughrcmOzPCzZLLumjTYA0fRfSpOLTpVa3ETg.webp","type":"image\/webp"}],"twitter_card":"summary_large_image","twitter_misc":{"Gesch\u00e4tzte Lesezeit":"2\u00a0Minuten"},"schema":{"@context":"https:\/\/schema.org","@graph":[{"@type":"WebPage","@id":"https:\/\/xenonkungen.com\/produkt\/tershine-magnify-coating-v2-lackskydd\/","url":"https:\/\/xenonkungen.com\/produkt\/tershine-magnify-coating-v2-lackskydd\/","name":"Tershine Magnify \u2013 Lackschutzbeschichtung v2 \u2013 Der Xenon-K\u00f6nig","isPartOf":{"@id":"https:\/\/xenonkungen.com\/#website"},"primaryImageOfPage":{"@id":"https:\/\/xenonkungen.com\/produkt\/tershine-magnify-coating-v2-lackskydd\/#primaryimage"},"image":{"@id":"https:\/\/xenonkungen.com\/produkt\/tershine-magnify-coating-v2-lackskydd\/#primaryimage"},"thumbnailUrl":"https:\/\/xenonkungen.com\/wp-content\/uploads\/2026\/03\/MSysughrcmOzPCzZLLumjTYA0fRfSpOLTpVa3ETg.webp","datePublished":"2026-03-16T10:13:11+00:00","dateModified":"2026-05-12T13:54:37+00:00","breadcrumb":{"@id":"https:\/\/xenonkungen.com\/produkt\/tershine-magnify-coating-v2-lackskydd\/#breadcrumb"},"inLanguage":"de","potentialAction":[{"@type":"ReadAction","target":["https:\/\/xenonkungen.com\/produkt\/tershine-magnify-coating-v2-lackskydd\/"]}]},{"@type":"ImageObject","inLanguage":"de","@id":"https:\/\/xenonkungen.com\/produkt\/tershine-magnify-coating-v2-lackskydd\/#primaryimage","url":"https:\/\/xenonkungen.com\/wp-content\/uploads\/2026\/03\/MSysughrcmOzPCzZLLumjTYA0fRfSpOLTpVa3ETg.webp","contentUrl":"https:\/\/xenonkungen.com\/wp-content\/uploads\/2026\/03\/MSysughrcmOzPCzZLLumjTYA0fRfSpOLTpVa3ETg.webp","width":1024,"height":1024},{"@type":"BreadcrumbList","@id":"https:\/\/xenonkungen.com\/produkt\/tershine-magnify-coating-v2-lackskydd\/#breadcrumb","itemListElement":[{"@type":"ListItem","position":1,"name":"Hem","item":"https:\/\/xenonkungen.com\/"},{"@type":"ListItem","position":2,"name":"Shop","item":"https:\/\/xenonkungen.com\/shop\/"},{"@type":"ListItem","position":3,"name":"Tershine Magnify &#8211; Coating v2 lackskydd"}]},{"@type":"WebSite","@id":"https:\/\/xenonkungen.com\/#website","url":"https:\/\/xenonkungen.com\/","name":"Xenonkungen","description":"","potentialAction":[{"@type":"SearchAction","target":{"@type":"EntryPoint","urlTemplate":"https:\/\/xenonkungen.com\/?s={search_term_string}"},"query-input":{"@type":"PropertyValueSpecification","valueRequired":true,"valueName":"search_term_string"}}],"inLanguage":"de"}]}},"taxonomy_info":{"product_brand":[{"value":2893,"label":"Tershine"}],"product_cat":[{"value":2989,"label":"2 | Avfettning"},{"value":2614,"label":"4 | Bilvax &amp; Lackskydd"},{"value":378,"label":"Bilv\u00e5rd"}]},"featured_image_src_large":["https:\/\/xenonkungen.com\/wp-content\/uploads\/2026\/03\/MSysughrcmOzPCzZLLumjTYA0fRfSpOLTpVa3ETg.webp",1024,1024,false],"author_info":[],"comment_info":0,"_links":{"self":[{"href":"https:\/\/xenonkungen.com\/de\/wp-json\/wp\/v2\/product\/27871","targetHints":{"allow":["GET"]}}],"collection":[{"href":"https:\/\/xenonkungen.com\/de\/wp-json\/wp\/v2\/product"}],"about":[{"href":"https:\/\/xenonkungen.com\/de\/wp-json\/wp\/v2\/types\/product"}],"replies":[{"embeddable":true,"href":"https:\/\/xenonkungen.com\/de\/wp-json\/wp\/v2\/comments?post=27871"}],"wp:featuredmedia":[{"embeddable":true,"href":"https:\/\/xenonkungen.com\/de\/wp-json\/wp\/v2\/media\/27872"}],"wp:attachment":[{"href":"https:\/\/xenonkungen.com\/de\/wp-json\/wp\/v2\/media?parent=27871"}],"wp:term":[{"taxonomy":"anvandningsomrade","embeddable":true,"href":"https:\/\/xenonkungen.com\/de\/wp-json\/wp\/v2\/anvandningsomrade?post=27871"},{"taxonomy":"bilmarken","embeddable":true,"href":"https:\/\/xenonkungen.com\/de\/wp-json\/wp\/v2\/bilmarken?post=27871"},{"taxonomy":"product_brand","embeddable":true,"href":"https:\/\/xenonkungen.com\/de\/wp-json\/wp\/v2\/product_brand?post=27871"},{"taxonomy":"product_cat","embeddable":true,"href":"https:\/\/xenonkungen.com\/de\/wp-json\/wp\/v2\/product_cat?post=27871"},{"taxonomy":"product_tag","embeddable":true,"href":"https:\/\/xenonkungen.com\/de\/wp-json\/wp\/v2\/product_tag?post=27871"}],"curies":[{"name":"wp","href":"https:\/\/api.w.org\/{rel}","templated":true}]}}