{"id":27874,"date":"2026-03-16T11:20:40","date_gmt":"2026-03-16T10:20:40","guid":{"rendered":"https:\/\/xenonkungen.com\/?post_type=product&#038;p=27874"},"modified":"2026-04-24T17:47:58","modified_gmt":"2026-04-24T16:47:58","slug":"tershine-magnify-glasforsegling","status":"publish","type":"product","link":"https:\/\/xenonkungen.com\/de\/produkt\/tershine-magnify-glasforsegling\/","title":{"rendered":"Tershine Magnify \u2013 Glasversiegelung"},"content":{"rendered":"<p>Eine \u00e4u\u00dferst effektive Glasversiegelung (Glasbehandlung\/Beschichtung), die sich kinderleicht anwenden l\u00e4sst. Sie sorgt f\u00fcr wasserabweisende Fenster, was die Sicht verbessert und die Sicherheit erh\u00f6ht. Das Produkt ist bis zu 2 Jahre haltbar (\u00fcber 3200 km) und reicht je nach Gr\u00f6\u00dfe f\u00fcr 3\u20135 Fenster.<\/p>\n<p><strong>Bessere Sichtbarkeit<br \/>\nExtrem wasserabweisende Oberfl\u00e4che<br \/>\nLange Haltbarkeit<br \/>\nExtrem einfach anzuwenden<br \/>\nFunktioniert auf allen Arten von Glas- und Kunststofffenstern<br \/>\nDas Produkt wird ohne Zusatz von per- und polyfluorierten Substanzen (PFAS) hergestellt.<br \/>\nGrausam gegen\u00fcber Duschw\u00e4nden<br \/>\nPerfekt f\u00fcr Helmvisiere<br \/>\n<\/strong><\/p>\n<p>Anleitung zur Verwendung\u00a0<strong>Vergr\u00f6\u00dferung \u2013 Glasversiegelung<\/strong>:<\/p>\n<p><strong>1.<\/strong>\u00a0Reinigen Sie das Fenster beispielsweise mit Vision \u2013 Glasreiniger oder Prime \u2013 Paneelreinigungstuch.<br \/>\n<strong>2.<\/strong>\u00a0Falten Sie das Tuch in Abschnitte und tragen Sie es in quer verlaufenden Strichen auf.<br \/>\n<strong>3.<\/strong>\u00a0Etwa 10 Minuten trocknen lassen.<br \/>\n<strong>4.\u00a0<\/strong>Mit einem sauberen, fusselfreien Mikrofasertuch abwischen.<br \/>\n<strong>5.<\/strong>\u00a0Es war wirklich sch\u00f6n, nicht wahr?<\/p>\n<p>Wenn Sie im Freien stehen, verdunstet der Alkohol schneller. Seien Sie also vorsichtig, wenn Sie es drau\u00dfen bei Wind und Hitze anwenden. Au\u00dferdem m\u00fcssen Sie nicht das ganze Tuch auf einmal ausrollen!<\/p>\n<p>Das Tuch f\u00fchlt sich auch immer trockener an, aber es reicht immer noch aus, um mehrere Fenster damit zu reinigen.<\/p>\n<p>Es ist nicht nur genial f\u00fcr Autoscheiben, sondern eignet sich auch hervorragend als Glasversiegelung f\u00fcr Duschw\u00e4nde, Boote, Motorradvisiere, Pavillons und vieles mehr. Die Anwendung ist kinderleicht: Einfach die Oberseite abrei\u00dfen, das Tuch herausnehmen und auf die gew\u00fcnschte Glas- oder Kunststoffscheibe auftragen. Nach ca. 10 Minuten Trocknungszeit einfach abwischen. Selbstverst\u00e4ndlich ist es komplett frei von PFAS und anderen bedenklichen Stoffen (Fluor und andere sch\u00e4dliche Substanzen sind in Glasbeschichtungen leider h\u00e4ufiger enthalten, als man denkt).<\/p>\n<p>Bedenken Sie, dass eine gr\u00fcndlichere Vorreinigung der Scheibe zu besseren Ergebnissen und einer l\u00e4ngeren Haltbarkeit f\u00fchrt. Verwenden Sie daher gerne unser Prime \u2013 Panel Wipe oder einen \u00e4hnlichen IPA-Reiniger. Beachten Sie au\u00dferdem, dass das Tuch bei Wind etc. verdunstet. Breiten Sie es daher nicht auf einmal w\u00e4hrend der Fahrt aus, sondern portionsweise!<\/p>\n<p><img decoding=\"async\" src=\"https:\/\/d3dnwnveix5428.cloudfront.net\/store_72f4e2a4-e492-4ff0-8f8a-c603645bdb5c\/media\/UYnhdK4LzDYprMcXM8iGNUX6kuwUi5FGkcFdcaqL.png\" \/><\/p>\n<p><span>Enth\u00e4lt: Propan-2-ol. GEFAHR: Fl\u00fcssigkeit und Dampf leicht entz\u00fcndbar. Verursacht schwere Augenreizung. Kann Schl\u00e4frigkeit und Benommenheit verursachen. Ist \u00e4rztlicher Rat erforderlich, Verpackung oder Kennzeichnungsetikett bereithalten. Darf nicht in die H\u00e4nde von Kindern gelangen. Von Hitze, hei\u00dfen Oberfl\u00e4chen, Funken, offenen Flammen und anderen Z\u00fcndquellen fernhalten. Nicht rauchen. Einatmen von Staub, D\u00e4mpfen, Nebel, Gasen und Spr\u00fchnebel vermeiden. Nach Gebrauch H\u00e4nde gr\u00fcndlich waschen. Inhalt und Beh\u00e4lter einer zugelassenen Entsorgungseinrichtung zuf\u00fchren.<\/span><\/p>","protected":false},"excerpt":{"rendered":"<p>Glasf\u00f6rsegling (glasbehandling\/coating)\u00a0som \u00e4r superenkel att applicera och kommer som en smidig duk. L\u00e5ng h\u00e5llbarhet och b\u00e4ttre sikt!<\/p>","protected":false},"featured_media":27876,"comment_status":"open","ping_status":"closed","template":"","meta":{"_acf_changed":false,"_smort_price_nok":"","_smort_price_dkk":"","_smort_price_eur":"","_smort_sale_price_nok":"","_smort_sale_price_dkk":"","_smort_sale_price_eur":"","smort_restorder":"","shipmondo_restorder":"","_kad_blocks_custom_css":"","_kad_blocks_head_custom_js":"","_kad_blocks_body_custom_js":"","_kad_blocks_footer_custom_js":"","smort_custom_pricelist_1":"82.56","smort_custom_pricelist_2":"82.56","smort_custom_pricelist_3":"82.56","smort_custom_pricelist_4":"103.2","smort_custom_pricelist_5":"82.56"},"anvandningsomrade":[],"bilmarken":[],"product_brand":[2893],"product_cat":[2989,2614,378],"product_tag":[],"class_list":{"0":"post-27874","1":"product","2":"type-product","3":"status-publish","4":"has-post-thumbnail","6":"product_brand-tershine","7":"product_cat-avfettning","8":"product_cat-lackskydd","9":"product_cat-bilvard","11":"first","12":"instock","13":"taxable","14":"shipping-taxable","15":"purchasable","16":"product-type-simple"},"bundled_by":[],"bundle_stock_status":"instock","bundle_stock_quantity":18,"bundle_virtual":false,"bundle_layout":"","bundle_add_to_cart_form_location":"","bundle_editable_in_cart":false,"bundle_sold_individually_context":"","bundle_item_grouping":"","bundle_min_size":"","bundle_max_size":"","bundle_price":[],"bundled_items":[],"bundle_sell_ids":[],"acf":[],"yoast_head":"<!-- This site is optimized with the Yoast SEO plugin v27.0 - https:\/\/yoast.com\/product\/yoast-seo-wordpress\/ -->\n<title>Tershine Magnify - Glasf\u00f6rsegling - Xenonkungen<\/title>\n<meta name=\"robots\" content=\"index, follow, max-snippet:-1, max-image-preview:large, max-video-preview:-1\" \/>\n<link rel=\"canonical\" href=\"https:\/\/xenonkungen.com\/de\/produkt\/tershine-magnify-glasforsegling\/\" \/>\n<meta property=\"og:locale\" content=\"de_DE\" \/>\n<meta property=\"og:type\" content=\"article\" \/>\n<meta property=\"og:title\" content=\"Tershine Magnify - Glasf\u00f6rsegling - Xenonkungen\" \/>\n<meta property=\"og:description\" content=\"Glasf\u00f6rsegling (glasbehandling\/coating)\u00a0som \u00e4r superenkel att applicera och kommer som en smidig duk. L\u00e5ng h\u00e5llbarhet och b\u00e4ttre sikt!\" \/>\n<meta property=\"og:url\" content=\"https:\/\/xenonkungen.com\/de\/produkt\/tershine-magnify-glasforsegling\/\" \/>\n<meta property=\"og:site_name\" content=\"Xenonkungen\" \/>\n<meta property=\"article:modified_time\" content=\"2026-04-24T16:47:58+00:00\" \/>\n<meta property=\"og:image\" content=\"https:\/\/xenonkungen.com\/wp-content\/uploads\/2026\/03\/kntdOxQJ0mybYVN1jDQH4tObDK0ulQ8K590sG6Er.webp\" \/>\n\t<meta property=\"og:image:width\" content=\"1024\" \/>\n\t<meta property=\"og:image:height\" content=\"1024\" \/>\n\t<meta property=\"og:image:type\" content=\"image\/webp\" \/>\n<meta name=\"twitter:card\" content=\"summary_large_image\" \/>\n<meta name=\"twitter:label1\" content=\"Gesch\u00e4tzte Lesezeit\" \/>\n\t<meta name=\"twitter:data1\" content=\"3\u00a0Minuten\" \/>\n<script type=\"application\/ld+json\" class=\"yoast-schema-graph\">{\"@context\":\"https:\/\/schema.org\",\"@graph\":[{\"@type\":\"WebPage\",\"@id\":\"https:\/\/xenonkungen.com\/produkt\/tershine-magnify-glasforsegling\/\",\"url\":\"https:\/\/xenonkungen.com\/produkt\/tershine-magnify-glasforsegling\/\",\"name\":\"Tershine Magnify - Glasf\u00f6rsegling - Xenonkungen\",\"isPartOf\":{\"@id\":\"https:\/\/xenonkungen.com\/#website\"},\"primaryImageOfPage\":{\"@id\":\"https:\/\/xenonkungen.com\/produkt\/tershine-magnify-glasforsegling\/#primaryimage\"},\"image\":{\"@id\":\"https:\/\/xenonkungen.com\/produkt\/tershine-magnify-glasforsegling\/#primaryimage\"},\"thumbnailUrl\":\"https:\/\/xenonkungen.com\/wp-content\/uploads\/2026\/03\/kntdOxQJ0mybYVN1jDQH4tObDK0ulQ8K590sG6Er.webp\",\"datePublished\":\"2026-03-16T10:20:40+00:00\",\"dateModified\":\"2026-04-24T16:47:58+00:00\",\"breadcrumb\":{\"@id\":\"https:\/\/xenonkungen.com\/produkt\/tershine-magnify-glasforsegling\/#breadcrumb\"},\"inLanguage\":\"de\",\"potentialAction\":[{\"@type\":\"ReadAction\",\"target\":[\"https:\/\/xenonkungen.com\/produkt\/tershine-magnify-glasforsegling\/\"]}]},{\"@type\":\"ImageObject\",\"inLanguage\":\"de\",\"@id\":\"https:\/\/xenonkungen.com\/produkt\/tershine-magnify-glasforsegling\/#primaryimage\",\"url\":\"https:\/\/xenonkungen.com\/wp-content\/uploads\/2026\/03\/kntdOxQJ0mybYVN1jDQH4tObDK0ulQ8K590sG6Er.webp\",\"contentUrl\":\"https:\/\/xenonkungen.com\/wp-content\/uploads\/2026\/03\/kntdOxQJ0mybYVN1jDQH4tObDK0ulQ8K590sG6Er.webp\",\"width\":1024,\"height\":1024},{\"@type\":\"BreadcrumbList\",\"@id\":\"https:\/\/xenonkungen.com\/produkt\/tershine-magnify-glasforsegling\/#breadcrumb\",\"itemListElement\":[{\"@type\":\"ListItem\",\"position\":1,\"name\":\"Hem\",\"item\":\"https:\/\/xenonkungen.com\/\"},{\"@type\":\"ListItem\",\"position\":2,\"name\":\"Shop\",\"item\":\"https:\/\/xenonkungen.com\/shop\/\"},{\"@type\":\"ListItem\",\"position\":3,\"name\":\"Tershine Magnify &#8211; Glasf\u00f6rsegling\"}]},{\"@type\":\"WebSite\",\"@id\":\"https:\/\/xenonkungen.com\/#website\",\"url\":\"https:\/\/xenonkungen.com\/\",\"name\":\"Xenonkungen\",\"description\":\"\",\"potentialAction\":[{\"@type\":\"SearchAction\",\"target\":{\"@type\":\"EntryPoint\",\"urlTemplate\":\"https:\/\/xenonkungen.com\/?s={search_term_string}\"},\"query-input\":{\"@type\":\"PropertyValueSpecification\",\"valueRequired\":true,\"valueName\":\"search_term_string\"}}],\"inLanguage\":\"de\"}]}<\/script>\n<!-- \/ Yoast SEO plugin. -->","yoast_head_json":{"title":"Tershine Magnify - Glasf\u00f6rsegling - Xenonkungen","robots":{"index":"index","follow":"follow","max-snippet":"max-snippet:-1","max-image-preview":"max-image-preview:large","max-video-preview":"max-video-preview:-1"},"canonical":"https:\/\/xenonkungen.com\/de\/produkt\/tershine-magnify-glasforsegling\/","og_locale":"de_DE","og_type":"article","og_title":"Tershine Magnify - Glasf\u00f6rsegling - Xenonkungen","og_description":"Glasf\u00f6rsegling (glasbehandling\/coating)\u00a0som \u00e4r superenkel att applicera och kommer som en smidig duk. L\u00e5ng h\u00e5llbarhet och b\u00e4ttre sikt!","og_url":"https:\/\/xenonkungen.com\/de\/produkt\/tershine-magnify-glasforsegling\/","og_site_name":"Xenonkungen","article_modified_time":"2026-04-24T16:47:58+00:00","og_image":[{"width":1024,"height":1024,"url":"https:\/\/xenonkungen.com\/wp-content\/uploads\/2026\/03\/kntdOxQJ0mybYVN1jDQH4tObDK0ulQ8K590sG6Er.webp","type":"image\/webp"}],"twitter_card":"summary_large_image","twitter_misc":{"Gesch\u00e4tzte Lesezeit":"3\u00a0Minuten"},"schema":{"@context":"https:\/\/schema.org","@graph":[{"@type":"WebPage","@id":"https:\/\/xenonkungen.com\/produkt\/tershine-magnify-glasforsegling\/","url":"https:\/\/xenonkungen.com\/produkt\/tershine-magnify-glasforsegling\/","name":"Tershine Magnify - Glasf\u00f6rsegling - Xenonkungen","isPartOf":{"@id":"https:\/\/xenonkungen.com\/#website"},"primaryImageOfPage":{"@id":"https:\/\/xenonkungen.com\/produkt\/tershine-magnify-glasforsegling\/#primaryimage"},"image":{"@id":"https:\/\/xenonkungen.com\/produkt\/tershine-magnify-glasforsegling\/#primaryimage"},"thumbnailUrl":"https:\/\/xenonkungen.com\/wp-content\/uploads\/2026\/03\/kntdOxQJ0mybYVN1jDQH4tObDK0ulQ8K590sG6Er.webp","datePublished":"2026-03-16T10:20:40+00:00","dateModified":"2026-04-24T16:47:58+00:00","breadcrumb":{"@id":"https:\/\/xenonkungen.com\/produkt\/tershine-magnify-glasforsegling\/#breadcrumb"},"inLanguage":"de","potentialAction":[{"@type":"ReadAction","target":["https:\/\/xenonkungen.com\/produkt\/tershine-magnify-glasforsegling\/"]}]},{"@type":"ImageObject","inLanguage":"de","@id":"https:\/\/xenonkungen.com\/produkt\/tershine-magnify-glasforsegling\/#primaryimage","url":"https:\/\/xenonkungen.com\/wp-content\/uploads\/2026\/03\/kntdOxQJ0mybYVN1jDQH4tObDK0ulQ8K590sG6Er.webp","contentUrl":"https:\/\/xenonkungen.com\/wp-content\/uploads\/2026\/03\/kntdOxQJ0mybYVN1jDQH4tObDK0ulQ8K590sG6Er.webp","width":1024,"height":1024},{"@type":"BreadcrumbList","@id":"https:\/\/xenonkungen.com\/produkt\/tershine-magnify-glasforsegling\/#breadcrumb","itemListElement":[{"@type":"ListItem","position":1,"name":"Hem","item":"https:\/\/xenonkungen.com\/"},{"@type":"ListItem","position":2,"name":"Shop","item":"https:\/\/xenonkungen.com\/shop\/"},{"@type":"ListItem","position":3,"name":"Tershine Magnify &#8211; Glasf\u00f6rsegling"}]},{"@type":"WebSite","@id":"https:\/\/xenonkungen.com\/#website","url":"https:\/\/xenonkungen.com\/","name":"Xenonkungen","description":"","potentialAction":[{"@type":"SearchAction","target":{"@type":"EntryPoint","urlTemplate":"https:\/\/xenonkungen.com\/?s={search_term_string}"},"query-input":{"@type":"PropertyValueSpecification","valueRequired":true,"valueName":"search_term_string"}}],"inLanguage":"de"}]}},"taxonomy_info":{"product_brand":[{"value":2893,"label":"Tershine"}],"product_cat":[{"value":2989,"label":"2 | Avfettning"},{"value":2614,"label":"4 | Bilvax &amp; Lackskydd"},{"value":378,"label":"Bilv\u00e5rd"}]},"featured_image_src_large":["https:\/\/xenonkungen.com\/wp-content\/uploads\/2026\/03\/kntdOxQJ0mybYVN1jDQH4tObDK0ulQ8K590sG6Er.webp",1024,1024,false],"author_info":[],"comment_info":0,"_links":{"self":[{"href":"https:\/\/xenonkungen.com\/de\/wp-json\/wp\/v2\/product\/27874","targetHints":{"allow":["GET"]}}],"collection":[{"href":"https:\/\/xenonkungen.com\/de\/wp-json\/wp\/v2\/product"}],"about":[{"href":"https:\/\/xenonkungen.com\/de\/wp-json\/wp\/v2\/types\/product"}],"replies":[{"embeddable":true,"href":"https:\/\/xenonkungen.com\/de\/wp-json\/wp\/v2\/comments?post=27874"}],"wp:featuredmedia":[{"embeddable":true,"href":"https:\/\/xenonkungen.com\/de\/wp-json\/wp\/v2\/media\/27876"}],"wp:attachment":[{"href":"https:\/\/xenonkungen.com\/de\/wp-json\/wp\/v2\/media?parent=27874"}],"wp:term":[{"taxonomy":"anvandningsomrade","embeddable":true,"href":"https:\/\/xenonkungen.com\/de\/wp-json\/wp\/v2\/anvandningsomrade?post=27874"},{"taxonomy":"bilmarken","embeddable":true,"href":"https:\/\/xenonkungen.com\/de\/wp-json\/wp\/v2\/bilmarken?post=27874"},{"taxonomy":"product_brand","embeddable":true,"href":"https:\/\/xenonkungen.com\/de\/wp-json\/wp\/v2\/product_brand?post=27874"},{"taxonomy":"product_cat","embeddable":true,"href":"https:\/\/xenonkungen.com\/de\/wp-json\/wp\/v2\/product_cat?post=27874"},{"taxonomy":"product_tag","embeddable":true,"href":"https:\/\/xenonkungen.com\/de\/wp-json\/wp\/v2\/product_tag?post=27874"}],"curies":[{"name":"wp","href":"https:\/\/api.w.org\/{rel}","templated":true}]}}