{"id":27913,"date":"2026-03-16T13:27:56","date_gmt":"2026-03-16T12:27:56","guid":{"rendered":"https:\/\/xenonkungen.com\/?post_type=product&#038;p=27913"},"modified":"2026-04-24T17:48:30","modified_gmt":"2026-04-24T16:48:30","slug":"tershine-purify-s-5-l-keramik-autoshampoo","status":"publish","type":"product","link":"https:\/\/xenonkungen.com\/de\/produkt\/tershine-purify-s-5-l-keramik-autoshampoo\/","title":{"rendered":"Tershine Purify S 5 L \u2013 Keramik-Autoshampoo"},"content":{"rendered":"<p>Purify S \u2013 Autoshampoo ist die n\u00e4chste Generation extrem gl\u00e4nzender und hochsch\u00e4umender Autoshampoos, die porentief reinigt und einen fantastischen Glanz hinterl\u00e4sst. Es ist frei von Gefahrenstoffen, biologisch abbaubar (100%) und f\u00fcr nahezu alle Fahrzeuge geeignet, darunter Autos, Wohnmobile, Wohnwagen, Lkw, Boote und Motorr\u00e4der. Dank des sehr hohen Mischverh\u00e4ltnisses (1:1000) ist es besonders preisg\u00fcnstig. Auch f\u00fcr Schaumlanzen bestens geeignet.<\/p>\n<p><strong>Extrem hoher Glanz<br \/>\nDicker Schaumstoff<br \/>\nFantastisches Gleiten \u00fcber die Oberfl\u00e4che<br \/>\nErh\u00e4ltlich in zwei verschiedenen, herrlichen Duftrichtungen.<br \/>\nFunktioniert in Schaumlanze<br \/>\nTiefenreinigung<br \/>\nDas Produkt ist nicht als kennzeichnungspflichtig gem\u00e4\u00df der CLP-Verordnung (EG) 1272\/2008 eingestuft.<br \/>\n<\/strong><\/p>\n<p><strong>Anwendung von Purify S \u2013 Autoshampoo:<br \/>\n<\/strong><br \/>\n<strong>1.<\/strong>\u00a0Gie\u00dfen Sie einen Schuss lauwarmes Wasser hinzu.<br \/>\n<strong>2.<\/strong>\u00a0Lockern Sie den Schaum mit Ihrem Hochdruckreiniger auf.<br \/>\n<strong>3.<\/strong>\u00a0Verwenden Sie einen Waschhandschuh oder ein Mikrofasertuch und wischen Sie mit geraden Strichen \u00fcber die Lackierung.<br \/>\n<strong>4<\/strong>Absp\u00fclen<br \/>\n<strong>5.<\/strong>\u00a0Willkommen in der Zukunft des Hochglanzes<\/p>\n<p>Purify S verst\u00e4rkt den vorhandenen Lackschutz und verl\u00e4ngert so dessen Haltbarkeit. Es eignet sich aber nat\u00fcrlich auch hervorragend f\u00fcr ungesch\u00fctzte Oberfl\u00e4chen. Der Glanz nimmt innerhalb der ersten Stunde nach der W\u00e4sche allm\u00e4hlich zu. Es ist absolut unbedenklich gegen\u00fcber allen Arten von Wachs- und Keramik-Spr\u00fchversiegelungen. Ideal f\u00fcr gl\u00e4nzenden und matten Lack, gl\u00e4nzende und matte Folien sowie alle Arten von Lackschutzfolien (PPF\/Steinschlagschutzfolie). Erh\u00e4ltlich in zwei angenehmen Duftrichtungen: Original mit einem feinen Orangenduft und Himbeere.<\/p>","protected":false},"excerpt":{"rendered":"<p>Keramik-Autoshampoo, das stark sch\u00e4umt und einen unglaublichen Glanz verleiht. Mischverh\u00e4ltnis 1:1000 und fantastischer Duft!<\/p>","protected":false},"featured_media":27915,"comment_status":"open","ping_status":"closed","template":"","meta":{"_acf_changed":false,"_smort_price_nok":"","_smort_price_dkk":"","_smort_price_eur":"","_smort_sale_price_nok":"","_smort_sale_price_dkk":"","_smort_sale_price_eur":"","smort_restorder":"","shipmondo_restorder":"","_kad_blocks_custom_css":"","_kad_blocks_head_custom_js":"","_kad_blocks_body_custom_js":"","_kad_blocks_footer_custom_js":"","smort_custom_pricelist_1":null,"smort_custom_pricelist_2":null,"smort_custom_pricelist_3":null,"smort_custom_pricelist_4":null,"smort_custom_pricelist_5":null},"anvandningsomrade":[],"bilmarken":[],"product_brand":[2893],"product_cat":[2988,2892,2621,378],"product_tag":[],"class_list":{"0":"post-27913","1":"product","2":"type-product","3":"status-publish","4":"has-post-thumbnail","6":"product_brand-tershine","7":"product_cat-biltvatt","8":"product_cat-retail-produkter","9":"product_cat-bilschampo","10":"product_cat-bilvard","12":"first","13":"onbackorder","14":"taxable","15":"shipping-taxable","16":"purchasable","17":"product-type-variable"},"bundled_by":[],"bundle_stock_status":"onbackorder","bundle_stock_quantity":null,"bundle_virtual":false,"bundle_layout":"","bundle_add_to_cart_form_location":"","bundle_editable_in_cart":false,"bundle_sold_individually_context":"","bundle_item_grouping":"","bundle_min_size":"","bundle_max_size":"","bundle_price":[],"bundled_items":[],"bundle_sell_ids":[],"acf":[],"yoast_head":"<!-- This site is optimized with the Yoast SEO plugin v27.0 - https:\/\/yoast.com\/product\/yoast-seo-wordpress\/ -->\n<title>Tershine Purify S 5 L - Keramiskt bilschampo - Xenonkungen<\/title>\n<meta name=\"robots\" content=\"index, follow, max-snippet:-1, max-image-preview:large, max-video-preview:-1\" \/>\n<link rel=\"canonical\" href=\"https:\/\/xenonkungen.com\/de\/produkt\/tershine-purify-s-5-l-keramik-autoshampoo\/\" \/>\n<meta property=\"og:locale\" content=\"de_DE\" \/>\n<meta property=\"og:type\" content=\"article\" \/>\n<meta property=\"og:title\" content=\"Tershine Purify S 5 L - Keramiskt bilschampo - Xenonkungen\" \/>\n<meta property=\"og:description\" content=\"Keramiskt bilschampo som skummar mycket och ger en helt vansinnig glans. Blandningsf\u00f6rh\u00e5llande 1:1000 och grym doft!\" \/>\n<meta property=\"og:url\" content=\"https:\/\/xenonkungen.com\/de\/produkt\/tershine-purify-s-5-l-keramik-autoshampoo\/\" \/>\n<meta property=\"og:site_name\" content=\"Xenonkungen\" \/>\n<meta property=\"article:modified_time\" content=\"2026-04-24T16:48:30+00:00\" \/>\n<meta property=\"og:image\" content=\"https:\/\/xenonkungen.com\/wp-content\/uploads\/2026\/03\/ZoPbrIg88qhmp43zM7cr3og4v9sQVtUFi5WKeGbl.webp\" \/>\n\t<meta property=\"og:image:width\" content=\"1024\" \/>\n\t<meta property=\"og:image:height\" content=\"1024\" \/>\n\t<meta property=\"og:image:type\" content=\"image\/webp\" \/>\n<meta name=\"twitter:card\" content=\"summary_large_image\" \/>\n<meta name=\"twitter:label1\" content=\"Gesch\u00e4tzte Lesezeit\" \/>\n\t<meta name=\"twitter:data1\" content=\"2\u00a0Minuten\" \/>\n<script type=\"application\/ld+json\" class=\"yoast-schema-graph\">{\"@context\":\"https:\/\/schema.org\",\"@graph\":[{\"@type\":\"WebPage\",\"@id\":\"https:\/\/xenonkungen.com\/produkt\/tershine-purify-s-5-l-keramiskt-bilschampo\/\",\"url\":\"https:\/\/xenonkungen.com\/produkt\/tershine-purify-s-5-l-keramiskt-bilschampo\/\",\"name\":\"Tershine Purify S 5 L - Keramiskt bilschampo - Xenonkungen\",\"isPartOf\":{\"@id\":\"https:\/\/xenonkungen.com\/#website\"},\"primaryImageOfPage\":{\"@id\":\"https:\/\/xenonkungen.com\/produkt\/tershine-purify-s-5-l-keramiskt-bilschampo\/#primaryimage\"},\"image\":{\"@id\":\"https:\/\/xenonkungen.com\/produkt\/tershine-purify-s-5-l-keramiskt-bilschampo\/#primaryimage\"},\"thumbnailUrl\":\"https:\/\/xenonkungen.com\/wp-content\/uploads\/2026\/03\/ZoPbrIg88qhmp43zM7cr3og4v9sQVtUFi5WKeGbl.webp\",\"datePublished\":\"2026-03-16T12:27:56+00:00\",\"dateModified\":\"2026-04-24T16:48:30+00:00\",\"breadcrumb\":{\"@id\":\"https:\/\/xenonkungen.com\/produkt\/tershine-purify-s-5-l-keramiskt-bilschampo\/#breadcrumb\"},\"inLanguage\":\"de\",\"potentialAction\":[{\"@type\":\"ReadAction\",\"target\":[\"https:\/\/xenonkungen.com\/produkt\/tershine-purify-s-5-l-keramiskt-bilschampo\/\"]}]},{\"@type\":\"ImageObject\",\"inLanguage\":\"de\",\"@id\":\"https:\/\/xenonkungen.com\/produkt\/tershine-purify-s-5-l-keramiskt-bilschampo\/#primaryimage\",\"url\":\"https:\/\/xenonkungen.com\/wp-content\/uploads\/2026\/03\/ZoPbrIg88qhmp43zM7cr3og4v9sQVtUFi5WKeGbl.webp\",\"contentUrl\":\"https:\/\/xenonkungen.com\/wp-content\/uploads\/2026\/03\/ZoPbrIg88qhmp43zM7cr3og4v9sQVtUFi5WKeGbl.webp\",\"width\":1024,\"height\":1024},{\"@type\":\"BreadcrumbList\",\"@id\":\"https:\/\/xenonkungen.com\/produkt\/tershine-purify-s-5-l-keramiskt-bilschampo\/#breadcrumb\",\"itemListElement\":[{\"@type\":\"ListItem\",\"position\":1,\"name\":\"Hem\",\"item\":\"https:\/\/xenonkungen.com\/\"},{\"@type\":\"ListItem\",\"position\":2,\"name\":\"Shop\",\"item\":\"https:\/\/xenonkungen.com\/shop\/\"},{\"@type\":\"ListItem\",\"position\":3,\"name\":\"Tershine Purify S 5 L &#8211; Keramiskt bilschampo\"}]},{\"@type\":\"WebSite\",\"@id\":\"https:\/\/xenonkungen.com\/#website\",\"url\":\"https:\/\/xenonkungen.com\/\",\"name\":\"Xenonkungen\",\"description\":\"\",\"potentialAction\":[{\"@type\":\"SearchAction\",\"target\":{\"@type\":\"EntryPoint\",\"urlTemplate\":\"https:\/\/xenonkungen.com\/?s={search_term_string}\"},\"query-input\":{\"@type\":\"PropertyValueSpecification\",\"valueRequired\":true,\"valueName\":\"search_term_string\"}}],\"inLanguage\":\"de\"}]}<\/script>\n<!-- \/ Yoast SEO plugin. -->","yoast_head_json":{"title":"Tershine Purify S 5 L - Keramik-Autoshampoo - Xenonkungen","robots":{"index":"index","follow":"follow","max-snippet":"max-snippet:-1","max-image-preview":"max-image-preview:large","max-video-preview":"max-video-preview:-1"},"canonical":"https:\/\/xenonkungen.com\/de\/produkt\/tershine-purify-s-5-l-keramik-autoshampoo\/","og_locale":"de_DE","og_type":"article","og_title":"Tershine Purify S 5 L - Keramiskt bilschampo - Xenonkungen","og_description":"Keramiskt bilschampo som skummar mycket och ger en helt vansinnig glans. Blandningsf\u00f6rh\u00e5llande 1:1000 och grym doft!","og_url":"https:\/\/xenonkungen.com\/de\/produkt\/tershine-purify-s-5-l-keramik-autoshampoo\/","og_site_name":"Xenonkungen","article_modified_time":"2026-04-24T16:48:30+00:00","og_image":[{"width":1024,"height":1024,"url":"https:\/\/xenonkungen.com\/wp-content\/uploads\/2026\/03\/ZoPbrIg88qhmp43zM7cr3og4v9sQVtUFi5WKeGbl.webp","type":"image\/webp"}],"twitter_card":"summary_large_image","twitter_misc":{"Gesch\u00e4tzte Lesezeit":"2\u00a0Minuten"},"schema":{"@context":"https:\/\/schema.org","@graph":[{"@type":"WebPage","@id":"https:\/\/xenonkungen.com\/produkt\/tershine-purify-s-5-l-keramiskt-bilschampo\/","url":"https:\/\/xenonkungen.com\/produkt\/tershine-purify-s-5-l-keramiskt-bilschampo\/","name":"Tershine Purify S 5 L - Keramik-Autoshampoo - Xenonkungen","isPartOf":{"@id":"https:\/\/xenonkungen.com\/#website"},"primaryImageOfPage":{"@id":"https:\/\/xenonkungen.com\/produkt\/tershine-purify-s-5-l-keramiskt-bilschampo\/#primaryimage"},"image":{"@id":"https:\/\/xenonkungen.com\/produkt\/tershine-purify-s-5-l-keramiskt-bilschampo\/#primaryimage"},"thumbnailUrl":"https:\/\/xenonkungen.com\/wp-content\/uploads\/2026\/03\/ZoPbrIg88qhmp43zM7cr3og4v9sQVtUFi5WKeGbl.webp","datePublished":"2026-03-16T12:27:56+00:00","dateModified":"2026-04-24T16:48:30+00:00","breadcrumb":{"@id":"https:\/\/xenonkungen.com\/produkt\/tershine-purify-s-5-l-keramiskt-bilschampo\/#breadcrumb"},"inLanguage":"de","potentialAction":[{"@type":"ReadAction","target":["https:\/\/xenonkungen.com\/produkt\/tershine-purify-s-5-l-keramiskt-bilschampo\/"]}]},{"@type":"ImageObject","inLanguage":"de","@id":"https:\/\/xenonkungen.com\/produkt\/tershine-purify-s-5-l-keramiskt-bilschampo\/#primaryimage","url":"https:\/\/xenonkungen.com\/wp-content\/uploads\/2026\/03\/ZoPbrIg88qhmp43zM7cr3og4v9sQVtUFi5WKeGbl.webp","contentUrl":"https:\/\/xenonkungen.com\/wp-content\/uploads\/2026\/03\/ZoPbrIg88qhmp43zM7cr3og4v9sQVtUFi5WKeGbl.webp","width":1024,"height":1024},{"@type":"BreadcrumbList","@id":"https:\/\/xenonkungen.com\/produkt\/tershine-purify-s-5-l-keramiskt-bilschampo\/#breadcrumb","itemListElement":[{"@type":"ListItem","position":1,"name":"Hem","item":"https:\/\/xenonkungen.com\/"},{"@type":"ListItem","position":2,"name":"Shop","item":"https:\/\/xenonkungen.com\/shop\/"},{"@type":"ListItem","position":3,"name":"Tershine Purify S 5 L &#8211; Keramiskt bilschampo"}]},{"@type":"WebSite","@id":"https:\/\/xenonkungen.com\/#website","url":"https:\/\/xenonkungen.com\/","name":"Xenonkungen","description":"","potentialAction":[{"@type":"SearchAction","target":{"@type":"EntryPoint","urlTemplate":"https:\/\/xenonkungen.com\/?s={search_term_string}"},"query-input":{"@type":"PropertyValueSpecification","valueRequired":true,"valueName":"search_term_string"}}],"inLanguage":"de"}]}},"taxonomy_info":{"product_brand":[{"value":2893,"label":"Tershine"}],"product_cat":[{"value":2988,"label":"1 | Biltv\u00e4tt"},{"value":2892,"label":"\u00c5terf\u00f6rs\u00e4ljarprodukter"},{"value":2621,"label":"Bilschampo"},{"value":378,"label":"Bilv\u00e5rd"}]},"featured_image_src_large":["https:\/\/xenonkungen.com\/wp-content\/uploads\/2026\/03\/ZoPbrIg88qhmp43zM7cr3og4v9sQVtUFi5WKeGbl.webp",1024,1024,false],"author_info":[],"comment_info":0,"_links":{"self":[{"href":"https:\/\/xenonkungen.com\/de\/wp-json\/wp\/v2\/product\/27913","targetHints":{"allow":["GET"]}}],"collection":[{"href":"https:\/\/xenonkungen.com\/de\/wp-json\/wp\/v2\/product"}],"about":[{"href":"https:\/\/xenonkungen.com\/de\/wp-json\/wp\/v2\/types\/product"}],"replies":[{"embeddable":true,"href":"https:\/\/xenonkungen.com\/de\/wp-json\/wp\/v2\/comments?post=27913"}],"wp:featuredmedia":[{"embeddable":true,"href":"https:\/\/xenonkungen.com\/de\/wp-json\/wp\/v2\/media\/27915"}],"wp:attachment":[{"href":"https:\/\/xenonkungen.com\/de\/wp-json\/wp\/v2\/media?parent=27913"}],"wp:term":[{"taxonomy":"anvandningsomrade","embeddable":true,"href":"https:\/\/xenonkungen.com\/de\/wp-json\/wp\/v2\/anvandningsomrade?post=27913"},{"taxonomy":"bilmarken","embeddable":true,"href":"https:\/\/xenonkungen.com\/de\/wp-json\/wp\/v2\/bilmarken?post=27913"},{"taxonomy":"product_brand","embeddable":true,"href":"https:\/\/xenonkungen.com\/de\/wp-json\/wp\/v2\/product_brand?post=27913"},{"taxonomy":"product_cat","embeddable":true,"href":"https:\/\/xenonkungen.com\/de\/wp-json\/wp\/v2\/product_cat?post=27913"},{"taxonomy":"product_tag","embeddable":true,"href":"https:\/\/xenonkungen.com\/de\/wp-json\/wp\/v2\/product_tag?post=27913"}],"curies":[{"name":"wp","href":"https:\/\/api.w.org\/{rel}","templated":true}]}}