{"id":27927,"date":"2026-03-16T13:45:14","date_gmt":"2026-03-16T12:45:14","guid":{"rendered":"https:\/\/xenonkungen.com\/?post_type=product&#038;p=27927"},"modified":"2026-05-12T14:51:38","modified_gmt":"2026-05-12T13:51:38","slug":"tershine-purify-s-bilschampo-5-l","status":"publish","type":"product","link":"https:\/\/xenonkungen.com\/de\/produkt\/tershine-purify-s-bilschampo-5-l\/","title":{"rendered":"Tershine Purify S+ \u2013 Autoshampoo 5 l"},"content":{"rendered":"<p>Autoshampoo und Lackschutz in einem. Reinigt und bildet einen wasserabweisenden Film in einem Arbeitsgang. Fahrzeugpflege war noch nie so einfach!<\/p>\n<p><strong>Sehr einfach zu bedienen<br \/>\nReinigt und sch\u00fctzt Lack in einem Arbeitsgang<br \/>\nHochglanz<br \/>\nHerrlicher Apfelduft<br \/>\nFunktioniert in Schaumlanze<br \/>\nFrei von PFAS und VOC<\/strong><\/p>\n<p>1.\u00a0H\u00e4ll en skv\u00e4tt i hinken, laborera g\u00e4rna hur mycket ni beh\u00f6ver ha i. Det \u00e4r lite fr\u00e5n bil till bil och produkten har l\u00e4gre blandningsf\u00f6rh\u00e5llanden \u00e4n v\u00e5ra \u00f6vriga schampon. Den blir n\u00e4stan b\u00e4ttre ju mer ni tar. Kan ocks\u00e5 appliceras rent direkt i handske\/duk och p\u00e5 s\u00e5 s\u00e4tt &#8221;masseras&#8221; in och sedan sk\u00f6ljas av.\u00a0<strong><br \/>\n2.\u00a0<\/strong>Den Schaum mit hohem Druck auflockern (bei Bedarf wiederholen).<br \/>\n<strong>3.\u00a0<\/strong>Ziehen Sie den Waschhandschuh\/das Mikrofasertuch in geraden Strichen \u00fcber den Lack des Fahrzeugs.<br \/>\n<strong>4.\u00a0<\/strong>Mit einem hochwertigen Tuch absp\u00fclen und trocken wischen.\u00a0<strong><br \/>\n5.\u00a0<\/strong>Genie\u00dfe den epischen Glanz und das Abflie\u00dfen des Wassers!<\/p>\n<div class=\"o9v6fnle cxmmr5t8 oygrvhab hcukyx3x c1et5uql ii04i59q\">Purify S+ 5000 ml ist ein sogenanntes Keramik-Shampoo mit gr\u00fcnem Apfelduft, das neben der Reinigung f\u00fcr einen wundersch\u00f6nen Glanz sorgt und einen sch\u00fctzenden, wasserabweisenden Film hinterl\u00e4sst! Ideal f\u00fcr alle, die den Lack ihres Fahrzeugs unkompliziert sch\u00fctzen oder einen bestehenden Schutz verst\u00e4rken m\u00f6chten.<\/div>\n<div class=\"o9v6fnle cxmmr5t8 oygrvhab hcukyx3x c1et5uql ii04i59q\">\n<div dir=\"auto\"><\/div>\n<\/div>\n<div class=\"o9v6fnle cxmmr5t8 oygrvhab hcukyx3x c1et5uql ii04i59q\">\n<div dir=\"auto\">Stellen Sie sich Purify S und Refract in einer Flasche vor (oder so \u00e4hnlich)! Nat\u00fcrlich komplett frei von hochfluorierten Substanzen (PFAS) und bedenklichen L\u00f6sungsmitteln etc. Das Mischverh\u00e4ltnis liegt bei 1:250\u20131:500 und es funktioniert hervorragend in einer Schaumpistole. Mit anderen Worten: Ideal f\u00fcr alle mit gro\u00dfen Fahrzeugen wie LKWs, Baggern oder nat\u00fcrlich f\u00fcr ALLE Fahrzeuge!<\/div>\n<\/div>\n<div class=\"o9v6fnle cxmmr5t8 oygrvhab hcukyx3x c1et5uql ii04i59q\">\n<div dir=\"auto\">Der Schaum ist eigentlich ganz okay, aber leider ist das ein Gesetz der \u201eChemikalien\u201c: Abflie\u00dfendes Wasser reduziert den Schaum! Aber es ist in Ordnung, ihn ab und zu im Eimer aufzusch\u00fctteln.<\/div>\n<\/div>\n<div class=\"o9v6fnle cxmmr5t8 oygrvhab hcukyx3x c1et5uql ii04i59q\">\n<div dir=\"auto\">Dieses Produkt ist ideal f\u00fcr alle, die mal keine Zeit f\u00fcr die aufwendige Autow\u00e4sche mit Refract und allen dazugeh\u00f6rigen Schritten haben oder einfach nur ihren bestehenden Schutz, wie z. B. Magnify oder Refract, erhalten m\u00f6chten. Es sorgt f\u00fcr eine hervorragende Wasserableitung, selbst bei komplett abgestorbenem Lack, und verst\u00e4rkt bereits vorhandene Schutzschichten deutlich. Ein perfektes Produkt f\u00fcr Einsteiger und auch f\u00fcr uns erfahrene Autow\u00e4scher, die manchmal einfach keine Zeit f\u00fcr eine gr\u00fcndliche W\u00e4sche mit allen Schritten haben. Es ist zwar ein kleiner Kompromiss, alles in einer Flasche zu haben, aber es ist wirklich mein neuer Favorit, weil es so kinderleicht anzuwenden ist und ein super Ergebnis liefert. Funktioniert hervorragend auf Folierung\/Lackschutzfolie und auch auf Mattlack. Auch super f\u00fcr Boote, Wohnmobile\/Wohnwagen, Jetskis \u2013 ja, es funktioniert praktisch \u00fcberall.<\/div>\n<\/div>\n<div class=\"o9v6fnle cxmmr5t8 oygrvhab hcukyx3x c1et5uql ii04i59q\">\n<div dir=\"auto\">Ein gro\u00dfer Vorteil ist, dass Sie sich keine Sorgen machen m\u00fcssen, wenn sich das Produkt nicht sofort absp\u00fclen l\u00e4sst. Sie k\u00f6nnen Ihr Fahrzeug also ganz entspannt waschen und anschlie\u00dfend absp\u00fclen, genau wie bei unseren anderen Shampoos. Selbstverst\u00e4ndlich f\u00fchren Sie vorher alle \u00fcblichen Schritte wie Entfetten, Felgenreinigung usw. durch. Kurz gesagt: eine ganz normale Autow\u00e4sche.<\/div>\n<div dir=\"auto\"><\/div>\n<div dir=\"auto\"><\/div>\n<div dir=\"auto\">Kann vorteilhaft in einer Schaumpistole verwendet werden. Wie \u00fcblich spielen viele verschiedene Faktoren eine Rolle, daher sollten Sie ruhig experimentieren, bis Sie das richtige Mischverh\u00e4ltnis gefunden haben. Reinigen Sie die Oberfl\u00e4che vor der Anwendung des Entfetters gr\u00fcndlich, duschen Sie ihn anschlie\u00dfend ab und lassen Sie ihn eine Weile einwirken, bevor Sie ihn absp\u00fclen.<\/div>\n<div dir=\"auto\"><\/div>\n<div dir=\"auto\">Zu guter Letzt kann man es auch mit Wasser verd\u00fcnnen und als eine Art Nassanstrich verwenden. Dazu mischt man es in einer leeren Flasche, spr\u00fcht es auf eine saubere Oberfl\u00e4che und sp\u00fclt es wie Refract ab.<\/div>\n<div dir=\"auto\"><\/div>\n<div dir=\"auto\">Sollte der gew\u00fcnschte Effekt ausbleiben, versuchen Sie es einfach mit etwas mehr Produkt. Das klingt vielleicht etwas vage, aber wie bereits erw\u00e4hnt, empfehlen wir Ihnen, das f\u00fcr Sie optimale Verh\u00e4ltnis zu finden. Das Produkt ist biologisch abbaubar und enth\u00e4lt keine hochfluorierten Substanzen (PFAS). Vor direkter Sonneneinstrahlung sch\u00fctzen und das Produkt dunkel und frostfrei lagern.<\/div>\n<div dir=\"auto\"><\/div>\n<div dir=\"auto\"><strong>Duft:<\/strong>\u00a0Gr\u00fcner Apfel<\/div>\n<div dir=\"auto\"><em>Frostfrei lagern.<\/em><\/div>\n<\/div>","protected":false},"excerpt":{"rendered":"<p>Bilschampo och lackskydd i samma produkt. Reng\u00f6r ytan samt skapar en skyddande, vattenavst\u00f6tande hinna. Blandningsf\u00f6rh\u00e5llande 1:250<\/p>","protected":false},"featured_media":27928,"comment_status":"open","ping_status":"closed","template":"","meta":{"_acf_changed":false,"_smort_price_nok":"","_smort_price_dkk":"","_smort_price_eur":"","_smort_sale_price_nok":"","_smort_sale_price_dkk":"","_smort_sale_price_eur":"","smort_restorder":"","shipmondo_restorder":"","_kad_blocks_custom_css":"","_kad_blocks_head_custom_js":"","_kad_blocks_body_custom_js":"","_kad_blocks_footer_custom_js":"","smort_custom_pricelist_1":"831.36","smort_custom_pricelist_2":"831.36","smort_custom_pricelist_3":"831.36","smort_custom_pricelist_4":"1039.2","smort_custom_pricelist_5":"831.36"},"anvandningsomrade":[],"bilmarken":[],"product_brand":[2893],"product_cat":[2988,2892,2621,378],"product_tag":[],"class_list":{"0":"post-27927","1":"product","2":"type-product","3":"status-publish","4":"has-post-thumbnail","6":"product_brand-tershine","7":"product_cat-biltvatt","8":"product_cat-retail-produkter","9":"product_cat-bilschampo","10":"product_cat-bilvard","12":"first","13":"onbackorder","14":"taxable","15":"shipping-taxable","16":"purchasable","17":"product-type-simple"},"bundled_by":[],"bundle_stock_status":"onbackorder","bundle_stock_quantity":0,"bundle_virtual":false,"bundle_layout":"","bundle_add_to_cart_form_location":"","bundle_editable_in_cart":false,"bundle_sold_individually_context":"","bundle_item_grouping":"","bundle_min_size":"","bundle_max_size":"","bundle_price":[],"bundled_items":[],"bundle_sell_ids":[],"acf":[],"yoast_head":"<!-- This site is optimized with the Yoast SEO plugin v27.0 - https:\/\/yoast.com\/product\/yoast-seo-wordpress\/ -->\n<title>Tershine Purify S+ - Bilschampo 5 L - Xenonkungen<\/title>\n<meta name=\"robots\" content=\"index, follow, max-snippet:-1, max-image-preview:large, max-video-preview:-1\" \/>\n<link rel=\"canonical\" href=\"https:\/\/xenonkungen.com\/de\/produkt\/tershine-purify-s-bilschampo-5-l\/\" \/>\n<meta property=\"og:locale\" content=\"de_DE\" \/>\n<meta property=\"og:type\" content=\"article\" \/>\n<meta property=\"og:title\" content=\"Tershine Purify S+ - Bilschampo 5 L - Xenonkungen\" \/>\n<meta property=\"og:description\" content=\"Bilschampo och lackskydd i samma produkt. Reng\u00f6r ytan samt skapar en skyddande, vattenavst\u00f6tande hinna. Blandningsf\u00f6rh\u00e5llande 1:250\" \/>\n<meta property=\"og:url\" content=\"https:\/\/xenonkungen.com\/de\/produkt\/tershine-purify-s-bilschampo-5-l\/\" \/>\n<meta property=\"og:site_name\" content=\"Xenonkungen\" \/>\n<meta property=\"article:modified_time\" content=\"2026-05-12T13:51:38+00:00\" \/>\n<meta property=\"og:image\" content=\"https:\/\/xenonkungen.com\/wp-content\/uploads\/2026\/03\/nDA3rpbGJdhQ3TqQYwnCBiYoOUwLTXFrUsim8Oqx.webp\" \/>\n\t<meta property=\"og:image:width\" content=\"1024\" \/>\n\t<meta property=\"og:image:height\" content=\"1024\" \/>\n\t<meta property=\"og:image:type\" content=\"image\/webp\" \/>\n<meta name=\"twitter:card\" content=\"summary_large_image\" \/>\n<meta name=\"twitter:label1\" content=\"Gesch\u00e4tzte Lesezeit\" \/>\n\t<meta name=\"twitter:data1\" content=\"4\u00a0Minuten\" \/>\n<script type=\"application\/ld+json\" class=\"yoast-schema-graph\">{\"@context\":\"https:\/\/schema.org\",\"@graph\":[{\"@type\":\"WebPage\",\"@id\":\"https:\/\/xenonkungen.com\/produkt\/tershine-purify-s-bilschampo-5-l\/\",\"url\":\"https:\/\/xenonkungen.com\/produkt\/tershine-purify-s-bilschampo-5-l\/\",\"name\":\"Tershine Purify S+ - Bilschampo 5 L - Xenonkungen\",\"isPartOf\":{\"@id\":\"https:\/\/xenonkungen.com\/#website\"},\"primaryImageOfPage\":{\"@id\":\"https:\/\/xenonkungen.com\/produkt\/tershine-purify-s-bilschampo-5-l\/#primaryimage\"},\"image\":{\"@id\":\"https:\/\/xenonkungen.com\/produkt\/tershine-purify-s-bilschampo-5-l\/#primaryimage\"},\"thumbnailUrl\":\"https:\/\/xenonkungen.com\/wp-content\/uploads\/2026\/03\/nDA3rpbGJdhQ3TqQYwnCBiYoOUwLTXFrUsim8Oqx.webp\",\"datePublished\":\"2026-03-16T12:45:14+00:00\",\"dateModified\":\"2026-05-12T13:51:38+00:00\",\"breadcrumb\":{\"@id\":\"https:\/\/xenonkungen.com\/produkt\/tershine-purify-s-bilschampo-5-l\/#breadcrumb\"},\"inLanguage\":\"de\",\"potentialAction\":[{\"@type\":\"ReadAction\",\"target\":[\"https:\/\/xenonkungen.com\/produkt\/tershine-purify-s-bilschampo-5-l\/\"]}]},{\"@type\":\"ImageObject\",\"inLanguage\":\"de\",\"@id\":\"https:\/\/xenonkungen.com\/produkt\/tershine-purify-s-bilschampo-5-l\/#primaryimage\",\"url\":\"https:\/\/xenonkungen.com\/wp-content\/uploads\/2026\/03\/nDA3rpbGJdhQ3TqQYwnCBiYoOUwLTXFrUsim8Oqx.webp\",\"contentUrl\":\"https:\/\/xenonkungen.com\/wp-content\/uploads\/2026\/03\/nDA3rpbGJdhQ3TqQYwnCBiYoOUwLTXFrUsim8Oqx.webp\",\"width\":1024,\"height\":1024},{\"@type\":\"BreadcrumbList\",\"@id\":\"https:\/\/xenonkungen.com\/produkt\/tershine-purify-s-bilschampo-5-l\/#breadcrumb\",\"itemListElement\":[{\"@type\":\"ListItem\",\"position\":1,\"name\":\"Hem\",\"item\":\"https:\/\/xenonkungen.com\/\"},{\"@type\":\"ListItem\",\"position\":2,\"name\":\"Shop\",\"item\":\"https:\/\/xenonkungen.com\/shop\/\"},{\"@type\":\"ListItem\",\"position\":3,\"name\":\"Tershine Purify S+ &#8211; Bilschampo 5 L\"}]},{\"@type\":\"WebSite\",\"@id\":\"https:\/\/xenonkungen.com\/#website\",\"url\":\"https:\/\/xenonkungen.com\/\",\"name\":\"Xenonkungen\",\"description\":\"\",\"potentialAction\":[{\"@type\":\"SearchAction\",\"target\":{\"@type\":\"EntryPoint\",\"urlTemplate\":\"https:\/\/xenonkungen.com\/?s={search_term_string}\"},\"query-input\":{\"@type\":\"PropertyValueSpecification\",\"valueRequired\":true,\"valueName\":\"search_term_string\"}}],\"inLanguage\":\"de\"}]}<\/script>\n<!-- \/ Yoast SEO plugin. -->","yoast_head_json":{"title":"Tershine Purify S+ - Autoshampoo 5 L - Der Xenon-K\u00f6nig","robots":{"index":"index","follow":"follow","max-snippet":"max-snippet:-1","max-image-preview":"max-image-preview:large","max-video-preview":"max-video-preview:-1"},"canonical":"https:\/\/xenonkungen.com\/de\/produkt\/tershine-purify-s-bilschampo-5-l\/","og_locale":"de_DE","og_type":"article","og_title":"Tershine Purify S+ - Bilschampo 5 L - Xenonkungen","og_description":"Bilschampo och lackskydd i samma produkt. Reng\u00f6r ytan samt skapar en skyddande, vattenavst\u00f6tande hinna. Blandningsf\u00f6rh\u00e5llande 1:250","og_url":"https:\/\/xenonkungen.com\/de\/produkt\/tershine-purify-s-bilschampo-5-l\/","og_site_name":"Xenonkungen","article_modified_time":"2026-05-12T13:51:38+00:00","og_image":[{"width":1024,"height":1024,"url":"https:\/\/xenonkungen.com\/wp-content\/uploads\/2026\/03\/nDA3rpbGJdhQ3TqQYwnCBiYoOUwLTXFrUsim8Oqx.webp","type":"image\/webp"}],"twitter_card":"summary_large_image","twitter_misc":{"Gesch\u00e4tzte Lesezeit":"4\u00a0Minuten"},"schema":{"@context":"https:\/\/schema.org","@graph":[{"@type":"WebPage","@id":"https:\/\/xenonkungen.com\/produkt\/tershine-purify-s-bilschampo-5-l\/","url":"https:\/\/xenonkungen.com\/produkt\/tershine-purify-s-bilschampo-5-l\/","name":"Tershine Purify S+ - Autoshampoo 5 L - Der Xenon-K\u00f6nig","isPartOf":{"@id":"https:\/\/xenonkungen.com\/#website"},"primaryImageOfPage":{"@id":"https:\/\/xenonkungen.com\/produkt\/tershine-purify-s-bilschampo-5-l\/#primaryimage"},"image":{"@id":"https:\/\/xenonkungen.com\/produkt\/tershine-purify-s-bilschampo-5-l\/#primaryimage"},"thumbnailUrl":"https:\/\/xenonkungen.com\/wp-content\/uploads\/2026\/03\/nDA3rpbGJdhQ3TqQYwnCBiYoOUwLTXFrUsim8Oqx.webp","datePublished":"2026-03-16T12:45:14+00:00","dateModified":"2026-05-12T13:51:38+00:00","breadcrumb":{"@id":"https:\/\/xenonkungen.com\/produkt\/tershine-purify-s-bilschampo-5-l\/#breadcrumb"},"inLanguage":"de","potentialAction":[{"@type":"ReadAction","target":["https:\/\/xenonkungen.com\/produkt\/tershine-purify-s-bilschampo-5-l\/"]}]},{"@type":"ImageObject","inLanguage":"de","@id":"https:\/\/xenonkungen.com\/produkt\/tershine-purify-s-bilschampo-5-l\/#primaryimage","url":"https:\/\/xenonkungen.com\/wp-content\/uploads\/2026\/03\/nDA3rpbGJdhQ3TqQYwnCBiYoOUwLTXFrUsim8Oqx.webp","contentUrl":"https:\/\/xenonkungen.com\/wp-content\/uploads\/2026\/03\/nDA3rpbGJdhQ3TqQYwnCBiYoOUwLTXFrUsim8Oqx.webp","width":1024,"height":1024},{"@type":"BreadcrumbList","@id":"https:\/\/xenonkungen.com\/produkt\/tershine-purify-s-bilschampo-5-l\/#breadcrumb","itemListElement":[{"@type":"ListItem","position":1,"name":"Hem","item":"https:\/\/xenonkungen.com\/"},{"@type":"ListItem","position":2,"name":"Shop","item":"https:\/\/xenonkungen.com\/shop\/"},{"@type":"ListItem","position":3,"name":"Tershine Purify S+ &#8211; Bilschampo 5 L"}]},{"@type":"WebSite","@id":"https:\/\/xenonkungen.com\/#website","url":"https:\/\/xenonkungen.com\/","name":"Xenonkungen","description":"","potentialAction":[{"@type":"SearchAction","target":{"@type":"EntryPoint","urlTemplate":"https:\/\/xenonkungen.com\/?s={search_term_string}"},"query-input":{"@type":"PropertyValueSpecification","valueRequired":true,"valueName":"search_term_string"}}],"inLanguage":"de"}]}},"taxonomy_info":{"product_brand":[{"value":2893,"label":"Tershine"}],"product_cat":[{"value":2988,"label":"1 | Biltv\u00e4tt"},{"value":2892,"label":"\u00c5terf\u00f6rs\u00e4ljarprodukter"},{"value":2621,"label":"Bilschampo"},{"value":378,"label":"Bilv\u00e5rd"}]},"featured_image_src_large":["https:\/\/xenonkungen.com\/wp-content\/uploads\/2026\/03\/nDA3rpbGJdhQ3TqQYwnCBiYoOUwLTXFrUsim8Oqx.webp",1024,1024,false],"author_info":[],"comment_info":0,"_links":{"self":[{"href":"https:\/\/xenonkungen.com\/de\/wp-json\/wp\/v2\/product\/27927","targetHints":{"allow":["GET"]}}],"collection":[{"href":"https:\/\/xenonkungen.com\/de\/wp-json\/wp\/v2\/product"}],"about":[{"href":"https:\/\/xenonkungen.com\/de\/wp-json\/wp\/v2\/types\/product"}],"replies":[{"embeddable":true,"href":"https:\/\/xenonkungen.com\/de\/wp-json\/wp\/v2\/comments?post=27927"}],"wp:featuredmedia":[{"embeddable":true,"href":"https:\/\/xenonkungen.com\/de\/wp-json\/wp\/v2\/media\/27928"}],"wp:attachment":[{"href":"https:\/\/xenonkungen.com\/de\/wp-json\/wp\/v2\/media?parent=27927"}],"wp:term":[{"taxonomy":"anvandningsomrade","embeddable":true,"href":"https:\/\/xenonkungen.com\/de\/wp-json\/wp\/v2\/anvandningsomrade?post=27927"},{"taxonomy":"bilmarken","embeddable":true,"href":"https:\/\/xenonkungen.com\/de\/wp-json\/wp\/v2\/bilmarken?post=27927"},{"taxonomy":"product_brand","embeddable":true,"href":"https:\/\/xenonkungen.com\/de\/wp-json\/wp\/v2\/product_brand?post=27927"},{"taxonomy":"product_cat","embeddable":true,"href":"https:\/\/xenonkungen.com\/de\/wp-json\/wp\/v2\/product_cat?post=27927"},{"taxonomy":"product_tag","embeddable":true,"href":"https:\/\/xenonkungen.com\/de\/wp-json\/wp\/v2\/product_tag?post=27927"}],"curies":[{"name":"wp","href":"https:\/\/api.w.org\/{rel}","templated":true}]}}