{"id":27940,"date":"2026-03-16T14:03:14","date_gmt":"2026-03-16T13:03:14","guid":{"rendered":"https:\/\/xenonkungen.com\/?post_type=product&#038;p=27940"},"modified":"2026-04-24T17:48:36","modified_gmt":"2026-04-24T16:48:36","slug":"tershine-refract-keramik-spruhfarbe-schutzlack-500-ml-v4","status":"publish","type":"product","link":"https:\/\/xenonkungen.com\/de\/produkt\/tershine-refract-keramik-spruhfarbe-schutzlack-500-ml-v4\/","title":{"rendered":"Tershine Refract \u2013 Keramik-Spr\u00fchlackversiegelung 500 ml V4"},"content":{"rendered":"<p><span style=\"color: #050505; font-family: Helvetica;\">Refract \u2013 Keramik-Spr\u00fchlackversiegelung V4 ist die neueste Generation der Keramik-Spr\u00fchlackversiegelung, die fantastischen Glanz und Schutz bietet. Sie ist sehr einfach anzuwenden und sorgt f\u00fcr eine superhydrophobe Oberfl\u00e4che sowie guten Schutz vor Witterungseinfl\u00fcssen und Wind.\u00a0<\/span><\/p>\n<p>Hervorragender Spr\u00fchlackschutz, der sich extrem einfach auftragen l\u00e4sst und f\u00fcr alle Fahrzeugtypen geeignet ist. Hinterl\u00e4sst eine Schutzschicht mit hervorragender Wasserabperlf\u00e4higkeit und extrem hohem Glanz. Kann bei Bedarf in mehreren Schichten aufgetragen werden.<\/p>\n<p><strong>Erzeugt fantastischen Glanz und Abfluss<br \/>\nLang anhaltender Schutz\u00a0<\/strong><br \/>\n<strong>Sehr einfach anzuwenden<br \/>\nH\u00e4rtet sehr schnell aus<br \/>\nSehr gut<br \/>\nVerd\u00fcnnbar bis zu 1:10<br \/>\nPiktogrammfrei<br \/>\nAntistatisch<br \/>\n<\/strong><br \/>\n<strong>Anwendung von Refract \u2013 Keramik-Spr\u00fchlackschutz v4:\u00a0<\/strong><\/p>\n<p><strong>1.<\/strong><span style=\"color: #050505; font-family: Helvetica;\"><span class=\"Apple-converted-space\">\u00a0<\/span>Waschen Sie das Auto mit einem Shampoo Ihrer Wahl, zum Beispiel mit Purify oder Purify S \u2013 Autoshampoo.<\/span><br \/>\n<strong>2.<\/strong><span style=\"color: #050505; font-family: Helvetica;\"><span class=\"Apple-converted-space\">\u00a0<\/span>Trocknen Sie das Auto mit einem unserer Trockent\u00fccher.<\/span><br \/>\n<strong>3.<\/strong><span style=\"color: #050505; font-family: Helvetica;\"><span class=\"Apple-converted-space\">\u00a0<\/span>Refract mit ein paar Spritzern Wasser auf ein Mikrofasertuch geben und fl\u00e4chig verteilen. Das Tuch umdrehen und die Oberfl\u00e4che abwischen. Am besten zwei T\u00fccher verwenden: eines zum Auftragen und eines zum Abwischen.<\/span><br \/>\n<strong>4.<span class=\"Apple-converted-space\">\u00a0<\/span><\/strong><span style=\"color: #050505; font-family: Helvetica;\">Genie\u00dfe den unglaublichen Glanz und den optimalen Schutz.<\/span><\/p>\n<p><span style=\"color: #050505; font-family: Helvetica;\"><strong>Was ist Refract \u2013 Keramik-Spr\u00fchlackschutz?<\/strong><\/p>\n<p>Refract ist ein keramischer Lackschutzspray, der sich sehr einfach anwenden l\u00e4sst. Er hinterl\u00e4sst einen Schutzfilm und verleiht Ihrem Fahrzeug langanhaltend einen magischen Glanz und einen optimalen Lackablauf.\u00a0<\/span><span style=\"color: #050505; font-family: Helvetica;\"><\/p>\n<p><strong>Tipps vom Trainer:<\/strong><\/span><\/p>\n<p><span style=\"color: #050505; font-family: Helvetica;\">Weniger ist mehr. Verwenden Sie zwei T\u00fccher: eines zum Auftragen und eines zum Abwischen. Vermeiden Sie unbedingt direkte Sonneneinstrahlung und die Anwendung auf hei\u00dfen Oberfl\u00e4chen. Sie k\u00f6nnen das Produkt gerne auf nassen Oberfl\u00e4chen, Trockengestellen, nassen M\u00e4nteln usw. testen.\u00a0<\/span><\/p>\n<p>Unterliegt keiner Kennzeichnungspflicht!<\/p>\n<p><strong>Enth\u00e4lt<\/strong>Butylglykol, Butyldiglykol, Aminosilixan, Glucons\u00e4ure.<\/p>","protected":false},"excerpt":{"rendered":"<p>Die neueste Generation keramischer Spr\u00fchlackversiegelung sorgt f\u00fcr fantastischen Glanz und optimalen Schutz. Sie l\u00e4sst sich sehr einfach auftragen und bietet eine superhydrophobe Oberfl\u00e4che sowie guten Schutz vor Witterungseinfl\u00fcssen.<\/p>","protected":false},"featured_media":27942,"comment_status":"open","ping_status":"closed","template":"","meta":{"_acf_changed":false,"_smort_price_nok":"","_smort_price_dkk":"","_smort_price_eur":"","_smort_sale_price_nok":"","_smort_sale_price_dkk":"","_smort_sale_price_eur":"","smort_restorder":"","shipmondo_restorder":"","_kad_blocks_custom_css":"","_kad_blocks_head_custom_js":"","_kad_blocks_body_custom_js":"","_kad_blocks_footer_custom_js":"","smort_custom_pricelist_1":"191.36","smort_custom_pricelist_2":"191.36","smort_custom_pricelist_3":"191.36","smort_custom_pricelist_4":"239.2","smort_custom_pricelist_5":"191.36"},"anvandningsomrade":[],"bilmarken":[],"product_brand":[2893],"product_cat":[2614,2892,378],"product_tag":[],"class_list":{"0":"post-27940","1":"product","2":"type-product","3":"status-publish","4":"has-post-thumbnail","6":"product_brand-tershine","7":"product_cat-lackskydd","8":"product_cat-retail-produkter","9":"product_cat-bilvard","11":"first","12":"instock","13":"taxable","14":"shipping-taxable","15":"purchasable","16":"product-type-simple"},"bundled_by":[],"bundle_stock_status":"instock","bundle_stock_quantity":10,"bundle_virtual":false,"bundle_layout":"","bundle_add_to_cart_form_location":"","bundle_editable_in_cart":false,"bundle_sold_individually_context":"","bundle_item_grouping":"","bundle_min_size":"","bundle_max_size":"","bundle_price":[],"bundled_items":[],"bundle_sell_ids":[],"acf":[],"yoast_head":"<!-- This site is optimized with the Yoast SEO plugin v27.0 - https:\/\/yoast.com\/product\/yoast-seo-wordpress\/ -->\n<title>Tershine Refract - Keramiskt spraylackskydd 500 ml V4 - Xenonkungen<\/title>\n<meta name=\"robots\" content=\"index, follow, max-snippet:-1, max-image-preview:large, max-video-preview:-1\" \/>\n<link rel=\"canonical\" href=\"https:\/\/xenonkungen.com\/de\/produkt\/tershine-refract-keramik-spruhfarbe-schutzlack-500-ml-v4\/\" \/>\n<meta property=\"og:locale\" content=\"de_DE\" \/>\n<meta property=\"og:type\" content=\"article\" \/>\n<meta property=\"og:title\" content=\"Tershine Refract - Keramiskt spraylackskydd 500 ml V4 - Xenonkungen\" \/>\n<meta property=\"og:description\" content=\"Den senaste generationens keramiska spraylackskydd som ger fantastisk glans och skydd. Mycket enkel applicering och ger en superhydrofobisk yta samt ett bra skydd mot v\u00e4der och vind.\" \/>\n<meta property=\"og:url\" content=\"https:\/\/xenonkungen.com\/de\/produkt\/tershine-refract-keramik-spruhfarbe-schutzlack-500-ml-v4\/\" \/>\n<meta property=\"og:site_name\" content=\"Xenonkungen\" \/>\n<meta property=\"article:modified_time\" content=\"2026-04-24T16:48:36+00:00\" \/>\n<meta property=\"og:image\" content=\"https:\/\/xenonkungen.com\/wp-content\/uploads\/2026\/03\/htYZFyScBqu7FnAKiPbl5AsvPjGOTV93JpnFrooz.webp\" \/>\n\t<meta property=\"og:image:width\" content=\"1024\" \/>\n\t<meta property=\"og:image:height\" content=\"1024\" \/>\n\t<meta property=\"og:image:type\" content=\"image\/webp\" \/>\n<meta name=\"twitter:card\" content=\"summary_large_image\" \/>\n<meta name=\"twitter:label1\" content=\"Gesch\u00e4tzte Lesezeit\" \/>\n\t<meta name=\"twitter:data1\" content=\"2\u00a0Minuten\" \/>\n<script type=\"application\/ld+json\" class=\"yoast-schema-graph\">{\"@context\":\"https:\/\/schema.org\",\"@graph\":[{\"@type\":\"WebPage\",\"@id\":\"https:\/\/xenonkungen.com\/produkt\/tershine-refract-keramiskt-spraylackskydd-500-ml-v4\/\",\"url\":\"https:\/\/xenonkungen.com\/produkt\/tershine-refract-keramiskt-spraylackskydd-500-ml-v4\/\",\"name\":\"Tershine Refract - Keramiskt spraylackskydd 500 ml V4 - Xenonkungen\",\"isPartOf\":{\"@id\":\"https:\/\/xenonkungen.com\/#website\"},\"primaryImageOfPage\":{\"@id\":\"https:\/\/xenonkungen.com\/produkt\/tershine-refract-keramiskt-spraylackskydd-500-ml-v4\/#primaryimage\"},\"image\":{\"@id\":\"https:\/\/xenonkungen.com\/produkt\/tershine-refract-keramiskt-spraylackskydd-500-ml-v4\/#primaryimage\"},\"thumbnailUrl\":\"https:\/\/xenonkungen.com\/wp-content\/uploads\/2026\/03\/htYZFyScBqu7FnAKiPbl5AsvPjGOTV93JpnFrooz.webp\",\"datePublished\":\"2026-03-16T13:03:14+00:00\",\"dateModified\":\"2026-04-24T16:48:36+00:00\",\"breadcrumb\":{\"@id\":\"https:\/\/xenonkungen.com\/produkt\/tershine-refract-keramiskt-spraylackskydd-500-ml-v4\/#breadcrumb\"},\"inLanguage\":\"de\",\"potentialAction\":[{\"@type\":\"ReadAction\",\"target\":[\"https:\/\/xenonkungen.com\/produkt\/tershine-refract-keramiskt-spraylackskydd-500-ml-v4\/\"]}]},{\"@type\":\"ImageObject\",\"inLanguage\":\"de\",\"@id\":\"https:\/\/xenonkungen.com\/produkt\/tershine-refract-keramiskt-spraylackskydd-500-ml-v4\/#primaryimage\",\"url\":\"https:\/\/xenonkungen.com\/wp-content\/uploads\/2026\/03\/htYZFyScBqu7FnAKiPbl5AsvPjGOTV93JpnFrooz.webp\",\"contentUrl\":\"https:\/\/xenonkungen.com\/wp-content\/uploads\/2026\/03\/htYZFyScBqu7FnAKiPbl5AsvPjGOTV93JpnFrooz.webp\",\"width\":1024,\"height\":1024},{\"@type\":\"BreadcrumbList\",\"@id\":\"https:\/\/xenonkungen.com\/produkt\/tershine-refract-keramiskt-spraylackskydd-500-ml-v4\/#breadcrumb\",\"itemListElement\":[{\"@type\":\"ListItem\",\"position\":1,\"name\":\"Hem\",\"item\":\"https:\/\/xenonkungen.com\/\"},{\"@type\":\"ListItem\",\"position\":2,\"name\":\"Shop\",\"item\":\"https:\/\/xenonkungen.com\/shop\/\"},{\"@type\":\"ListItem\",\"position\":3,\"name\":\"Tershine Refract &#8211; Keramiskt spraylackskydd 500 ml V4\"}]},{\"@type\":\"WebSite\",\"@id\":\"https:\/\/xenonkungen.com\/#website\",\"url\":\"https:\/\/xenonkungen.com\/\",\"name\":\"Xenonkungen\",\"description\":\"\",\"potentialAction\":[{\"@type\":\"SearchAction\",\"target\":{\"@type\":\"EntryPoint\",\"urlTemplate\":\"https:\/\/xenonkungen.com\/?s={search_term_string}\"},\"query-input\":{\"@type\":\"PropertyValueSpecification\",\"valueRequired\":true,\"valueName\":\"search_term_string\"}}],\"inLanguage\":\"de\"}]}<\/script>\n<!-- \/ Yoast SEO plugin. -->","yoast_head_json":{"title":"Tershine Refract - Keramik-Spr\u00fchlackversiegelung 500 ml V4 - Xenonkungen","robots":{"index":"index","follow":"follow","max-snippet":"max-snippet:-1","max-image-preview":"max-image-preview:large","max-video-preview":"max-video-preview:-1"},"canonical":"https:\/\/xenonkungen.com\/de\/produkt\/tershine-refract-keramik-spruhfarbe-schutzlack-500-ml-v4\/","og_locale":"de_DE","og_type":"article","og_title":"Tershine Refract - Keramiskt spraylackskydd 500 ml V4 - Xenonkungen","og_description":"Den senaste generationens keramiska spraylackskydd som ger fantastisk glans och skydd. Mycket enkel applicering och ger en superhydrofobisk yta samt ett bra skydd mot v\u00e4der och vind.","og_url":"https:\/\/xenonkungen.com\/de\/produkt\/tershine-refract-keramik-spruhfarbe-schutzlack-500-ml-v4\/","og_site_name":"Xenonkungen","article_modified_time":"2026-04-24T16:48:36+00:00","og_image":[{"width":1024,"height":1024,"url":"https:\/\/xenonkungen.com\/wp-content\/uploads\/2026\/03\/htYZFyScBqu7FnAKiPbl5AsvPjGOTV93JpnFrooz.webp","type":"image\/webp"}],"twitter_card":"summary_large_image","twitter_misc":{"Gesch\u00e4tzte Lesezeit":"2\u00a0Minuten"},"schema":{"@context":"https:\/\/schema.org","@graph":[{"@type":"WebPage","@id":"https:\/\/xenonkungen.com\/produkt\/tershine-refract-keramiskt-spraylackskydd-500-ml-v4\/","url":"https:\/\/xenonkungen.com\/produkt\/tershine-refract-keramiskt-spraylackskydd-500-ml-v4\/","name":"Tershine Refract - Keramik-Spr\u00fchlackversiegelung 500 ml V4 - Xenonkungen","isPartOf":{"@id":"https:\/\/xenonkungen.com\/#website"},"primaryImageOfPage":{"@id":"https:\/\/xenonkungen.com\/produkt\/tershine-refract-keramiskt-spraylackskydd-500-ml-v4\/#primaryimage"},"image":{"@id":"https:\/\/xenonkungen.com\/produkt\/tershine-refract-keramiskt-spraylackskydd-500-ml-v4\/#primaryimage"},"thumbnailUrl":"https:\/\/xenonkungen.com\/wp-content\/uploads\/2026\/03\/htYZFyScBqu7FnAKiPbl5AsvPjGOTV93JpnFrooz.webp","datePublished":"2026-03-16T13:03:14+00:00","dateModified":"2026-04-24T16:48:36+00:00","breadcrumb":{"@id":"https:\/\/xenonkungen.com\/produkt\/tershine-refract-keramiskt-spraylackskydd-500-ml-v4\/#breadcrumb"},"inLanguage":"de","potentialAction":[{"@type":"ReadAction","target":["https:\/\/xenonkungen.com\/produkt\/tershine-refract-keramiskt-spraylackskydd-500-ml-v4\/"]}]},{"@type":"ImageObject","inLanguage":"de","@id":"https:\/\/xenonkungen.com\/produkt\/tershine-refract-keramiskt-spraylackskydd-500-ml-v4\/#primaryimage","url":"https:\/\/xenonkungen.com\/wp-content\/uploads\/2026\/03\/htYZFyScBqu7FnAKiPbl5AsvPjGOTV93JpnFrooz.webp","contentUrl":"https:\/\/xenonkungen.com\/wp-content\/uploads\/2026\/03\/htYZFyScBqu7FnAKiPbl5AsvPjGOTV93JpnFrooz.webp","width":1024,"height":1024},{"@type":"BreadcrumbList","@id":"https:\/\/xenonkungen.com\/produkt\/tershine-refract-keramiskt-spraylackskydd-500-ml-v4\/#breadcrumb","itemListElement":[{"@type":"ListItem","position":1,"name":"Hem","item":"https:\/\/xenonkungen.com\/"},{"@type":"ListItem","position":2,"name":"Shop","item":"https:\/\/xenonkungen.com\/shop\/"},{"@type":"ListItem","position":3,"name":"Tershine Refract &#8211; Keramiskt spraylackskydd 500 ml V4"}]},{"@type":"WebSite","@id":"https:\/\/xenonkungen.com\/#website","url":"https:\/\/xenonkungen.com\/","name":"Xenonkungen","description":"","potentialAction":[{"@type":"SearchAction","target":{"@type":"EntryPoint","urlTemplate":"https:\/\/xenonkungen.com\/?s={search_term_string}"},"query-input":{"@type":"PropertyValueSpecification","valueRequired":true,"valueName":"search_term_string"}}],"inLanguage":"de"}]}},"taxonomy_info":{"product_brand":[{"value":2893,"label":"Tershine"}],"product_cat":[{"value":2614,"label":"4 | Bilvax &amp; Lackskydd"},{"value":2892,"label":"\u00c5terf\u00f6rs\u00e4ljarprodukter"},{"value":378,"label":"Bilv\u00e5rd"}]},"featured_image_src_large":["https:\/\/xenonkungen.com\/wp-content\/uploads\/2026\/03\/htYZFyScBqu7FnAKiPbl5AsvPjGOTV93JpnFrooz.webp",1024,1024,false],"author_info":[],"comment_info":0,"_links":{"self":[{"href":"https:\/\/xenonkungen.com\/de\/wp-json\/wp\/v2\/product\/27940","targetHints":{"allow":["GET"]}}],"collection":[{"href":"https:\/\/xenonkungen.com\/de\/wp-json\/wp\/v2\/product"}],"about":[{"href":"https:\/\/xenonkungen.com\/de\/wp-json\/wp\/v2\/types\/product"}],"replies":[{"embeddable":true,"href":"https:\/\/xenonkungen.com\/de\/wp-json\/wp\/v2\/comments?post=27940"}],"wp:featuredmedia":[{"embeddable":true,"href":"https:\/\/xenonkungen.com\/de\/wp-json\/wp\/v2\/media\/27942"}],"wp:attachment":[{"href":"https:\/\/xenonkungen.com\/de\/wp-json\/wp\/v2\/media?parent=27940"}],"wp:term":[{"taxonomy":"anvandningsomrade","embeddable":true,"href":"https:\/\/xenonkungen.com\/de\/wp-json\/wp\/v2\/anvandningsomrade?post=27940"},{"taxonomy":"bilmarken","embeddable":true,"href":"https:\/\/xenonkungen.com\/de\/wp-json\/wp\/v2\/bilmarken?post=27940"},{"taxonomy":"product_brand","embeddable":true,"href":"https:\/\/xenonkungen.com\/de\/wp-json\/wp\/v2\/product_brand?post=27940"},{"taxonomy":"product_cat","embeddable":true,"href":"https:\/\/xenonkungen.com\/de\/wp-json\/wp\/v2\/product_cat?post=27940"},{"taxonomy":"product_tag","embeddable":true,"href":"https:\/\/xenonkungen.com\/de\/wp-json\/wp\/v2\/product_tag?post=27940"}],"curies":[{"name":"wp","href":"https:\/\/api.w.org\/{rel}","templated":true}]}}