{"id":27961,"date":"2026-03-16T14:18:18","date_gmt":"2026-03-16T13:18:18","guid":{"rendered":"https:\/\/xenonkungen.com\/?post_type=product&#038;p=27961"},"modified":"2026-05-12T14:50:33","modified_gmt":"2026-05-12T13:50:33","slug":"tershine-rekondpenslar-premium","status":"publish","type":"product","link":"https:\/\/xenonkungen.com\/de\/produkt\/tershine-rekondpenslar-premium\/","title":{"rendered":"Tershine Recond Pinsel Premium"},"content":{"rendered":"<p>Eine vielseitige Reinigungsb\u00fcrste mit drei verschiedenen B\u00fcrstenk\u00f6pfen \u2013 superweich, weich und mittelhart \u2013, die sich leicht auf- und abschrauben lassen.<\/p>\n<p>F\u00fcr optimale Pr\u00e4zision sind alle drei B\u00fcrsten mit der gleichen Dichte und L\u00e4nge ausgestattet. Der Unterschied liegt im Material der Borsten (Superweich \/ Weich \/ Mittel), sodass Sie ganz einfach die passende Variante f\u00fcr Ihre jeweilige Aufgabe ausw\u00e4hlen k\u00f6nnen, ohne Kompromisse bei Haptik und Kontrolle eingehen zu m\u00fcssen.<\/p>\n<p><strong>Unverzichtbar f\u00fcr die gr\u00fcndliche Reinigung des Innenraums<br \/>\nDrei verschiedene B\u00fcrstenk\u00f6pfe<br \/>\nChemikalienbest\u00e4ndig<br \/>\nHohe Qualit\u00e4t<br \/>\nViele Anwendungsbereiche<\/strong><\/p>\n<p data-start=\"101\" data-end=\"390\">Der Griff verf\u00fcgt \u00fcber eine strapazierf\u00e4hige Gummibeschichtung f\u00fcr guten Halt, einen eingebauten Magneten zum einfachen Aufh\u00e4ngen und die B\u00fcrstenk\u00f6pfe sind mit einer cleveren Kante versehen, die ein Wegrollen der B\u00fcrste verhindert.<\/p>\n<p data-start=\"392\" data-end=\"551\">Ideal f\u00fcr die gr\u00fcndliche Reinigung von Innenraumdetails, Felgen und Motorr\u00e4umen.<\/p>\n<p data-start=\"553\" data-end=\"694\">Kann gerne kombiniert werden mit\u00a0<strong data-start=\"573\" data-end=\"599\">APC \u2013 Innenraumreiniger<\/strong>\u00a0f\u00fcr den Innenraum oder\u00a0<strong data-start=\"621\" data-end=\"646\">Relive \u2013 Eisenentferner<\/strong>\u00a0f\u00fcr die Felgen, f\u00fcr ein wirklich tolles Ergebnis.<\/p>\n<p>Geliefert in einem ordentlichen Karton!<\/p>","protected":false},"excerpt":{"rendered":"<p>En m\u00e5ngsidig rekondpensel med tre olika borsthuvuden \u2013 supermjukt, mjukt och medelh\u00e5rt som enkelt skruvas av och p\u00e5.<\/p>","protected":false},"featured_media":27958,"comment_status":"open","ping_status":"closed","template":"","meta":{"_acf_changed":false,"_smort_price_nok":"","_smort_price_dkk":"","_smort_price_eur":"","_smort_sale_price_nok":"","_smort_sale_price_dkk":"","_smort_sale_price_eur":"","smort_restorder":"","shipmondo_restorder":"","_kad_blocks_custom_css":"","_kad_blocks_head_custom_js":"","_kad_blocks_body_custom_js":"","_kad_blocks_footer_custom_js":"","smort_custom_pricelist_1":"178.56","smort_custom_pricelist_2":"178.56","smort_custom_pricelist_3":"178.56","smort_custom_pricelist_4":"223.2","smort_custom_pricelist_5":"178.56"},"anvandningsomrade":[],"bilmarken":[],"product_brand":[2893],"product_cat":[2988,2450,2892,378],"product_tag":[],"class_list":{"0":"post-27961","1":"product","2":"type-product","3":"status-publish","4":"has-post-thumbnail","6":"product_brand-tershine","7":"product_cat-biltvatt","8":"product_cat-tillbehor-bilvard","9":"product_cat-retail-produkter","10":"product_cat-bilvard","12":"first","13":"onbackorder","14":"taxable","15":"shipping-taxable","16":"purchasable","17":"product-type-simple"},"bundled_by":[],"bundle_stock_status":"onbackorder","bundle_stock_quantity":0,"bundle_virtual":false,"bundle_layout":"","bundle_add_to_cart_form_location":"","bundle_editable_in_cart":false,"bundle_sold_individually_context":"","bundle_item_grouping":"","bundle_min_size":"","bundle_max_size":"","bundle_price":[],"bundled_items":[],"bundle_sell_ids":[],"acf":[],"yoast_head":"<!-- This site is optimized with the Yoast SEO plugin v27.0 - https:\/\/yoast.com\/product\/yoast-seo-wordpress\/ -->\n<title>Tershine Rekondpenslar Premium - Xenonkungen<\/title>\n<meta name=\"robots\" content=\"index, follow, max-snippet:-1, max-image-preview:large, max-video-preview:-1\" \/>\n<link rel=\"canonical\" href=\"https:\/\/xenonkungen.com\/de\/produkt\/tershine-rekondpenslar-premium\/\" \/>\n<meta property=\"og:locale\" content=\"de_DE\" \/>\n<meta property=\"og:type\" content=\"article\" \/>\n<meta property=\"og:title\" content=\"Tershine Rekondpenslar Premium - Xenonkungen\" \/>\n<meta property=\"og:description\" content=\"En m\u00e5ngsidig rekondpensel med tre olika borsthuvuden \u2013 supermjukt, mjukt och medelh\u00e5rt som enkelt skruvas av och p\u00e5.\" \/>\n<meta property=\"og:url\" content=\"https:\/\/xenonkungen.com\/de\/produkt\/tershine-rekondpenslar-premium\/\" \/>\n<meta property=\"og:site_name\" content=\"Xenonkungen\" \/>\n<meta property=\"article:modified_time\" content=\"2026-05-12T13:50:33+00:00\" \/>\n<meta property=\"og:image\" content=\"https:\/\/xenonkungen.com\/wp-content\/uploads\/2026\/03\/syRryLHijpYVcD5OsEBm3Aqt3YtcZPlaiyoakrue.webp\" \/>\n\t<meta property=\"og:image:width\" content=\"1024\" \/>\n\t<meta property=\"og:image:height\" content=\"1024\" \/>\n\t<meta property=\"og:image:type\" content=\"image\/webp\" \/>\n<meta name=\"twitter:card\" content=\"summary_large_image\" \/>\n<meta name=\"twitter:label1\" content=\"Gesch\u00e4tzte Lesezeit\" \/>\n\t<meta name=\"twitter:data1\" content=\"1\u00a0Minute\" \/>\n<script type=\"application\/ld+json\" class=\"yoast-schema-graph\">{\"@context\":\"https:\/\/schema.org\",\"@graph\":[{\"@type\":\"WebPage\",\"@id\":\"https:\/\/xenonkungen.com\/produkt\/tershine-rekondpenslar-premium\/\",\"url\":\"https:\/\/xenonkungen.com\/produkt\/tershine-rekondpenslar-premium\/\",\"name\":\"Tershine Rekondpenslar Premium - Xenonkungen\",\"isPartOf\":{\"@id\":\"https:\/\/xenonkungen.com\/#website\"},\"primaryImageOfPage\":{\"@id\":\"https:\/\/xenonkungen.com\/produkt\/tershine-rekondpenslar-premium\/#primaryimage\"},\"image\":{\"@id\":\"https:\/\/xenonkungen.com\/produkt\/tershine-rekondpenslar-premium\/#primaryimage\"},\"thumbnailUrl\":\"https:\/\/xenonkungen.com\/wp-content\/uploads\/2026\/03\/syRryLHijpYVcD5OsEBm3Aqt3YtcZPlaiyoakrue.webp\",\"datePublished\":\"2026-03-16T13:18:18+00:00\",\"dateModified\":\"2026-05-12T13:50:33+00:00\",\"breadcrumb\":{\"@id\":\"https:\/\/xenonkungen.com\/produkt\/tershine-rekondpenslar-premium\/#breadcrumb\"},\"inLanguage\":\"de\",\"potentialAction\":[{\"@type\":\"ReadAction\",\"target\":[\"https:\/\/xenonkungen.com\/produkt\/tershine-rekondpenslar-premium\/\"]}]},{\"@type\":\"ImageObject\",\"inLanguage\":\"de\",\"@id\":\"https:\/\/xenonkungen.com\/produkt\/tershine-rekondpenslar-premium\/#primaryimage\",\"url\":\"https:\/\/xenonkungen.com\/wp-content\/uploads\/2026\/03\/syRryLHijpYVcD5OsEBm3Aqt3YtcZPlaiyoakrue.webp\",\"contentUrl\":\"https:\/\/xenonkungen.com\/wp-content\/uploads\/2026\/03\/syRryLHijpYVcD5OsEBm3Aqt3YtcZPlaiyoakrue.webp\",\"width\":1024,\"height\":1024},{\"@type\":\"BreadcrumbList\",\"@id\":\"https:\/\/xenonkungen.com\/produkt\/tershine-rekondpenslar-premium\/#breadcrumb\",\"itemListElement\":[{\"@type\":\"ListItem\",\"position\":1,\"name\":\"Hem\",\"item\":\"https:\/\/xenonkungen.com\/\"},{\"@type\":\"ListItem\",\"position\":2,\"name\":\"Shop\",\"item\":\"https:\/\/xenonkungen.com\/shop\/\"},{\"@type\":\"ListItem\",\"position\":3,\"name\":\"Tershine Rekondpenslar Premium\"}]},{\"@type\":\"WebSite\",\"@id\":\"https:\/\/xenonkungen.com\/#website\",\"url\":\"https:\/\/xenonkungen.com\/\",\"name\":\"Xenonkungen\",\"description\":\"\",\"potentialAction\":[{\"@type\":\"SearchAction\",\"target\":{\"@type\":\"EntryPoint\",\"urlTemplate\":\"https:\/\/xenonkungen.com\/?s={search_term_string}\"},\"query-input\":{\"@type\":\"PropertyValueSpecification\",\"valueRequired\":true,\"valueName\":\"search_term_string\"}}],\"inLanguage\":\"de\"}]}<\/script>\n<!-- \/ Yoast SEO plugin. -->","yoast_head_json":{"title":"Tershine Rekondpenslar Premium - Xenonkungen","robots":{"index":"index","follow":"follow","max-snippet":"max-snippet:-1","max-image-preview":"max-image-preview:large","max-video-preview":"max-video-preview:-1"},"canonical":"https:\/\/xenonkungen.com\/de\/produkt\/tershine-rekondpenslar-premium\/","og_locale":"de_DE","og_type":"article","og_title":"Tershine Rekondpenslar Premium - Xenonkungen","og_description":"En m\u00e5ngsidig rekondpensel med tre olika borsthuvuden \u2013 supermjukt, mjukt och medelh\u00e5rt som enkelt skruvas av och p\u00e5.","og_url":"https:\/\/xenonkungen.com\/de\/produkt\/tershine-rekondpenslar-premium\/","og_site_name":"Xenonkungen","article_modified_time":"2026-05-12T13:50:33+00:00","og_image":[{"width":1024,"height":1024,"url":"https:\/\/xenonkungen.com\/wp-content\/uploads\/2026\/03\/syRryLHijpYVcD5OsEBm3Aqt3YtcZPlaiyoakrue.webp","type":"image\/webp"}],"twitter_card":"summary_large_image","twitter_misc":{"Gesch\u00e4tzte Lesezeit":"1\u00a0Minute"},"schema":{"@context":"https:\/\/schema.org","@graph":[{"@type":"WebPage","@id":"https:\/\/xenonkungen.com\/produkt\/tershine-rekondpenslar-premium\/","url":"https:\/\/xenonkungen.com\/produkt\/tershine-rekondpenslar-premium\/","name":"Tershine Rekondpenslar Premium - Xenonkungen","isPartOf":{"@id":"https:\/\/xenonkungen.com\/#website"},"primaryImageOfPage":{"@id":"https:\/\/xenonkungen.com\/produkt\/tershine-rekondpenslar-premium\/#primaryimage"},"image":{"@id":"https:\/\/xenonkungen.com\/produkt\/tershine-rekondpenslar-premium\/#primaryimage"},"thumbnailUrl":"https:\/\/xenonkungen.com\/wp-content\/uploads\/2026\/03\/syRryLHijpYVcD5OsEBm3Aqt3YtcZPlaiyoakrue.webp","datePublished":"2026-03-16T13:18:18+00:00","dateModified":"2026-05-12T13:50:33+00:00","breadcrumb":{"@id":"https:\/\/xenonkungen.com\/produkt\/tershine-rekondpenslar-premium\/#breadcrumb"},"inLanguage":"de","potentialAction":[{"@type":"ReadAction","target":["https:\/\/xenonkungen.com\/produkt\/tershine-rekondpenslar-premium\/"]}]},{"@type":"ImageObject","inLanguage":"de","@id":"https:\/\/xenonkungen.com\/produkt\/tershine-rekondpenslar-premium\/#primaryimage","url":"https:\/\/xenonkungen.com\/wp-content\/uploads\/2026\/03\/syRryLHijpYVcD5OsEBm3Aqt3YtcZPlaiyoakrue.webp","contentUrl":"https:\/\/xenonkungen.com\/wp-content\/uploads\/2026\/03\/syRryLHijpYVcD5OsEBm3Aqt3YtcZPlaiyoakrue.webp","width":1024,"height":1024},{"@type":"BreadcrumbList","@id":"https:\/\/xenonkungen.com\/produkt\/tershine-rekondpenslar-premium\/#breadcrumb","itemListElement":[{"@type":"ListItem","position":1,"name":"Hem","item":"https:\/\/xenonkungen.com\/"},{"@type":"ListItem","position":2,"name":"Shop","item":"https:\/\/xenonkungen.com\/shop\/"},{"@type":"ListItem","position":3,"name":"Tershine Rekondpenslar Premium"}]},{"@type":"WebSite","@id":"https:\/\/xenonkungen.com\/#website","url":"https:\/\/xenonkungen.com\/","name":"Xenonkungen","description":"","potentialAction":[{"@type":"SearchAction","target":{"@type":"EntryPoint","urlTemplate":"https:\/\/xenonkungen.com\/?s={search_term_string}"},"query-input":{"@type":"PropertyValueSpecification","valueRequired":true,"valueName":"search_term_string"}}],"inLanguage":"de"}]}},"taxonomy_info":{"product_brand":[{"value":2893,"label":"Tershine"}],"product_cat":[{"value":2988,"label":"1 | Biltv\u00e4tt"},{"value":2450,"label":"6 | Tillbeh\u00f6r"},{"value":2892,"label":"\u00c5terf\u00f6rs\u00e4ljarprodukter"},{"value":378,"label":"Bilv\u00e5rd"}]},"featured_image_src_large":["https:\/\/xenonkungen.com\/wp-content\/uploads\/2026\/03\/syRryLHijpYVcD5OsEBm3Aqt3YtcZPlaiyoakrue.webp",1024,1024,false],"author_info":[],"comment_info":0,"_links":{"self":[{"href":"https:\/\/xenonkungen.com\/de\/wp-json\/wp\/v2\/product\/27961","targetHints":{"allow":["GET"]}}],"collection":[{"href":"https:\/\/xenonkungen.com\/de\/wp-json\/wp\/v2\/product"}],"about":[{"href":"https:\/\/xenonkungen.com\/de\/wp-json\/wp\/v2\/types\/product"}],"replies":[{"embeddable":true,"href":"https:\/\/xenonkungen.com\/de\/wp-json\/wp\/v2\/comments?post=27961"}],"wp:featuredmedia":[{"embeddable":true,"href":"https:\/\/xenonkungen.com\/de\/wp-json\/wp\/v2\/media\/27958"}],"wp:attachment":[{"href":"https:\/\/xenonkungen.com\/de\/wp-json\/wp\/v2\/media?parent=27961"}],"wp:term":[{"taxonomy":"anvandningsomrade","embeddable":true,"href":"https:\/\/xenonkungen.com\/de\/wp-json\/wp\/v2\/anvandningsomrade?post=27961"},{"taxonomy":"bilmarken","embeddable":true,"href":"https:\/\/xenonkungen.com\/de\/wp-json\/wp\/v2\/bilmarken?post=27961"},{"taxonomy":"product_brand","embeddable":true,"href":"https:\/\/xenonkungen.com\/de\/wp-json\/wp\/v2\/product_brand?post=27961"},{"taxonomy":"product_cat","embeddable":true,"href":"https:\/\/xenonkungen.com\/de\/wp-json\/wp\/v2\/product_cat?post=27961"},{"taxonomy":"product_tag","embeddable":true,"href":"https:\/\/xenonkungen.com\/de\/wp-json\/wp\/v2\/product_tag?post=27961"}],"curies":[{"name":"wp","href":"https:\/\/api.w.org\/{rel}","templated":true}]}}