{"id":27963,"date":"2026-03-16T14:30:02","date_gmt":"2026-03-16T13:30:02","guid":{"rendered":"https:\/\/xenonkungen.com\/?post_type=product&#038;p=27963"},"modified":"2026-04-24T17:48:38","modified_gmt":"2026-04-24T16:48:38","slug":"tershine-relive-air-rostentferner-1-l","status":"publish","type":"product","link":"https:\/\/xenonkungen.com\/de\/produkt\/tershine-relive-air-rostentferner-1-l\/","title":{"rendered":"Tershine Relive \u2013 Fliegenrostentferner 1 l"},"content":{"rendered":"<p>Ein \u00e4u\u00dferst effektiver Rostentferner und Felgenreiniger, der hervorragend geeignet ist, Rost, Bremsstaub und andere Metallpartikel, die sich auf der Oberfl\u00e4che abgelagert haben, aufzul\u00f6sen.<\/p>\n<p><strong>\u00c4u\u00dferst wirksam und sanft<br \/>\nVerf\u00e4rbt sich lila, wenn es abgesp\u00fclt werden muss.<br \/>\nFunktioniert auf den meisten Materialarten<br \/>\npH-neutral und s\u00e4urefrei<br \/>\nVerd\u00fcnnbar<br \/>\nWirksam auf Bootsr\u00fcmpfen und gelber Wasserlinie<br \/>\nKann auf nassen oder trockenen Oberfl\u00e4chen angewendet werden.<br \/>\nLeicht duftend<\/p>\n<p>Wozu wird Druckluft-Rostentferner verwendet?<\/p>\n<p><\/strong>Fliegenrost<strong><br \/>\n<\/strong>Felgenreinigung<strong><br \/>\n<\/strong>Bremsstaub<strong><br \/>\n<\/strong>Gelbe Flecken auf dem Lack<strong><br \/>\n<\/strong>Wasserlinie am Bootsrumpf<strong><br \/>\n<\/strong>Das Badezimmer (Metalle im Wasser)<strong><br \/>\n<\/strong><\/p>\n<p><strong>So verwenden Sie Relive:<\/strong><\/p>\n<p><strong>1.\u00a0<\/strong>Auf Felgen und optionale Oberfl\u00e4chen spr\u00fchen<strong><br \/>\n2.\u00a0<\/strong>Etwa 5 Minuten einwirken lassen oder bis sich das Produkt violett verf\u00e4rbt. Bei starker Verschmutzung kann eine B\u00fcrste verwendet werden, um das Eingebrannte zu l\u00f6sen. Bei K\u00e4lte (unter 10 \u00b0C) sollte das Produkt deutlich l\u00e4nger einwirken.<strong><br \/>\n3.\u00a0<\/strong>Nicht austrocknen lassen!<strong><br \/>\n4.\u00a0<\/strong>Mit Hochdruck absp\u00fclen<strong><br \/>\n5.\u00a0<\/strong>Wir wissen es, es ist wahnsinnig gut!<\/p>\n<p>Relive ist ein unglaublich effektiver Felgen- und Rostentferner. Er reagiert mit Metallen aus Bremsstaub und Rost und l\u00f6st diese innerhalb weniger Minuten auf. Das Produkt ist pH-neutral und s\u00e4urefrei, wodurch es auf den meisten Lackarten, Kunststoffen, Metallen (auch polierten), Alcoa usw. wirkt.\u00a0<strong>HINWEIS: Nicht auf spr\u00fchlackierten Oberfl\u00e4chen oder vergleichbaren Einkomponentenlackoberfl\u00e4chen verwenden.<\/strong><\/p>\n<p>Die niedrige Viskosit\u00e4t sorgt f\u00fcr eine gleichm\u00e4\u00dfige Verteilung des Produkts und damit f\u00fcr eine gr\u00fcndliche Entfernung von Bremsstaub und Flugrost. Gleichzeitig entfernt es auch normalen Schmutz. Dieses unglaublich effektive Produkt macht die Felgenreinigung zum reinen Vergn\u00fcgen \u2013 zum Beispiel nach einem anstrengenden Tag auf der Rennstrecke oder einer sch\u00f6nen Fahrt auf kurvenreichen Stra\u00dfen. Das Produkt verf\u00e4rbt sich violett, sobald es absp\u00fclbar ist, normalerweise nach 2\u20135 Minuten. Vor Gebrauch gut sch\u00fctteln. Nat\u00fcrlich eignet es sich auch hervorragend zur Entfernung von Flugrost auf Lack! Bei Temperaturen unter 10 \u00b0C oder sehr kaltem Lack sollte die Einwirkzeit (einschlie\u00dflich der Entfettung) deutlich verl\u00e4ngert werden. Enth\u00e4lt keine hochfluorierten Substanzen!<\/p>\n<p>Kann mit Wasser verd\u00fcnnt werden, wir wissen nicht genau, was am besten funktioniert, also gehen Sie wie gewohnt vor und experimentieren Sie (aber ungef\u00e4hr 50\/50).<\/p>\n<p><em>Frostfrei lagern.<\/em><\/p>","protected":false},"excerpt":{"rendered":"<p>Rostentferner und Felgenreiniger, der Bremsstaub und andere Metallpartikel, die sich auf Ihrem Fahrzeug abgelagert haben, effektiv aufl\u00f6st.<\/p>","protected":false},"featured_media":27964,"comment_status":"open","ping_status":"closed","template":"","meta":{"_acf_changed":false,"_smort_price_nok":"","_smort_price_dkk":"","_smort_price_eur":"","_smort_sale_price_nok":"","_smort_sale_price_dkk":"","_smort_sale_price_eur":"","smort_restorder":"","shipmondo_restorder":"","_kad_blocks_custom_css":"","_kad_blocks_head_custom_js":"","_kad_blocks_body_custom_js":"","_kad_blocks_footer_custom_js":"","smort_custom_pricelist_1":"191.36","smort_custom_pricelist_2":"191.36","smort_custom_pricelist_3":"191.36","smort_custom_pricelist_4":"239.2","smort_custom_pricelist_5":"191.36"},"anvandningsomrade":[],"bilmarken":[],"product_brand":[2893],"product_cat":[2988,2989,2892,378],"product_tag":[],"class_list":{"0":"post-27963","1":"product","2":"type-product","3":"status-publish","4":"has-post-thumbnail","6":"product_brand-tershine","7":"product_cat-biltvatt","8":"product_cat-avfettning","9":"product_cat-retail-produkter","10":"product_cat-bilvard","12":"first","13":"instock","14":"taxable","15":"shipping-taxable","16":"purchasable","17":"product-type-simple"},"bundled_by":[],"bundle_stock_status":"instock","bundle_stock_quantity":8,"bundle_virtual":false,"bundle_layout":"","bundle_add_to_cart_form_location":"","bundle_editable_in_cart":false,"bundle_sold_individually_context":"","bundle_item_grouping":"","bundle_min_size":"","bundle_max_size":"","bundle_price":[],"bundled_items":[],"bundle_sell_ids":[],"acf":[],"yoast_head":"<!-- This site is optimized with the Yoast SEO plugin v27.0 - https:\/\/yoast.com\/product\/yoast-seo-wordpress\/ -->\n<title>Tershine Relive - Flygrostborttagare 1 L - Xenonkungen<\/title>\n<meta name=\"robots\" content=\"index, follow, max-snippet:-1, max-image-preview:large, max-video-preview:-1\" \/>\n<link rel=\"canonical\" href=\"https:\/\/xenonkungen.com\/de\/produkt\/tershine-relive-air-rostentferner-1-l\/\" \/>\n<meta property=\"og:locale\" content=\"de_DE\" \/>\n<meta property=\"og:type\" content=\"article\" \/>\n<meta property=\"og:title\" content=\"Tershine Relive - Flygrostborttagare 1 L - Xenonkungen\" \/>\n<meta property=\"og:description\" content=\"Flygrostborttagare och f\u00e4lgreng\u00f6ring som effektivt l\u00f6ser bromsdamm och andra metallpartiklar som hamnat p\u00e5 ditt fordon.\" \/>\n<meta property=\"og:url\" content=\"https:\/\/xenonkungen.com\/de\/produkt\/tershine-relive-air-rostentferner-1-l\/\" \/>\n<meta property=\"og:site_name\" content=\"Xenonkungen\" \/>\n<meta property=\"article:modified_time\" content=\"2026-04-24T16:48:38+00:00\" \/>\n<meta property=\"og:image\" content=\"https:\/\/xenonkungen.com\/wp-content\/uploads\/2026\/03\/ADeKgoEDCvQrB6JWWf734UiR5CWOMRmvWLt1kvkO.webp\" \/>\n\t<meta property=\"og:image:width\" content=\"1024\" \/>\n\t<meta property=\"og:image:height\" content=\"1024\" \/>\n\t<meta property=\"og:image:type\" content=\"image\/webp\" \/>\n<meta name=\"twitter:card\" content=\"summary_large_image\" \/>\n<meta name=\"twitter:label1\" content=\"Gesch\u00e4tzte Lesezeit\" \/>\n\t<meta name=\"twitter:data1\" content=\"2\u00a0Minuten\" \/>\n<script type=\"application\/ld+json\" class=\"yoast-schema-graph\">{\"@context\":\"https:\/\/schema.org\",\"@graph\":[{\"@type\":\"WebPage\",\"@id\":\"https:\/\/xenonkungen.com\/produkt\/tershine-relive-flygrostborttagare-1-l\/\",\"url\":\"https:\/\/xenonkungen.com\/produkt\/tershine-relive-flygrostborttagare-1-l\/\",\"name\":\"Tershine Relive - Flygrostborttagare 1 L - Xenonkungen\",\"isPartOf\":{\"@id\":\"https:\/\/xenonkungen.com\/#website\"},\"primaryImageOfPage\":{\"@id\":\"https:\/\/xenonkungen.com\/produkt\/tershine-relive-flygrostborttagare-1-l\/#primaryimage\"},\"image\":{\"@id\":\"https:\/\/xenonkungen.com\/produkt\/tershine-relive-flygrostborttagare-1-l\/#primaryimage\"},\"thumbnailUrl\":\"https:\/\/xenonkungen.com\/wp-content\/uploads\/2026\/03\/ADeKgoEDCvQrB6JWWf734UiR5CWOMRmvWLt1kvkO.webp\",\"datePublished\":\"2026-03-16T13:30:02+00:00\",\"dateModified\":\"2026-04-24T16:48:38+00:00\",\"breadcrumb\":{\"@id\":\"https:\/\/xenonkungen.com\/produkt\/tershine-relive-flygrostborttagare-1-l\/#breadcrumb\"},\"inLanguage\":\"de\",\"potentialAction\":[{\"@type\":\"ReadAction\",\"target\":[\"https:\/\/xenonkungen.com\/produkt\/tershine-relive-flygrostborttagare-1-l\/\"]}]},{\"@type\":\"ImageObject\",\"inLanguage\":\"de\",\"@id\":\"https:\/\/xenonkungen.com\/produkt\/tershine-relive-flygrostborttagare-1-l\/#primaryimage\",\"url\":\"https:\/\/xenonkungen.com\/wp-content\/uploads\/2026\/03\/ADeKgoEDCvQrB6JWWf734UiR5CWOMRmvWLt1kvkO.webp\",\"contentUrl\":\"https:\/\/xenonkungen.com\/wp-content\/uploads\/2026\/03\/ADeKgoEDCvQrB6JWWf734UiR5CWOMRmvWLt1kvkO.webp\",\"width\":1024,\"height\":1024},{\"@type\":\"BreadcrumbList\",\"@id\":\"https:\/\/xenonkungen.com\/produkt\/tershine-relive-flygrostborttagare-1-l\/#breadcrumb\",\"itemListElement\":[{\"@type\":\"ListItem\",\"position\":1,\"name\":\"Hem\",\"item\":\"https:\/\/xenonkungen.com\/\"},{\"@type\":\"ListItem\",\"position\":2,\"name\":\"Shop\",\"item\":\"https:\/\/xenonkungen.com\/shop\/\"},{\"@type\":\"ListItem\",\"position\":3,\"name\":\"Tershine Relive &#8211; Flygrostborttagare 1 L\"}]},{\"@type\":\"WebSite\",\"@id\":\"https:\/\/xenonkungen.com\/#website\",\"url\":\"https:\/\/xenonkungen.com\/\",\"name\":\"Xenonkungen\",\"description\":\"\",\"potentialAction\":[{\"@type\":\"SearchAction\",\"target\":{\"@type\":\"EntryPoint\",\"urlTemplate\":\"https:\/\/xenonkungen.com\/?s={search_term_string}\"},\"query-input\":{\"@type\":\"PropertyValueSpecification\",\"valueRequired\":true,\"valueName\":\"search_term_string\"}}],\"inLanguage\":\"de\"}]}<\/script>\n<!-- \/ Yoast SEO plugin. -->","yoast_head_json":{"title":"Tershine Relive \u2013 Fliegen-Rostentferner 1 l \u2013 Der Xenon-K\u00f6nig","robots":{"index":"index","follow":"follow","max-snippet":"max-snippet:-1","max-image-preview":"max-image-preview:large","max-video-preview":"max-video-preview:-1"},"canonical":"https:\/\/xenonkungen.com\/de\/produkt\/tershine-relive-air-rostentferner-1-l\/","og_locale":"de_DE","og_type":"article","og_title":"Tershine Relive - Flygrostborttagare 1 L - Xenonkungen","og_description":"Flygrostborttagare och f\u00e4lgreng\u00f6ring som effektivt l\u00f6ser bromsdamm och andra metallpartiklar som hamnat p\u00e5 ditt fordon.","og_url":"https:\/\/xenonkungen.com\/de\/produkt\/tershine-relive-air-rostentferner-1-l\/","og_site_name":"Xenonkungen","article_modified_time":"2026-04-24T16:48:38+00:00","og_image":[{"width":1024,"height":1024,"url":"https:\/\/xenonkungen.com\/wp-content\/uploads\/2026\/03\/ADeKgoEDCvQrB6JWWf734UiR5CWOMRmvWLt1kvkO.webp","type":"image\/webp"}],"twitter_card":"summary_large_image","twitter_misc":{"Gesch\u00e4tzte Lesezeit":"2\u00a0Minuten"},"schema":{"@context":"https:\/\/schema.org","@graph":[{"@type":"WebPage","@id":"https:\/\/xenonkungen.com\/produkt\/tershine-relive-flygrostborttagare-1-l\/","url":"https:\/\/xenonkungen.com\/produkt\/tershine-relive-flygrostborttagare-1-l\/","name":"Tershine Relive \u2013 Fliegen-Rostentferner 1 l \u2013 Der Xenon-K\u00f6nig","isPartOf":{"@id":"https:\/\/xenonkungen.com\/#website"},"primaryImageOfPage":{"@id":"https:\/\/xenonkungen.com\/produkt\/tershine-relive-flygrostborttagare-1-l\/#primaryimage"},"image":{"@id":"https:\/\/xenonkungen.com\/produkt\/tershine-relive-flygrostborttagare-1-l\/#primaryimage"},"thumbnailUrl":"https:\/\/xenonkungen.com\/wp-content\/uploads\/2026\/03\/ADeKgoEDCvQrB6JWWf734UiR5CWOMRmvWLt1kvkO.webp","datePublished":"2026-03-16T13:30:02+00:00","dateModified":"2026-04-24T16:48:38+00:00","breadcrumb":{"@id":"https:\/\/xenonkungen.com\/produkt\/tershine-relive-flygrostborttagare-1-l\/#breadcrumb"},"inLanguage":"de","potentialAction":[{"@type":"ReadAction","target":["https:\/\/xenonkungen.com\/produkt\/tershine-relive-flygrostborttagare-1-l\/"]}]},{"@type":"ImageObject","inLanguage":"de","@id":"https:\/\/xenonkungen.com\/produkt\/tershine-relive-flygrostborttagare-1-l\/#primaryimage","url":"https:\/\/xenonkungen.com\/wp-content\/uploads\/2026\/03\/ADeKgoEDCvQrB6JWWf734UiR5CWOMRmvWLt1kvkO.webp","contentUrl":"https:\/\/xenonkungen.com\/wp-content\/uploads\/2026\/03\/ADeKgoEDCvQrB6JWWf734UiR5CWOMRmvWLt1kvkO.webp","width":1024,"height":1024},{"@type":"BreadcrumbList","@id":"https:\/\/xenonkungen.com\/produkt\/tershine-relive-flygrostborttagare-1-l\/#breadcrumb","itemListElement":[{"@type":"ListItem","position":1,"name":"Hem","item":"https:\/\/xenonkungen.com\/"},{"@type":"ListItem","position":2,"name":"Shop","item":"https:\/\/xenonkungen.com\/shop\/"},{"@type":"ListItem","position":3,"name":"Tershine Relive &#8211; Flygrostborttagare 1 L"}]},{"@type":"WebSite","@id":"https:\/\/xenonkungen.com\/#website","url":"https:\/\/xenonkungen.com\/","name":"Xenonkungen","description":"","potentialAction":[{"@type":"SearchAction","target":{"@type":"EntryPoint","urlTemplate":"https:\/\/xenonkungen.com\/?s={search_term_string}"},"query-input":{"@type":"PropertyValueSpecification","valueRequired":true,"valueName":"search_term_string"}}],"inLanguage":"de"}]}},"taxonomy_info":{"product_brand":[{"value":2893,"label":"Tershine"}],"product_cat":[{"value":2988,"label":"1 | Biltv\u00e4tt"},{"value":2989,"label":"2 | Avfettning"},{"value":2892,"label":"\u00c5terf\u00f6rs\u00e4ljarprodukter"},{"value":378,"label":"Bilv\u00e5rd"}]},"featured_image_src_large":["https:\/\/xenonkungen.com\/wp-content\/uploads\/2026\/03\/ADeKgoEDCvQrB6JWWf734UiR5CWOMRmvWLt1kvkO.webp",1024,1024,false],"author_info":[],"comment_info":0,"_links":{"self":[{"href":"https:\/\/xenonkungen.com\/de\/wp-json\/wp\/v2\/product\/27963","targetHints":{"allow":["GET"]}}],"collection":[{"href":"https:\/\/xenonkungen.com\/de\/wp-json\/wp\/v2\/product"}],"about":[{"href":"https:\/\/xenonkungen.com\/de\/wp-json\/wp\/v2\/types\/product"}],"replies":[{"embeddable":true,"href":"https:\/\/xenonkungen.com\/de\/wp-json\/wp\/v2\/comments?post=27963"}],"wp:featuredmedia":[{"embeddable":true,"href":"https:\/\/xenonkungen.com\/de\/wp-json\/wp\/v2\/media\/27964"}],"wp:attachment":[{"href":"https:\/\/xenonkungen.com\/de\/wp-json\/wp\/v2\/media?parent=27963"}],"wp:term":[{"taxonomy":"anvandningsomrade","embeddable":true,"href":"https:\/\/xenonkungen.com\/de\/wp-json\/wp\/v2\/anvandningsomrade?post=27963"},{"taxonomy":"bilmarken","embeddable":true,"href":"https:\/\/xenonkungen.com\/de\/wp-json\/wp\/v2\/bilmarken?post=27963"},{"taxonomy":"product_brand","embeddable":true,"href":"https:\/\/xenonkungen.com\/de\/wp-json\/wp\/v2\/product_brand?post=27963"},{"taxonomy":"product_cat","embeddable":true,"href":"https:\/\/xenonkungen.com\/de\/wp-json\/wp\/v2\/product_cat?post=27963"},{"taxonomy":"product_tag","embeddable":true,"href":"https:\/\/xenonkungen.com\/de\/wp-json\/wp\/v2\/product_tag?post=27963"}],"curies":[{"name":"wp","href":"https:\/\/api.w.org\/{rel}","templated":true}]}}