{"id":27969,"date":"2026-03-16T14:34:20","date_gmt":"2026-03-16T13:34:20","guid":{"rendered":"https:\/\/xenonkungen.com\/?post_type=product&#038;p=27969"},"modified":"2026-05-12T14:49:55","modified_gmt":"2026-05-12T13:49:55","slug":"tershine-relive-druckluft-rostentferner-25-l","status":"publish","type":"product","link":"https:\/\/xenonkungen.com\/de\/produkt\/tershine-relive-druckluft-rostentferner-25-l\/","title":{"rendered":"Tershine Relive \u2013 Fliegenrostentferner 25 l"},"content":{"rendered":"<p>Ein \u00e4u\u00dferst effektiver Rostentferner und Felgenreiniger, der sich auch hervorragend zum Aufl\u00f6sen von Rost, Bremsstaub und anderen Metallpartikeln eignet, die sich auf der Oberfl\u00e4che abgelagert haben.<\/p>\n<p><strong>\u00c4u\u00dferst wirksam und sanft<br \/>\nVerf\u00e4rbt sich lila, wenn es abgesp\u00fclt werden muss.<br \/>\nFunktioniert auf den meisten Materialarten<br \/>\npH-neutral und s\u00e4urefrei<br \/>\nVerd\u00fcnnbar<br \/>\nWirksam auf Bootsr\u00fcmpfen und gelber Wasserlinie<br \/>\nKann auf nassen oder trockenen Oberfl\u00e4chen angewendet werden.<br \/>\nLeicht duftend<\/strong><\/p>\n<p>Wozu wird Druckluft-Rostentferner verwendet?<\/p>\n<p>Fliegenrost<br \/>\nFelgenreinigung<br \/>\nBremsstaub<strong><br \/>\n<\/strong>Gelbe Flecken auf dem Lack<strong><br \/>\n<\/strong>Wasserlinie am Bootsrumpf<strong><br \/>\n<\/strong>Das Badezimmer (Metalle im Wasser)<strong><br \/>\n<\/strong><\/p>\n<p><strong>So verwenden Sie Relive<\/strong><\/p>\n<p><strong>1.\u00a0<\/strong>Auf Felgen und optionale Oberfl\u00e4chen spr\u00fchen<strong><br \/>\n2.\u00a0<\/strong>Etwa 5 Minuten einwirken lassen oder bis sich das Produkt violett verf\u00e4rbt. Bei starker Verschmutzung kann eine B\u00fcrste verwendet werden, um das Eingebrannte zu l\u00f6sen. Bei k\u00e4lteren Temperaturen unter 10 \u00b0C sollte das Produkt deutlich l\u00e4nger einwirken.<strong><br \/>\n3.\u00a0<\/strong>Nicht austrocknen lassen!<br \/>\n<strong>4.\u00a0<\/strong>Mit Hochdruck absp\u00fclen<strong><br \/>\n5.\u00a0<\/strong>Wir wissen es, es ist wahnsinnig gut!<\/p>\n<p>Relive 25 L ist ein unglaublich effektiver Felgen- und Rostentferner. Er reagiert mit Metallen aus Bremsstaub und Rost und l\u00f6st diese innerhalb weniger Minuten auf. Das Produkt ist pH-neutral und s\u00e4urefrei und eignet sich daher f\u00fcr die meisten Lackarten, Kunststoffe, Metalle (auch polierte), Alcoa usw.<\/p>\n<p>Die relativ niedrige Viskosit\u00e4t sorgt f\u00fcr eine gleichm\u00e4\u00dfige Verteilung des Produkts und damit f\u00fcr eine gr\u00fcndliche Entfernung von Bremsstaub und Flugrost. Gleichzeitig entfernt es auch normalen Schmutz. Dieses unglaublich effektive Produkt macht die Felgenreinigung zum reinen Vergn\u00fcgen \u2013 zum Beispiel nach einem anstrengenden Tag auf der Rennstrecke oder einer sch\u00f6nen Fahrt auf kurvenreichen Stra\u00dfen. Das Produkt verf\u00e4rbt sich violett, sobald es abgesp\u00fclt werden kann, normalerweise nach 2\u20135 Minuten. Vor Gebrauch gut sch\u00fctteln. Nat\u00fcrlich eignet es sich auch hervorragend zur Entfernung von Flugrost auf dem Lack! Beachten Sie, dass das Produkt (einschlie\u00dflich der Entfetter) bei Temperaturen unter 10 Grad oder sehr kaltem Lack deutlich l\u00e4nger einwirken sollte.<\/p>\n<p>Kann mit Wasser verd\u00fcnnt werden, wir wissen nicht genau, was am besten funktioniert, also gehen Sie wie gewohnt vor und experimentieren Sie (aber ungef\u00e4hr 50\/50).<\/p>\n<p><em>Frostfrei lagern.<\/em><\/p>","protected":false},"excerpt":{"rendered":"<p>Relive \u2013 Rostentferner entfernt effektiv Rost, Bremsstaub und Metallpartikel von Autos, Booten und anderen Oberfl\u00e4chen. pH-neutral und s\u00e4urefrei, sicher f\u00fcr Lack, Kunststoff und Metalle. Verf\u00e4rbt sich bei Kontakt violett f\u00fcr einfache Anwendung und schnelle Reinigung.<\/p>","protected":false},"featured_media":27966,"comment_status":"open","ping_status":"closed","template":"","meta":{"_acf_changed":false,"_smort_price_nok":"","_smort_price_dkk":"","_smort_price_eur":"","_smort_sale_price_nok":"","_smort_sale_price_dkk":"","_smort_sale_price_eur":"","smort_restorder":"","shipmondo_restorder":"","_kad_blocks_custom_css":"","_kad_blocks_head_custom_js":"","_kad_blocks_body_custom_js":"","_kad_blocks_footer_custom_js":"","smort_custom_pricelist_1":"1791.36","smort_custom_pricelist_2":"1791.36","smort_custom_pricelist_3":"1791.36","smort_custom_pricelist_4":"2239.2","smort_custom_pricelist_5":"1791.36"},"anvandningsomrade":[],"bilmarken":[],"product_brand":[2893],"product_cat":[2988,2989,2892,378],"product_tag":[],"class_list":{"0":"post-27969","1":"product","2":"type-product","3":"status-publish","4":"has-post-thumbnail","6":"product_brand-tershine","7":"product_cat-biltvatt","8":"product_cat-avfettning","9":"product_cat-retail-produkter","10":"product_cat-bilvard","12":"first","13":"onbackorder","14":"taxable","15":"shipping-taxable","16":"purchasable","17":"product-type-simple"},"bundled_by":[],"bundle_stock_status":"onbackorder","bundle_stock_quantity":0,"bundle_virtual":false,"bundle_layout":"","bundle_add_to_cart_form_location":"","bundle_editable_in_cart":false,"bundle_sold_individually_context":"","bundle_item_grouping":"","bundle_min_size":"","bundle_max_size":"","bundle_price":[],"bundled_items":[],"bundle_sell_ids":[],"acf":[],"yoast_head":"<!-- This site is optimized with the Yoast SEO plugin v27.0 - https:\/\/yoast.com\/product\/yoast-seo-wordpress\/ -->\n<title>Tershine Relive - Flygrostborttagare 25 L - Xenonkungen<\/title>\n<meta name=\"robots\" content=\"index, follow, max-snippet:-1, max-image-preview:large, max-video-preview:-1\" \/>\n<link rel=\"canonical\" href=\"https:\/\/xenonkungen.com\/de\/produkt\/tershine-relive-druckluft-rostentferner-25-l\/\" \/>\n<meta property=\"og:locale\" content=\"de_DE\" \/>\n<meta property=\"og:type\" content=\"article\" \/>\n<meta property=\"og:title\" content=\"Tershine Relive - Flygrostborttagare 25 L - Xenonkungen\" \/>\n<meta property=\"og:description\" content=\"Relive \u2013 Flygrostborttagare tar effektivt bort flygrost, bromsdamm och metallpartiklar fr\u00e5n bil, b\u00e5t och andra ytor. pH-neutral och syrafri, s\u00e4ker f\u00f6r lack, plast och metaller. F\u00e4rgas lila vid kontakt f\u00f6r enkel anv\u00e4ndning och snabb reng\u00f6ring.\" \/>\n<meta property=\"og:url\" content=\"https:\/\/xenonkungen.com\/de\/produkt\/tershine-relive-druckluft-rostentferner-25-l\/\" \/>\n<meta property=\"og:site_name\" content=\"Xenonkungen\" \/>\n<meta property=\"article:modified_time\" content=\"2026-05-12T13:49:55+00:00\" \/>\n<meta property=\"og:image\" content=\"https:\/\/xenonkungen.com\/wp-content\/uploads\/2026\/03\/48P672Z3fLkrhCrmuh3gLGQmF7xNE3RpN4rTj4JX.webp\" \/>\n\t<meta property=\"og:image:width\" content=\"1024\" \/>\n\t<meta property=\"og:image:height\" content=\"1024\" \/>\n\t<meta property=\"og:image:type\" content=\"image\/webp\" \/>\n<meta name=\"twitter:card\" content=\"summary_large_image\" \/>\n<meta name=\"twitter:label1\" content=\"Gesch\u00e4tzte Lesezeit\" \/>\n\t<meta name=\"twitter:data1\" content=\"2\u00a0Minuten\" \/>\n<script type=\"application\/ld+json\" class=\"yoast-schema-graph\">{\"@context\":\"https:\/\/schema.org\",\"@graph\":[{\"@type\":\"WebPage\",\"@id\":\"https:\/\/xenonkungen.com\/produkt\/tershine-relive-flygrostborttagare-25-l\/\",\"url\":\"https:\/\/xenonkungen.com\/produkt\/tershine-relive-flygrostborttagare-25-l\/\",\"name\":\"Tershine Relive - Flygrostborttagare 25 L - Xenonkungen\",\"isPartOf\":{\"@id\":\"https:\/\/xenonkungen.com\/#website\"},\"primaryImageOfPage\":{\"@id\":\"https:\/\/xenonkungen.com\/produkt\/tershine-relive-flygrostborttagare-25-l\/#primaryimage\"},\"image\":{\"@id\":\"https:\/\/xenonkungen.com\/produkt\/tershine-relive-flygrostborttagare-25-l\/#primaryimage\"},\"thumbnailUrl\":\"https:\/\/xenonkungen.com\/wp-content\/uploads\/2026\/03\/48P672Z3fLkrhCrmuh3gLGQmF7xNE3RpN4rTj4JX.webp\",\"datePublished\":\"2026-03-16T13:34:20+00:00\",\"dateModified\":\"2026-05-12T13:49:55+00:00\",\"breadcrumb\":{\"@id\":\"https:\/\/xenonkungen.com\/produkt\/tershine-relive-flygrostborttagare-25-l\/#breadcrumb\"},\"inLanguage\":\"de\",\"potentialAction\":[{\"@type\":\"ReadAction\",\"target\":[\"https:\/\/xenonkungen.com\/produkt\/tershine-relive-flygrostborttagare-25-l\/\"]}]},{\"@type\":\"ImageObject\",\"inLanguage\":\"de\",\"@id\":\"https:\/\/xenonkungen.com\/produkt\/tershine-relive-flygrostborttagare-25-l\/#primaryimage\",\"url\":\"https:\/\/xenonkungen.com\/wp-content\/uploads\/2026\/03\/48P672Z3fLkrhCrmuh3gLGQmF7xNE3RpN4rTj4JX.webp\",\"contentUrl\":\"https:\/\/xenonkungen.com\/wp-content\/uploads\/2026\/03\/48P672Z3fLkrhCrmuh3gLGQmF7xNE3RpN4rTj4JX.webp\",\"width\":1024,\"height\":1024},{\"@type\":\"BreadcrumbList\",\"@id\":\"https:\/\/xenonkungen.com\/produkt\/tershine-relive-flygrostborttagare-25-l\/#breadcrumb\",\"itemListElement\":[{\"@type\":\"ListItem\",\"position\":1,\"name\":\"Hem\",\"item\":\"https:\/\/xenonkungen.com\/\"},{\"@type\":\"ListItem\",\"position\":2,\"name\":\"Shop\",\"item\":\"https:\/\/xenonkungen.com\/shop\/\"},{\"@type\":\"ListItem\",\"position\":3,\"name\":\"Tershine Relive &#8211; Flygrostborttagare 25 L\"}]},{\"@type\":\"WebSite\",\"@id\":\"https:\/\/xenonkungen.com\/#website\",\"url\":\"https:\/\/xenonkungen.com\/\",\"name\":\"Xenonkungen\",\"description\":\"\",\"potentialAction\":[{\"@type\":\"SearchAction\",\"target\":{\"@type\":\"EntryPoint\",\"urlTemplate\":\"https:\/\/xenonkungen.com\/?s={search_term_string}\"},\"query-input\":{\"@type\":\"PropertyValueSpecification\",\"valueRequired\":true,\"valueName\":\"search_term_string\"}}],\"inLanguage\":\"de\"}]}<\/script>\n<!-- \/ Yoast SEO plugin. -->","yoast_head_json":{"title":"Tershine Relive \u2013 Fliegen-Rostentferner 25 l \u2013 Der Xenon-K\u00f6nig","robots":{"index":"index","follow":"follow","max-snippet":"max-snippet:-1","max-image-preview":"max-image-preview:large","max-video-preview":"max-video-preview:-1"},"canonical":"https:\/\/xenonkungen.com\/de\/produkt\/tershine-relive-druckluft-rostentferner-25-l\/","og_locale":"de_DE","og_type":"article","og_title":"Tershine Relive - Flygrostborttagare 25 L - Xenonkungen","og_description":"Relive \u2013 Flygrostborttagare tar effektivt bort flygrost, bromsdamm och metallpartiklar fr\u00e5n bil, b\u00e5t och andra ytor. pH-neutral och syrafri, s\u00e4ker f\u00f6r lack, plast och metaller. F\u00e4rgas lila vid kontakt f\u00f6r enkel anv\u00e4ndning och snabb reng\u00f6ring.","og_url":"https:\/\/xenonkungen.com\/de\/produkt\/tershine-relive-druckluft-rostentferner-25-l\/","og_site_name":"Xenonkungen","article_modified_time":"2026-05-12T13:49:55+00:00","og_image":[{"width":1024,"height":1024,"url":"https:\/\/xenonkungen.com\/wp-content\/uploads\/2026\/03\/48P672Z3fLkrhCrmuh3gLGQmF7xNE3RpN4rTj4JX.webp","type":"image\/webp"}],"twitter_card":"summary_large_image","twitter_misc":{"Gesch\u00e4tzte Lesezeit":"2\u00a0Minuten"},"schema":{"@context":"https:\/\/schema.org","@graph":[{"@type":"WebPage","@id":"https:\/\/xenonkungen.com\/produkt\/tershine-relive-flygrostborttagare-25-l\/","url":"https:\/\/xenonkungen.com\/produkt\/tershine-relive-flygrostborttagare-25-l\/","name":"Tershine Relive \u2013 Fliegen-Rostentferner 25 l \u2013 Der Xenon-K\u00f6nig","isPartOf":{"@id":"https:\/\/xenonkungen.com\/#website"},"primaryImageOfPage":{"@id":"https:\/\/xenonkungen.com\/produkt\/tershine-relive-flygrostborttagare-25-l\/#primaryimage"},"image":{"@id":"https:\/\/xenonkungen.com\/produkt\/tershine-relive-flygrostborttagare-25-l\/#primaryimage"},"thumbnailUrl":"https:\/\/xenonkungen.com\/wp-content\/uploads\/2026\/03\/48P672Z3fLkrhCrmuh3gLGQmF7xNE3RpN4rTj4JX.webp","datePublished":"2026-03-16T13:34:20+00:00","dateModified":"2026-05-12T13:49:55+00:00","breadcrumb":{"@id":"https:\/\/xenonkungen.com\/produkt\/tershine-relive-flygrostborttagare-25-l\/#breadcrumb"},"inLanguage":"de","potentialAction":[{"@type":"ReadAction","target":["https:\/\/xenonkungen.com\/produkt\/tershine-relive-flygrostborttagare-25-l\/"]}]},{"@type":"ImageObject","inLanguage":"de","@id":"https:\/\/xenonkungen.com\/produkt\/tershine-relive-flygrostborttagare-25-l\/#primaryimage","url":"https:\/\/xenonkungen.com\/wp-content\/uploads\/2026\/03\/48P672Z3fLkrhCrmuh3gLGQmF7xNE3RpN4rTj4JX.webp","contentUrl":"https:\/\/xenonkungen.com\/wp-content\/uploads\/2026\/03\/48P672Z3fLkrhCrmuh3gLGQmF7xNE3RpN4rTj4JX.webp","width":1024,"height":1024},{"@type":"BreadcrumbList","@id":"https:\/\/xenonkungen.com\/produkt\/tershine-relive-flygrostborttagare-25-l\/#breadcrumb","itemListElement":[{"@type":"ListItem","position":1,"name":"Hem","item":"https:\/\/xenonkungen.com\/"},{"@type":"ListItem","position":2,"name":"Shop","item":"https:\/\/xenonkungen.com\/shop\/"},{"@type":"ListItem","position":3,"name":"Tershine Relive &#8211; Flygrostborttagare 25 L"}]},{"@type":"WebSite","@id":"https:\/\/xenonkungen.com\/#website","url":"https:\/\/xenonkungen.com\/","name":"Xenonkungen","description":"","potentialAction":[{"@type":"SearchAction","target":{"@type":"EntryPoint","urlTemplate":"https:\/\/xenonkungen.com\/?s={search_term_string}"},"query-input":{"@type":"PropertyValueSpecification","valueRequired":true,"valueName":"search_term_string"}}],"inLanguage":"de"}]}},"taxonomy_info":{"product_brand":[{"value":2893,"label":"Tershine"}],"product_cat":[{"value":2988,"label":"1 | Biltv\u00e4tt"},{"value":2989,"label":"2 | Avfettning"},{"value":2892,"label":"\u00c5terf\u00f6rs\u00e4ljarprodukter"},{"value":378,"label":"Bilv\u00e5rd"}]},"featured_image_src_large":["https:\/\/xenonkungen.com\/wp-content\/uploads\/2026\/03\/48P672Z3fLkrhCrmuh3gLGQmF7xNE3RpN4rTj4JX.webp",1024,1024,false],"author_info":[],"comment_info":0,"_links":{"self":[{"href":"https:\/\/xenonkungen.com\/de\/wp-json\/wp\/v2\/product\/27969","targetHints":{"allow":["GET"]}}],"collection":[{"href":"https:\/\/xenonkungen.com\/de\/wp-json\/wp\/v2\/product"}],"about":[{"href":"https:\/\/xenonkungen.com\/de\/wp-json\/wp\/v2\/types\/product"}],"replies":[{"embeddable":true,"href":"https:\/\/xenonkungen.com\/de\/wp-json\/wp\/v2\/comments?post=27969"}],"wp:featuredmedia":[{"embeddable":true,"href":"https:\/\/xenonkungen.com\/de\/wp-json\/wp\/v2\/media\/27966"}],"wp:attachment":[{"href":"https:\/\/xenonkungen.com\/de\/wp-json\/wp\/v2\/media?parent=27969"}],"wp:term":[{"taxonomy":"anvandningsomrade","embeddable":true,"href":"https:\/\/xenonkungen.com\/de\/wp-json\/wp\/v2\/anvandningsomrade?post=27969"},{"taxonomy":"bilmarken","embeddable":true,"href":"https:\/\/xenonkungen.com\/de\/wp-json\/wp\/v2\/bilmarken?post=27969"},{"taxonomy":"product_brand","embeddable":true,"href":"https:\/\/xenonkungen.com\/de\/wp-json\/wp\/v2\/product_brand?post=27969"},{"taxonomy":"product_cat","embeddable":true,"href":"https:\/\/xenonkungen.com\/de\/wp-json\/wp\/v2\/product_cat?post=27969"},{"taxonomy":"product_tag","embeddable":true,"href":"https:\/\/xenonkungen.com\/de\/wp-json\/wp\/v2\/product_tag?post=27969"}],"curies":[{"name":"wp","href":"https:\/\/api.w.org\/{rel}","templated":true}]}}