{"id":27975,"date":"2026-03-16T14:53:11","date_gmt":"2026-03-16T13:53:11","guid":{"rendered":"https:\/\/xenonkungen.com\/?post_type=product&#038;p=27975"},"modified":"2026-05-12T14:49:22","modified_gmt":"2026-05-12T13:49:22","slug":"tershine-relive-fliegen-rostentferner-500-ml","status":"publish","type":"product","link":"https:\/\/xenonkungen.com\/de\/produkt\/tershine-relive-fliegen-rostentferner-500-ml\/","title":{"rendered":"Tershine Relive \u2013 Fliegenrostentferner 500 ml"},"content":{"rendered":"<p>Extrem wirksamer Rostentferner und Felgenreiniger. Ein kraftvolles Produkt, das Rost, Bremsstaub und andere Metallpartikel auf verschiedenen Oberfl\u00e4chen effektiv l\u00f6st und dabei gleichzeitig Lack und andere empfindliche Teile schont. \u00c4u\u00dferst wirksam und vielseitig einsetzbar.<br \/>\n<strong><br \/>\nVorteile von Relive \u2013 Druckluft-Rostentferner:<\/strong><br \/>\n<em><br \/>\n<\/em><strong>Hochwirksam gegen Metallpartikel<br \/>\nVerf\u00e4rbt sich lila, wenn es abgesp\u00fclt werden muss.<br \/>\nF\u00fcr die meisten Materialarten geeignet.<br \/>\npH-neutral und s\u00e4urefrei (geringeres Problemrisiko)<br \/>\nMit Wasser verd\u00fcnnbar<br \/>\nWirksam auf Bootsr\u00fcmpfen und gelber Wasserlinie<br \/>\nKann sowohl auf nassen als auch auf trockenen Oberfl\u00e4chen angewendet werden.<br \/>\nNiedriger Duftstoffgehalt<\/strong><\/p>\n<p>Was ist Fliegenrost?<\/p>\n<p>Kleine Eisenpartikel, die aus Bremsstaub oder Spikereifen stammen, sowie andere Metallpartikel von anderen Fahrzeugen setzen sich auf dem Lack ab und erscheinen als kleine gelb-orange Partikel.<\/p>\n<p>Wozu und warum verwendet man Rostentferner?<\/p>\n<p>Fliegenrost<br \/>\nBremsstaub<br \/>\nFelgen reinigen<strong><br \/>\n<\/strong>Bremsstaubentfernung<strong><br \/>\n<\/strong>Gelbe Flecken auf dem Lack<strong><br \/>\n<\/strong>Reinigung der Wasserlinie an Bootsr\u00fcmpfen<strong><br \/>\n<\/strong>Das Badezimmer (Metalle im Wasser)<strong><br \/>\n<\/strong><\/p>\n<p><strong>So verwenden Sie unseren Relive Air Rostentferner:<\/strong><\/p>\n<p><strong>1.<\/strong>\u00a0Spr\u00fchen Sie den Rostentferner auf die Felgen oder direkt auf den Lack.<br \/>\n<strong>2.<\/strong>\u00a0Etwa 5 Minuten einwirken lassen. Das Produkt verf\u00e4rbt sich lila, sobald es abgesp\u00fclt werden kann. Bei starker Verschmutzung kann eine B\u00fcrste verwendet werden, um hartn\u00e4ckigen Schmutz zu l\u00f6sen (nicht antrocknen lassen).<br \/>\n<strong>3.<\/strong>\u00a0Das Produkt darf nicht austrocknen.<br \/>\n<strong>4.<\/strong>\u00a0Gr\u00fcndlich mit Wasser absp\u00fclen.<br \/>\n<strong>5<\/strong>Ja, wir wissen es, es ist absolut magisch und fantastisch!<\/p>\n<p>Dieses Produkt ist \u00e4u\u00dferst wirksam zur Entfernung von Flugrost und zur Felgenreinigung. Es reagiert schnell mit Metallpartikeln aus Bremsstaub und Flugrost und l\u00f6st diese innerhalb weniger Minuten auf. Dank seiner pH-neutralen und s\u00e4urefreien Zusammensetzung ist es f\u00fcr die meisten Lack-, Kunststoff- und Metallarten, einschlie\u00dflich polierter Oberfl\u00e4chen und Alcoa-Felgen, geeignet.\u00a0<strong>Hinweis: Nicht auf spr\u00fchlackierten Oberfl\u00e4chen oder vergleichbaren Einkomponentenlacken verwenden!<\/strong><\/p>\n<p>Es besitzt zudem reinigende Eigenschaften, die es erm\u00f6glichen, allt\u00e4glichen Schmutz m\u00fchelos zu entfernen. Die Felgenreinigung wird so zum Kinderspiel, insbesondere nach einem Tag auf der Rennstrecke oder einer langen Fahrt auf kurvenreichen Stra\u00dfen. Sobald das Produkt absp\u00fclbereit ist, verf\u00e4rbt es sich violett, was in der Regel nach 2\u20135 Minuten geschieht. Es eignet sich auch hervorragend zur Rostentfernung auf Lack. Bei Temperaturen unter 10 Grad oder auf kalten Oberfl\u00e4chen empfiehlt sich eine l\u00e4ngere Einwirkzeit f\u00fcr optimale Ergebnisse.<\/p>\n<p>Notiz:<span class=\"Apple-converted-space\">\u00a0<\/span>Nicht auf hei\u00dfe Oberfl\u00e4chen auftragen.<\/p>\n<p><em>Frostfrei lagern.<\/em><\/p>","protected":false},"excerpt":{"rendered":"<p>Rostentferner und Felgenreiniger, der Bremsstaub und andere Metallpartikel, die sich auf Ihrem Fahrzeug abgelagert haben, effektiv aufl\u00f6st.<\/p>","protected":false},"featured_media":27976,"comment_status":"open","ping_status":"closed","template":"","meta":{"_acf_changed":false,"_smort_price_nok":"","_smort_price_dkk":"","_smort_price_eur":"","_smort_sale_price_nok":"","_smort_sale_price_dkk":"","_smort_sale_price_eur":"","smort_restorder":"","shipmondo_restorder":"","_kad_blocks_custom_css":"","_kad_blocks_head_custom_js":"","_kad_blocks_body_custom_js":"","_kad_blocks_footer_custom_js":"","smort_custom_pricelist_1":"127.36","smort_custom_pricelist_2":"127.36","smort_custom_pricelist_3":"127.36","smort_custom_pricelist_4":"159.2","smort_custom_pricelist_5":"127.36"},"anvandningsomrade":[],"bilmarken":[],"product_brand":[2893],"product_cat":[2988,2989,2892,378],"product_tag":[],"class_list":{"0":"post-27975","1":"product","2":"type-product","3":"status-publish","4":"has-post-thumbnail","6":"product_brand-tershine","7":"product_cat-biltvatt","8":"product_cat-avfettning","9":"product_cat-retail-produkter","10":"product_cat-bilvard","12":"first","13":"onbackorder","14":"taxable","15":"shipping-taxable","16":"purchasable","17":"product-type-simple"},"bundled_by":[],"bundle_stock_status":"onbackorder","bundle_stock_quantity":0,"bundle_virtual":false,"bundle_layout":"","bundle_add_to_cart_form_location":"","bundle_editable_in_cart":false,"bundle_sold_individually_context":"","bundle_item_grouping":"","bundle_min_size":"","bundle_max_size":"","bundle_price":[],"bundled_items":[],"bundle_sell_ids":[],"acf":[],"yoast_head":"<!-- This site is optimized with the Yoast SEO plugin v27.0 - https:\/\/yoast.com\/product\/yoast-seo-wordpress\/ -->\n<title>Tershine Relive - Flygrostborttagare 500 ml - Xenonkungen<\/title>\n<meta name=\"robots\" content=\"index, follow, max-snippet:-1, max-image-preview:large, max-video-preview:-1\" \/>\n<link rel=\"canonical\" href=\"https:\/\/xenonkungen.com\/de\/produkt\/tershine-relive-fliegen-rostentferner-500-ml\/\" \/>\n<meta property=\"og:locale\" content=\"de_DE\" \/>\n<meta property=\"og:type\" content=\"article\" \/>\n<meta property=\"og:title\" content=\"Tershine Relive - Flygrostborttagare 500 ml - Xenonkungen\" \/>\n<meta property=\"og:description\" content=\"Flygrostborttagare och f\u00e4lgreng\u00f6ring som effektivt l\u00f6ser bromsdamm och andra metallpartiklar som hamnat p\u00e5 ditt fordon.\" \/>\n<meta property=\"og:url\" content=\"https:\/\/xenonkungen.com\/de\/produkt\/tershine-relive-fliegen-rostentferner-500-ml\/\" \/>\n<meta property=\"og:site_name\" content=\"Xenonkungen\" \/>\n<meta property=\"article:modified_time\" content=\"2026-05-12T13:49:22+00:00\" \/>\n<meta property=\"og:image\" content=\"https:\/\/xenonkungen.com\/wp-content\/uploads\/2026\/03\/ET5La0etrYXoTyF60JtMJbnZ89OrelwEyaKAxab3.webp\" \/>\n\t<meta property=\"og:image:width\" content=\"1024\" \/>\n\t<meta property=\"og:image:height\" content=\"1024\" \/>\n\t<meta property=\"og:image:type\" content=\"image\/webp\" \/>\n<meta name=\"twitter:card\" content=\"summary_large_image\" \/>\n<meta name=\"twitter:label1\" content=\"Gesch\u00e4tzte Lesezeit\" \/>\n\t<meta name=\"twitter:data1\" content=\"3\u00a0Minuten\" \/>\n<script type=\"application\/ld+json\" class=\"yoast-schema-graph\">{\"@context\":\"https:\/\/schema.org\",\"@graph\":[{\"@type\":\"WebPage\",\"@id\":\"https:\/\/xenonkungen.com\/produkt\/tershine-relive-flygrostborttagare-500-ml\/\",\"url\":\"https:\/\/xenonkungen.com\/produkt\/tershine-relive-flygrostborttagare-500-ml\/\",\"name\":\"Tershine Relive - Flygrostborttagare 500 ml - Xenonkungen\",\"isPartOf\":{\"@id\":\"https:\/\/xenonkungen.com\/#website\"},\"primaryImageOfPage\":{\"@id\":\"https:\/\/xenonkungen.com\/produkt\/tershine-relive-flygrostborttagare-500-ml\/#primaryimage\"},\"image\":{\"@id\":\"https:\/\/xenonkungen.com\/produkt\/tershine-relive-flygrostborttagare-500-ml\/#primaryimage\"},\"thumbnailUrl\":\"https:\/\/xenonkungen.com\/wp-content\/uploads\/2026\/03\/ET5La0etrYXoTyF60JtMJbnZ89OrelwEyaKAxab3.webp\",\"datePublished\":\"2026-03-16T13:53:11+00:00\",\"dateModified\":\"2026-05-12T13:49:22+00:00\",\"breadcrumb\":{\"@id\":\"https:\/\/xenonkungen.com\/produkt\/tershine-relive-flygrostborttagare-500-ml\/#breadcrumb\"},\"inLanguage\":\"de\",\"potentialAction\":[{\"@type\":\"ReadAction\",\"target\":[\"https:\/\/xenonkungen.com\/produkt\/tershine-relive-flygrostborttagare-500-ml\/\"]}]},{\"@type\":\"ImageObject\",\"inLanguage\":\"de\",\"@id\":\"https:\/\/xenonkungen.com\/produkt\/tershine-relive-flygrostborttagare-500-ml\/#primaryimage\",\"url\":\"https:\/\/xenonkungen.com\/wp-content\/uploads\/2026\/03\/ET5La0etrYXoTyF60JtMJbnZ89OrelwEyaKAxab3.webp\",\"contentUrl\":\"https:\/\/xenonkungen.com\/wp-content\/uploads\/2026\/03\/ET5La0etrYXoTyF60JtMJbnZ89OrelwEyaKAxab3.webp\",\"width\":1024,\"height\":1024},{\"@type\":\"BreadcrumbList\",\"@id\":\"https:\/\/xenonkungen.com\/produkt\/tershine-relive-flygrostborttagare-500-ml\/#breadcrumb\",\"itemListElement\":[{\"@type\":\"ListItem\",\"position\":1,\"name\":\"Hem\",\"item\":\"https:\/\/xenonkungen.com\/\"},{\"@type\":\"ListItem\",\"position\":2,\"name\":\"Shop\",\"item\":\"https:\/\/xenonkungen.com\/shop\/\"},{\"@type\":\"ListItem\",\"position\":3,\"name\":\"Tershine Relive &#8211; Flygrostborttagare 500 ml\"}]},{\"@type\":\"WebSite\",\"@id\":\"https:\/\/xenonkungen.com\/#website\",\"url\":\"https:\/\/xenonkungen.com\/\",\"name\":\"Xenonkungen\",\"description\":\"\",\"potentialAction\":[{\"@type\":\"SearchAction\",\"target\":{\"@type\":\"EntryPoint\",\"urlTemplate\":\"https:\/\/xenonkungen.com\/?s={search_term_string}\"},\"query-input\":{\"@type\":\"PropertyValueSpecification\",\"valueRequired\":true,\"valueName\":\"search_term_string\"}}],\"inLanguage\":\"de\"}]}<\/script>\n<!-- \/ Yoast SEO plugin. -->","yoast_head_json":{"title":"Tershine Relive \u2013 Fliegenrostentferner 500 ml \u2013 Der Xenon-K\u00f6nig","robots":{"index":"index","follow":"follow","max-snippet":"max-snippet:-1","max-image-preview":"max-image-preview:large","max-video-preview":"max-video-preview:-1"},"canonical":"https:\/\/xenonkungen.com\/de\/produkt\/tershine-relive-fliegen-rostentferner-500-ml\/","og_locale":"de_DE","og_type":"article","og_title":"Tershine Relive - Flygrostborttagare 500 ml - Xenonkungen","og_description":"Flygrostborttagare och f\u00e4lgreng\u00f6ring som effektivt l\u00f6ser bromsdamm och andra metallpartiklar som hamnat p\u00e5 ditt fordon.","og_url":"https:\/\/xenonkungen.com\/de\/produkt\/tershine-relive-fliegen-rostentferner-500-ml\/","og_site_name":"Xenonkungen","article_modified_time":"2026-05-12T13:49:22+00:00","og_image":[{"width":1024,"height":1024,"url":"https:\/\/xenonkungen.com\/wp-content\/uploads\/2026\/03\/ET5La0etrYXoTyF60JtMJbnZ89OrelwEyaKAxab3.webp","type":"image\/webp"}],"twitter_card":"summary_large_image","twitter_misc":{"Gesch\u00e4tzte Lesezeit":"3\u00a0Minuten"},"schema":{"@context":"https:\/\/schema.org","@graph":[{"@type":"WebPage","@id":"https:\/\/xenonkungen.com\/produkt\/tershine-relive-flygrostborttagare-500-ml\/","url":"https:\/\/xenonkungen.com\/produkt\/tershine-relive-flygrostborttagare-500-ml\/","name":"Tershine Relive \u2013 Fliegenrostentferner 500 ml \u2013 Der Xenon-K\u00f6nig","isPartOf":{"@id":"https:\/\/xenonkungen.com\/#website"},"primaryImageOfPage":{"@id":"https:\/\/xenonkungen.com\/produkt\/tershine-relive-flygrostborttagare-500-ml\/#primaryimage"},"image":{"@id":"https:\/\/xenonkungen.com\/produkt\/tershine-relive-flygrostborttagare-500-ml\/#primaryimage"},"thumbnailUrl":"https:\/\/xenonkungen.com\/wp-content\/uploads\/2026\/03\/ET5La0etrYXoTyF60JtMJbnZ89OrelwEyaKAxab3.webp","datePublished":"2026-03-16T13:53:11+00:00","dateModified":"2026-05-12T13:49:22+00:00","breadcrumb":{"@id":"https:\/\/xenonkungen.com\/produkt\/tershine-relive-flygrostborttagare-500-ml\/#breadcrumb"},"inLanguage":"de","potentialAction":[{"@type":"ReadAction","target":["https:\/\/xenonkungen.com\/produkt\/tershine-relive-flygrostborttagare-500-ml\/"]}]},{"@type":"ImageObject","inLanguage":"de","@id":"https:\/\/xenonkungen.com\/produkt\/tershine-relive-flygrostborttagare-500-ml\/#primaryimage","url":"https:\/\/xenonkungen.com\/wp-content\/uploads\/2026\/03\/ET5La0etrYXoTyF60JtMJbnZ89OrelwEyaKAxab3.webp","contentUrl":"https:\/\/xenonkungen.com\/wp-content\/uploads\/2026\/03\/ET5La0etrYXoTyF60JtMJbnZ89OrelwEyaKAxab3.webp","width":1024,"height":1024},{"@type":"BreadcrumbList","@id":"https:\/\/xenonkungen.com\/produkt\/tershine-relive-flygrostborttagare-500-ml\/#breadcrumb","itemListElement":[{"@type":"ListItem","position":1,"name":"Hem","item":"https:\/\/xenonkungen.com\/"},{"@type":"ListItem","position":2,"name":"Shop","item":"https:\/\/xenonkungen.com\/shop\/"},{"@type":"ListItem","position":3,"name":"Tershine Relive &#8211; Flygrostborttagare 500 ml"}]},{"@type":"WebSite","@id":"https:\/\/xenonkungen.com\/#website","url":"https:\/\/xenonkungen.com\/","name":"Xenonkungen","description":"","potentialAction":[{"@type":"SearchAction","target":{"@type":"EntryPoint","urlTemplate":"https:\/\/xenonkungen.com\/?s={search_term_string}"},"query-input":{"@type":"PropertyValueSpecification","valueRequired":true,"valueName":"search_term_string"}}],"inLanguage":"de"}]}},"taxonomy_info":{"product_brand":[{"value":2893,"label":"Tershine"}],"product_cat":[{"value":2988,"label":"1 | Biltv\u00e4tt"},{"value":2989,"label":"2 | Avfettning"},{"value":2892,"label":"\u00c5terf\u00f6rs\u00e4ljarprodukter"},{"value":378,"label":"Bilv\u00e5rd"}]},"featured_image_src_large":["https:\/\/xenonkungen.com\/wp-content\/uploads\/2026\/03\/ET5La0etrYXoTyF60JtMJbnZ89OrelwEyaKAxab3.webp",1024,1024,false],"author_info":[],"comment_info":0,"_links":{"self":[{"href":"https:\/\/xenonkungen.com\/de\/wp-json\/wp\/v2\/product\/27975","targetHints":{"allow":["GET"]}}],"collection":[{"href":"https:\/\/xenonkungen.com\/de\/wp-json\/wp\/v2\/product"}],"about":[{"href":"https:\/\/xenonkungen.com\/de\/wp-json\/wp\/v2\/types\/product"}],"replies":[{"embeddable":true,"href":"https:\/\/xenonkungen.com\/de\/wp-json\/wp\/v2\/comments?post=27975"}],"wp:featuredmedia":[{"embeddable":true,"href":"https:\/\/xenonkungen.com\/de\/wp-json\/wp\/v2\/media\/27976"}],"wp:attachment":[{"href":"https:\/\/xenonkungen.com\/de\/wp-json\/wp\/v2\/media?parent=27975"}],"wp:term":[{"taxonomy":"anvandningsomrade","embeddable":true,"href":"https:\/\/xenonkungen.com\/de\/wp-json\/wp\/v2\/anvandningsomrade?post=27975"},{"taxonomy":"bilmarken","embeddable":true,"href":"https:\/\/xenonkungen.com\/de\/wp-json\/wp\/v2\/bilmarken?post=27975"},{"taxonomy":"product_brand","embeddable":true,"href":"https:\/\/xenonkungen.com\/de\/wp-json\/wp\/v2\/product_brand?post=27975"},{"taxonomy":"product_cat","embeddable":true,"href":"https:\/\/xenonkungen.com\/de\/wp-json\/wp\/v2\/product_cat?post=27975"},{"taxonomy":"product_tag","embeddable":true,"href":"https:\/\/xenonkungen.com\/de\/wp-json\/wp\/v2\/product_tag?post=27975"}],"curies":[{"name":"wp","href":"https:\/\/api.w.org\/{rel}","templated":true}]}}