{"id":27978,"date":"2026-03-16T15:02:32","date_gmt":"2026-03-16T14:02:32","guid":{"rendered":"https:\/\/xenonkungen.com\/?post_type=product&#038;p=27978"},"modified":"2026-05-08T13:33:41","modified_gmt":"2026-05-08T12:33:41","slug":"tershine-repel-glasbehandling","status":"publish","type":"product","link":"https:\/\/xenonkungen.com\/de\/produkt\/tershine-repel-glasbehandling\/","title":{"rendered":"Tershine Repel \u2013 Glasbehandlung"},"content":{"rendered":"<p>Zusatz f\u00fcr Scheibenwaschfl\u00fcssigkeit, der f\u00fcr strahlend saubere Scheiben und reichlich ablaufendes Wasser sorgt. Einfach in die Scheibenwaschfl\u00fcssigkeit geben und schon haben Sie im Handumdrehen eine optimale Scheibenpflege. Fantastischer Duft.<\/p>\n<p><strong>Das Wasser perlt ab und spritzt mit hoher Geschwindigkeit vom Fenster.<br \/>\nDas Fenster bleibt l\u00e4nger sauber.<br \/>\nExtrem einfach zu bedienen<br \/>\nVerstr\u00f6mt einen herrlichen Duft nach Waldbeeren<br \/>\nSehr effektiv<br \/>\nDas Produkt wird ohne Zusatz von per- und polyfluorierten Substanzen (PFAS) hergestellt.<\/strong><br \/>\n<strong><br \/>\nSo verwenden Sie Repel \u2013 Sichtbarkeitsverst\u00e4rker: \u00a0<\/strong><\/p>\n<p><strong>1.<\/strong>\u00a0Mischen Sie 20 ml Repel pro Liter Scheibenwaschfl\u00fcssigkeit (2%) direkt in den Beh\u00e4lter f\u00fcr die Scheibenwaschfl\u00fcssigkeit. Das hei\u00dft, 100 ml auf 5 Liter Scheibenwaschfl\u00fcssigkeit usw.<\/p>\n<p><strong>HINWEIS: Eine \u00dcberdosierung f\u00fchrt nicht zu einer besseren Entw\u00e4sserung, sondern nur zu einem erh\u00f6hten Risiko einer verklebten Windschutzscheibe.<\/strong><\/p>\n<p><strong>2<\/strong>Verwenden Sie die Waschfunktion wie gewohnt.<\/p>\n<p><strong>3.\u00a0<\/strong>Ja, so schwierig ist es gar nicht \ud83d\ude42<\/p>\n<p><strong>Repel \u2013 Glasbehandlung\u00a0<\/strong>Dieses Additiv f\u00fcr Scheibenwaschfl\u00fcssigkeit sorgt f\u00fcr sauberere Scheiben und einen gleichm\u00e4\u00dfigen Abfluss, was das Fahren bei N\u00e4sse deutlich erleichtert. Es macht die Scheibe extrem gleitf\u00e4hig, wodurch Sie weniger Scheibenwaschfl\u00fcssigkeit verbrauchen, da die Scheibe l\u00e4nger sauber bleibt. Dank des hydrophoben Effekts ist das Fahren im Regen nat\u00fcrlich viel angenehmer. Au\u00dferdem \u00fcberdeckt es den nicht ganz so angenehmen Geruch der Scheibenwaschfl\u00fcssigkeit mit einem leichten Waldbeerenduft. 100 ml sind f\u00fcr 4\u20135 Liter Scheibenwaschfl\u00fcssigkeit gedacht, aber wir haben festgestellt, dass es auch mit kleineren oder gr\u00f6\u00dferen Mengen funktioniert. Sie k\u00f6nnen also beispielsweise mit einer halben Flasche beginnen und die Menge schrittweise erh\u00f6hen.<\/p>","protected":false},"excerpt":{"rendered":"<p>En tillsats f\u00f6r spolarv\u00e4tskan som ger en skinande ren\u00a0framruta och massa h\u00e4rlig avrinning. H\u00e4ll ner i spolarv\u00e4tskan och sen har du f\u00e5tt en grym glasbehandling p\u00e5 nolltid.<\/p>","protected":false},"featured_media":27979,"comment_status":"open","ping_status":"closed","template":"","meta":{"_acf_changed":false,"_smort_price_nok":"","_smort_price_dkk":"","_smort_price_eur":"","_smort_sale_price_nok":"","_smort_sale_price_dkk":"","_smort_sale_price_eur":"","smort_restorder":"","shipmondo_restorder":"","_kad_blocks_custom_css":"","_kad_blocks_head_custom_js":"","_kad_blocks_body_custom_js":"","_kad_blocks_footer_custom_js":"","smort_custom_pricelist_1":null,"smort_custom_pricelist_2":null,"smort_custom_pricelist_3":null,"smort_custom_pricelist_4":null,"smort_custom_pricelist_5":null},"anvandningsomrade":[],"bilmarken":[],"product_brand":[2893],"product_cat":[2892,378],"product_tag":[],"class_list":{"0":"post-27978","1":"product","2":"type-product","3":"status-publish","4":"has-post-thumbnail","6":"product_brand-tershine","7":"product_cat-retail-produkter","8":"product_cat-bilvard","10":"first","11":"instock","12":"taxable","13":"shipping-taxable","14":"purchasable","15":"product-type-variable"},"bundled_by":[],"bundle_stock_status":"instock","bundle_stock_quantity":null,"bundle_virtual":false,"bundle_layout":"","bundle_add_to_cart_form_location":"","bundle_editable_in_cart":false,"bundle_sold_individually_context":"","bundle_item_grouping":"","bundle_min_size":"","bundle_max_size":"","bundle_price":[],"bundled_items":[],"bundle_sell_ids":[],"acf":[],"yoast_head":"<!-- This site is optimized with the Yoast SEO plugin v27.0 - https:\/\/yoast.com\/product\/yoast-seo-wordpress\/ -->\n<title>Tershine Repel - Glasbehandling - Xenonkungen<\/title>\n<meta name=\"robots\" content=\"index, follow, max-snippet:-1, max-image-preview:large, max-video-preview:-1\" \/>\n<link rel=\"canonical\" href=\"https:\/\/xenonkungen.com\/de\/produkt\/tershine-repel-glasbehandling\/\" \/>\n<meta property=\"og:locale\" content=\"de_DE\" \/>\n<meta property=\"og:type\" content=\"article\" \/>\n<meta property=\"og:title\" content=\"Tershine Repel - Glasbehandling - Xenonkungen\" \/>\n<meta property=\"og:description\" content=\"En tillsats f\u00f6r spolarv\u00e4tskan som ger en skinande ren\u00a0framruta och massa h\u00e4rlig avrinning. H\u00e4ll ner i spolarv\u00e4tskan och sen har du f\u00e5tt en grym glasbehandling p\u00e5 nolltid.\" \/>\n<meta property=\"og:url\" content=\"https:\/\/xenonkungen.com\/de\/produkt\/tershine-repel-glasbehandling\/\" \/>\n<meta property=\"og:site_name\" content=\"Xenonkungen\" \/>\n<meta property=\"article:modified_time\" content=\"2026-05-08T12:33:41+00:00\" \/>\n<meta property=\"og:image\" content=\"https:\/\/xenonkungen.com\/wp-content\/uploads\/2026\/03\/k4xfSmysjATfxTZiMyn9J5nTiF8uwlLmVjCIpvMm.webp\" \/>\n\t<meta property=\"og:image:width\" content=\"1024\" \/>\n\t<meta property=\"og:image:height\" content=\"1024\" \/>\n\t<meta property=\"og:image:type\" content=\"image\/webp\" \/>\n<meta name=\"twitter:card\" content=\"summary_large_image\" \/>\n<meta name=\"twitter:label1\" content=\"Gesch\u00e4tzte Lesezeit\" \/>\n\t<meta name=\"twitter:data1\" content=\"2\u00a0Minuten\" \/>\n<script type=\"application\/ld+json\" class=\"yoast-schema-graph\">{\"@context\":\"https:\/\/schema.org\",\"@graph\":[{\"@type\":\"WebPage\",\"@id\":\"https:\/\/xenonkungen.com\/produkt\/tershine-repel-glasbehandling\/\",\"url\":\"https:\/\/xenonkungen.com\/produkt\/tershine-repel-glasbehandling\/\",\"name\":\"Tershine Repel - Glasbehandling - Xenonkungen\",\"isPartOf\":{\"@id\":\"https:\/\/xenonkungen.com\/#website\"},\"primaryImageOfPage\":{\"@id\":\"https:\/\/xenonkungen.com\/produkt\/tershine-repel-glasbehandling\/#primaryimage\"},\"image\":{\"@id\":\"https:\/\/xenonkungen.com\/produkt\/tershine-repel-glasbehandling\/#primaryimage\"},\"thumbnailUrl\":\"https:\/\/xenonkungen.com\/wp-content\/uploads\/2026\/03\/k4xfSmysjATfxTZiMyn9J5nTiF8uwlLmVjCIpvMm.webp\",\"datePublished\":\"2026-03-16T14:02:32+00:00\",\"dateModified\":\"2026-05-08T12:33:41+00:00\",\"breadcrumb\":{\"@id\":\"https:\/\/xenonkungen.com\/produkt\/tershine-repel-glasbehandling\/#breadcrumb\"},\"inLanguage\":\"de\",\"potentialAction\":[{\"@type\":\"ReadAction\",\"target\":[\"https:\/\/xenonkungen.com\/produkt\/tershine-repel-glasbehandling\/\"]}]},{\"@type\":\"ImageObject\",\"inLanguage\":\"de\",\"@id\":\"https:\/\/xenonkungen.com\/produkt\/tershine-repel-glasbehandling\/#primaryimage\",\"url\":\"https:\/\/xenonkungen.com\/wp-content\/uploads\/2026\/03\/k4xfSmysjATfxTZiMyn9J5nTiF8uwlLmVjCIpvMm.webp\",\"contentUrl\":\"https:\/\/xenonkungen.com\/wp-content\/uploads\/2026\/03\/k4xfSmysjATfxTZiMyn9J5nTiF8uwlLmVjCIpvMm.webp\",\"width\":1024,\"height\":1024},{\"@type\":\"BreadcrumbList\",\"@id\":\"https:\/\/xenonkungen.com\/produkt\/tershine-repel-glasbehandling\/#breadcrumb\",\"itemListElement\":[{\"@type\":\"ListItem\",\"position\":1,\"name\":\"Hem\",\"item\":\"https:\/\/xenonkungen.com\/\"},{\"@type\":\"ListItem\",\"position\":2,\"name\":\"Shop\",\"item\":\"https:\/\/xenonkungen.com\/shop\/\"},{\"@type\":\"ListItem\",\"position\":3,\"name\":\"Tershine Repel &#8211; Glasbehandling\"}]},{\"@type\":\"WebSite\",\"@id\":\"https:\/\/xenonkungen.com\/#website\",\"url\":\"https:\/\/xenonkungen.com\/\",\"name\":\"Xenonkungen\",\"description\":\"\",\"potentialAction\":[{\"@type\":\"SearchAction\",\"target\":{\"@type\":\"EntryPoint\",\"urlTemplate\":\"https:\/\/xenonkungen.com\/?s={search_term_string}\"},\"query-input\":{\"@type\":\"PropertyValueSpecification\",\"valueRequired\":true,\"valueName\":\"search_term_string\"}}],\"inLanguage\":\"de\"}]}<\/script>\n<!-- \/ Yoast SEO plugin. -->","yoast_head_json":{"title":"Tershine Repel - Glasbehandling - Xenonkungen","robots":{"index":"index","follow":"follow","max-snippet":"max-snippet:-1","max-image-preview":"max-image-preview:large","max-video-preview":"max-video-preview:-1"},"canonical":"https:\/\/xenonkungen.com\/de\/produkt\/tershine-repel-glasbehandling\/","og_locale":"de_DE","og_type":"article","og_title":"Tershine Repel - Glasbehandling - Xenonkungen","og_description":"En tillsats f\u00f6r spolarv\u00e4tskan som ger en skinande ren\u00a0framruta och massa h\u00e4rlig avrinning. H\u00e4ll ner i spolarv\u00e4tskan och sen har du f\u00e5tt en grym glasbehandling p\u00e5 nolltid.","og_url":"https:\/\/xenonkungen.com\/de\/produkt\/tershine-repel-glasbehandling\/","og_site_name":"Xenonkungen","article_modified_time":"2026-05-08T12:33:41+00:00","og_image":[{"width":1024,"height":1024,"url":"https:\/\/xenonkungen.com\/wp-content\/uploads\/2026\/03\/k4xfSmysjATfxTZiMyn9J5nTiF8uwlLmVjCIpvMm.webp","type":"image\/webp"}],"twitter_card":"summary_large_image","twitter_misc":{"Gesch\u00e4tzte Lesezeit":"2\u00a0Minuten"},"schema":{"@context":"https:\/\/schema.org","@graph":[{"@type":"WebPage","@id":"https:\/\/xenonkungen.com\/produkt\/tershine-repel-glasbehandling\/","url":"https:\/\/xenonkungen.com\/produkt\/tershine-repel-glasbehandling\/","name":"Tershine Repel - Glasbehandling - Xenonkungen","isPartOf":{"@id":"https:\/\/xenonkungen.com\/#website"},"primaryImageOfPage":{"@id":"https:\/\/xenonkungen.com\/produkt\/tershine-repel-glasbehandling\/#primaryimage"},"image":{"@id":"https:\/\/xenonkungen.com\/produkt\/tershine-repel-glasbehandling\/#primaryimage"},"thumbnailUrl":"https:\/\/xenonkungen.com\/wp-content\/uploads\/2026\/03\/k4xfSmysjATfxTZiMyn9J5nTiF8uwlLmVjCIpvMm.webp","datePublished":"2026-03-16T14:02:32+00:00","dateModified":"2026-05-08T12:33:41+00:00","breadcrumb":{"@id":"https:\/\/xenonkungen.com\/produkt\/tershine-repel-glasbehandling\/#breadcrumb"},"inLanguage":"de","potentialAction":[{"@type":"ReadAction","target":["https:\/\/xenonkungen.com\/produkt\/tershine-repel-glasbehandling\/"]}]},{"@type":"ImageObject","inLanguage":"de","@id":"https:\/\/xenonkungen.com\/produkt\/tershine-repel-glasbehandling\/#primaryimage","url":"https:\/\/xenonkungen.com\/wp-content\/uploads\/2026\/03\/k4xfSmysjATfxTZiMyn9J5nTiF8uwlLmVjCIpvMm.webp","contentUrl":"https:\/\/xenonkungen.com\/wp-content\/uploads\/2026\/03\/k4xfSmysjATfxTZiMyn9J5nTiF8uwlLmVjCIpvMm.webp","width":1024,"height":1024},{"@type":"BreadcrumbList","@id":"https:\/\/xenonkungen.com\/produkt\/tershine-repel-glasbehandling\/#breadcrumb","itemListElement":[{"@type":"ListItem","position":1,"name":"Hem","item":"https:\/\/xenonkungen.com\/"},{"@type":"ListItem","position":2,"name":"Shop","item":"https:\/\/xenonkungen.com\/shop\/"},{"@type":"ListItem","position":3,"name":"Tershine Repel &#8211; Glasbehandling"}]},{"@type":"WebSite","@id":"https:\/\/xenonkungen.com\/#website","url":"https:\/\/xenonkungen.com\/","name":"Xenonkungen","description":"","potentialAction":[{"@type":"SearchAction","target":{"@type":"EntryPoint","urlTemplate":"https:\/\/xenonkungen.com\/?s={search_term_string}"},"query-input":{"@type":"PropertyValueSpecification","valueRequired":true,"valueName":"search_term_string"}}],"inLanguage":"de"}]}},"taxonomy_info":{"product_brand":[{"value":2893,"label":"Tershine"}],"product_cat":[{"value":2892,"label":"\u00c5terf\u00f6rs\u00e4ljarprodukter"},{"value":378,"label":"Bilv\u00e5rd"}]},"featured_image_src_large":["https:\/\/xenonkungen.com\/wp-content\/uploads\/2026\/03\/k4xfSmysjATfxTZiMyn9J5nTiF8uwlLmVjCIpvMm.webp",1024,1024,false],"author_info":[],"comment_info":0,"_links":{"self":[{"href":"https:\/\/xenonkungen.com\/de\/wp-json\/wp\/v2\/product\/27978","targetHints":{"allow":["GET"]}}],"collection":[{"href":"https:\/\/xenonkungen.com\/de\/wp-json\/wp\/v2\/product"}],"about":[{"href":"https:\/\/xenonkungen.com\/de\/wp-json\/wp\/v2\/types\/product"}],"replies":[{"embeddable":true,"href":"https:\/\/xenonkungen.com\/de\/wp-json\/wp\/v2\/comments?post=27978"}],"wp:featuredmedia":[{"embeddable":true,"href":"https:\/\/xenonkungen.com\/de\/wp-json\/wp\/v2\/media\/27979"}],"wp:attachment":[{"href":"https:\/\/xenonkungen.com\/de\/wp-json\/wp\/v2\/media?parent=27978"}],"wp:term":[{"taxonomy":"anvandningsomrade","embeddable":true,"href":"https:\/\/xenonkungen.com\/de\/wp-json\/wp\/v2\/anvandningsomrade?post=27978"},{"taxonomy":"bilmarken","embeddable":true,"href":"https:\/\/xenonkungen.com\/de\/wp-json\/wp\/v2\/bilmarken?post=27978"},{"taxonomy":"product_brand","embeddable":true,"href":"https:\/\/xenonkungen.com\/de\/wp-json\/wp\/v2\/product_brand?post=27978"},{"taxonomy":"product_cat","embeddable":true,"href":"https:\/\/xenonkungen.com\/de\/wp-json\/wp\/v2\/product_cat?post=27978"},{"taxonomy":"product_tag","embeddable":true,"href":"https:\/\/xenonkungen.com\/de\/wp-json\/wp\/v2\/product_tag?post=27978"}],"curies":[{"name":"wp","href":"https:\/\/api.w.org\/{rel}","templated":true}]}}