{"id":27983,"date":"2026-03-16T15:10:51","date_gmt":"2026-03-16T14:10:51","guid":{"rendered":"https:\/\/xenonkungen.com\/?post_type=product&#038;p=27983"},"modified":"2026-04-24T17:48:49","modified_gmt":"2026-04-24T16:48:49","slug":"tershine-restore-polermedel","status":"publish","type":"product","link":"https:\/\/xenonkungen.com\/de\/produkt\/tershine-restore-polermedel\/","title":{"rendered":"Tershine Restore \u2013 Politur"},"content":{"rendered":"<p>Sehr effektive und vielseitige Politur, komplett frei von F\u00fcllstoffen. Erzielt die besten Ergebnisse mit Mikrofaserrollen, aber nat\u00fcrlich auch mit herk\u00f6mmlichen Schaumstoffrollen.<\/p>\n<p><strong>Entfernt Kratzer von 1000er K\u00f6rnung und schleift bis zu 4000er K\u00f6rnung.<br \/>\nPerfekt f\u00fcr alle Arten von Farben<br \/>\nVerleiht immensen Glanz<br \/>\nEnth\u00e4lt keine F\u00fcllstoffe<br \/>\nLeicht abzuwischen<br \/>\nKanone zum Polieren von Scheinwerfern<br \/>\nFunktioniert auf Chromoberfl\u00e4chen<br \/>\nDas Produkt ist nicht als kennzeichnungspflichtig gem\u00e4\u00df der CLP-Verordnung (EG) 1272\/2008 eingestuft.<br \/>\n<\/strong><\/p>\n<p><strong>So verwenden Sie Restore \u2013 Polish<\/strong><\/p>\n<p><strong>1.\u00a0<\/strong>Tragen Sie eine kleine Menge auf Ihr Pad auf.<strong><br \/>\n2.\u00a0<\/strong>Polieren Sie mit niedriger Drehzahl (1000\u20132000 U\/min) und lassen Sie Maschine, Poliermittel und Polierpad die Arbeit erledigen. Probieren Sie es aber aus, da die Ergebnisse stark von der Maschine abh\u00e4ngen. In diesem Schritt erzielen Sie meist die besten Ergebnisse mit Mikrofaser- oder Wollrollen.\u00a0<strong><br \/>\n3.\u00a0<\/strong>Wechseln Sie zu einem Finishpad und f\u00fchren Sie die Endbearbeitung mit h\u00f6herer Drehzahl durch (ohne Zugabe von mehr Reinigungsmittel).<strong><br \/>\n4.\u00a0<\/strong>Begr\u00fc\u00dfen Sie den allm\u00e4chtigen Glanz<\/p>\n<p>Restore \u2013 Spray Polish ist ein Poliermittel, das sich kinderleicht anwenden l\u00e4sst und unabh\u00e4ngig von Ihren Vorkenntnissen hervorragende Ergebnisse liefert. Es entfernt selbst hartn\u00e4ckige Kratzer bis zu einer K\u00f6rnung von 1000 und eignet sich zudem als Finish.<\/p>\n<p>&nbsp;<\/p>\n<p>&nbsp;<\/p>\n<p>P.S. Bei diesem Produkt ist das Polierpad entscheidend f\u00fcr das Ergebnis. Sie k\u00f6nnen also gerne zwei verschiedene verwenden: eines f\u00fcr gr\u00f6bere Kratzer und anschlie\u00dfend ein feineres, ohne weiteres Produkt aufzutragen. Nat\u00fcrlich k\u00f6nnen Sie je nach Lackzustand auch nur einen Arbeitsgang durchf\u00fchren.<\/p>\n<div class=\"text_exposed_show\">\n<div class=\"text_exposed_show\">\n<p><strong>Duft:\u00a0<\/strong>Schluck<strong>\u00a0<\/strong>mit ein wenig Wald<\/p>\n<p>Bedenken Sie, dass hier ein starker Druck erforderlich ist (K\u00f6rnung 1000 entspricht einem starken Abtrag).<\/p>\n<h6>F\u00fcr Kinder unzug\u00e4nglich aufbewahren. Halten Sie die Verpackung oder das Etikett bereit, falls Sie \u00e4rztlichen Rat ben\u00f6tigen.<\/h6>\n<\/div>\n<\/div>","protected":false},"excerpt":{"rendered":"<p>Ett polermedel som \u00e4r superenkelt att anv\u00e4nda och kommer att ge ett kanonresultat, oavsett tidigare poleringskunskaper.<\/p>","protected":false},"featured_media":27984,"comment_status":"open","ping_status":"closed","template":"","meta":{"_acf_changed":false,"_smort_price_nok":"","_smort_price_dkk":"","_smort_price_eur":"","_smort_sale_price_nok":"","_smort_sale_price_dkk":"","_smort_sale_price_eur":"","smort_restorder":"","shipmondo_restorder":"","_kad_blocks_custom_css":"","_kad_blocks_head_custom_js":"","_kad_blocks_body_custom_js":"","_kad_blocks_footer_custom_js":"","smort_custom_pricelist_1":"","smort_custom_pricelist_2":"","smort_custom_pricelist_3":"","smort_custom_pricelist_4":"","smort_custom_pricelist_5":""},"anvandningsomrade":[],"bilmarken":[],"product_brand":[2893],"product_cat":[2617,2892,378],"product_tag":[],"class_list":{"0":"post-27983","1":"product","2":"type-product","3":"status-publish","4":"has-post-thumbnail","6":"product_brand-tershine","7":"product_cat-polering","8":"product_cat-retail-produkter","9":"product_cat-bilvard","11":"first","12":"onbackorder","13":"taxable","14":"shipping-taxable","15":"purchasable","16":"product-type-variable"},"bundled_by":[],"bundle_stock_status":"onbackorder","bundle_stock_quantity":null,"bundle_virtual":false,"bundle_layout":"","bundle_add_to_cart_form_location":"","bundle_editable_in_cart":false,"bundle_sold_individually_context":"","bundle_item_grouping":"","bundle_min_size":"","bundle_max_size":"","bundle_price":[],"bundled_items":[],"bundle_sell_ids":[],"acf":[],"yoast_head":"<!-- This site is optimized with the Yoast SEO plugin v27.0 - https:\/\/yoast.com\/product\/yoast-seo-wordpress\/ -->\n<title>Tershine Restore - Polermedel - Xenonkungen<\/title>\n<meta name=\"robots\" content=\"index, follow, max-snippet:-1, max-image-preview:large, max-video-preview:-1\" \/>\n<link rel=\"canonical\" href=\"https:\/\/xenonkungen.com\/de\/produkt\/tershine-restore-polermedel\/\" \/>\n<meta property=\"og:locale\" content=\"de_DE\" \/>\n<meta property=\"og:type\" content=\"article\" \/>\n<meta property=\"og:title\" content=\"Tershine Restore - Polermedel - Xenonkungen\" \/>\n<meta property=\"og:description\" content=\"Ett polermedel som \u00e4r superenkelt att anv\u00e4nda och kommer att ge ett kanonresultat, oavsett tidigare poleringskunskaper.\" \/>\n<meta property=\"og:url\" content=\"https:\/\/xenonkungen.com\/de\/produkt\/tershine-restore-polermedel\/\" \/>\n<meta property=\"og:site_name\" content=\"Xenonkungen\" \/>\n<meta property=\"article:modified_time\" content=\"2026-04-24T16:48:49+00:00\" \/>\n<meta property=\"og:image\" content=\"https:\/\/xenonkungen.com\/wp-content\/uploads\/2026\/03\/UWG7Mj94RyaitSuP7136RHUwEyFW550XLR9H7nSL.webp\" \/>\n\t<meta property=\"og:image:width\" content=\"1024\" \/>\n\t<meta property=\"og:image:height\" content=\"1024\" \/>\n\t<meta property=\"og:image:type\" content=\"image\/webp\" \/>\n<meta name=\"twitter:card\" content=\"summary_large_image\" \/>\n<meta name=\"twitter:label1\" content=\"Gesch\u00e4tzte Lesezeit\" \/>\n\t<meta name=\"twitter:data1\" content=\"2\u00a0Minuten\" \/>\n<script type=\"application\/ld+json\" class=\"yoast-schema-graph\">{\"@context\":\"https:\/\/schema.org\",\"@graph\":[{\"@type\":\"WebPage\",\"@id\":\"https:\/\/xenonkungen.com\/produkt\/tershine-restore-polermedel\/\",\"url\":\"https:\/\/xenonkungen.com\/produkt\/tershine-restore-polermedel\/\",\"name\":\"Tershine Restore - Polermedel - Xenonkungen\",\"isPartOf\":{\"@id\":\"https:\/\/xenonkungen.com\/#website\"},\"primaryImageOfPage\":{\"@id\":\"https:\/\/xenonkungen.com\/produkt\/tershine-restore-polermedel\/#primaryimage\"},\"image\":{\"@id\":\"https:\/\/xenonkungen.com\/produkt\/tershine-restore-polermedel\/#primaryimage\"},\"thumbnailUrl\":\"https:\/\/xenonkungen.com\/wp-content\/uploads\/2026\/03\/UWG7Mj94RyaitSuP7136RHUwEyFW550XLR9H7nSL.webp\",\"datePublished\":\"2026-03-16T14:10:51+00:00\",\"dateModified\":\"2026-04-24T16:48:49+00:00\",\"breadcrumb\":{\"@id\":\"https:\/\/xenonkungen.com\/produkt\/tershine-restore-polermedel\/#breadcrumb\"},\"inLanguage\":\"de\",\"potentialAction\":[{\"@type\":\"ReadAction\",\"target\":[\"https:\/\/xenonkungen.com\/produkt\/tershine-restore-polermedel\/\"]}]},{\"@type\":\"ImageObject\",\"inLanguage\":\"de\",\"@id\":\"https:\/\/xenonkungen.com\/produkt\/tershine-restore-polermedel\/#primaryimage\",\"url\":\"https:\/\/xenonkungen.com\/wp-content\/uploads\/2026\/03\/UWG7Mj94RyaitSuP7136RHUwEyFW550XLR9H7nSL.webp\",\"contentUrl\":\"https:\/\/xenonkungen.com\/wp-content\/uploads\/2026\/03\/UWG7Mj94RyaitSuP7136RHUwEyFW550XLR9H7nSL.webp\",\"width\":1024,\"height\":1024},{\"@type\":\"BreadcrumbList\",\"@id\":\"https:\/\/xenonkungen.com\/produkt\/tershine-restore-polermedel\/#breadcrumb\",\"itemListElement\":[{\"@type\":\"ListItem\",\"position\":1,\"name\":\"Hem\",\"item\":\"https:\/\/xenonkungen.com\/\"},{\"@type\":\"ListItem\",\"position\":2,\"name\":\"Shop\",\"item\":\"https:\/\/xenonkungen.com\/shop\/\"},{\"@type\":\"ListItem\",\"position\":3,\"name\":\"Tershine Restore &#8211; Polermedel\"}]},{\"@type\":\"WebSite\",\"@id\":\"https:\/\/xenonkungen.com\/#website\",\"url\":\"https:\/\/xenonkungen.com\/\",\"name\":\"Xenonkungen\",\"description\":\"\",\"potentialAction\":[{\"@type\":\"SearchAction\",\"target\":{\"@type\":\"EntryPoint\",\"urlTemplate\":\"https:\/\/xenonkungen.com\/?s={search_term_string}\"},\"query-input\":{\"@type\":\"PropertyValueSpecification\",\"valueRequired\":true,\"valueName\":\"search_term_string\"}}],\"inLanguage\":\"de\"}]}<\/script>\n<!-- \/ Yoast SEO plugin. -->","yoast_head_json":{"title":"Tershine Restore - Polermedel - Xenonkungen","robots":{"index":"index","follow":"follow","max-snippet":"max-snippet:-1","max-image-preview":"max-image-preview:large","max-video-preview":"max-video-preview:-1"},"canonical":"https:\/\/xenonkungen.com\/de\/produkt\/tershine-restore-polermedel\/","og_locale":"de_DE","og_type":"article","og_title":"Tershine Restore - Polermedel - Xenonkungen","og_description":"Ett polermedel som \u00e4r superenkelt att anv\u00e4nda och kommer att ge ett kanonresultat, oavsett tidigare poleringskunskaper.","og_url":"https:\/\/xenonkungen.com\/de\/produkt\/tershine-restore-polermedel\/","og_site_name":"Xenonkungen","article_modified_time":"2026-04-24T16:48:49+00:00","og_image":[{"width":1024,"height":1024,"url":"https:\/\/xenonkungen.com\/wp-content\/uploads\/2026\/03\/UWG7Mj94RyaitSuP7136RHUwEyFW550XLR9H7nSL.webp","type":"image\/webp"}],"twitter_card":"summary_large_image","twitter_misc":{"Gesch\u00e4tzte Lesezeit":"2\u00a0Minuten"},"schema":{"@context":"https:\/\/schema.org","@graph":[{"@type":"WebPage","@id":"https:\/\/xenonkungen.com\/produkt\/tershine-restore-polermedel\/","url":"https:\/\/xenonkungen.com\/produkt\/tershine-restore-polermedel\/","name":"Tershine Restore - Polermedel - Xenonkungen","isPartOf":{"@id":"https:\/\/xenonkungen.com\/#website"},"primaryImageOfPage":{"@id":"https:\/\/xenonkungen.com\/produkt\/tershine-restore-polermedel\/#primaryimage"},"image":{"@id":"https:\/\/xenonkungen.com\/produkt\/tershine-restore-polermedel\/#primaryimage"},"thumbnailUrl":"https:\/\/xenonkungen.com\/wp-content\/uploads\/2026\/03\/UWG7Mj94RyaitSuP7136RHUwEyFW550XLR9H7nSL.webp","datePublished":"2026-03-16T14:10:51+00:00","dateModified":"2026-04-24T16:48:49+00:00","breadcrumb":{"@id":"https:\/\/xenonkungen.com\/produkt\/tershine-restore-polermedel\/#breadcrumb"},"inLanguage":"de","potentialAction":[{"@type":"ReadAction","target":["https:\/\/xenonkungen.com\/produkt\/tershine-restore-polermedel\/"]}]},{"@type":"ImageObject","inLanguage":"de","@id":"https:\/\/xenonkungen.com\/produkt\/tershine-restore-polermedel\/#primaryimage","url":"https:\/\/xenonkungen.com\/wp-content\/uploads\/2026\/03\/UWG7Mj94RyaitSuP7136RHUwEyFW550XLR9H7nSL.webp","contentUrl":"https:\/\/xenonkungen.com\/wp-content\/uploads\/2026\/03\/UWG7Mj94RyaitSuP7136RHUwEyFW550XLR9H7nSL.webp","width":1024,"height":1024},{"@type":"BreadcrumbList","@id":"https:\/\/xenonkungen.com\/produkt\/tershine-restore-polermedel\/#breadcrumb","itemListElement":[{"@type":"ListItem","position":1,"name":"Hem","item":"https:\/\/xenonkungen.com\/"},{"@type":"ListItem","position":2,"name":"Shop","item":"https:\/\/xenonkungen.com\/shop\/"},{"@type":"ListItem","position":3,"name":"Tershine Restore &#8211; Polermedel"}]},{"@type":"WebSite","@id":"https:\/\/xenonkungen.com\/#website","url":"https:\/\/xenonkungen.com\/","name":"Xenonkungen","description":"","potentialAction":[{"@type":"SearchAction","target":{"@type":"EntryPoint","urlTemplate":"https:\/\/xenonkungen.com\/?s={search_term_string}"},"query-input":{"@type":"PropertyValueSpecification","valueRequired":true,"valueName":"search_term_string"}}],"inLanguage":"de"}]}},"taxonomy_info":{"product_brand":[{"value":2893,"label":"Tershine"}],"product_cat":[{"value":2617,"label":"3 | Polering"},{"value":2892,"label":"\u00c5terf\u00f6rs\u00e4ljarprodukter"},{"value":378,"label":"Bilv\u00e5rd"}]},"featured_image_src_large":["https:\/\/xenonkungen.com\/wp-content\/uploads\/2026\/03\/UWG7Mj94RyaitSuP7136RHUwEyFW550XLR9H7nSL.webp",1024,1024,false],"author_info":[],"comment_info":0,"_links":{"self":[{"href":"https:\/\/xenonkungen.com\/de\/wp-json\/wp\/v2\/product\/27983","targetHints":{"allow":["GET"]}}],"collection":[{"href":"https:\/\/xenonkungen.com\/de\/wp-json\/wp\/v2\/product"}],"about":[{"href":"https:\/\/xenonkungen.com\/de\/wp-json\/wp\/v2\/types\/product"}],"replies":[{"embeddable":true,"href":"https:\/\/xenonkungen.com\/de\/wp-json\/wp\/v2\/comments?post=27983"}],"wp:featuredmedia":[{"embeddable":true,"href":"https:\/\/xenonkungen.com\/de\/wp-json\/wp\/v2\/media\/27984"}],"wp:attachment":[{"href":"https:\/\/xenonkungen.com\/de\/wp-json\/wp\/v2\/media?parent=27983"}],"wp:term":[{"taxonomy":"anvandningsomrade","embeddable":true,"href":"https:\/\/xenonkungen.com\/de\/wp-json\/wp\/v2\/anvandningsomrade?post=27983"},{"taxonomy":"bilmarken","embeddable":true,"href":"https:\/\/xenonkungen.com\/de\/wp-json\/wp\/v2\/bilmarken?post=27983"},{"taxonomy":"product_brand","embeddable":true,"href":"https:\/\/xenonkungen.com\/de\/wp-json\/wp\/v2\/product_brand?post=27983"},{"taxonomy":"product_cat","embeddable":true,"href":"https:\/\/xenonkungen.com\/de\/wp-json\/wp\/v2\/product_cat?post=27983"},{"taxonomy":"product_tag","embeddable":true,"href":"https:\/\/xenonkungen.com\/de\/wp-json\/wp\/v2\/product_tag?post=27983"}],"curies":[{"name":"wp","href":"https:\/\/api.w.org\/{rel}","templated":true}]}}