{"id":28015,"date":"2026-03-16T16:17:30","date_gmt":"2026-03-16T15:17:30","guid":{"rendered":"https:\/\/xenonkungen.com\/?post_type=product&#038;p=28015"},"modified":"2026-05-12T14:48:13","modified_gmt":"2026-05-12T13:48:13","slug":"tershine-supermjuka-penslar","status":"publish","type":"product","link":"https:\/\/xenonkungen.com\/de\/produkt\/tershine-supermjuka-penslar\/","title":{"rendered":"Tershine Super Soft Brushes"},"content":{"rendered":"<p>Chemikalienbest\u00e4ndige und superweiche B\u00fcrsten, ideal f\u00fcr die Innenraumreinigung Ihres Fahrzeugs. Perfekt in Kombination mit einem unserer Allzweckreiniger (APC).<\/p>\n<p><strong>Unverzichtbar f\u00fcr die gr\u00fcndliche Reinigung des Innenraums<br \/>\nSehr sanft<br \/>\nChemikalienbest\u00e4ndig<br \/>\nHohe Qualit\u00e4t<br \/>\nViele Anwendungsbereiche<\/strong><\/p>\n<p>Superweiche Pinsel, die sich \u00e4hnlich wie Make-up-Pinsel anf\u00fchlen \u2013 also besonders sanft sind! Die Griffe sind identisch mit denen der anderen Pinsel, aber diese sind noch schonender zu allen Materialien und in zwei Gr\u00f6\u00dfen erh\u00e4ltlich. Nat\u00fcrlich k\u00f6nnen Sie selbst entscheiden, wof\u00fcr Sie sie verwenden m\u00f6chten. Der gr\u00f6\u00dfere Pinsel mit 18 mm (die Borstenspitze) eignet sich unserer Meinung nach hervorragend f\u00fcr Au\u00dfenarbeiten wie Embleme, Lichter, Leisten usw. Der etwas kleinere mit 16 mm ist ideal f\u00fcr Innenarbeiten. Aber nat\u00fcrlich entscheiden Sie selbst, wof\u00fcr und wie Sie sie einsetzen m\u00f6chten. Selbstverst\u00e4ndlich sind sie chemikalienbest\u00e4ndig!<\/p>\n<p>&nbsp;<\/p>\n<p>Verkauf im Zweierpack und Lieferung in einem ordentlichen Karton!<\/p>\n<p><strong>Gr\u00f6\u00dfen:<\/strong>\u00a016 mm und 20 mm<\/p>","protected":false},"excerpt":{"rendered":"<p>Kemresistenta och supermjuka penslar som \u00e4r perfekt f\u00f6r interi\u00f6ren i ditt fordon.<\/p>","protected":false},"featured_media":28016,"comment_status":"open","ping_status":"closed","template":"","meta":{"_acf_changed":false,"_smort_price_nok":"","_smort_price_dkk":"","_smort_price_eur":"","_smort_sale_price_nok":"","_smort_sale_price_dkk":"","_smort_sale_price_eur":"","smort_restorder":"","shipmondo_restorder":"","_kad_blocks_custom_css":"","_kad_blocks_head_custom_js":"","_kad_blocks_body_custom_js":"","_kad_blocks_footer_custom_js":"","smort_custom_pricelist_1":"95.36","smort_custom_pricelist_2":"95.36","smort_custom_pricelist_3":"95.36","smort_custom_pricelist_4":"119.2","smort_custom_pricelist_5":"95.36"},"anvandningsomrade":[],"bilmarken":[],"product_brand":[2893],"product_cat":[2450,2892,378],"product_tag":[],"class_list":{"0":"post-28015","1":"product","2":"type-product","3":"status-publish","4":"has-post-thumbnail","6":"product_brand-tershine","7":"product_cat-tillbehor-bilvard","8":"product_cat-retail-produkter","9":"product_cat-bilvard","11":"first","12":"onbackorder","13":"taxable","14":"shipping-taxable","15":"purchasable","16":"product-type-simple"},"bundled_by":[],"bundle_stock_status":"onbackorder","bundle_stock_quantity":0,"bundle_virtual":false,"bundle_layout":"","bundle_add_to_cart_form_location":"","bundle_editable_in_cart":false,"bundle_sold_individually_context":"","bundle_item_grouping":"","bundle_min_size":"","bundle_max_size":"","bundle_price":[],"bundled_items":[],"bundle_sell_ids":[],"acf":[],"yoast_head":"<!-- This site is optimized with the Yoast SEO plugin v27.0 - https:\/\/yoast.com\/product\/yoast-seo-wordpress\/ -->\n<title>Tershine Supermjuka penslar - Xenonkungen<\/title>\n<meta name=\"robots\" content=\"index, follow, max-snippet:-1, max-image-preview:large, max-video-preview:-1\" \/>\n<link rel=\"canonical\" href=\"https:\/\/xenonkungen.com\/de\/produkt\/tershine-supermjuka-penslar\/\" \/>\n<meta property=\"og:locale\" content=\"de_DE\" \/>\n<meta property=\"og:type\" content=\"article\" \/>\n<meta property=\"og:title\" content=\"Tershine Supermjuka penslar - Xenonkungen\" \/>\n<meta property=\"og:description\" content=\"Kemresistenta och supermjuka penslar som \u00e4r perfekt f\u00f6r interi\u00f6ren i ditt fordon.\" \/>\n<meta property=\"og:url\" content=\"https:\/\/xenonkungen.com\/de\/produkt\/tershine-supermjuka-penslar\/\" \/>\n<meta property=\"og:site_name\" content=\"Xenonkungen\" \/>\n<meta property=\"article:modified_time\" content=\"2026-05-12T13:48:13+00:00\" \/>\n<meta property=\"og:image\" content=\"https:\/\/xenonkungen.com\/wp-content\/uploads\/2026\/03\/EkK3nt1sNL1cZqTYBdfOLHWc3GAUoAvEkmKtPagM.webp\" \/>\n\t<meta property=\"og:image:width\" content=\"1024\" \/>\n\t<meta property=\"og:image:height\" content=\"1024\" \/>\n\t<meta property=\"og:image:type\" content=\"image\/webp\" \/>\n<meta name=\"twitter:card\" content=\"summary_large_image\" \/>\n<meta name=\"twitter:label1\" content=\"Gesch\u00e4tzte Lesezeit\" \/>\n\t<meta name=\"twitter:data1\" content=\"1\u00a0Minute\" \/>\n<script type=\"application\/ld+json\" class=\"yoast-schema-graph\">{\"@context\":\"https:\/\/schema.org\",\"@graph\":[{\"@type\":\"WebPage\",\"@id\":\"https:\/\/xenonkungen.com\/produkt\/tershine-supermjuka-penslar\/\",\"url\":\"https:\/\/xenonkungen.com\/produkt\/tershine-supermjuka-penslar\/\",\"name\":\"Tershine Supermjuka penslar - Xenonkungen\",\"isPartOf\":{\"@id\":\"https:\/\/xenonkungen.com\/#website\"},\"primaryImageOfPage\":{\"@id\":\"https:\/\/xenonkungen.com\/produkt\/tershine-supermjuka-penslar\/#primaryimage\"},\"image\":{\"@id\":\"https:\/\/xenonkungen.com\/produkt\/tershine-supermjuka-penslar\/#primaryimage\"},\"thumbnailUrl\":\"https:\/\/xenonkungen.com\/wp-content\/uploads\/2026\/03\/EkK3nt1sNL1cZqTYBdfOLHWc3GAUoAvEkmKtPagM.webp\",\"datePublished\":\"2026-03-16T15:17:30+00:00\",\"dateModified\":\"2026-05-12T13:48:13+00:00\",\"breadcrumb\":{\"@id\":\"https:\/\/xenonkungen.com\/produkt\/tershine-supermjuka-penslar\/#breadcrumb\"},\"inLanguage\":\"de\",\"potentialAction\":[{\"@type\":\"ReadAction\",\"target\":[\"https:\/\/xenonkungen.com\/produkt\/tershine-supermjuka-penslar\/\"]}]},{\"@type\":\"ImageObject\",\"inLanguage\":\"de\",\"@id\":\"https:\/\/xenonkungen.com\/produkt\/tershine-supermjuka-penslar\/#primaryimage\",\"url\":\"https:\/\/xenonkungen.com\/wp-content\/uploads\/2026\/03\/EkK3nt1sNL1cZqTYBdfOLHWc3GAUoAvEkmKtPagM.webp\",\"contentUrl\":\"https:\/\/xenonkungen.com\/wp-content\/uploads\/2026\/03\/EkK3nt1sNL1cZqTYBdfOLHWc3GAUoAvEkmKtPagM.webp\",\"width\":1024,\"height\":1024},{\"@type\":\"BreadcrumbList\",\"@id\":\"https:\/\/xenonkungen.com\/produkt\/tershine-supermjuka-penslar\/#breadcrumb\",\"itemListElement\":[{\"@type\":\"ListItem\",\"position\":1,\"name\":\"Hem\",\"item\":\"https:\/\/xenonkungen.com\/\"},{\"@type\":\"ListItem\",\"position\":2,\"name\":\"Shop\",\"item\":\"https:\/\/xenonkungen.com\/shop\/\"},{\"@type\":\"ListItem\",\"position\":3,\"name\":\"Tershine Supermjuka penslar\"}]},{\"@type\":\"WebSite\",\"@id\":\"https:\/\/xenonkungen.com\/#website\",\"url\":\"https:\/\/xenonkungen.com\/\",\"name\":\"Xenonkungen\",\"description\":\"\",\"potentialAction\":[{\"@type\":\"SearchAction\",\"target\":{\"@type\":\"EntryPoint\",\"urlTemplate\":\"https:\/\/xenonkungen.com\/?s={search_term_string}\"},\"query-input\":{\"@type\":\"PropertyValueSpecification\",\"valueRequired\":true,\"valueName\":\"search_term_string\"}}],\"inLanguage\":\"de\"}]}<\/script>\n<!-- \/ Yoast SEO plugin. -->","yoast_head_json":{"title":"Tershine Supermjuka penslar - Xenonkungen","robots":{"index":"index","follow":"follow","max-snippet":"max-snippet:-1","max-image-preview":"max-image-preview:large","max-video-preview":"max-video-preview:-1"},"canonical":"https:\/\/xenonkungen.com\/de\/produkt\/tershine-supermjuka-penslar\/","og_locale":"de_DE","og_type":"article","og_title":"Tershine Supermjuka penslar - Xenonkungen","og_description":"Kemresistenta och supermjuka penslar som \u00e4r perfekt f\u00f6r interi\u00f6ren i ditt fordon.","og_url":"https:\/\/xenonkungen.com\/de\/produkt\/tershine-supermjuka-penslar\/","og_site_name":"Xenonkungen","article_modified_time":"2026-05-12T13:48:13+00:00","og_image":[{"width":1024,"height":1024,"url":"https:\/\/xenonkungen.com\/wp-content\/uploads\/2026\/03\/EkK3nt1sNL1cZqTYBdfOLHWc3GAUoAvEkmKtPagM.webp","type":"image\/webp"}],"twitter_card":"summary_large_image","twitter_misc":{"Gesch\u00e4tzte Lesezeit":"1\u00a0Minute"},"schema":{"@context":"https:\/\/schema.org","@graph":[{"@type":"WebPage","@id":"https:\/\/xenonkungen.com\/produkt\/tershine-supermjuka-penslar\/","url":"https:\/\/xenonkungen.com\/produkt\/tershine-supermjuka-penslar\/","name":"Tershine Supermjuka penslar - Xenonkungen","isPartOf":{"@id":"https:\/\/xenonkungen.com\/#website"},"primaryImageOfPage":{"@id":"https:\/\/xenonkungen.com\/produkt\/tershine-supermjuka-penslar\/#primaryimage"},"image":{"@id":"https:\/\/xenonkungen.com\/produkt\/tershine-supermjuka-penslar\/#primaryimage"},"thumbnailUrl":"https:\/\/xenonkungen.com\/wp-content\/uploads\/2026\/03\/EkK3nt1sNL1cZqTYBdfOLHWc3GAUoAvEkmKtPagM.webp","datePublished":"2026-03-16T15:17:30+00:00","dateModified":"2026-05-12T13:48:13+00:00","breadcrumb":{"@id":"https:\/\/xenonkungen.com\/produkt\/tershine-supermjuka-penslar\/#breadcrumb"},"inLanguage":"de","potentialAction":[{"@type":"ReadAction","target":["https:\/\/xenonkungen.com\/produkt\/tershine-supermjuka-penslar\/"]}]},{"@type":"ImageObject","inLanguage":"de","@id":"https:\/\/xenonkungen.com\/produkt\/tershine-supermjuka-penslar\/#primaryimage","url":"https:\/\/xenonkungen.com\/wp-content\/uploads\/2026\/03\/EkK3nt1sNL1cZqTYBdfOLHWc3GAUoAvEkmKtPagM.webp","contentUrl":"https:\/\/xenonkungen.com\/wp-content\/uploads\/2026\/03\/EkK3nt1sNL1cZqTYBdfOLHWc3GAUoAvEkmKtPagM.webp","width":1024,"height":1024},{"@type":"BreadcrumbList","@id":"https:\/\/xenonkungen.com\/produkt\/tershine-supermjuka-penslar\/#breadcrumb","itemListElement":[{"@type":"ListItem","position":1,"name":"Hem","item":"https:\/\/xenonkungen.com\/"},{"@type":"ListItem","position":2,"name":"Shop","item":"https:\/\/xenonkungen.com\/shop\/"},{"@type":"ListItem","position":3,"name":"Tershine Supermjuka penslar"}]},{"@type":"WebSite","@id":"https:\/\/xenonkungen.com\/#website","url":"https:\/\/xenonkungen.com\/","name":"Xenonkungen","description":"","potentialAction":[{"@type":"SearchAction","target":{"@type":"EntryPoint","urlTemplate":"https:\/\/xenonkungen.com\/?s={search_term_string}"},"query-input":{"@type":"PropertyValueSpecification","valueRequired":true,"valueName":"search_term_string"}}],"inLanguage":"de"}]}},"taxonomy_info":{"product_brand":[{"value":2893,"label":"Tershine"}],"product_cat":[{"value":2450,"label":"6 | Tillbeh\u00f6r"},{"value":2892,"label":"\u00c5terf\u00f6rs\u00e4ljarprodukter"},{"value":378,"label":"Bilv\u00e5rd"}]},"featured_image_src_large":["https:\/\/xenonkungen.com\/wp-content\/uploads\/2026\/03\/EkK3nt1sNL1cZqTYBdfOLHWc3GAUoAvEkmKtPagM.webp",1024,1024,false],"author_info":[],"comment_info":0,"_links":{"self":[{"href":"https:\/\/xenonkungen.com\/de\/wp-json\/wp\/v2\/product\/28015","targetHints":{"allow":["GET"]}}],"collection":[{"href":"https:\/\/xenonkungen.com\/de\/wp-json\/wp\/v2\/product"}],"about":[{"href":"https:\/\/xenonkungen.com\/de\/wp-json\/wp\/v2\/types\/product"}],"replies":[{"embeddable":true,"href":"https:\/\/xenonkungen.com\/de\/wp-json\/wp\/v2\/comments?post=28015"}],"wp:featuredmedia":[{"embeddable":true,"href":"https:\/\/xenonkungen.com\/de\/wp-json\/wp\/v2\/media\/28016"}],"wp:attachment":[{"href":"https:\/\/xenonkungen.com\/de\/wp-json\/wp\/v2\/media?parent=28015"}],"wp:term":[{"taxonomy":"anvandningsomrade","embeddable":true,"href":"https:\/\/xenonkungen.com\/de\/wp-json\/wp\/v2\/anvandningsomrade?post=28015"},{"taxonomy":"bilmarken","embeddable":true,"href":"https:\/\/xenonkungen.com\/de\/wp-json\/wp\/v2\/bilmarken?post=28015"},{"taxonomy":"product_brand","embeddable":true,"href":"https:\/\/xenonkungen.com\/de\/wp-json\/wp\/v2\/product_brand?post=28015"},{"taxonomy":"product_cat","embeddable":true,"href":"https:\/\/xenonkungen.com\/de\/wp-json\/wp\/v2\/product_cat?post=28015"},{"taxonomy":"product_tag","embeddable":true,"href":"https:\/\/xenonkungen.com\/de\/wp-json\/wp\/v2\/product_tag?post=28015"}],"curies":[{"name":"wp","href":"https:\/\/api.w.org\/{rel}","templated":true}]}}