{"id":28116,"date":"2026-03-18T09:29:14","date_gmt":"2026-03-18T08:29:14","guid":{"rendered":"https:\/\/xenonkungen.com\/?post_type=product&#038;p=28116"},"modified":"2026-05-12T14:35:45","modified_gmt":"2026-05-12T13:35:45","slug":"tershine-bursten-fur-schraubendreher-hart","status":"publish","type":"product","link":"https:\/\/xenonkungen.com\/de\/produkt\/tershine-bursten-fur-schraubendreher-hart\/","title":{"rendered":"Tershine B\u00fcrsten f\u00fcr Schraubendreher \u2013 Hart"},"content":{"rendered":"<p>Nylonb\u00fcrsten f\u00fcr Ihren Schraubendreher zur schnellen und einfachen Reinigung, perfekt f\u00fcr:<\/p>\n<p><strong>Das Auto, das Wohnmobil, der Wohnwagen<br \/>\nDas Badezimmer<br \/>\nDas Boot<br \/>\nDas Deck<br \/>\nDie K\u00fcche<br \/>\nDie Garage<\/strong><\/p>\n<p>6er-Pack Nylonb\u00fcrsten zur direkten Montage an Bohrmaschine oder Akkuschrauber. Ideal zum Reinigen von Sitzen und Teppichen, aber auch von Booten, Haus und Terrasse. Inklusive 15 cm langer Verl\u00e4ngerung f\u00fcr schwer zug\u00e4ngliche Stellen.<\/p>\n<p>Diese B\u00fcrsten sind etwas robuster und als \u201eletzter Schritt\u201c gedacht, wenn Allzweckb\u00fcrsten nicht ausreichen. Daher sind sie f\u00fcr empfindliche Polsterstoffe wie Leder etc. nicht empfehlenswert.<\/p>\n<p>Eine hervorragende Kombination mit unserem Allzweckreiniger f\u00fcr den Innenraum des Autos und zu Hause oder mit unserem Extrakt (alkalische Entfettung) f\u00fcr hartn\u00e4ckigen Schmutz auf der Terrasse\/Fassade\/dem Boot usw.<\/p>\n<p>Das Paket enth\u00e4lt:<\/p>\n<ul>\n<li>1 gro\u00dfer, flacher Pinsel, 12 cm Durchmesser<\/li>\n<li>1 mittelgro\u00dfer, flacher Pinsel, 10 cm Durchmesser<\/li>\n<li>1 kleiner, flacher Pinsel mit l\u00e4ngeren Borsten, 5 cm Durchmesser<\/li>\n<li>1 kleiner, flacher Pinsel mit k\u00fcrzeren Borsten, 5 cm Durchmesser<\/li>\n<li>1 gro\u00dfer, runder Pinsel, 8,5 cm Durchmesser<\/li>\n<li>1 kleiner, runder Pinsel, 6,5 cm Durchmesser<\/li>\n<li>1-Bit-Verl\u00e4ngerung, 15 cm lang<\/li>\n<\/ul>\n<p>Geliefert in einer eleganten Kartonverpackung<\/p>\n<h3>Wann und wo werden B\u00fcrsten verwendet?<\/h3>\n<p>Schraubendreherb\u00fcrsten lassen sich in verschiedenen Situationen und auf unterschiedlichen Oberfl\u00e4chen einsetzen. Sie eignen sich perfekt zum Reinigen und Schrubben:<\/p>\n<ul>\n<li>Fliesen und Badezimmerb\u00f6den<\/li>\n<li>Autositze und Teppiche<\/li>\n<li>Stoff- und Textilteppiche<\/li>\n<li>Fu\u00dfb\u00f6den und Treppen<\/li>\n<li>Felgen und andere metallische Oberfl\u00e4chen<\/li>\n<\/ul>\n<p>Diese B\u00fcrsten eignen sich besonders gut zum Reinigen und Schrubben schwer zug\u00e4nglicher Stellen wie Fugen und engen Zwischenr\u00e4umen. Mit einem Schraubenzieher und der passenden B\u00fcrste lassen sich hartn\u00e4ckiger Schmutz und Flecken m\u00fchelos entfernen, wodurch die Reinigung schneller und effizienter wird.<\/p>","protected":false},"excerpt":{"rendered":"<p>Nylonb\u00fcrsten zur Montage an Schraubendrehern\/Bohrmaschinen f\u00fcr eine schnelle und einfache Reinigung.<\/p>","protected":false},"featured_media":28117,"comment_status":"open","ping_status":"closed","template":"","meta":{"_acf_changed":false,"_smort_price_nok":"","_smort_price_dkk":"","_smort_price_eur":"","_smort_sale_price_nok":"","_smort_sale_price_dkk":"","_smort_sale_price_eur":"","smort_restorder":"","shipmondo_restorder":"","_kad_blocks_custom_css":"","_kad_blocks_head_custom_js":"","_kad_blocks_body_custom_js":"","_kad_blocks_footer_custom_js":"","smort_custom_pricelist_1":"191.36","smort_custom_pricelist_2":"191.36","smort_custom_pricelist_3":"191.36","smort_custom_pricelist_4":"239.2","smort_custom_pricelist_5":"191.36"},"anvandningsomrade":[],"bilmarken":[],"product_brand":[2893],"product_cat":[2450,378],"product_tag":[],"class_list":{"0":"post-28116","1":"product","2":"type-product","3":"status-publish","4":"has-post-thumbnail","6":"product_brand-tershine","7":"product_cat-tillbehor-bilvard","8":"product_cat-bilvard","10":"first","11":"onbackorder","12":"taxable","13":"shipping-taxable","14":"purchasable","15":"product-type-simple"},"bundled_by":[],"bundle_stock_status":"onbackorder","bundle_stock_quantity":0,"bundle_virtual":false,"bundle_layout":"","bundle_add_to_cart_form_location":"","bundle_editable_in_cart":false,"bundle_sold_individually_context":"","bundle_item_grouping":"","bundle_min_size":"","bundle_max_size":"","bundle_price":[],"bundled_items":[],"bundle_sell_ids":[],"acf":[],"yoast_head":"<!-- This site is optimized with the Yoast SEO plugin v27.0 - https:\/\/yoast.com\/product\/yoast-seo-wordpress\/ -->\n<title>Tershine Borstar till skruvdragare - H\u00e5rd - Xenonkungen<\/title>\n<meta name=\"robots\" content=\"index, follow, max-snippet:-1, max-image-preview:large, max-video-preview:-1\" \/>\n<link rel=\"canonical\" href=\"https:\/\/xenonkungen.com\/de\/produkt\/tershine-bursten-fur-schraubendreher-hart\/\" \/>\n<meta property=\"og:locale\" content=\"de_DE\" \/>\n<meta property=\"og:type\" content=\"article\" \/>\n<meta property=\"og:title\" content=\"Tershine Borstar till skruvdragare - H\u00e5rd - Xenonkungen\" \/>\n<meta property=\"og:description\" content=\"Nylonborstar som monteras p\u00e5 skruvdragare\/borrmaskin f\u00f6r snabb och enkelt reng\u00f6ring.\" \/>\n<meta property=\"og:url\" content=\"https:\/\/xenonkungen.com\/de\/produkt\/tershine-bursten-fur-schraubendreher-hart\/\" \/>\n<meta property=\"og:site_name\" content=\"Xenonkungen\" \/>\n<meta property=\"article:modified_time\" content=\"2026-05-12T13:35:45+00:00\" \/>\n<meta property=\"og:image\" content=\"https:\/\/xenonkungen.com\/wp-content\/uploads\/2026\/03\/CXHnHLScgDE04bZsMLkvzVe7qo3JuSOR0yUlGnhn.webp\" \/>\n\t<meta property=\"og:image:width\" content=\"1024\" \/>\n\t<meta property=\"og:image:height\" content=\"1024\" \/>\n\t<meta property=\"og:image:type\" content=\"image\/webp\" \/>\n<meta name=\"twitter:card\" content=\"summary_large_image\" \/>\n<meta name=\"twitter:label1\" content=\"Gesch\u00e4tzte Lesezeit\" \/>\n\t<meta name=\"twitter:data1\" content=\"2\u00a0Minuten\" \/>\n<script type=\"application\/ld+json\" class=\"yoast-schema-graph\">{\"@context\":\"https:\/\/schema.org\",\"@graph\":[{\"@type\":\"WebPage\",\"@id\":\"https:\/\/xenonkungen.com\/produkt\/tershine-borstar-till-skruvdragare-hard\/\",\"url\":\"https:\/\/xenonkungen.com\/produkt\/tershine-borstar-till-skruvdragare-hard\/\",\"name\":\"Tershine Borstar till skruvdragare - H\u00e5rd - Xenonkungen\",\"isPartOf\":{\"@id\":\"https:\/\/xenonkungen.com\/#website\"},\"primaryImageOfPage\":{\"@id\":\"https:\/\/xenonkungen.com\/produkt\/tershine-borstar-till-skruvdragare-hard\/#primaryimage\"},\"image\":{\"@id\":\"https:\/\/xenonkungen.com\/produkt\/tershine-borstar-till-skruvdragare-hard\/#primaryimage\"},\"thumbnailUrl\":\"https:\/\/xenonkungen.com\/wp-content\/uploads\/2026\/03\/CXHnHLScgDE04bZsMLkvzVe7qo3JuSOR0yUlGnhn.webp\",\"datePublished\":\"2026-03-18T08:29:14+00:00\",\"dateModified\":\"2026-05-12T13:35:45+00:00\",\"breadcrumb\":{\"@id\":\"https:\/\/xenonkungen.com\/produkt\/tershine-borstar-till-skruvdragare-hard\/#breadcrumb\"},\"inLanguage\":\"de\",\"potentialAction\":[{\"@type\":\"ReadAction\",\"target\":[\"https:\/\/xenonkungen.com\/produkt\/tershine-borstar-till-skruvdragare-hard\/\"]}]},{\"@type\":\"ImageObject\",\"inLanguage\":\"de\",\"@id\":\"https:\/\/xenonkungen.com\/produkt\/tershine-borstar-till-skruvdragare-hard\/#primaryimage\",\"url\":\"https:\/\/xenonkungen.com\/wp-content\/uploads\/2026\/03\/CXHnHLScgDE04bZsMLkvzVe7qo3JuSOR0yUlGnhn.webp\",\"contentUrl\":\"https:\/\/xenonkungen.com\/wp-content\/uploads\/2026\/03\/CXHnHLScgDE04bZsMLkvzVe7qo3JuSOR0yUlGnhn.webp\",\"width\":1024,\"height\":1024},{\"@type\":\"BreadcrumbList\",\"@id\":\"https:\/\/xenonkungen.com\/produkt\/tershine-borstar-till-skruvdragare-hard\/#breadcrumb\",\"itemListElement\":[{\"@type\":\"ListItem\",\"position\":1,\"name\":\"Hem\",\"item\":\"https:\/\/xenonkungen.com\/\"},{\"@type\":\"ListItem\",\"position\":2,\"name\":\"Shop\",\"item\":\"https:\/\/xenonkungen.com\/shop\/\"},{\"@type\":\"ListItem\",\"position\":3,\"name\":\"Tershine Borstar till skruvdragare &#8211; H\u00e5rd\"}]},{\"@type\":\"WebSite\",\"@id\":\"https:\/\/xenonkungen.com\/#website\",\"url\":\"https:\/\/xenonkungen.com\/\",\"name\":\"Xenonkungen\",\"description\":\"\",\"potentialAction\":[{\"@type\":\"SearchAction\",\"target\":{\"@type\":\"EntryPoint\",\"urlTemplate\":\"https:\/\/xenonkungen.com\/?s={search_term_string}\"},\"query-input\":{\"@type\":\"PropertyValueSpecification\",\"valueRequired\":true,\"valueName\":\"search_term_string\"}}],\"inLanguage\":\"de\"}]}<\/script>\n<!-- \/ Yoast SEO plugin. -->","yoast_head_json":{"title":"Tershine B\u00fcrsten f\u00fcr Schraubendreher - Hart - Xenonkungen","robots":{"index":"index","follow":"follow","max-snippet":"max-snippet:-1","max-image-preview":"max-image-preview:large","max-video-preview":"max-video-preview:-1"},"canonical":"https:\/\/xenonkungen.com\/de\/produkt\/tershine-bursten-fur-schraubendreher-hart\/","og_locale":"de_DE","og_type":"article","og_title":"Tershine Borstar till skruvdragare - H\u00e5rd - Xenonkungen","og_description":"Nylonborstar som monteras p\u00e5 skruvdragare\/borrmaskin f\u00f6r snabb och enkelt reng\u00f6ring.","og_url":"https:\/\/xenonkungen.com\/de\/produkt\/tershine-bursten-fur-schraubendreher-hart\/","og_site_name":"Xenonkungen","article_modified_time":"2026-05-12T13:35:45+00:00","og_image":[{"width":1024,"height":1024,"url":"https:\/\/xenonkungen.com\/wp-content\/uploads\/2026\/03\/CXHnHLScgDE04bZsMLkvzVe7qo3JuSOR0yUlGnhn.webp","type":"image\/webp"}],"twitter_card":"summary_large_image","twitter_misc":{"Gesch\u00e4tzte Lesezeit":"2\u00a0Minuten"},"schema":{"@context":"https:\/\/schema.org","@graph":[{"@type":"WebPage","@id":"https:\/\/xenonkungen.com\/produkt\/tershine-borstar-till-skruvdragare-hard\/","url":"https:\/\/xenonkungen.com\/produkt\/tershine-borstar-till-skruvdragare-hard\/","name":"Tershine B\u00fcrsten f\u00fcr Schraubendreher - Hart - Xenonkungen","isPartOf":{"@id":"https:\/\/xenonkungen.com\/#website"},"primaryImageOfPage":{"@id":"https:\/\/xenonkungen.com\/produkt\/tershine-borstar-till-skruvdragare-hard\/#primaryimage"},"image":{"@id":"https:\/\/xenonkungen.com\/produkt\/tershine-borstar-till-skruvdragare-hard\/#primaryimage"},"thumbnailUrl":"https:\/\/xenonkungen.com\/wp-content\/uploads\/2026\/03\/CXHnHLScgDE04bZsMLkvzVe7qo3JuSOR0yUlGnhn.webp","datePublished":"2026-03-18T08:29:14+00:00","dateModified":"2026-05-12T13:35:45+00:00","breadcrumb":{"@id":"https:\/\/xenonkungen.com\/produkt\/tershine-borstar-till-skruvdragare-hard\/#breadcrumb"},"inLanguage":"de","potentialAction":[{"@type":"ReadAction","target":["https:\/\/xenonkungen.com\/produkt\/tershine-borstar-till-skruvdragare-hard\/"]}]},{"@type":"ImageObject","inLanguage":"de","@id":"https:\/\/xenonkungen.com\/produkt\/tershine-borstar-till-skruvdragare-hard\/#primaryimage","url":"https:\/\/xenonkungen.com\/wp-content\/uploads\/2026\/03\/CXHnHLScgDE04bZsMLkvzVe7qo3JuSOR0yUlGnhn.webp","contentUrl":"https:\/\/xenonkungen.com\/wp-content\/uploads\/2026\/03\/CXHnHLScgDE04bZsMLkvzVe7qo3JuSOR0yUlGnhn.webp","width":1024,"height":1024},{"@type":"BreadcrumbList","@id":"https:\/\/xenonkungen.com\/produkt\/tershine-borstar-till-skruvdragare-hard\/#breadcrumb","itemListElement":[{"@type":"ListItem","position":1,"name":"Hem","item":"https:\/\/xenonkungen.com\/"},{"@type":"ListItem","position":2,"name":"Shop","item":"https:\/\/xenonkungen.com\/shop\/"},{"@type":"ListItem","position":3,"name":"Tershine Borstar till skruvdragare &#8211; H\u00e5rd"}]},{"@type":"WebSite","@id":"https:\/\/xenonkungen.com\/#website","url":"https:\/\/xenonkungen.com\/","name":"Xenonkungen","description":"","potentialAction":[{"@type":"SearchAction","target":{"@type":"EntryPoint","urlTemplate":"https:\/\/xenonkungen.com\/?s={search_term_string}"},"query-input":{"@type":"PropertyValueSpecification","valueRequired":true,"valueName":"search_term_string"}}],"inLanguage":"de"}]}},"taxonomy_info":{"product_brand":[{"value":2893,"label":"Tershine"}],"product_cat":[{"value":2450,"label":"6 | Tillbeh\u00f6r"},{"value":378,"label":"Bilv\u00e5rd"}]},"featured_image_src_large":["https:\/\/xenonkungen.com\/wp-content\/uploads\/2026\/03\/CXHnHLScgDE04bZsMLkvzVe7qo3JuSOR0yUlGnhn.webp",1024,1024,false],"author_info":[],"comment_info":0,"_links":{"self":[{"href":"https:\/\/xenonkungen.com\/de\/wp-json\/wp\/v2\/product\/28116","targetHints":{"allow":["GET"]}}],"collection":[{"href":"https:\/\/xenonkungen.com\/de\/wp-json\/wp\/v2\/product"}],"about":[{"href":"https:\/\/xenonkungen.com\/de\/wp-json\/wp\/v2\/types\/product"}],"replies":[{"embeddable":true,"href":"https:\/\/xenonkungen.com\/de\/wp-json\/wp\/v2\/comments?post=28116"}],"wp:featuredmedia":[{"embeddable":true,"href":"https:\/\/xenonkungen.com\/de\/wp-json\/wp\/v2\/media\/28117"}],"wp:attachment":[{"href":"https:\/\/xenonkungen.com\/de\/wp-json\/wp\/v2\/media?parent=28116"}],"wp:term":[{"taxonomy":"anvandningsomrade","embeddable":true,"href":"https:\/\/xenonkungen.com\/de\/wp-json\/wp\/v2\/anvandningsomrade?post=28116"},{"taxonomy":"bilmarken","embeddable":true,"href":"https:\/\/xenonkungen.com\/de\/wp-json\/wp\/v2\/bilmarken?post=28116"},{"taxonomy":"product_brand","embeddable":true,"href":"https:\/\/xenonkungen.com\/de\/wp-json\/wp\/v2\/product_brand?post=28116"},{"taxonomy":"product_cat","embeddable":true,"href":"https:\/\/xenonkungen.com\/de\/wp-json\/wp\/v2\/product_cat?post=28116"},{"taxonomy":"product_tag","embeddable":true,"href":"https:\/\/xenonkungen.com\/de\/wp-json\/wp\/v2\/product_tag?post=28116"}],"curies":[{"name":"wp","href":"https:\/\/api.w.org\/{rel}","templated":true}]}}