{"id":28145,"date":"2026-03-18T10:16:01","date_gmt":"2026-03-18T09:16:01","guid":{"rendered":"https:\/\/xenonkungen.com\/?post_type=product&#038;p=28145"},"modified":"2026-05-12T14:41:31","modified_gmt":"2026-05-12T13:41:31","slug":"tershine-falgborste-45-cm","status":"publish","type":"product","link":"https:\/\/xenonkungen.com\/de\/produkt\/tershine-falgborste-45-cm\/","title":{"rendered":"Tershine Randb\u00fcrste 45 cm"},"content":{"rendered":"<p>Skonsam f\u00e4lgborste av mikrofiber med h\u00f6g kvalitet som g\u00f6r tv\u00e4tten av dina f\u00e4lgar till ett sant n\u00f6je.<\/p>\n<p><strong>Skonsam mot f\u00e4lgen<\/strong><strong><br \/>\nChemikalienbest\u00e4ndig<br \/>\nStor uppsugningsf\u00f6rm\u00e5ga av vatten<br \/>\nKan tv\u00e4ttas<br \/>\nHohe Qualit\u00e4t<\/strong><\/p>\n<p>Kvalitetsborste i mikrofiber och mjuk k\u00e4rna (som g\u00f6r att du kommer \u00e5t p\u00e5 lite tr\u00e4ngre st\u00e4llen) med ett ordentligt skaft och tershine -loggan i skumhandtaget. Kemresistent och t\u00e5l ordernligt tuffa tag. Skonsam f\u00f6r alla typer av f\u00e4lgar och ett m\u00e5ste i bilv\u00e5rdsarsenalen.<\/p>\n<p>Om ni inte kommer in mellan bromsok och f\u00e4lgen s\u00e5 flytta bilen 50cm fram\u00e5t n\u00e4r ni gjort \u00f6vriga delar.<\/p>\n<p>L\u00e4ngd 45 cm<br \/>\nTjocklek ca 7 cm (ihoptryckt ca 5,5 cm)<\/p>\n<p>F\u00f6r er med st\u00f6ddiga bromsar (tight mellan f\u00e4lg) s\u00e5 kan det fungera b\u00e4ttre med pensel\/borste ist\u00e4llet.<\/p>","protected":false},"excerpt":{"rendered":"<p>Skonsam f\u00e4lgborste av mikrofiber med h\u00f6g kvalitet.<\/p>","protected":false},"featured_media":28147,"comment_status":"open","ping_status":"closed","template":"","meta":{"_acf_changed":false,"_smort_price_nok":"","_smort_price_dkk":"","_smort_price_eur":"","_smort_sale_price_nok":"","_smort_sale_price_dkk":"","_smort_sale_price_eur":"","smort_restorder":"","shipmondo_restorder":"","_kad_blocks_custom_css":"","_kad_blocks_head_custom_js":"","_kad_blocks_body_custom_js":"","_kad_blocks_footer_custom_js":"","smort_custom_pricelist_1":"127.36","smort_custom_pricelist_2":"127.36","smort_custom_pricelist_3":"127.36","smort_custom_pricelist_4":"159.2","smort_custom_pricelist_5":"127.36"},"anvandningsomrade":[],"bilmarken":[],"product_brand":[2893],"product_cat":[2988,2450,378],"product_tag":[],"class_list":{"0":"post-28145","1":"product","2":"type-product","3":"status-publish","4":"has-post-thumbnail","6":"product_brand-tershine","7":"product_cat-biltvatt","8":"product_cat-tillbehor-bilvard","9":"product_cat-bilvard","11":"first","12":"onbackorder","13":"taxable","14":"shipping-taxable","15":"purchasable","16":"product-type-simple"},"bundled_by":[],"bundle_stock_status":"onbackorder","bundle_stock_quantity":0,"bundle_virtual":false,"bundle_layout":"","bundle_add_to_cart_form_location":"","bundle_editable_in_cart":false,"bundle_sold_individually_context":"","bundle_item_grouping":"","bundle_min_size":"","bundle_max_size":"","bundle_price":[],"bundled_items":[],"bundle_sell_ids":[],"acf":[],"yoast_head":"<!-- This site is optimized with the Yoast SEO plugin v27.0 - https:\/\/yoast.com\/product\/yoast-seo-wordpress\/ -->\n<title>Tershine F\u00e4lgborste 45 cm - Xenonkungen<\/title>\n<meta name=\"robots\" content=\"index, follow, max-snippet:-1, max-image-preview:large, max-video-preview:-1\" \/>\n<link rel=\"canonical\" href=\"https:\/\/xenonkungen.com\/de\/produkt\/tershine-falgborste-45-cm\/\" \/>\n<meta property=\"og:locale\" content=\"de_DE\" \/>\n<meta property=\"og:type\" content=\"article\" \/>\n<meta property=\"og:title\" content=\"Tershine F\u00e4lgborste 45 cm - Xenonkungen\" \/>\n<meta property=\"og:description\" content=\"Skonsam f\u00e4lgborste av mikrofiber med h\u00f6g kvalitet.\" \/>\n<meta property=\"og:url\" content=\"https:\/\/xenonkungen.com\/de\/produkt\/tershine-falgborste-45-cm\/\" \/>\n<meta property=\"og:site_name\" content=\"Xenonkungen\" \/>\n<meta property=\"article:modified_time\" content=\"2026-05-12T13:41:31+00:00\" \/>\n<meta property=\"og:image\" content=\"https:\/\/xenonkungen.com\/wp-content\/uploads\/2026\/03\/NRnY3G163KC8JhJtPvN72AnfLXRFRkSL0N8oJaIg.webp\" \/>\n\t<meta property=\"og:image:width\" content=\"1024\" \/>\n\t<meta property=\"og:image:height\" content=\"1024\" \/>\n\t<meta property=\"og:image:type\" content=\"image\/webp\" \/>\n<meta name=\"twitter:card\" content=\"summary_large_image\" \/>\n<meta name=\"twitter:label1\" content=\"Gesch\u00e4tzte Lesezeit\" \/>\n\t<meta name=\"twitter:data1\" content=\"1\u00a0Minute\" \/>\n<script type=\"application\/ld+json\" class=\"yoast-schema-graph\">{\"@context\":\"https:\/\/schema.org\",\"@graph\":[{\"@type\":\"WebPage\",\"@id\":\"https:\/\/xenonkungen.com\/produkt\/tershine-falgborste-45-cm\/\",\"url\":\"https:\/\/xenonkungen.com\/produkt\/tershine-falgborste-45-cm\/\",\"name\":\"Tershine F\u00e4lgborste 45 cm - Xenonkungen\",\"isPartOf\":{\"@id\":\"https:\/\/xenonkungen.com\/#website\"},\"primaryImageOfPage\":{\"@id\":\"https:\/\/xenonkungen.com\/produkt\/tershine-falgborste-45-cm\/#primaryimage\"},\"image\":{\"@id\":\"https:\/\/xenonkungen.com\/produkt\/tershine-falgborste-45-cm\/#primaryimage\"},\"thumbnailUrl\":\"https:\/\/xenonkungen.com\/wp-content\/uploads\/2026\/03\/NRnY3G163KC8JhJtPvN72AnfLXRFRkSL0N8oJaIg.webp\",\"datePublished\":\"2026-03-18T09:16:01+00:00\",\"dateModified\":\"2026-05-12T13:41:31+00:00\",\"breadcrumb\":{\"@id\":\"https:\/\/xenonkungen.com\/produkt\/tershine-falgborste-45-cm\/#breadcrumb\"},\"inLanguage\":\"de\",\"potentialAction\":[{\"@type\":\"ReadAction\",\"target\":[\"https:\/\/xenonkungen.com\/produkt\/tershine-falgborste-45-cm\/\"]}]},{\"@type\":\"ImageObject\",\"inLanguage\":\"de\",\"@id\":\"https:\/\/xenonkungen.com\/produkt\/tershine-falgborste-45-cm\/#primaryimage\",\"url\":\"https:\/\/xenonkungen.com\/wp-content\/uploads\/2026\/03\/NRnY3G163KC8JhJtPvN72AnfLXRFRkSL0N8oJaIg.webp\",\"contentUrl\":\"https:\/\/xenonkungen.com\/wp-content\/uploads\/2026\/03\/NRnY3G163KC8JhJtPvN72AnfLXRFRkSL0N8oJaIg.webp\",\"width\":1024,\"height\":1024},{\"@type\":\"BreadcrumbList\",\"@id\":\"https:\/\/xenonkungen.com\/produkt\/tershine-falgborste-45-cm\/#breadcrumb\",\"itemListElement\":[{\"@type\":\"ListItem\",\"position\":1,\"name\":\"Hem\",\"item\":\"https:\/\/xenonkungen.com\/\"},{\"@type\":\"ListItem\",\"position\":2,\"name\":\"Shop\",\"item\":\"https:\/\/xenonkungen.com\/shop\/\"},{\"@type\":\"ListItem\",\"position\":3,\"name\":\"Tershine F\u00e4lgborste 45 cm\"}]},{\"@type\":\"WebSite\",\"@id\":\"https:\/\/xenonkungen.com\/#website\",\"url\":\"https:\/\/xenonkungen.com\/\",\"name\":\"Xenonkungen\",\"description\":\"\",\"potentialAction\":[{\"@type\":\"SearchAction\",\"target\":{\"@type\":\"EntryPoint\",\"urlTemplate\":\"https:\/\/xenonkungen.com\/?s={search_term_string}\"},\"query-input\":{\"@type\":\"PropertyValueSpecification\",\"valueRequired\":true,\"valueName\":\"search_term_string\"}}],\"inLanguage\":\"de\"}]}<\/script>\n<!-- \/ Yoast SEO plugin. -->","yoast_head_json":{"title":"Tershine F\u00e4lgborste 45 cm - Xenonkungen","robots":{"index":"index","follow":"follow","max-snippet":"max-snippet:-1","max-image-preview":"max-image-preview:large","max-video-preview":"max-video-preview:-1"},"canonical":"https:\/\/xenonkungen.com\/de\/produkt\/tershine-falgborste-45-cm\/","og_locale":"de_DE","og_type":"article","og_title":"Tershine F\u00e4lgborste 45 cm - Xenonkungen","og_description":"Skonsam f\u00e4lgborste av mikrofiber med h\u00f6g kvalitet.","og_url":"https:\/\/xenonkungen.com\/de\/produkt\/tershine-falgborste-45-cm\/","og_site_name":"Xenonkungen","article_modified_time":"2026-05-12T13:41:31+00:00","og_image":[{"width":1024,"height":1024,"url":"https:\/\/xenonkungen.com\/wp-content\/uploads\/2026\/03\/NRnY3G163KC8JhJtPvN72AnfLXRFRkSL0N8oJaIg.webp","type":"image\/webp"}],"twitter_card":"summary_large_image","twitter_misc":{"Gesch\u00e4tzte Lesezeit":"1\u00a0Minute"},"schema":{"@context":"https:\/\/schema.org","@graph":[{"@type":"WebPage","@id":"https:\/\/xenonkungen.com\/produkt\/tershine-falgborste-45-cm\/","url":"https:\/\/xenonkungen.com\/produkt\/tershine-falgborste-45-cm\/","name":"Tershine F\u00e4lgborste 45 cm - Xenonkungen","isPartOf":{"@id":"https:\/\/xenonkungen.com\/#website"},"primaryImageOfPage":{"@id":"https:\/\/xenonkungen.com\/produkt\/tershine-falgborste-45-cm\/#primaryimage"},"image":{"@id":"https:\/\/xenonkungen.com\/produkt\/tershine-falgborste-45-cm\/#primaryimage"},"thumbnailUrl":"https:\/\/xenonkungen.com\/wp-content\/uploads\/2026\/03\/NRnY3G163KC8JhJtPvN72AnfLXRFRkSL0N8oJaIg.webp","datePublished":"2026-03-18T09:16:01+00:00","dateModified":"2026-05-12T13:41:31+00:00","breadcrumb":{"@id":"https:\/\/xenonkungen.com\/produkt\/tershine-falgborste-45-cm\/#breadcrumb"},"inLanguage":"de","potentialAction":[{"@type":"ReadAction","target":["https:\/\/xenonkungen.com\/produkt\/tershine-falgborste-45-cm\/"]}]},{"@type":"ImageObject","inLanguage":"de","@id":"https:\/\/xenonkungen.com\/produkt\/tershine-falgborste-45-cm\/#primaryimage","url":"https:\/\/xenonkungen.com\/wp-content\/uploads\/2026\/03\/NRnY3G163KC8JhJtPvN72AnfLXRFRkSL0N8oJaIg.webp","contentUrl":"https:\/\/xenonkungen.com\/wp-content\/uploads\/2026\/03\/NRnY3G163KC8JhJtPvN72AnfLXRFRkSL0N8oJaIg.webp","width":1024,"height":1024},{"@type":"BreadcrumbList","@id":"https:\/\/xenonkungen.com\/produkt\/tershine-falgborste-45-cm\/#breadcrumb","itemListElement":[{"@type":"ListItem","position":1,"name":"Hem","item":"https:\/\/xenonkungen.com\/"},{"@type":"ListItem","position":2,"name":"Shop","item":"https:\/\/xenonkungen.com\/shop\/"},{"@type":"ListItem","position":3,"name":"Tershine F\u00e4lgborste 45 cm"}]},{"@type":"WebSite","@id":"https:\/\/xenonkungen.com\/#website","url":"https:\/\/xenonkungen.com\/","name":"Xenonkungen","description":"","potentialAction":[{"@type":"SearchAction","target":{"@type":"EntryPoint","urlTemplate":"https:\/\/xenonkungen.com\/?s={search_term_string}"},"query-input":{"@type":"PropertyValueSpecification","valueRequired":true,"valueName":"search_term_string"}}],"inLanguage":"de"}]}},"taxonomy_info":{"product_brand":[{"value":2893,"label":"Tershine"}],"product_cat":[{"value":2988,"label":"1 | Biltv\u00e4tt"},{"value":2450,"label":"6 | Tillbeh\u00f6r"},{"value":378,"label":"Bilv\u00e5rd"}]},"featured_image_src_large":["https:\/\/xenonkungen.com\/wp-content\/uploads\/2026\/03\/NRnY3G163KC8JhJtPvN72AnfLXRFRkSL0N8oJaIg.webp",1024,1024,false],"author_info":[],"comment_info":0,"_links":{"self":[{"href":"https:\/\/xenonkungen.com\/de\/wp-json\/wp\/v2\/product\/28145","targetHints":{"allow":["GET"]}}],"collection":[{"href":"https:\/\/xenonkungen.com\/de\/wp-json\/wp\/v2\/product"}],"about":[{"href":"https:\/\/xenonkungen.com\/de\/wp-json\/wp\/v2\/types\/product"}],"replies":[{"embeddable":true,"href":"https:\/\/xenonkungen.com\/de\/wp-json\/wp\/v2\/comments?post=28145"}],"wp:featuredmedia":[{"embeddable":true,"href":"https:\/\/xenonkungen.com\/de\/wp-json\/wp\/v2\/media\/28147"}],"wp:attachment":[{"href":"https:\/\/xenonkungen.com\/de\/wp-json\/wp\/v2\/media?parent=28145"}],"wp:term":[{"taxonomy":"anvandningsomrade","embeddable":true,"href":"https:\/\/xenonkungen.com\/de\/wp-json\/wp\/v2\/anvandningsomrade?post=28145"},{"taxonomy":"bilmarken","embeddable":true,"href":"https:\/\/xenonkungen.com\/de\/wp-json\/wp\/v2\/bilmarken?post=28145"},{"taxonomy":"product_brand","embeddable":true,"href":"https:\/\/xenonkungen.com\/de\/wp-json\/wp\/v2\/product_brand?post=28145"},{"taxonomy":"product_cat","embeddable":true,"href":"https:\/\/xenonkungen.com\/de\/wp-json\/wp\/v2\/product_cat?post=28145"},{"taxonomy":"product_tag","embeddable":true,"href":"https:\/\/xenonkungen.com\/de\/wp-json\/wp\/v2\/product_tag?post=28145"}],"curies":[{"name":"wp","href":"https:\/\/api.w.org\/{rel}","templated":true}]}}