{"id":28989,"date":"2026-04-09T08:03:55","date_gmt":"2026-04-09T07:03:55","guid":{"rendered":"https:\/\/xenonkungen.com\/?post_type=product&#038;p=28989"},"modified":"2026-04-09T09:01:53","modified_gmt":"2026-04-09T08:01:53","slug":"meguiars-dubai-sands-whole-car-air-re-fresher","status":"publish","type":"product","link":"https:\/\/xenonkungen.com\/de\/produkt\/meguiars-dubai-sands-whole-car-air-re-fresher\/","title":{"rendered":"Meguiar&#039;s Dubai Sands Auto-Lufterfrischer"},"content":{"rendered":"<p>Upplev den ultimata doftuppgraderingen med\u00a0<strong>Dubai Sands Whole Car Air Re-Fresher<\/strong>. Denna produkt \u00e4r en del av Meguiar&#8217;s exklusiva Luxury Collection och erbjuder en sofistikerad doftblandning av\u00a0<em>havssalt, mandarin<\/em>\u00a0und\u00a0<em>ekmossa<\/em>. Den skapar en lugnande atmosf\u00e4r som p\u00e5minner om en stillsam retreat.<\/p>\n<p><strong>F\u00e4rg och Design:<\/strong>\u00a0Produkten kommer i en elegant sprayflaska med en f\u00e4rgpalett som speglar solnedg\u00e5ngens varma toner, vilket f\u00f6rst\u00e4rker den lyxiga k\u00e4nslan. Etiketten visar klar och tydlig information om doftnoterna och produktens effektivitet.<\/p>\n<p><strong>Funktionalit\u00e4t:<\/strong>\u00a0Med sitt\u00a0<em>hela bilens doftbek\u00e4mpningssystem<\/em>\u00a0eliminerar den effektivt o\u00f6nskade lukter som cigarettr\u00f6k, matos och svettiga gymkl\u00e4der. Det \u00e4r enkelt att anv\u00e4nda och ger en l\u00e5ngvarig doft som varar i upp till flera veckor.<\/p>\n<p>F\u00f6rvandla din bil till en oas av friskhet och avkoppling med Dubai Sands Air Re-Fresher.<\/p>\n<p><strong>Inhalt (g):<\/strong> 57<\/p>","protected":false},"excerpt":{"rendered":"<p>Lyxig doftkombination av havssalt, mandarin och ekmossa. Neutraliserar o\u00f6nskade lukter effektivt och varar i flera veckor.<\/p>","protected":false},"featured_media":28991,"comment_status":"open","ping_status":"closed","template":"","meta":{"_acf_changed":false,"_smort_price_nok":"","_smort_price_dkk":"","_smort_price_eur":"","_smort_sale_price_nok":"","_smort_sale_price_dkk":"","_smort_sale_price_eur":"","smort_restorder":"","shipmondo_restorder":"","_kad_blocks_custom_css":"","_kad_blocks_head_custom_js":"","_kad_blocks_body_custom_js":"","_kad_blocks_footer_custom_js":"","smort_custom_pricelist_1":"146.56","smort_custom_pricelist_2":"146.56","smort_custom_pricelist_3":"146.56","smort_custom_pricelist_4":"183.2","smort_custom_pricelist_5":"146.56"},"anvandningsomrade":[],"bilmarken":[],"product_brand":[1383],"product_cat":[2986,2447,2991,378],"product_tag":[],"class_list":{"0":"post-28989","1":"product","2":"type-product","3":"status-publish","4":"has-post-thumbnail","6":"product_brand-meguiars","7":"product_cat-bilvard-och-tillbehor","8":"product_cat-doft","9":"product_cat-luktborttagning-doft","10":"product_cat-bilvard","12":"first","13":"onbackorder","14":"taxable","15":"shipping-taxable","16":"purchasable","17":"product-type-simple"},"bundled_by":[],"bundle_stock_status":"onbackorder","bundle_stock_quantity":null,"bundle_virtual":false,"bundle_layout":"","bundle_add_to_cart_form_location":"","bundle_editable_in_cart":false,"bundle_sold_individually_context":"","bundle_item_grouping":"","bundle_min_size":"","bundle_max_size":"","bundle_price":[],"bundled_items":[],"bundle_sell_ids":[],"acf":[],"yoast_head":"<!-- This site is optimized with the Yoast SEO plugin v27.0 - https:\/\/yoast.com\/product\/yoast-seo-wordpress\/ -->\n<title>Meguiar&#039;s Dubai Sands Whole Car Air Re-Fresher - Xenonkungen Meguiar\u2019s Dubai Sands Air Re-Fresher \u2013 Lyxig doft &amp; luktborttagning<\/title>\n<meta name=\"description\" content=\"Lyxig bildoft med havssalt, mandarin &amp; ekmossa. Meguiar\u2019s Dubai Sands eliminerar lukt och ger l\u00e5ngvarig fr\u00e4sch\u00f6r i hela bilen.\" \/>\n<meta name=\"robots\" content=\"index, follow, max-snippet:-1, max-image-preview:large, max-video-preview:-1\" \/>\n<link rel=\"canonical\" href=\"https:\/\/xenonkungen.com\/de\/produkt\/meguiars-dubai-sands-whole-car-air-re-fresher\/\" \/>\n<meta property=\"og:locale\" content=\"de_DE\" \/>\n<meta property=\"og:type\" content=\"article\" \/>\n<meta property=\"og:title\" content=\"Meguiar&#039;s Dubai Sands Whole Car Air Re-Fresher - Xenonkungen Meguiar\u2019s Dubai Sands Air Re-Fresher \u2013 Lyxig doft &amp; luktborttagning\" \/>\n<meta property=\"og:description\" content=\"Lyxig bildoft med havssalt, mandarin &amp; ekmossa. Meguiar\u2019s Dubai Sands eliminerar lukt och ger l\u00e5ngvarig fr\u00e4sch\u00f6r i hela bilen.\" \/>\n<meta property=\"og:url\" content=\"https:\/\/xenonkungen.com\/de\/produkt\/meguiars-dubai-sands-whole-car-air-re-fresher\/\" \/>\n<meta property=\"og:site_name\" content=\"Xenonkungen\" \/>\n<meta property=\"article:modified_time\" content=\"2026-04-09T08:01:53+00:00\" \/>\n<meta property=\"og:image\" content=\"https:\/\/xenonkungen.com\/wp-content\/uploads\/2026\/04\/eyJrZXkiOiJzdG9yZV8yMzljN2Q0Yy01ODY4LTQ5NmEtYjM0NS1iN2I4OWIyODVhMTJcL2ltYWdlc1wvZTl4STdTTGR2YThjeW94cEVVd2llOTVpU0JEenluTUFPSUJZQWtzUS5wbmciLC.webp\" \/>\n\t<meta property=\"og:image:width\" content=\"1024\" \/>\n\t<meta property=\"og:image:height\" content=\"1024\" \/>\n\t<meta property=\"og:image:type\" content=\"image\/webp\" \/>\n<meta name=\"twitter:card\" content=\"summary_large_image\" \/>\n<meta name=\"twitter:label1\" content=\"Gesch\u00e4tzte Lesezeit\" \/>\n\t<meta name=\"twitter:data1\" content=\"1\u00a0Minute\" \/>\n<script type=\"application\/ld+json\" class=\"yoast-schema-graph\">{\"@context\":\"https:\/\/schema.org\",\"@graph\":[{\"@type\":\"WebPage\",\"@id\":\"https:\/\/xenonkungen.com\/produkt\/meguiars-dubai-sands-whole-car-air-re-fresher\/\",\"url\":\"https:\/\/xenonkungen.com\/produkt\/meguiars-dubai-sands-whole-car-air-re-fresher\/\",\"name\":\"Meguiar's Dubai Sands Whole Car Air Re-Fresher - Xenonkungen Meguiar\u2019s Dubai Sands Air Re-Fresher \u2013 Lyxig doft & luktborttagning\",\"isPartOf\":{\"@id\":\"https:\/\/xenonkungen.com\/#website\"},\"primaryImageOfPage\":{\"@id\":\"https:\/\/xenonkungen.com\/produkt\/meguiars-dubai-sands-whole-car-air-re-fresher\/#primaryimage\"},\"image\":{\"@id\":\"https:\/\/xenonkungen.com\/produkt\/meguiars-dubai-sands-whole-car-air-re-fresher\/#primaryimage\"},\"thumbnailUrl\":\"https:\/\/xenonkungen.com\/wp-content\/uploads\/2026\/04\/eyJrZXkiOiJzdG9yZV8yMzljN2Q0Yy01ODY4LTQ5NmEtYjM0NS1iN2I4OWIyODVhMTJcL2ltYWdlc1wvZTl4STdTTGR2YThjeW94cEVVd2llOTVpU0JEenluTUFPSUJZQWtzUS5wbmciLC.webp\",\"datePublished\":\"2026-04-09T07:03:55+00:00\",\"dateModified\":\"2026-04-09T08:01:53+00:00\",\"description\":\"Lyxig bildoft med havssalt, mandarin & ekmossa. Meguiar\u2019s Dubai Sands eliminerar lukt och ger l\u00e5ngvarig fr\u00e4sch\u00f6r i hela bilen.\",\"breadcrumb\":{\"@id\":\"https:\/\/xenonkungen.com\/produkt\/meguiars-dubai-sands-whole-car-air-re-fresher\/#breadcrumb\"},\"inLanguage\":\"de\",\"potentialAction\":[{\"@type\":\"ReadAction\",\"target\":[\"https:\/\/xenonkungen.com\/produkt\/meguiars-dubai-sands-whole-car-air-re-fresher\/\"]}]},{\"@type\":\"ImageObject\",\"inLanguage\":\"de\",\"@id\":\"https:\/\/xenonkungen.com\/produkt\/meguiars-dubai-sands-whole-car-air-re-fresher\/#primaryimage\",\"url\":\"https:\/\/xenonkungen.com\/wp-content\/uploads\/2026\/04\/eyJrZXkiOiJzdG9yZV8yMzljN2Q0Yy01ODY4LTQ5NmEtYjM0NS1iN2I4OWIyODVhMTJcL2ltYWdlc1wvZTl4STdTTGR2YThjeW94cEVVd2llOTVpU0JEenluTUFPSUJZQWtzUS5wbmciLC.webp\",\"contentUrl\":\"https:\/\/xenonkungen.com\/wp-content\/uploads\/2026\/04\/eyJrZXkiOiJzdG9yZV8yMzljN2Q0Yy01ODY4LTQ5NmEtYjM0NS1iN2I4OWIyODVhMTJcL2ltYWdlc1wvZTl4STdTTGR2YThjeW94cEVVd2llOTVpU0JEenluTUFPSUJZQWtzUS5wbmciLC.webp\",\"width\":1024,\"height\":1024},{\"@type\":\"BreadcrumbList\",\"@id\":\"https:\/\/xenonkungen.com\/produkt\/meguiars-dubai-sands-whole-car-air-re-fresher\/#breadcrumb\",\"itemListElement\":[{\"@type\":\"ListItem\",\"position\":1,\"name\":\"Hem\",\"item\":\"https:\/\/xenonkungen.com\/\"},{\"@type\":\"ListItem\",\"position\":2,\"name\":\"Shop\",\"item\":\"https:\/\/xenonkungen.com\/shop\/\"},{\"@type\":\"ListItem\",\"position\":3,\"name\":\"Meguiar&#8217;s Dubai Sands Whole Car Air Re-Fresher\"}]},{\"@type\":\"WebSite\",\"@id\":\"https:\/\/xenonkungen.com\/#website\",\"url\":\"https:\/\/xenonkungen.com\/\",\"name\":\"Xenonkungen\",\"description\":\"\",\"potentialAction\":[{\"@type\":\"SearchAction\",\"target\":{\"@type\":\"EntryPoint\",\"urlTemplate\":\"https:\/\/xenonkungen.com\/?s={search_term_string}\"},\"query-input\":{\"@type\":\"PropertyValueSpecification\",\"valueRequired\":true,\"valueName\":\"search_term_string\"}}],\"inLanguage\":\"de\"}]}<\/script>\n<!-- \/ Yoast SEO plugin. -->","yoast_head_json":{"title":"Meguiar's Dubai Sands Whole Car Air Re-Fresher - Xenonkungen Meguiar\u2019s Dubai Sands Air Re-Fresher \u2013 Lyxig doft & luktborttagning","description":"Lyxig bildoft med havssalt, mandarin & ekmossa. Meguiar\u2019s Dubai Sands eliminerar lukt och ger l\u00e5ngvarig fr\u00e4sch\u00f6r i hela bilen.","robots":{"index":"index","follow":"follow","max-snippet":"max-snippet:-1","max-image-preview":"max-image-preview:large","max-video-preview":"max-video-preview:-1"},"canonical":"https:\/\/xenonkungen.com\/de\/produkt\/meguiars-dubai-sands-whole-car-air-re-fresher\/","og_locale":"de_DE","og_type":"article","og_title":"Meguiar's Dubai Sands Whole Car Air Re-Fresher - Xenonkungen Meguiar\u2019s Dubai Sands Air Re-Fresher \u2013 Lyxig doft & luktborttagning","og_description":"Lyxig bildoft med havssalt, mandarin & ekmossa. Meguiar\u2019s Dubai Sands eliminerar lukt och ger l\u00e5ngvarig fr\u00e4sch\u00f6r i hela bilen.","og_url":"https:\/\/xenonkungen.com\/de\/produkt\/meguiars-dubai-sands-whole-car-air-re-fresher\/","og_site_name":"Xenonkungen","article_modified_time":"2026-04-09T08:01:53+00:00","og_image":[{"width":1024,"height":1024,"url":"https:\/\/xenonkungen.com\/wp-content\/uploads\/2026\/04\/eyJrZXkiOiJzdG9yZV8yMzljN2Q0Yy01ODY4LTQ5NmEtYjM0NS1iN2I4OWIyODVhMTJcL2ltYWdlc1wvZTl4STdTTGR2YThjeW94cEVVd2llOTVpU0JEenluTUFPSUJZQWtzUS5wbmciLC.webp","type":"image\/webp"}],"twitter_card":"summary_large_image","twitter_misc":{"Gesch\u00e4tzte Lesezeit":"1\u00a0Minute"},"schema":{"@context":"https:\/\/schema.org","@graph":[{"@type":"WebPage","@id":"https:\/\/xenonkungen.com\/produkt\/meguiars-dubai-sands-whole-car-air-re-fresher\/","url":"https:\/\/xenonkungen.com\/produkt\/meguiars-dubai-sands-whole-car-air-re-fresher\/","name":"Meguiar's Dubai Sands Whole Car Air Re-Fresher - Xenonkungen Meguiar\u2019s Dubai Sands Air Re-Fresher \u2013 Lyxig doft & luktborttagning","isPartOf":{"@id":"https:\/\/xenonkungen.com\/#website"},"primaryImageOfPage":{"@id":"https:\/\/xenonkungen.com\/produkt\/meguiars-dubai-sands-whole-car-air-re-fresher\/#primaryimage"},"image":{"@id":"https:\/\/xenonkungen.com\/produkt\/meguiars-dubai-sands-whole-car-air-re-fresher\/#primaryimage"},"thumbnailUrl":"https:\/\/xenonkungen.com\/wp-content\/uploads\/2026\/04\/eyJrZXkiOiJzdG9yZV8yMzljN2Q0Yy01ODY4LTQ5NmEtYjM0NS1iN2I4OWIyODVhMTJcL2ltYWdlc1wvZTl4STdTTGR2YThjeW94cEVVd2llOTVpU0JEenluTUFPSUJZQWtzUS5wbmciLC.webp","datePublished":"2026-04-09T07:03:55+00:00","dateModified":"2026-04-09T08:01:53+00:00","description":"Lyxig bildoft med havssalt, mandarin & ekmossa. Meguiar\u2019s Dubai Sands eliminerar lukt och ger l\u00e5ngvarig fr\u00e4sch\u00f6r i hela bilen.","breadcrumb":{"@id":"https:\/\/xenonkungen.com\/produkt\/meguiars-dubai-sands-whole-car-air-re-fresher\/#breadcrumb"},"inLanguage":"de","potentialAction":[{"@type":"ReadAction","target":["https:\/\/xenonkungen.com\/produkt\/meguiars-dubai-sands-whole-car-air-re-fresher\/"]}]},{"@type":"ImageObject","inLanguage":"de","@id":"https:\/\/xenonkungen.com\/produkt\/meguiars-dubai-sands-whole-car-air-re-fresher\/#primaryimage","url":"https:\/\/xenonkungen.com\/wp-content\/uploads\/2026\/04\/eyJrZXkiOiJzdG9yZV8yMzljN2Q0Yy01ODY4LTQ5NmEtYjM0NS1iN2I4OWIyODVhMTJcL2ltYWdlc1wvZTl4STdTTGR2YThjeW94cEVVd2llOTVpU0JEenluTUFPSUJZQWtzUS5wbmciLC.webp","contentUrl":"https:\/\/xenonkungen.com\/wp-content\/uploads\/2026\/04\/eyJrZXkiOiJzdG9yZV8yMzljN2Q0Yy01ODY4LTQ5NmEtYjM0NS1iN2I4OWIyODVhMTJcL2ltYWdlc1wvZTl4STdTTGR2YThjeW94cEVVd2llOTVpU0JEenluTUFPSUJZQWtzUS5wbmciLC.webp","width":1024,"height":1024},{"@type":"BreadcrumbList","@id":"https:\/\/xenonkungen.com\/produkt\/meguiars-dubai-sands-whole-car-air-re-fresher\/#breadcrumb","itemListElement":[{"@type":"ListItem","position":1,"name":"Hem","item":"https:\/\/xenonkungen.com\/"},{"@type":"ListItem","position":2,"name":"Shop","item":"https:\/\/xenonkungen.com\/shop\/"},{"@type":"ListItem","position":3,"name":"Meguiar&#8217;s Dubai Sands Whole Car Air Re-Fresher"}]},{"@type":"WebSite","@id":"https:\/\/xenonkungen.com\/#website","url":"https:\/\/xenonkungen.com\/","name":"Xenonkungen","description":"","potentialAction":[{"@type":"SearchAction","target":{"@type":"EntryPoint","urlTemplate":"https:\/\/xenonkungen.com\/?s={search_term_string}"},"query-input":{"@type":"PropertyValueSpecification","valueRequired":true,"valueName":"search_term_string"}}],"inLanguage":"de"}]}},"taxonomy_info":{"product_brand":[{"value":1383,"label":"Meguiar's"}],"product_cat":[{"value":2986,"label":"Bilv\u00e5rd &amp; Tillbeh\u00f6r"},{"value":2447,"label":"Doft"},{"value":2991,"label":"Luktborttagning \/ Doft"},{"value":378,"label":"Bilv\u00e5rd"}]},"featured_image_src_large":["https:\/\/xenonkungen.com\/wp-content\/uploads\/2026\/04\/eyJrZXkiOiJzdG9yZV8yMzljN2Q0Yy01ODY4LTQ5NmEtYjM0NS1iN2I4OWIyODVhMTJcL2ltYWdlc1wvZTl4STdTTGR2YThjeW94cEVVd2llOTVpU0JEenluTUFPSUJZQWtzUS5wbmciLC.webp",1024,1024,false],"author_info":[],"comment_info":0,"_links":{"self":[{"href":"https:\/\/xenonkungen.com\/de\/wp-json\/wp\/v2\/product\/28989","targetHints":{"allow":["GET"]}}],"collection":[{"href":"https:\/\/xenonkungen.com\/de\/wp-json\/wp\/v2\/product"}],"about":[{"href":"https:\/\/xenonkungen.com\/de\/wp-json\/wp\/v2\/types\/product"}],"replies":[{"embeddable":true,"href":"https:\/\/xenonkungen.com\/de\/wp-json\/wp\/v2\/comments?post=28989"}],"wp:featuredmedia":[{"embeddable":true,"href":"https:\/\/xenonkungen.com\/de\/wp-json\/wp\/v2\/media\/28991"}],"wp:attachment":[{"href":"https:\/\/xenonkungen.com\/de\/wp-json\/wp\/v2\/media?parent=28989"}],"wp:term":[{"taxonomy":"anvandningsomrade","embeddable":true,"href":"https:\/\/xenonkungen.com\/de\/wp-json\/wp\/v2\/anvandningsomrade?post=28989"},{"taxonomy":"bilmarken","embeddable":true,"href":"https:\/\/xenonkungen.com\/de\/wp-json\/wp\/v2\/bilmarken?post=28989"},{"taxonomy":"product_brand","embeddable":true,"href":"https:\/\/xenonkungen.com\/de\/wp-json\/wp\/v2\/product_brand?post=28989"},{"taxonomy":"product_cat","embeddable":true,"href":"https:\/\/xenonkungen.com\/de\/wp-json\/wp\/v2\/product_cat?post=28989"},{"taxonomy":"product_tag","embeddable":true,"href":"https:\/\/xenonkungen.com\/de\/wp-json\/wp\/v2\/product_tag?post=28989"}],"curies":[{"name":"wp","href":"https:\/\/api.w.org\/{rel}","templated":true}]}}