{"id":29079,"date":"2026-04-10T12:03:19","date_gmt":"2026-04-10T11:03:19","guid":{"rendered":"https:\/\/xenonkungen.com\/?post_type=product&#038;p=29079"},"modified":"2026-04-10T12:24:47","modified_gmt":"2026-04-10T11:24:47","slug":"ozz-wb1-r65-20-arbetsljusramp-rott-positionsljus","status":"publish","type":"product","link":"https:\/\/xenonkungen.com\/de\/produkt\/ozz-wb1-r65-20-arbetsljusramp-rott-positionsljus\/","title":{"rendered":"OZZ WB1 R65 20\u2033 Arbeitsscheinwerferleiste | Rotes Positionslicht"},"content":{"rendered":"<p data-start=\"381\" data-end=\"434\"><strong data-start=\"381\" data-end=\"432\">Extrem ljusstyrka f\u00f6r maximal sikt och s\u00e4kerhet<\/strong><\/p>\n<p data-start=\"436\" data-end=\"700\">OZZ WB1 P20\u201d 65 \u00e4r en h\u00f6gpresterande arbetsljusramp utvecklad f\u00f6r yrkesf\u00f6rare, offroad och industriella milj\u00f6er. Med hela 9050 lumen och en r\u00e4ckvidd p\u00e5 upp till 165 meter f\u00e5r du ett kraftfullt och brett ljus som ger optimal sikt i m\u00f6rker och kr\u00e4vande f\u00f6rh\u00e5llanden.<\/p>\n<h2 data-section-id=\"18r1gl1\" data-start=\"702\" data-end=\"757\"><span role=\"text\"><strong data-start=\"705\" data-end=\"755\">\u00d6kad synlighet med positions- och varningsljus<\/strong><\/span><\/h2>\n<p data-start=\"758\" data-end=\"989\">Rampen \u00e4r utrustad med ett dynamiskt r\u00f6tt positionsljus samt ett integrerat orange varningsljus (ECE R65 klass 2), vilket g\u00f6r dig extra synlig i alla situationer. Perfekt f\u00f6r arbetsfordon, entreprenad och s\u00e4kerhetskr\u00e4vande milj\u00f6er.<\/p>\n<h2 data-section-id=\"156hpfp\" data-start=\"991\" data-end=\"1030\"><span role=\"text\"><strong data-start=\"994\" data-end=\"1028\">Konzipiert f\u00fcr extreme Bedingungen<\/strong><\/span><\/h2>\n<p data-start=\"1031\" data-end=\"1226\">Tillverkad i robust aluminium och slagt\u00e5ligt polykarbonat \u00e4r WB1 konstruerad f\u00f6r att klara h\u00e5rda tag. Med IP68\/IP69K-klassning st\u00e5r den emot b\u00e5de damm, smuts och vatten \u2013 \u00e4ven vid h\u00f6gtryckstv\u00e4tt.<\/p>\n<h2 data-section-id=\"1r0h27t\" data-start=\"1228\" data-end=\"1271\"><span role=\"text\"><strong data-start=\"1231\" data-end=\"1269\">Certifierad och p\u00e5litlig prestanda<\/strong><\/span><\/h2>\n<p data-start=\"1272\" data-end=\"1519\">OZZ WB1 \u00e4r E-godk\u00e4nd enligt ECE R148 och R65 klass 2 samt EMC-certifierad enligt ECE R10 f\u00f6r st\u00f6rningsfri drift. Med en f\u00e4rgtemperatur p\u00e5 5000K f\u00e5r du ett behagligt och effektivt arbetsljus, och med 3 \u00e5rs garanti kan du k\u00e4nna dig trygg i ditt val.<\/p>","protected":false},"excerpt":{"rendered":"<p>Kraftfull arbetsljusramp med 9050 lumen, r\u00f6tt positionsljus och integrerat varningsljus. Byggd f\u00f6r tuffa milj\u00f6er med IP68\/69K och upp till 165 meters r\u00e4ckvidd.<\/p>","protected":false},"featured_media":29084,"comment_status":"open","ping_status":"closed","template":"","meta":{"_acf_changed":false,"_smort_price_nok":"","_smort_price_dkk":"","_smort_price_eur":"","_smort_sale_price_nok":"","_smort_sale_price_dkk":"","_smort_sale_price_eur":"","smort_restorder":"","shipmondo_restorder":"","_kad_blocks_custom_css":"","_kad_blocks_head_custom_js":"","_kad_blocks_body_custom_js":"","_kad_blocks_footer_custom_js":"","smort_custom_pricelist_1":"3200","smort_custom_pricelist_2":"3200","smort_custom_pricelist_3":"3200","smort_custom_pricelist_4":"4000","smort_custom_pricelist_5":"3200"},"anvandningsomrade":[],"bilmarken":[],"product_brand":[1051,109],"product_cat":[2551,508],"product_tag":[],"class_list":{"0":"post-29079","1":"product","2":"type-product","3":"status-publish","4":"has-post-thumbnail","6":"product_brand-ozz","7":"product_brand-ozz-lights","8":"product_cat-arbetsljusramp-arbetsbelysning","9":"product_cat-arbetsbelysning","10":"pa_fargtemperatur-5000k","11":"pa_fuktskydd-varde-ipxx-ip68-ip69k","12":"pa_lampsockel-kontakt-dt-3","13":"pa_ljusbild-driving","14":"pa_storlek-mm-5415x503x70","15":"pa_stromforbrukning-542a-24v","16":"pa_stromforbrukning-9a-137v","17":"pa_volt-v-multivolt-10-12-16-18-24-28-30-32","19":"first","20":"onbackorder","21":"taxable","22":"shipping-taxable","23":"purchasable","24":"product-type-simple"},"bundled_by":[],"bundle_stock_status":"onbackorder","bundle_stock_quantity":null,"bundle_virtual":false,"bundle_layout":"","bundle_add_to_cart_form_location":"","bundle_editable_in_cart":false,"bundle_sold_individually_context":"","bundle_item_grouping":"","bundle_min_size":"","bundle_max_size":"","bundle_price":[],"bundled_items":[],"bundle_sell_ids":[],"acf":[],"yoast_head":"<!-- This site is optimized with the Yoast SEO plugin v27.0 - https:\/\/yoast.com\/product\/yoast-seo-wordpress\/ -->\n<title>OZZ WB1 R65 20&quot; Arbetsljusramp | R\u00f6tt positionsljus - Xenonkungen Arbetsljusramp WB1 P20&quot; 9050lm Varningsljus &amp; R\u00f6tt Positionsljus, OZZ - Xenonkungen<\/title>\n<meta name=\"description\" content=\"K\u00f6p OZZ WB1 P20&quot; arbetsljusramp med 9050 lumen, r\u00f6tt positionsljus och varningsljus. IP68\/69K. Snabb leverans. \u00d6ppet k\u00f6p 30 dagar. xenonkungen.com\" \/>\n<meta name=\"robots\" content=\"index, follow, max-snippet:-1, max-image-preview:large, max-video-preview:-1\" \/>\n<link rel=\"canonical\" href=\"https:\/\/xenonkungen.com\/de\/produkt\/ozz-wb1-r65-20-arbetsljusramp-rott-positionsljus\/\" \/>\n<meta property=\"og:locale\" content=\"de_DE\" \/>\n<meta property=\"og:type\" content=\"article\" \/>\n<meta property=\"og:title\" content=\"OZZ WB1 R65 20&quot; Arbetsljusramp | R\u00f6tt positionsljus - Xenonkungen Arbetsljusramp WB1 P20&quot; 9050lm Varningsljus &amp; R\u00f6tt Positionsljus, OZZ - Xenonkungen\" \/>\n<meta property=\"og:description\" content=\"K\u00f6p OZZ WB1 P20&quot; arbetsljusramp med 9050 lumen, r\u00f6tt positionsljus och varningsljus. IP68\/69K. Snabb leverans. \u00d6ppet k\u00f6p 30 dagar. xenonkungen.com\" \/>\n<meta property=\"og:url\" content=\"https:\/\/xenonkungen.com\/de\/produkt\/ozz-wb1-r65-20-arbetsljusramp-rott-positionsljus\/\" \/>\n<meta property=\"og:site_name\" content=\"Xenonkungen\" \/>\n<meta property=\"article:modified_time\" content=\"2026-04-10T11:24:47+00:00\" \/>\n<meta property=\"og:image\" content=\"https:\/\/xenonkungen.com\/wp-content\/uploads\/2026\/04\/88505.png\" \/>\n\t<meta property=\"og:image:width\" content=\"2024\" \/>\n\t<meta property=\"og:image:height\" content=\"2024\" \/>\n\t<meta property=\"og:image:type\" content=\"image\/png\" \/>\n<meta name=\"twitter:card\" content=\"summary_large_image\" \/>\n<meta name=\"twitter:label1\" content=\"Gesch\u00e4tzte Lesezeit\" \/>\n\t<meta name=\"twitter:data1\" content=\"2\u00a0Minuten\" \/>\n<script type=\"application\/ld+json\" class=\"yoast-schema-graph\">{\"@context\":\"https:\/\/schema.org\",\"@graph\":[{\"@type\":\"WebPage\",\"@id\":\"https:\/\/xenonkungen.com\/produkt\/ozz-wb1-r65-20-arbetsljusramp-rott-positionsljus\/\",\"url\":\"https:\/\/xenonkungen.com\/produkt\/ozz-wb1-r65-20-arbetsljusramp-rott-positionsljus\/\",\"name\":\"OZZ WB1 R65 20\\\" Arbetsljusramp | R\u00f6tt positionsljus - Xenonkungen Arbetsljusramp WB1 P20\\\" 9050lm Varningsljus & R\u00f6tt Positionsljus, OZZ - Xenonkungen\",\"isPartOf\":{\"@id\":\"https:\/\/xenonkungen.com\/#website\"},\"primaryImageOfPage\":{\"@id\":\"https:\/\/xenonkungen.com\/produkt\/ozz-wb1-r65-20-arbetsljusramp-rott-positionsljus\/#primaryimage\"},\"image\":{\"@id\":\"https:\/\/xenonkungen.com\/produkt\/ozz-wb1-r65-20-arbetsljusramp-rott-positionsljus\/#primaryimage\"},\"thumbnailUrl\":\"https:\/\/xenonkungen.com\/wp-content\/uploads\/2026\/04\/88505.png\",\"datePublished\":\"2026-04-10T11:03:19+00:00\",\"dateModified\":\"2026-04-10T11:24:47+00:00\",\"description\":\"K\u00f6p OZZ WB1 P20\\\" arbetsljusramp med 9050 lumen, r\u00f6tt positionsljus och varningsljus. IP68\/69K. Snabb leverans. \u00d6ppet k\u00f6p 30 dagar. xenonkungen.com\",\"breadcrumb\":{\"@id\":\"https:\/\/xenonkungen.com\/produkt\/ozz-wb1-r65-20-arbetsljusramp-rott-positionsljus\/#breadcrumb\"},\"inLanguage\":\"de\",\"potentialAction\":[{\"@type\":\"ReadAction\",\"target\":[\"https:\/\/xenonkungen.com\/produkt\/ozz-wb1-r65-20-arbetsljusramp-rott-positionsljus\/\"]}]},{\"@type\":\"ImageObject\",\"inLanguage\":\"de\",\"@id\":\"https:\/\/xenonkungen.com\/produkt\/ozz-wb1-r65-20-arbetsljusramp-rott-positionsljus\/#primaryimage\",\"url\":\"https:\/\/xenonkungen.com\/wp-content\/uploads\/2026\/04\/88505.png\",\"contentUrl\":\"https:\/\/xenonkungen.com\/wp-content\/uploads\/2026\/04\/88505.png\",\"width\":2024,\"height\":2024},{\"@type\":\"BreadcrumbList\",\"@id\":\"https:\/\/xenonkungen.com\/produkt\/ozz-wb1-r65-20-arbetsljusramp-rott-positionsljus\/#breadcrumb\",\"itemListElement\":[{\"@type\":\"ListItem\",\"position\":1,\"name\":\"Hem\",\"item\":\"https:\/\/xenonkungen.com\/\"},{\"@type\":\"ListItem\",\"position\":2,\"name\":\"Shop\",\"item\":\"https:\/\/xenonkungen.com\/shop\/\"},{\"@type\":\"ListItem\",\"position\":3,\"name\":\"OZZ WB1 R65 20&#8243; Arbetsljusramp | R\u00f6tt positionsljus\"}]},{\"@type\":\"WebSite\",\"@id\":\"https:\/\/xenonkungen.com\/#website\",\"url\":\"https:\/\/xenonkungen.com\/\",\"name\":\"Xenonkungen\",\"description\":\"\",\"potentialAction\":[{\"@type\":\"SearchAction\",\"target\":{\"@type\":\"EntryPoint\",\"urlTemplate\":\"https:\/\/xenonkungen.com\/?s={search_term_string}\"},\"query-input\":{\"@type\":\"PropertyValueSpecification\",\"valueRequired\":true,\"valueName\":\"search_term_string\"}}],\"inLanguage\":\"de\"}]}<\/script>\n<!-- \/ Yoast SEO plugin. -->","yoast_head_json":{"title":"OZZ WB1 R65 20\" Arbetsljusramp | R\u00f6tt positionsljus - Xenonkungen Arbetsljusramp WB1 P20\" 9050lm Varningsljus & R\u00f6tt Positionsljus, OZZ - Xenonkungen","description":"K\u00f6p OZZ WB1 P20\" arbetsljusramp med 9050 lumen, r\u00f6tt positionsljus och varningsljus. IP68\/69K. Snabb leverans. \u00d6ppet k\u00f6p 30 dagar. xenonkungen.com","robots":{"index":"index","follow":"follow","max-snippet":"max-snippet:-1","max-image-preview":"max-image-preview:large","max-video-preview":"max-video-preview:-1"},"canonical":"https:\/\/xenonkungen.com\/de\/produkt\/ozz-wb1-r65-20-arbetsljusramp-rott-positionsljus\/","og_locale":"de_DE","og_type":"article","og_title":"OZZ WB1 R65 20\" Arbetsljusramp | R\u00f6tt positionsljus - Xenonkungen Arbetsljusramp WB1 P20\" 9050lm Varningsljus & R\u00f6tt Positionsljus, OZZ - Xenonkungen","og_description":"K\u00f6p OZZ WB1 P20\" arbetsljusramp med 9050 lumen, r\u00f6tt positionsljus och varningsljus. IP68\/69K. Snabb leverans. \u00d6ppet k\u00f6p 30 dagar. xenonkungen.com","og_url":"https:\/\/xenonkungen.com\/de\/produkt\/ozz-wb1-r65-20-arbetsljusramp-rott-positionsljus\/","og_site_name":"Xenonkungen","article_modified_time":"2026-04-10T11:24:47+00:00","og_image":[{"width":2024,"height":2024,"url":"https:\/\/xenonkungen.com\/wp-content\/uploads\/2026\/04\/88505.png","type":"image\/png"}],"twitter_card":"summary_large_image","twitter_misc":{"Gesch\u00e4tzte Lesezeit":"2\u00a0Minuten"},"schema":{"@context":"https:\/\/schema.org","@graph":[{"@type":"WebPage","@id":"https:\/\/xenonkungen.com\/produkt\/ozz-wb1-r65-20-arbetsljusramp-rott-positionsljus\/","url":"https:\/\/xenonkungen.com\/produkt\/ozz-wb1-r65-20-arbetsljusramp-rott-positionsljus\/","name":"OZZ WB1 R65 20\" Arbetsljusramp | R\u00f6tt positionsljus - Xenonkungen Arbetsljusramp WB1 P20\" 9050lm Varningsljus & R\u00f6tt Positionsljus, OZZ - Xenonkungen","isPartOf":{"@id":"https:\/\/xenonkungen.com\/#website"},"primaryImageOfPage":{"@id":"https:\/\/xenonkungen.com\/produkt\/ozz-wb1-r65-20-arbetsljusramp-rott-positionsljus\/#primaryimage"},"image":{"@id":"https:\/\/xenonkungen.com\/produkt\/ozz-wb1-r65-20-arbetsljusramp-rott-positionsljus\/#primaryimage"},"thumbnailUrl":"https:\/\/xenonkungen.com\/wp-content\/uploads\/2026\/04\/88505.png","datePublished":"2026-04-10T11:03:19+00:00","dateModified":"2026-04-10T11:24:47+00:00","description":"K\u00f6p OZZ WB1 P20\" arbetsljusramp med 9050 lumen, r\u00f6tt positionsljus och varningsljus. IP68\/69K. Snabb leverans. \u00d6ppet k\u00f6p 30 dagar. xenonkungen.com","breadcrumb":{"@id":"https:\/\/xenonkungen.com\/produkt\/ozz-wb1-r65-20-arbetsljusramp-rott-positionsljus\/#breadcrumb"},"inLanguage":"de","potentialAction":[{"@type":"ReadAction","target":["https:\/\/xenonkungen.com\/produkt\/ozz-wb1-r65-20-arbetsljusramp-rott-positionsljus\/"]}]},{"@type":"ImageObject","inLanguage":"de","@id":"https:\/\/xenonkungen.com\/produkt\/ozz-wb1-r65-20-arbetsljusramp-rott-positionsljus\/#primaryimage","url":"https:\/\/xenonkungen.com\/wp-content\/uploads\/2026\/04\/88505.png","contentUrl":"https:\/\/xenonkungen.com\/wp-content\/uploads\/2026\/04\/88505.png","width":2024,"height":2024},{"@type":"BreadcrumbList","@id":"https:\/\/xenonkungen.com\/produkt\/ozz-wb1-r65-20-arbetsljusramp-rott-positionsljus\/#breadcrumb","itemListElement":[{"@type":"ListItem","position":1,"name":"Hem","item":"https:\/\/xenonkungen.com\/"},{"@type":"ListItem","position":2,"name":"Shop","item":"https:\/\/xenonkungen.com\/shop\/"},{"@type":"ListItem","position":3,"name":"OZZ WB1 R65 20&#8243; Arbetsljusramp | R\u00f6tt positionsljus"}]},{"@type":"WebSite","@id":"https:\/\/xenonkungen.com\/#website","url":"https:\/\/xenonkungen.com\/","name":"Xenonkungen","description":"","potentialAction":[{"@type":"SearchAction","target":{"@type":"EntryPoint","urlTemplate":"https:\/\/xenonkungen.com\/?s={search_term_string}"},"query-input":{"@type":"PropertyValueSpecification","valueRequired":true,"valueName":"search_term_string"}}],"inLanguage":"de"}]}},"taxonomy_info":{"product_brand":[{"value":1051,"label":"OZZ"},{"value":109,"label":"OZZ LIGHTS"}],"product_cat":[{"value":2551,"label":"Arbetsljusramp"},{"value":508,"label":"Arbetsbelysning"}],"pa_fargtemperatur":[{"value":154,"label":"5000K"}],"pa_fuktskydd-varde-ipxx":[{"value":402,"label":"IP68. IP69K"}],"pa_lampsockel-kontakt":[{"value":2147,"label":"DT-3"}],"pa_ljusbild":[{"value":178,"label":"Driving"}],"pa_storlek-mm":[{"value":3028,"label":"541,5x50,3x70"}],"pa_stromforbrukning":[{"value":3027,"label":"5,42A @ 24V"},{"value":3026,"label":"9A @13,7V"}],"pa_volt-v":[{"value":1084,"label":"Multivolt, 10, 12, 16, 18, 24, 28, 30, 32"}]},"featured_image_src_large":["https:\/\/xenonkungen.com\/wp-content\/uploads\/2026\/04\/88505-1024x1024.png",1024,1024,true],"author_info":[],"comment_info":0,"_links":{"self":[{"href":"https:\/\/xenonkungen.com\/de\/wp-json\/wp\/v2\/product\/29079","targetHints":{"allow":["GET"]}}],"collection":[{"href":"https:\/\/xenonkungen.com\/de\/wp-json\/wp\/v2\/product"}],"about":[{"href":"https:\/\/xenonkungen.com\/de\/wp-json\/wp\/v2\/types\/product"}],"replies":[{"embeddable":true,"href":"https:\/\/xenonkungen.com\/de\/wp-json\/wp\/v2\/comments?post=29079"}],"wp:featuredmedia":[{"embeddable":true,"href":"https:\/\/xenonkungen.com\/de\/wp-json\/wp\/v2\/media\/29084"}],"wp:attachment":[{"href":"https:\/\/xenonkungen.com\/de\/wp-json\/wp\/v2\/media?parent=29079"}],"wp:term":[{"taxonomy":"anvandningsomrade","embeddable":true,"href":"https:\/\/xenonkungen.com\/de\/wp-json\/wp\/v2\/anvandningsomrade?post=29079"},{"taxonomy":"bilmarken","embeddable":true,"href":"https:\/\/xenonkungen.com\/de\/wp-json\/wp\/v2\/bilmarken?post=29079"},{"taxonomy":"product_brand","embeddable":true,"href":"https:\/\/xenonkungen.com\/de\/wp-json\/wp\/v2\/product_brand?post=29079"},{"taxonomy":"product_cat","embeddable":true,"href":"https:\/\/xenonkungen.com\/de\/wp-json\/wp\/v2\/product_cat?post=29079"},{"taxonomy":"product_tag","embeddable":true,"href":"https:\/\/xenonkungen.com\/de\/wp-json\/wp\/v2\/product_tag?post=29079"}],"curies":[{"name":"wp","href":"https:\/\/api.w.org\/{rel}","templated":true}]}}