{"id":2984,"date":"2025-04-15T08:46:43","date_gmt":"2025-04-15T08:46:43","guid":{"rendered":"https:\/\/xenonkungen.com\/product\/luxtar-hero-h4\/"},"modified":"2026-05-08T15:40:38","modified_gmt":"2026-05-08T14:40:38","slug":"luxtar-hero-h4","status":"publish","type":"product","link":"https:\/\/xenonkungen.com\/de\/produkt\/luxtar-hero-h4\/","title":{"rendered":"Luxtar HERO H4"},"content":{"rendered":"<h1>Luxtar HERO H4 \u2013 Robust, klein, stilvoll<\/h1>\n<p>Luxtar pr\u00e4sentiert stolz die HERO H4, die neueste Innovation im Bereich LED-Beleuchtung. Diese Lampe vereint modernste LED-Technologie mit dem Feedback von professionellen Anwendern und Installateuren. Sie bietet eine beeindruckende Helligkeit von 4400 Lumen und ist damit etwa viermal heller als die Halogenlampe, die sie ersetzen soll. Dies gew\u00e4hrleistet optimale Sichtverh\u00e4ltnisse f\u00fcr Fahrer und andere Verkehrsteilnehmer.<\/p>\n<p>Das Besondere an der Luxtar HERO H4 ist ihre F\u00e4higkeit, sowohl als Fernlicht als auch als Abblendlicht gleicherma\u00dfen gut zu funktionieren. Damit ist sie die ideale Lampe f\u00fcr alle, die eine vielseitige L\u00f6sung f\u00fcr ihre Beleuchtungsbed\u00fcrfnisse suchen.<\/p>\n<p>Die Lampe ist energieeffizient und verbraucht im Betrieb nur 58 W, wodurch sie mit dem Canbus-System der meisten Pkw und Lkw kompatibel ist.<\/p>\n<p>Mit einer Gesamthelligkeit von 8800 Lumen werden Sie nie das Gef\u00fchl haben, dass Ihnen auf der Stra\u00dfe das Licht fehlt.<\/p>\n<p><strong>Gewicht: <\/strong>30g<br \/>\n<strong>Abmessungen:<br \/>\n<\/strong>Gesamtl\u00e4nge: 74 mm<br \/>\nAbmessungen ab Sockel: 31mm<br \/>\nL\u00fcfterbreite: 36mm<br \/>\nBreite des Lampenk\u00f6rpers: 13,8 mm<br \/>\n<strong>B\u00fcrgschaft: <\/strong>2 Jahre<\/p>\n<p><strong>GUT ZU WISSEN!<\/strong><\/p>\n<p>Funktioniert nicht bei den folgenden Fahrzeugmodellen:<br \/>\n\u2013 Ford Ranger 2015-2016<\/p>","protected":false},"excerpt":{"rendered":"<p>Die hellste Lampe aller Zeiten f\u00fcr die Umr\u00fcstung von Halogen auf LED!<\/p>\n<p>Lampensockel: H4<\/p>","protected":false},"featured_media":2985,"comment_status":"closed","ping_status":"closed","template":"","meta":{"_acf_changed":false,"_smort_price_nok":"1704","_smort_price_dkk":"1082","_smort_price_eur":"144.99","_smort_sale_price_nok":"","_smort_sale_price_dkk":"","_smort_sale_price_eur":"","smort_restorder":"","shipmondo_restorder":"","_kad_blocks_custom_css":"","_kad_blocks_head_custom_js":"","_kad_blocks_body_custom_js":"","_kad_blocks_footer_custom_js":"","smort_custom_pricelist_1":"1020.8","smort_custom_pricelist_2":"893.2","smort_custom_pricelist_3":"829.4","smort_custom_pricelist_4":"1276","smort_custom_pricelist_5":"893.2"},"anvandningsomrade":[],"bilmarken":[],"product_brand":[103],"product_cat":[2451,2826,733],"product_tag":[],"class_list":{"0":"post-2984","1":"product","2":"type-product","3":"status-publish","4":"has-post-thumbnail","6":"product_brand-luxtar","7":"product_cat-led-konvertering","8":"product_cat-luxtar","9":"product_cat-halvljus-helljus","10":"pa_faktisk-effekts-forbrukning-58w","11":"pa_fargtemperatur-6000k","12":"pa_fuktskydd-varde-ipxx-ip67","13":"pa_godkannande-ce-rohs","14":"pa_lampsockel-kontakt-h4","15":"pa_storlek-mm-matt-total-langd-74mm-matt-fran-fattning-31mm-bredd-flakt-36mm-bredd-lampkropp-13-8mm","16":"pa_volt-v-12-24","18":"first","19":"instock","20":"taxable","21":"shipping-taxable","22":"purchasable","23":"product-type-simple"},"bundled_by":[],"bundle_stock_status":"instock","bundle_stock_quantity":75,"bundle_virtual":false,"bundle_layout":"","bundle_add_to_cart_form_location":"","bundle_editable_in_cart":false,"bundle_sold_individually_context":"","bundle_item_grouping":"","bundle_min_size":"","bundle_max_size":"","bundle_price":[],"bundled_items":[],"bundle_sell_ids":[],"acf":[],"yoast_head":"<!-- This site is optimized with the Yoast SEO plugin v27.0 - https:\/\/yoast.com\/product\/yoast-seo-wordpress\/ -->\n<title>Luxtar HERO H4 - Xenonkungen<\/title>\n<meta name=\"robots\" content=\"index, follow, max-snippet:-1, max-image-preview:large, max-video-preview:-1\" \/>\n<link rel=\"canonical\" href=\"https:\/\/xenonkungen.com\/de\/produkt\/luxtar-hero-h4\/\" \/>\n<meta property=\"og:locale\" content=\"de_DE\" \/>\n<meta property=\"og:type\" content=\"article\" \/>\n<meta property=\"og:title\" content=\"Luxtar HERO H4 - Xenonkungen\" \/>\n<meta property=\"og:description\" content=\"Den starkaste lampan n\u00e5gonsin f\u00f6r konvertering av Halogen till LED!  Lampsockel: H4\" \/>\n<meta property=\"og:url\" content=\"https:\/\/xenonkungen.com\/de\/produkt\/luxtar-hero-h4\/\" \/>\n<meta property=\"og:site_name\" content=\"Xenonkungen\" \/>\n<meta property=\"article:modified_time\" content=\"2026-05-08T14:40:38+00:00\" \/>\n<meta property=\"og:image\" content=\"https:\/\/xenonkungen.com\/wp-content\/uploads\/2025\/04\/205997061-origpic-9557c1.png\" \/>\n\t<meta property=\"og:image:width\" content=\"1080\" \/>\n\t<meta property=\"og:image:height\" content=\"1080\" \/>\n\t<meta property=\"og:image:type\" content=\"image\/png\" \/>\n<meta name=\"twitter:card\" content=\"summary_large_image\" \/>\n<meta name=\"twitter:label1\" content=\"Gesch\u00e4tzte Lesezeit\" \/>\n\t<meta name=\"twitter:data1\" content=\"2\u00a0Minuten\" \/>\n<script type=\"application\/ld+json\" class=\"yoast-schema-graph\">{\"@context\":\"https:\/\/schema.org\",\"@graph\":[{\"@type\":\"WebPage\",\"@id\":\"https:\/\/xenonkungen.com\/produkt\/luxtar-hero-h4\/\",\"url\":\"https:\/\/xenonkungen.com\/produkt\/luxtar-hero-h4\/\",\"name\":\"Luxtar HERO H4 - Xenonkungen\",\"isPartOf\":{\"@id\":\"https:\/\/xenonkungen.com\/#website\"},\"primaryImageOfPage\":{\"@id\":\"https:\/\/xenonkungen.com\/produkt\/luxtar-hero-h4\/#primaryimage\"},\"image\":{\"@id\":\"https:\/\/xenonkungen.com\/produkt\/luxtar-hero-h4\/#primaryimage\"},\"thumbnailUrl\":\"https:\/\/xenonkungen.com\/wp-content\/uploads\/2025\/04\/205997061-origpic-9557c1.png\",\"datePublished\":\"2025-04-15T08:46:43+00:00\",\"dateModified\":\"2026-05-08T14:40:38+00:00\",\"breadcrumb\":{\"@id\":\"https:\/\/xenonkungen.com\/produkt\/luxtar-hero-h4\/#breadcrumb\"},\"inLanguage\":\"de\",\"potentialAction\":[{\"@type\":\"ReadAction\",\"target\":[\"https:\/\/xenonkungen.com\/produkt\/luxtar-hero-h4\/\"]}]},{\"@type\":\"ImageObject\",\"inLanguage\":\"de\",\"@id\":\"https:\/\/xenonkungen.com\/produkt\/luxtar-hero-h4\/#primaryimage\",\"url\":\"https:\/\/xenonkungen.com\/wp-content\/uploads\/2025\/04\/205997061-origpic-9557c1.png\",\"contentUrl\":\"https:\/\/xenonkungen.com\/wp-content\/uploads\/2025\/04\/205997061-origpic-9557c1.png\",\"width\":1080,\"height\":1080},{\"@type\":\"BreadcrumbList\",\"@id\":\"https:\/\/xenonkungen.com\/produkt\/luxtar-hero-h4\/#breadcrumb\",\"itemListElement\":[{\"@type\":\"ListItem\",\"position\":1,\"name\":\"Hem\",\"item\":\"https:\/\/xenonkungen.com\/\"},{\"@type\":\"ListItem\",\"position\":2,\"name\":\"Shop\",\"item\":\"https:\/\/xenonkungen.com\/shop\/\"},{\"@type\":\"ListItem\",\"position\":3,\"name\":\"Luxtar HERO H4\"}]},{\"@type\":\"WebSite\",\"@id\":\"https:\/\/xenonkungen.com\/#website\",\"url\":\"https:\/\/xenonkungen.com\/\",\"name\":\"Xenonkungen\",\"description\":\"\",\"potentialAction\":[{\"@type\":\"SearchAction\",\"target\":{\"@type\":\"EntryPoint\",\"urlTemplate\":\"https:\/\/xenonkungen.com\/?s={search_term_string}\"},\"query-input\":{\"@type\":\"PropertyValueSpecification\",\"valueRequired\":true,\"valueName\":\"search_term_string\"}}],\"inLanguage\":\"de\"}]}<\/script>\n<!-- \/ Yoast SEO plugin. -->","yoast_head_json":{"title":"Luxtar HERO H4 \u2013 Der Xenon-K\u00f6nig","robots":{"index":"index","follow":"follow","max-snippet":"max-snippet:-1","max-image-preview":"max-image-preview:large","max-video-preview":"max-video-preview:-1"},"canonical":"https:\/\/xenonkungen.com\/de\/produkt\/luxtar-hero-h4\/","og_locale":"de_DE","og_type":"article","og_title":"Luxtar HERO H4 - Xenonkungen","og_description":"Den starkaste lampan n\u00e5gonsin f\u00f6r konvertering av Halogen till LED!  Lampsockel: H4","og_url":"https:\/\/xenonkungen.com\/de\/produkt\/luxtar-hero-h4\/","og_site_name":"Xenonkungen","article_modified_time":"2026-05-08T14:40:38+00:00","og_image":[{"width":1080,"height":1080,"url":"https:\/\/xenonkungen.com\/wp-content\/uploads\/2025\/04\/205997061-origpic-9557c1.png","type":"image\/png"}],"twitter_card":"summary_large_image","twitter_misc":{"Gesch\u00e4tzte Lesezeit":"2\u00a0Minuten"},"schema":{"@context":"https:\/\/schema.org","@graph":[{"@type":"WebPage","@id":"https:\/\/xenonkungen.com\/produkt\/luxtar-hero-h4\/","url":"https:\/\/xenonkungen.com\/produkt\/luxtar-hero-h4\/","name":"Luxtar HERO H4 \u2013 Der Xenon-K\u00f6nig","isPartOf":{"@id":"https:\/\/xenonkungen.com\/#website"},"primaryImageOfPage":{"@id":"https:\/\/xenonkungen.com\/produkt\/luxtar-hero-h4\/#primaryimage"},"image":{"@id":"https:\/\/xenonkungen.com\/produkt\/luxtar-hero-h4\/#primaryimage"},"thumbnailUrl":"https:\/\/xenonkungen.com\/wp-content\/uploads\/2025\/04\/205997061-origpic-9557c1.png","datePublished":"2025-04-15T08:46:43+00:00","dateModified":"2026-05-08T14:40:38+00:00","breadcrumb":{"@id":"https:\/\/xenonkungen.com\/produkt\/luxtar-hero-h4\/#breadcrumb"},"inLanguage":"de","potentialAction":[{"@type":"ReadAction","target":["https:\/\/xenonkungen.com\/produkt\/luxtar-hero-h4\/"]}]},{"@type":"ImageObject","inLanguage":"de","@id":"https:\/\/xenonkungen.com\/produkt\/luxtar-hero-h4\/#primaryimage","url":"https:\/\/xenonkungen.com\/wp-content\/uploads\/2025\/04\/205997061-origpic-9557c1.png","contentUrl":"https:\/\/xenonkungen.com\/wp-content\/uploads\/2025\/04\/205997061-origpic-9557c1.png","width":1080,"height":1080},{"@type":"BreadcrumbList","@id":"https:\/\/xenonkungen.com\/produkt\/luxtar-hero-h4\/#breadcrumb","itemListElement":[{"@type":"ListItem","position":1,"name":"Hem","item":"https:\/\/xenonkungen.com\/"},{"@type":"ListItem","position":2,"name":"Shop","item":"https:\/\/xenonkungen.com\/shop\/"},{"@type":"ListItem","position":3,"name":"Luxtar HERO H4"}]},{"@type":"WebSite","@id":"https:\/\/xenonkungen.com\/#website","url":"https:\/\/xenonkungen.com\/","name":"Xenonkungen","description":"","potentialAction":[{"@type":"SearchAction","target":{"@type":"EntryPoint","urlTemplate":"https:\/\/xenonkungen.com\/?s={search_term_string}"},"query-input":{"@type":"PropertyValueSpecification","valueRequired":true,"valueName":"search_term_string"}}],"inLanguage":"de"}]}},"taxonomy_info":{"product_brand":[{"value":103,"label":"LUXTAR"}],"product_cat":[{"value":2451,"label":"Led-konvertering"},{"value":2826,"label":"LUXTAR"},{"value":733,"label":"Halvljus \/ Helljus"}],"pa_faktisk-effekts-forbrukning":[{"value":977,"label":"58W"}],"pa_fargtemperatur":[{"value":188,"label":"6000K"}],"pa_fuktskydd-varde-ipxx":[{"value":333,"label":"IP67"}],"pa_godkannande":[{"value":337,"label":"CE, RoHS"}],"pa_lampsockel-kontakt":[{"value":340,"label":"H4"}],"pa_storlek-mm":[{"value":976,"label":"M\u00e5tt: Total l\u00e4ngd: 74mm M\u00e5tt fr\u00e5n fattning: 31mm Bredd fl\u00e4kt: 36mm Bredd lampkropp: 13.8mm"}],"pa_volt-v":[{"value":348,"label":"12, 24"}]},"featured_image_src_large":["https:\/\/xenonkungen.com\/wp-content\/uploads\/2025\/04\/205997061-origpic-9557c1-1024x1024.png",1024,1024,true],"author_info":[],"comment_info":0,"_links":{"self":[{"href":"https:\/\/xenonkungen.com\/de\/wp-json\/wp\/v2\/product\/2984","targetHints":{"allow":["GET"]}}],"collection":[{"href":"https:\/\/xenonkungen.com\/de\/wp-json\/wp\/v2\/product"}],"about":[{"href":"https:\/\/xenonkungen.com\/de\/wp-json\/wp\/v2\/types\/product"}],"replies":[{"embeddable":true,"href":"https:\/\/xenonkungen.com\/de\/wp-json\/wp\/v2\/comments?post=2984"}],"wp:featuredmedia":[{"embeddable":true,"href":"https:\/\/xenonkungen.com\/de\/wp-json\/wp\/v2\/media\/2985"}],"wp:attachment":[{"href":"https:\/\/xenonkungen.com\/de\/wp-json\/wp\/v2\/media?parent=2984"}],"wp:term":[{"taxonomy":"anvandningsomrade","embeddable":true,"href":"https:\/\/xenonkungen.com\/de\/wp-json\/wp\/v2\/anvandningsomrade?post=2984"},{"taxonomy":"bilmarken","embeddable":true,"href":"https:\/\/xenonkungen.com\/de\/wp-json\/wp\/v2\/bilmarken?post=2984"},{"taxonomy":"product_brand","embeddable":true,"href":"https:\/\/xenonkungen.com\/de\/wp-json\/wp\/v2\/product_brand?post=2984"},{"taxonomy":"product_cat","embeddable":true,"href":"https:\/\/xenonkungen.com\/de\/wp-json\/wp\/v2\/product_cat?post=2984"},{"taxonomy":"product_tag","embeddable":true,"href":"https:\/\/xenonkungen.com\/de\/wp-json\/wp\/v2\/product_tag?post=2984"}],"curies":[{"name":"wp","href":"https:\/\/api.w.org\/{rel}","templated":true}]}}