{"id":3058,"date":"2025-04-15T08:48:03","date_gmt":"2025-04-15T08:48:03","guid":{"rendered":"https:\/\/xenonkungen.com\/product\/75w-hp-xenonlampa-extraljus\/"},"modified":"2026-04-24T16:38:18","modified_gmt":"2026-04-24T15:38:18","slug":"75-w-hp-xenonlampe-als-zusatzscheinwerfer","status":"publish","type":"product","link":"https:\/\/xenonkungen.com\/de\/produkt\/75-w-hp-xenonlampe-als-zusatzscheinwerfer\/","title":{"rendered":"75W HP Xenon-Lampe | Zus\u00e4tzliches Licht"},"content":{"rendered":"<p>Xenon-Ersatzlampe f\u00fcr <strong>75 W<\/strong> Vorschaltger\u00e4te mit AMP-Anschl\u00fcssen.<\/p>\n<p>Funktioniert auch mit <strong>100 W<\/strong> Vorschaltger\u00e4te, allerdings mit verk\u00fcrzter Lebensdauer (ca. 1000 Stunden).<\/p>\n<p>Diese Lampe ist nicht f\u00fcr Vorschaltger\u00e4te mit geringerer Leistung (35-70W) geeignet, da diese Lampen verst\u00e4rkt sind und mehr Leistung ben\u00f6tigen, um eine normale Funktion und Leuchtkraft zu erreichen.<\/p>\n<p>Erh\u00e4ltlich mit folgendem Lampensockel:<br \/>\n<strong>D2H<\/strong><br \/>\n<strong>H1<\/strong><\/p>\n<p>Farbtemperatur (Kelvin):<br \/>\n<strong>4300K<\/strong> oder <strong>6000K<\/strong>.<\/p>\n<p>1 Jahr Garantie.<\/p>\n<p>Suchen Sie nach originalen Xenon-Scheinwerfern?<br \/>\n<a href=\"https:\/\/www.xenonkungen.com\/se\/produkter\/xenon\/xenonlampor\/\">Xenonlampe<\/a><\/p>","protected":false},"excerpt":{"rendered":"<p>Xenon reservlampa f\u00f6r 75W ballaster med AMP kontakter. Fungerar \u00e4ven med 100W ballaster men d\u00e5 med f\u00f6rkortad livsl\u00e4ngd (ca 1000 tim). Denna lampa \u00e4r ej l\u00e4mplig f\u00f6r ballaster med l\u00e4gre effekt (35-70W) d\u00e5 dessa lampor \u00e4r f\u00f6rst\u00e4rkta och kr\u00e4ver mer effekt f\u00f6r att uppn\u00e5 normal funktion och styrka. Finns med f\u00f6ljande lampsockel: D2H H1 F\u00e4rgtemperatur [&hellip;]<\/p>","protected":false},"featured_media":3059,"comment_status":"closed","ping_status":"closed","template":"","meta":{"_acf_changed":false,"_smort_price_nok":"106","_smort_price_dkk":"132","_smort_price_eur":"17.73","_smort_sale_price_nok":"","_smort_sale_price_dkk":"","_smort_sale_price_eur":"","smort_restorder":"","shipmondo_restorder":"","_kad_blocks_custom_css":"","_kad_blocks_head_custom_js":"","_kad_blocks_body_custom_js":"","_kad_blocks_footer_custom_js":"","smort_custom_pricelist_1":"124.8","smort_custom_pricelist_2":"109.2","smort_custom_pricelist_3":"103.74","smort_custom_pricelist_4":"156","smort_custom_pricelist_5":"109.2"},"anvandningsomrade":[],"bilmarken":[],"product_brand":[],"product_cat":[2485,2504],"product_tag":[],"class_list":{"0":"post-3058","1":"product","2":"type-product","3":"status-publish","4":"has-post-thumbnail","6":"product_cat-xenonkonventering","7":"product_cat-xenonlampor","8":"pa_fargtemperatur-6000k","9":"pa_fargtemperatur-4300k","10":"pa_lampsockel-kontakt-d2h","11":"pa_lampsockel-kontakt-h1","12":"pa_volt-v-12-24","14":"first","15":"instock","16":"sale","17":"taxable","18":"shipping-taxable","19":"purchasable","20":"product-type-variable"},"bundled_by":[],"bundle_stock_status":"instock","bundle_stock_quantity":1,"bundle_virtual":false,"bundle_layout":"","bundle_add_to_cart_form_location":"","bundle_editable_in_cart":false,"bundle_sold_individually_context":"","bundle_item_grouping":"","bundle_min_size":"","bundle_max_size":"","bundle_price":[],"bundled_items":[],"bundle_sell_ids":[],"acf":[],"yoast_head":"<!-- This site is optimized with the Yoast SEO plugin v27.0 - https:\/\/yoast.com\/product\/yoast-seo-wordpress\/ -->\n<title>75W HP Xenonlampa | Extraljus - Xenonkungen<\/title>\n<meta name=\"robots\" content=\"index, follow, max-snippet:-1, max-image-preview:large, max-video-preview:-1\" \/>\n<link rel=\"canonical\" href=\"https:\/\/xenonkungen.com\/de\/produkt\/75-w-hp-xenonlampe-als-zusatzscheinwerfer\/\" \/>\n<meta property=\"og:locale\" content=\"de_DE\" \/>\n<meta property=\"og:type\" content=\"article\" \/>\n<meta property=\"og:title\" content=\"75W HP Xenonlampa | Extraljus - Xenonkungen\" \/>\n<meta property=\"og:description\" content=\"Xenon reservlampa f\u00f6r 75W ballaster med AMP kontakter. Fungerar \u00e4ven med 100W ballaster men d\u00e5 med f\u00f6rkortad livsl\u00e4ngd (ca 1000 tim). Denna lampa \u00e4r ej l\u00e4mplig f\u00f6r ballaster med l\u00e4gre effekt (35-70W) d\u00e5 dessa lampor \u00e4r f\u00f6rst\u00e4rkta och kr\u00e4ver mer effekt f\u00f6r att uppn\u00e5 normal funktion och styrka. Finns med f\u00f6ljande lampsockel: D2H H1 F\u00e4rgtemperatur [&hellip;]\" \/>\n<meta property=\"og:url\" content=\"https:\/\/xenonkungen.com\/de\/produkt\/75-w-hp-xenonlampe-als-zusatzscheinwerfer\/\" \/>\n<meta property=\"og:site_name\" content=\"Xenonkungen\" \/>\n<meta property=\"article:modified_time\" content=\"2026-04-24T15:38:18+00:00\" \/>\n<meta property=\"og:image\" content=\"https:\/\/xenonkungen.com\/wp-content\/uploads\/2025\/04\/6268000-origpic-302514.png\" \/>\n\t<meta property=\"og:image:width\" content=\"1000\" \/>\n\t<meta property=\"og:image:height\" content=\"1000\" \/>\n\t<meta property=\"og:image:type\" content=\"image\/png\" \/>\n<meta name=\"twitter:card\" content=\"summary_large_image\" \/>\n<meta name=\"twitter:label1\" content=\"Gesch\u00e4tzte Lesezeit\" \/>\n\t<meta name=\"twitter:data1\" content=\"1\u00a0Minute\" \/>\n<script type=\"application\/ld+json\" class=\"yoast-schema-graph\">{\"@context\":\"https:\/\/schema.org\",\"@graph\":[{\"@type\":\"WebPage\",\"@id\":\"https:\/\/xenonkungen.com\/produkt\/75w-hp-xenonlampa-extraljus\/\",\"url\":\"https:\/\/xenonkungen.com\/produkt\/75w-hp-xenonlampa-extraljus\/\",\"name\":\"75W HP Xenonlampa | Extraljus - Xenonkungen\",\"isPartOf\":{\"@id\":\"https:\/\/xenonkungen.com\/#website\"},\"primaryImageOfPage\":{\"@id\":\"https:\/\/xenonkungen.com\/produkt\/75w-hp-xenonlampa-extraljus\/#primaryimage\"},\"image\":{\"@id\":\"https:\/\/xenonkungen.com\/produkt\/75w-hp-xenonlampa-extraljus\/#primaryimage\"},\"thumbnailUrl\":\"https:\/\/xenonkungen.com\/wp-content\/uploads\/2025\/04\/6268000-origpic-302514.png\",\"datePublished\":\"2025-04-15T08:48:03+00:00\",\"dateModified\":\"2026-04-24T15:38:18+00:00\",\"breadcrumb\":{\"@id\":\"https:\/\/xenonkungen.com\/produkt\/75w-hp-xenonlampa-extraljus\/#breadcrumb\"},\"inLanguage\":\"de\",\"potentialAction\":[{\"@type\":\"ReadAction\",\"target\":[\"https:\/\/xenonkungen.com\/produkt\/75w-hp-xenonlampa-extraljus\/\"]}]},{\"@type\":\"ImageObject\",\"inLanguage\":\"de\",\"@id\":\"https:\/\/xenonkungen.com\/produkt\/75w-hp-xenonlampa-extraljus\/#primaryimage\",\"url\":\"https:\/\/xenonkungen.com\/wp-content\/uploads\/2025\/04\/6268000-origpic-302514.png\",\"contentUrl\":\"https:\/\/xenonkungen.com\/wp-content\/uploads\/2025\/04\/6268000-origpic-302514.png\",\"width\":1000,\"height\":1000},{\"@type\":\"BreadcrumbList\",\"@id\":\"https:\/\/xenonkungen.com\/produkt\/75w-hp-xenonlampa-extraljus\/#breadcrumb\",\"itemListElement\":[{\"@type\":\"ListItem\",\"position\":1,\"name\":\"Hem\",\"item\":\"https:\/\/xenonkungen.com\/\"},{\"@type\":\"ListItem\",\"position\":2,\"name\":\"Shop\",\"item\":\"https:\/\/xenonkungen.com\/shop\/\"},{\"@type\":\"ListItem\",\"position\":3,\"name\":\"75W HP Xenonlampa | Extraljus\"}]},{\"@type\":\"WebSite\",\"@id\":\"https:\/\/xenonkungen.com\/#website\",\"url\":\"https:\/\/xenonkungen.com\/\",\"name\":\"Xenonkungen\",\"description\":\"\",\"potentialAction\":[{\"@type\":\"SearchAction\",\"target\":{\"@type\":\"EntryPoint\",\"urlTemplate\":\"https:\/\/xenonkungen.com\/?s={search_term_string}\"},\"query-input\":{\"@type\":\"PropertyValueSpecification\",\"valueRequired\":true,\"valueName\":\"search_term_string\"}}],\"inLanguage\":\"de\"}]}<\/script>\n<!-- \/ Yoast SEO plugin. -->","yoast_head_json":{"title":"75-W-HP-Xenonlampe | Extra Light - Xenonlampen","robots":{"index":"index","follow":"follow","max-snippet":"max-snippet:-1","max-image-preview":"max-image-preview:large","max-video-preview":"max-video-preview:-1"},"canonical":"https:\/\/xenonkungen.com\/de\/produkt\/75-w-hp-xenonlampe-als-zusatzscheinwerfer\/","og_locale":"de_DE","og_type":"article","og_title":"75W HP Xenonlampa | Extraljus - Xenonkungen","og_description":"Xenon reservlampa f\u00f6r 75W ballaster med AMP kontakter. Fungerar \u00e4ven med 100W ballaster men d\u00e5 med f\u00f6rkortad livsl\u00e4ngd (ca 1000 tim). Denna lampa \u00e4r ej l\u00e4mplig f\u00f6r ballaster med l\u00e4gre effekt (35-70W) d\u00e5 dessa lampor \u00e4r f\u00f6rst\u00e4rkta och kr\u00e4ver mer effekt f\u00f6r att uppn\u00e5 normal funktion och styrka. Finns med f\u00f6ljande lampsockel: D2H H1 F\u00e4rgtemperatur [&hellip;]","og_url":"https:\/\/xenonkungen.com\/de\/produkt\/75-w-hp-xenonlampe-als-zusatzscheinwerfer\/","og_site_name":"Xenonkungen","article_modified_time":"2026-04-24T15:38:18+00:00","og_image":[{"width":1000,"height":1000,"url":"https:\/\/xenonkungen.com\/wp-content\/uploads\/2025\/04\/6268000-origpic-302514.png","type":"image\/png"}],"twitter_card":"summary_large_image","twitter_misc":{"Gesch\u00e4tzte Lesezeit":"1\u00a0Minute"},"schema":{"@context":"https:\/\/schema.org","@graph":[{"@type":"WebPage","@id":"https:\/\/xenonkungen.com\/produkt\/75w-hp-xenonlampa-extraljus\/","url":"https:\/\/xenonkungen.com\/produkt\/75w-hp-xenonlampa-extraljus\/","name":"75-W-HP-Xenonlampe | Extra Light - Xenonlampen","isPartOf":{"@id":"https:\/\/xenonkungen.com\/#website"},"primaryImageOfPage":{"@id":"https:\/\/xenonkungen.com\/produkt\/75w-hp-xenonlampa-extraljus\/#primaryimage"},"image":{"@id":"https:\/\/xenonkungen.com\/produkt\/75w-hp-xenonlampa-extraljus\/#primaryimage"},"thumbnailUrl":"https:\/\/xenonkungen.com\/wp-content\/uploads\/2025\/04\/6268000-origpic-302514.png","datePublished":"2025-04-15T08:48:03+00:00","dateModified":"2026-04-24T15:38:18+00:00","breadcrumb":{"@id":"https:\/\/xenonkungen.com\/produkt\/75w-hp-xenonlampa-extraljus\/#breadcrumb"},"inLanguage":"de","potentialAction":[{"@type":"ReadAction","target":["https:\/\/xenonkungen.com\/produkt\/75w-hp-xenonlampa-extraljus\/"]}]},{"@type":"ImageObject","inLanguage":"de","@id":"https:\/\/xenonkungen.com\/produkt\/75w-hp-xenonlampa-extraljus\/#primaryimage","url":"https:\/\/xenonkungen.com\/wp-content\/uploads\/2025\/04\/6268000-origpic-302514.png","contentUrl":"https:\/\/xenonkungen.com\/wp-content\/uploads\/2025\/04\/6268000-origpic-302514.png","width":1000,"height":1000},{"@type":"BreadcrumbList","@id":"https:\/\/xenonkungen.com\/produkt\/75w-hp-xenonlampa-extraljus\/#breadcrumb","itemListElement":[{"@type":"ListItem","position":1,"name":"Hem","item":"https:\/\/xenonkungen.com\/"},{"@type":"ListItem","position":2,"name":"Shop","item":"https:\/\/xenonkungen.com\/shop\/"},{"@type":"ListItem","position":3,"name":"75W HP Xenonlampa | Extraljus"}]},{"@type":"WebSite","@id":"https:\/\/xenonkungen.com\/#website","url":"https:\/\/xenonkungen.com\/","name":"Xenonkungen","description":"","potentialAction":[{"@type":"SearchAction","target":{"@type":"EntryPoint","urlTemplate":"https:\/\/xenonkungen.com\/?s={search_term_string}"},"query-input":{"@type":"PropertyValueSpecification","valueRequired":true,"valueName":"search_term_string"}}],"inLanguage":"de"}]}},"taxonomy_info":{"product_cat":[{"value":2485,"label":"Xenonkonvertering"},{"value":2504,"label":"Xenonlampor"}],"pa_fargtemperatur":[{"value":188,"label":"6000K"},{"value":755,"label":"4300K"}],"pa_lampsockel-kontakt":[{"value":1216,"label":"D2H"},{"value":336,"label":"H1"}],"pa_volt-v":[{"value":348,"label":"12, 24"}]},"featured_image_src_large":["https:\/\/xenonkungen.com\/wp-content\/uploads\/2025\/04\/6268000-origpic-302514.png",1000,1000,false],"author_info":[],"comment_info":2,"_links":{"self":[{"href":"https:\/\/xenonkungen.com\/de\/wp-json\/wp\/v2\/product\/3058","targetHints":{"allow":["GET"]}}],"collection":[{"href":"https:\/\/xenonkungen.com\/de\/wp-json\/wp\/v2\/product"}],"about":[{"href":"https:\/\/xenonkungen.com\/de\/wp-json\/wp\/v2\/types\/product"}],"replies":[{"embeddable":true,"href":"https:\/\/xenonkungen.com\/de\/wp-json\/wp\/v2\/comments?post=3058"}],"wp:featuredmedia":[{"embeddable":true,"href":"https:\/\/xenonkungen.com\/de\/wp-json\/wp\/v2\/media\/3059"}],"wp:attachment":[{"href":"https:\/\/xenonkungen.com\/de\/wp-json\/wp\/v2\/media?parent=3058"}],"wp:term":[{"taxonomy":"anvandningsomrade","embeddable":true,"href":"https:\/\/xenonkungen.com\/de\/wp-json\/wp\/v2\/anvandningsomrade?post=3058"},{"taxonomy":"bilmarken","embeddable":true,"href":"https:\/\/xenonkungen.com\/de\/wp-json\/wp\/v2\/bilmarken?post=3058"},{"taxonomy":"product_brand","embeddable":true,"href":"https:\/\/xenonkungen.com\/de\/wp-json\/wp\/v2\/product_brand?post=3058"},{"taxonomy":"product_cat","embeddable":true,"href":"https:\/\/xenonkungen.com\/de\/wp-json\/wp\/v2\/product_cat?post=3058"},{"taxonomy":"product_tag","embeddable":true,"href":"https:\/\/xenonkungen.com\/de\/wp-json\/wp\/v2\/product_tag?post=3058"}],"curies":[{"name":"wp","href":"https:\/\/api.w.org\/{rel}","templated":true}]}}