{"id":3063,"date":"2025-04-15T08:48:03","date_gmt":"2025-04-15T08:48:03","guid":{"rendered":"https:\/\/xenonkungen.com\/product\/extraljussats-60w-24v\/"},"modified":"2026-04-24T21:14:56","modified_gmt":"2026-04-24T20:14:56","slug":"zusatzlichtset-60-w-24-v","status":"publish","type":"product","link":"https:\/\/xenonkungen.com\/de\/produkt\/zusatzlichtset-60-w-24-v\/","title":{"rendered":"Zusatzbeleuchtung 60W 24V"},"content":{"rendered":"<p>Das mitgelieferte Vorschaltger\u00e4t HNS-6 hat eine Leistung von 60 W (effektiv ~57 W) und die Lampe hat einen passenden Leistungsbereich und entsprechende Eigenschaften.<\/p>\n<p>Liefert bis zu ca. <strong>550% mehr Licht<\/strong> im Vergleich zu 55W Halogen. In der Regel erhalten Sie auch ein viel breiteres und l\u00e4ngeres Lichtmuster, abh\u00e4ngig von den Eigenschaften der Lampe.<\/p>\n<p>Eine Besonderheit des HNS-6 ist seine F\u00e4higkeit, alle Xenonlampen, einschlie\u00dflich bleifreier (D1\/D2\/D3\/D4), zu betreiben. Hierf\u00fcr sind jedoch Spezialkabel erforderlich. In diesem Zusammenhang wird die Aufgabe gestellt, die fortschrittliche Technologie des HNS-5 zu demonstrieren.<\/p>\n<p>Eingef\u00fchrt im Herbst 2022. <br \/>Das HNS-6 ersetzt das hervorragende, aber nicht mehr erh\u00e4ltliche 24V-Vorschaltger\u00e4t HNS-5 des Herstellers, das sich \u00fcber mehrere Jahre als zuverl\u00e4ssig erwiesen hat.<\/p>\n<p>Vorschaltger\u00e4t: HNS-6 Superschneller Start<br \/>Leistung: 60 W (~57 W), 42 V\/85 V Wechselstrom<br \/>Spannung: 18\u201332 V Gleichstrom<br \/>Betriebsumgebung: -40 bis +85<\/p>\n<p><strong>F\u00fcr zus\u00e4tzliches Licht mit Lampenfu\u00df:<\/strong><br \/>D2H (NBB 225 usw.) +27:-<br \/>H1<br \/>H3<br \/>H7<\/p>\n<p><strong>Beliebige Farbtemperatur (K = Kelvin):<\/strong><br \/>4300 K = 5000 \u00b1 100 lm, Standardwei\u00df<br \/>5000 K = 4700 \u00b1 100 lm, hellwei\u00df<br \/>6000K = 4100\u00b1100 lm, diamantwei\u00df<br \/>Tats\u00e4chliche Werte gem\u00e4\u00df der Spektralanalyse.<br \/>- Wir empfehlen 4300K.<\/p>\n<p><em>Wenn Sie eine zus\u00e4tzliche Leuchte mit blauem Glas haben, empfehlen wir 4300K, das blaue Glas ergibt dann eine Lichtfarbe von etwa 4800K.<\/em><\/p>\n<p><strong>Achtung!<\/strong> Relaiskabel f\u00fcr Standard-Halogen-Zusatzscheinwerfer sind f\u00fcr den Betrieb von Xenon-Scheinwerfern nicht geeignet. Die meisten Supportanfragen betreffen dies. Kaufen Sie deshalb eines unserer <em>Ma\u00dfgeschneidert<\/em> Relaisverdrahtung.<br \/>Wenn Sie Ihre eigene Verkabelung verwenden, verwenden Sie 2,5 mm\u00b2 Kabel und sichern Sie mit 15A ab. <em>von<\/em> Ballast.<\/p>\n<p><strong>Inhalt\/Set:<\/strong><br \/>1. Vorschaltger\u00e4t HNS-6 Superschnellstart 24V<br \/>1. Power-Xenon-Lampe (spezielles Zusatzlicht)<br \/>1. Stromkabel<\/p>\n<p><strong>Status der Best\u00e4nde<\/strong><br \/>Dieses Kit besteht aus zwei separaten Artikeln. Sie k\u00f6nnen den Lagerbestand der spezifischen Lampe\/Farbe und des Vorschaltger\u00e4ts unter der jeweiligen Kategorie\/Position \u00fcberpr\u00fcfen.<\/p>\n<p>Garantie 3 Jahre Vorschaltger\u00e4t | 1 Jahr Lampe<\/p>","protected":false},"excerpt":{"rendered":"<p>Premium-Xenon-Set exklusiv bei Xenonkungen. Vorschaltger\u00e4t und Lampen sind vom Typ \u201eSuperschnellstart und hohe Helligkeit\u201c: schnelles Starten und hohe Leuchtkraft.<\/p>","protected":false},"featured_media":3064,"comment_status":"closed","ping_status":"closed","template":"","meta":{"_acf_changed":false,"_smort_price_nok":"742","_smort_price_dkk":"472","_smort_price_eur":"63.18","_smort_sale_price_nok":"","_smort_sale_price_dkk":"","_smort_sale_price_eur":"","smort_restorder":"","shipmondo_restorder":"","_kad_blocks_custom_css":"","_kad_blocks_head_custom_js":"","_kad_blocks_body_custom_js":"","_kad_blocks_footer_custom_js":"","smort_custom_pricelist_1":"444.8","smort_custom_pricelist_2":"361.4","smort_custom_pricelist_3":"343.33","smort_custom_pricelist_4":"556","smort_custom_pricelist_5":"361.4"},"anvandningsomrade":[],"bilmarken":[],"product_brand":[],"product_cat":[2485],"product_tag":[],"class_list":{"0":"post-3063","1":"product","2":"type-product","3":"status-publish","4":"has-post-thumbnail","6":"product_cat-xenonkonventering","7":"pa_fargtemperatur-5000k","8":"pa_fargtemperatur-6000k","9":"pa_fargtemperatur-4300k","10":"pa_fuktskydd-varde-ipxx-ip67","11":"pa_lampsockel-kontakt-h7","12":"pa_lampsockel-kontakt-d2h","13":"pa_lampsockel-kontakt-h1","14":"pa_lampsockel-kontakt-h3","15":"pa_volt-v-160","17":"first","18":"onbackorder","19":"taxable","20":"shipping-taxable","21":"purchasable","22":"product-type-variable"},"bundled_by":[],"bundle_stock_status":"onbackorder","bundle_stock_quantity":-126,"bundle_virtual":false,"bundle_layout":"","bundle_add_to_cart_form_location":"","bundle_editable_in_cart":false,"bundle_sold_individually_context":"","bundle_item_grouping":"","bundle_min_size":"","bundle_max_size":"","bundle_price":[],"bundled_items":[],"bundle_sell_ids":[],"acf":[],"yoast_head":"<!-- This site is optimized with the Yoast SEO plugin v27.0 - https:\/\/yoast.com\/product\/yoast-seo-wordpress\/ -->\n<title>Extraljussats 60W 24V - Xenonkungen<\/title>\n<meta name=\"robots\" content=\"index, follow, max-snippet:-1, max-image-preview:large, max-video-preview:-1\" \/>\n<link rel=\"canonical\" href=\"http:\/\/xenonkungen.com\/de\/produkt\/zusatzlichtset-60-w-24-v\/\" \/>\n<meta property=\"og:locale\" content=\"de_DE\" \/>\n<meta property=\"og:type\" content=\"article\" \/>\n<meta property=\"og:title\" content=\"Extraljussats 60W 24V - Xenonkungen\" \/>\n<meta property=\"og:description\" content=\"Premium xenonkit exklusivt hos Xenonkungen. B\u00e5de ballast och lampor \u00e4r av typ Super fast start och High brightness: snabbstartande och med h\u00f6gre ljusstyrka\" \/>\n<meta property=\"og:url\" content=\"http:\/\/xenonkungen.com\/de\/produkt\/zusatzlichtset-60-w-24-v\/\" \/>\n<meta property=\"og:site_name\" content=\"Xenonkungen\" \/>\n<meta property=\"article:modified_time\" content=\"2026-04-24T20:14:56+00:00\" \/>\n<meta property=\"og:image\" content=\"https:\/\/xenonkungen.com\/wp-content\/uploads\/2025\/04\/77691275-origpic-5e2d69.jpg\" \/>\n\t<meta property=\"og:image:width\" content=\"1000\" \/>\n\t<meta property=\"og:image:height\" content=\"1000\" \/>\n\t<meta property=\"og:image:type\" content=\"image\/jpeg\" \/>\n<meta name=\"twitter:card\" content=\"summary_large_image\" \/>\n<meta name=\"twitter:label1\" content=\"Gesch\u00e4tzte Lesezeit\" \/>\n\t<meta name=\"twitter:data1\" content=\"2\u00a0Minuten\" \/>\n<script type=\"application\/ld+json\" class=\"yoast-schema-graph\">{\"@context\":\"https:\/\/schema.org\",\"@graph\":[{\"@type\":\"WebPage\",\"@id\":\"http:\/\/xenonkungen.com\/en\/product\/extra-light-kit-60w-24v\/\",\"url\":\"http:\/\/xenonkungen.com\/en\/product\/extra-light-kit-60w-24v\/\",\"name\":\"Extraljussats 60W 24V - Xenonkungen\",\"isPartOf\":{\"@id\":\"https:\/\/xenonkungen.com\/#website\"},\"primaryImageOfPage\":{\"@id\":\"http:\/\/xenonkungen.com\/en\/product\/extra-light-kit-60w-24v\/#primaryimage\"},\"image\":{\"@id\":\"http:\/\/xenonkungen.com\/en\/product\/extra-light-kit-60w-24v\/#primaryimage\"},\"thumbnailUrl\":\"https:\/\/xenonkungen.com\/wp-content\/uploads\/2025\/04\/77691275-origpic-5e2d69.jpg\",\"datePublished\":\"2025-04-15T08:48:03+00:00\",\"dateModified\":\"2026-04-24T20:14:56+00:00\",\"breadcrumb\":{\"@id\":\"http:\/\/xenonkungen.com\/en\/product\/extra-light-kit-60w-24v\/#breadcrumb\"},\"inLanguage\":\"de\",\"potentialAction\":[{\"@type\":\"ReadAction\",\"target\":[\"http:\/\/xenonkungen.com\/en\/product\/extra-light-kit-60w-24v\/\"]}]},{\"@type\":\"ImageObject\",\"inLanguage\":\"de\",\"@id\":\"http:\/\/xenonkungen.com\/en\/product\/extra-light-kit-60w-24v\/#primaryimage\",\"url\":\"https:\/\/xenonkungen.com\/wp-content\/uploads\/2025\/04\/77691275-origpic-5e2d69.jpg\",\"contentUrl\":\"https:\/\/xenonkungen.com\/wp-content\/uploads\/2025\/04\/77691275-origpic-5e2d69.jpg\",\"width\":1000,\"height\":1000},{\"@type\":\"BreadcrumbList\",\"@id\":\"http:\/\/xenonkungen.com\/en\/product\/extra-light-kit-60w-24v\/#breadcrumb\",\"itemListElement\":[{\"@type\":\"ListItem\",\"position\":1,\"name\":\"Hem\",\"item\":\"https:\/\/xenonkungen.com\/\"},{\"@type\":\"ListItem\",\"position\":2,\"name\":\"Shop\",\"item\":\"https:\/\/xenonkungen.com\/shop\/\"},{\"@type\":\"ListItem\",\"position\":3,\"name\":\"Extraljussats 60W 24V\"}]},{\"@type\":\"WebSite\",\"@id\":\"https:\/\/xenonkungen.com\/#website\",\"url\":\"https:\/\/xenonkungen.com\/\",\"name\":\"Xenonkungen\",\"description\":\"\",\"potentialAction\":[{\"@type\":\"SearchAction\",\"target\":{\"@type\":\"EntryPoint\",\"urlTemplate\":\"https:\/\/xenonkungen.com\/?s={search_term_string}\"},\"query-input\":{\"@type\":\"PropertyValueSpecification\",\"valueRequired\":true,\"valueName\":\"search_term_string\"}}],\"inLanguage\":\"de\"}]}<\/script>\n<!-- \/ Yoast SEO plugin. -->","yoast_head_json":{"title":"Zusatzscheinwerfer-Set 60W 24V - Xenonkungen","robots":{"index":"index","follow":"follow","max-snippet":"max-snippet:-1","max-image-preview":"max-image-preview:large","max-video-preview":"max-video-preview:-1"},"canonical":"http:\/\/xenonkungen.com\/de\/produkt\/zusatzlichtset-60-w-24-v\/","og_locale":"de_DE","og_type":"article","og_title":"Extraljussats 60W 24V - Xenonkungen","og_description":"Premium xenonkit exklusivt hos Xenonkungen. B\u00e5de ballast och lampor \u00e4r av typ Super fast start och High brightness: snabbstartande och med h\u00f6gre ljusstyrka","og_url":"http:\/\/xenonkungen.com\/de\/produkt\/zusatzlichtset-60-w-24-v\/","og_site_name":"Xenonkungen","article_modified_time":"2026-04-24T20:14:56+00:00","og_image":[{"width":1000,"height":1000,"url":"https:\/\/xenonkungen.com\/wp-content\/uploads\/2025\/04\/77691275-origpic-5e2d69.jpg","type":"image\/jpeg"}],"twitter_card":"summary_large_image","twitter_misc":{"Gesch\u00e4tzte Lesezeit":"2\u00a0Minuten"},"schema":{"@context":"https:\/\/schema.org","@graph":[{"@type":"WebPage","@id":"http:\/\/xenonkungen.com\/en\/product\/extra-light-kit-60w-24v\/","url":"http:\/\/xenonkungen.com\/en\/product\/extra-light-kit-60w-24v\/","name":"Zusatzscheinwerfer-Set 60W 24V - Xenonkungen","isPartOf":{"@id":"https:\/\/xenonkungen.com\/#website"},"primaryImageOfPage":{"@id":"http:\/\/xenonkungen.com\/en\/product\/extra-light-kit-60w-24v\/#primaryimage"},"image":{"@id":"http:\/\/xenonkungen.com\/en\/product\/extra-light-kit-60w-24v\/#primaryimage"},"thumbnailUrl":"https:\/\/xenonkungen.com\/wp-content\/uploads\/2025\/04\/77691275-origpic-5e2d69.jpg","datePublished":"2025-04-15T08:48:03+00:00","dateModified":"2026-04-24T20:14:56+00:00","breadcrumb":{"@id":"http:\/\/xenonkungen.com\/en\/product\/extra-light-kit-60w-24v\/#breadcrumb"},"inLanguage":"de","potentialAction":[{"@type":"ReadAction","target":["http:\/\/xenonkungen.com\/en\/product\/extra-light-kit-60w-24v\/"]}]},{"@type":"ImageObject","inLanguage":"de","@id":"http:\/\/xenonkungen.com\/en\/product\/extra-light-kit-60w-24v\/#primaryimage","url":"https:\/\/xenonkungen.com\/wp-content\/uploads\/2025\/04\/77691275-origpic-5e2d69.jpg","contentUrl":"https:\/\/xenonkungen.com\/wp-content\/uploads\/2025\/04\/77691275-origpic-5e2d69.jpg","width":1000,"height":1000},{"@type":"BreadcrumbList","@id":"http:\/\/xenonkungen.com\/en\/product\/extra-light-kit-60w-24v\/#breadcrumb","itemListElement":[{"@type":"ListItem","position":1,"name":"Hem","item":"https:\/\/xenonkungen.com\/"},{"@type":"ListItem","position":2,"name":"Shop","item":"https:\/\/xenonkungen.com\/shop\/"},{"@type":"ListItem","position":3,"name":"Extraljussats 60W 24V"}]},{"@type":"WebSite","@id":"https:\/\/xenonkungen.com\/#website","url":"https:\/\/xenonkungen.com\/","name":"Xenonkungen","description":"","potentialAction":[{"@type":"SearchAction","target":{"@type":"EntryPoint","urlTemplate":"https:\/\/xenonkungen.com\/?s={search_term_string}"},"query-input":{"@type":"PropertyValueSpecification","valueRequired":true,"valueName":"search_term_string"}}],"inLanguage":"de"}]}},"taxonomy_info":{"product_cat":[{"value":2485,"label":"XENONKONVENTERING"}],"pa_fargtemperatur":[{"value":154,"label":"5000K"},{"value":188,"label":"6000K"},{"value":755,"label":"4300K"}],"pa_fuktskydd-varde-ipxx":[{"value":333,"label":"IP67"}],"pa_lampsockel-kontakt":[{"value":206,"label":"H7"},{"value":1216,"label":"D2H"},{"value":336,"label":"H1"},{"value":339,"label":"H3"}],"pa_volt-v":[{"value":160,"label":"24"}]},"featured_image_src_large":["https:\/\/xenonkungen.com\/wp-content\/uploads\/2025\/04\/77691275-origpic-5e2d69.jpg",1000,1000,false],"author_info":[],"comment_info":0,"_links":{"self":[{"href":"https:\/\/xenonkungen.com\/de\/wp-json\/wp\/v2\/product\/3063","targetHints":{"allow":["GET"]}}],"collection":[{"href":"https:\/\/xenonkungen.com\/de\/wp-json\/wp\/v2\/product"}],"about":[{"href":"https:\/\/xenonkungen.com\/de\/wp-json\/wp\/v2\/types\/product"}],"replies":[{"embeddable":true,"href":"https:\/\/xenonkungen.com\/de\/wp-json\/wp\/v2\/comments?post=3063"}],"wp:featuredmedia":[{"embeddable":true,"href":"https:\/\/xenonkungen.com\/de\/wp-json\/wp\/v2\/media\/3064"}],"wp:attachment":[{"href":"https:\/\/xenonkungen.com\/de\/wp-json\/wp\/v2\/media?parent=3063"}],"wp:term":[{"taxonomy":"anvandningsomrade","embeddable":true,"href":"https:\/\/xenonkungen.com\/de\/wp-json\/wp\/v2\/anvandningsomrade?post=3063"},{"taxonomy":"bilmarken","embeddable":true,"href":"https:\/\/xenonkungen.com\/de\/wp-json\/wp\/v2\/bilmarken?post=3063"},{"taxonomy":"product_brand","embeddable":true,"href":"https:\/\/xenonkungen.com\/de\/wp-json\/wp\/v2\/product_brand?post=3063"},{"taxonomy":"product_cat","embeddable":true,"href":"https:\/\/xenonkungen.com\/de\/wp-json\/wp\/v2\/product_cat?post=3063"},{"taxonomy":"product_tag","embeddable":true,"href":"https:\/\/xenonkungen.com\/de\/wp-json\/wp\/v2\/product_tag?post=3063"}],"curies":[{"name":"wp","href":"https:\/\/api.w.org\/{rel}","templated":true}]}}