{"id":3094,"date":"2025-04-15T08:48:13","date_gmt":"2025-04-15T08:48:13","guid":{"rendered":"https:\/\/xenonkungen.com\/product\/nbb-alpha-230-pro-led-extraljusramp\/"},"modified":"2026-04-11T00:05:43","modified_gmt":"2026-04-10T23:05:43","slug":"nbb-alpha-230-pro-led-zusatzlichtrampe","status":"publish","type":"product","link":"https:\/\/xenonkungen.com\/de\/produkt\/nbb-alpha-230-pro-led-zusatzlichtrampe\/","title":{"rendered":"NBB Alpha 230 Pro LED Zusatzlichtbalken"},"content":{"rendered":"<h1>NBB Alpha 230 Pro LED Zusatzlichtbalken<\/h1>\n<p><span><span>Eine kleine LED-Lichtleiste mit optimaler Kombination aus Breite und Reichweite, die Ihnen eine fantastische Ausleuchtung mit 1 Lux auf ganze 415 Meter bietet! Ideal f\u00fcr die paarweise Montage nebeneinander. Zwei Leisten ergeben 1 Lux auf beeindruckende 585 Meter. Die LED-Leiste ist nicht E-gepr\u00fcft. Montagehalterungen und zwei verschiedene Linsenabdeckungen sind im Lieferumfang enthalten.<\/p>\n<p><\/span><\/span><\/p>\n<p><strong>Technische Spezifikation<\/strong><\/p>\n<p>LEDs: 15 x LEDs<\/p>\n<p>Theoretische Lumen: <span>6.400 Lumen<\/span><\/p>\n<p>Rohe Lumen: -<\/p>\n<p>Tats\u00e4chliche Lumen: -<\/p>\n<p>Reichweite: 1 Lux @ 415 m\u00a0<\/p>\n<p>Spannung: 9-32V<\/p>\n<p>Wirkung: <span>&#8211;<\/span><\/p>\n<p>Tats\u00e4chlicher Stromverbrauch: 100 W<\/p>\n<p>Stromverbrauch: 8,5 A bei 12 V \/ 4,17 A bei 24 V<\/p>\n<p>Farbtemperatur: 5700K<\/p>\n<p>Lichtbild: Weit<\/p>\n<p>Bescheinigung: -<\/p>\n<p>Feuchtigkeitsschutz: IP68<\/p>\n<p>Anschluss: DT-Stecker<\/p>\n<p>Abmessungen und Gewicht: B 224 x H 78 x T 69 mm \/ 0,8 kg<\/p>\n<p>Garantie: 3 Jahre Funktionsgarantie<\/p>","protected":false},"excerpt":{"rendered":"<p>NBB Alpha 230 Pro LED extraljusramp En liten Extraljusramp med en utm\u00e4rkt kombination av bredd och r\u00e4ckvidd som ger dig ett helt fantastiskt ljus, med 1 lux p\u00e5 hela 415 meter! Perfekt att montera i par bredvid varandra. 2 st enheter ger dig 1 lux p\u00e5 imponerande 585 meter. LED-rampen \u00e4r ej E-godk\u00e4nd. Monteringsf\u00e4sten och [&hellip;]<\/p>","protected":false},"featured_media":3095,"comment_status":"closed","ping_status":"closed","template":"","meta":{"_acf_changed":false,"_smort_price_nok":"3204","_smort_price_dkk":"3118","_smort_price_eur":"417.71","_smort_sale_price_nok":"3204","_smort_sale_price_dkk":"","_smort_sale_price_eur":"352.92","smort_restorder":"","shipmondo_restorder":"","_kad_blocks_custom_css":"","_kad_blocks_head_custom_js":"","_kad_blocks_body_custom_js":"","_kad_blocks_footer_custom_js":"","smort_custom_pricelist_1":"2940.8","smort_custom_pricelist_2":"2389.4","smort_custom_pricelist_3":"2389.4","smort_custom_pricelist_4":"3676","smort_custom_pricelist_5":"2389.4"},"anvandningsomrade":[],"bilmarken":[],"product_brand":[104],"product_cat":[2966,2539,1402],"product_tag":[2788],"class_list":{"0":"post-3094","1":"product","2":"type-product","3":"status-publish","4":"has-post-thumbnail","6":"product_brand-nbb","7":"product_cat-ledramp-rak","8":"product_cat-ledramper","9":"product_cat-outlet","10":"product_tag-black-week-exclude","11":"pa_faktisk-effekts-forbrukning-989","12":"pa_fargtemperatur-5700k","13":"pa_fuktskydd-varde-ipxx-ip68","14":"pa_lampsockel-kontakt-dt","15":"pa_ljusbild-flood","16":"pa_storlek-mm-224x78x69","17":"pa_stromforbrukning-417a24v","18":"pa_stromforbrukning-85a12v","19":"pa_volt-v-12-24","21":"first","22":"instock","23":"taxable","24":"shipping-taxable","25":"purchasable","26":"product-type-simple"},"bundled_by":[],"bundle_stock_status":"instock","bundle_stock_quantity":9,"bundle_virtual":false,"bundle_layout":"","bundle_add_to_cart_form_location":"","bundle_editable_in_cart":false,"bundle_sold_individually_context":"","bundle_item_grouping":"","bundle_min_size":"","bundle_max_size":"","bundle_price":[],"bundled_items":[],"bundle_sell_ids":[],"acf":[],"yoast_head":"<!-- This site is optimized with the Yoast SEO plugin v27.0 - https:\/\/yoast.com\/product\/yoast-seo-wordpress\/ -->\n<title>NBB Alpha 230 Pro LED extraljusramp - Xenonkungen<\/title>\n<meta name=\"robots\" content=\"index, follow, max-snippet:-1, max-image-preview:large, max-video-preview:-1\" \/>\n<link rel=\"canonical\" href=\"https:\/\/xenonkungen.com\/de\/produkt\/nbb-alpha-230-pro-led-zusatzlichtrampe\/\" \/>\n<meta property=\"og:locale\" content=\"de_DE\" \/>\n<meta property=\"og:type\" content=\"article\" \/>\n<meta property=\"og:title\" content=\"NBB Alpha 230 Pro LED extraljusramp - Xenonkungen\" \/>\n<meta property=\"og:description\" content=\"NBB Alpha 230 Pro LED extraljusramp En liten Extraljusramp med en utm\u00e4rkt kombination av bredd och r\u00e4ckvidd som ger dig ett helt fantastiskt ljus, med 1 lux p\u00e5 hela 415 meter! Perfekt att montera i par bredvid varandra. 2 st enheter ger dig 1 lux p\u00e5 imponerande 585 meter. LED-rampen \u00e4r ej E-godk\u00e4nd. Monteringsf\u00e4sten och [&hellip;]\" \/>\n<meta property=\"og:url\" content=\"https:\/\/xenonkungen.com\/de\/produkt\/nbb-alpha-230-pro-led-zusatzlichtrampe\/\" \/>\n<meta property=\"og:site_name\" content=\"Xenonkungen\" \/>\n<meta property=\"article:modified_time\" content=\"2026-04-10T23:05:43+00:00\" \/>\n<meta property=\"og:image\" content=\"https:\/\/xenonkungen.com\/wp-content\/uploads\/2025\/04\/209757063-origpic-a632d7-1024x587.png\" \/>\n\t<meta property=\"og:image:width\" content=\"1024\" \/>\n\t<meta property=\"og:image:height\" content=\"587\" \/>\n\t<meta property=\"og:image:type\" content=\"image\/png\" \/>\n<meta name=\"twitter:card\" content=\"summary_large_image\" \/>\n<meta name=\"twitter:label1\" content=\"Gesch\u00e4tzte Lesezeit\" \/>\n\t<meta name=\"twitter:data1\" content=\"1\u00a0Minute\" \/>\n<script type=\"application\/ld+json\" class=\"yoast-schema-graph\">{\"@context\":\"https:\/\/schema.org\",\"@graph\":[{\"@type\":\"WebPage\",\"@id\":\"https:\/\/xenonkungen.com\/produkt\/nbb-alpha-230-pro-led-extraljusramp\/\",\"url\":\"https:\/\/xenonkungen.com\/produkt\/nbb-alpha-230-pro-led-extraljusramp\/\",\"name\":\"NBB Alpha 230 Pro LED extraljusramp - Xenonkungen\",\"isPartOf\":{\"@id\":\"https:\/\/xenonkungen.com\/#website\"},\"primaryImageOfPage\":{\"@id\":\"https:\/\/xenonkungen.com\/produkt\/nbb-alpha-230-pro-led-extraljusramp\/#primaryimage\"},\"image\":{\"@id\":\"https:\/\/xenonkungen.com\/produkt\/nbb-alpha-230-pro-led-extraljusramp\/#primaryimage\"},\"thumbnailUrl\":\"https:\/\/xenonkungen.com\/wp-content\/uploads\/2025\/04\/209757063-origpic-a632d7.png\",\"datePublished\":\"2025-04-15T08:48:13+00:00\",\"dateModified\":\"2026-04-10T23:05:43+00:00\",\"breadcrumb\":{\"@id\":\"https:\/\/xenonkungen.com\/produkt\/nbb-alpha-230-pro-led-extraljusramp\/#breadcrumb\"},\"inLanguage\":\"de\",\"potentialAction\":[{\"@type\":\"ReadAction\",\"target\":[\"https:\/\/xenonkungen.com\/produkt\/nbb-alpha-230-pro-led-extraljusramp\/\"]}]},{\"@type\":\"ImageObject\",\"inLanguage\":\"de\",\"@id\":\"https:\/\/xenonkungen.com\/produkt\/nbb-alpha-230-pro-led-extraljusramp\/#primaryimage\",\"url\":\"https:\/\/xenonkungen.com\/wp-content\/uploads\/2025\/04\/209757063-origpic-a632d7.png\",\"contentUrl\":\"https:\/\/xenonkungen.com\/wp-content\/uploads\/2025\/04\/209757063-origpic-a632d7.png\",\"width\":1745,\"height\":1000},{\"@type\":\"BreadcrumbList\",\"@id\":\"https:\/\/xenonkungen.com\/produkt\/nbb-alpha-230-pro-led-extraljusramp\/#breadcrumb\",\"itemListElement\":[{\"@type\":\"ListItem\",\"position\":1,\"name\":\"Hem\",\"item\":\"https:\/\/xenonkungen.com\/\"},{\"@type\":\"ListItem\",\"position\":2,\"name\":\"Shop\",\"item\":\"https:\/\/xenonkungen.com\/shop\/\"},{\"@type\":\"ListItem\",\"position\":3,\"name\":\"NBB Alpha 230 Pro LED extraljusramp\"}]},{\"@type\":\"WebSite\",\"@id\":\"https:\/\/xenonkungen.com\/#website\",\"url\":\"https:\/\/xenonkungen.com\/\",\"name\":\"Xenonkungen\",\"description\":\"\",\"potentialAction\":[{\"@type\":\"SearchAction\",\"target\":{\"@type\":\"EntryPoint\",\"urlTemplate\":\"https:\/\/xenonkungen.com\/?s={search_term_string}\"},\"query-input\":{\"@type\":\"PropertyValueSpecification\",\"valueRequired\":true,\"valueName\":\"search_term_string\"}}],\"inLanguage\":\"de\"}]}<\/script>\n<!-- \/ Yoast SEO plugin. -->","yoast_head_json":{"title":"NBB Alpha 230 Pro LED-Zusatzlichtleiste \u2013 der Xenon-K\u00f6nig","robots":{"index":"index","follow":"follow","max-snippet":"max-snippet:-1","max-image-preview":"max-image-preview:large","max-video-preview":"max-video-preview:-1"},"canonical":"https:\/\/xenonkungen.com\/de\/produkt\/nbb-alpha-230-pro-led-zusatzlichtrampe\/","og_locale":"de_DE","og_type":"article","og_title":"NBB Alpha 230 Pro LED extraljusramp - Xenonkungen","og_description":"NBB Alpha 230 Pro LED extraljusramp En liten Extraljusramp med en utm\u00e4rkt kombination av bredd och r\u00e4ckvidd som ger dig ett helt fantastiskt ljus, med 1 lux p\u00e5 hela 415 meter! Perfekt att montera i par bredvid varandra. 2 st enheter ger dig 1 lux p\u00e5 imponerande 585 meter. LED-rampen \u00e4r ej E-godk\u00e4nd. Monteringsf\u00e4sten och [&hellip;]","og_url":"https:\/\/xenonkungen.com\/de\/produkt\/nbb-alpha-230-pro-led-zusatzlichtrampe\/","og_site_name":"Xenonkungen","article_modified_time":"2026-04-10T23:05:43+00:00","og_image":[{"width":1024,"height":587,"url":"https:\/\/xenonkungen.com\/wp-content\/uploads\/2025\/04\/209757063-origpic-a632d7-1024x587.png","type":"image\/png"}],"twitter_card":"summary_large_image","twitter_misc":{"Gesch\u00e4tzte Lesezeit":"1\u00a0Minute"},"schema":{"@context":"https:\/\/schema.org","@graph":[{"@type":"WebPage","@id":"https:\/\/xenonkungen.com\/produkt\/nbb-alpha-230-pro-led-extraljusramp\/","url":"https:\/\/xenonkungen.com\/produkt\/nbb-alpha-230-pro-led-extraljusramp\/","name":"NBB Alpha 230 Pro LED-Zusatzlichtleiste \u2013 der Xenon-K\u00f6nig","isPartOf":{"@id":"https:\/\/xenonkungen.com\/#website"},"primaryImageOfPage":{"@id":"https:\/\/xenonkungen.com\/produkt\/nbb-alpha-230-pro-led-extraljusramp\/#primaryimage"},"image":{"@id":"https:\/\/xenonkungen.com\/produkt\/nbb-alpha-230-pro-led-extraljusramp\/#primaryimage"},"thumbnailUrl":"https:\/\/xenonkungen.com\/wp-content\/uploads\/2025\/04\/209757063-origpic-a632d7.png","datePublished":"2025-04-15T08:48:13+00:00","dateModified":"2026-04-10T23:05:43+00:00","breadcrumb":{"@id":"https:\/\/xenonkungen.com\/produkt\/nbb-alpha-230-pro-led-extraljusramp\/#breadcrumb"},"inLanguage":"de","potentialAction":[{"@type":"ReadAction","target":["https:\/\/xenonkungen.com\/produkt\/nbb-alpha-230-pro-led-extraljusramp\/"]}]},{"@type":"ImageObject","inLanguage":"de","@id":"https:\/\/xenonkungen.com\/produkt\/nbb-alpha-230-pro-led-extraljusramp\/#primaryimage","url":"https:\/\/xenonkungen.com\/wp-content\/uploads\/2025\/04\/209757063-origpic-a632d7.png","contentUrl":"https:\/\/xenonkungen.com\/wp-content\/uploads\/2025\/04\/209757063-origpic-a632d7.png","width":1745,"height":1000},{"@type":"BreadcrumbList","@id":"https:\/\/xenonkungen.com\/produkt\/nbb-alpha-230-pro-led-extraljusramp\/#breadcrumb","itemListElement":[{"@type":"ListItem","position":1,"name":"Hem","item":"https:\/\/xenonkungen.com\/"},{"@type":"ListItem","position":2,"name":"Shop","item":"https:\/\/xenonkungen.com\/shop\/"},{"@type":"ListItem","position":3,"name":"NBB Alpha 230 Pro LED extraljusramp"}]},{"@type":"WebSite","@id":"https:\/\/xenonkungen.com\/#website","url":"https:\/\/xenonkungen.com\/","name":"Xenonkungen","description":"","potentialAction":[{"@type":"SearchAction","target":{"@type":"EntryPoint","urlTemplate":"https:\/\/xenonkungen.com\/?s={search_term_string}"},"query-input":{"@type":"PropertyValueSpecification","valueRequired":true,"valueName":"search_term_string"}}],"inLanguage":"de"}]}},"taxonomy_info":{"product_brand":[{"value":104,"label":"NBB"}],"product_cat":[{"value":2966,"label":"Ledramp Rak"},{"value":2539,"label":"LEDRAMPER"},{"value":1402,"label":"Outlet"}],"product_tag":[{"value":2788,"label":"black-week-exclude"}],"pa_faktisk-effekts-forbrukning":[{"value":989,"label":"100"}],"pa_fargtemperatur":[{"value":226,"label":"5700K"}],"pa_fuktskydd-varde-ipxx":[{"value":177,"label":"IP68"}],"pa_lampsockel-kontakt":[{"value":329,"label":"DT"}],"pa_ljusbild":[{"value":503,"label":"FLOOD"}],"pa_storlek-mm":[{"value":988,"label":"224x78x69"}],"pa_stromforbrukning":[{"value":991,"label":"4,17A@24V"},{"value":990,"label":"8,5A@12V"}],"pa_volt-v":[{"value":348,"label":"12, 24"}]},"featured_image_src_large":["https:\/\/xenonkungen.com\/wp-content\/uploads\/2025\/04\/209757063-origpic-a632d7-1024x587.png",1024,587,true],"author_info":[],"comment_info":0,"_links":{"self":[{"href":"https:\/\/xenonkungen.com\/de\/wp-json\/wp\/v2\/product\/3094","targetHints":{"allow":["GET"]}}],"collection":[{"href":"https:\/\/xenonkungen.com\/de\/wp-json\/wp\/v2\/product"}],"about":[{"href":"https:\/\/xenonkungen.com\/de\/wp-json\/wp\/v2\/types\/product"}],"replies":[{"embeddable":true,"href":"https:\/\/xenonkungen.com\/de\/wp-json\/wp\/v2\/comments?post=3094"}],"wp:featuredmedia":[{"embeddable":true,"href":"https:\/\/xenonkungen.com\/de\/wp-json\/wp\/v2\/media\/3095"}],"wp:attachment":[{"href":"https:\/\/xenonkungen.com\/de\/wp-json\/wp\/v2\/media?parent=3094"}],"wp:term":[{"taxonomy":"anvandningsomrade","embeddable":true,"href":"https:\/\/xenonkungen.com\/de\/wp-json\/wp\/v2\/anvandningsomrade?post=3094"},{"taxonomy":"bilmarken","embeddable":true,"href":"https:\/\/xenonkungen.com\/de\/wp-json\/wp\/v2\/bilmarken?post=3094"},{"taxonomy":"product_brand","embeddable":true,"href":"https:\/\/xenonkungen.com\/de\/wp-json\/wp\/v2\/product_brand?post=3094"},{"taxonomy":"product_cat","embeddable":true,"href":"https:\/\/xenonkungen.com\/de\/wp-json\/wp\/v2\/product_cat?post=3094"},{"taxonomy":"product_tag","embeddable":true,"href":"https:\/\/xenonkungen.com\/de\/wp-json\/wp\/v2\/product_tag?post=3094"}],"curies":[{"name":"wp","href":"https:\/\/api.w.org\/{rel}","templated":true}]}}