{"id":3126,"date":"2025-04-15T08:49:00","date_gmt":"2025-04-15T08:49:00","guid":{"rendered":"https:\/\/xenonkungen.com\/product\/briodlights-rak-ledramp-pos-lys-8100lm\/"},"modified":"2026-04-24T16:49:00","modified_gmt":"2026-04-24T15:49:00","slug":"briodlights-gerade-led-rampenleuchte-8100-lm","status":"publish","type":"product","link":"https:\/\/xenonkungen.com\/de\/produkt\/briodlights-gerade-led-rampenleuchte-8100-lm\/","title":{"rendered":"BriodLights Rak Ledramp pos Licht 8100lm"},"content":{"rendered":"<h1>BriodLights LED Extra Light Rampe 520 mm mit Positionslicht<\/h1>\n<p>Der BriodLights LED-Zusatzlichtbalken 520mm ist ein Hochleistungslichtbalken, der entwickelt wurde, um maximale Helligkeit und Sichtbarkeit unter allen Bedingungen zu bieten. Dieser robuste Zusatzlichtbalken wird mit gelben und wei\u00dfen 1W-Positionslichtern geliefert, die Ihnen die Flexibilit\u00e4t geben, Ihre Beleuchtung an Ihre Bed\u00fcrfnisse anzupassen.<\/p>\n<h2>Langlebige Konstruktion<\/h2>\n<p>Mit seinem robusten Geh\u00e4use aus schwarzem Aluminium und einer Halterung aus rostfreiem Stahl ist dieser Zusatzlichtbalken f\u00fcr die h\u00e4rtesten Umgebungsbedingungen im Freien ausgelegt und garantiert eine lange Lebensdauer.<\/p>\n<h2>Flexible Montage<\/h2>\n<p>Der Zusatzlichtbalken von BriodLight wird sowohl mit seitlich als auch mit unten montierten Halterungen geliefert, so dass Sie die M\u00f6glichkeit haben, den Balken so zu montieren, wie es Ihrem Fahrzeug und Ihren Bed\u00fcrfnissen am besten entspricht.<\/p>\n<h2>Mitgeliefertes Zubeh\u00f6r<\/h2>\n<p>Dieser Zusatzlichtbalken wird mit einem 4-poligen DT-Stecker geliefert, der sowohl m\u00e4nnlich als auch weiblich ist und Ihnen alles bietet, was Sie f\u00fcr eine reibungslose Installation ben\u00f6tigen.<\/p>","protected":false},"excerpt":{"rendered":"<p>BriodLights LED Extraljusramp 520 mm med Positionsljus BriodLights LED Extraljusramp 520 mm \u00e4r en h\u00f6gpresterande ljusramp utformad f\u00f6r att ge maximal ljusstyrka och synlighet under alla f\u00f6rh\u00e5llanden. Denna robusta extraljusramp kommer med b\u00e5de gula och vita 1W positionsljus, vilket ger dig flexibilitet att anpassa din belysning efter dina behov. Slitstark konstruktion Tillverkad med ett robust [&hellip;]<\/p>","protected":false},"featured_media":3127,"comment_status":"closed","ping_status":"open","template":"","meta":{"_acf_changed":false,"_smort_price_nok":"3333","_smort_price_dkk":"2117","_smort_price_eur":"283.62","_smort_sale_price_nok":"","_smort_sale_price_dkk":"","_smort_sale_price_eur":"","smort_restorder":"","shipmondo_restorder":"","_kad_blocks_custom_css":"","_kad_blocks_head_custom_js":"","_kad_blocks_body_custom_js":"","_kad_blocks_footer_custom_js":"","smort_custom_pricelist_1":"1996.8","smort_custom_pricelist_2":"1747.2","smort_custom_pricelist_3":"1659.84","smort_custom_pricelist_4":"2496","smort_custom_pricelist_5":"1747.2"},"anvandningsomrade":[],"bilmarken":[],"product_brand":[92],"product_cat":[2966,2539],"product_tag":[2788],"class_list":{"0":"post-3126","1":"product","2":"type-product","3":"status-publish","4":"has-post-thumbnail","6":"product_brand-briodlights","7":"product_cat-ledramp-rak","8":"product_cat-ledramper","9":"product_tag-black-week-exclude","10":"pa_fargtemperatur-6000k","11":"pa_fuktskydd-varde-ipxx-ip69k","12":"pa_godkannande-ce-ece-r10-r112","13":"pa_lampsockel-kontakt-dt-4","14":"pa_led-chips-effekt-w-994","15":"pa_storlek-mm-520x405x525","16":"pa_stromforbrukning-26a24v","17":"pa_stromforbrukning-62a12v","18":"pa_volt-v-multivolt-9-12-16-18-24-28-30-32-36","20":"first","21":"onbackorder","22":"taxable","23":"shipping-taxable","24":"purchasable","25":"product-type-simple"},"bundled_by":[],"bundle_stock_status":"onbackorder","bundle_stock_quantity":0,"bundle_virtual":false,"bundle_layout":"","bundle_add_to_cart_form_location":"","bundle_editable_in_cart":false,"bundle_sold_individually_context":"","bundle_item_grouping":"","bundle_min_size":"","bundle_max_size":"","bundle_price":[],"bundled_items":[],"bundle_sell_ids":[],"acf":[],"yoast_head":"<!-- This site is optimized with the Yoast SEO plugin v27.0 - https:\/\/yoast.com\/product\/yoast-seo-wordpress\/ -->\n<title>BriodLights Rak Ledramp pos lys 8100lm - Xenonkungen<\/title>\n<meta name=\"robots\" content=\"index, follow, max-snippet:-1, max-image-preview:large, max-video-preview:-1\" \/>\n<link rel=\"canonical\" href=\"https:\/\/xenonkungen.com\/de\/produkt\/briodlights-gerade-led-rampenleuchte-8100-lm\/\" \/>\n<meta property=\"og:locale\" content=\"de_DE\" \/>\n<meta property=\"og:type\" content=\"article\" \/>\n<meta property=\"og:title\" content=\"BriodLights Rak Ledramp pos lys 8100lm - Xenonkungen\" \/>\n<meta property=\"og:description\" content=\"BriodLights LED Extraljusramp 520 mm med Positionsljus BriodLights LED Extraljusramp 520 mm \u00e4r en h\u00f6gpresterande ljusramp utformad f\u00f6r att ge maximal ljusstyrka och synlighet under alla f\u00f6rh\u00e5llanden. Denna robusta extraljusramp kommer med b\u00e5de gula och vita 1W positionsljus, vilket ger dig flexibilitet att anpassa din belysning efter dina behov. Slitstark konstruktion Tillverkad med ett robust [&hellip;]\" \/>\n<meta property=\"og:url\" content=\"https:\/\/xenonkungen.com\/de\/produkt\/briodlights-gerade-led-rampenleuchte-8100-lm\/\" \/>\n<meta property=\"og:site_name\" content=\"Xenonkungen\" \/>\n<meta property=\"article:modified_time\" content=\"2026-04-24T15:49:00+00:00\" \/>\n<meta property=\"og:image\" content=\"https:\/\/xenonkungen.com\/wp-content\/uploads\/2025\/04\/15220_itemimage_mainfront.jpg\" \/>\n\t<meta property=\"og:image:width\" content=\"2048\" \/>\n\t<meta property=\"og:image:height\" content=\"1536\" \/>\n\t<meta property=\"og:image:type\" content=\"image\/jpeg\" \/>\n<meta name=\"twitter:card\" content=\"summary_large_image\" \/>\n<meta name=\"twitter:label1\" content=\"Gesch\u00e4tzte Lesezeit\" \/>\n\t<meta name=\"twitter:data1\" content=\"1\u00a0Minute\" \/>\n<script type=\"application\/ld+json\" class=\"yoast-schema-graph\">{\"@context\":\"https:\/\/schema.org\",\"@graph\":[{\"@type\":\"WebPage\",\"@id\":\"https:\/\/xenonkungen.com\/produkt\/briodlights-rak-ledramp-pos-lys-8100lm\/\",\"url\":\"https:\/\/xenonkungen.com\/produkt\/briodlights-rak-ledramp-pos-lys-8100lm\/\",\"name\":\"BriodLights Rak Ledramp pos lys 8100lm - Xenonkungen\",\"isPartOf\":{\"@id\":\"https:\/\/xenonkungen.com\/#website\"},\"primaryImageOfPage\":{\"@id\":\"https:\/\/xenonkungen.com\/produkt\/briodlights-rak-ledramp-pos-lys-8100lm\/#primaryimage\"},\"image\":{\"@id\":\"https:\/\/xenonkungen.com\/produkt\/briodlights-rak-ledramp-pos-lys-8100lm\/#primaryimage\"},\"thumbnailUrl\":\"https:\/\/xenonkungen.com\/wp-content\/uploads\/2025\/04\/15220_itemimage_mainfront.jpg\",\"datePublished\":\"2025-04-15T08:49:00+00:00\",\"dateModified\":\"2026-04-24T15:49:00+00:00\",\"breadcrumb\":{\"@id\":\"https:\/\/xenonkungen.com\/produkt\/briodlights-rak-ledramp-pos-lys-8100lm\/#breadcrumb\"},\"inLanguage\":\"de\",\"potentialAction\":[{\"@type\":\"ReadAction\",\"target\":[\"https:\/\/xenonkungen.com\/produkt\/briodlights-rak-ledramp-pos-lys-8100lm\/\"]}]},{\"@type\":\"ImageObject\",\"inLanguage\":\"de\",\"@id\":\"https:\/\/xenonkungen.com\/produkt\/briodlights-rak-ledramp-pos-lys-8100lm\/#primaryimage\",\"url\":\"https:\/\/xenonkungen.com\/wp-content\/uploads\/2025\/04\/15220_itemimage_mainfront.jpg\",\"contentUrl\":\"https:\/\/xenonkungen.com\/wp-content\/uploads\/2025\/04\/15220_itemimage_mainfront.jpg\",\"width\":2048,\"height\":1536},{\"@type\":\"BreadcrumbList\",\"@id\":\"https:\/\/xenonkungen.com\/produkt\/briodlights-rak-ledramp-pos-lys-8100lm\/#breadcrumb\",\"itemListElement\":[{\"@type\":\"ListItem\",\"position\":1,\"name\":\"Hem\",\"item\":\"https:\/\/xenonkungen.com\/\"},{\"@type\":\"ListItem\",\"position\":2,\"name\":\"Shop\",\"item\":\"https:\/\/xenonkungen.com\/shop\/\"},{\"@type\":\"ListItem\",\"position\":3,\"name\":\"BriodLights Rak Ledramp pos lys 8100lm\"}]},{\"@type\":\"WebSite\",\"@id\":\"https:\/\/xenonkungen.com\/#website\",\"url\":\"https:\/\/xenonkungen.com\/\",\"name\":\"Xenonkungen\",\"description\":\"\",\"potentialAction\":[{\"@type\":\"SearchAction\",\"target\":{\"@type\":\"EntryPoint\",\"urlTemplate\":\"https:\/\/xenonkungen.com\/?s={search_term_string}\"},\"query-input\":{\"@type\":\"PropertyValueSpecification\",\"valueRequired\":true,\"valueName\":\"search_term_string\"}}],\"inLanguage\":\"de\"}]}<\/script>\n<!-- \/ Yoast SEO plugin. -->","yoast_head_json":{"title":"BriodLights LED-Rampenleuchte (8100 lm) \u2013 Der Xenon-K\u00f6nig","robots":{"index":"index","follow":"follow","max-snippet":"max-snippet:-1","max-image-preview":"max-image-preview:large","max-video-preview":"max-video-preview:-1"},"canonical":"https:\/\/xenonkungen.com\/de\/produkt\/briodlights-gerade-led-rampenleuchte-8100-lm\/","og_locale":"de_DE","og_type":"article","og_title":"BriodLights Rak Ledramp pos lys 8100lm - Xenonkungen","og_description":"BriodLights LED Extraljusramp 520 mm med Positionsljus BriodLights LED Extraljusramp 520 mm \u00e4r en h\u00f6gpresterande ljusramp utformad f\u00f6r att ge maximal ljusstyrka och synlighet under alla f\u00f6rh\u00e5llanden. Denna robusta extraljusramp kommer med b\u00e5de gula och vita 1W positionsljus, vilket ger dig flexibilitet att anpassa din belysning efter dina behov. Slitstark konstruktion Tillverkad med ett robust [&hellip;]","og_url":"https:\/\/xenonkungen.com\/de\/produkt\/briodlights-gerade-led-rampenleuchte-8100-lm\/","og_site_name":"Xenonkungen","article_modified_time":"2026-04-24T15:49:00+00:00","og_image":[{"width":2048,"height":1536,"url":"https:\/\/xenonkungen.com\/wp-content\/uploads\/2025\/04\/15220_itemimage_mainfront.jpg","type":"image\/jpeg"}],"twitter_card":"summary_large_image","twitter_misc":{"Gesch\u00e4tzte Lesezeit":"1\u00a0Minute"},"schema":{"@context":"https:\/\/schema.org","@graph":[{"@type":"WebPage","@id":"https:\/\/xenonkungen.com\/produkt\/briodlights-rak-ledramp-pos-lys-8100lm\/","url":"https:\/\/xenonkungen.com\/produkt\/briodlights-rak-ledramp-pos-lys-8100lm\/","name":"BriodLights LED-Rampenleuchte (8100 lm) \u2013 Der Xenon-K\u00f6nig","isPartOf":{"@id":"https:\/\/xenonkungen.com\/#website"},"primaryImageOfPage":{"@id":"https:\/\/xenonkungen.com\/produkt\/briodlights-rak-ledramp-pos-lys-8100lm\/#primaryimage"},"image":{"@id":"https:\/\/xenonkungen.com\/produkt\/briodlights-rak-ledramp-pos-lys-8100lm\/#primaryimage"},"thumbnailUrl":"https:\/\/xenonkungen.com\/wp-content\/uploads\/2025\/04\/15220_itemimage_mainfront.jpg","datePublished":"2025-04-15T08:49:00+00:00","dateModified":"2026-04-24T15:49:00+00:00","breadcrumb":{"@id":"https:\/\/xenonkungen.com\/produkt\/briodlights-rak-ledramp-pos-lys-8100lm\/#breadcrumb"},"inLanguage":"de","potentialAction":[{"@type":"ReadAction","target":["https:\/\/xenonkungen.com\/produkt\/briodlights-rak-ledramp-pos-lys-8100lm\/"]}]},{"@type":"ImageObject","inLanguage":"de","@id":"https:\/\/xenonkungen.com\/produkt\/briodlights-rak-ledramp-pos-lys-8100lm\/#primaryimage","url":"https:\/\/xenonkungen.com\/wp-content\/uploads\/2025\/04\/15220_itemimage_mainfront.jpg","contentUrl":"https:\/\/xenonkungen.com\/wp-content\/uploads\/2025\/04\/15220_itemimage_mainfront.jpg","width":2048,"height":1536},{"@type":"BreadcrumbList","@id":"https:\/\/xenonkungen.com\/produkt\/briodlights-rak-ledramp-pos-lys-8100lm\/#breadcrumb","itemListElement":[{"@type":"ListItem","position":1,"name":"Hem","item":"https:\/\/xenonkungen.com\/"},{"@type":"ListItem","position":2,"name":"Shop","item":"https:\/\/xenonkungen.com\/shop\/"},{"@type":"ListItem","position":3,"name":"BriodLights Rak Ledramp pos lys 8100lm"}]},{"@type":"WebSite","@id":"https:\/\/xenonkungen.com\/#website","url":"https:\/\/xenonkungen.com\/","name":"Xenonkungen","description":"","potentialAction":[{"@type":"SearchAction","target":{"@type":"EntryPoint","urlTemplate":"https:\/\/xenonkungen.com\/?s={search_term_string}"},"query-input":{"@type":"PropertyValueSpecification","valueRequired":true,"valueName":"search_term_string"}}],"inLanguage":"de"}]}},"taxonomy_info":{"product_brand":[{"value":92,"label":"Briodlights"}],"product_cat":[{"value":2966,"label":"Ledramp Rak"},{"value":2539,"label":"LEDRAMPER"}],"product_tag":[{"value":2788,"label":"black-week-exclude"}],"pa_fargtemperatur":[{"value":188,"label":"6000K"}],"pa_fuktskydd-varde-ipxx":[{"value":155,"label":"IP69K"}],"pa_godkannande":[{"value":970,"label":"CE, ECE, R10, R112"}],"pa_lampsockel-kontakt":[{"value":181,"label":"DT-4"}],"pa_led-chips-effekt-w":[{"value":994,"label":"96"}],"pa_storlek-mm":[{"value":993,"label":"520x40,5x52,5"}],"pa_stromforbrukning":[{"value":995,"label":"2,6A@24V"},{"value":816,"label":"6,2A@12V"}],"pa_volt-v":[{"value":504,"label":"Multivolt, 9, 12, 16, 18, 24, 28, 30, 32, 36"}]},"featured_image_src_large":["https:\/\/xenonkungen.com\/wp-content\/uploads\/2025\/04\/15220_itemimage_mainfront-1024x768.jpg",1024,768,true],"author_info":[],"comment_info":0,"_links":{"self":[{"href":"https:\/\/xenonkungen.com\/de\/wp-json\/wp\/v2\/product\/3126","targetHints":{"allow":["GET"]}}],"collection":[{"href":"https:\/\/xenonkungen.com\/de\/wp-json\/wp\/v2\/product"}],"about":[{"href":"https:\/\/xenonkungen.com\/de\/wp-json\/wp\/v2\/types\/product"}],"replies":[{"embeddable":true,"href":"https:\/\/xenonkungen.com\/de\/wp-json\/wp\/v2\/comments?post=3126"}],"wp:featuredmedia":[{"embeddable":true,"href":"https:\/\/xenonkungen.com\/de\/wp-json\/wp\/v2\/media\/3127"}],"wp:attachment":[{"href":"https:\/\/xenonkungen.com\/de\/wp-json\/wp\/v2\/media?parent=3126"}],"wp:term":[{"taxonomy":"anvandningsomrade","embeddable":true,"href":"https:\/\/xenonkungen.com\/de\/wp-json\/wp\/v2\/anvandningsomrade?post=3126"},{"taxonomy":"bilmarken","embeddable":true,"href":"https:\/\/xenonkungen.com\/de\/wp-json\/wp\/v2\/bilmarken?post=3126"},{"taxonomy":"product_brand","embeddable":true,"href":"https:\/\/xenonkungen.com\/de\/wp-json\/wp\/v2\/product_brand?post=3126"},{"taxonomy":"product_cat","embeddable":true,"href":"https:\/\/xenonkungen.com\/de\/wp-json\/wp\/v2\/product_cat?post=3126"},{"taxonomy":"product_tag","embeddable":true,"href":"https:\/\/xenonkungen.com\/de\/wp-json\/wp\/v2\/product_tag?post=3126"}],"curies":[{"name":"wp","href":"https:\/\/api.w.org\/{rel}","templated":true}]}}