{"id":3155,"date":"2025-04-15T08:49:55","date_gmt":"2025-04-15T08:49:55","guid":{"rendered":"https:\/\/xenonkungen.com\/product\/briodlights-arbetslampa-157mm-2000lm\/"},"modified":"2026-04-11T00:02:52","modified_gmt":"2026-04-10T23:02:52","slug":"briodlights-arbeitsleuchte-157-mm-2000-lm","status":"publish","type":"product","link":"https:\/\/xenonkungen.com\/de\/produkt\/briodlights-arbeitsleuchte-157-mm-2000-lm\/","title":{"rendered":"BriodLights Arbeitsleuchte 157mm 2000lm"},"content":{"rendered":"<h1>BriodLights Work Light: Leistungsstarke Beleuchtung f\u00fcr effizientes Arbeiten<\/h1>\n<p>Mit der BriodLights Arbeitsleuchte k\u00f6nnen Sie Ihre Arbeit unabh\u00e4ngig von den Lichtverh\u00e4ltnissen sicher ausf\u00fchren. Diese hochwertige Arbeitsleuchte liefert eine starke Beleuchtung und erh\u00f6ht die Produktivit\u00e4t und Sicherheit in Ihrem Arbeitsumfeld.<\/p>\n<h2>Merkmale und Vorteile:<\/h2>\n<ol>\n<li><strong>Schwarzes Lampenhaus:<\/strong> Die Arbeitsleuchte von BriodLight wird mit einem robusten schwarzen Lampengeh\u00e4use geliefert, das einen hervorragenden Schutz vor den Elementen bietet und die Lichtquelle sicher h\u00e4lt.<\/li>\n<li><strong>Halterung aus rostfreiem Stahl:<\/strong> Die mitgelieferte Halterung ist aus rostfreiem Stahl gefertigt, um maximale Haltbarkeit und Langlebigkeit zu gew\u00e4hrleisten, auch unter den anspruchsvollsten Arbeitsbedingungen.<\/li>\n<li><strong>Inklusive Gummidichtung:<\/strong> Jede Lampe wird mit einer Gummidichtung geliefert, die f\u00fcr einen festen und sicheren Sitz sorgt, vor Vibrationen sch\u00fctzt und die Lebensdauer der Lampe erh\u00f6ht.<\/li>\n<\/ol>\n<p>Mit der BriodLight-Arbeitsleuchte k\u00f6nnen Sie hervorragende Leistung und Haltbarkeit erwarten. Wie auch immer Ihr Arbeitsumfeld aussieht, Sie k\u00f6nnen sich darauf verlassen, dass diese Lampe eine leistungsstarke und zuverl\u00e4ssige Beleuchtung liefert.<\/p>","protected":false},"excerpt":{"rendered":"<p>BriodLights Arbetslampa: Kraftfull Belysning f\u00f6r Effektiv Arbete Utf\u00f6r ditt arbete med sj\u00e4lvf\u00f6rtroende, oavsett ljusf\u00f6rh\u00e5llanden, med hj\u00e4lp av BriodLights arbetslampa. Denna h\u00f6gkvalitativa arbetslampa levererar kraftfull belysning och \u00f6kar produktiviteten och s\u00e4kerheten i din arbetsmilj\u00f6. Funktioner och F\u00f6rdelar: Svart Lamphus: BriodLights arbetslampa kommer med ett h\u00e5llbart svart lamphus som ger utm\u00e4rkt skydd mot elementen och h\u00e5ller ljusk\u00e4llan [&hellip;]<\/p>","protected":false},"featured_media":3156,"comment_status":"closed","ping_status":"open","template":"","meta":{"_acf_changed":false,"_smort_price_nok":"662","_smort_price_dkk":"421","_smort_price_eur":"56.36","_smort_sale_price_nok":"","_smort_sale_price_dkk":"","_smort_sale_price_eur":"","smort_restorder":"","shipmondo_restorder":"","_kad_blocks_custom_css":"","_kad_blocks_head_custom_js":"","_kad_blocks_body_custom_js":"","_kad_blocks_footer_custom_js":"","smort_custom_pricelist_1":"396.8","smort_custom_pricelist_2":"347.2","smort_custom_pricelist_3":"329.84","smort_custom_pricelist_4":"496","smort_custom_pricelist_5":"347.2"},"anvandningsomrade":[],"bilmarken":[],"product_brand":[92],"product_cat":[508],"product_tag":[2788],"class_list":{"0":"post-3155","1":"product","2":"type-product","3":"status-publish","4":"has-post-thumbnail","6":"product_brand-briodlights","7":"product_cat-arbetsbelysning","8":"product_tag-black-week-exclude","9":"pa_fargtemperatur-5700k","10":"pa_fuktskydd-varde-ipxx-ip69k","11":"pa_godkannande-r10-r65","12":"pa_lampsockel-kontakt-dt","13":"pa_led-chips-effekt-w-526","14":"pa_ljusbild-flood","15":"pa_storlek-mm-157x497x60","16":"pa_stromforbrukning-133a24v","17":"pa_stromforbrukning-264a12v","18":"pa_volt-v-multivolt-10-12-16-18-24-28-30","20":"first","21":"onbackorder","22":"taxable","23":"shipping-taxable","24":"purchasable","25":"product-type-simple"},"bundled_by":[],"bundle_stock_status":"onbackorder","bundle_stock_quantity":0,"bundle_virtual":false,"bundle_layout":"","bundle_add_to_cart_form_location":"","bundle_editable_in_cart":false,"bundle_sold_individually_context":"","bundle_item_grouping":"","bundle_min_size":"","bundle_max_size":"","bundle_price":[],"bundled_items":[],"bundle_sell_ids":[],"acf":[],"yoast_head":"<!-- This site is optimized with the Yoast SEO plugin v27.0 - https:\/\/yoast.com\/product\/yoast-seo-wordpress\/ -->\n<title>BriodLights Arbetslampa 157mm 2000lm - Xenonkungen<\/title>\n<meta name=\"robots\" content=\"index, follow, max-snippet:-1, max-image-preview:large, max-video-preview:-1\" \/>\n<link rel=\"canonical\" href=\"https:\/\/xenonkungen.com\/de\/produkt\/briodlights-arbeitsleuchte-157-mm-2000-lm\/\" \/>\n<meta property=\"og:locale\" content=\"de_DE\" \/>\n<meta property=\"og:type\" content=\"article\" \/>\n<meta property=\"og:title\" content=\"BriodLights Arbetslampa 157mm 2000lm - Xenonkungen\" \/>\n<meta property=\"og:description\" content=\"BriodLights Arbetslampa: Kraftfull Belysning f\u00f6r Effektiv Arbete Utf\u00f6r ditt arbete med sj\u00e4lvf\u00f6rtroende, oavsett ljusf\u00f6rh\u00e5llanden, med hj\u00e4lp av BriodLights arbetslampa. Denna h\u00f6gkvalitativa arbetslampa levererar kraftfull belysning och \u00f6kar produktiviteten och s\u00e4kerheten i din arbetsmilj\u00f6. Funktioner och F\u00f6rdelar: Svart Lamphus: BriodLights arbetslampa kommer med ett h\u00e5llbart svart lamphus som ger utm\u00e4rkt skydd mot elementen och h\u00e5ller ljusk\u00e4llan [&hellip;]\" \/>\n<meta property=\"og:url\" content=\"https:\/\/xenonkungen.com\/de\/produkt\/briodlights-arbeitsleuchte-157-mm-2000-lm\/\" \/>\n<meta property=\"og:site_name\" content=\"Xenonkungen\" \/>\n<meta property=\"article:modified_time\" content=\"2026-04-10T23:02:52+00:00\" \/>\n<meta property=\"og:image\" content=\"https:\/\/xenonkungen.com\/wp-content\/uploads\/2025\/04\/15232_itemimage_mainfront.jpg\" \/>\n\t<meta property=\"og:image:width\" content=\"2048\" \/>\n\t<meta property=\"og:image:height\" content=\"1536\" \/>\n\t<meta property=\"og:image:type\" content=\"image\/jpeg\" \/>\n<meta name=\"twitter:card\" content=\"summary_large_image\" \/>\n<meta name=\"twitter:label1\" content=\"Gesch\u00e4tzte Lesezeit\" \/>\n\t<meta name=\"twitter:data1\" content=\"1\u00a0Minute\" \/>\n<script type=\"application\/ld+json\" class=\"yoast-schema-graph\">{\"@context\":\"https:\/\/schema.org\",\"@graph\":[{\"@type\":\"WebPage\",\"@id\":\"https:\/\/xenonkungen.com\/produkt\/briodlights-arbetslampa-157mm-2000lm\/\",\"url\":\"https:\/\/xenonkungen.com\/produkt\/briodlights-arbetslampa-157mm-2000lm\/\",\"name\":\"BriodLights Arbetslampa 157mm 2000lm - Xenonkungen\",\"isPartOf\":{\"@id\":\"https:\/\/xenonkungen.com\/#website\"},\"primaryImageOfPage\":{\"@id\":\"https:\/\/xenonkungen.com\/produkt\/briodlights-arbetslampa-157mm-2000lm\/#primaryimage\"},\"image\":{\"@id\":\"https:\/\/xenonkungen.com\/produkt\/briodlights-arbetslampa-157mm-2000lm\/#primaryimage\"},\"thumbnailUrl\":\"https:\/\/xenonkungen.com\/wp-content\/uploads\/2025\/04\/15232_itemimage_mainfront.jpg\",\"datePublished\":\"2025-04-15T08:49:55+00:00\",\"dateModified\":\"2026-04-10T23:02:52+00:00\",\"breadcrumb\":{\"@id\":\"https:\/\/xenonkungen.com\/produkt\/briodlights-arbetslampa-157mm-2000lm\/#breadcrumb\"},\"inLanguage\":\"de\",\"potentialAction\":[{\"@type\":\"ReadAction\",\"target\":[\"https:\/\/xenonkungen.com\/produkt\/briodlights-arbetslampa-157mm-2000lm\/\"]}]},{\"@type\":\"ImageObject\",\"inLanguage\":\"de\",\"@id\":\"https:\/\/xenonkungen.com\/produkt\/briodlights-arbetslampa-157mm-2000lm\/#primaryimage\",\"url\":\"https:\/\/xenonkungen.com\/wp-content\/uploads\/2025\/04\/15232_itemimage_mainfront.jpg\",\"contentUrl\":\"https:\/\/xenonkungen.com\/wp-content\/uploads\/2025\/04\/15232_itemimage_mainfront.jpg\",\"width\":2048,\"height\":1536},{\"@type\":\"BreadcrumbList\",\"@id\":\"https:\/\/xenonkungen.com\/produkt\/briodlights-arbetslampa-157mm-2000lm\/#breadcrumb\",\"itemListElement\":[{\"@type\":\"ListItem\",\"position\":1,\"name\":\"Hem\",\"item\":\"https:\/\/xenonkungen.com\/\"},{\"@type\":\"ListItem\",\"position\":2,\"name\":\"Shop\",\"item\":\"https:\/\/xenonkungen.com\/shop\/\"},{\"@type\":\"ListItem\",\"position\":3,\"name\":\"BriodLights Arbetslampa 157mm 2000lm\"}]},{\"@type\":\"WebSite\",\"@id\":\"https:\/\/xenonkungen.com\/#website\",\"url\":\"https:\/\/xenonkungen.com\/\",\"name\":\"Xenonkungen\",\"description\":\"\",\"potentialAction\":[{\"@type\":\"SearchAction\",\"target\":{\"@type\":\"EntryPoint\",\"urlTemplate\":\"https:\/\/xenonkungen.com\/?s={search_term_string}\"},\"query-input\":{\"@type\":\"PropertyValueSpecification\",\"valueRequired\":true,\"valueName\":\"search_term_string\"}}],\"inLanguage\":\"de\"}]}<\/script>\n<!-- \/ Yoast SEO plugin. -->","yoast_head_json":{"title":"BriodLights Arbeitsleuchte 157mm 2000lm - Xenonkungen","robots":{"index":"index","follow":"follow","max-snippet":"max-snippet:-1","max-image-preview":"max-image-preview:large","max-video-preview":"max-video-preview:-1"},"canonical":"https:\/\/xenonkungen.com\/de\/produkt\/briodlights-arbeitsleuchte-157-mm-2000-lm\/","og_locale":"de_DE","og_type":"article","og_title":"BriodLights Arbetslampa 157mm 2000lm - Xenonkungen","og_description":"BriodLights Arbetslampa: Kraftfull Belysning f\u00f6r Effektiv Arbete Utf\u00f6r ditt arbete med sj\u00e4lvf\u00f6rtroende, oavsett ljusf\u00f6rh\u00e5llanden, med hj\u00e4lp av BriodLights arbetslampa. Denna h\u00f6gkvalitativa arbetslampa levererar kraftfull belysning och \u00f6kar produktiviteten och s\u00e4kerheten i din arbetsmilj\u00f6. Funktioner och F\u00f6rdelar: Svart Lamphus: BriodLights arbetslampa kommer med ett h\u00e5llbart svart lamphus som ger utm\u00e4rkt skydd mot elementen och h\u00e5ller ljusk\u00e4llan [&hellip;]","og_url":"https:\/\/xenonkungen.com\/de\/produkt\/briodlights-arbeitsleuchte-157-mm-2000-lm\/","og_site_name":"Xenonkungen","article_modified_time":"2026-04-10T23:02:52+00:00","og_image":[{"width":2048,"height":1536,"url":"https:\/\/xenonkungen.com\/wp-content\/uploads\/2025\/04\/15232_itemimage_mainfront.jpg","type":"image\/jpeg"}],"twitter_card":"summary_large_image","twitter_misc":{"Gesch\u00e4tzte Lesezeit":"1\u00a0Minute"},"schema":{"@context":"https:\/\/schema.org","@graph":[{"@type":"WebPage","@id":"https:\/\/xenonkungen.com\/produkt\/briodlights-arbetslampa-157mm-2000lm\/","url":"https:\/\/xenonkungen.com\/produkt\/briodlights-arbetslampa-157mm-2000lm\/","name":"BriodLights Arbeitsleuchte 157mm 2000lm - Xenonkungen","isPartOf":{"@id":"https:\/\/xenonkungen.com\/#website"},"primaryImageOfPage":{"@id":"https:\/\/xenonkungen.com\/produkt\/briodlights-arbetslampa-157mm-2000lm\/#primaryimage"},"image":{"@id":"https:\/\/xenonkungen.com\/produkt\/briodlights-arbetslampa-157mm-2000lm\/#primaryimage"},"thumbnailUrl":"https:\/\/xenonkungen.com\/wp-content\/uploads\/2025\/04\/15232_itemimage_mainfront.jpg","datePublished":"2025-04-15T08:49:55+00:00","dateModified":"2026-04-10T23:02:52+00:00","breadcrumb":{"@id":"https:\/\/xenonkungen.com\/produkt\/briodlights-arbetslampa-157mm-2000lm\/#breadcrumb"},"inLanguage":"de","potentialAction":[{"@type":"ReadAction","target":["https:\/\/xenonkungen.com\/produkt\/briodlights-arbetslampa-157mm-2000lm\/"]}]},{"@type":"ImageObject","inLanguage":"de","@id":"https:\/\/xenonkungen.com\/produkt\/briodlights-arbetslampa-157mm-2000lm\/#primaryimage","url":"https:\/\/xenonkungen.com\/wp-content\/uploads\/2025\/04\/15232_itemimage_mainfront.jpg","contentUrl":"https:\/\/xenonkungen.com\/wp-content\/uploads\/2025\/04\/15232_itemimage_mainfront.jpg","width":2048,"height":1536},{"@type":"BreadcrumbList","@id":"https:\/\/xenonkungen.com\/produkt\/briodlights-arbetslampa-157mm-2000lm\/#breadcrumb","itemListElement":[{"@type":"ListItem","position":1,"name":"Hem","item":"https:\/\/xenonkungen.com\/"},{"@type":"ListItem","position":2,"name":"Shop","item":"https:\/\/xenonkungen.com\/shop\/"},{"@type":"ListItem","position":3,"name":"BriodLights Arbetslampa 157mm 2000lm"}]},{"@type":"WebSite","@id":"https:\/\/xenonkungen.com\/#website","url":"https:\/\/xenonkungen.com\/","name":"Xenonkungen","description":"","potentialAction":[{"@type":"SearchAction","target":{"@type":"EntryPoint","urlTemplate":"https:\/\/xenonkungen.com\/?s={search_term_string}"},"query-input":{"@type":"PropertyValueSpecification","valueRequired":true,"valueName":"search_term_string"}}],"inLanguage":"de"}]}},"taxonomy_info":{"product_brand":[{"value":92,"label":"Briodlights"}],"product_cat":[{"value":508,"label":"Arbetsbelysning"}],"product_tag":[{"value":2788,"label":"black-week-exclude"}],"pa_fargtemperatur":[{"value":226,"label":"5700K"}],"pa_fuktskydd-varde-ipxx":[{"value":155,"label":"IP69K"}],"pa_godkannande":[{"value":958,"label":"R10, R65"}],"pa_lampsockel-kontakt":[{"value":329,"label":"DT"}],"pa_led-chips-effekt-w":[{"value":526,"label":"30"}],"pa_ljusbild":[{"value":503,"label":"FLOOD"}],"pa_storlek-mm":[{"value":1018,"label":"157x49,7x60"}],"pa_stromforbrukning":[{"value":1020,"label":"1,33A@24V"},{"value":1019,"label":"2,64A@12V"}],"pa_volt-v":[{"value":773,"label":"Multivolt, 10, 12, 16, 18, 24, 28, 30"}]},"featured_image_src_large":["https:\/\/xenonkungen.com\/wp-content\/uploads\/2025\/04\/15232_itemimage_mainfront-1024x768.jpg",1024,768,true],"author_info":[],"comment_info":0,"_links":{"self":[{"href":"https:\/\/xenonkungen.com\/de\/wp-json\/wp\/v2\/product\/3155","targetHints":{"allow":["GET"]}}],"collection":[{"href":"https:\/\/xenonkungen.com\/de\/wp-json\/wp\/v2\/product"}],"about":[{"href":"https:\/\/xenonkungen.com\/de\/wp-json\/wp\/v2\/types\/product"}],"replies":[{"embeddable":true,"href":"https:\/\/xenonkungen.com\/de\/wp-json\/wp\/v2\/comments?post=3155"}],"wp:featuredmedia":[{"embeddable":true,"href":"https:\/\/xenonkungen.com\/de\/wp-json\/wp\/v2\/media\/3156"}],"wp:attachment":[{"href":"https:\/\/xenonkungen.com\/de\/wp-json\/wp\/v2\/media?parent=3155"}],"wp:term":[{"taxonomy":"anvandningsomrade","embeddable":true,"href":"https:\/\/xenonkungen.com\/de\/wp-json\/wp\/v2\/anvandningsomrade?post=3155"},{"taxonomy":"bilmarken","embeddable":true,"href":"https:\/\/xenonkungen.com\/de\/wp-json\/wp\/v2\/bilmarken?post=3155"},{"taxonomy":"product_brand","embeddable":true,"href":"https:\/\/xenonkungen.com\/de\/wp-json\/wp\/v2\/product_brand?post=3155"},{"taxonomy":"product_cat","embeddable":true,"href":"https:\/\/xenonkungen.com\/de\/wp-json\/wp\/v2\/product_cat?post=3155"},{"taxonomy":"product_tag","embeddable":true,"href":"https:\/\/xenonkungen.com\/de\/wp-json\/wp\/v2\/product_tag?post=3155"}],"curies":[{"name":"wp","href":"https:\/\/api.w.org\/{rel}","templated":true}]}}