{"id":3166,"date":"2025-04-15T08:49:55","date_gmt":"2025-04-15T08:49:55","guid":{"rendered":"https:\/\/xenonkungen.com\/product\/briodlights-extraljusramp-dubbelradig-6820lm\/"},"modified":"2026-04-24T16:49:16","modified_gmt":"2026-04-24T15:49:16","slug":"briodlights-zusatzliche-lichtleiste-zweireihig-6820-lm","status":"publish","type":"product","link":"https:\/\/xenonkungen.com\/de\/produkt\/briodlights-zusatzliche-lichtleiste-zweireihig-6820-lm\/","title":{"rendered":"BriodLights Extra Light Rampe zweireihig 6820lm"},"content":{"rendered":"<h1>BriodLights Gerade LED-Arbeitsscheinwerferleiste mit zwei Reihen<\/h1>\n<h2>Au\u00dfergew\u00f6hnliche Qualit\u00e4t und Helligkeit<\/h2>\n<p>Diese gerade LED-Arbeitsleuchte von BriodLights bietet dank ihrer zwei Reihen mit je 5-Watt-Hochleistungsdioden von Osram eine unglaubliche Helligkeit und Qualit\u00e4t. Mit 8200 Lumen erzeugt sie ein beeindruckendes Lichtbild und ist somit ideal f\u00fcr sicheres Fahren bei Dunkelheit.<\/p>\n<h2>Robust und langlebig<\/h2>\n<p>Dank seines schwarz pulverbeschichteten Aluminiumgeh\u00e4uses ist diese Lichtleiste sto\u00dffest und wasserdicht und zeichnet sich durch eine au\u00dfergew\u00f6hnlich lange Lebensdauer aus. Zus\u00e4tzlich verf\u00fcgt die Lichtleiste \u00fcber Edelstahlhalterungen f\u00fcr die seitliche und Unterflurmontage.<\/p>","protected":false},"excerpt":{"rendered":"<p>BriodLights Rak LED Arbetsljusramp med Dubbla Rader Exceptionell Kvalitet och Ljusstyrka Denna rak LED arbetsljusramp fr\u00e5n BriodLights levererar otrolig ljusstyrka och kvalitet med sina dubbla rader av 5 W h\u00f6geffektiva och h\u00f6gkvalitativa dioder fr\u00e5n Osram. Med 8200 lumen skapar denna ljusramp en imponerande ljusbild, vilket g\u00f6r den till ett utm\u00e4rkt verktyg f\u00f6r s\u00e4ker k\u00f6rning i [&hellip;]<\/p>","protected":false},"featured_media":3167,"comment_status":"closed","ping_status":"open","template":"","meta":{"_acf_changed":false,"_smort_price_nok":"3247","_smort_price_dkk":"2063","_smort_price_eur":"276.35","_smort_sale_price_nok":"","_smort_sale_price_dkk":"","_smort_sale_price_eur":"","smort_restorder":"","shipmondo_restorder":"","_kad_blocks_custom_css":"","_kad_blocks_head_custom_js":"","_kad_blocks_body_custom_js":"","_kad_blocks_footer_custom_js":"","smort_custom_pricelist_1":"1945.6","smort_custom_pricelist_2":"1702.4","smort_custom_pricelist_3":"1617.28","smort_custom_pricelist_4":"2432","smort_custom_pricelist_5":"1702.4"},"anvandningsomrade":[],"bilmarken":[],"product_brand":[92],"product_cat":[2551,508],"product_tag":[2788],"class_list":{"0":"post-3166","1":"product","2":"type-product","3":"status-publish","4":"has-post-thumbnail","6":"product_brand-briodlights","7":"product_cat-arbetsljusramp-arbetsbelysning","8":"product_cat-arbetsbelysning","9":"product_tag-black-week-exclude","10":"pa_fargtemperatur-6000k","11":"pa_fuktskydd-varde-ipxx-ip68k","12":"pa_godkannande-r10","13":"pa_lampsockel-kontakt-dt","14":"pa_led-chips-effekt-w-1025","15":"pa_storlek-mm-550x68x54","16":"pa_volt-v-multivolt-9-12-16-18-24-28-30-32-36","18":"first","19":"onbackorder","20":"taxable","21":"shipping-taxable","22":"purchasable","23":"product-type-simple"},"bundled_by":[],"bundle_stock_status":"onbackorder","bundle_stock_quantity":0,"bundle_virtual":false,"bundle_layout":"","bundle_add_to_cart_form_location":"","bundle_editable_in_cart":false,"bundle_sold_individually_context":"","bundle_item_grouping":"","bundle_min_size":"","bundle_max_size":"","bundle_price":[],"bundled_items":[],"bundle_sell_ids":[],"acf":[],"yoast_head":"<!-- This site is optimized with the Yoast SEO plugin v27.0 - https:\/\/yoast.com\/product\/yoast-seo-wordpress\/ -->\n<title>BriodLights Extraljusramp Dubbelradig 6820lm - Xenonkungen<\/title>\n<meta name=\"robots\" content=\"index, follow, max-snippet:-1, max-image-preview:large, max-video-preview:-1\" \/>\n<link rel=\"canonical\" href=\"https:\/\/xenonkungen.com\/de\/produkt\/briodlights-zusatzliche-lichtleiste-zweireihig-6820-lm\/\" \/>\n<meta property=\"og:locale\" content=\"de_DE\" \/>\n<meta property=\"og:type\" content=\"article\" \/>\n<meta property=\"og:title\" content=\"BriodLights Extraljusramp Dubbelradig 6820lm - Xenonkungen\" \/>\n<meta property=\"og:description\" content=\"BriodLights Rak LED Arbetsljusramp med Dubbla Rader Exceptionell Kvalitet och Ljusstyrka Denna rak LED arbetsljusramp fr\u00e5n BriodLights levererar otrolig ljusstyrka och kvalitet med sina dubbla rader av 5 W h\u00f6geffektiva och h\u00f6gkvalitativa dioder fr\u00e5n Osram. Med 8200 lumen skapar denna ljusramp en imponerande ljusbild, vilket g\u00f6r den till ett utm\u00e4rkt verktyg f\u00f6r s\u00e4ker k\u00f6rning i [&hellip;]\" \/>\n<meta property=\"og:url\" content=\"https:\/\/xenonkungen.com\/de\/produkt\/briodlights-zusatzliche-lichtleiste-zweireihig-6820-lm\/\" \/>\n<meta property=\"og:site_name\" content=\"Xenonkungen\" \/>\n<meta property=\"article:modified_time\" content=\"2026-04-24T15:49:16+00:00\" \/>\n<meta property=\"og:image\" content=\"https:\/\/xenonkungen.com\/wp-content\/uploads\/2025\/04\/15235_itemimage_mainfront.jpg\" \/>\n\t<meta property=\"og:image:width\" content=\"2048\" \/>\n\t<meta property=\"og:image:height\" content=\"1536\" \/>\n\t<meta property=\"og:image:type\" content=\"image\/jpeg\" \/>\n<meta name=\"twitter:card\" content=\"summary_large_image\" \/>\n<meta name=\"twitter:label1\" content=\"Gesch\u00e4tzte Lesezeit\" \/>\n\t<meta name=\"twitter:data1\" content=\"1\u00a0Minute\" \/>\n<script type=\"application\/ld+json\" class=\"yoast-schema-graph\">{\"@context\":\"https:\/\/schema.org\",\"@graph\":[{\"@type\":\"WebPage\",\"@id\":\"https:\/\/xenonkungen.com\/produkt\/briodlights-extraljusramp-dubbelradig-6820lm\/\",\"url\":\"https:\/\/xenonkungen.com\/produkt\/briodlights-extraljusramp-dubbelradig-6820lm\/\",\"name\":\"BriodLights Extraljusramp Dubbelradig 6820lm - Xenonkungen\",\"isPartOf\":{\"@id\":\"https:\/\/xenonkungen.com\/#website\"},\"primaryImageOfPage\":{\"@id\":\"https:\/\/xenonkungen.com\/produkt\/briodlights-extraljusramp-dubbelradig-6820lm\/#primaryimage\"},\"image\":{\"@id\":\"https:\/\/xenonkungen.com\/produkt\/briodlights-extraljusramp-dubbelradig-6820lm\/#primaryimage\"},\"thumbnailUrl\":\"https:\/\/xenonkungen.com\/wp-content\/uploads\/2025\/04\/15235_itemimage_mainfront.jpg\",\"datePublished\":\"2025-04-15T08:49:55+00:00\",\"dateModified\":\"2026-04-24T15:49:16+00:00\",\"breadcrumb\":{\"@id\":\"https:\/\/xenonkungen.com\/produkt\/briodlights-extraljusramp-dubbelradig-6820lm\/#breadcrumb\"},\"inLanguage\":\"de\",\"potentialAction\":[{\"@type\":\"ReadAction\",\"target\":[\"https:\/\/xenonkungen.com\/produkt\/briodlights-extraljusramp-dubbelradig-6820lm\/\"]}]},{\"@type\":\"ImageObject\",\"inLanguage\":\"de\",\"@id\":\"https:\/\/xenonkungen.com\/produkt\/briodlights-extraljusramp-dubbelradig-6820lm\/#primaryimage\",\"url\":\"https:\/\/xenonkungen.com\/wp-content\/uploads\/2025\/04\/15235_itemimage_mainfront.jpg\",\"contentUrl\":\"https:\/\/xenonkungen.com\/wp-content\/uploads\/2025\/04\/15235_itemimage_mainfront.jpg\",\"width\":2048,\"height\":1536},{\"@type\":\"BreadcrumbList\",\"@id\":\"https:\/\/xenonkungen.com\/produkt\/briodlights-extraljusramp-dubbelradig-6820lm\/#breadcrumb\",\"itemListElement\":[{\"@type\":\"ListItem\",\"position\":1,\"name\":\"Hem\",\"item\":\"https:\/\/xenonkungen.com\/\"},{\"@type\":\"ListItem\",\"position\":2,\"name\":\"Shop\",\"item\":\"https:\/\/xenonkungen.com\/shop\/\"},{\"@type\":\"ListItem\",\"position\":3,\"name\":\"BriodLights Extraljusramp Dubbelradig 6820lm\"}]},{\"@type\":\"WebSite\",\"@id\":\"https:\/\/xenonkungen.com\/#website\",\"url\":\"https:\/\/xenonkungen.com\/\",\"name\":\"Xenonkungen\",\"description\":\"\",\"potentialAction\":[{\"@type\":\"SearchAction\",\"target\":{\"@type\":\"EntryPoint\",\"urlTemplate\":\"https:\/\/xenonkungen.com\/?s={search_term_string}\"},\"query-input\":{\"@type\":\"PropertyValueSpecification\",\"valueRequired\":true,\"valueName\":\"search_term_string\"}}],\"inLanguage\":\"de\"}]}<\/script>\n<!-- \/ Yoast SEO plugin. -->","yoast_head_json":{"title":"BriodLights Extra Light Bar Doppelreihe 6820lm - Xenonkungen","robots":{"index":"index","follow":"follow","max-snippet":"max-snippet:-1","max-image-preview":"max-image-preview:large","max-video-preview":"max-video-preview:-1"},"canonical":"https:\/\/xenonkungen.com\/de\/produkt\/briodlights-zusatzliche-lichtleiste-zweireihig-6820-lm\/","og_locale":"de_DE","og_type":"article","og_title":"BriodLights Extraljusramp Dubbelradig 6820lm - Xenonkungen","og_description":"BriodLights Rak LED Arbetsljusramp med Dubbla Rader Exceptionell Kvalitet och Ljusstyrka Denna rak LED arbetsljusramp fr\u00e5n BriodLights levererar otrolig ljusstyrka och kvalitet med sina dubbla rader av 5 W h\u00f6geffektiva och h\u00f6gkvalitativa dioder fr\u00e5n Osram. Med 8200 lumen skapar denna ljusramp en imponerande ljusbild, vilket g\u00f6r den till ett utm\u00e4rkt verktyg f\u00f6r s\u00e4ker k\u00f6rning i [&hellip;]","og_url":"https:\/\/xenonkungen.com\/de\/produkt\/briodlights-zusatzliche-lichtleiste-zweireihig-6820-lm\/","og_site_name":"Xenonkungen","article_modified_time":"2026-04-24T15:49:16+00:00","og_image":[{"width":2048,"height":1536,"url":"https:\/\/xenonkungen.com\/wp-content\/uploads\/2025\/04\/15235_itemimage_mainfront.jpg","type":"image\/jpeg"}],"twitter_card":"summary_large_image","twitter_misc":{"Gesch\u00e4tzte Lesezeit":"1\u00a0Minute"},"schema":{"@context":"https:\/\/schema.org","@graph":[{"@type":"WebPage","@id":"https:\/\/xenonkungen.com\/produkt\/briodlights-extraljusramp-dubbelradig-6820lm\/","url":"https:\/\/xenonkungen.com\/produkt\/briodlights-extraljusramp-dubbelradig-6820lm\/","name":"BriodLights Extra Light Bar Doppelreihe 6820lm - Xenonkungen","isPartOf":{"@id":"https:\/\/xenonkungen.com\/#website"},"primaryImageOfPage":{"@id":"https:\/\/xenonkungen.com\/produkt\/briodlights-extraljusramp-dubbelradig-6820lm\/#primaryimage"},"image":{"@id":"https:\/\/xenonkungen.com\/produkt\/briodlights-extraljusramp-dubbelradig-6820lm\/#primaryimage"},"thumbnailUrl":"https:\/\/xenonkungen.com\/wp-content\/uploads\/2025\/04\/15235_itemimage_mainfront.jpg","datePublished":"2025-04-15T08:49:55+00:00","dateModified":"2026-04-24T15:49:16+00:00","breadcrumb":{"@id":"https:\/\/xenonkungen.com\/produkt\/briodlights-extraljusramp-dubbelradig-6820lm\/#breadcrumb"},"inLanguage":"de","potentialAction":[{"@type":"ReadAction","target":["https:\/\/xenonkungen.com\/produkt\/briodlights-extraljusramp-dubbelradig-6820lm\/"]}]},{"@type":"ImageObject","inLanguage":"de","@id":"https:\/\/xenonkungen.com\/produkt\/briodlights-extraljusramp-dubbelradig-6820lm\/#primaryimage","url":"https:\/\/xenonkungen.com\/wp-content\/uploads\/2025\/04\/15235_itemimage_mainfront.jpg","contentUrl":"https:\/\/xenonkungen.com\/wp-content\/uploads\/2025\/04\/15235_itemimage_mainfront.jpg","width":2048,"height":1536},{"@type":"BreadcrumbList","@id":"https:\/\/xenonkungen.com\/produkt\/briodlights-extraljusramp-dubbelradig-6820lm\/#breadcrumb","itemListElement":[{"@type":"ListItem","position":1,"name":"Hem","item":"https:\/\/xenonkungen.com\/"},{"@type":"ListItem","position":2,"name":"Shop","item":"https:\/\/xenonkungen.com\/shop\/"},{"@type":"ListItem","position":3,"name":"BriodLights Extraljusramp Dubbelradig 6820lm"}]},{"@type":"WebSite","@id":"https:\/\/xenonkungen.com\/#website","url":"https:\/\/xenonkungen.com\/","name":"Xenonkungen","description":"","potentialAction":[{"@type":"SearchAction","target":{"@type":"EntryPoint","urlTemplate":"https:\/\/xenonkungen.com\/?s={search_term_string}"},"query-input":{"@type":"PropertyValueSpecification","valueRequired":true,"valueName":"search_term_string"}}],"inLanguage":"de"}]}},"taxonomy_info":{"product_brand":[{"value":92,"label":"Briodlights"}],"product_cat":[{"value":2551,"label":"Arbetsljusramp"},{"value":508,"label":"Arbetsbelysning"}],"product_tag":[{"value":2788,"label":"black-week-exclude"}],"pa_fargtemperatur":[{"value":188,"label":"6000K"}],"pa_fuktskydd-varde-ipxx":[{"value":682,"label":"IP68K"}],"pa_godkannande":[{"value":184,"label":"R10"}],"pa_lampsockel-kontakt":[{"value":329,"label":"DT"}],"pa_led-chips-effekt-w":[{"value":1025,"label":"200"}],"pa_storlek-mm":[{"value":1024,"label":"550x68x54"}],"pa_volt-v":[{"value":504,"label":"Multivolt, 9, 12, 16, 18, 24, 28, 30, 32, 36"}]},"featured_image_src_large":["https:\/\/xenonkungen.com\/wp-content\/uploads\/2025\/04\/15235_itemimage_mainfront-1024x768.jpg",1024,768,true],"author_info":[],"comment_info":0,"_links":{"self":[{"href":"https:\/\/xenonkungen.com\/de\/wp-json\/wp\/v2\/product\/3166","targetHints":{"allow":["GET"]}}],"collection":[{"href":"https:\/\/xenonkungen.com\/de\/wp-json\/wp\/v2\/product"}],"about":[{"href":"https:\/\/xenonkungen.com\/de\/wp-json\/wp\/v2\/types\/product"}],"replies":[{"embeddable":true,"href":"https:\/\/xenonkungen.com\/de\/wp-json\/wp\/v2\/comments?post=3166"}],"wp:featuredmedia":[{"embeddable":true,"href":"https:\/\/xenonkungen.com\/de\/wp-json\/wp\/v2\/media\/3167"}],"wp:attachment":[{"href":"https:\/\/xenonkungen.com\/de\/wp-json\/wp\/v2\/media?parent=3166"}],"wp:term":[{"taxonomy":"anvandningsomrade","embeddable":true,"href":"https:\/\/xenonkungen.com\/de\/wp-json\/wp\/v2\/anvandningsomrade?post=3166"},{"taxonomy":"bilmarken","embeddable":true,"href":"https:\/\/xenonkungen.com\/de\/wp-json\/wp\/v2\/bilmarken?post=3166"},{"taxonomy":"product_brand","embeddable":true,"href":"https:\/\/xenonkungen.com\/de\/wp-json\/wp\/v2\/product_brand?post=3166"},{"taxonomy":"product_cat","embeddable":true,"href":"https:\/\/xenonkungen.com\/de\/wp-json\/wp\/v2\/product_cat?post=3166"},{"taxonomy":"product_tag","embeddable":true,"href":"https:\/\/xenonkungen.com\/de\/wp-json\/wp\/v2\/product_tag?post=3166"}],"curies":[{"name":"wp","href":"https:\/\/api.w.org\/{rel}","templated":true}]}}