{"id":3220,"date":"2025-04-15T08:51:07","date_gmt":"2025-04-15T08:51:07","guid":{"rendered":"https:\/\/xenonkungen.com\/product\/briodlights-roterande-v-ljus-batteri-fjarrkontroll-kabel\/"},"modified":"2026-04-19T15:57:23","modified_gmt":"2026-04-19T14:57:23","slug":"briolights-drehbare-v-lichtbatterie-fernbedienungskabel","status":"publish","type":"product","link":"https:\/\/xenonkungen.com\/de\/produkt\/briolights-drehbare-v-lichtbatterie-fernbedienungskabel\/","title":{"rendered":"BriodLights Rotierendes V-Licht Batterie-Fernbedienungskabel"},"content":{"rendered":"<h1>LED-Rundumkennleuchte mit Magnethalterung: Flexibel und effizient<\/h1>\n<h2>Einfache Aktivierung und Nutzung<\/h2>\n<p>Die LED-Rundumleuchte mit Magnethalterung ist ein sehr n\u00fctzliches und praktisches Hilfsmittel f\u00fcr die Sicherheit im Stra\u00dfenverkehr. Die Warnleuchte ist batteriebetrieben und kann einfach per Knopfdruck aktiviert werden, entweder direkt an der Warnleuchte oder \u00fcber die mitgelieferte Fernbedienung. Diese Flexibilit\u00e4t macht sie zu einer einfachen L\u00f6sung, um die Sicherheit in vielen verschiedenen Situationen zu erh\u00f6hen.<\/p>\n<h2>Effizienter Betrieb und schnelles Aufladen<\/h2>\n<p>Die Leuchte hat eine beeindruckende Akkulaufzeit von 6 Stunden und ben\u00f6tigt nur 4 Stunden, um vollst\u00e4ndig aufgeladen zu werden. So k\u00f6nnen Sie sicher sein, dass Ihre Warnleuchte einsatzbereit ist, wenn Sie sie am meisten brauchen.<\/p>\n<h2>Einfache Montage und hohe H\u00f6chstgeschwindigkeit<\/h2>\n<p>Die Warnleuchte l\u00e4sst sich dank des eingebauten Magneten mit kombiniertem Saugnapf leicht an Ihrem Fahrzeug anbringen. Dar\u00fcber hinaus erm\u00f6glicht diese Warnleuchte eine H\u00f6chstgeschwindigkeit mit diesem Produkt an einem Fahrzeug montiert ist 120 km\/h, so dass es eine ausgezeichnete Wahl f\u00fcr Stadt und Land fahren.<\/p>\n<h2>Produktspezifikationen<\/h2>\n<ul>\n<li>LED-Rundumkennleuchte<\/li>\n<li>Magnetische Halterung mit kombiniertem Absaugstutzen<\/li>\n<li>Batteriebetrieben, 6 Stunden Batteriebetrieb<\/li>\n<li>Aufladezeit: 4 Stunden<\/li>\n<li>Inklusive Fernbedienung<\/li>\n<li>ECER65, EMCR10<\/li>\n<li>H\u00f6chstgeschwindigkeit mit montiertem Produkt: 120 km\/h<\/li>\n<\/ul>","protected":false},"excerpt":{"rendered":"<p>LED Roterande Varningsljus med Magnetf\u00e4ste: Flexibel och Effektiv Enkel Aktivering och Anv\u00e4ndning LED roterande varningsljus med magnetf\u00e4ste \u00e4r ett mycket anv\u00e4ndbart och praktiskt verktyg f\u00f6r s\u00e4kerhet p\u00e5 v\u00e4gen. Varningsljuset \u00e4r batteridrivet och kan enkelt aktiveras med bara ett knapptryck, antingen direkt p\u00e5 varningsljuset eller med hj\u00e4lp av den medf\u00f6ljande fj\u00e4rrkontrollen. Denna flexibilitet g\u00f6r det till [&hellip;]<\/p>","protected":false},"featured_media":3221,"comment_status":"closed","ping_status":"open","template":"","meta":{"_acf_changed":false,"_smort_price_nok":"1602","_smort_price_dkk":"1018","_smort_price_eur":"136.36","_smort_sale_price_nok":"","_smort_sale_price_dkk":"","_smort_sale_price_eur":"","smort_restorder":"","shipmondo_restorder":"","_kad_blocks_custom_css":"","_kad_blocks_head_custom_js":"","_kad_blocks_body_custom_js":"","_kad_blocks_footer_custom_js":"","smort_custom_pricelist_1":"960","smort_custom_pricelist_2":"840","smort_custom_pricelist_3":"798","smort_custom_pricelist_4":"1200","smort_custom_pricelist_5":"840"},"anvandningsomrade":[],"bilmarken":[],"product_brand":[92],"product_cat":[2558,1061],"product_tag":[2788],"class_list":{"0":"post-3220","1":"product","2":"type-product","3":"status-publish","4":"has-post-thumbnail","6":"product_brand-briodlights","7":"product_cat-saftblandare-roterande-lyktor","8":"product_cat-varningsljus","9":"product_tag-black-week-exclude","10":"pa_fargtemperatur-amber","11":"pa_fuktskydd-varde-ipxx-ip67","12":"pa_godkannande-ece-r65-emc-r10","13":"pa_led-chips-effekt-w-1062","14":"pa_volt-v-776","16":"first","17":"onbackorder","18":"taxable","19":"shipping-taxable","20":"purchasable","21":"product-type-simple"},"bundled_by":[],"bundle_stock_status":"onbackorder","bundle_stock_quantity":-1,"bundle_virtual":false,"bundle_layout":"","bundle_add_to_cart_form_location":"","bundle_editable_in_cart":false,"bundle_sold_individually_context":"","bundle_item_grouping":"","bundle_min_size":"","bundle_max_size":"","bundle_price":[],"bundled_items":[],"bundle_sell_ids":[],"acf":[],"yoast_head":"<!-- This site is optimized with the Yoast SEO plugin v27.0 - https:\/\/yoast.com\/product\/yoast-seo-wordpress\/ -->\n<title>BriodLights Roterande V-ljus Batteri Fj\u00e4rrkontroll kabel - Xenonkungen<\/title>\n<meta name=\"robots\" content=\"index, follow, max-snippet:-1, max-image-preview:large, max-video-preview:-1\" \/>\n<link rel=\"canonical\" href=\"https:\/\/xenonkungen.com\/de\/produkt\/briolights-drehbare-v-lichtbatterie-fernbedienungskabel\/\" \/>\n<meta property=\"og:locale\" content=\"de_DE\" \/>\n<meta property=\"og:type\" content=\"article\" \/>\n<meta property=\"og:title\" content=\"BriodLights Roterande V-ljus Batteri Fj\u00e4rrkontroll kabel - Xenonkungen\" \/>\n<meta property=\"og:description\" content=\"LED Roterande Varningsljus med Magnetf\u00e4ste: Flexibel och Effektiv Enkel Aktivering och Anv\u00e4ndning LED roterande varningsljus med magnetf\u00e4ste \u00e4r ett mycket anv\u00e4ndbart och praktiskt verktyg f\u00f6r s\u00e4kerhet p\u00e5 v\u00e4gen. Varningsljuset \u00e4r batteridrivet och kan enkelt aktiveras med bara ett knapptryck, antingen direkt p\u00e5 varningsljuset eller med hj\u00e4lp av den medf\u00f6ljande fj\u00e4rrkontrollen. Denna flexibilitet g\u00f6r det till [&hellip;]\" \/>\n<meta property=\"og:url\" content=\"https:\/\/xenonkungen.com\/de\/produkt\/briolights-drehbare-v-lichtbatterie-fernbedienungskabel\/\" \/>\n<meta property=\"og:site_name\" content=\"Xenonkungen\" \/>\n<meta property=\"article:modified_time\" content=\"2026-04-19T14:57:23+00:00\" \/>\n<meta property=\"og:image\" content=\"https:\/\/xenonkungen.com\/wp-content\/uploads\/2025\/04\/19501_itemimage_mainfront.jpg\" \/>\n\t<meta property=\"og:image:width\" content=\"2048\" \/>\n\t<meta property=\"og:image:height\" content=\"1536\" \/>\n\t<meta property=\"og:image:type\" content=\"image\/jpeg\" \/>\n<meta name=\"twitter:card\" content=\"summary_large_image\" \/>\n<meta name=\"twitter:label1\" content=\"Gesch\u00e4tzte Lesezeit\" \/>\n\t<meta name=\"twitter:data1\" content=\"1\u00a0Minute\" \/>\n<script type=\"application\/ld+json\" class=\"yoast-schema-graph\">{\"@context\":\"https:\/\/schema.org\",\"@graph\":[{\"@type\":\"WebPage\",\"@id\":\"https:\/\/xenonkungen.com\/produkt\/briodlights-roterande-v-ljus-batteri-fjarrkontroll-kabel\/\",\"url\":\"https:\/\/xenonkungen.com\/produkt\/briodlights-roterande-v-ljus-batteri-fjarrkontroll-kabel\/\",\"name\":\"BriodLights Roterande V-ljus Batteri Fj\u00e4rrkontroll kabel - Xenonkungen\",\"isPartOf\":{\"@id\":\"https:\/\/xenonkungen.com\/#website\"},\"primaryImageOfPage\":{\"@id\":\"https:\/\/xenonkungen.com\/produkt\/briodlights-roterande-v-ljus-batteri-fjarrkontroll-kabel\/#primaryimage\"},\"image\":{\"@id\":\"https:\/\/xenonkungen.com\/produkt\/briodlights-roterande-v-ljus-batteri-fjarrkontroll-kabel\/#primaryimage\"},\"thumbnailUrl\":\"https:\/\/xenonkungen.com\/wp-content\/uploads\/2025\/04\/19501_itemimage_mainfront.jpg\",\"datePublished\":\"2025-04-15T08:51:07+00:00\",\"dateModified\":\"2026-04-19T14:57:23+00:00\",\"breadcrumb\":{\"@id\":\"https:\/\/xenonkungen.com\/produkt\/briodlights-roterande-v-ljus-batteri-fjarrkontroll-kabel\/#breadcrumb\"},\"inLanguage\":\"de\",\"potentialAction\":[{\"@type\":\"ReadAction\",\"target\":[\"https:\/\/xenonkungen.com\/produkt\/briodlights-roterande-v-ljus-batteri-fjarrkontroll-kabel\/\"]}]},{\"@type\":\"ImageObject\",\"inLanguage\":\"de\",\"@id\":\"https:\/\/xenonkungen.com\/produkt\/briodlights-roterande-v-ljus-batteri-fjarrkontroll-kabel\/#primaryimage\",\"url\":\"https:\/\/xenonkungen.com\/wp-content\/uploads\/2025\/04\/19501_itemimage_mainfront.jpg\",\"contentUrl\":\"https:\/\/xenonkungen.com\/wp-content\/uploads\/2025\/04\/19501_itemimage_mainfront.jpg\",\"width\":2048,\"height\":1536},{\"@type\":\"BreadcrumbList\",\"@id\":\"https:\/\/xenonkungen.com\/produkt\/briodlights-roterande-v-ljus-batteri-fjarrkontroll-kabel\/#breadcrumb\",\"itemListElement\":[{\"@type\":\"ListItem\",\"position\":1,\"name\":\"Hem\",\"item\":\"https:\/\/xenonkungen.com\/\"},{\"@type\":\"ListItem\",\"position\":2,\"name\":\"Shop\",\"item\":\"https:\/\/xenonkungen.com\/shop\/\"},{\"@type\":\"ListItem\",\"position\":3,\"name\":\"BriodLights Roterande V-ljus Batteri Fj\u00e4rrkontroll kabel\"}]},{\"@type\":\"WebSite\",\"@id\":\"https:\/\/xenonkungen.com\/#website\",\"url\":\"https:\/\/xenonkungen.com\/\",\"name\":\"Xenonkungen\",\"description\":\"\",\"potentialAction\":[{\"@type\":\"SearchAction\",\"target\":{\"@type\":\"EntryPoint\",\"urlTemplate\":\"https:\/\/xenonkungen.com\/?s={search_term_string}\"},\"query-input\":{\"@type\":\"PropertyValueSpecification\",\"valueRequired\":true,\"valueName\":\"search_term_string\"}}],\"inLanguage\":\"de\"}]}<\/script>\n<!-- \/ Yoast SEO plugin. -->","yoast_head_json":{"title":"BriodLights Rotating V-light Battery Remote control cable - Xenonkungen","robots":{"index":"index","follow":"follow","max-snippet":"max-snippet:-1","max-image-preview":"max-image-preview:large","max-video-preview":"max-video-preview:-1"},"canonical":"https:\/\/xenonkungen.com\/de\/produkt\/briolights-drehbare-v-lichtbatterie-fernbedienungskabel\/","og_locale":"de_DE","og_type":"article","og_title":"BriodLights Roterande V-ljus Batteri Fj\u00e4rrkontroll kabel - Xenonkungen","og_description":"LED Roterande Varningsljus med Magnetf\u00e4ste: Flexibel och Effektiv Enkel Aktivering och Anv\u00e4ndning LED roterande varningsljus med magnetf\u00e4ste \u00e4r ett mycket anv\u00e4ndbart och praktiskt verktyg f\u00f6r s\u00e4kerhet p\u00e5 v\u00e4gen. Varningsljuset \u00e4r batteridrivet och kan enkelt aktiveras med bara ett knapptryck, antingen direkt p\u00e5 varningsljuset eller med hj\u00e4lp av den medf\u00f6ljande fj\u00e4rrkontrollen. Denna flexibilitet g\u00f6r det till [&hellip;]","og_url":"https:\/\/xenonkungen.com\/de\/produkt\/briolights-drehbare-v-lichtbatterie-fernbedienungskabel\/","og_site_name":"Xenonkungen","article_modified_time":"2026-04-19T14:57:23+00:00","og_image":[{"width":2048,"height":1536,"url":"https:\/\/xenonkungen.com\/wp-content\/uploads\/2025\/04\/19501_itemimage_mainfront.jpg","type":"image\/jpeg"}],"twitter_card":"summary_large_image","twitter_misc":{"Gesch\u00e4tzte Lesezeit":"1\u00a0Minute"},"schema":{"@context":"https:\/\/schema.org","@graph":[{"@type":"WebPage","@id":"https:\/\/xenonkungen.com\/produkt\/briodlights-roterande-v-ljus-batteri-fjarrkontroll-kabel\/","url":"https:\/\/xenonkungen.com\/produkt\/briodlights-roterande-v-ljus-batteri-fjarrkontroll-kabel\/","name":"BriodLights Rotating V-light Battery Remote control cable - Xenonkungen","isPartOf":{"@id":"https:\/\/xenonkungen.com\/#website"},"primaryImageOfPage":{"@id":"https:\/\/xenonkungen.com\/produkt\/briodlights-roterande-v-ljus-batteri-fjarrkontroll-kabel\/#primaryimage"},"image":{"@id":"https:\/\/xenonkungen.com\/produkt\/briodlights-roterande-v-ljus-batteri-fjarrkontroll-kabel\/#primaryimage"},"thumbnailUrl":"https:\/\/xenonkungen.com\/wp-content\/uploads\/2025\/04\/19501_itemimage_mainfront.jpg","datePublished":"2025-04-15T08:51:07+00:00","dateModified":"2026-04-19T14:57:23+00:00","breadcrumb":{"@id":"https:\/\/xenonkungen.com\/produkt\/briodlights-roterande-v-ljus-batteri-fjarrkontroll-kabel\/#breadcrumb"},"inLanguage":"de","potentialAction":[{"@type":"ReadAction","target":["https:\/\/xenonkungen.com\/produkt\/briodlights-roterande-v-ljus-batteri-fjarrkontroll-kabel\/"]}]},{"@type":"ImageObject","inLanguage":"de","@id":"https:\/\/xenonkungen.com\/produkt\/briodlights-roterande-v-ljus-batteri-fjarrkontroll-kabel\/#primaryimage","url":"https:\/\/xenonkungen.com\/wp-content\/uploads\/2025\/04\/19501_itemimage_mainfront.jpg","contentUrl":"https:\/\/xenonkungen.com\/wp-content\/uploads\/2025\/04\/19501_itemimage_mainfront.jpg","width":2048,"height":1536},{"@type":"BreadcrumbList","@id":"https:\/\/xenonkungen.com\/produkt\/briodlights-roterande-v-ljus-batteri-fjarrkontroll-kabel\/#breadcrumb","itemListElement":[{"@type":"ListItem","position":1,"name":"Hem","item":"https:\/\/xenonkungen.com\/"},{"@type":"ListItem","position":2,"name":"Shop","item":"https:\/\/xenonkungen.com\/shop\/"},{"@type":"ListItem","position":3,"name":"BriodLights Roterande V-ljus Batteri Fj\u00e4rrkontroll kabel"}]},{"@type":"WebSite","@id":"https:\/\/xenonkungen.com\/#website","url":"https:\/\/xenonkungen.com\/","name":"Xenonkungen","description":"","potentialAction":[{"@type":"SearchAction","target":{"@type":"EntryPoint","urlTemplate":"https:\/\/xenonkungen.com\/?s={search_term_string}"},"query-input":{"@type":"PropertyValueSpecification","valueRequired":true,"valueName":"search_term_string"}}],"inLanguage":"de"}]}},"taxonomy_info":{"product_brand":[{"value":92,"label":"Briodlights"}],"product_cat":[{"value":2558,"label":"Saftblandare \/ Roterande lyktor"},{"value":1061,"label":"Varningsljus"}],"product_tag":[{"value":2788,"label":"black-week-exclude"}],"pa_fargtemperatur":[{"value":745,"label":"Amber"}],"pa_fuktskydd-varde-ipxx":[{"value":333,"label":"IP67"}],"pa_godkannande":[{"value":1060,"label":"ECE, R65, EMC, R10"}],"pa_led-chips-effekt-w":[{"value":1062,"label":"18"}],"pa_volt-v":[{"value":776,"label":"12,24"}]},"featured_image_src_large":["https:\/\/xenonkungen.com\/wp-content\/uploads\/2025\/04\/19501_itemimage_mainfront-1024x768.jpg",1024,768,true],"author_info":[],"comment_info":1,"_links":{"self":[{"href":"https:\/\/xenonkungen.com\/de\/wp-json\/wp\/v2\/product\/3220","targetHints":{"allow":["GET"]}}],"collection":[{"href":"https:\/\/xenonkungen.com\/de\/wp-json\/wp\/v2\/product"}],"about":[{"href":"https:\/\/xenonkungen.com\/de\/wp-json\/wp\/v2\/types\/product"}],"replies":[{"embeddable":true,"href":"https:\/\/xenonkungen.com\/de\/wp-json\/wp\/v2\/comments?post=3220"}],"wp:featuredmedia":[{"embeddable":true,"href":"https:\/\/xenonkungen.com\/de\/wp-json\/wp\/v2\/media\/3221"}],"wp:attachment":[{"href":"https:\/\/xenonkungen.com\/de\/wp-json\/wp\/v2\/media?parent=3220"}],"wp:term":[{"taxonomy":"anvandningsomrade","embeddable":true,"href":"https:\/\/xenonkungen.com\/de\/wp-json\/wp\/v2\/anvandningsomrade?post=3220"},{"taxonomy":"bilmarken","embeddable":true,"href":"https:\/\/xenonkungen.com\/de\/wp-json\/wp\/v2\/bilmarken?post=3220"},{"taxonomy":"product_brand","embeddable":true,"href":"https:\/\/xenonkungen.com\/de\/wp-json\/wp\/v2\/product_brand?post=3220"},{"taxonomy":"product_cat","embeddable":true,"href":"https:\/\/xenonkungen.com\/de\/wp-json\/wp\/v2\/product_cat?post=3220"},{"taxonomy":"product_tag","embeddable":true,"href":"https:\/\/xenonkungen.com\/de\/wp-json\/wp\/v2\/product_tag?post=3220"}],"curies":[{"name":"wp","href":"https:\/\/api.w.org\/{rel}","templated":true}]}}