{"id":3449,"date":"2025-04-15T08:56:43","date_gmt":"2025-04-15T08:56:43","guid":{"rendered":"https:\/\/xenonkungen.com\/product\/lazer-air-130\/"},"modified":"2026-04-24T16:50:16","modified_gmt":"2026-04-24T15:50:16","slug":"laser-air-130","status":"publish","type":"product","link":"https:\/\/xenonkungen.com\/de\/produkt\/laser-air-130\/","title":{"rendered":"Lazer AIR-130"},"content":{"rendered":"<h1>Entdecken Sie die AIR-Serie von Lazer Lamp - die LED-Lichtleiste f\u00fcr schwere Lastwagen und Nutzfahrzeuge<\/h1>\n<p>Entdecken Sie Lazer Lamps bahnbrechende <strong>AIR-Reihe<\/strong> - eine neue Generation von LED-Lichtbalken, die f\u00fcr schwere Lastkraftwagen und Nutzfahrzeuge entwickelt wurde. Die AIR-Serie besteht aus drei leistungsstarken Modellen: <strong>AIR-55, AIR-90<\/strong> und <strong>AIR-130 Elite<\/strong>wobei jede Modellnummer den Stromverbrauch und die Leistung der Lampe angibt.<\/p>\n<p>Diese Serie wurde mit Pr\u00e4zision und Stil entworfen, wobei jedes Detail sorgf\u00e4ltig bedacht und optimiert wurde. Die in Gro\u00dfbritannien hergestellte AIR-Reihe kombiniert fortschrittliche Technik mit einem eleganten Design und bietet Ihnen eine zuverl\u00e4ssige, leistungsstarke Beleuchtungsl\u00f6sung, die sich wirklich abhebt. Die robuste, vollst\u00e4ndig geformte Lampenk\u00f6rperkonstruktion und die markanten Positionslichter lassen Ihren Lichtbalken nicht nur gut aussehen, sondern verbessern auch die Sicherheit und Sichtbarkeit im Stra\u00dfenverkehr.<\/p>\n<p>Wie immer bei Lazer k\u00f6nnen Sie un\u00fcbertroffene Lichtleistung und Verarbeitungsqualit\u00e4t erwarten. Mit einem zum Patent angemeldeten Lampendesign, w\u00e4hlbaren wei\u00dfen oder gelben Positionslichtern und elektronischem W\u00e4rmemanagement ist die AIR-Serie das Ergebnis von Innovation und Qualit\u00e4t, die sich bew\u00e4hrt. Au\u00dferdem verf\u00fcgt sie \u00fcber eine optimierte Farbtemperatur von 5000 K f\u00fcr ein angenehmes Licht, das die Augen nicht erm\u00fcdet.<\/p>\n<p>Die AIR-Serie verf\u00fcgt \u00fcber eine unzerbrechliche Polycarbonat-Linse mit lebenslanger Garantie und wird von einer umfassenden 5-Jahres-Garantie unterst\u00fctzt - Sie k\u00f6nnen also sicher sein, dass Sie in Qualit\u00e4t investieren, die lange h\u00e4lt. Mit der Lazer AIR-Serie erhalten Sie nicht nur eine Lichtleiste, sondern eine leistungsstarke und langlebige Beleuchtungsl\u00f6sung, die Ihrem Fahrzeug Stil und Sicherheit verleiht.<\/p>","protected":false},"excerpt":{"rendered":"<p>Uppt\u00e4ck Lazer Lamps AIR-serie \u2013 LED-ljusrampen f\u00f6r Tunga Lastbilar och Kommersiella Fordon Uppt\u00e4ck Lazer Lamps banbrytande AIR-serie \u2013 en ny generation LED-ljusramp skapad f\u00f6r tunga lastbilar och kommersiella fordon. AIR-serien best\u00e5r av tre kraftfulla modeller: AIR-55, AIR-90 och AIR-130 Elite, d\u00e4r varje modellnummer \u00e5terspeglar lampans effektf\u00f6rbrukning och prestanda. Denna serie har utformats med precision och [&hellip;]<\/p>","protected":false},"featured_media":3450,"comment_status":"closed","ping_status":"closed","template":"","meta":{"_acf_changed":false,"_smort_price_nok":"8006","_smort_price_dkk":"5086","_smort_price_eur":"681.33","_smort_sale_price_nok":"","_smort_sale_price_dkk":"","_smort_sale_price_eur":"","smort_restorder":"","shipmondo_restorder":"","_kad_blocks_custom_css":"","_kad_blocks_head_custom_js":"","_kad_blocks_body_custom_js":"","_kad_blocks_footer_custom_js":"","smort_custom_pricelist_1":"4960","smort_custom_pricelist_2":"4960","smort_custom_pricelist_3":"4960","smort_custom_pricelist_4":"6200","smort_custom_pricelist_5":"4960"},"anvandningsomrade":[165,236,237,207,166,234,167,238,235],"bilmarken":[208,240,194,241,242,195,243,209,244,245,246,247,248,210,249,196,250,251,252,253,197,211,254,212,255,256,257,258,259,213,260,261,198,262,263,264,265,266,267,199,268,269,270,271,200,272,273,274,215,275,276,277,278,201,279,202,280,281,216,282,203,283,284,285,286,204,217,218,287,288,289,290,219,205,169,291],"product_brand":[1124],"product_cat":[2966,2539,2158],"product_tag":[2788],"class_list":{"0":"post-3449","1":"product","2":"type-product","3":"status-publish","4":"has-post-thumbnail","6":"anvandningsomrade-atv","7":"anvandningsomrade-entreprenad","8":"anvandningsomrade-fritid","9":"anvandningsomrade-husbil","10":"anvandningsomrade-lastbil","11":"anvandningsomrade-mc","12":"anvandningsomrade-personbil","13":"anvandningsomrade-slap","14":"anvandningsomrade-snoskoter","15":"bilmarken-abarth","16":"bilmarken-acura","17":"bilmarken-alfa-romeo","18":"bilmarken-alpina","19":"bilmarken-aston-martin","20":"bilmarken-audi","21":"bilmarken-bentley","22":"bilmarken-bmw","23":"bilmarken-bugatti","24":"bilmarken-buick","25":"bilmarken-cadillac","26":"bilmarken-chevrolet","27":"bilmarken-chrysler","28":"bilmarken-citroen","29":"bilmarken-cupra","30":"bilmarken-dacia","31":"bilmarken-daewoo","32":"bilmarken-daihatsu","33":"bilmarken-dodge","34":"bilmarken-ds","35":"bilmarken-ferrari","36":"bilmarken-fiat","37":"bilmarken-fisker","38":"bilmarken-ford","39":"bilmarken-geely","40":"bilmarken-genesis","41":"bilmarken-gmc","42":"bilmarken-honda","43":"bilmarken-hummer","44":"bilmarken-hyundai","45":"bilmarken-infiniti","46":"bilmarken-isuzu","47":"bilmarken-iveco","48":"bilmarken-jaguar","49":"bilmarken-jeep","50":"bilmarken-kia","51":"bilmarken-koenigsegg","52":"bilmarken-lada","53":"bilmarken-lamborghini","54":"bilmarken-lancia","55":"bilmarken-land-rover","56":"bilmarken-lexus","57":"bilmarken-lincoln","58":"bilmarken-lotus","59":"bilmarken-maserati","60":"bilmarken-maxus","61":"bilmarken-mazda","62":"bilmarken-mclaren","63":"bilmarken-mercedes-benz","64":"bilmarken-mg","65":"bilmarken-mini","66":"bilmarken-mitsubishi","67":"bilmarken-nissan","68":"bilmarken-opel","69":"bilmarken-pagani","70":"bilmarken-peugeot","71":"bilmarken-polestar","72":"bilmarken-pontiac","73":"bilmarken-porsche","74":"bilmarken-ram","75":"bilmarken-renault","76":"bilmarken-rivian","77":"bilmarken-rolls-royce","78":"bilmarken-rover","79":"bilmarken-saab","80":"bilmarken-seat","81":"bilmarken-skoda","82":"bilmarken-smart","83":"bilmarken-ssangyong","84":"bilmarken-subaru","85":"bilmarken-suzuki","86":"bilmarken-tesla","87":"bilmarken-toyota","88":"bilmarken-volkswagen","89":"bilmarken-volvo","90":"bilmarken-wiesmann","91":"product_brand-lazer","92":"product_cat-ledramp-rak","93":"product_cat-ledramper","94":"product_cat-serie","95":"product_tag-black-week-exclude","96":"pa_fargtemperatur-5000k","97":"pa_fuktskydd-varde-ipxx-ip68","98":"pa_godkannande-ece-r112-r10-r149","99":"pa_lampsockel-kontakt-superseal","100":"pa_led-chips-effekt-w-1141","101":"pa_ljusbild-driving","102":"pa_storlek-mm-411x82x106","103":"pa_stromforbrukning-103a12v","104":"pa_stromforbrukning-542a24v","105":"pa_volt-v-multivolt-10-12-16-18-24-28-30-32","107":"first","108":"onbackorder","109":"taxable","110":"shipping-taxable","111":"purchasable","112":"product-type-simple"},"bundled_by":[],"bundle_stock_status":"onbackorder","bundle_stock_quantity":0,"bundle_virtual":false,"bundle_layout":"","bundle_add_to_cart_form_location":"","bundle_editable_in_cart":false,"bundle_sold_individually_context":"","bundle_item_grouping":"","bundle_min_size":"","bundle_max_size":"","bundle_price":[],"bundled_items":[],"bundle_sell_ids":[],"acf":[],"yoast_head":"<!-- This site is optimized with the Yoast SEO plugin v27.0 - https:\/\/yoast.com\/product\/yoast-seo-wordpress\/ -->\n<title>Lazer AIR-130 - Xenonkungen<\/title>\n<meta name=\"robots\" content=\"index, follow, max-snippet:-1, max-image-preview:large, max-video-preview:-1\" \/>\n<link rel=\"canonical\" href=\"https:\/\/xenonkungen.com\/de\/produkt\/laser-air-130\/\" \/>\n<meta property=\"og:locale\" content=\"de_DE\" \/>\n<meta property=\"og:type\" content=\"article\" \/>\n<meta property=\"og:title\" content=\"Lazer AIR-130 - Xenonkungen\" \/>\n<meta property=\"og:description\" content=\"Uppt\u00e4ck Lazer Lamps AIR-serie \u2013 LED-ljusrampen f\u00f6r Tunga Lastbilar och Kommersiella Fordon Uppt\u00e4ck Lazer Lamps banbrytande AIR-serie \u2013 en ny generation LED-ljusramp skapad f\u00f6r tunga lastbilar och kommersiella fordon. AIR-serien best\u00e5r av tre kraftfulla modeller: AIR-55, AIR-90 och AIR-130 Elite, d\u00e4r varje modellnummer \u00e5terspeglar lampans effektf\u00f6rbrukning och prestanda. Denna serie har utformats med precision och [&hellip;]\" \/>\n<meta property=\"og:url\" content=\"https:\/\/xenonkungen.com\/de\/produkt\/laser-air-130\/\" \/>\n<meta property=\"og:site_name\" content=\"Xenonkungen\" \/>\n<meta property=\"article:modified_time\" content=\"2026-04-24T15:50:16+00:00\" \/>\n<meta property=\"og:image\" content=\"https:\/\/xenonkungen.com\/wp-content\/uploads\/2025\/04\/air-130_elite_angled_web.jpg\" \/>\n\t<meta property=\"og:image:width\" content=\"1000\" \/>\n\t<meta property=\"og:image:height\" content=\"750\" \/>\n\t<meta property=\"og:image:type\" content=\"image\/jpeg\" \/>\n<meta name=\"twitter:card\" content=\"summary_large_image\" \/>\n<meta name=\"twitter:label1\" content=\"Gesch\u00e4tzte Lesezeit\" \/>\n\t<meta name=\"twitter:data1\" content=\"2\u00a0Minuten\" \/>\n<script type=\"application\/ld+json\" class=\"yoast-schema-graph\">{\"@context\":\"https:\/\/schema.org\",\"@graph\":[{\"@type\":\"WebPage\",\"@id\":\"https:\/\/xenonkungen.com\/produkt\/lazer-air-130\/\",\"url\":\"https:\/\/xenonkungen.com\/produkt\/lazer-air-130\/\",\"name\":\"Lazer AIR-130 - Xenonkungen\",\"isPartOf\":{\"@id\":\"https:\/\/xenonkungen.com\/#website\"},\"primaryImageOfPage\":{\"@id\":\"https:\/\/xenonkungen.com\/produkt\/lazer-air-130\/#primaryimage\"},\"image\":{\"@id\":\"https:\/\/xenonkungen.com\/produkt\/lazer-air-130\/#primaryimage\"},\"thumbnailUrl\":\"https:\/\/xenonkungen.com\/wp-content\/uploads\/2025\/04\/air-130_elite_angled_web.jpg\",\"datePublished\":\"2025-04-15T08:56:43+00:00\",\"dateModified\":\"2026-04-24T15:50:16+00:00\",\"breadcrumb\":{\"@id\":\"https:\/\/xenonkungen.com\/produkt\/lazer-air-130\/#breadcrumb\"},\"inLanguage\":\"de\",\"potentialAction\":[{\"@type\":\"ReadAction\",\"target\":[\"https:\/\/xenonkungen.com\/produkt\/lazer-air-130\/\"]}]},{\"@type\":\"ImageObject\",\"inLanguage\":\"de\",\"@id\":\"https:\/\/xenonkungen.com\/produkt\/lazer-air-130\/#primaryimage\",\"url\":\"https:\/\/xenonkungen.com\/wp-content\/uploads\/2025\/04\/air-130_elite_angled_web.jpg\",\"contentUrl\":\"https:\/\/xenonkungen.com\/wp-content\/uploads\/2025\/04\/air-130_elite_angled_web.jpg\",\"width\":1000,\"height\":750},{\"@type\":\"BreadcrumbList\",\"@id\":\"https:\/\/xenonkungen.com\/produkt\/lazer-air-130\/#breadcrumb\",\"itemListElement\":[{\"@type\":\"ListItem\",\"position\":1,\"name\":\"Hem\",\"item\":\"https:\/\/xenonkungen.com\/\"},{\"@type\":\"ListItem\",\"position\":2,\"name\":\"Shop\",\"item\":\"https:\/\/xenonkungen.com\/shop\/\"},{\"@type\":\"ListItem\",\"position\":3,\"name\":\"Lazer AIR-130\"}]},{\"@type\":\"WebSite\",\"@id\":\"https:\/\/xenonkungen.com\/#website\",\"url\":\"https:\/\/xenonkungen.com\/\",\"name\":\"Xenonkungen\",\"description\":\"\",\"potentialAction\":[{\"@type\":\"SearchAction\",\"target\":{\"@type\":\"EntryPoint\",\"urlTemplate\":\"https:\/\/xenonkungen.com\/?s={search_term_string}\"},\"query-input\":{\"@type\":\"PropertyValueSpecification\",\"valueRequired\":true,\"valueName\":\"search_term_string\"}}],\"inLanguage\":\"de\"}]}<\/script>\n<!-- \/ Yoast SEO plugin. -->","yoast_head_json":{"title":"Lazer AIR-130 - Xenon King","robots":{"index":"index","follow":"follow","max-snippet":"max-snippet:-1","max-image-preview":"max-image-preview:large","max-video-preview":"max-video-preview:-1"},"canonical":"https:\/\/xenonkungen.com\/de\/produkt\/laser-air-130\/","og_locale":"de_DE","og_type":"article","og_title":"Lazer AIR-130 - Xenonkungen","og_description":"Uppt\u00e4ck Lazer Lamps AIR-serie \u2013 LED-ljusrampen f\u00f6r Tunga Lastbilar och Kommersiella Fordon Uppt\u00e4ck Lazer Lamps banbrytande AIR-serie \u2013 en ny generation LED-ljusramp skapad f\u00f6r tunga lastbilar och kommersiella fordon. AIR-serien best\u00e5r av tre kraftfulla modeller: AIR-55, AIR-90 och AIR-130 Elite, d\u00e4r varje modellnummer \u00e5terspeglar lampans effektf\u00f6rbrukning och prestanda. Denna serie har utformats med precision och [&hellip;]","og_url":"https:\/\/xenonkungen.com\/de\/produkt\/laser-air-130\/","og_site_name":"Xenonkungen","article_modified_time":"2026-04-24T15:50:16+00:00","og_image":[{"width":1000,"height":750,"url":"https:\/\/xenonkungen.com\/wp-content\/uploads\/2025\/04\/air-130_elite_angled_web.jpg","type":"image\/jpeg"}],"twitter_card":"summary_large_image","twitter_misc":{"Gesch\u00e4tzte Lesezeit":"2\u00a0Minuten"},"schema":{"@context":"https:\/\/schema.org","@graph":[{"@type":"WebPage","@id":"https:\/\/xenonkungen.com\/produkt\/lazer-air-130\/","url":"https:\/\/xenonkungen.com\/produkt\/lazer-air-130\/","name":"Lazer AIR-130 - Xenon King","isPartOf":{"@id":"https:\/\/xenonkungen.com\/#website"},"primaryImageOfPage":{"@id":"https:\/\/xenonkungen.com\/produkt\/lazer-air-130\/#primaryimage"},"image":{"@id":"https:\/\/xenonkungen.com\/produkt\/lazer-air-130\/#primaryimage"},"thumbnailUrl":"https:\/\/xenonkungen.com\/wp-content\/uploads\/2025\/04\/air-130_elite_angled_web.jpg","datePublished":"2025-04-15T08:56:43+00:00","dateModified":"2026-04-24T15:50:16+00:00","breadcrumb":{"@id":"https:\/\/xenonkungen.com\/produkt\/lazer-air-130\/#breadcrumb"},"inLanguage":"de","potentialAction":[{"@type":"ReadAction","target":["https:\/\/xenonkungen.com\/produkt\/lazer-air-130\/"]}]},{"@type":"ImageObject","inLanguage":"de","@id":"https:\/\/xenonkungen.com\/produkt\/lazer-air-130\/#primaryimage","url":"https:\/\/xenonkungen.com\/wp-content\/uploads\/2025\/04\/air-130_elite_angled_web.jpg","contentUrl":"https:\/\/xenonkungen.com\/wp-content\/uploads\/2025\/04\/air-130_elite_angled_web.jpg","width":1000,"height":750},{"@type":"BreadcrumbList","@id":"https:\/\/xenonkungen.com\/produkt\/lazer-air-130\/#breadcrumb","itemListElement":[{"@type":"ListItem","position":1,"name":"Hem","item":"https:\/\/xenonkungen.com\/"},{"@type":"ListItem","position":2,"name":"Shop","item":"https:\/\/xenonkungen.com\/shop\/"},{"@type":"ListItem","position":3,"name":"Lazer AIR-130"}]},{"@type":"WebSite","@id":"https:\/\/xenonkungen.com\/#website","url":"https:\/\/xenonkungen.com\/","name":"Xenonkungen","description":"","potentialAction":[{"@type":"SearchAction","target":{"@type":"EntryPoint","urlTemplate":"https:\/\/xenonkungen.com\/?s={search_term_string}"},"query-input":{"@type":"PropertyValueSpecification","valueRequired":true,"valueName":"search_term_string"}}],"inLanguage":"de"}]}},"taxonomy_info":{"anvandningsomrade":[{"value":165,"label":"ATV"},{"value":236,"label":"Entreprenad"},{"value":237,"label":"Fritid"},{"value":207,"label":"Husbil"},{"value":166,"label":"Lastbil"},{"value":234,"label":"MC"},{"value":167,"label":"PERSONBIL"},{"value":238,"label":"SL\u00c4P"},{"value":235,"label":"SN\u00d6SKOTER"}],"bilmarken":[{"value":208,"label":"Abarth"},{"value":240,"label":"Acura"},{"value":194,"label":"Alfa Romeo"},{"value":241,"label":"Alpina"},{"value":242,"label":"Aston Martin"},{"value":195,"label":"Audi"},{"value":243,"label":"Bentley"},{"value":209,"label":"BMW"},{"value":244,"label":"Bugatti"},{"value":245,"label":"Buick"},{"value":246,"label":"Cadillac"},{"value":247,"label":"Chevrolet"},{"value":248,"label":"Chrysler"},{"value":210,"label":"Citroen"},{"value":249,"label":"Cupra"},{"value":196,"label":"Dacia"},{"value":250,"label":"Daewoo"},{"value":251,"label":"Daihatsu"},{"value":252,"label":"Dodge"},{"value":253,"label":"DS"},{"value":197,"label":"Ferrari"},{"value":211,"label":"Fiat"},{"value":254,"label":"Fisker"},{"value":212,"label":"Ford"},{"value":255,"label":"Geely"},{"value":256,"label":"Genesis"},{"value":257,"label":"GMC"},{"value":258,"label":"Honda"},{"value":259,"label":"Hummer"},{"value":213,"label":"Hyundai"},{"value":260,"label":"Infiniti"},{"value":261,"label":"Isuzu"},{"value":198,"label":"Iveco"},{"value":262,"label":"Jaguar"},{"value":263,"label":"Jeep"},{"value":264,"label":"Kia"},{"value":265,"label":"Koenigsegg"},{"value":266,"label":"Lada"},{"value":267,"label":"Lamborghini"},{"value":199,"label":"Lancia"},{"value":268,"label":"Land Rover"},{"value":269,"label":"Lexus"},{"value":270,"label":"Lincoln"},{"value":271,"label":"Lotus"},{"value":200,"label":"Maserati"},{"value":272,"label":"Maxus"},{"value":273,"label":"Mazda"},{"value":274,"label":"McLaren"},{"value":215,"label":"Mercedes-Benz"},{"value":275,"label":"MG"},{"value":276,"label":"Mini"},{"value":277,"label":"Mitsubishi"},{"value":278,"label":"Nissan"},{"value":201,"label":"Opel"},{"value":279,"label":"Pagani"},{"value":202,"label":"Peugeot"},{"value":280,"label":"Polestar"},{"value":281,"label":"Pontiac"},{"value":216,"label":"Porsche"},{"value":282,"label":"RAM"},{"value":203,"label":"Renault"},{"value":283,"label":"Rivian"},{"value":284,"label":"Rolls-Royce"},{"value":285,"label":"Rover"},{"value":286,"label":"Saab"},{"value":204,"label":"Seat"},{"value":217,"label":"Skoda"},{"value":218,"label":"Smart"},{"value":287,"label":"SsangYong"},{"value":288,"label":"Subaru"},{"value":289,"label":"Suzuki"},{"value":290,"label":"Tesla"},{"value":219,"label":"Toyota"},{"value":205,"label":"Volkswagen"},{"value":169,"label":"volvo"},{"value":291,"label":"Wiesmann"}],"product_brand":[{"value":1124,"label":"Lazer"}],"product_cat":[{"value":2966,"label":"Ledramp Rak"},{"value":2539,"label":"LEDRAMPER"},{"value":2158,"label":"Serie"}],"product_tag":[{"value":2788,"label":"black-week-exclude"}],"pa_fargtemperatur":[{"value":154,"label":"5000K"}],"pa_fuktskydd-varde-ipxx":[{"value":177,"label":"IP68"}],"pa_godkannande":[{"value":1139,"label":"ECE, R112, R10, R149"}],"pa_lampsockel-kontakt":[{"value":1122,"label":"Superseal"}],"pa_led-chips-effekt-w":[{"value":1141,"label":"130"}],"pa_ljusbild":[{"value":178,"label":"Driving"}],"pa_storlek-mm":[{"value":1135,"label":"411x82x106"}],"pa_stromforbrukning":[{"value":1142,"label":"10,3A@12V"},{"value":1143,"label":"5,42A@24V"}],"pa_volt-v":[{"value":1084,"label":"Multivolt, 10, 12, 16, 18, 24, 28, 30, 32"}]},"featured_image_src_large":["https:\/\/xenonkungen.com\/wp-content\/uploads\/2025\/04\/air-130_elite_angled_web.jpg",1000,750,false],"author_info":[],"comment_info":0,"_links":{"self":[{"href":"https:\/\/xenonkungen.com\/de\/wp-json\/wp\/v2\/product\/3449","targetHints":{"allow":["GET"]}}],"collection":[{"href":"https:\/\/xenonkungen.com\/de\/wp-json\/wp\/v2\/product"}],"about":[{"href":"https:\/\/xenonkungen.com\/de\/wp-json\/wp\/v2\/types\/product"}],"replies":[{"embeddable":true,"href":"https:\/\/xenonkungen.com\/de\/wp-json\/wp\/v2\/comments?post=3449"}],"wp:featuredmedia":[{"embeddable":true,"href":"https:\/\/xenonkungen.com\/de\/wp-json\/wp\/v2\/media\/3450"}],"wp:attachment":[{"href":"https:\/\/xenonkungen.com\/de\/wp-json\/wp\/v2\/media?parent=3449"}],"wp:term":[{"taxonomy":"anvandningsomrade","embeddable":true,"href":"https:\/\/xenonkungen.com\/de\/wp-json\/wp\/v2\/anvandningsomrade?post=3449"},{"taxonomy":"bilmarken","embeddable":true,"href":"https:\/\/xenonkungen.com\/de\/wp-json\/wp\/v2\/bilmarken?post=3449"},{"taxonomy":"product_brand","embeddable":true,"href":"https:\/\/xenonkungen.com\/de\/wp-json\/wp\/v2\/product_brand?post=3449"},{"taxonomy":"product_cat","embeddable":true,"href":"https:\/\/xenonkungen.com\/de\/wp-json\/wp\/v2\/product_cat?post=3449"},{"taxonomy":"product_tag","embeddable":true,"href":"https:\/\/xenonkungen.com\/de\/wp-json\/wp\/v2\/product_tag?post=3449"}],"curies":[{"name":"wp","href":"https:\/\/api.w.org\/{rel}","templated":true}]}}