{"id":3478,"date":"2025-04-15T08:56:43","date_gmt":"2025-04-15T08:56:43","guid":{"rendered":"https:\/\/xenonkungen.com\/product\/pulverslackare-presto-inkl-hallare-27a-4kg\/"},"modified":"2026-04-17T12:06:27","modified_gmt":"2026-04-17T11:06:27","slug":"pulverloser-presto-inkl-halle-27a-4kg","status":"publish","type":"product","link":"https:\/\/xenonkungen.com\/de\/produkt\/pulverloser-presto-inkl-halle-27a-4kg\/","title":{"rendered":"Pulverl\u00f6scher Presto inkl. Halterung 27A | 4 kg"},"content":{"rendered":"<h2>Presto Pulverl\u00f6scher \u2013 Sicherheit f\u00fcr alle Umgebungen<\/h2>\n<p><strong>Sch\u00fctze, was am wichtigsten ist!<\/strong> Der Presto-Pulverl\u00f6scher, gef\u00fcllt mit hochwertigem ABC*-Pulver, ist der vielseitigste Feuerl\u00f6scher auf dem Markt. Er l\u00f6scht effektiv nahezu alle Brandarten und ist somit eine sichere Wahl f\u00fcr Zuhause und den Arbeitsplatz.<\/p>\n<h3>Warum sollte man sich f\u00fcr Presto-Pulverl\u00f6scher entscheiden?<\/h3>\n<ul>\n<li><strong>ABC*-Pulver<\/strong> \u2013 Geeignet f\u00fcr:\n<ul>\n<li><strong>A:<\/strong> Glimmfeuer in por\u00f6sen Materialien wie Holz, Papier und Textilien.<\/li>\n<li><strong>B:<\/strong> Br\u00e4nde in Fl\u00fcssigkeiten und \u00d6len.<\/li>\n<li><strong>C:<\/strong> Gasfeuer.<\/li>\n<\/ul>\n<\/li>\n<li><strong>Breites Anwendungsspektrum<\/strong> \u2013 Ideal f\u00fcr H\u00e4user, Autos, Boote, Wohnwagen und Industrieanlagen.<\/li>\n<\/ul>\n<h3>Qualit\u00e4t und Nachhaltigkeit im Fokus<\/h3>\n<ul>\n<li><strong>Robustes Design<\/strong> \u2013 Der Beh\u00e4lter ist aus Stahl gefertigt und sorgf\u00e4ltig rostgesch\u00fctzt, um eine lange Haltbarkeit zu gew\u00e4hrleisten.<\/li>\n<li><strong>Absperrventil<\/strong> \u2013 Hergestellt aus hei\u00dfgepresstem, vernickeltem Messing, komplett mit Kontrollnippel und Manometer zur einfachen Druck\u00fcberwachung.<\/li>\n<li><strong>Funktion bei extremen Temperaturen<\/strong> \u2013 Getestet und f\u00fcr die Verwendung zwischen zugelassen <strong>-30 \u00b0C und +60 \u00b0C<\/strong>Pulver gefriert nicht!<\/li>\n<li><strong>Fahrzeugst\u00e4nder inklusive<\/strong> \u2013 Der Feuerl\u00f6scher wird mit einem praktischen St\u00e4nder mit Gurten und Schloss geliefert.<\/li>\n<\/ul>\n<h3>Zertifizierte Sicherheit<\/h3>\n<ul>\n<li><strong>CE-Kennzeichnung<\/strong> \u2013 F\u00fcr h\u00f6chste Sicherheit und Qualit\u00e4t.<\/li>\n<li><strong>SS-EN 3-7-Zulassung<\/strong> \u2013 Entspricht der g\u00e4ngigen europ\u00e4ischen Norm f\u00fcr Feuerl\u00f6scher.<\/li>\n<\/ul>\n<h3>5 Jahre Garantie!<\/h3>\n<p>Die Pulverl\u00f6scher von Presto bieten Ihnen Sicherheit und erstklassige Qualit\u00e4t. Dank 5 Jahren Garantie k\u00f6nnen Sie sich in jeder Situation sicher f\u00fchlen.<\/p>\n<p class=\"cta\"><strong>Sch\u00fctzen Sie Ihr Zuhause, Ihre Familie und Ihre wertvollen Besitzt\u00fcmer \u2013 entscheiden Sie sich noch heute f\u00fcr Presto!<\/strong><\/p>","protected":false},"excerpt":{"rendered":"<p>Presto Pulversl\u00e4ckare \u2013 S\u00e4kerhet f\u00f6r Alla Milj\u00f6er Skydda det som betyder mest! Prestos pulversl\u00e4ckare, fylld med h\u00f6gkvalitativt ABC*-pulver, \u00e4r den mest m\u00e5ngsidiga brandsl\u00e4ckaren p\u00e5 marknaden. Den klarar effektivt av att sl\u00e4cka n\u00e4stan alla typer av br\u00e4nder, vilket g\u00f6r den till ett tryggt val f\u00f6r b\u00e5de hem och arbete. Varf\u00f6r v\u00e4lja Prestos pulversl\u00e4ckare? ABC*-pulver \u2013 L\u00e4mplig [&hellip;]<\/p>","protected":false},"featured_media":3479,"comment_status":"closed","ping_status":"closed","template":"","meta":{"_acf_changed":false,"_smort_price_nok":"1363","_smort_price_dkk":"1082","_smort_price_eur":"144.99","_smort_sale_price_nok":"1363","_smort_sale_price_dkk":"","_smort_sale_price_eur":"115.99","smort_restorder":"","shipmondo_restorder":"","_kad_blocks_custom_css":"","_kad_blocks_head_custom_js":"","_kad_blocks_body_custom_js":"","_kad_blocks_footer_custom_js":"","smort_custom_pricelist_1":"1036.8","smort_custom_pricelist_2":"1036.8","smort_custom_pricelist_3":"1036.8","smort_custom_pricelist_4":"1296","smort_custom_pricelist_5":"1036.8"},"anvandningsomrade":[166,238,2816],"bilmarken":[],"product_brand":[],"product_cat":[2854,2808],"product_tag":[2788],"class_list":{"0":"post-3478","1":"product","2":"type-product","3":"status-publish","4":"has-post-thumbnail","6":"anvandningsomrade-lastbil","7":"anvandningsomrade-slap","8":"anvandningsomrade-trailer","9":"product_cat-noel","10":"product_cat-safety","11":"product_tag-black-week-exclude","12":"pa_godkannande-ce","13":"pa_storlek-mm-437x157x140","15":"first","16":"onbackorder","17":"sale","18":"taxable","19":"shipping-taxable","20":"purchasable","21":"product-type-simple"},"bundled_by":[],"bundle_stock_status":"onbackorder","bundle_stock_quantity":0,"bundle_virtual":false,"bundle_layout":"","bundle_add_to_cart_form_location":"","bundle_editable_in_cart":false,"bundle_sold_individually_context":"","bundle_item_grouping":"","bundle_min_size":"","bundle_max_size":"","bundle_price":[],"bundled_items":[],"bundle_sell_ids":[],"acf":[],"yoast_head":"<!-- This site is optimized with the Yoast SEO plugin v27.0 - https:\/\/yoast.com\/product\/yoast-seo-wordpress\/ -->\n<title>Pulversl\u00e4ckare Presto inkl. h\u00e5llare 27A | 4KG - Xenonkungen<\/title>\n<meta name=\"robots\" content=\"index, follow, max-snippet:-1, max-image-preview:large, max-video-preview:-1\" \/>\n<link rel=\"canonical\" href=\"https:\/\/xenonkungen.com\/de\/produkt\/pulverloser-presto-inkl-halle-27a-4kg\/\" \/>\n<meta property=\"og:locale\" content=\"de_DE\" \/>\n<meta property=\"og:type\" content=\"article\" \/>\n<meta property=\"og:title\" content=\"Pulversl\u00e4ckare Presto inkl. h\u00e5llare 27A | 4KG - Xenonkungen\" \/>\n<meta property=\"og:description\" content=\"Presto Pulversl\u00e4ckare \u2013 S\u00e4kerhet f\u00f6r Alla Milj\u00f6er Skydda det som betyder mest! Prestos pulversl\u00e4ckare, fylld med h\u00f6gkvalitativt ABC*-pulver, \u00e4r den mest m\u00e5ngsidiga brandsl\u00e4ckaren p\u00e5 marknaden. Den klarar effektivt av att sl\u00e4cka n\u00e4stan alla typer av br\u00e4nder, vilket g\u00f6r den till ett tryggt val f\u00f6r b\u00e5de hem och arbete. Varf\u00f6r v\u00e4lja Prestos pulversl\u00e4ckare? ABC*-pulver \u2013 L\u00e4mplig [&hellip;]\" \/>\n<meta property=\"og:url\" content=\"https:\/\/xenonkungen.com\/de\/produkt\/pulverloser-presto-inkl-halle-27a-4kg\/\" \/>\n<meta property=\"og:site_name\" content=\"Xenonkungen\" \/>\n<meta property=\"article:modified_time\" content=\"2026-04-17T11:06:27+00:00\" \/>\n<meta property=\"og:image\" content=\"https:\/\/xenonkungen.com\/wp-content\/uploads\/2025\/04\/1.png\" \/>\n\t<meta property=\"og:image:width\" content=\"952\" \/>\n\t<meta property=\"og:image:height\" content=\"713\" \/>\n\t<meta property=\"og:image:type\" content=\"image\/png\" \/>\n<meta name=\"twitter:card\" content=\"summary_large_image\" \/>\n<meta name=\"twitter:label1\" content=\"Gesch\u00e4tzte Lesezeit\" \/>\n\t<meta name=\"twitter:data1\" content=\"1\u00a0Minute\" \/>\n<script type=\"application\/ld+json\" class=\"yoast-schema-graph\">{\"@context\":\"https:\/\/schema.org\",\"@graph\":[{\"@type\":\"WebPage\",\"@id\":\"https:\/\/xenonkungen.com\/de\/produkt\/pulverslackare-presto-inkl-hallare-27a-4kg\/\",\"url\":\"https:\/\/xenonkungen.com\/de\/produkt\/pulverslackare-presto-inkl-hallare-27a-4kg\/\",\"name\":\"Pulversl\u00e4ckare Presto inkl. h\u00e5llare 27A | 4KG - Xenonkungen\",\"isPartOf\":{\"@id\":\"https:\/\/xenonkungen.com\/#website\"},\"primaryImageOfPage\":{\"@id\":\"https:\/\/xenonkungen.com\/de\/produkt\/pulverslackare-presto-inkl-hallare-27a-4kg\/#primaryimage\"},\"image\":{\"@id\":\"https:\/\/xenonkungen.com\/de\/produkt\/pulverslackare-presto-inkl-hallare-27a-4kg\/#primaryimage\"},\"thumbnailUrl\":\"https:\/\/xenonkungen.com\/wp-content\/uploads\/2025\/04\/1.png\",\"datePublished\":\"2025-04-15T08:56:43+00:00\",\"dateModified\":\"2026-04-17T11:06:27+00:00\",\"breadcrumb\":{\"@id\":\"https:\/\/xenonkungen.com\/de\/produkt\/pulverslackare-presto-inkl-hallare-27a-4kg\/#breadcrumb\"},\"inLanguage\":\"de\",\"potentialAction\":[{\"@type\":\"ReadAction\",\"target\":[\"https:\/\/xenonkungen.com\/de\/produkt\/pulverslackare-presto-inkl-hallare-27a-4kg\/\"]}]},{\"@type\":\"ImageObject\",\"inLanguage\":\"de\",\"@id\":\"https:\/\/xenonkungen.com\/de\/produkt\/pulverslackare-presto-inkl-hallare-27a-4kg\/#primaryimage\",\"url\":\"https:\/\/xenonkungen.com\/wp-content\/uploads\/2025\/04\/1.png\",\"contentUrl\":\"https:\/\/xenonkungen.com\/wp-content\/uploads\/2025\/04\/1.png\",\"width\":952,\"height\":713},{\"@type\":\"BreadcrumbList\",\"@id\":\"https:\/\/xenonkungen.com\/de\/produkt\/pulverslackare-presto-inkl-hallare-27a-4kg\/#breadcrumb\",\"itemListElement\":[{\"@type\":\"ListItem\",\"position\":1,\"name\":\"Hem\",\"item\":\"https:\/\/xenonkungen.com\/\"},{\"@type\":\"ListItem\",\"position\":2,\"name\":\"Shop\",\"item\":\"https:\/\/xenonkungen.com\/shop\/\"},{\"@type\":\"ListItem\",\"position\":3,\"name\":\"Pulversl\u00e4ckare Presto inkl. h\u00e5llare 27A | 4KG\"}]},{\"@type\":\"WebSite\",\"@id\":\"https:\/\/xenonkungen.com\/#website\",\"url\":\"https:\/\/xenonkungen.com\/\",\"name\":\"Xenonkungen\",\"description\":\"\",\"potentialAction\":[{\"@type\":\"SearchAction\",\"target\":{\"@type\":\"EntryPoint\",\"urlTemplate\":\"https:\/\/xenonkungen.com\/?s={search_term_string}\"},\"query-input\":{\"@type\":\"PropertyValueSpecification\",\"valueRequired\":true,\"valueName\":\"search_term_string\"}}],\"inLanguage\":\"de\"}]}<\/script>\n<!-- \/ Yoast SEO plugin. -->","yoast_head_json":{"title":"Pulverl\u00f6scher Presto inkl. Halterung 27A | 4 kg - Xenonkungen","robots":{"index":"index","follow":"follow","max-snippet":"max-snippet:-1","max-image-preview":"max-image-preview:large","max-video-preview":"max-video-preview:-1"},"canonical":"https:\/\/xenonkungen.com\/de\/produkt\/pulverloser-presto-inkl-halle-27a-4kg\/","og_locale":"de_DE","og_type":"article","og_title":"Pulversl\u00e4ckare Presto inkl. h\u00e5llare 27A | 4KG - Xenonkungen","og_description":"Presto Pulversl\u00e4ckare \u2013 S\u00e4kerhet f\u00f6r Alla Milj\u00f6er Skydda det som betyder mest! Prestos pulversl\u00e4ckare, fylld med h\u00f6gkvalitativt ABC*-pulver, \u00e4r den mest m\u00e5ngsidiga brandsl\u00e4ckaren p\u00e5 marknaden. Den klarar effektivt av att sl\u00e4cka n\u00e4stan alla typer av br\u00e4nder, vilket g\u00f6r den till ett tryggt val f\u00f6r b\u00e5de hem och arbete. Varf\u00f6r v\u00e4lja Prestos pulversl\u00e4ckare? ABC*-pulver \u2013 L\u00e4mplig [&hellip;]","og_url":"https:\/\/xenonkungen.com\/de\/produkt\/pulverloser-presto-inkl-halle-27a-4kg\/","og_site_name":"Xenonkungen","article_modified_time":"2026-04-17T11:06:27+00:00","og_image":[{"width":952,"height":713,"url":"https:\/\/xenonkungen.com\/wp-content\/uploads\/2025\/04\/1.png","type":"image\/png"}],"twitter_card":"summary_large_image","twitter_misc":{"Gesch\u00e4tzte Lesezeit":"1\u00a0Minute"},"schema":{"@context":"https:\/\/schema.org","@graph":[{"@type":"WebPage","@id":"https:\/\/xenonkungen.com\/de\/produkt\/pulverslackare-presto-inkl-hallare-27a-4kg\/","url":"https:\/\/xenonkungen.com\/de\/produkt\/pulverslackare-presto-inkl-hallare-27a-4kg\/","name":"Pulverl\u00f6scher Presto inkl. Halterung 27A | 4 kg - Xenonkungen","isPartOf":{"@id":"https:\/\/xenonkungen.com\/#website"},"primaryImageOfPage":{"@id":"https:\/\/xenonkungen.com\/de\/produkt\/pulverslackare-presto-inkl-hallare-27a-4kg\/#primaryimage"},"image":{"@id":"https:\/\/xenonkungen.com\/de\/produkt\/pulverslackare-presto-inkl-hallare-27a-4kg\/#primaryimage"},"thumbnailUrl":"https:\/\/xenonkungen.com\/wp-content\/uploads\/2025\/04\/1.png","datePublished":"2025-04-15T08:56:43+00:00","dateModified":"2026-04-17T11:06:27+00:00","breadcrumb":{"@id":"https:\/\/xenonkungen.com\/de\/produkt\/pulverslackare-presto-inkl-hallare-27a-4kg\/#breadcrumb"},"inLanguage":"de","potentialAction":[{"@type":"ReadAction","target":["https:\/\/xenonkungen.com\/de\/produkt\/pulverslackare-presto-inkl-hallare-27a-4kg\/"]}]},{"@type":"ImageObject","inLanguage":"de","@id":"https:\/\/xenonkungen.com\/de\/produkt\/pulverslackare-presto-inkl-hallare-27a-4kg\/#primaryimage","url":"https:\/\/xenonkungen.com\/wp-content\/uploads\/2025\/04\/1.png","contentUrl":"https:\/\/xenonkungen.com\/wp-content\/uploads\/2025\/04\/1.png","width":952,"height":713},{"@type":"BreadcrumbList","@id":"https:\/\/xenonkungen.com\/de\/produkt\/pulverslackare-presto-inkl-hallare-27a-4kg\/#breadcrumb","itemListElement":[{"@type":"ListItem","position":1,"name":"Hem","item":"https:\/\/xenonkungen.com\/"},{"@type":"ListItem","position":2,"name":"Shop","item":"https:\/\/xenonkungen.com\/shop\/"},{"@type":"ListItem","position":3,"name":"Pulversl\u00e4ckare Presto inkl. h\u00e5llare 27A | 4KG"}]},{"@type":"WebSite","@id":"https:\/\/xenonkungen.com\/#website","url":"https:\/\/xenonkungen.com\/","name":"Xenonkungen","description":"","potentialAction":[{"@type":"SearchAction","target":{"@type":"EntryPoint","urlTemplate":"https:\/\/xenonkungen.com\/?s={search_term_string}"},"query-input":{"@type":"PropertyValueSpecification","valueRequired":true,"valueName":"search_term_string"}}],"inLanguage":"de"}]}},"taxonomy_info":{"anvandningsomrade":[{"value":166,"label":"Lastbil"},{"value":238,"label":"SL\u00c4P"},{"value":2816,"label":"TRAILER"}],"product_cat":[{"value":2854,"label":"Noels EPA"},{"value":2808,"label":"S\u00e4kerhet"}],"product_tag":[{"value":2788,"label":"black-week-exclude"}],"pa_godkannande":[{"value":794,"label":"CE"}],"pa_storlek-mm":[{"value":1151,"label":"437x157x140"}]},"featured_image_src_large":["https:\/\/xenonkungen.com\/wp-content\/uploads\/2025\/04\/1.png",952,713,false],"author_info":[],"comment_info":0,"_links":{"self":[{"href":"https:\/\/xenonkungen.com\/de\/wp-json\/wp\/v2\/product\/3478","targetHints":{"allow":["GET"]}}],"collection":[{"href":"https:\/\/xenonkungen.com\/de\/wp-json\/wp\/v2\/product"}],"about":[{"href":"https:\/\/xenonkungen.com\/de\/wp-json\/wp\/v2\/types\/product"}],"replies":[{"embeddable":true,"href":"https:\/\/xenonkungen.com\/de\/wp-json\/wp\/v2\/comments?post=3478"}],"wp:featuredmedia":[{"embeddable":true,"href":"https:\/\/xenonkungen.com\/de\/wp-json\/wp\/v2\/media\/3479"}],"wp:attachment":[{"href":"https:\/\/xenonkungen.com\/de\/wp-json\/wp\/v2\/media?parent=3478"}],"wp:term":[{"taxonomy":"anvandningsomrade","embeddable":true,"href":"https:\/\/xenonkungen.com\/de\/wp-json\/wp\/v2\/anvandningsomrade?post=3478"},{"taxonomy":"bilmarken","embeddable":true,"href":"https:\/\/xenonkungen.com\/de\/wp-json\/wp\/v2\/bilmarken?post=3478"},{"taxonomy":"product_brand","embeddable":true,"href":"https:\/\/xenonkungen.com\/de\/wp-json\/wp\/v2\/product_brand?post=3478"},{"taxonomy":"product_cat","embeddable":true,"href":"https:\/\/xenonkungen.com\/de\/wp-json\/wp\/v2\/product_cat?post=3478"},{"taxonomy":"product_tag","embeddable":true,"href":"https:\/\/xenonkungen.com\/de\/wp-json\/wp\/v2\/product_tag?post=3478"}],"curies":[{"name":"wp","href":"https:\/\/api.w.org\/{rel}","templated":true}]}}