{"id":3509,"date":"2025-04-15T08:57:52","date_gmt":"2025-04-15T08:57:52","guid":{"rendered":"https:\/\/xenonkungen.com\/product\/pt-briodlights-kablagepaket-for-2-3-extraljus-12-v\/"},"modified":"2026-04-24T16:50:43","modified_gmt":"2026-04-24T15:50:43","slug":"pt-briolights-verkabelungsset-fur-2-3-zusatzliche-lichter-12-v","status":"publish","type":"product","link":"https:\/\/xenonkungen.com\/de\/produkt\/pt-briolights-verkabelungsset-fur-2-3-zusatzliche-lichter-12-v\/","title":{"rendered":"PT-BriodLights Kabelbaum f\u00fcr 2-3 Zusatzleuchten 12 V"},"content":{"rendered":"<h1>Packung mit verschiedenen Kabeln und Zubeh\u00f6r von BriodLights<\/h1>\n<h2>Alles, was Sie f\u00fcr Ihre Beleuchtung brauchen<\/h2>\n<p>Dieses BriodLights-Paket enth\u00e4lt alles, was Sie f\u00fcr die Installation und den Anschluss Ihrer Beleuchtung ben\u00f6tigen. Mit einer Vielzahl von Kabeln, Sicherungshaltern, Steckern und Relais haben Sie alles, was Sie f\u00fcr eine reibungslose und sichere Installation ben\u00f6tigen.<\/p>\n<h2>Flexibel und praktisch<\/h2>\n<p>Unser Paket ist so konzipiert, dass Sie die Flexibilit\u00e4t und den Komfort erhalten, den Sie ben\u00f6tigen. Mit Kabeln in verschiedenen L\u00e4ngen und Wirkungsgraden k\u00f6nnen Sie Ihre Installation an Ihre spezifischen Bed\u00fcrfnisse und Bedingungen anpassen.<\/p>","protected":false},"excerpt":{"rendered":"<p>F\u00f6rpackning med Diverse Kablar och Tillbeh\u00f6r fr\u00e5n BriodLights Allt du Beh\u00f6ver f\u00f6r Din Belysning Denna f\u00f6rpackning fr\u00e5n BriodLights inneh\u00e5ller allt du beh\u00f6ver f\u00f6r att installera och ansluta din belysning. Med en m\u00e4ngd olika kablar, s\u00e4kringsh\u00e5llare, kontakter och rel\u00e4er, har du allt du beh\u00f6ver f\u00f6r en smidig och s\u00e4ker installation. Flexibel och Praktisk V\u00e5rt paket \u00e4r [&hellip;]<\/p>","protected":false},"featured_media":3510,"comment_status":"closed","ping_status":"open","template":"","meta":{"_acf_changed":false,"_smort_price_nok":"315","_smort_price_dkk":"200","_smort_price_eur":"26.82","_smort_sale_price_nok":"","_smort_sale_price_dkk":"","_smort_sale_price_eur":"","smort_restorder":"","shipmondo_restorder":"","_kad_blocks_custom_css":"","_kad_blocks_head_custom_js":"","_kad_blocks_body_custom_js":"","_kad_blocks_footer_custom_js":"","smort_custom_pricelist_1":"199.2","smort_custom_pricelist_2":"199.2","smort_custom_pricelist_3":"185","smort_custom_pricelist_4":"236","smort_custom_pricelist_5":"199.2"},"anvandningsomrade":[],"bilmarken":[],"product_brand":[1124],"product_cat":[2841,2488,2491,2489,2490,390],"product_tag":[2788],"class_list":{"0":"post-3509","1":"product","2":"type-product","3":"status-publish","4":"has-post-thumbnail","6":"product_brand-lazer","7":"product_cat-installation-extraljus","8":"product_cat-relasats-arbetsbelysning","9":"product_cat-relasats","10":"product_cat-relasats-extraljus","11":"product_cat-relasats-2","12":"product_cat-installation","13":"product_tag-black-week-exclude","14":"pa_lampsockel-kontakt-dt","16":"first","17":"instock","18":"taxable","19":"shipping-taxable","20":"purchasable","21":"product-type-simple"},"bundled_by":[],"bundle_stock_status":"instock","bundle_stock_quantity":2,"bundle_virtual":false,"bundle_layout":"","bundle_add_to_cart_form_location":"","bundle_editable_in_cart":false,"bundle_sold_individually_context":"","bundle_item_grouping":"","bundle_min_size":"","bundle_max_size":"","bundle_price":[],"bundled_items":[],"bundle_sell_ids":[],"acf":[],"yoast_head":"<!-- This site is optimized with the Yoast SEO plugin v27.0 - https:\/\/yoast.com\/product\/yoast-seo-wordpress\/ -->\n<title>PT-BriodLights kablagepaket f\u00f6r 2-3 extraljus 12 V - Xenonkungen<\/title>\n<meta name=\"robots\" content=\"index, follow, max-snippet:-1, max-image-preview:large, max-video-preview:-1\" \/>\n<link rel=\"canonical\" href=\"https:\/\/xenonkungen.com\/de\/produkt\/pt-briolights-verkabelungsset-fur-2-3-zusatzliche-lichter-12-v\/\" \/>\n<meta property=\"og:locale\" content=\"de_DE\" \/>\n<meta property=\"og:type\" content=\"article\" \/>\n<meta property=\"og:title\" content=\"PT-BriodLights kablagepaket f\u00f6r 2-3 extraljus 12 V - Xenonkungen\" \/>\n<meta property=\"og:description\" content=\"F\u00f6rpackning med Diverse Kablar och Tillbeh\u00f6r fr\u00e5n BriodLights Allt du Beh\u00f6ver f\u00f6r Din Belysning Denna f\u00f6rpackning fr\u00e5n BriodLights inneh\u00e5ller allt du beh\u00f6ver f\u00f6r att installera och ansluta din belysning. Med en m\u00e4ngd olika kablar, s\u00e4kringsh\u00e5llare, kontakter och rel\u00e4er, har du allt du beh\u00f6ver f\u00f6r en smidig och s\u00e4ker installation. Flexibel och Praktisk V\u00e5rt paket \u00e4r [&hellip;]\" \/>\n<meta property=\"og:url\" content=\"https:\/\/xenonkungen.com\/de\/produkt\/pt-briolights-verkabelungsset-fur-2-3-zusatzliche-lichter-12-v\/\" \/>\n<meta property=\"og:site_name\" content=\"Xenonkungen\" \/>\n<meta property=\"article:modified_time\" content=\"2026-04-24T15:50:43+00:00\" \/>\n<meta property=\"og:image\" content=\"https:\/\/xenonkungen.com\/wp-content\/uploads\/2025\/04\/265-9031_itemimage_mainfront.jpg\" \/>\n\t<meta property=\"og:image:width\" content=\"2048\" \/>\n\t<meta property=\"og:image:height\" content=\"1536\" \/>\n\t<meta property=\"og:image:type\" content=\"image\/jpeg\" \/>\n<meta name=\"twitter:card\" content=\"summary_large_image\" \/>\n<meta name=\"twitter:label1\" content=\"Gesch\u00e4tzte Lesezeit\" \/>\n\t<meta name=\"twitter:data1\" content=\"1\u00a0Minute\" \/>\n<script type=\"application\/ld+json\" class=\"yoast-schema-graph\">{\"@context\":\"https:\/\/schema.org\",\"@graph\":[{\"@type\":\"WebPage\",\"@id\":\"https:\/\/xenonkungen.com\/es\/producto\/kit-de-cableado-pt-briolights-para-2-o-3-luces-adicionales-de-12-v\/\",\"url\":\"https:\/\/xenonkungen.com\/es\/producto\/kit-de-cableado-pt-briolights-para-2-o-3-luces-adicionales-de-12-v\/\",\"name\":\"PT-BriodLights kablagepaket f\u00f6r 2-3 extraljus 12 V - Xenonkungen\",\"isPartOf\":{\"@id\":\"https:\/\/xenonkungen.com\/#website\"},\"primaryImageOfPage\":{\"@id\":\"https:\/\/xenonkungen.com\/es\/producto\/kit-de-cableado-pt-briolights-para-2-o-3-luces-adicionales-de-12-v\/#primaryimage\"},\"image\":{\"@id\":\"https:\/\/xenonkungen.com\/es\/producto\/kit-de-cableado-pt-briolights-para-2-o-3-luces-adicionales-de-12-v\/#primaryimage\"},\"thumbnailUrl\":\"https:\/\/xenonkungen.com\/wp-content\/uploads\/2025\/04\/265-9031_itemimage_mainfront.jpg\",\"datePublished\":\"2025-04-15T08:57:52+00:00\",\"dateModified\":\"2026-04-24T15:50:43+00:00\",\"breadcrumb\":{\"@id\":\"https:\/\/xenonkungen.com\/es\/producto\/kit-de-cableado-pt-briolights-para-2-o-3-luces-adicionales-de-12-v\/#breadcrumb\"},\"inLanguage\":\"de\",\"potentialAction\":[{\"@type\":\"ReadAction\",\"target\":[\"https:\/\/xenonkungen.com\/es\/producto\/kit-de-cableado-pt-briolights-para-2-o-3-luces-adicionales-de-12-v\/\"]}]},{\"@type\":\"ImageObject\",\"inLanguage\":\"de\",\"@id\":\"https:\/\/xenonkungen.com\/es\/producto\/kit-de-cableado-pt-briolights-para-2-o-3-luces-adicionales-de-12-v\/#primaryimage\",\"url\":\"https:\/\/xenonkungen.com\/wp-content\/uploads\/2025\/04\/265-9031_itemimage_mainfront.jpg\",\"contentUrl\":\"https:\/\/xenonkungen.com\/wp-content\/uploads\/2025\/04\/265-9031_itemimage_mainfront.jpg\",\"width\":2048,\"height\":1536},{\"@type\":\"BreadcrumbList\",\"@id\":\"https:\/\/xenonkungen.com\/es\/producto\/kit-de-cableado-pt-briolights-para-2-o-3-luces-adicionales-de-12-v\/#breadcrumb\",\"itemListElement\":[{\"@type\":\"ListItem\",\"position\":1,\"name\":\"Hem\",\"item\":\"https:\/\/xenonkungen.com\/\"},{\"@type\":\"ListItem\",\"position\":2,\"name\":\"Shop\",\"item\":\"https:\/\/xenonkungen.com\/shop\/\"},{\"@type\":\"ListItem\",\"position\":3,\"name\":\"PT-BriodLights kablagepaket f\u00f6r 2-3 extraljus 12 V\"}]},{\"@type\":\"WebSite\",\"@id\":\"https:\/\/xenonkungen.com\/#website\",\"url\":\"https:\/\/xenonkungen.com\/\",\"name\":\"Xenonkungen\",\"description\":\"\",\"potentialAction\":[{\"@type\":\"SearchAction\",\"target\":{\"@type\":\"EntryPoint\",\"urlTemplate\":\"https:\/\/xenonkungen.com\/?s={search_term_string}\"},\"query-input\":{\"@type\":\"PropertyValueSpecification\",\"valueRequired\":true,\"valueName\":\"search_term_string\"}}],\"inLanguage\":\"de\"}]}<\/script>\n<!-- \/ Yoast SEO plugin. -->","yoast_head_json":{"title":"PT-BriodLights Verkabelungssatz f\u00fcr 2-3 zus\u00e4tzliche 12-V-Xenonscheinwerfer","robots":{"index":"index","follow":"follow","max-snippet":"max-snippet:-1","max-image-preview":"max-image-preview:large","max-video-preview":"max-video-preview:-1"},"canonical":"https:\/\/xenonkungen.com\/de\/produkt\/pt-briolights-verkabelungsset-fur-2-3-zusatzliche-lichter-12-v\/","og_locale":"de_DE","og_type":"article","og_title":"PT-BriodLights kablagepaket f\u00f6r 2-3 extraljus 12 V - Xenonkungen","og_description":"F\u00f6rpackning med Diverse Kablar och Tillbeh\u00f6r fr\u00e5n BriodLights Allt du Beh\u00f6ver f\u00f6r Din Belysning Denna f\u00f6rpackning fr\u00e5n BriodLights inneh\u00e5ller allt du beh\u00f6ver f\u00f6r att installera och ansluta din belysning. Med en m\u00e4ngd olika kablar, s\u00e4kringsh\u00e5llare, kontakter och rel\u00e4er, har du allt du beh\u00f6ver f\u00f6r en smidig och s\u00e4ker installation. Flexibel och Praktisk V\u00e5rt paket \u00e4r [&hellip;]","og_url":"https:\/\/xenonkungen.com\/de\/produkt\/pt-briolights-verkabelungsset-fur-2-3-zusatzliche-lichter-12-v\/","og_site_name":"Xenonkungen","article_modified_time":"2026-04-24T15:50:43+00:00","og_image":[{"width":2048,"height":1536,"url":"https:\/\/xenonkungen.com\/wp-content\/uploads\/2025\/04\/265-9031_itemimage_mainfront.jpg","type":"image\/jpeg"}],"twitter_card":"summary_large_image","twitter_misc":{"Gesch\u00e4tzte Lesezeit":"1\u00a0Minute"},"schema":{"@context":"https:\/\/schema.org","@graph":[{"@type":"WebPage","@id":"https:\/\/xenonkungen.com\/es\/producto\/kit-de-cableado-pt-briolights-para-2-o-3-luces-adicionales-de-12-v\/","url":"https:\/\/xenonkungen.com\/es\/producto\/kit-de-cableado-pt-briolights-para-2-o-3-luces-adicionales-de-12-v\/","name":"PT-BriodLights Verkabelungssatz f\u00fcr 2-3 zus\u00e4tzliche 12-V-Xenonscheinwerfer","isPartOf":{"@id":"https:\/\/xenonkungen.com\/#website"},"primaryImageOfPage":{"@id":"https:\/\/xenonkungen.com\/es\/producto\/kit-de-cableado-pt-briolights-para-2-o-3-luces-adicionales-de-12-v\/#primaryimage"},"image":{"@id":"https:\/\/xenonkungen.com\/es\/producto\/kit-de-cableado-pt-briolights-para-2-o-3-luces-adicionales-de-12-v\/#primaryimage"},"thumbnailUrl":"https:\/\/xenonkungen.com\/wp-content\/uploads\/2025\/04\/265-9031_itemimage_mainfront.jpg","datePublished":"2025-04-15T08:57:52+00:00","dateModified":"2026-04-24T15:50:43+00:00","breadcrumb":{"@id":"https:\/\/xenonkungen.com\/es\/producto\/kit-de-cableado-pt-briolights-para-2-o-3-luces-adicionales-de-12-v\/#breadcrumb"},"inLanguage":"de","potentialAction":[{"@type":"ReadAction","target":["https:\/\/xenonkungen.com\/es\/producto\/kit-de-cableado-pt-briolights-para-2-o-3-luces-adicionales-de-12-v\/"]}]},{"@type":"ImageObject","inLanguage":"de","@id":"https:\/\/xenonkungen.com\/es\/producto\/kit-de-cableado-pt-briolights-para-2-o-3-luces-adicionales-de-12-v\/#primaryimage","url":"https:\/\/xenonkungen.com\/wp-content\/uploads\/2025\/04\/265-9031_itemimage_mainfront.jpg","contentUrl":"https:\/\/xenonkungen.com\/wp-content\/uploads\/2025\/04\/265-9031_itemimage_mainfront.jpg","width":2048,"height":1536},{"@type":"BreadcrumbList","@id":"https:\/\/xenonkungen.com\/es\/producto\/kit-de-cableado-pt-briolights-para-2-o-3-luces-adicionales-de-12-v\/#breadcrumb","itemListElement":[{"@type":"ListItem","position":1,"name":"Hem","item":"https:\/\/xenonkungen.com\/"},{"@type":"ListItem","position":2,"name":"Shop","item":"https:\/\/xenonkungen.com\/shop\/"},{"@type":"ListItem","position":3,"name":"PT-BriodLights kablagepaket f\u00f6r 2-3 extraljus 12 V"}]},{"@type":"WebSite","@id":"https:\/\/xenonkungen.com\/#website","url":"https:\/\/xenonkungen.com\/","name":"Xenonkungen","description":"","potentialAction":[{"@type":"SearchAction","target":{"@type":"EntryPoint","urlTemplate":"https:\/\/xenonkungen.com\/?s={search_term_string}"},"query-input":{"@type":"PropertyValueSpecification","valueRequired":true,"valueName":"search_term_string"}}],"inLanguage":"de"}]}},"taxonomy_info":{"product_brand":[{"value":1124,"label":"Lazer"}],"product_cat":[{"value":2841,"label":"Installation extraljus"},{"value":2488,"label":"Rel\u00e4sats"},{"value":2491,"label":"Rel\u00e4sats"},{"value":2489,"label":"Rel\u00e4satser"},{"value":2490,"label":"Rel\u00e4satser"},{"value":390,"label":"Installation"}],"product_tag":[{"value":2788,"label":"black-week-exclude"}],"pa_lampsockel-kontakt":[{"value":329,"label":"DT"}]},"featured_image_src_large":["https:\/\/xenonkungen.com\/wp-content\/uploads\/2025\/04\/265-9031_itemimage_mainfront-1024x768.jpg",1024,768,true],"author_info":[],"comment_info":0,"_links":{"self":[{"href":"https:\/\/xenonkungen.com\/de\/wp-json\/wp\/v2\/product\/3509","targetHints":{"allow":["GET"]}}],"collection":[{"href":"https:\/\/xenonkungen.com\/de\/wp-json\/wp\/v2\/product"}],"about":[{"href":"https:\/\/xenonkungen.com\/de\/wp-json\/wp\/v2\/types\/product"}],"replies":[{"embeddable":true,"href":"https:\/\/xenonkungen.com\/de\/wp-json\/wp\/v2\/comments?post=3509"}],"wp:featuredmedia":[{"embeddable":true,"href":"https:\/\/xenonkungen.com\/de\/wp-json\/wp\/v2\/media\/3510"}],"wp:attachment":[{"href":"https:\/\/xenonkungen.com\/de\/wp-json\/wp\/v2\/media?parent=3509"}],"wp:term":[{"taxonomy":"anvandningsomrade","embeddable":true,"href":"https:\/\/xenonkungen.com\/de\/wp-json\/wp\/v2\/anvandningsomrade?post=3509"},{"taxonomy":"bilmarken","embeddable":true,"href":"https:\/\/xenonkungen.com\/de\/wp-json\/wp\/v2\/bilmarken?post=3509"},{"taxonomy":"product_brand","embeddable":true,"href":"https:\/\/xenonkungen.com\/de\/wp-json\/wp\/v2\/product_brand?post=3509"},{"taxonomy":"product_cat","embeddable":true,"href":"https:\/\/xenonkungen.com\/de\/wp-json\/wp\/v2\/product_cat?post=3509"},{"taxonomy":"product_tag","embeddable":true,"href":"https:\/\/xenonkungen.com\/de\/wp-json\/wp\/v2\/product_tag?post=3509"}],"curies":[{"name":"wp","href":"https:\/\/api.w.org\/{rel}","templated":true}]}}