{"id":3518,"date":"2025-04-15T08:57:52","date_gmt":"2025-04-15T08:57:52","guid":{"rendered":"https:\/\/xenonkungen.com\/product\/arbetslampa-abl-led-shd-3000-fla\/"},"modified":"2026-04-24T16:51:00","modified_gmt":"2026-04-24T15:51:00","slug":"arbeitsleuchte-abl-led-shd-3000-fla","status":"publish","type":"product","link":"https:\/\/xenonkungen.com\/de\/produkt\/arbeitsleuchte-abl-led-shd-3000-fla\/","title":{"rendered":"Arbeitsleuchte ABL LED SHD 3000 FLA"},"content":{"rendered":"<h1>ABL SHD 3000 FLA<\/h1>\n<h2>Hochwertige, robuste Arbeitsleuchte<\/h2>\n<p>Die ABL SHD 3000 FLA ist eine hochwertige, robuste Arbeitsleuchte, die speziell f\u00fcr h\u00f6chste Anspr\u00fcche in allen Anwendungsbereichen entwickelt wurde. Dank strenger technischer Testverfahren garantieren wir h\u00f6chste Effizienz und Langlebigkeit selbst unter h\u00e4rtesten Betriebsbedingungen.<\/p>\n<p>Diese Arbeitsleuchte wurde mit Sorgfalt und Pr\u00e4zision entwickelt, um h\u00f6chsten Anspr\u00fcchen gerecht zu werden. Alle Komponenten werden in Europa gefertigt und gepr\u00fcft, was h\u00f6chste Qualit\u00e4t und Zuverl\u00e4ssigkeit garantiert. Sie k\u00f6nnen sich darauf verlassen, dass die ABL SHD 3000 FLA \u00fcberragende Leistung und zuverl\u00e4ssige Beleuchtung bietet.<\/p>\n<p>Die Arbeitsleuchte ist sowohl mit breitem als auch mit langem Lichtkegel erh\u00e4ltlich und somit vielseitig und an unterschiedliche Bed\u00fcrfnisse und Arbeitsumgebungen anpassbar. Sie ist mit einer Linse aus geh\u00e4rtetem Glas und einem robusten Aluminiumgeh\u00e4use mit M10-Befestigungsschraube ausgestattet und bietet dadurch eine langlebige Konstruktion, die Belastungen und Vibrationen standh\u00e4lt.<\/p>\n<p>Der ABL SHD 3000 FLA ist ADR-zugelassen und erf\u00fcllt die erforderlichen Sicherheitsbestimmungen. Er ist au\u00dferdem EMV-zertifiziert nach ISO 13766, ISO 14982 und ISO 12985 und erf\u00fcllt somit die strengen Normen f\u00fcr elektromagnetische Vertr\u00e4glichkeit.<\/p>\n<p>Mit einem Temperaturbereich von -40 \u00b0C bis +85 \u00b0C ist diese Arbeitsleuchte f\u00fcr extreme Temperaturbedingungen ausgelegt. Ob hei\u00df oder kalt \u2013 die ABL SHD 3000 FLA liefert zuverl\u00e4ssige Leistung.<\/p>\n<h2>Produktspezifikationen<\/h2>\n<ul>\n<li>Hochwertige, robuste Arbeitsleuchte<\/li>\n<li>Erh\u00e4ltlich in Varianten mit breitem oder langem Lichtmuster<\/li>\n<li>Geh\u00e4rtetes Glas in der Linse<\/li>\n<li>Aluminiumgeh\u00e4use mit M10-Befestigungsschraube<\/li>\n<li>ADR-Zulassung<\/li>\n<li>EMV-zertifiziert: ISO 13766, ISO 14982, ISO 12985<\/li>\n<li>Temperaturbereich: -40 \u00b0C bis +85 \u00b0C<\/li>\n<li>Menge pro Packung: 12 St\u00fcck<\/li>\n<\/ul>\n<p>Die ABL SHD 3000 FLA ist die perfekte Arbeitsleuchte f\u00fcr h\u00f6chste Anspr\u00fcche. Dank ihrer hohen Qualit\u00e4t, Zuverl\u00e4ssigkeit und Anpassungsf\u00e4higkeit erhalten Sie optimale Ausleuchtung f\u00fcr Ihre Anwendungen. Profitieren Sie von 5 Jahren Garantie und bestellen Sie die ABL SHD 3000 FLA noch heute!<\/p>","protected":false},"excerpt":{"rendered":"<p>ABL SHD 3000 FLA Premium Heavy Duty Arbetslampa ABL SHD 3000 FLA \u00e4r en premium heavy duty arbetslampa som \u00e4r speciellt utformad f\u00f6r att \u00f6vertr\u00e4ffa de mest kr\u00e4vande kraven i alla applikationer. Genom noggranna tekniska testmetoder garanterar vi h\u00f6gsta effektivitet och h\u00e5llbarhet \u00e4ven under de tuffaste driftsf\u00f6rh\u00e5llandena. Denna arbetslampa \u00e4r konstruerad med omsorg och precision [&hellip;]<\/p>","protected":false},"featured_media":3519,"comment_status":"closed","ping_status":"open","template":"","meta":{"_acf_changed":false,"_smort_price_nok":"3066","_smort_price_dkk":"1947","_smort_price_eur":"260.9","_smort_sale_price_nok":"","_smort_sale_price_dkk":"","_smort_sale_price_eur":"","smort_restorder":"","shipmondo_restorder":"","_kad_blocks_custom_css":"","_kad_blocks_head_custom_js":"","_kad_blocks_body_custom_js":"","_kad_blocks_footer_custom_js":"","smort_custom_pricelist_1":"1836.8","smort_custom_pricelist_2":"1607.2","smort_custom_pricelist_3":"1526.84","smort_custom_pricelist_4":"2296","smort_custom_pricelist_5":"1607.2"},"anvandningsomrade":[],"bilmarken":[],"product_brand":[],"product_cat":[508],"product_tag":[2788],"class_list":{"0":"post-3518","1":"product","2":"type-product","3":"status-publish","4":"has-post-thumbnail","6":"product_cat-arbetsbelysning","7":"product_tag-black-week-exclude","8":"pa_fargtemperatur-6000k","9":"pa_fuktskydd-varde-ipxx-ip68-ip69k","10":"pa_godkannande-emc-iso-13766-iso-14982-iso-12985","11":"pa_lampsockel-kontakt-dt","12":"pa_led-chips-effekt-w-331","13":"pa_storlek-mm-102x98x80","14":"pa_stromforbrukning-15a24v","15":"pa_volt-v-multivolt-12-16-18-24-28-30-36-48-100","17":"first","18":"onbackorder","19":"taxable","20":"shipping-taxable","21":"purchasable","22":"product-type-simple"},"bundled_by":[],"bundle_stock_status":"onbackorder","bundle_stock_quantity":0,"bundle_virtual":false,"bundle_layout":"","bundle_add_to_cart_form_location":"","bundle_editable_in_cart":false,"bundle_sold_individually_context":"","bundle_item_grouping":"","bundle_min_size":"","bundle_max_size":"","bundle_price":[],"bundled_items":[],"bundle_sell_ids":[],"acf":[],"yoast_head":"<!-- This site is optimized with the Yoast SEO plugin v27.0 - https:\/\/yoast.com\/product\/yoast-seo-wordpress\/ -->\n<title>Arbetslampa ABL LED SHD 3000 FLA - Xenonkungen<\/title>\n<meta name=\"robots\" content=\"index, follow, max-snippet:-1, max-image-preview:large, max-video-preview:-1\" \/>\n<link rel=\"canonical\" href=\"https:\/\/xenonkungen.com\/de\/produkt\/arbeitsleuchte-abl-led-shd-3000-fla\/\" \/>\n<meta property=\"og:locale\" content=\"de_DE\" \/>\n<meta property=\"og:type\" content=\"article\" \/>\n<meta property=\"og:title\" content=\"Arbetslampa ABL LED SHD 3000 FLA - Xenonkungen\" \/>\n<meta property=\"og:description\" content=\"ABL SHD 3000 FLA Premium Heavy Duty Arbetslampa ABL SHD 3000 FLA \u00e4r en premium heavy duty arbetslampa som \u00e4r speciellt utformad f\u00f6r att \u00f6vertr\u00e4ffa de mest kr\u00e4vande kraven i alla applikationer. Genom noggranna tekniska testmetoder garanterar vi h\u00f6gsta effektivitet och h\u00e5llbarhet \u00e4ven under de tuffaste driftsf\u00f6rh\u00e5llandena. Denna arbetslampa \u00e4r konstruerad med omsorg och precision [&hellip;]\" \/>\n<meta property=\"og:url\" content=\"https:\/\/xenonkungen.com\/de\/produkt\/arbeitsleuchte-abl-led-shd-3000-fla\/\" \/>\n<meta property=\"og:site_name\" content=\"Xenonkungen\" \/>\n<meta property=\"article:modified_time\" content=\"2026-04-24T15:51:00+00:00\" \/>\n<meta property=\"og:image\" content=\"https:\/\/xenonkungen.com\/wp-content\/uploads\/2025\/04\/273-528_itemimage_2.jpg\" \/>\n\t<meta property=\"og:image:width\" content=\"2048\" \/>\n\t<meta property=\"og:image:height\" content=\"1536\" \/>\n\t<meta property=\"og:image:type\" content=\"image\/jpeg\" \/>\n<meta name=\"twitter:card\" content=\"summary_large_image\" \/>\n<meta name=\"twitter:label1\" content=\"Gesch\u00e4tzte Lesezeit\" \/>\n\t<meta name=\"twitter:data1\" content=\"2\u00a0Minuten\" \/>\n<script type=\"application\/ld+json\" class=\"yoast-schema-graph\">{\"@context\":\"https:\/\/schema.org\",\"@graph\":[{\"@type\":\"WebPage\",\"@id\":\"https:\/\/xenonkungen.com\/produkt\/arbetslampa-abl-led-shd-3000-fla\/\",\"url\":\"https:\/\/xenonkungen.com\/produkt\/arbetslampa-abl-led-shd-3000-fla\/\",\"name\":\"Arbetslampa ABL LED SHD 3000 FLA - Xenonkungen\",\"isPartOf\":{\"@id\":\"https:\/\/xenonkungen.com\/#website\"},\"primaryImageOfPage\":{\"@id\":\"https:\/\/xenonkungen.com\/produkt\/arbetslampa-abl-led-shd-3000-fla\/#primaryimage\"},\"image\":{\"@id\":\"https:\/\/xenonkungen.com\/produkt\/arbetslampa-abl-led-shd-3000-fla\/#primaryimage\"},\"thumbnailUrl\":\"https:\/\/xenonkungen.com\/wp-content\/uploads\/2025\/04\/273-528_itemimage_2.jpg\",\"datePublished\":\"2025-04-15T08:57:52+00:00\",\"dateModified\":\"2026-04-24T15:51:00+00:00\",\"breadcrumb\":{\"@id\":\"https:\/\/xenonkungen.com\/produkt\/arbetslampa-abl-led-shd-3000-fla\/#breadcrumb\"},\"inLanguage\":\"de\",\"potentialAction\":[{\"@type\":\"ReadAction\",\"target\":[\"https:\/\/xenonkungen.com\/produkt\/arbetslampa-abl-led-shd-3000-fla\/\"]}]},{\"@type\":\"ImageObject\",\"inLanguage\":\"de\",\"@id\":\"https:\/\/xenonkungen.com\/produkt\/arbetslampa-abl-led-shd-3000-fla\/#primaryimage\",\"url\":\"https:\/\/xenonkungen.com\/wp-content\/uploads\/2025\/04\/273-528_itemimage_2.jpg\",\"contentUrl\":\"https:\/\/xenonkungen.com\/wp-content\/uploads\/2025\/04\/273-528_itemimage_2.jpg\",\"width\":2048,\"height\":1536},{\"@type\":\"BreadcrumbList\",\"@id\":\"https:\/\/xenonkungen.com\/produkt\/arbetslampa-abl-led-shd-3000-fla\/#breadcrumb\",\"itemListElement\":[{\"@type\":\"ListItem\",\"position\":1,\"name\":\"Hem\",\"item\":\"https:\/\/xenonkungen.com\/\"},{\"@type\":\"ListItem\",\"position\":2,\"name\":\"Shop\",\"item\":\"https:\/\/xenonkungen.com\/shop\/\"},{\"@type\":\"ListItem\",\"position\":3,\"name\":\"Arbetslampa ABL LED SHD 3000 FLA\"}]},{\"@type\":\"WebSite\",\"@id\":\"https:\/\/xenonkungen.com\/#website\",\"url\":\"https:\/\/xenonkungen.com\/\",\"name\":\"Xenonkungen\",\"description\":\"\",\"potentialAction\":[{\"@type\":\"SearchAction\",\"target\":{\"@type\":\"EntryPoint\",\"urlTemplate\":\"https:\/\/xenonkungen.com\/?s={search_term_string}\"},\"query-input\":{\"@type\":\"PropertyValueSpecification\",\"valueRequired\":true,\"valueName\":\"search_term_string\"}}],\"inLanguage\":\"de\"}]}<\/script>\n<!-- \/ Yoast SEO plugin. -->","yoast_head_json":{"title":"Arbeitsleuchte ABL LED SHD 3000 FLA - Xenonkungen","robots":{"index":"index","follow":"follow","max-snippet":"max-snippet:-1","max-image-preview":"max-image-preview:large","max-video-preview":"max-video-preview:-1"},"canonical":"https:\/\/xenonkungen.com\/de\/produkt\/arbeitsleuchte-abl-led-shd-3000-fla\/","og_locale":"de_DE","og_type":"article","og_title":"Arbetslampa ABL LED SHD 3000 FLA - Xenonkungen","og_description":"ABL SHD 3000 FLA Premium Heavy Duty Arbetslampa ABL SHD 3000 FLA \u00e4r en premium heavy duty arbetslampa som \u00e4r speciellt utformad f\u00f6r att \u00f6vertr\u00e4ffa de mest kr\u00e4vande kraven i alla applikationer. Genom noggranna tekniska testmetoder garanterar vi h\u00f6gsta effektivitet och h\u00e5llbarhet \u00e4ven under de tuffaste driftsf\u00f6rh\u00e5llandena. Denna arbetslampa \u00e4r konstruerad med omsorg och precision [&hellip;]","og_url":"https:\/\/xenonkungen.com\/de\/produkt\/arbeitsleuchte-abl-led-shd-3000-fla\/","og_site_name":"Xenonkungen","article_modified_time":"2026-04-24T15:51:00+00:00","og_image":[{"width":2048,"height":1536,"url":"https:\/\/xenonkungen.com\/wp-content\/uploads\/2025\/04\/273-528_itemimage_2.jpg","type":"image\/jpeg"}],"twitter_card":"summary_large_image","twitter_misc":{"Gesch\u00e4tzte Lesezeit":"2\u00a0Minuten"},"schema":{"@context":"https:\/\/schema.org","@graph":[{"@type":"WebPage","@id":"https:\/\/xenonkungen.com\/produkt\/arbetslampa-abl-led-shd-3000-fla\/","url":"https:\/\/xenonkungen.com\/produkt\/arbetslampa-abl-led-shd-3000-fla\/","name":"Arbeitsleuchte ABL LED SHD 3000 FLA - Xenonkungen","isPartOf":{"@id":"https:\/\/xenonkungen.com\/#website"},"primaryImageOfPage":{"@id":"https:\/\/xenonkungen.com\/produkt\/arbetslampa-abl-led-shd-3000-fla\/#primaryimage"},"image":{"@id":"https:\/\/xenonkungen.com\/produkt\/arbetslampa-abl-led-shd-3000-fla\/#primaryimage"},"thumbnailUrl":"https:\/\/xenonkungen.com\/wp-content\/uploads\/2025\/04\/273-528_itemimage_2.jpg","datePublished":"2025-04-15T08:57:52+00:00","dateModified":"2026-04-24T15:51:00+00:00","breadcrumb":{"@id":"https:\/\/xenonkungen.com\/produkt\/arbetslampa-abl-led-shd-3000-fla\/#breadcrumb"},"inLanguage":"de","potentialAction":[{"@type":"ReadAction","target":["https:\/\/xenonkungen.com\/produkt\/arbetslampa-abl-led-shd-3000-fla\/"]}]},{"@type":"ImageObject","inLanguage":"de","@id":"https:\/\/xenonkungen.com\/produkt\/arbetslampa-abl-led-shd-3000-fla\/#primaryimage","url":"https:\/\/xenonkungen.com\/wp-content\/uploads\/2025\/04\/273-528_itemimage_2.jpg","contentUrl":"https:\/\/xenonkungen.com\/wp-content\/uploads\/2025\/04\/273-528_itemimage_2.jpg","width":2048,"height":1536},{"@type":"BreadcrumbList","@id":"https:\/\/xenonkungen.com\/produkt\/arbetslampa-abl-led-shd-3000-fla\/#breadcrumb","itemListElement":[{"@type":"ListItem","position":1,"name":"Hem","item":"https:\/\/xenonkungen.com\/"},{"@type":"ListItem","position":2,"name":"Shop","item":"https:\/\/xenonkungen.com\/shop\/"},{"@type":"ListItem","position":3,"name":"Arbetslampa ABL LED SHD 3000 FLA"}]},{"@type":"WebSite","@id":"https:\/\/xenonkungen.com\/#website","url":"https:\/\/xenonkungen.com\/","name":"Xenonkungen","description":"","potentialAction":[{"@type":"SearchAction","target":{"@type":"EntryPoint","urlTemplate":"https:\/\/xenonkungen.com\/?s={search_term_string}"},"query-input":{"@type":"PropertyValueSpecification","valueRequired":true,"valueName":"search_term_string"}}],"inLanguage":"de"}]}},"taxonomy_info":{"product_cat":[{"value":508,"label":"Arbetsbelysning"}],"product_tag":[{"value":2788,"label":"black-week-exclude"}],"pa_fargtemperatur":[{"value":188,"label":"6000K"}],"pa_fuktskydd-varde-ipxx":[{"value":402,"label":"IP68. IP69K"}],"pa_godkannande":[{"value":1163,"label":"EMC: ISO 13766, ISO 14982, ISO 12985"}],"pa_lampsockel-kontakt":[{"value":329,"label":"DT"}],"pa_led-chips-effekt-w":[{"value":331,"label":"36"}],"pa_storlek-mm":[{"value":1161,"label":"102x98x80"}],"pa_stromforbrukning":[{"value":1109,"label":"1,5A@24V"}],"pa_volt-v":[{"value":1162,"label":"Multivolt, 12, 16, 18, 24, 28, 30, 36, 48, 100"}]},"featured_image_src_large":["https:\/\/xenonkungen.com\/wp-content\/uploads\/2025\/04\/273-528_itemimage_2-1024x768.jpg",1024,768,true],"author_info":[],"comment_info":0,"_links":{"self":[{"href":"https:\/\/xenonkungen.com\/de\/wp-json\/wp\/v2\/product\/3518","targetHints":{"allow":["GET"]}}],"collection":[{"href":"https:\/\/xenonkungen.com\/de\/wp-json\/wp\/v2\/product"}],"about":[{"href":"https:\/\/xenonkungen.com\/de\/wp-json\/wp\/v2\/types\/product"}],"replies":[{"embeddable":true,"href":"https:\/\/xenonkungen.com\/de\/wp-json\/wp\/v2\/comments?post=3518"}],"wp:featuredmedia":[{"embeddable":true,"href":"https:\/\/xenonkungen.com\/de\/wp-json\/wp\/v2\/media\/3519"}],"wp:attachment":[{"href":"https:\/\/xenonkungen.com\/de\/wp-json\/wp\/v2\/media?parent=3518"}],"wp:term":[{"taxonomy":"anvandningsomrade","embeddable":true,"href":"https:\/\/xenonkungen.com\/de\/wp-json\/wp\/v2\/anvandningsomrade?post=3518"},{"taxonomy":"bilmarken","embeddable":true,"href":"https:\/\/xenonkungen.com\/de\/wp-json\/wp\/v2\/bilmarken?post=3518"},{"taxonomy":"product_brand","embeddable":true,"href":"https:\/\/xenonkungen.com\/de\/wp-json\/wp\/v2\/product_brand?post=3518"},{"taxonomy":"product_cat","embeddable":true,"href":"https:\/\/xenonkungen.com\/de\/wp-json\/wp\/v2\/product_cat?post=3518"},{"taxonomy":"product_tag","embeddable":true,"href":"https:\/\/xenonkungen.com\/de\/wp-json\/wp\/v2\/product_tag?post=3518"}],"curies":[{"name":"wp","href":"https:\/\/api.w.org\/{rel}","templated":true}]}}