{"id":3535,"date":"2025-04-15T08:58:10","date_gmt":"2025-04-15T08:58:10","guid":{"rendered":"https:\/\/xenonkungen.com\/product\/arbetslampa-abl-sl1000-r23-gjutet-faste\/"},"modified":"2026-04-24T16:51:04","modified_gmt":"2026-04-24T15:51:04","slug":"arbeitsleuchte-abl-sl1000-r23-gegossen-fest","status":"publish","type":"product","link":"https:\/\/xenonkungen.com\/de\/produkt\/arbeitsleuchte-abl-sl1000-r23-gegossen-fest\/","title":{"rendered":"Arbeitsscheinwerfer ABL SL1000 R23 geformte Halterung"},"content":{"rendered":"<h1>ABL SL 1000 R23: ADR-zugelassene Arbeits- und R\u00fcckfahrleuchte f\u00fcr alle Anwendungen<\/h1>\n<p>Die ABL SL 1000 R23 ist eine ADR-zugelassene Arbeits- und R\u00fcckfahrleuchte mit gegossener Halterung, die die hohen Anforderungen der Branche erf\u00fcllt und \u00fcbertrifft. Sie eignet sich f\u00fcr alle Anwendungsbereiche und garantiert h\u00f6chste Effizienz und Langlebigkeit, selbst unter anspruchsvollsten Betriebsbedingungen.<\/p>\n<h2>Gepr\u00fcft und hergestellt in Europa<\/h2>\n<p>Der ABL SL 1000 R23 wurde strengen technischen Tests unterzogen, um seine Leistungsf\u00e4higkeit und Langlebigkeit zu gew\u00e4hrleisten. Alle Komponenten werden in Europa gefertigt und gepr\u00fcft, was zu den hohen Qualit\u00e4tsstandards des Produkts beitr\u00e4gt.<\/p>\n<h2>Einfacher Anschluss und EMV-kompatibel<\/h2>\n<p>Die Lampe eignet sich f\u00fcr den einfachen Anschluss mit einem integrierten 2-poligen DT-Stecker und erf\u00fcllt zudem mehrere EMV-Normen, darunter ISO 13766, ISO 14982, ISO 12985 und CISPR25 Klasse 5, wodurch sie eine hervorragende L\u00f6sung f\u00fcr professionelle und industrielle Anwendungen darstellt.<\/p>\n<h2>F\u00fcnf Jahre Garantie<\/h2>\n<p>Wir sind von der Qualit\u00e4t der ABL SL 1000 R23 \u00fcberzeugt und bieten daher f\u00fcnf Jahre Garantie. Sie k\u00f6nnen sich darauf verlassen, dass diese robuste und effiziente Lampe Ihre Bed\u00fcrfnisse lange erf\u00fcllen wird.<\/p>","protected":false},"excerpt":{"rendered":"<p>ABL SL 1000 R23: ADR-Godk\u00e4nd Arbets- och Backlampa F\u00f6r Alla Applikationer ABL SL 1000 R23 \u00e4r en ADR-godk\u00e4nd arbets- och backlampa med gjutet f\u00e4ste, utformad f\u00f6r att uppfylla och \u00f6vertr\u00e4ffa branschens h\u00f6ga krav. L\u00e4mplig f\u00f6r alla applikationer, denna lampa garanterar h\u00f6gsta effektivitet och h\u00e5llbarhet, \u00e4ven under de mest kr\u00e4vande driftsf\u00f6rh\u00e5llanden. Testad och Tillverkad i Europa [&hellip;]<\/p>","protected":false},"featured_media":3536,"comment_status":"closed","ping_status":"open","template":"","meta":{"_acf_changed":false,"_smort_price_nok":"967","_smort_price_dkk":"614","_smort_price_eur":"82.27","_smort_sale_price_nok":"","_smort_sale_price_dkk":"","_smort_sale_price_eur":"","smort_restorder":"","shipmondo_restorder":"","_kad_blocks_custom_css":"","_kad_blocks_head_custom_js":"","_kad_blocks_body_custom_js":"","_kad_blocks_footer_custom_js":"","smort_custom_pricelist_1":"579.2","smort_custom_pricelist_2":"506.8","smort_custom_pricelist_3":"481.46","smort_custom_pricelist_4":"724","smort_custom_pricelist_5":"506.8"},"anvandningsomrade":[],"bilmarken":[],"product_brand":[],"product_cat":[508],"product_tag":[2788],"class_list":{"0":"post-3535","1":"product","2":"type-product","3":"status-publish","4":"has-post-thumbnail","6":"product_cat-arbetsbelysning","7":"product_tag-black-week-exclude","8":"pa_fargtemperatur-6000k","9":"pa_fuktskydd-varde-ipxx-ip69k","10":"pa_godkannande-emc-iso-13766-iso-14982-iso-12985-cispr25-class-5","11":"pa_lampsockel-kontakt-dt","12":"pa_led-chips-effekt-w-1167","13":"pa_storlek-mm-101x97x57","14":"pa_stromforbrukning-058a24v","15":"pa_volt-v-12-24","17":"first","18":"onbackorder","19":"taxable","20":"shipping-taxable","21":"purchasable","22":"product-type-simple"},"bundled_by":[],"bundle_stock_status":"onbackorder","bundle_stock_quantity":0,"bundle_virtual":false,"bundle_layout":"","bundle_add_to_cart_form_location":"","bundle_editable_in_cart":false,"bundle_sold_individually_context":"","bundle_item_grouping":"","bundle_min_size":"","bundle_max_size":"","bundle_price":[],"bundled_items":[],"bundle_sell_ids":[],"acf":[],"yoast_head":"<!-- This site is optimized with the Yoast SEO plugin v27.0 - https:\/\/yoast.com\/product\/yoast-seo-wordpress\/ -->\n<title>Arbetslampa ABL SL1000 R23 gjutet f\u00e4ste - Xenonkungen<\/title>\n<meta name=\"robots\" content=\"index, follow, max-snippet:-1, max-image-preview:large, max-video-preview:-1\" \/>\n<link rel=\"canonical\" href=\"https:\/\/xenonkungen.com\/de\/produkt\/arbeitsleuchte-abl-sl1000-r23-gegossen-fest\/\" \/>\n<meta property=\"og:locale\" content=\"de_DE\" \/>\n<meta property=\"og:type\" content=\"article\" \/>\n<meta property=\"og:title\" content=\"Arbetslampa ABL SL1000 R23 gjutet f\u00e4ste - Xenonkungen\" \/>\n<meta property=\"og:description\" content=\"ABL SL 1000 R23: ADR-Godk\u00e4nd Arbets- och Backlampa F\u00f6r Alla Applikationer ABL SL 1000 R23 \u00e4r en ADR-godk\u00e4nd arbets- och backlampa med gjutet f\u00e4ste, utformad f\u00f6r att uppfylla och \u00f6vertr\u00e4ffa branschens h\u00f6ga krav. L\u00e4mplig f\u00f6r alla applikationer, denna lampa garanterar h\u00f6gsta effektivitet och h\u00e5llbarhet, \u00e4ven under de mest kr\u00e4vande driftsf\u00f6rh\u00e5llanden. Testad och Tillverkad i Europa [&hellip;]\" \/>\n<meta property=\"og:url\" content=\"https:\/\/xenonkungen.com\/de\/produkt\/arbeitsleuchte-abl-sl1000-r23-gegossen-fest\/\" \/>\n<meta property=\"og:site_name\" content=\"Xenonkungen\" \/>\n<meta property=\"article:modified_time\" content=\"2026-04-24T15:51:04+00:00\" \/>\n<meta property=\"og:image\" content=\"https:\/\/xenonkungen.com\/wp-content\/uploads\/2025\/04\/273-611_itemimage_mainfront.jpg\" \/>\n\t<meta property=\"og:image:width\" content=\"2048\" \/>\n\t<meta property=\"og:image:height\" content=\"1536\" \/>\n\t<meta property=\"og:image:type\" content=\"image\/jpeg\" \/>\n<meta name=\"twitter:card\" content=\"summary_large_image\" \/>\n<meta name=\"twitter:label1\" content=\"Gesch\u00e4tzte Lesezeit\" \/>\n\t<meta name=\"twitter:data1\" content=\"1\u00a0Minute\" \/>\n<script type=\"application\/ld+json\" class=\"yoast-schema-graph\">{\"@context\":\"https:\/\/schema.org\",\"@graph\":[{\"@type\":\"WebPage\",\"@id\":\"https:\/\/xenonkungen.com\/produkt\/arbetslampa-abl-sl1000-r23-gjutet-faste\/\",\"url\":\"https:\/\/xenonkungen.com\/produkt\/arbetslampa-abl-sl1000-r23-gjutet-faste\/\",\"name\":\"Arbetslampa ABL SL1000 R23 gjutet f\u00e4ste - Xenonkungen\",\"isPartOf\":{\"@id\":\"https:\/\/xenonkungen.com\/#website\"},\"primaryImageOfPage\":{\"@id\":\"https:\/\/xenonkungen.com\/produkt\/arbetslampa-abl-sl1000-r23-gjutet-faste\/#primaryimage\"},\"image\":{\"@id\":\"https:\/\/xenonkungen.com\/produkt\/arbetslampa-abl-sl1000-r23-gjutet-faste\/#primaryimage\"},\"thumbnailUrl\":\"https:\/\/xenonkungen.com\/wp-content\/uploads\/2025\/04\/273-611_itemimage_mainfront.jpg\",\"datePublished\":\"2025-04-15T08:58:10+00:00\",\"dateModified\":\"2026-04-24T15:51:04+00:00\",\"breadcrumb\":{\"@id\":\"https:\/\/xenonkungen.com\/produkt\/arbetslampa-abl-sl1000-r23-gjutet-faste\/#breadcrumb\"},\"inLanguage\":\"de\",\"potentialAction\":[{\"@type\":\"ReadAction\",\"target\":[\"https:\/\/xenonkungen.com\/produkt\/arbetslampa-abl-sl1000-r23-gjutet-faste\/\"]}]},{\"@type\":\"ImageObject\",\"inLanguage\":\"de\",\"@id\":\"https:\/\/xenonkungen.com\/produkt\/arbetslampa-abl-sl1000-r23-gjutet-faste\/#primaryimage\",\"url\":\"https:\/\/xenonkungen.com\/wp-content\/uploads\/2025\/04\/273-611_itemimage_mainfront.jpg\",\"contentUrl\":\"https:\/\/xenonkungen.com\/wp-content\/uploads\/2025\/04\/273-611_itemimage_mainfront.jpg\",\"width\":2048,\"height\":1536},{\"@type\":\"BreadcrumbList\",\"@id\":\"https:\/\/xenonkungen.com\/produkt\/arbetslampa-abl-sl1000-r23-gjutet-faste\/#breadcrumb\",\"itemListElement\":[{\"@type\":\"ListItem\",\"position\":1,\"name\":\"Hem\",\"item\":\"https:\/\/xenonkungen.com\/\"},{\"@type\":\"ListItem\",\"position\":2,\"name\":\"Shop\",\"item\":\"https:\/\/xenonkungen.com\/shop\/\"},{\"@type\":\"ListItem\",\"position\":3,\"name\":\"Arbetslampa ABL SL1000 R23 gjutet f\u00e4ste\"}]},{\"@type\":\"WebSite\",\"@id\":\"https:\/\/xenonkungen.com\/#website\",\"url\":\"https:\/\/xenonkungen.com\/\",\"name\":\"Xenonkungen\",\"description\":\"\",\"potentialAction\":[{\"@type\":\"SearchAction\",\"target\":{\"@type\":\"EntryPoint\",\"urlTemplate\":\"https:\/\/xenonkungen.com\/?s={search_term_string}\"},\"query-input\":{\"@type\":\"PropertyValueSpecification\",\"valueRequired\":true,\"valueName\":\"search_term_string\"}}],\"inLanguage\":\"de\"}]}<\/script>\n<!-- \/ Yoast SEO plugin. -->","yoast_head_json":{"title":"Arbeitsscheinwerfer ABL SL1000 R23 Gusshalterung - Xenonkungen","robots":{"index":"index","follow":"follow","max-snippet":"max-snippet:-1","max-image-preview":"max-image-preview:large","max-video-preview":"max-video-preview:-1"},"canonical":"https:\/\/xenonkungen.com\/de\/produkt\/arbeitsleuchte-abl-sl1000-r23-gegossen-fest\/","og_locale":"de_DE","og_type":"article","og_title":"Arbetslampa ABL SL1000 R23 gjutet f\u00e4ste - Xenonkungen","og_description":"ABL SL 1000 R23: ADR-Godk\u00e4nd Arbets- och Backlampa F\u00f6r Alla Applikationer ABL SL 1000 R23 \u00e4r en ADR-godk\u00e4nd arbets- och backlampa med gjutet f\u00e4ste, utformad f\u00f6r att uppfylla och \u00f6vertr\u00e4ffa branschens h\u00f6ga krav. L\u00e4mplig f\u00f6r alla applikationer, denna lampa garanterar h\u00f6gsta effektivitet och h\u00e5llbarhet, \u00e4ven under de mest kr\u00e4vande driftsf\u00f6rh\u00e5llanden. Testad och Tillverkad i Europa [&hellip;]","og_url":"https:\/\/xenonkungen.com\/de\/produkt\/arbeitsleuchte-abl-sl1000-r23-gegossen-fest\/","og_site_name":"Xenonkungen","article_modified_time":"2026-04-24T15:51:04+00:00","og_image":[{"width":2048,"height":1536,"url":"https:\/\/xenonkungen.com\/wp-content\/uploads\/2025\/04\/273-611_itemimage_mainfront.jpg","type":"image\/jpeg"}],"twitter_card":"summary_large_image","twitter_misc":{"Gesch\u00e4tzte Lesezeit":"1\u00a0Minute"},"schema":{"@context":"https:\/\/schema.org","@graph":[{"@type":"WebPage","@id":"https:\/\/xenonkungen.com\/produkt\/arbetslampa-abl-sl1000-r23-gjutet-faste\/","url":"https:\/\/xenonkungen.com\/produkt\/arbetslampa-abl-sl1000-r23-gjutet-faste\/","name":"Arbeitsscheinwerfer ABL SL1000 R23 Gusshalterung - Xenonkungen","isPartOf":{"@id":"https:\/\/xenonkungen.com\/#website"},"primaryImageOfPage":{"@id":"https:\/\/xenonkungen.com\/produkt\/arbetslampa-abl-sl1000-r23-gjutet-faste\/#primaryimage"},"image":{"@id":"https:\/\/xenonkungen.com\/produkt\/arbetslampa-abl-sl1000-r23-gjutet-faste\/#primaryimage"},"thumbnailUrl":"https:\/\/xenonkungen.com\/wp-content\/uploads\/2025\/04\/273-611_itemimage_mainfront.jpg","datePublished":"2025-04-15T08:58:10+00:00","dateModified":"2026-04-24T15:51:04+00:00","breadcrumb":{"@id":"https:\/\/xenonkungen.com\/produkt\/arbetslampa-abl-sl1000-r23-gjutet-faste\/#breadcrumb"},"inLanguage":"de","potentialAction":[{"@type":"ReadAction","target":["https:\/\/xenonkungen.com\/produkt\/arbetslampa-abl-sl1000-r23-gjutet-faste\/"]}]},{"@type":"ImageObject","inLanguage":"de","@id":"https:\/\/xenonkungen.com\/produkt\/arbetslampa-abl-sl1000-r23-gjutet-faste\/#primaryimage","url":"https:\/\/xenonkungen.com\/wp-content\/uploads\/2025\/04\/273-611_itemimage_mainfront.jpg","contentUrl":"https:\/\/xenonkungen.com\/wp-content\/uploads\/2025\/04\/273-611_itemimage_mainfront.jpg","width":2048,"height":1536},{"@type":"BreadcrumbList","@id":"https:\/\/xenonkungen.com\/produkt\/arbetslampa-abl-sl1000-r23-gjutet-faste\/#breadcrumb","itemListElement":[{"@type":"ListItem","position":1,"name":"Hem","item":"https:\/\/xenonkungen.com\/"},{"@type":"ListItem","position":2,"name":"Shop","item":"https:\/\/xenonkungen.com\/shop\/"},{"@type":"ListItem","position":3,"name":"Arbetslampa ABL SL1000 R23 gjutet f\u00e4ste"}]},{"@type":"WebSite","@id":"https:\/\/xenonkungen.com\/#website","url":"https:\/\/xenonkungen.com\/","name":"Xenonkungen","description":"","potentialAction":[{"@type":"SearchAction","target":{"@type":"EntryPoint","urlTemplate":"https:\/\/xenonkungen.com\/?s={search_term_string}"},"query-input":{"@type":"PropertyValueSpecification","valueRequired":true,"valueName":"search_term_string"}}],"inLanguage":"de"}]}},"taxonomy_info":{"product_cat":[{"value":508,"label":"Arbetsbelysning"}],"product_tag":[{"value":2788,"label":"black-week-exclude"}],"pa_fargtemperatur":[{"value":188,"label":"6000K"}],"pa_fuktskydd-varde-ipxx":[{"value":155,"label":"IP69K"}],"pa_godkannande":[{"value":1165,"label":"EMC: ISO 13766 - ISO 14982 - ISO 12985 - CISPR25 Class 5"}],"pa_lampsockel-kontakt":[{"value":329,"label":"DT"}],"pa_led-chips-effekt-w":[{"value":1167,"label":"14"}],"pa_storlek-mm":[{"value":1166,"label":"101x97x57"}],"pa_stromforbrukning":[{"value":1168,"label":"0,58A@24V"}],"pa_volt-v":[{"value":348,"label":"12, 24"}]},"featured_image_src_large":["https:\/\/xenonkungen.com\/wp-content\/uploads\/2025\/04\/273-611_itemimage_mainfront-1024x768.jpg",1024,768,true],"author_info":[],"comment_info":0,"_links":{"self":[{"href":"https:\/\/xenonkungen.com\/de\/wp-json\/wp\/v2\/product\/3535","targetHints":{"allow":["GET"]}}],"collection":[{"href":"https:\/\/xenonkungen.com\/de\/wp-json\/wp\/v2\/product"}],"about":[{"href":"https:\/\/xenonkungen.com\/de\/wp-json\/wp\/v2\/types\/product"}],"replies":[{"embeddable":true,"href":"https:\/\/xenonkungen.com\/de\/wp-json\/wp\/v2\/comments?post=3535"}],"wp:featuredmedia":[{"embeddable":true,"href":"https:\/\/xenonkungen.com\/de\/wp-json\/wp\/v2\/media\/3536"}],"wp:attachment":[{"href":"https:\/\/xenonkungen.com\/de\/wp-json\/wp\/v2\/media?parent=3535"}],"wp:term":[{"taxonomy":"anvandningsomrade","embeddable":true,"href":"https:\/\/xenonkungen.com\/de\/wp-json\/wp\/v2\/anvandningsomrade?post=3535"},{"taxonomy":"bilmarken","embeddable":true,"href":"https:\/\/xenonkungen.com\/de\/wp-json\/wp\/v2\/bilmarken?post=3535"},{"taxonomy":"product_brand","embeddable":true,"href":"https:\/\/xenonkungen.com\/de\/wp-json\/wp\/v2\/product_brand?post=3535"},{"taxonomy":"product_cat","embeddable":true,"href":"https:\/\/xenonkungen.com\/de\/wp-json\/wp\/v2\/product_cat?post=3535"},{"taxonomy":"product_tag","embeddable":true,"href":"https:\/\/xenonkungen.com\/de\/wp-json\/wp\/v2\/product_tag?post=3535"}],"curies":[{"name":"wp","href":"https:\/\/api.w.org\/{rel}","templated":true}]}}