{"id":3693,"date":"2025-04-15T09:01:29","date_gmt":"2025-04-15T09:01:29","guid":{"rendered":"https:\/\/xenonkungen.com\/product\/xenonlampa-50-70w-speedstart-extraljus\/"},"modified":"2026-03-27T09:54:34","modified_gmt":"2026-03-27T08:54:34","slug":"xenonlampe-50-70w-schnellstart-zusatzscheinwerfer","status":"publish","type":"product","link":"https:\/\/xenonkungen.com\/de\/produkt\/xenonlampe-50-70w-schnellstart-zusatzscheinwerfer\/","title":{"rendered":"Xenonlampe 50-70W SpeedStart | Zusatzlicht"},"content":{"rendered":"<p>Xenonlampe, geeignet f\u00fcr die Umr\u00fcstung von Zusatzscheinwerfern und Vorschaltger\u00e4ten mit einer Nennleistung von 35 W bis 70 W<br \/>(nicht 75W\/100W).<\/p>\n<p>Erh\u00e4ltlich mit Lampenfu\u00df:<br \/><strong>H1<br \/>H3<br \/>H7<\/strong><\/p>\n<p>Optionale Farbtemperatur (Kelvin):<br \/><strong>4300K<\/strong> Wei\u00df<br \/><strong>5000K<\/strong> Strahlend Wei\u00df<br \/><strong>6000K<\/strong> Diamantwei\u00df<br \/>Die Verf\u00fcgbarkeit kann je nach Lampensockel variieren.<\/p>\n<p>Wir empfehlen 4300K.<br \/>Der Lichtstrom h\u00e4ngt vom angeschlossenen Vorschaltger\u00e4t\/der Leistung ab.<\/p>\n<p>1 Jahr Garantie.<\/p>","protected":false},"excerpt":{"rendered":"<p>Xenonlampe, geeignet f\u00fcr die Umr\u00fcstung von Zusatzscheinwerfern und Vorschaltger\u00e4ten mit einer Leistung von 35\u201370 W (nicht 75\/100 W). Verf\u00fcgbar mit folgenden Sockeln: H1, H3, H7. Farbtemperatur (Kelvin): 4300 K (Wei\u00df), 5000 K (Hellwei\u00df), 6000 K (Diamantwei\u00df). Die Auswahl kann je nach Sockel variieren. Wir empfehlen 4300 K. Der Lichtstrom ist abh\u00e4ngig vom angeschlossenen Vorschaltger\u00e4t\/der Leistung. 1 Jahr Garantie.<\/p>","protected":false},"featured_media":3694,"comment_status":"closed","ping_status":"closed","template":"","meta":{"_acf_changed":false,"_smort_price_nok":"74","_smort_price_dkk":"101","_smort_price_eur":"13.54","_smort_sale_price_nok":"","_smort_sale_price_dkk":"","_smort_sale_price_eur":"","smort_restorder":"","shipmondo_restorder":"","_kad_blocks_custom_css":"","_kad_blocks_head_custom_js":"","_kad_blocks_body_custom_js":"","_kad_blocks_footer_custom_js":"","smort_custom_pricelist_1":"95.36","smort_custom_pricelist_2":"83.4","smort_custom_pricelist_3":"79.23","smort_custom_pricelist_4":"119.2","smort_custom_pricelist_5":"83.4"},"anvandningsomrade":[],"bilmarken":[],"product_brand":[117],"product_cat":[2485,2504],"product_tag":[],"class_list":{"0":"post-3693","1":"product","2":"type-product","3":"status-publish","4":"has-post-thumbnail","6":"product_brand-xenonkungen","7":"product_cat-xenonkonventering","8":"product_cat-xenonlampor","9":"pa_faktisk-effekts-forbrukning-401","10":"pa_fargtemperatur-5000k","11":"pa_fargtemperatur-6000k","12":"pa_fargtemperatur-4300k","13":"pa_lampsockel-kontakt-h7","14":"pa_lampsockel-kontakt-h1","15":"pa_lampsockel-kontakt-h3","16":"pa_led-chips-effekt-w-694","17":"pa_volt-v-12-24","19":"first","20":"instock","21":"taxable","22":"shipping-taxable","23":"purchasable","24":"product-type-variable"},"bundled_by":[],"bundle_stock_status":"instock","bundle_stock_quantity":25,"bundle_virtual":false,"bundle_layout":"","bundle_add_to_cart_form_location":"","bundle_editable_in_cart":false,"bundle_sold_individually_context":"","bundle_item_grouping":"","bundle_min_size":"","bundle_max_size":"","bundle_price":[],"bundled_items":[],"bundle_sell_ids":[],"acf":[],"yoast_head":"<!-- This site is optimized with the Yoast SEO plugin v27.0 - https:\/\/yoast.com\/product\/yoast-seo-wordpress\/ -->\n<title>Xenonlampa 50-70W SpeedStart | Extraljus - Xenonkungen<\/title>\n<meta name=\"robots\" content=\"index, follow, max-snippet:-1, max-image-preview:large, max-video-preview:-1\" \/>\n<link rel=\"canonical\" href=\"https:\/\/xenonkungen.com\/de\/produkt\/xenonlampe-50-70w-schnellstart-zusatzscheinwerfer\/\" \/>\n<meta property=\"og:locale\" content=\"de_DE\" \/>\n<meta property=\"og:type\" content=\"article\" \/>\n<meta property=\"og:title\" content=\"Xenonlampa 50-70W SpeedStart | Extraljus - Xenonkungen\" \/>\n<meta property=\"og:description\" content=\"Xenonlampa anpassad f\u00f6r konvertering av extraljus och ballaster med angiven effekt 35W-70W(ej 75W\/100W). Finns med lampsockel:H1H3H7 Valfri f\u00e4rgtemperatur (Kelvin):4300K White5000K Bright White6000K Diamond WhiteUtbud kan variera per lampsockel. Vi rekommenderar 4300K.Ljusfl\u00f6det beror p\u00e5 ansluten ballast\/effekt 1 \u00e5r garanti.\" \/>\n<meta property=\"og:url\" content=\"https:\/\/xenonkungen.com\/de\/produkt\/xenonlampe-50-70w-schnellstart-zusatzscheinwerfer\/\" \/>\n<meta property=\"og:site_name\" content=\"Xenonkungen\" \/>\n<meta property=\"article:modified_time\" content=\"2026-03-27T08:54:34+00:00\" \/>\n<meta property=\"og:image\" content=\"https:\/\/xenonkungen.com\/wp-content\/uploads\/2025\/04\/9589646-origpic-686c6b.png\" \/>\n\t<meta property=\"og:image:width\" content=\"1000\" \/>\n\t<meta property=\"og:image:height\" content=\"1000\" \/>\n\t<meta property=\"og:image:type\" content=\"image\/png\" \/>\n<meta name=\"twitter:card\" content=\"summary_large_image\" \/>\n<meta name=\"twitter:label1\" content=\"Gesch\u00e4tzte Lesezeit\" \/>\n\t<meta name=\"twitter:data1\" content=\"1\u00a0Minute\" \/>\n<script type=\"application\/ld+json\" class=\"yoast-schema-graph\">{\"@context\":\"https:\/\/schema.org\",\"@graph\":[{\"@type\":\"WebPage\",\"@id\":\"https:\/\/xenonkungen.com\/produkt\/xenonlampa-50-70w-speedstart-extraljus\/\",\"url\":\"https:\/\/xenonkungen.com\/produkt\/xenonlampa-50-70w-speedstart-extraljus\/\",\"name\":\"Xenonlampa 50-70W SpeedStart | Extraljus - Xenonkungen\",\"isPartOf\":{\"@id\":\"https:\/\/xenonkungen.com\/#website\"},\"primaryImageOfPage\":{\"@id\":\"https:\/\/xenonkungen.com\/produkt\/xenonlampa-50-70w-speedstart-extraljus\/#primaryimage\"},\"image\":{\"@id\":\"https:\/\/xenonkungen.com\/produkt\/xenonlampa-50-70w-speedstart-extraljus\/#primaryimage\"},\"thumbnailUrl\":\"https:\/\/xenonkungen.com\/wp-content\/uploads\/2025\/04\/9589646-origpic-686c6b.png\",\"datePublished\":\"2025-04-15T09:01:29+00:00\",\"dateModified\":\"2026-03-27T08:54:34+00:00\",\"breadcrumb\":{\"@id\":\"https:\/\/xenonkungen.com\/produkt\/xenonlampa-50-70w-speedstart-extraljus\/#breadcrumb\"},\"inLanguage\":\"de\",\"potentialAction\":[{\"@type\":\"ReadAction\",\"target\":[\"https:\/\/xenonkungen.com\/produkt\/xenonlampa-50-70w-speedstart-extraljus\/\"]}]},{\"@type\":\"ImageObject\",\"inLanguage\":\"de\",\"@id\":\"https:\/\/xenonkungen.com\/produkt\/xenonlampa-50-70w-speedstart-extraljus\/#primaryimage\",\"url\":\"https:\/\/xenonkungen.com\/wp-content\/uploads\/2025\/04\/9589646-origpic-686c6b.png\",\"contentUrl\":\"https:\/\/xenonkungen.com\/wp-content\/uploads\/2025\/04\/9589646-origpic-686c6b.png\",\"width\":1000,\"height\":1000},{\"@type\":\"BreadcrumbList\",\"@id\":\"https:\/\/xenonkungen.com\/produkt\/xenonlampa-50-70w-speedstart-extraljus\/#breadcrumb\",\"itemListElement\":[{\"@type\":\"ListItem\",\"position\":1,\"name\":\"Hem\",\"item\":\"https:\/\/xenonkungen.com\/\"},{\"@type\":\"ListItem\",\"position\":2,\"name\":\"Shop\",\"item\":\"https:\/\/xenonkungen.com\/shop\/\"},{\"@type\":\"ListItem\",\"position\":3,\"name\":\"Xenonlampa 50-70W SpeedStart | Extraljus\"}]},{\"@type\":\"WebSite\",\"@id\":\"https:\/\/xenonkungen.com\/#website\",\"url\":\"https:\/\/xenonkungen.com\/\",\"name\":\"Xenonkungen\",\"description\":\"\",\"potentialAction\":[{\"@type\":\"SearchAction\",\"target\":{\"@type\":\"EntryPoint\",\"urlTemplate\":\"https:\/\/xenonkungen.com\/?s={search_term_string}\"},\"query-input\":{\"@type\":\"PropertyValueSpecification\",\"valueRequired\":true,\"valueName\":\"search_term_string\"}}],\"inLanguage\":\"de\"}]}<\/script>\n<!-- \/ Yoast SEO plugin. -->","yoast_head_json":{"title":"Xenonlampe 50-70W SpeedStart | Extra Licht - Xenonkungen","robots":{"index":"index","follow":"follow","max-snippet":"max-snippet:-1","max-image-preview":"max-image-preview:large","max-video-preview":"max-video-preview:-1"},"canonical":"https:\/\/xenonkungen.com\/de\/produkt\/xenonlampe-50-70w-schnellstart-zusatzscheinwerfer\/","og_locale":"de_DE","og_type":"article","og_title":"Xenonlampa 50-70W SpeedStart | Extraljus - Xenonkungen","og_description":"Xenonlampa anpassad f\u00f6r konvertering av extraljus och ballaster med angiven effekt 35W-70W(ej 75W\/100W). Finns med lampsockel:H1H3H7 Valfri f\u00e4rgtemperatur (Kelvin):4300K White5000K Bright White6000K Diamond WhiteUtbud kan variera per lampsockel. Vi rekommenderar 4300K.Ljusfl\u00f6det beror p\u00e5 ansluten ballast\/effekt 1 \u00e5r garanti.","og_url":"https:\/\/xenonkungen.com\/de\/produkt\/xenonlampe-50-70w-schnellstart-zusatzscheinwerfer\/","og_site_name":"Xenonkungen","article_modified_time":"2026-03-27T08:54:34+00:00","og_image":[{"width":1000,"height":1000,"url":"https:\/\/xenonkungen.com\/wp-content\/uploads\/2025\/04\/9589646-origpic-686c6b.png","type":"image\/png"}],"twitter_card":"summary_large_image","twitter_misc":{"Gesch\u00e4tzte Lesezeit":"1\u00a0Minute"},"schema":{"@context":"https:\/\/schema.org","@graph":[{"@type":"WebPage","@id":"https:\/\/xenonkungen.com\/produkt\/xenonlampa-50-70w-speedstart-extraljus\/","url":"https:\/\/xenonkungen.com\/produkt\/xenonlampa-50-70w-speedstart-extraljus\/","name":"Xenonlampe 50-70W SpeedStart | Extra Licht - Xenonkungen","isPartOf":{"@id":"https:\/\/xenonkungen.com\/#website"},"primaryImageOfPage":{"@id":"https:\/\/xenonkungen.com\/produkt\/xenonlampa-50-70w-speedstart-extraljus\/#primaryimage"},"image":{"@id":"https:\/\/xenonkungen.com\/produkt\/xenonlampa-50-70w-speedstart-extraljus\/#primaryimage"},"thumbnailUrl":"https:\/\/xenonkungen.com\/wp-content\/uploads\/2025\/04\/9589646-origpic-686c6b.png","datePublished":"2025-04-15T09:01:29+00:00","dateModified":"2026-03-27T08:54:34+00:00","breadcrumb":{"@id":"https:\/\/xenonkungen.com\/produkt\/xenonlampa-50-70w-speedstart-extraljus\/#breadcrumb"},"inLanguage":"de","potentialAction":[{"@type":"ReadAction","target":["https:\/\/xenonkungen.com\/produkt\/xenonlampa-50-70w-speedstart-extraljus\/"]}]},{"@type":"ImageObject","inLanguage":"de","@id":"https:\/\/xenonkungen.com\/produkt\/xenonlampa-50-70w-speedstart-extraljus\/#primaryimage","url":"https:\/\/xenonkungen.com\/wp-content\/uploads\/2025\/04\/9589646-origpic-686c6b.png","contentUrl":"https:\/\/xenonkungen.com\/wp-content\/uploads\/2025\/04\/9589646-origpic-686c6b.png","width":1000,"height":1000},{"@type":"BreadcrumbList","@id":"https:\/\/xenonkungen.com\/produkt\/xenonlampa-50-70w-speedstart-extraljus\/#breadcrumb","itemListElement":[{"@type":"ListItem","position":1,"name":"Hem","item":"https:\/\/xenonkungen.com\/"},{"@type":"ListItem","position":2,"name":"Shop","item":"https:\/\/xenonkungen.com\/shop\/"},{"@type":"ListItem","position":3,"name":"Xenonlampa 50-70W SpeedStart | Extraljus"}]},{"@type":"WebSite","@id":"https:\/\/xenonkungen.com\/#website","url":"https:\/\/xenonkungen.com\/","name":"Xenonkungen","description":"","potentialAction":[{"@type":"SearchAction","target":{"@type":"EntryPoint","urlTemplate":"https:\/\/xenonkungen.com\/?s={search_term_string}"},"query-input":{"@type":"PropertyValueSpecification","valueRequired":true,"valueName":"search_term_string"}}],"inLanguage":"de"}]}},"taxonomy_info":{"product_brand":[{"value":117,"label":"Xenonkungen"}],"product_cat":[{"value":2485,"label":"XENONKONVENTERING"},{"value":2504,"label":"Xenonlampor"}],"pa_faktisk-effekts-forbrukning":[{"value":401,"label":"60"}],"pa_fargtemperatur":[{"value":154,"label":"5000K"},{"value":188,"label":"6000K"},{"value":755,"label":"4300K"}],"pa_lampsockel-kontakt":[{"value":206,"label":"H7"},{"value":336,"label":"H1"},{"value":339,"label":"H3"}],"pa_led-chips-effekt-w":[{"value":694,"label":"60"}],"pa_volt-v":[{"value":348,"label":"12, 24"}]},"featured_image_src_large":["https:\/\/xenonkungen.com\/wp-content\/uploads\/2025\/04\/9589646-origpic-686c6b.png",1000,1000,false],"author_info":[],"comment_info":3,"_links":{"self":[{"href":"https:\/\/xenonkungen.com\/de\/wp-json\/wp\/v2\/product\/3693","targetHints":{"allow":["GET"]}}],"collection":[{"href":"https:\/\/xenonkungen.com\/de\/wp-json\/wp\/v2\/product"}],"about":[{"href":"https:\/\/xenonkungen.com\/de\/wp-json\/wp\/v2\/types\/product"}],"replies":[{"embeddable":true,"href":"https:\/\/xenonkungen.com\/de\/wp-json\/wp\/v2\/comments?post=3693"}],"wp:featuredmedia":[{"embeddable":true,"href":"https:\/\/xenonkungen.com\/de\/wp-json\/wp\/v2\/media\/3694"}],"wp:attachment":[{"href":"https:\/\/xenonkungen.com\/de\/wp-json\/wp\/v2\/media?parent=3693"}],"wp:term":[{"taxonomy":"anvandningsomrade","embeddable":true,"href":"https:\/\/xenonkungen.com\/de\/wp-json\/wp\/v2\/anvandningsomrade?post=3693"},{"taxonomy":"bilmarken","embeddable":true,"href":"https:\/\/xenonkungen.com\/de\/wp-json\/wp\/v2\/bilmarken?post=3693"},{"taxonomy":"product_brand","embeddable":true,"href":"https:\/\/xenonkungen.com\/de\/wp-json\/wp\/v2\/product_brand?post=3693"},{"taxonomy":"product_cat","embeddable":true,"href":"https:\/\/xenonkungen.com\/de\/wp-json\/wp\/v2\/product_cat?post=3693"},{"taxonomy":"product_tag","embeddable":true,"href":"https:\/\/xenonkungen.com\/de\/wp-json\/wp\/v2\/product_tag?post=3693"}],"curies":[{"name":"wp","href":"https:\/\/api.w.org\/{rel}","templated":true}]}}