{"id":3777,"date":"2025-04-15T09:02:31","date_gmt":"2025-04-15T09:02:31","guid":{"rendered":"https:\/\/xenonkungen.com\/product\/nightshift-blixtljus-diskret-h32mm\/"},"modified":"2026-05-04T10:51:06","modified_gmt":"2026-05-04T09:51:06","slug":"luxtar-taschenlampe-diskret-h-32-mm","status":"publish","type":"product","link":"https:\/\/xenonkungen.com\/de\/produkt\/luxtar-taschenlampe-diskret-h-32-mm\/","title":{"rendered":"Luxtar Taschenlampe, diskret | H 32 mm"},"content":{"rendered":"<div class=\"container\">\n<h1>Luxtar Diskrete Blitzleuchte mit 36 Blitzmustern<\/h1>\n<p>Diese unauff\u00e4llige Luxtar-Blitzleuchte ist die optimale L\u00f6sung f\u00fcr Anwender, die ein leistungsstarkes und gleichzeitig diskretes Warnsignal ben\u00f6tigen. Mit 36 w\u00e4hlbaren Blitzlichtmustern bietet sie eine individuell anpassbare L\u00f6sung, um den gew\u00fcnschten Effekt zu erzielen \u2013 egal ob f\u00fcr Rettungskr\u00e4fte, Einsatzfahrzeuge oder andere Spezialausr\u00fcstung.<\/p>\n<div class=\"features\">\n<h2>Wesentliche Merkmale:<\/h2>\n<ul>\n<li>36 ausw\u00e4hlbare Blitzmuster f\u00fcr den individuellen Einsatz und die gew\u00fcnschte Signalwirkung.<\/li>\n<li>Hergestellt aus Polycarbonat f\u00fcr maximale Haltbarkeit und Korrosionsbest\u00e4ndigkeit, auch bei direkter Montage auf Metalloberfl\u00e4chen.<\/li>\n<li>Die Kabeleinf\u00fchrung erfolgt direkt nach hinten, um den Kabelbaum vor \u00e4u\u00dferen Einfl\u00fcssen wie Wetter, Wind und physischen Hindernissen zu verbergen und zu sichern.<\/li>\n<\/ul>\n<\/div>\n<p>Mit ihrer robusten Konstruktion und der gro\u00dfen Auswahl an Blinkmustern ist die Nightshift\u00ae-Blitzleuchte eine zuverl\u00e4ssige und langlebige Investition f\u00fcr alle, die unter allen Bedingungen eine zuverl\u00e4ssige und anpassungsf\u00e4hige Warnsignalisierung ben\u00f6tigen.<\/p>\n<\/div>\n<p><strong>Volt:<\/strong> 10-30V<br \/>\n<strong>Farbe:<\/strong> Amber<br \/>\n<strong>Gr\u00f6\u00dfe:<\/strong> LBH 60x 45x 32mm<br \/>\n<strong>IP-Klasse:<\/strong> IP67<br \/>\n<strong>Zertifikat:<\/strong> SAEH595, ECE R10, ECE R65<\/p>\n<p><strong>Schaltplan:<\/strong><br \/>\nRot - Plus<br \/>\nSchwarz - Erde\/Minus<br \/>\nGelb &amp; Grau - gebr\u00fcckt, Kontakt dazwischen schalten, um das Blitzmuster zu \u00e4ndern. gefederter Knopf wird empfohlen.<\/p>\n<p><strong>B\u00fcrgschaft:<\/strong> 2 Jahre<\/p>","protected":false},"excerpt":{"rendered":"<p>Niedrig montierte Blinkleuchte, die perfekt auf den Lkw oder das Servicefahrzeug passt.<\/p>","protected":false},"featured_media":3778,"comment_status":"closed","ping_status":"closed","template":"","meta":{"_acf_changed":false,"_smort_price_nok":"363","_smort_price_dkk":"231","_smort_price_eur":"30.91","_smort_sale_price_nok":"","_smort_sale_price_dkk":"","_smort_sale_price_eur":"","smort_restorder":"","shipmondo_restorder":"","_kad_blocks_custom_css":"","_kad_blocks_head_custom_js":"","_kad_blocks_body_custom_js":"","_kad_blocks_footer_custom_js":"","smort_custom_pricelist_1":"217.6","smort_custom_pricelist_2":"190.4","smort_custom_pricelist_3":"180.88","smort_custom_pricelist_4":"272","smort_custom_pricelist_5":"190.4"},"anvandningsomrade":[],"bilmarken":[],"product_brand":[103],"product_cat":[3040,2553,1061],"product_tag":[],"class_list":{"0":"post-3777","1":"product","2":"type-product","3":"status-publish","4":"has-post-thumbnail","6":"product_brand-luxtar","7":"product_cat-hideaway-blixtljus","8":"product_cat-blixtljus-riktat-varningsljus","9":"product_cat-varningsljus","10":"pa_fuktskydd-varde-ipxx-ip67","11":"pa_godkannande-saeh595-ece-r10-ece-r65","12":"pa_storlek-mm-1235","14":"first","15":"instock","16":"taxable","17":"shipping-taxable","18":"purchasable","19":"product-type-simple"},"bundled_by":[],"bundle_stock_status":"instock","bundle_stock_quantity":8,"bundle_virtual":false,"bundle_layout":"","bundle_add_to_cart_form_location":"","bundle_editable_in_cart":false,"bundle_sold_individually_context":"","bundle_item_grouping":"","bundle_min_size":"","bundle_max_size":"","bundle_price":[],"bundled_items":[],"bundle_sell_ids":[],"acf":[],"yoast_head":"<!-- This site is optimized with the Yoast SEO plugin v27.0 - https:\/\/yoast.com\/product\/yoast-seo-wordpress\/ -->\n<title>Luxtar Blixtljus Diskret | H32mm - Xenonkungen<\/title>\n<meta name=\"robots\" content=\"index, follow, max-snippet:-1, max-image-preview:large, max-video-preview:-1\" \/>\n<link rel=\"canonical\" href=\"https:\/\/xenonkungen.com\/de\/produkt\/luxtar-taschenlampe-diskret-h-32-mm\/\" \/>\n<meta property=\"og:locale\" content=\"de_DE\" \/>\n<meta property=\"og:type\" content=\"article\" \/>\n<meta property=\"og:title\" content=\"Luxtar Blixtljus Diskret | H32mm - Xenonkungen\" \/>\n<meta property=\"og:description\" content=\"L\u00e5gmonterat blixtljus som passar perfekt p\u00e5 lastbilen eller servicebil.\" \/>\n<meta property=\"og:url\" content=\"https:\/\/xenonkungen.com\/de\/produkt\/luxtar-taschenlampe-diskret-h-32-mm\/\" \/>\n<meta property=\"og:site_name\" content=\"Xenonkungen\" \/>\n<meta property=\"article:modified_time\" content=\"2026-05-04T09:51:06+00:00\" \/>\n<meta property=\"og:image\" content=\"https:\/\/xenonkungen.com\/wp-content\/uploads\/2025\/04\/167766381-origpic-0772e0.png\" \/>\n\t<meta property=\"og:image:width\" content=\"1000\" \/>\n\t<meta property=\"og:image:height\" content=\"1000\" \/>\n\t<meta property=\"og:image:type\" content=\"image\/png\" \/>\n<meta name=\"twitter:card\" content=\"summary_large_image\" \/>\n<meta name=\"twitter:label1\" content=\"Gesch\u00e4tzte Lesezeit\" \/>\n\t<meta name=\"twitter:data1\" content=\"2\u00a0Minuten\" \/>\n<script type=\"application\/ld+json\" class=\"yoast-schema-graph\">{\"@context\":\"https:\/\/schema.org\",\"@graph\":[{\"@type\":\"WebPage\",\"@id\":\"https:\/\/xenonkungen.com\/produkt\/luxtar-blixtljus-diskret-h32mm\/\",\"url\":\"https:\/\/xenonkungen.com\/produkt\/luxtar-blixtljus-diskret-h32mm\/\",\"name\":\"Luxtar Blixtljus Diskret | H32mm - Xenonkungen\",\"isPartOf\":{\"@id\":\"https:\/\/xenonkungen.com\/#website\"},\"primaryImageOfPage\":{\"@id\":\"https:\/\/xenonkungen.com\/produkt\/luxtar-blixtljus-diskret-h32mm\/#primaryimage\"},\"image\":{\"@id\":\"https:\/\/xenonkungen.com\/produkt\/luxtar-blixtljus-diskret-h32mm\/#primaryimage\"},\"thumbnailUrl\":\"https:\/\/xenonkungen.com\/wp-content\/uploads\/2025\/04\/167766381-origpic-0772e0.png\",\"datePublished\":\"2025-04-15T09:02:31+00:00\",\"dateModified\":\"2026-05-04T09:51:06+00:00\",\"breadcrumb\":{\"@id\":\"https:\/\/xenonkungen.com\/produkt\/luxtar-blixtljus-diskret-h32mm\/#breadcrumb\"},\"inLanguage\":\"de\",\"potentialAction\":[{\"@type\":\"ReadAction\",\"target\":[\"https:\/\/xenonkungen.com\/produkt\/luxtar-blixtljus-diskret-h32mm\/\"]}]},{\"@type\":\"ImageObject\",\"inLanguage\":\"de\",\"@id\":\"https:\/\/xenonkungen.com\/produkt\/luxtar-blixtljus-diskret-h32mm\/#primaryimage\",\"url\":\"https:\/\/xenonkungen.com\/wp-content\/uploads\/2025\/04\/167766381-origpic-0772e0.png\",\"contentUrl\":\"https:\/\/xenonkungen.com\/wp-content\/uploads\/2025\/04\/167766381-origpic-0772e0.png\",\"width\":1000,\"height\":1000},{\"@type\":\"BreadcrumbList\",\"@id\":\"https:\/\/xenonkungen.com\/produkt\/luxtar-blixtljus-diskret-h32mm\/#breadcrumb\",\"itemListElement\":[{\"@type\":\"ListItem\",\"position\":1,\"name\":\"Hem\",\"item\":\"https:\/\/xenonkungen.com\/\"},{\"@type\":\"ListItem\",\"position\":2,\"name\":\"Shop\",\"item\":\"https:\/\/xenonkungen.com\/shop\/\"},{\"@type\":\"ListItem\",\"position\":3,\"name\":\"Luxtar Blixtljus Diskret | H32mm\"}]},{\"@type\":\"WebSite\",\"@id\":\"https:\/\/xenonkungen.com\/#website\",\"url\":\"https:\/\/xenonkungen.com\/\",\"name\":\"Xenonkungen\",\"description\":\"\",\"potentialAction\":[{\"@type\":\"SearchAction\",\"target\":{\"@type\":\"EntryPoint\",\"urlTemplate\":\"https:\/\/xenonkungen.com\/?s={search_term_string}\"},\"query-input\":{\"@type\":\"PropertyValueSpecification\",\"valueRequired\":true,\"valueName\":\"search_term_string\"}}],\"inLanguage\":\"de\"}]}<\/script>\n<!-- \/ Yoast SEO plugin. -->","yoast_head_json":{"title":"Luxtar Flash Light Discreet | H32mm - Xenonkungen","robots":{"index":"index","follow":"follow","max-snippet":"max-snippet:-1","max-image-preview":"max-image-preview:large","max-video-preview":"max-video-preview:-1"},"canonical":"https:\/\/xenonkungen.com\/de\/produkt\/luxtar-taschenlampe-diskret-h-32-mm\/","og_locale":"de_DE","og_type":"article","og_title":"Luxtar Blixtljus Diskret | H32mm - Xenonkungen","og_description":"L\u00e5gmonterat blixtljus som passar perfekt p\u00e5 lastbilen eller servicebil.","og_url":"https:\/\/xenonkungen.com\/de\/produkt\/luxtar-taschenlampe-diskret-h-32-mm\/","og_site_name":"Xenonkungen","article_modified_time":"2026-05-04T09:51:06+00:00","og_image":[{"width":1000,"height":1000,"url":"https:\/\/xenonkungen.com\/wp-content\/uploads\/2025\/04\/167766381-origpic-0772e0.png","type":"image\/png"}],"twitter_card":"summary_large_image","twitter_misc":{"Gesch\u00e4tzte Lesezeit":"2\u00a0Minuten"},"schema":{"@context":"https:\/\/schema.org","@graph":[{"@type":"WebPage","@id":"https:\/\/xenonkungen.com\/produkt\/luxtar-blixtljus-diskret-h32mm\/","url":"https:\/\/xenonkungen.com\/produkt\/luxtar-blixtljus-diskret-h32mm\/","name":"Luxtar Flash Light Discreet | H32mm - Xenonkungen","isPartOf":{"@id":"https:\/\/xenonkungen.com\/#website"},"primaryImageOfPage":{"@id":"https:\/\/xenonkungen.com\/produkt\/luxtar-blixtljus-diskret-h32mm\/#primaryimage"},"image":{"@id":"https:\/\/xenonkungen.com\/produkt\/luxtar-blixtljus-diskret-h32mm\/#primaryimage"},"thumbnailUrl":"https:\/\/xenonkungen.com\/wp-content\/uploads\/2025\/04\/167766381-origpic-0772e0.png","datePublished":"2025-04-15T09:02:31+00:00","dateModified":"2026-05-04T09:51:06+00:00","breadcrumb":{"@id":"https:\/\/xenonkungen.com\/produkt\/luxtar-blixtljus-diskret-h32mm\/#breadcrumb"},"inLanguage":"de","potentialAction":[{"@type":"ReadAction","target":["https:\/\/xenonkungen.com\/produkt\/luxtar-blixtljus-diskret-h32mm\/"]}]},{"@type":"ImageObject","inLanguage":"de","@id":"https:\/\/xenonkungen.com\/produkt\/luxtar-blixtljus-diskret-h32mm\/#primaryimage","url":"https:\/\/xenonkungen.com\/wp-content\/uploads\/2025\/04\/167766381-origpic-0772e0.png","contentUrl":"https:\/\/xenonkungen.com\/wp-content\/uploads\/2025\/04\/167766381-origpic-0772e0.png","width":1000,"height":1000},{"@type":"BreadcrumbList","@id":"https:\/\/xenonkungen.com\/produkt\/luxtar-blixtljus-diskret-h32mm\/#breadcrumb","itemListElement":[{"@type":"ListItem","position":1,"name":"Hem","item":"https:\/\/xenonkungen.com\/"},{"@type":"ListItem","position":2,"name":"Shop","item":"https:\/\/xenonkungen.com\/shop\/"},{"@type":"ListItem","position":3,"name":"Luxtar Blixtljus Diskret | H32mm"}]},{"@type":"WebSite","@id":"https:\/\/xenonkungen.com\/#website","url":"https:\/\/xenonkungen.com\/","name":"Xenonkungen","description":"","potentialAction":[{"@type":"SearchAction","target":{"@type":"EntryPoint","urlTemplate":"https:\/\/xenonkungen.com\/?s={search_term_string}"},"query-input":{"@type":"PropertyValueSpecification","valueRequired":true,"valueName":"search_term_string"}}],"inLanguage":"de"}]}},"taxonomy_info":{"product_brand":[{"value":103,"label":"LUXTAR"}],"product_cat":[{"value":3040,"label":"HIDEAWAY"},{"value":2553,"label":"Blixtljus - Riktat varningsljus"},{"value":1061,"label":"Varningsljus"}],"pa_fuktskydd-varde-ipxx":[{"value":333,"label":"IP67"}],"pa_godkannande":[{"value":1234,"label":"SAEH595, ECE R10, ECE R65"}],"pa_storlek-mm":[{"value":1235,"label":"60"}]},"featured_image_src_large":["https:\/\/xenonkungen.com\/wp-content\/uploads\/2025\/04\/167766381-origpic-0772e0.png",1000,1000,false],"author_info":[],"comment_info":0,"_links":{"self":[{"href":"https:\/\/xenonkungen.com\/de\/wp-json\/wp\/v2\/product\/3777","targetHints":{"allow":["GET"]}}],"collection":[{"href":"https:\/\/xenonkungen.com\/de\/wp-json\/wp\/v2\/product"}],"about":[{"href":"https:\/\/xenonkungen.com\/de\/wp-json\/wp\/v2\/types\/product"}],"replies":[{"embeddable":true,"href":"https:\/\/xenonkungen.com\/de\/wp-json\/wp\/v2\/comments?post=3777"}],"wp:featuredmedia":[{"embeddable":true,"href":"https:\/\/xenonkungen.com\/de\/wp-json\/wp\/v2\/media\/3778"}],"wp:attachment":[{"href":"https:\/\/xenonkungen.com\/de\/wp-json\/wp\/v2\/media?parent=3777"}],"wp:term":[{"taxonomy":"anvandningsomrade","embeddable":true,"href":"https:\/\/xenonkungen.com\/de\/wp-json\/wp\/v2\/anvandningsomrade?post=3777"},{"taxonomy":"bilmarken","embeddable":true,"href":"https:\/\/xenonkungen.com\/de\/wp-json\/wp\/v2\/bilmarken?post=3777"},{"taxonomy":"product_brand","embeddable":true,"href":"https:\/\/xenonkungen.com\/de\/wp-json\/wp\/v2\/product_brand?post=3777"},{"taxonomy":"product_cat","embeddable":true,"href":"https:\/\/xenonkungen.com\/de\/wp-json\/wp\/v2\/product_cat?post=3777"},{"taxonomy":"product_tag","embeddable":true,"href":"https:\/\/xenonkungen.com\/de\/wp-json\/wp\/v2\/product_tag?post=3777"}],"curies":[{"name":"wp","href":"https:\/\/api.w.org\/{rel}","templated":true}]}}